{"id":32885,"date":"2026-03-03T13:04:01","date_gmt":"2026-03-03T13:04:01","guid":{"rendered":"https:\/\/amannforg.com\/?post_type=product&#038;p=32885"},"modified":"2026-03-07T16:29:11","modified_gmt":"2026-03-07T16:29:11","slug":"asus-rog-crosshair-x870e-hero-atx-mainboard-sockel-am5-hdmi-wifi-usb4","status":"publish","type":"product","link":"https:\/\/amannforg.com\/fr\/produit\/asus-rog-crosshair-x870e-hero-atx-mainboard-sockel-am5-hdmi-wifi-usb4\/","title":{"rendered":"ASUS ROG CROSSHAIR X870E HERO ATX Mainboard Sockel AM5 HDMI\/WIFI\/USB4"},"content":{"rendered":"<p><span class=\"bold\">ASUS ROG CROSSHAIR X870E HERO ATX Mainboard Sockel AM5 HDMI\/WIFI\/USB4<\/span>Das AI PC-f\u00e4hige ROG Crosshair X870E Hero bietet unnachgiebige Stromversorgung, robustes W\u00e4rmemanagement, Hyperspeed-Konnektivit\u00e4t, umfassende PCIE 5.0- und DDR5-Unterst\u00fctzung, um die Leistung der AMD Ryzen\u2122 9000 Series-Prozessoren zu entfesseln. Auf diesem Motherboard dominieren dunkle Farbt\u00f6ne und lenken Ihre Aufmerksamkeit auf hochwertige metallische Texturen, vernickelte Oberfl\u00e4chen, schlanke Konturen und einen stereoskopischen visuellen Effekt auf dem gro\u00dfen M.2- und Chipsatz-K\u00fchlk\u00f6rper. Dieses Board verf\u00fcgt au\u00dferdem \u00fcber den Polymo Lighting II-Effekt. Dieses verbesserte, in die E\/A-Abdeckung integrierte Beleuchtungsmodul bietet eine dynamischere RGB-Beleuchtung f\u00fcr das charakteristische ROG-Logo.AI NETWORKING IIAI Networking II kombiniert intelligente Technologien, um die Netzwerkleistung kontinuierlich zu optimieren, zuverl\u00e4ssige und nahtlose Konnektivit\u00e4t bereitzustellen und die volle Geschwindigkeit von WiFi 7* freizusetzen.<i>*Funktionen k\u00f6nnen je nach Modell variieren.<\/i>AI-\u00dcBERTAKTUNGDas Tuning ist jetzt schneller und intelligenter als je zuvor.AI COOLING IIGleichgewichten Sie die W\u00e4rme- und Akustikwerte jedes Builds mit nur einem Klick.Dynamic OC SwitcherDynamic OC Switcher maximiert die CPU-Leistung, indem Sie Strom- und Temperaturschwellenwerte festlegen k\u00f6nnen, um automatisch zwischen einem manuellen Overlock f\u00fcr schwere Multithread-Arbeitslasten und Precision Boost Overdrive f\u00fcr Singlethread-Aufgaben zu wechseln. Der neueste Overclocking Load Guard verf\u00fcgt \u00fcber einen verbesserten Momentstromschutzmechanismus, um zu verhindern, dass Benutzer beim \u00dcbertakten Systemabst\u00fcrze erleben.Core FlexCore Flex erm\u00f6glicht es Ihnen, Grenzen weiter zu \u00fcberschreiten als je zuvor, indem Sie Takt, Leistung und Temperatur auf kreative neue Weise steuern k\u00f6nnen.Asynchroner TaktF\u00fcr ein neues Level an Frequenzflexibilit\u00e4t verf\u00fcgt das ROG Crosshair X870E Hero \u00fcber einen integrierten Taktgenerator, der den CPU-Basistakt vom Speicher, PCIe und der Infinity Fabric-Geschwindigkeit isoliert.PBO-VerbesserungAMD Precision Boost Overdrive (PBO) erh\u00f6ht den CPU-Strom- und Spannungshaushalt, um die Leistung opportunistisch zu steigern.DDR5-DominanzDank verbesserter Signalf\u00fchrung k\u00f6nnen Kits f\u00fcr Enthusiasten jetzt weit \u00fcber die 8-GT\/s-Marke des ROG Crosshair X870E Hero* hinausgetrieben werden. *Die Speicher\u00fcbertaktung kann je nach CPU-Serie unterschiedlich sein. Detaillierte Informationen finden Sie in der Spezifikationstabelle.AEMPASUS Enhanced Memory Profile (AEMP) ist eine exklusive Firmware-Funktion f\u00fcr PMIC-beschr\u00e4nkte Speichermodule.BIOS Q-DashboardVereinfachen Sie Ihre Motherboard-Konfiguration mit BIOS Q-Dashboard. Die intuitive visuelle Darstellung von Hardwareverbindungen und entsprechenden BIOS-Einstellungen vereinfacht die Einrichtung Ihres Systems. Aktualisieren Sie jetzt und entdecken Sie die Leistungsf\u00e4higkeit von BIOS Q-Dashboard, um Ihr Computer-Setup einfach und effizient zu verbessern.Bringen Sie Ihre Gaming-Welt zum LeuchtenMit Aura Sync Verbessern Sie Ihr Spiel mit der erg\u00e4nzenden, verbesserten \u00c4sthetik von Aura Sync mit voreingestellten Lichteffekten, die problemlos \u00fcber kompatible ROG-Grafikkarten, Monitore, Tastaturen und M\u00e4use hinweg synchronisiert werden k\u00f6nnen, um Ihrem Setup ein einheitliches Aussehen zu verleihen.Entickeln Sie den Fortschrittlichsten PC f\u00fcr Gaming und EntwicklungWenn nur das Schnellste gut genug ist, sind ROG X870E\/X870-Motherboards genau das Richtige. Mit integriertem USB 4.0 sowie robusten \u00dcbertaktungsfunktionen\u00b9, schnellerer Dual-Channel-DDR5-Speicherunterst\u00fctzung, AMD EXPO\u2122-Technologie und PCIe\u00ae 5.0-Unterst\u00fctzung f\u00fcr Grafik und NVMe k\u00f6nnen Sie die anspruchsvollsten Spiele spielen und Ihre gr\u00f6\u00dften Projekte mit der revolution\u00e4ren Leistung eines ROG X870E\/X870-Motherboards und AMD Ryzen\u2122 9000-, 8000- und 7000-Prozessoren umsetzen.<i>1. Das \u00dcbertakten und\/oder Untervolten von AMD-Prozessoren und -Speicher, einschlie\u00dflich, aber nicht beschr\u00e4nkt auf das \u00c4ndern von Taktfrequenzen\/Multiplikatoren oder Speichertaktung\/-spannung, um au\u00dferhalb der von AMD ver\u00f6ffentlichten Spezifikationen zu arbeiten, f\u00fchrt zum Erl\u00f6schen jeglicher anwendbarer AMD-Produktgarantie, selbst wenn dies \u00fcber AMD-Hardware und\/oder -Software aktiviert wird. Dies kann auch zum Erl\u00f6schen von Garantien f\u00fchren, die vom Systemhersteller oder -h\u00e4ndler angeboten werden. Benutzer \u00fcbernehmen alle Risiken und Haftungen, die durch das \u00dcbertakten und\/oder Untervolten von AMD-Prozessoren entstehen k\u00f6nnen, einschlie\u00dflich, aber nicht beschr\u00e4nkt auf Ausfall oder Besch\u00e4digung der Hardware, verringerte Systemleistung und\/oder Datenverlust, -besch\u00e4digung oder -anf\u00e4lligkeit. GD-106.<\/i><i>\u00a9 2024 Advanced Micro Devices, Inc. Alle Rechte vorbehalten. AMD, das AMD-Pfeillogo, Radeon, Ryzen und Kombinationen davon sind Marken von Advanced Micro Devices, Inc. Andere in dieser Ver\u00f6ffentlichung verwendete Produktnamen dienen nur zu Identifikationszwecken und k\u00f6nnen Marken ihrer jeweiligen Eigent\u00fcmer sein.<\/i>  <\/p>\n<li class=\"mb-m\">\n<div class=\"flex flex-col m:flex-row gap-s m:gap-xl\">\n<div class=\"text-h3 min-w-[244px] max-w-[244px]\">CPU-Sockel<\/div>\n<div class=\"flex flex-col gap-s\"><span class=\"\"><\/p>\n<ul class=\"flex flex-col gap-s\">\n<li class=\"ml-3xs pl-[15px] relative before:absolute before:w-[8px] before:h-[8px] before:bg-dark before:top-[8px] before:left-0 before:rounded-full\">AM5<\/li>\n<\/ul>\n<p><\/span><\/div>\n<\/div>\n<\/li>\n<li class=\"mb-m\">\n<div class=\"flex flex-col m:flex-row gap-s m:gap-xl\">\n<div class=\"text-h3 min-w-[244px] max-w-[244px]\">Audio<\/div>\n<div class=\"flex flex-col gap-s\"><span class=\"\"><\/p>\n<ul class=\"flex flex-col gap-s\">\n<li class=\"ml-3xs pl-[15px] relative before:absolute before:w-[8px] before:h-[8px] before:bg-dark before:top-[8px] before:left-0 before:rounded-full\">Audio-Chipsatz: Realtek ALC4082<\/li>\n<li class=\"ml-3xs pl-[15px] relative before:absolute before:w-[8px] before:h-[8px] before:bg-dark before:top-[8px] before:left-0 before:rounded-full\">Kan\u00e4le: 7.1 St<\/li>\n<\/ul>\n<p><\/span><\/div>\n<\/div>\n<\/li>\n<li class=\"mb-m\">\n<div class=\"flex flex-col m:flex-row gap-s m:gap-xl\">\n<div class=\"text-h3 min-w-[244px] max-w-[244px]\">Speicher<\/div>\n<div class=\"flex flex-col gap-s\"><span class=\"\"><\/p>\n<ul class=\"flex flex-col gap-s\">\n<li class=\"ml-3xs pl-[15px] relative before:absolute before:w-[8px] before:h-[8px] before:bg-dark before:top-[8px] before:left-0 before:rounded-full\">Speicherbauart: 288-pin<\/li>\n<li class=\"ml-3xs pl-[15px] relative before:absolute before:w-[8px] before:h-[8px] before:bg-dark before:top-[8px] before:left-0 before:rounded-full\">Anzahl M.2: 3 St<\/li>\n<li class=\"ml-3xs pl-[15px] relative before:absolute before:w-[8px] before:h-[8px] before:bg-dark before:top-[8px] before:left-0 before:rounded-full\">Speicherkan\u00e4le: Dual Channel<\/li>\n<\/ul>\n<p><\/span><\/div>\n<\/div>\n<\/li>\n<li class=\"mb-m\">\n<div class=\"flex flex-col m:flex-row gap-s m:gap-xl\">\n<div class=\"text-h3 min-w-[244px] max-w-[244px]\">Netzwerk<\/div>\n<div class=\"flex flex-col gap-s\"><span class=\"\"><\/p>\n<ul class=\"flex flex-col gap-s\">\n<li class=\"ml-3xs pl-[15px] relative before:absolute before:w-[8px] before:h-[8px] before:bg-dark before:top-[8px] before:left-0 before:rounded-full\">Anzahl 2.5 GB LAN Ports (2.5 Gbit\/s): 1 St<\/li>\n<li class=\"ml-3xs pl-[15px] relative before:absolute before:w-[8px] before:h-[8px] before:bg-dark before:top-[8px] before:left-0 before:rounded-full\">Anzahl 5 GB LAN Ports (5 Gbit\/s): 1 St<\/li>\n<\/ul>\n<p><\/span><\/div>\n<\/div>\n<\/li>\n<li class=\"mb-m\">\n<div class=\"flex flex-col m:flex-row gap-s m:gap-xl\">\n<div class=\"text-h3 min-w-[244px] max-w-[244px]\">Einsatzbereich<\/div>\n<div class=\"flex flex-col gap-s\"><span class=\"\"><\/p>\n<ul class=\"flex flex-col gap-s\">\n<li class=\"ml-3xs pl-[15px] relative before:absolute before:w-[8px] before:h-[8px] before:bg-dark before:top-[8px] before:left-0 before:rounded-full\">Anwenderklasse: Oberklasse<\/li>\n<li class=\"ml-3xs pl-[15px] relative before:absolute before:w-[8px] before:h-[8px] before:bg-dark before:top-[8px] before:left-0 before:rounded-full\">Einsatzgebiet: Gaming<\/li>\n<\/ul>\n<p><\/span><\/div>\n<\/div>\n<\/li>\n<li class=\"mb-m\">\n<div class=\"flex flex-col m:flex-row gap-s m:gap-xl\">\n<div class=\"text-h3 min-w-[244px] max-w-[244px]\">externe Anschl\u00fcsse<\/div>\n<div class=\"flex flex-col gap-s\"><span class=\"\"><\/p>\n<ul class=\"flex flex-col gap-s\">\n<li class=\"ml-3xs pl-[15px] relative before:absolute before:w-[8px] before:h-[8px] before:bg-dark before:top-[8px] before:left-0 before:rounded-full\">Anzahl HDMI: 1 St<\/li>\n<li class=\"ml-3xs pl-[15px] relative before:absolute before:w-[8px] before:h-[8px] before:bg-dark before:top-[8px] before:left-0 before:rounded-full\">HDMI-Standard: HDMI 2.1<\/li>\n<li class=\"ml-3xs pl-[15px] relative before:absolute before:w-[8px] before:h-[8px] before:bg-dark before:top-[8px] before:left-0 before:rounded-full\">Anzahl USB 2.0: 4 St<\/li>\n<li class=\"ml-3xs pl-[15px] relative before:absolute before:w-[8px] before:h-[8px] before:bg-dark before:top-[8px] before:left-0 before:rounded-full\">Anzahl USB 3.2: 10 St<\/li>\n<li class=\"ml-3xs pl-[15px] relative before:absolute before:w-[8px] before:h-[8px] before:bg-dark before:top-[8px] before:left-0 before:rounded-full\">Anzahl USB 4.0: 2 St<\/li>\n<li class=\"ml-3xs pl-[15px] relative before:absolute before:w-[8px] before:h-[8px] before:bg-dark before:top-[8px] before:left-0 before:rounded-full\">Anzahl USB-C: 4 St<\/li>\n<li class=\"ml-3xs pl-[15px] relative before:absolute before:w-[8px] before:h-[8px] before:bg-dark before:top-[8px] before:left-0 before:rounded-full\">Audio-Ausg\u00e4nge: Audio Out<\/li>\n<li class=\"ml-3xs pl-[15px] relative before:absolute before:w-[8px] before:h-[8px] before:bg-dark before:top-[8px] before:left-0 before:rounded-full\">ext. Anschl\u00fcsse: <\/li>\n<div class=\"itemizedlist\">\n<ul class=\"flex flex-col gap-s\">\n<li class=\"ml-3xs pl-[15px] relative before:absolute before:w-[8px] before:h-[8px] before:bg-dark before:top-[8px] before:left-0 before:rounded-full\">LAN<\/li>\n<li class=\"ml-3xs pl-[15px] relative before:absolute before:w-[8px] before:h-[8px] before:bg-dark before:top-[8px] before:left-0 before:rounded-full\">DisplayPort \u00fcber Type C<\/li>\n<li class=\"ml-3xs pl-[15px] relative before:absolute before:w-[8px] before:h-[8px] before:bg-dark before:top-[8px] before:left-0 before:rounded-full\">Audioanschl\u00fcsse<\/li>\n<\/ul>\n<\/div>\n<\/ul>\n<p><\/span><\/div>\n<\/div>\n<\/li>\n<li class=\"mb-m\">\n<div class=\"flex flex-col m:flex-row gap-s m:gap-xl\">\n<div class=\"text-h3 min-w-[244px] max-w-[244px]\">interne Anschl\u00fcsse<\/div>\n<div class=\"flex flex-col gap-s\"><span class=\"\"><\/p>\n<ul class=\"flex flex-col gap-s\">\n<li class=\"ml-3xs pl-[15px] relative before:absolute before:w-[8px] before:h-[8px] before:bg-dark before:top-[8px] before:left-0 before:rounded-full\">int. Anschl\u00fcsse: SATA600<\/li>\n<li class=\"ml-3xs pl-[15px] relative before:absolute before:w-[8px] before:h-[8px] before:bg-dark before:top-[8px] before:left-0 before:rounded-full\">PCIe Steckpl\u00e4tze: <\/li>\n<div class=\"itemizedlist\">\n<ul class=\"flex flex-col gap-s\">\n<li class=\"ml-3xs pl-[15px] relative before:absolute before:w-[8px] before:h-[8px] before:bg-dark before:top-[8px] before:left-0 before:rounded-full\">PCIe 5.0<\/li>\n<li class=\"ml-3xs pl-[15px] relative before:absolute before:w-[8px] before:h-[8px] before:bg-dark before:top-[8px] before:left-0 before:rounded-full\">PCIe 4.0<\/li>\n<\/ul>\n<\/div>\n<li class=\"ml-3xs pl-[15px] relative before:absolute before:w-[8px] before:h-[8px] before:bg-dark before:top-[8px] before:left-0 before:rounded-full\">Anzahl PCIe 16x: 2 St<\/li>\n<li class=\"ml-3xs pl-[15px] relative before:absolute before:w-[8px] before:h-[8px] before:bg-dark before:top-[8px] before:left-0 before:rounded-full\">Anzahl SATA600: 4 St<\/li>\n<li class=\"ml-3xs pl-[15px] relative before:absolute before:w-[8px] before:h-[8px] before:bg-dark before:top-[8px] before:left-0 before:rounded-full\">Anzahl M.2: 3 St<\/li>\n<\/ul>\n<p><\/span><\/div>\n<\/div>\n<\/li>\n<li class=\"mb-m\">\n<div class=\"flex flex-col m:flex-row gap-s m:gap-xl\">\n<div class=\"text-h3 min-w-[244px] max-w-[244px]\">Arbeitsspeicher (RAM)<\/div>\n<div class=\"flex flex-col gap-s\"><span class=\"\"><\/p>\n<ul class=\"flex flex-col gap-s\">\n<li class=\"ml-3xs pl-[15px] relative before:absolute before:w-[8px] before:h-[8px] before:bg-dark before:top-[8px] before:left-0 before:rounded-full\">maximaler Arbeitsspeicher: 192 GB<\/li>\n<li class=\"ml-3xs pl-[15px] relative before:absolute before:w-[8px] before:h-[8px] before:bg-dark before:top-[8px] before:left-0 before:rounded-full\">RAM-Steckpl\u00e4tze gesamt: 4 St<\/li>\n<li class=\"ml-3xs pl-[15px] relative before:absolute before:w-[8px] before:h-[8px] before:bg-dark before:top-[8px] before:left-0 before:rounded-full\">Arbeitsspeicher-Typ: DDR5<\/li>\n<li class=\"ml-3xs pl-[15px] relative before:absolute before:w-[8px] before:h-[8px] before:bg-dark before:top-[8px] before:left-0 before:rounded-full\">Arbeitspeicher-Taktung: 8600 MHz<\/li>\n<\/ul>\n<p><\/span><\/div>\n<\/div>\n<\/li>\n<li class=\"mb-m\">\n<div class=\"flex flex-col m:flex-row gap-s m:gap-xl\">\n<div class=\"text-h3 min-w-[244px] max-w-[244px]\">Herstellergarantie<\/div>\n<div class=\"flex flex-col gap-s\"><span class=\"\"><\/p>\n<ul class=\"flex flex-col gap-s\">\n<li class=\"ml-3xs pl-[15px] relative before:absolute before:w-[8px] before:h-[8px] before:bg-dark before:top-[8px] before:left-0 before:rounded-full\">3 Jahre<\/li>\n<\/ul>\n<p><\/span><\/div>\n<\/div>\n<\/li>\n<li class=\"mb-m\">\n<div class=\"flex flex-col m:flex-row gap-s m:gap-xl\">\n<div class=\"text-h3 min-w-[244px] max-w-[244px]\">Kabellose Konnektivit\u00e4t<\/div>\n<div class=\"flex flex-col gap-s\"><span class=\"\"><\/p>\n<ul class=\"flex flex-col gap-s\">\n<li class=\"ml-3xs pl-[15px] relative before:absolute before:w-[8px] before:h-[8px] before:bg-dark before:top-[8px] before:left-0 before:rounded-full\">Kabellose \u00dcbertragungsm\u00f6glichkeiten: <\/li>\n<div class=\"itemizedlist\">\n<ul class=\"flex flex-col gap-s\">\n<li class=\"ml-3xs pl-[15px] relative before:absolute before:w-[8px] before:h-[8px] before:bg-dark before:top-[8px] before:left-0 before:rounded-full\">Bluetooth<\/li>\n<li class=\"ml-3xs pl-[15px] relative before:absolute before:w-[8px] before:h-[8px] before:bg-dark before:top-[8px] before:left-0 before:rounded-full\">WLAN<\/li>\n<\/ul>\n<\/div>\n<li class=\"ml-3xs pl-[15px] relative before:absolute before:w-[8px] before:h-[8px] before:bg-dark before:top-[8px] before:left-0 before:rounded-full\">WLAN Standard: Wi-Fi 7<\/li>\n<li class=\"ml-3xs pl-[15px] relative before:absolute before:w-[8px] before:h-[8px] before:bg-dark before:top-[8px] before:left-0 before:rounded-full\">WLAN Frequenzband: <\/li>\n<div class=\"itemizedlist\">\n<ul class=\"flex flex-col gap-s\">\n<li class=\"ml-3xs pl-[15px] relative before:absolute before:w-[8px] before:h-[8px] before:bg-dark before:top-[8px] before:left-0 before:rounded-full\">2,4 GHz<\/li>\n<li class=\"ml-3xs pl-[15px] relative before:absolute before:w-[8px] before:h-[8px] before:bg-dark before:top-[8px] before:left-0 before:rounded-full\">5 GHz<\/li>\n<li class=\"ml-3xs pl-[15px] relative before:absolute before:w-[8px] before:h-[8px] before:bg-dark before:top-[8px] before:left-0 before:rounded-full\">6 GHz<\/li>\n<\/ul>\n<\/div>\n<\/ul>\n<p><\/span><\/div>\n<\/div>\n<\/li>\n<li class=\"mb-m\">\n<div class=\"flex flex-col m:flex-row gap-s m:gap-xl\">\n<div class=\"text-h3 min-w-[244px] max-w-[244px]\">Technische Eigenschaften<\/div>\n<div class=\"flex flex-col gap-s\"><span class=\"\"><\/p>\n<ul class=\"flex flex-col gap-s\">\n<li class=\"ml-3xs pl-[15px] relative before:absolute before:w-[8px] before:h-[8px] before:bg-dark before:top-[8px] before:left-0 before:rounded-full\">sonstige Eigenschaften: <\/li>\n<div class=\"itemizedlist\">\n<ul class=\"flex flex-col gap-s\">\n<li class=\"ml-3xs pl-[15px] relative before:absolute before:w-[8px] before:h-[8px] before:bg-dark before:top-[8px] before:left-0 before:rounded-full\">AMD RYZEN 7000 Serie<\/li>\n<li class=\"ml-3xs pl-[15px] relative before:absolute before:w-[8px] before:h-[8px] before:bg-dark before:top-[8px] before:left-0 before:rounded-full\">AMD RYZEN 8000 Serie<\/li>\n<li class=\"ml-3xs pl-[15px] relative before:absolute before:w-[8px] before:h-[8px] before:bg-dark before:top-[8px] before:left-0 before:rounded-full\">AMD RYZEN 9000 Serie<\/li>\n<\/ul>\n<\/div>\n<li class=\"ml-3xs pl-[15px] relative before:absolute before:w-[8px] before:h-[8px] before:bg-dark before:top-[8px] before:left-0 before:rounded-full\">Chipsatz: AMD X870E<\/li>\n<li class=\"ml-3xs pl-[15px] relative before:absolute before:w-[8px] before:h-[8px] before:bg-dark before:top-[8px] before:left-0 before:rounded-full\">Formfaktor: ATX<\/li>\n<li class=\"ml-3xs pl-[15px] relative before:absolute before:w-[8px] before:h-[8px] before:bg-dark before:top-[8px] before:left-0 before:rounded-full\">RAID Level: RAID (0\/1\/5\/10)<\/li>\n<\/ul>\n<p><\/span><\/div>\n<\/div>\n<\/li>\n","protected":false},"excerpt":{"rendered":"<li class=\"bullet-list-item\">ATX Mainboard, Sockel AM5, AMD RYZEN 7000 Serie-AMD RYZEN 8000 Serie-AMD RYZEN 9000 Serie<\/li>\n<li class=\"bullet-list-item\">AMD X870E Chipsatz<\/li>\n<li class=\"bullet-list-item\">192 GB max. RAM, DDR5, bis zu 8600 MHz, 4 Steckpl\u00e4tze<\/li>\n<li class=\"bullet-list-item\">1x HDMI, 2x USB 4.0, 10x USB 3.2 <\/li>\n<li class=\"bullet-list-item\">4x SATA600, 3x M.2 <\/li>\n<p> Herstellernummer 90MB1IE0-M0EAY0<\/p>","protected":false},"featured_media":45091,"comment_status":"open","ping_status":"closed","template":"","meta":{"_monsterinsights_skip_tracking":false,"_monsterinsights_sitenote_active":false,"_monsterinsights_sitenote_note":"","_monsterinsights_sitenote_category":0,"_uf_show_specific_survey":0,"_uf_disable_surveys":false},"product_brand":[],"product_cat":[476],"product_tag":[],"models":[],"years":[],"class_list":{"0":"post-32885","1":"product","2":"type-product","3":"status-publish","4":"has-post-thumbnail","6":"product_cat-gaming-komponenten","8":"first","9":"instock","10":"sale","11":"shipping-taxable","12":"purchasable","13":"product-type-simple"},"aioseo_notices":[],"acf":[],"_links":{"self":[{"href":"https:\/\/amannforg.com\/fr\/wp-json\/wp\/v2\/product\/32885","targetHints":{"allow":["GET"]}}],"collection":[{"href":"https:\/\/amannforg.com\/fr\/wp-json\/wp\/v2\/product"}],"about":[{"href":"https:\/\/amannforg.com\/fr\/wp-json\/wp\/v2\/types\/product"}],"replies":[{"embeddable":true,"href":"https:\/\/amannforg.com\/fr\/wp-json\/wp\/v2\/comments?post=32885"}],"version-history":[{"count":1,"href":"https:\/\/amannforg.com\/fr\/wp-json\/wp\/v2\/product\/32885\/revisions"}],"predecessor-version":[{"id":57714,"href":"https:\/\/amannforg.com\/fr\/wp-json\/wp\/v2\/product\/32885\/revisions\/57714"}],"wp:featuredmedia":[{"embeddable":true,"href":"https:\/\/amannforg.com\/fr\/wp-json\/wp\/v2\/media\/45091"}],"wp:attachment":[{"href":"https:\/\/amannforg.com\/fr\/wp-json\/wp\/v2\/media?parent=32885"}],"wp:term":[{"taxonomy":"product_brand","embeddable":true,"href":"https:\/\/amannforg.com\/fr\/wp-json\/wp\/v2\/product_brand?post=32885"},{"taxonomy":"product_cat","embeddable":true,"href":"https:\/\/amannforg.com\/fr\/wp-json\/wp\/v2\/product_cat?post=32885"},{"taxonomy":"product_tag","embeddable":true,"href":"https:\/\/amannforg.com\/fr\/wp-json\/wp\/v2\/product_tag?post=32885"},{"taxonomy":"models","embeddable":true,"href":"https:\/\/amannforg.com\/fr\/wp-json\/wp\/v2\/models?post=32885"},{"taxonomy":"years","embeddable":true,"href":"https:\/\/amannforg.com\/fr\/wp-json\/wp\/v2\/years?post=32885"}],"curies":[{"name":"wp","href":"https:\/\/api.w.org\/{rel}","templated":true}]}}