{"id":34421,"date":"2026-03-03T13:14:10","date_gmt":"2026-03-03T13:14:10","guid":{"rendered":"https:\/\/amannforg.com\/?post_type=product&#038;p=34421"},"modified":"2026-03-07T16:29:12","modified_gmt":"2026-03-07T16:29:12","slug":"gopro-hb-series-lens-collection-h13-objektivkollektion-lens-mods","status":"publish","type":"product","link":"https:\/\/amannforg.com\/fr\/produit\/gopro-hb-series-lens-collection-h13-objektivkollektion-lens-mods\/","title":{"rendered":"GoPro HB-Series Lens Collection (H13) Objektivkollektion Lens Mods"},"content":{"rendered":"<p class=\"mb-l\">\n<div class=\"titlepage\">\n<h2 class=\"text-h3 mb-l\">Das komplette Set mit allen Lens Mods und Filtern der HB-Series<\/h2>\n<\/div>\n<div class=\"titlepage\">\n<h2 class=\"text-h3 mb-l\">Smarte Objektive, die die M\u00f6glichkeiten der HERO13 Black erheblich erweitern<\/h2>\n<\/div>\n<p class=\"mb-l\">Dieses Premium-Kit enth\u00e4lt alle Lens Mods und Filter der HB-Series Zum Set geh\u00f6ren der Lens Mod Ultraweit f\u00fcr beeindruckende POV-Aufnahmen, der Lens Mod Makro f\u00fcr unglaublich detailreiche Nahaufnahmen, der Lens Mod Anamorph f\u00fcr professionelle Filmaufnahmen im Bildformat 21:9, das in Spielfilmen verwendet wird, sowie 4 Neutraldichtefilter, die deinen Aufnahmen automatisch coole Bewegungsunsch\u00e4rfe-Effekte verleihen. Die HERO13 Black erkennt automatisch, welches Objektiv du anbringst, und w\u00e4hlt von selbst den passenden Modus und die idealen Einstellungen aus, damit deine Aufnahmen genau so aussehen, wie du es dir vorstellst.<\/p>\n<div class=\"titlepage\">\n<h2 class=\"text-h3 mb-l\">Produktdetails<\/h2>\n<\/div>\n<div class=\"itemizedlist\">\n<ul class=\"bullet-list\">\n<li class=\"bullet-list-item\">Enth\u00e4lt: Lens Mod Ultraweit, Lens Mod Makro, Lens Mod Anamorph, 4er-Pack ND-Filter (ND4, ND8, ND16 und ND32), hochwertiges halbfestes Case, Schutzkappen (Vorder- und R\u00fcckseite) f\u00fcr jeden Lens Mod, Schutzkappe f\u00fcr ND-Filter, Mikrofasertuch<\/li>\n<li class=\"bullet-list-item\">Der Lens Mod Ultraweit erweitert das Sichtfeld deiner Kamera auf bis zu 177\u00b0 (36 % weiter und 48 % h\u00f6her).\u00b9<\/li>\n<li class=\"bullet-list-item\">Mit dem Lens Mod Makro kannst du extrem nahe Objekte fokussieren (viermal n\u00e4her als bisher) \u2013 f\u00fcr fantastische Zeitlupen- und Zeitrafferaufnahmen.<\/li>\n<li class=\"bullet-list-item\">Der Lens Mod Anamorph macht filmreife Aufnahmen im ultraweiten Bildformat 21:9 \u2013 ideal f\u00fcr statische Aufnahmen und stabilisierte Aufnahmen mit Gimbal bei Aktivit\u00e4ten mit wenig St\u00f6\u00dfen und Ersch\u00fctterungen.\u00b2<\/li>\n<li class=\"bullet-list-item\">Mit den Neutraldichtefiltern erhalten auch unerfahrene Kameranutzer ganz einfach gro\u00dfartige Aufnahmen mit Bewegungsunsch\u00e4rfe-Effekten. Erfahrene Nutzer k\u00f6nnen die Belichtungseinstellungen manuell konfigurieren.<\/li>\n<li class=\"bullet-list-item\">Die HERO13 Black erkennt automatisch, welches Objektiv oder welcher Filter angebracht wird, und passt die Einstellungen von selbst an. Nach dem Abnehmen wechselt die Kamera wieder zu ihren Standardeinstellungen.<\/li>\n<li class=\"bullet-list-item\">Alle Objektive und Filter sind kratzfest und wasserdicht\u00b3, wenn sie an der Kamera angebracht sind, und an ihrer hydrophoben Objektivbeschichtung perlt Wasser einfach ab.<\/li>\n<li class=\"bullet-list-item\">Alle Objektive und Filter unterst\u00fctzen die HyperSmooth-Videostabilisierung f\u00fcr wackelfreie Videos.Sie lassen sich ganz einfach anbringen und abnehmen \u2013 ganz ohne Werkzeug.<\/li>\n<\/ul>\n<\/div>\n<p class=\"mb-l\">\n<div class=\"titlepage\">\n<h2 class=\"text-h3 mb-l\">DER KIT-HIT<\/h2>\n<\/div>\n<p class=\"mb-l\">Hol das Maximum aus deiner Kamera heraus und lass deiner Kreativit\u00e4t freien Lauf \u2013 mit dem kompletten Set Lens Mods und Filtern der HB-Series. Jeder Lens Mod und Filter ist mit automatischer Objektiverkennung ausgestattet, sodass die Kamera automatisch den passenden Modus und die idealen Einstellungen ausw\u00e4hlt, damit deine Aufnahmen genau so aussehen, wie du es dir vorstellst.<\/p>\n<p class=\"mb-l\">\n<div class=\"titlepage\">\n<h2 class=\"text-h3 mb-l\">AUTOMATISCHE ERKENNUNG: DEINE KAMERA REAGIERT SOFORT<\/h2>\n<\/div>\n<p>Die Objektive versetzten deine Kamera automatisch in den richtigen Modus mit den richtigen Einstellungen f\u00fcr deine Aufnahmen.<\/p>\n<p class=\"mb-l\">\n<div class=\"titlepage\">\n<h2 class=\"text-h3 mb-l\">4er-PACK ND-FILTER F\u00dcR INTELLIGENTE BEWEGUNGSUNSCH\u00c4RFE<\/h2>\n<\/div>\n<p class=\"mb-l\">Dieses Set Neutraldichtefilter enth\u00e4lt je einen ND4-, ND8-, ND16- und ND32-Filter. Sie passen die Kameraeinstellungen automatisch an, um bei den unterschiedlichsten Lichtverh\u00e4ltnissen professionelle Bewegungsunsch\u00e4rfe-Effekte zu erzielen. Ideal geeignet f\u00fcr Einsteiger und erfahrene Nutzer.<\/p>\n<p class=\"mb-l\">\n<div class=\"titlepage\">\n<h2 class=\"text-h3 mb-l\">Kompatibilit\u00e4t <\/h2>\n<\/div>\n<p class=\"mb-l\">HERO13 Black<\/p>\n<p class=\"mb-l\"><sub>1 Die Lens Mods sind nicht f\u00fcr den Einsatz unter Wasser vorgesehen.<\/sub><\/p>\n<li class=\"mb-m\">\n<div class=\"flex flex-col m:flex-row gap-s m:gap-xl\">\n<div class=\"text-h3 min-w-[244px] max-w-[244px]\">Kompatibilit\u00e4t<\/div>\n<div class=\"flex flex-col gap-s\"><span class=\"ml-3xs pl-[15px] relative before:absolute before:w-[8px] before:h-[8px] before:bg-dark before:top-[8px] before:left-0 before:rounded-full\">Hero 13 Black<\/span><\/div>\n<\/div>\n<\/li>\n","protected":false},"excerpt":{"rendered":"<li class=\"bullet-list-item\">Set aus 3 Lens-Mods und 4 Neutraldichtefiltern<\/li>\n<li class=\"bullet-list-item\">Erweitert das Sichtfeld der HERO13 Black<\/li>\n<li class=\"bullet-list-item\">f\u00fcr eindrucksvolle Aufnahmen <\/li>\n<li class=\"bullet-list-item\">Verbesserte HyperSmooth-Performance<\/li>\n<li class=\"bullet-list-item\">automatische Erkennung des aufgesteckten Lens-Mods<\/li>\n<p> Herstellernummer AKTLM-001<\/p>","protected":false},"featured_media":45123,"comment_status":"open","ping_status":"closed","template":"","meta":{"_monsterinsights_skip_tracking":false,"_monsterinsights_sitenote_active":false,"_monsterinsights_sitenote_note":"","_monsterinsights_sitenote_category":0,"_uf_show_specific_survey":0,"_uf_disable_surveys":false},"product_brand":[],"product_cat":[479],"product_tag":[],"models":[],"years":[],"class_list":{"0":"post-34421","1":"product","2":"type-product","3":"status-publish","4":"has-post-thumbnail","6":"product_cat-zubehor-camcorder","8":"first","9":"instock","10":"sale","11":"shipping-taxable","12":"purchasable","13":"product-type-simple"},"aioseo_notices":[],"acf":[],"_links":{"self":[{"href":"https:\/\/amannforg.com\/fr\/wp-json\/wp\/v2\/product\/34421","targetHints":{"allow":["GET"]}}],"collection":[{"href":"https:\/\/amannforg.com\/fr\/wp-json\/wp\/v2\/product"}],"about":[{"href":"https:\/\/amannforg.com\/fr\/wp-json\/wp\/v2\/types\/product"}],"replies":[{"embeddable":true,"href":"https:\/\/amannforg.com\/fr\/wp-json\/wp\/v2\/comments?post=34421"}],"version-history":[{"count":1,"href":"https:\/\/amannforg.com\/fr\/wp-json\/wp\/v2\/product\/34421\/revisions"}],"predecessor-version":[{"id":57720,"href":"https:\/\/amannforg.com\/fr\/wp-json\/wp\/v2\/product\/34421\/revisions\/57720"}],"wp:featuredmedia":[{"embeddable":true,"href":"https:\/\/amannforg.com\/fr\/wp-json\/wp\/v2\/media\/45123"}],"wp:attachment":[{"href":"https:\/\/amannforg.com\/fr\/wp-json\/wp\/v2\/media?parent=34421"}],"wp:term":[{"taxonomy":"product_brand","embeddable":true,"href":"https:\/\/amannforg.com\/fr\/wp-json\/wp\/v2\/product_brand?post=34421"},{"taxonomy":"product_cat","embeddable":true,"href":"https:\/\/amannforg.com\/fr\/wp-json\/wp\/v2\/product_cat?post=34421"},{"taxonomy":"product_tag","embeddable":true,"href":"https:\/\/amannforg.com\/fr\/wp-json\/wp\/v2\/product_tag?post=34421"},{"taxonomy":"models","embeddable":true,"href":"https:\/\/amannforg.com\/fr\/wp-json\/wp\/v2\/models?post=34421"},{"taxonomy":"years","embeddable":true,"href":"https:\/\/amannforg.com\/fr\/wp-json\/wp\/v2\/years?post=34421"}],"curies":[{"name":"wp","href":"https:\/\/api.w.org\/{rel}","templated":true}]}}