{"id":34817,"date":"2026-03-03T13:16:51","date_gmt":"2026-03-03T13:16:51","guid":{"rendered":"https:\/\/amannforg.com\/?post_type=product&#038;p=34817"},"modified":"2026-03-13T11:36:59","modified_gmt":"2026-03-13T11:36:59","slug":"sandisk-extreme-pro-1-tb-sdxc-uhs-i-speicherkarte-2022-bis-200-mb-s","status":"publish","type":"product","link":"https:\/\/amannforg.com\/fr\/produit\/sandisk-extreme-pro-1-tb-sdxc-uhs-i-speicherkarte-2022-bis-200-mb-s\/","title":{"rendered":"SanDisk Extreme Pro 1 TB SDXC UHS-I-Speicherkarte (2022) bis 200 MB\/s"},"content":{"rendered":"<div class=\"article\">\n<div class=\"titlepage\">\n<h2 class=\"text-h3 mb-l\">SanDisk Extreme PRO\u00ae SDHC\u2122\/SDXC\u2122-UHS-I-Speicherkarte<\/h2>\n<\/div>\n<p class=\"mb-l\"> <span class=\"bold\">Moderne Technik f\u00fcr grenzenlose Kreativit\u00e4t<\/span> <\/p>\n<p class=\"mb-l\">Unsere bislang leistungsst\u00e4rkste SD\u2122-UHS-I-Speicherkarte er\u00f6ffnet Ihnen neue kreative M\u00f6glichkeiten. Die Aufnahmegeschwindigkeit von bis zu 140MB\/s <sup>6<\/sup> und die UHS Speed Class 3 (U3) <sup>2<\/sup> erm\u00f6glichen atemberaubende und verz\u00f6gerungsfreie Videos in hochaufl\u00f6sendem 4K UHD1. F\u00fcr eine schnelle Postproduktion direkt im Anschluss an das Fotoshootings erreicht die Karte eine \u00dcbertragungsgeschwindigkeit von bis zu 200MB\/s6. Zudem h\u00e4lt die Speicherkarte Witterung, Wasser, St\u00f6\u00dfen und anderen Gefahren stand, damit Sie sie \u00fcberall bedenkenlos verwenden k\u00f6nnen. <\/p>\n<p class=\"mb-l\"> <span class=\"bold\">\u00dcbertragungsgeschwindigkeit von bis zu 200MB\/s<\/span> <span class=\"bold\"> <\/span> <\/p>\n<p class=\"mb-l\">Die Fotosession ist nur die halbe Arbeit. Wenn Sie Ihre Aufnahmen schneller in die Postproduktion bringen k\u00f6nnen, bleibt Ihnen mehr Zeit f\u00fcr kreative Experimente.<\/p>\n<p class=\"mb-l\"> <span class=\"bold\">Ideal f\u00fcr Videos in 4K UHD<\/span> <\/p>\n<p class=\"mb-l\">Manchmal muss es schnell gehen. Die SanDisk Extreme PRO\u00ae SD\u2122-UHS-I-Speicherkarte erzielt die erforderliche Performance zur Aufnahme von unterbrechungsfreien Videos in 4K UHD <sup>1<\/sup>. <\/p>\n<p class=\"mb-l\"> <span class=\"bold\">Atemberaubende Serienaufnahmen im Burst-Modus<\/span> <\/p>\n<p class=\"mb-l\">Die SanDisk Extreme PRO\u00ae SD\u2122-UHS-I-Speicherkarte entspricht der UHS Speed Class 3 (U3) und Video Speed Class 30 (V30) <sup>2<\/sup> und erm\u00f6glicht l\u00fcckenlose Serienaufnahmen im Burst-Modus. <\/p>\n<p class=\"mb-l\"> <span class=\"bold\">Zuverl\u00e4ssige Haltbarkeit<\/span> <\/p>\n<p class=\"mb-l\">Die SanDisk Extreme PRO\u00ae SD\u2122-UHS-I-Speicherkarte wurde konzipiert und getestet, um extremen Bedingungen3 zu widerstehen. Sie ist temperaturbest\u00e4ndig, wasserdicht, sto\u00dffest und r\u00f6ntgensicher.<\/p>\n<p class=\"mb-l\"> <span class=\"bold\">Wiederherstellen versehentlich gel\u00f6schter Bilder<\/span> <\/p>\n<p class=\"mb-l\">Im Lieferumfang inbegriffen ist die M\u00f6glichkeit zur 2-j\u00e4hrigen Nutzung der Software RescuePRO\u00ae Deluxe <sup>4<\/sup> zur Wiederherstellung von versehentlich gel\u00f6schten Bildern. <\/p>\n<p class=\"mb-l\"> <span class=\"bold\">Praktisches Wiederherstellen von Dateien mit der RescuePRO Deluxe Software<\/span> <\/p>\n<p class=\"mb-l\">Die RescuePRO Deluxe Software zur Datenwiederherstellung ist als Download im Lieferumfang enthalten <sup>5<\/sup>. Diese Software erleichtert das Wiederherstellen versehentlich gel\u00f6schter Dateien (Download erforderlich). <\/p>\n<p class=\"mb-l\"> <sup>1. Videounterst\u00fctzung f\u00fcr Full HD (1920&#215;1080) und 4K UHD (3840&#215;2160) kann je nach Host-Ger\u00e4t, Dateiattributen und anderen Faktoren variieren. <\/sup> <\/p>\n<p class=\"mb-l\"> <sup>2. UHS Speed Class 3 bezeichnet eine Leistungsoption, die f\u00fcr die Unterst\u00fctzung von 4K- UHD-Videoaufnahmen mit UHS-f\u00e4higen Host-Ger\u00e4ten entwickelt wurde. UHS Video Speedclass 30 (V30), mit einer dauerhaften Videoaufnahmerate von 30MB\/s, bezeichnet eine Leistungsoption, die f\u00fcr die Unterst\u00fctzung von Echtzeitvideoaufnahmen mit UHS-f\u00e4higen Hostger\u00e4ten entwickelt wurde. <\/sup> <\/p>\n<p class=\"mb-l\"> <sup>3. Nur die Speicherkarte. <\/sup> <\/p>\n<p class=\"mb-l\"> <sup>4. Registrierung erforderlich, es gelten die allgemeinen Gesch\u00e4ftsbedingungen.<\/sup> <\/p>\n<p class=\"mb-l\"> <sup>5. Nicht alle Ger\u00e4te unterst\u00fctzen SDXC\u2122. N\u00e4here Informationen erhalten Sie vom Hersteller des Ger\u00e4ts. <\/sup> <\/p>\n<p class=\"mb-l\"> <sup>6. [256GB-1TB] Up to 200MB\/s read speeds, engineered with proprietary technology to reach speeds beyond UHS-I 104MB\/s, require compatible devices capable of reaching such speeds. Write speed up to 140MB\/s. Based on internal testing; performance may be lower depending upon host device, interface, usage conditions and other factors. 1MB=1,000,000 bytes. X = 150KB\/sec. [64-128GB] Up to 200MB\/s read speed. Write speed up to 90MB\/s. Based on internal testing; performance may be lower depending upon host device. 1MB=1,000,000 bytes. X = 150KB\/sec. [32GB] Up to 100MB\/s read speed. Write speed up to 90MB\/s. Based on internal testing; performance may be lower depending upon host device. 1MB=1,000,000 bytes. X = 150KB\/sec.<\/sup> <\/p>\n<\/p><\/div>\n<li class=\"mb-m\">\n<div class=\"flex flex-col m:flex-row gap-s m:gap-xl\">\n<div class=\"text-h3 min-w-[244px] max-w-[244px]\">Speichertyp<\/div>\n<div class=\"flex flex-col gap-s\"><span class=\"ml-3xs pl-[15px] relative before:absolute before:w-[8px] before:h-[8px] before:bg-dark before:top-[8px] before:left-0 before:rounded-full\">SDXC (UHS-I)<\/span><\/div>\n<\/div>\n<\/li>\n<li class=\"mb-m\">\n<div class=\"flex flex-col m:flex-row gap-s m:gap-xl\">\n<div class=\"text-h3 min-w-[244px] max-w-[244px]\">Speicherkapazit\u00e4t<\/div>\n<div class=\"flex flex-col gap-s\"><span class=\"ml-3xs pl-[15px] relative before:absolute before:w-[8px] before:h-[8px] before:bg-dark before:top-[8px] before:left-0 before:rounded-full\">1 TB<\/span><\/div>\n<\/div>\n<\/li>\n<li class=\"mb-m\">\n<div class=\"flex flex-col m:flex-row gap-s m:gap-xl\">\n<div class=\"text-h3 min-w-[244px] max-w-[244px]\">Geschwindigkeitsklasse<\/div>\n<div class=\"flex flex-col gap-s\"><span class=\"ml-3xs pl-[15px] relative before:absolute before:w-[8px] before:h-[8px] before:bg-dark before:top-[8px] before:left-0 before:rounded-full\">Speed Class: Cl10<\/span><span class=\"ml-3xs pl-[15px] relative before:absolute before:w-[8px] before:h-[8px] before:bg-dark before:top-[8px] before:left-0 before:rounded-full\">UHS Speed Class: U3<\/span><span class=\"ml-3xs pl-[15px] relative before:absolute before:w-[8px] before:h-[8px] before:bg-dark before:top-[8px] before:left-0 before:rounded-full\">UHS Video Speed Class: V30<\/span><\/div>\n<\/div>\n<\/li>\n<li class=\"mb-m\">\n<div class=\"flex flex-col m:flex-row gap-s m:gap-xl\">\n<div class=\"text-h3 min-w-[244px] max-w-[244px]\">Geschwindigkeit<\/div>\n<div class=\"flex flex-col gap-s\"><span class=\"ml-3xs pl-[15px] relative before:absolute before:w-[8px] before:h-[8px] before:bg-dark before:top-[8px] before:left-0 before:rounded-full\">max. Lesegeschwindigkeit: 200 MB\/s*<\/span><span class=\"ml-3xs pl-[15px] relative before:absolute before:w-[8px] before:h-[8px] before:bg-dark before:top-[8px] before:left-0 before:rounded-full\">max. Schreibgeschwindigkeit: 140 MB\/s*<\/span><span class=\"ml-3xs pl-[15px] relative before:absolute before:w-[8px] before:h-[8px] before:bg-dark before:top-[8px] before:left-0 before:rounded-full\">* Lese- und Schreibgeschwindigkeit h\u00e4ngen von den jeweiligen Benutzervorgaben ab, wie zum Beispiel dem verwendeten Ger\u00e4t und der Gr\u00f6\u00dfe, der Datei, die gelesen und\/oder geschrieben wird.<\/span><\/div>\n<\/div>\n<\/li>\n","protected":false},"excerpt":{"rendered":"<li class=\"bullet-list-item\">Speichertyp: SDXC (UHS-I)<\/li>\n<li class=\"bullet-list-item\">Speicherkapazit\u00e4t: 1 TB<\/li>\n<li class=\"bullet-list-item\">Geschwindigkeitsklasse: Cl10, U3, V30<\/li>\n<li class=\"bullet-list-item\">max. Lese-\/Schreibgeschwindigkeit: 200 MB\/s \/ 140 MB\/s<\/li>\n<li class=\"bullet-list-item\">Herstellergarantie: 30 Jahre<\/li>\n<p> Herstellernummer SDSDXXD-1T00-GN4IN<\/p>","protected":false},"featured_media":45132,"comment_status":"open","ping_status":"closed","template":"","meta":{"_monsterinsights_skip_tracking":false,"_monsterinsights_sitenote_active":false,"_monsterinsights_sitenote_note":"","_monsterinsights_sitenote_category":0,"_uf_show_specific_survey":0,"_uf_disable_surveys":false},"product_brand":[],"product_cat":[480],"product_tag":[],"models":[],"years":[],"class_list":{"0":"post-34817","1":"product","2":"type-product","3":"status-publish","4":"has-post-thumbnail","6":"product_cat-speichermedien","8":"first","9":"instock","10":"sale","11":"featured","12":"shipping-taxable","13":"purchasable","14":"product-type-simple"},"aioseo_notices":[],"acf":[],"_links":{"self":[{"href":"https:\/\/amannforg.com\/fr\/wp-json\/wp\/v2\/product\/34817","targetHints":{"allow":["GET"]}}],"collection":[{"href":"https:\/\/amannforg.com\/fr\/wp-json\/wp\/v2\/product"}],"about":[{"href":"https:\/\/amannforg.com\/fr\/wp-json\/wp\/v2\/types\/product"}],"replies":[{"embeddable":true,"href":"https:\/\/amannforg.com\/fr\/wp-json\/wp\/v2\/comments?post=34817"}],"version-history":[{"count":1,"href":"https:\/\/amannforg.com\/fr\/wp-json\/wp\/v2\/product\/34817\/revisions"}],"predecessor-version":[{"id":57722,"href":"https:\/\/amannforg.com\/fr\/wp-json\/wp\/v2\/product\/34817\/revisions\/57722"}],"wp:featuredmedia":[{"embeddable":true,"href":"https:\/\/amannforg.com\/fr\/wp-json\/wp\/v2\/media\/45132"}],"wp:attachment":[{"href":"https:\/\/amannforg.com\/fr\/wp-json\/wp\/v2\/media?parent=34817"}],"wp:term":[{"taxonomy":"product_brand","embeddable":true,"href":"https:\/\/amannforg.com\/fr\/wp-json\/wp\/v2\/product_brand?post=34817"},{"taxonomy":"product_cat","embeddable":true,"href":"https:\/\/amannforg.com\/fr\/wp-json\/wp\/v2\/product_cat?post=34817"},{"taxonomy":"product_tag","embeddable":true,"href":"https:\/\/amannforg.com\/fr\/wp-json\/wp\/v2\/product_tag?post=34817"},{"taxonomy":"models","embeddable":true,"href":"https:\/\/amannforg.com\/fr\/wp-json\/wp\/v2\/models?post=34817"},{"taxonomy":"years","embeddable":true,"href":"https:\/\/amannforg.com\/fr\/wp-json\/wp\/v2\/years?post=34817"}],"curies":[{"name":"wp","href":"https:\/\/api.w.org\/{rel}","templated":true}]}}