{"id":36850,"date":"2026-03-03T23:04:00","date_gmt":"2026-03-03T23:04:00","guid":{"rendered":"https:\/\/amannforg.com\/?post_type=product&#038;p=36850"},"modified":"2026-03-07T16:29:30","modified_gmt":"2026-03-07T16:29:30","slug":"pure-classic-stereo-mini-stereoanlage-dab-fm-bluetooth-cd-usb-braun-walnuss","status":"publish","type":"product","link":"https:\/\/amannforg.com\/fr\/produit\/pure-classic-stereo-mini-stereoanlage-dab-fm-bluetooth-cd-usb-braun-walnuss\/","title":{"rendered":"Pure Classic Stereo Mini Stereoanlage DAB+\/FM, Bluetooth, CD, USB braun\/Walnuss"},"content":{"rendered":"<p>Ein starkes, aber kompaktes Stereosystem, um traditionelles Audio auf stylische Art g\u00fcnstig zu genie\u00dfen.<\/p>\n<div class=\"titlepage\">\n<h2 class=\"text-h3 mb-l\">Features:<\/h2>\n<\/div>\n<div class=\"itemizedlist\">\n<ul class=\"bullet-list\">\n<li class=\"bullet-list-item\">Echter Stereoklang mit 2 Lautsprechern (2 x 20 W) und 4-Zoll-Tieft\u00f6nern<\/li>\n<li class=\"bullet-list-item\">Alle Quellen, die du brauchst: DAB+\/FM-Radio, Bluetooth, CD-Player, USB, AUX-Eingang und Kopfh\u00f6rerausgang<\/li>\n<li class=\"bullet-list-item\">Auswahl an EQs f\u00fcr verschiedene Anl\u00e4sse<\/li>\n<\/ul>\n<\/div>\n<p class=\"mb-l\">Erlebe zeitlosen Stereoklang mit Classic Stereo Mini. Zu einem erschwinglichen Preis bietet dieses funktionsreiche Mikro-Stereosystem ein umfassendes Klangerlebnis, einschlie\u00dflich eines CD-Players. Intuitive Tasten, eine Fernbedienung und ein lebhaftes TFT-Farbdisplay sorgen f\u00fcr eine einfache Bedienung, w\u00e4hrend das stilvolle Holzdesign deinem Audioerlebnis Eleganz verleiht.<\/p>\n<p class=\"mb-l\">\n<div class=\"titlepage\">\n<h2 class=\"text-h3 mb-l\">Echter Stereoklang, satter Sound<\/h2>\n<\/div>\n<p class=\"mb-l\">Genie\u00dfe einen satten, raumf\u00fcllenden Klang mit zwei 20-W-Lautsprechern und 4-Zoll-Tieft\u00f6nern, die ein kraftvolles Stereoerlebnis aus einem kompakten System liefern. Ob Jazz, Rock oder Podcasts \u2013 alles klingt voller und lebendiger.<\/p>\n<div class=\"titlepage\">\n<h2 class=\"text-h3 mb-l\">Zeitloses Design, moderner Touch<\/h2>\n<\/div>\n<p class=\"mb-l\">Erh\u00e4ltlich in Baumwollwei\u00df\/Eiche oder Kaffeebraun\/Walnuss, f\u00fcgt sich diese Stereoanlage ganz nat\u00fcrlich in jedens Zimmer ein. Kompakt und doch edel, verleiht sie dem Raum auf einem B\u00fccherregal oder einer Kommode einen Hauch von Raffinesse.<\/p>\n<div class=\"titlepage\">\n<h2 class=\"text-h3 mb-l\">DAB+ und FM-Radio<\/h2>\n<\/div>\n<p class=\"mb-l\">Schalte deine Lieblingssender mit kristallklarem DAB+ oder klassischem FM ein. Mit jeweils 20 Speicherpl\u00e4tzen sind deine Morgensendungen, Nachrichten und Playlists immer nur einen Klick entfernt.<\/p>\n<div class=\"titlepage\">\n<h2 class=\"text-h3 mb-l\">Klassische CD-Wiedergabe<\/h2>\n<\/div>\n<p class=\"mb-l\">Du liebst deine CD-Sammlung noch immer? Wir auch. Leg deine Lieblings-CDs ein und lass den integrierten CD-Player den warmen, vertrauten Klang analoger Musik wieder aufleben \u2013 ganz ohne Streaming.<\/p>\n<p class=\"mb-l\">\n<div class=\"titlepage\">\n<h2 class=\"text-h3 mb-l\">Bluetooth 5.3-Konnektivit\u00e4t<\/h2>\n<\/div>\n<p class=\"mb-l\">Mit dem extrem stabilen Bluetooth 5.3 kannst du direkt von deinem Smartphone, Tablet oder Laptop streamen. Genie\u00dfe jederzeit verz\u00f6gerungsfreie Musik und eine einfache Kopplung ohne Kabel.<\/p>\n<div class=\"titlepage\">\n<h2 class=\"text-h3 mb-l\">Vielseitige Eing\u00e4nge und Kopfh\u00f6rerbuchse<\/h2>\n<\/div>\n<p class=\"mb-l\">Von AUX und USB bis hin zu einem Kopfh\u00f6rerausgang \u2013 die Classic Stereo Mini ist so konzipiert, dass sie nahtlos mit deinem Setup zusammenarbeitet. Egal, ob du deinen Plattenspieler anschlie\u00dfen oder eine Solo-H\u00f6rsession genie\u00dfen m\u00f6chtest, sie ist immer einsatzbereit.<\/p>\n<div class=\"titlepage\">\n<h2 class=\"text-h3 mb-l\">Helles 2,4-Zoll-TFT-Farbdisplay<\/h2>\n<\/div>\n<p class=\"mb-l\">Auf dem brillanten Display siehst du alles klar und deutlich \u2013 Titelnamen, Quellen, Radiosender und Einstellungen sind auch aus der Entfernung gut lesbar.<\/p>\n<li class=\"mb-m\">\n<div class=\"flex flex-col m:flex-row gap-s m:gap-xl\">\n<div class=\"text-h3 min-w-[244px] max-w-[244px]\">USB:<\/div>\n<div class=\"flex flex-col gap-s\"><span class=\"ml-3xs pl-[15px] relative before:absolute before:w-[8px] before:h-[8px] before:bg-dark before:top-[8px] before:left-0 before:rounded-full\">MP3-Wiedergabe von USB-Datentr\u00e4ger<\/span><\/div>\n<\/div>\n<\/li>\n<li class=\"mb-m\">\n<div class=\"flex flex-col m:flex-row gap-s m:gap-xl\">\n<div class=\"text-h3 min-w-[244px] max-w-[244px]\">Tuner:<\/div>\n<div class=\"flex flex-col gap-s\"><span class=\"ml-3xs pl-[15px] relative before:absolute before:w-[8px] before:h-[8px] before:bg-dark before:top-[8px] before:left-0 before:rounded-full\">Integrierter UKW-Radio-Tuner<\/span><span class=\"ml-3xs pl-[15px] relative before:absolute before:w-[8px] before:h-[8px] before:bg-dark before:top-[8px] before:left-0 before:rounded-full\">mit DAB+<\/span><\/div>\n<\/div>\n<\/li>\n<li class=\"mb-m\">\n<div class=\"flex flex-col m:flex-row gap-s m:gap-xl\">\n<div class=\"text-h3 min-w-[244px] max-w-[244px]\">Sonstiges:<\/div>\n<div class=\"flex flex-col gap-s\"><span class=\"ml-3xs pl-[15px] relative before:absolute before:w-[8px] before:h-[8px] before:bg-dark before:top-[8px] before:left-0 before:rounded-full\">Auto-Standby-Modus<\/span><\/div>\n<\/div>\n<\/li>\n<li class=\"mb-m\">\n<div class=\"flex flex-col m:flex-row gap-s m:gap-xl\">\n<div class=\"text-h3 min-w-[244px] max-w-[244px]\">Bedienung:<\/div>\n<div class=\"flex flex-col gap-s\"><span class=\"ml-3xs pl-[15px] relative before:absolute before:w-[8px] before:h-[8px] before:bg-dark before:top-[8px] before:left-0 before:rounded-full\">Fernbedienung<\/span><span class=\"ml-3xs pl-[15px] relative before:absolute before:w-[8px] before:h-[8px] before:bg-dark before:top-[8px] before:left-0 before:rounded-full\">Tasten am Ger\u00e4t<\/span><span class=\"ml-3xs pl-[15px] relative before:absolute before:w-[8px] before:h-[8px] before:bg-dark before:top-[8px] before:left-0 before:rounded-full\">Anzeige: 2,4&#8243;-Farb-Display<\/span><\/div>\n<\/div>\n<\/li>\n<li class=\"mb-m\">\n<div class=\"flex flex-col m:flex-row gap-s m:gap-xl\">\n<div class=\"text-h3 min-w-[244px] max-w-[244px]\">Abmessungen:<\/div>\n<div class=\"flex flex-col gap-s\"><span class=\"ml-3xs pl-[15px] relative before:absolute before:w-[8px] before:h-[8px] before:bg-dark before:top-[8px] before:left-0 before:rounded-full\">Systemanlage (BxHxT): 210x108x235 mm<\/span><span class=\"ml-3xs pl-[15px] relative before:absolute before:w-[8px] before:h-[8px] before:bg-dark before:top-[8px] before:left-0 before:rounded-full\">Lautsprecher (BxHxT): 150x222x207 mm<\/span><\/div>\n<\/div>\n<\/li>\n<li class=\"mb-m\">\n<div class=\"flex flex-col m:flex-row gap-s m:gap-xl\">\n<div class=\"text-h3 min-w-[244px] max-w-[244px]\">Lieferumfang<\/div>\n<div class=\"flex flex-col gap-s\"><span class=\"ml-3xs pl-[15px] relative before:absolute before:w-[8px] before:h-[8px] before:bg-dark before:top-[8px] before:left-0 before:rounded-full\">Bedienungsanleitung<\/span><span class=\"ml-3xs pl-[15px] relative before:absolute before:w-[8px] before:h-[8px] before:bg-dark before:top-[8px] before:left-0 before:rounded-full\">Fernbedienung<\/span><span class=\"ml-3xs pl-[15px] relative before:absolute before:w-[8px] before:h-[8px] before:bg-dark before:top-[8px] before:left-0 before:rounded-full\">Batterien f. Fernbedienung<\/span><span class=\"ml-3xs pl-[15px] relative before:absolute before:w-[8px] before:h-[8px] before:bg-dark before:top-[8px] before:left-0 before:rounded-full\">Lautsprecherabdeckungen *2<\/span><span class=\"ml-3xs pl-[15px] relative before:absolute before:w-[8px] before:h-[8px] before:bg-dark before:top-[8px] before:left-0 before:rounded-full\">Lautsprecher *2<\/span><span class=\"ml-3xs pl-[15px] relative before:absolute before:w-[8px] before:h-[8px] before:bg-dark before:top-[8px] before:left-0 before:rounded-full\">Lautsprecherkabel *2<\/span><span class=\"ml-3xs pl-[15px] relative before:absolute before:w-[8px] before:h-[8px] before:bg-dark before:top-[8px] before:left-0 before:rounded-full\">Netzkabel<\/span><span class=\"ml-3xs pl-[15px] relative before:absolute before:w-[8px] before:h-[8px] before:bg-dark before:top-[8px] before:left-0 before:rounded-full\">UKW-Stabantenne<\/span><\/div>\n<\/div>\n<\/li>\n<li class=\"mb-m\">\n<div class=\"flex flex-col m:flex-row gap-s m:gap-xl\">\n<div class=\"text-h3 min-w-[244px] max-w-[244px]\">Gewicht<\/div>\n<div class=\"flex flex-col gap-s\"><span class=\"ml-3xs pl-[15px] relative before:absolute before:w-[8px] before:h-[8px] before:bg-dark before:top-[8px] before:left-0 before:rounded-full\">Systemanlage: ca. 2 kg<\/span><span class=\"ml-3xs pl-[15px] relative before:absolute before:w-[8px] before:h-[8px] before:bg-dark before:top-[8px] before:left-0 before:rounded-full\">Lautsprecher: ca. 2,4 kg<\/span><\/div>\n<\/div>\n<\/li>\n","protected":false},"excerpt":{"rendered":"<li class=\"bullet-list-item\">40W-Micro-System mit Stereo-Lautsprechern<\/li>\n<li class=\"bullet-list-item\">Eing\u00e4nge: Bluetooth 5.3; Aux-In, USB<\/li>\n<li class=\"bullet-list-item\">DAB+\/FM-Empf\u00e4nger, integrierte Teleskop-Antenne<\/li>\n<li class=\"bullet-list-item\">Kopfh\u00f6rer-Anschluss, Wiedergabe von CF, MP3-CD, USB<\/li>\n<li class=\"bullet-list-item\">2,4-Zoll-TFT-Farbdisplay, Fernbedienung, 40 Senderspeicher, Timer<\/li>\n<p> Herstellernummer 254592<\/p>","protected":false},"featured_media":45612,"comment_status":"open","ping_status":"closed","template":"","meta":{"_monsterinsights_skip_tracking":false,"_monsterinsights_sitenote_active":false,"_monsterinsights_sitenote_note":"","_monsterinsights_sitenote_category":0,"_uf_show_specific_survey":0,"_uf_disable_surveys":false},"product_brand":[],"product_cat":[489],"product_tag":[],"models":[],"years":[],"class_list":{"0":"post-36850","1":"product","2":"type-product","3":"status-publish","4":"has-post-thumbnail","6":"product_cat-stereoanlagen","8":"first","9":"instock","10":"sale","11":"shipping-taxable","12":"purchasable","13":"product-type-simple"},"aioseo_notices":[],"acf":[],"_links":{"self":[{"href":"https:\/\/amannforg.com\/fr\/wp-json\/wp\/v2\/product\/36850","targetHints":{"allow":["GET"]}}],"collection":[{"href":"https:\/\/amannforg.com\/fr\/wp-json\/wp\/v2\/product"}],"about":[{"href":"https:\/\/amannforg.com\/fr\/wp-json\/wp\/v2\/types\/product"}],"replies":[{"embeddable":true,"href":"https:\/\/amannforg.com\/fr\/wp-json\/wp\/v2\/comments?post=36850"}],"version-history":[{"count":1,"href":"https:\/\/amannforg.com\/fr\/wp-json\/wp\/v2\/product\/36850\/revisions"}],"predecessor-version":[{"id":57819,"href":"https:\/\/amannforg.com\/fr\/wp-json\/wp\/v2\/product\/36850\/revisions\/57819"}],"wp:featuredmedia":[{"embeddable":true,"href":"https:\/\/amannforg.com\/fr\/wp-json\/wp\/v2\/media\/45612"}],"wp:attachment":[{"href":"https:\/\/amannforg.com\/fr\/wp-json\/wp\/v2\/media?parent=36850"}],"wp:term":[{"taxonomy":"product_brand","embeddable":true,"href":"https:\/\/amannforg.com\/fr\/wp-json\/wp\/v2\/product_brand?post=36850"},{"taxonomy":"product_cat","embeddable":true,"href":"https:\/\/amannforg.com\/fr\/wp-json\/wp\/v2\/product_cat?post=36850"},{"taxonomy":"product_tag","embeddable":true,"href":"https:\/\/amannforg.com\/fr\/wp-json\/wp\/v2\/product_tag?post=36850"},{"taxonomy":"models","embeddable":true,"href":"https:\/\/amannforg.com\/fr\/wp-json\/wp\/v2\/models?post=36850"},{"taxonomy":"years","embeddable":true,"href":"https:\/\/amannforg.com\/fr\/wp-json\/wp\/v2\/years?post=36850"}],"curies":[{"name":"wp","href":"https:\/\/api.w.org\/{rel}","templated":true}]}}