{"id":37758,"date":"2026-03-03T23:11:48","date_gmt":"2026-03-03T23:11:48","guid":{"rendered":"https:\/\/amannforg.com\/?post_type=product&#038;p=37758"},"modified":"2026-03-07T16:29:37","modified_gmt":"2026-03-07T16:29:37","slug":"sennheiser-ambeo-soundbar-mini-schwarz","status":"publish","type":"product","link":"https:\/\/amannforg.com\/fr\/produit\/sennheiser-ambeo-soundbar-mini-schwarz\/","title":{"rendered":"Sennheiser AMBEO Soundbar | Mini, schwarz"},"content":{"rendered":"<div class=\"article\">\n<div class=\"titlepage\">\n<h2 class=\"text-h3 mb-l\">Sennheiser AMBEO Soundbar | Mini, schwarz<\/h2>\n<\/div>\n<div class=\"formalpara\">\n<div class=\"titlepage\">\n<h2 class=\"text-h3 mb-l\">Einmal geh\u00f6rt, gibt es kein Zur\u00fcck mehr.<\/h2>\n<\/div>\n<p class=\"mb-l\">Die neue AMBEO Soundbar Mini von Sennheiser bietet Film- und Musikliebhabern den weltweit besten immersiven Sound aus einem einzigen kompakten Ger\u00e4t. Die gemeinsam mit dem Fraunhofer IIS Institut entwickelte AMBEO Virtualisierungstechnologie bietet ein 3D-H\u00f6rerlebnis \u00fcber virtuell generierte Lautsprecher. Die AMBEO Mini wurde mit Sennheiser\u2018s einzigartiger audiophiler Expertise entwickelt und liefert einen raumf\u00fcllenden Klang sowie eine klare Musikwiedergabe. Einfache Einrichtung und Selbstkalibrierung passen sich der Raumakustik an, w\u00e4hrend die funktionsreiche und intuitive App bei der Steuerung von Einstellungen, EQ, Sprachanhebung und mehr hilft. AMBEO | OS unterst\u00fctzt die wichtigsten Streaming-Dienste, Wi-Fi, Bluetooth und leistungsstarke Funktionen. Erh\u00f6he dein Klangerlebnis mit der elegant gestalteten, kompakten, aber leistungsstarken Sennheiser AMBEO Soundbar Mini.<\/p>\n<\/p><\/div>\n<div class=\"formalpara\">\n<div class=\"titlepage\">\n<h2 class=\"text-h3 mb-l\">Highlights<\/h2>\n<\/div>\n<p class=\"mb-l\">\n<div class=\"itemizedlist\">\n<ul class=\"bullet-list\">\n<li class=\"bullet-list-item\">\n<p class=\"mb-l\">Ultimativ immersiver Sound in einem extrem kompakten Ger\u00e4t<\/p>\n<\/li>\n<li class=\"bullet-list-item\">\n<p class=\"mb-l\">Leistungsstarke adaptive Audiofunktionen<\/p>\n<\/li>\n<li class=\"bullet-list-item\">\n<p class=\"mb-l\">Vielf\u00e4ltige Anschlussm\u00f6glichkeiten und intuitive Benutzerfreundlichkeit<\/p>\n<\/li>\n<\/ul>\n<\/div>\n<\/p><\/div>\n<p class=\"mb-l\"> <span class=\"bold\">Ultimativ immersiver Sound in einem extrem kompakten Ger\u00e4t<\/span> <\/p>\n<div class=\"formalpara\">\n<div class=\"titlepage\">\n<h2 class=\"text-h3 mb-l\">AMBEO Virtualization<\/h2>\n<\/div>\n<p class=\"mb-l\">Die hochmoderne AMBEO-Virtualisierung, die gemeinsam mit dem Fraunhofer IIS Institut entwickelt wurde, ist kompatibel mit Dolby ATMOS, DTS:X, MPEG-H und 360 Reality Audio f\u00fcr die 3D-Klangwiedergabe und liefert den weltweit beeindruckendsten Klang in einem kompakten Ger\u00e4t.<\/p>\n<\/p><\/div>\n<div class=\"formalpara\">\n<div class=\"titlepage\">\n<h2 class=\"text-h3 mb-l\">Sennheiser\u2018s audiophile DNA<\/h2>\n<\/div>\n<p class=\"mb-l\">Leistungsstarker, verzerrungsfreier Film- und Musiksound, unglaublich scharfe Klangtreue und kristallklare Mitten, wiedergegeben von High-End-Breitbandtreibern, die durch eingebaute 4-Zoll-Dual-Subwoofer, die eine Tiefe von 43 Hz erreichen, verst\u00e4rkt werden.<\/p>\n<\/p><\/div>\n<div class=\"formalpara\">\n<div class=\"titlepage\">\n<h2 class=\"text-h3 mb-l\">Kompakt &amp; stylisch<\/h2>\n<\/div>\n<p class=\"mb-l\">\u00c4u\u00dferst kompakte und elegante Soundbar, die sich \u00fcberall einf\u00fcgt und zwischen die F\u00fc\u00dfe des Fernsehers passt. Erstaunliche Verarbeitungsqualit\u00e4t und unaufdringliches, minimalistisches, aber sehr ansprechendes Design.<\/p>\n<\/p><\/div>\n<p class=\"mb-l\"> <span class=\"bold\">Leistungsstarke adaptive Audiofunktionen<\/span> <\/p>\n<div class=\"formalpara\">\n<div class=\"titlepage\">\n<h2 class=\"text-h3 mb-l\">Automatisierte Selbstkalibrierung<\/h2>\n<\/div>\n<p class=\"mb-l\">Der intelligente Selbstkalibrierungsalgorithmus lernt die Reflexionseigenschaften und die Akustik des Raums, um die beste Klangverteilung und Positionierung der 7.1.4 Phantom-Lautsprecher zu bestimmen.<\/p>\n<\/p><\/div>\n<div class=\"formalpara\">\n<div class=\"titlepage\">\n<h2 class=\"text-h3 mb-l\">Anpassungsf\u00e4hig &amp; Individualisierbar<\/h2>\n<\/div>\n<p class=\"mb-l\">Der adaptive Modus scannt Inhalte und passt die Einstellungen f\u00fcr ein optimales H\u00f6rerlebnis an, l\u00e4sst dem Kunden aber die Freiheit, mit dem EQ und drei verschiedenen AMBEO-Virtualisierungsstufen eine Feinabstimmung nach pers\u00f6nlichen Vorlieben vorzunehmen.<\/p>\n<\/p><\/div>\n<div class=\"formalpara\">\n<div class=\"titlepage\">\n<h2 class=\"text-h3 mb-l\">Stereo &amp; 5.1 Upmixing <\/h2>\n<\/div>\n<p class=\"mb-l\">Die AMBEO-Virtualisierung kann beliebige Stereo- und 5.1-Inhalte hochmischen und rendern, um sie realistischer zu gestalten und eine raumf\u00fcllende Klangb\u00fchne zu schaffen. <\/p>\n<\/p><\/div>\n<div class=\"formalpara\">\n<div class=\"titlepage\">\n<h2 class=\"text-h3 mb-l\">Komfort-Verbesserer <\/h2>\n<\/div>\n<p class=\"mb-l\">Voice Enhancement und Center Volume &#8211; eigens entwickelte algorithmische Modelle verbessern die Sprachverst\u00e4ndlichkeit, w\u00e4hrend der nachbarschaftsfreundliche Night Mode f\u00fcr diskretes H\u00f6ren bei Nacht sorgt.<\/p>\n<\/p><\/div>\n<p class=\"mb-l\"> <span class=\"bold\">Vielf\u00e4ltige Anschlussm\u00f6glichkeiten und intuitive Benutzerfreundlichkeit<\/span> <\/p>\n<div class=\"formalpara\">\n<div class=\"titlepage\">\n<h2 class=\"text-h3 mb-l\">Zukunftssichere Anschlussf\u00e4higkeit<\/h2>\n<\/div>\n<p class=\"mb-l\">Die fortschrittliche Anschlussf\u00e4higkeit von AMBEO | OS erm\u00f6glicht einen einfachen und schnellen Betrieb mehrerer Ger\u00e4te \u00fcber Bluetooth, Wi-Fi, integrierter Alexa und Google Chromecast, Apple AirPlay 2; direkter Cloud-Zugang zu Audioinhalten \u00fcber Spotify Connect, Tidal Connect und mehrere lizenzierte Streaming-Dienste wie TuneIn, Deezer, iHeartRadio, die \u00fcber virtuelle Assistenten zug\u00e4nglich sind.<\/p>\n<\/p><\/div>\n<div class=\"formalpara\">\n<div class=\"titlepage\">\n<h2 class=\"text-h3 mb-l\">Intuitive UX &amp; Assistenten<\/h2>\n<\/div>\n<p class=\"mb-l\">Die intuitive Steuerung \u00fcber die Sennheiser Smart Control App oder direkt \u00fcber einen Browser in deinem WLAN-Netzwerk wird durch drei Smart-Home-Sprachsteuerungsoptionen unterst\u00fctzt: Alexa ist integriert, arbeitet mit Google Home und Apple HomeKit zusammen, und dank Multiroom-Audio \u00fcber Google Chromecast oder Apple AirPlay 2 kannst du Inhalte \u00fcberall genie\u00dfen.<\/p>\n<\/p><\/div>\n<div class=\"formalpara\">\n<div class=\"titlepage\">\n<h2 class=\"text-h3 mb-l\">Kabellose Anschlussm\u00f6glichkeiten<\/h2>\n<\/div>\n<p class=\"mb-l\">Nahtlose kabellose Subwoofer-Konnektivit\u00e4t f\u00fcr noch kraftvollere und beeindruckendere B\u00e4sse (bis zu 4 Subwoofer mit AMBEO Sub)<\/p>\n<\/p><\/div>\n<\/p><\/div>\n<li class=\"mb-m\">\n<div class=\"flex flex-col m:flex-row gap-s m:gap-xl\">\n<div class=\"text-h3 min-w-[244px] max-w-[244px]\">System<\/div>\n<div class=\"flex flex-col gap-s\"><span class=\"ml-3xs pl-[15px] relative before:absolute before:w-[8px] before:h-[8px] before:bg-dark before:top-[8px] before:left-0 before:rounded-full\">Typ: Soundbar<\/span><span class=\"ml-3xs pl-[15px] relative before:absolute before:w-[8px] before:h-[8px] before:bg-dark before:top-[8px] before:left-0 before:rounded-full\">Ausgangsleistung: 250W<\/span><span class=\"ml-3xs pl-[15px] relative before:absolute before:w-[8px] before:h-[8px] before:bg-dark before:top-[8px] before:left-0 before:rounded-full\">integrierte Festplatte: keine<\/span><\/div>\n<\/div>\n<\/li>\n<li class=\"mb-m\">\n<div class=\"flex flex-col m:flex-row gap-s m:gap-xl\">\n<div class=\"text-h3 min-w-[244px] max-w-[244px]\">Anschl\u00fcsse<\/div>\n<div class=\"flex flex-col gap-s\"><span class=\"ml-3xs pl-[15px] relative before:absolute before:w-[8px] before:h-[8px] before:bg-dark before:top-[8px] before:left-0 before:rounded-full\">(HDMI Audio Return Channel)<\/span><span class=\"ml-3xs pl-[15px] relative before:absolute before:w-[8px] before:h-[8px] before:bg-dark before:top-[8px] before:left-0 before:rounded-full\">1x HDMI OUT<\/span><span class=\"ml-3xs pl-[15px] relative before:absolute before:w-[8px] before:h-[8px] before:bg-dark before:top-[8px] before:left-0 before:rounded-full\">1x USB-A<\/span><\/div>\n<\/div>\n<\/li>\n<li class=\"mb-m\">\n<div class=\"flex flex-col m:flex-row gap-s m:gap-xl\">\n<div class=\"text-h3 min-w-[244px] max-w-[244px]\">Audioformate<\/div>\n<div class=\"flex flex-col gap-s\"><span class=\"ml-3xs pl-[15px] relative before:absolute before:w-[8px] before:h-[8px] before:bg-dark before:top-[8px] before:left-0 before:rounded-full\">DTS:<\/span><span class=\"ml-3xs pl-[15px] relative before:absolute before:w-[8px] before:h-[8px] before:bg-dark before:top-[8px] before:left-0 before:rounded-full\">DTS 96\/24, DTS-HD Master Audio Essential, weitere DTS Formate (siehe Webseite \/ Techn. Daten des Herstellers)<\/span><span class=\"ml-3xs pl-[15px] relative before:absolute before:w-[8px] before:h-[8px] before:bg-dark before:top-[8px] before:left-0 before:rounded-full\">weitere Tonformate:<\/span><span class=\"ml-3xs pl-[15px] relative before:absolute before:w-[8px] before:h-[8px] before:bg-dark before:top-[8px] before:left-0 before:rounded-full\">LPCM<\/span><\/div>\n<\/div>\n<\/li>\n<li class=\"mb-m\">\n<div class=\"flex flex-col m:flex-row gap-s m:gap-xl\">\n<div class=\"text-h3 min-w-[244px] max-w-[244px]\">Kommunikation<\/div>\n<div class=\"flex flex-col gap-s\"><span class=\"ml-3xs pl-[15px] relative before:absolute before:w-[8px] before:h-[8px] before:bg-dark before:top-[8px] before:left-0 before:rounded-full\">WLAN<\/span><span class=\"ml-3xs pl-[15px] relative before:absolute before:w-[8px] before:h-[8px] before:bg-dark before:top-[8px] before:left-0 before:rounded-full\">Bluetooth<\/span><\/div>\n<\/div>\n<\/li>\n<li class=\"mb-m\">\n<div class=\"flex flex-col m:flex-row gap-s m:gap-xl\">\n<div class=\"text-h3 min-w-[244px] max-w-[244px]\">Besonderheiten<\/div>\n<div class=\"flex flex-col gap-s\"><\/div>\n<\/div>\n<\/li>\n<li class=\"mb-m\">\n<div class=\"flex flex-col m:flex-row gap-s m:gap-xl\">\n<div class=\"text-h3 min-w-[244px] max-w-[244px]\">Komfort<\/div>\n<div class=\"flex flex-col gap-s\"><span class=\"ml-3xs pl-[15px] relative before:absolute before:w-[8px] before:h-[8px] before:bg-dark before:top-[8px] before:left-0 before:rounded-full\">komfortable App-Steuerung<\/span><span class=\"ml-3xs pl-[15px] relative before:absolute before:w-[8px] before:h-[8px] before:bg-dark before:top-[8px] before:left-0 before:rounded-full\">Wandmontage m\u00f6glich<\/span><span class=\"ml-3xs pl-[15px] relative before:absolute before:w-[8px] before:h-[8px] before:bg-dark before:top-[8px] before:left-0 before:rounded-full\">Funktioniert mit OK Google<\/span><span class=\"ml-3xs pl-[15px] relative before:absolute before:w-[8px] before:h-[8px] before:bg-dark before:top-[8px] before:left-0 before:rounded-full\">Alexa (eingebaut)<\/span><span class=\"ml-3xs pl-[15px] relative before:absolute before:w-[8px] before:h-[8px] before:bg-dark before:top-[8px] before:left-0 before:rounded-full\">Web-Nutzeroberfl\u00e4che<\/span><\/div>\n<\/div>\n<\/li>\n<li class=\"mb-m\">\n<div class=\"flex flex-col m:flex-row gap-s m:gap-xl\">\n<div class=\"text-h3 min-w-[244px] max-w-[244px]\">Farbe<\/div>\n<div class=\"flex flex-col gap-s\"><span class=\"ml-3xs pl-[15px] relative before:absolute before:w-[8px] before:h-[8px] before:bg-dark before:top-[8px] before:left-0 before:rounded-full\">Schwarz<\/span><\/div>\n<\/div>\n<\/li>\n<li class=\"mb-m\">\n<div class=\"flex flex-col m:flex-row gap-s m:gap-xl\">\n<div class=\"text-h3 min-w-[244px] max-w-[244px]\">Lautsprecher<\/div>\n<div class=\"flex flex-col gap-s\"><span class=\"ml-3xs pl-[15px] relative before:absolute before:w-[8px] before:h-[8px] before:bg-dark before:top-[8px] before:left-0 before:rounded-full\"><span class=\"\">Soundbar<\/span><\/span><span class=\"ml-3xs pl-[15px] relative before:absolute before:w-[8px] before:h-[8px] before:bg-dark before:top-[8px] before:left-0 before:rounded-full\">Position: Front<\/span><span class=\"ml-3xs pl-[15px] relative before:absolute before:w-[8px] before:h-[8px] before:bg-dark before:top-[8px] before:left-0 before:rounded-full\">Anzahl: 1<\/span><span class=\"ml-3xs pl-[15px] relative before:absolute before:w-[8px] before:h-[8px] before:bg-dark before:top-[8px] before:left-0 before:rounded-full\">Abmessungen: 700 mm x 100 mm x 65 mm (B x H x T)<\/span><span class=\"ml-3xs pl-[15px] relative before:absolute before:w-[8px] before:h-[8px] before:bg-dark before:top-[8px] before:left-0 before:rounded-full\">Gewicht: 3,3kg<\/span><\/div>\n<\/div>\n<\/li>\n<li class=\"mb-m\">\n<div class=\"flex flex-col m:flex-row gap-s m:gap-xl\">\n<div class=\"text-h3 min-w-[244px] max-w-[244px]\">Herstellergarantie<\/div>\n<div class=\"flex flex-col gap-s\"><\/div>\n<\/div>\n<\/li>\n","protected":false},"excerpt":{"rendered":"<li class=\"bullet-list-item\">Einzel-Soundbar mit Bluetooth\u00ae Technologie <\/li>\n<li class=\"bullet-list-item\">Ultimativ immersiver Sound in einem extrem kompakten Ger\u00e4t <\/li>\n<li class=\"bullet-list-item\">Leistungsstarke adaptive Audiofunktionen <\/li>\n<li class=\"bullet-list-item\">Vielf\u00e4ltige Anschlussm\u00f6glichkeiten + intuitive Benutzerfreundlichkeit <\/li>\n<li class=\"bullet-list-item\">Wandmontagef\u00e4hig<\/li>\n<p> Herstellernummer SB 02 S-BLACK-EU<\/p>","protected":false},"featured_media":45770,"comment_status":"open","ping_status":"closed","template":"","meta":{"_monsterinsights_skip_tracking":false,"_monsterinsights_sitenote_active":false,"_monsterinsights_sitenote_note":"","_monsterinsights_sitenote_category":0,"_uf_show_specific_survey":0,"_uf_disable_surveys":false},"product_brand":[],"product_cat":[491],"product_tag":[],"models":[],"years":[],"class_list":{"0":"post-37758","1":"product","2":"type-product","3":"status-publish","4":"has-post-thumbnail","6":"product_cat-multiroom-systeme","8":"first","9":"instock","10":"sale","11":"shipping-taxable","12":"purchasable","13":"product-type-simple"},"aioseo_notices":[],"acf":[],"_links":{"self":[{"href":"https:\/\/amannforg.com\/fr\/wp-json\/wp\/v2\/product\/37758","targetHints":{"allow":["GET"]}}],"collection":[{"href":"https:\/\/amannforg.com\/fr\/wp-json\/wp\/v2\/product"}],"about":[{"href":"https:\/\/amannforg.com\/fr\/wp-json\/wp\/v2\/types\/product"}],"replies":[{"embeddable":true,"href":"https:\/\/amannforg.com\/fr\/wp-json\/wp\/v2\/comments?post=37758"}],"version-history":[{"count":1,"href":"https:\/\/amannforg.com\/fr\/wp-json\/wp\/v2\/product\/37758\/revisions"}],"predecessor-version":[{"id":57881,"href":"https:\/\/amannforg.com\/fr\/wp-json\/wp\/v2\/product\/37758\/revisions\/57881"}],"wp:featuredmedia":[{"embeddable":true,"href":"https:\/\/amannforg.com\/fr\/wp-json\/wp\/v2\/media\/45770"}],"wp:attachment":[{"href":"https:\/\/amannforg.com\/fr\/wp-json\/wp\/v2\/media?parent=37758"}],"wp:term":[{"taxonomy":"product_brand","embeddable":true,"href":"https:\/\/amannforg.com\/fr\/wp-json\/wp\/v2\/product_brand?post=37758"},{"taxonomy":"product_cat","embeddable":true,"href":"https:\/\/amannforg.com\/fr\/wp-json\/wp\/v2\/product_cat?post=37758"},{"taxonomy":"product_tag","embeddable":true,"href":"https:\/\/amannforg.com\/fr\/wp-json\/wp\/v2\/product_tag?post=37758"},{"taxonomy":"models","embeddable":true,"href":"https:\/\/amannforg.com\/fr\/wp-json\/wp\/v2\/models?post=37758"},{"taxonomy":"years","embeddable":true,"href":"https:\/\/amannforg.com\/fr\/wp-json\/wp\/v2\/years?post=37758"}],"curies":[{"name":"wp","href":"https:\/\/api.w.org\/{rel}","templated":true}]}}