{"id":37831,"date":"2026-03-03T23:12:17","date_gmt":"2026-03-03T23:12:17","guid":{"rendered":"https:\/\/amannforg.com\/?post_type=product&#038;p=37831"},"modified":"2026-03-13T11:38:28","modified_gmt":"2026-03-13T11:38:28","slug":"jbl-partybox-520-mit-2-mikrofonen","status":"publish","type":"product","link":"https:\/\/amannforg.com\/fr\/produit\/jbl-partybox-520-mit-2-mikrofonen\/","title":{"rendered":"JBL PartyBox 520 mit 2 Mikrofonen"},"content":{"rendered":"<p class=\"mb-l\">\n<div class=\"titlepage\">\n<h2 class=\"text-h3 mb-l\">Gr\u00f6\u00dfer, kr\u00e4ftiger und lauter.<\/h2>\n<\/div>\n<p class=\"mb-l\">Die JBL PartyBox 520 ist nicht nur der neueste, sondern auch der leistungsst\u00e4rkste akkubetriebene Lautsprecher in der PartyBox-Reihe. Der Lautsprecher wurde f\u00fcr gro\u00dfe Veranstaltungen konzipiert und ist nach IPX4 spritzwassergesch\u00fctzt.<\/p>\n<p class=\"mb-l\">Mit seinem robusten Teleskopgriff sowie breiteren und stabileren R\u00e4dern k\u00f6nnen Nutzer die Party \u00fcberall hin mitnehmen. Die JBL PartyBox 520 bietet bis zu 15 Stunden Wiedergabezeit mit einer einzigen Akkuladung und sorgt dank eines austauschbaren Akkus und der integrierten Schnellladefunktion FastCharge f\u00fcr grenzenlosen Musikgenuss ohne Unterbrechung.<\/p>\n<p class=\"mb-l\">Die exklusive Technologie AI Sound Boost analysiert das Musiksignal in Echtzeit und optimiert den akustischen Ausgangspegel. Das f\u00fchrt zu einem kraftvolleren und weniger verzerrten Sound. Au\u00dferdem erm\u00f6glicht Auracast\u2122 eine einfache Kopplung mit anderen Auracast\u2122-f\u00e4higen JBL-Lautsprechern und tr\u00e4gt den Sound somit in jeden Winkel des Veranstaltungsortes.<\/p>\n<div class=\"itemizedlist\">\n<ul class=\"bullet-list\">\n<li class=\"bullet-list-item\">Elektrisierender Sound mit AI Sound Boost<\/li>\n<li class=\"bullet-list-item\">Futuristische Lichtshow<\/li>\n<li class=\"bullet-list-item\">Bis zu 15 Stunden Wiedergabezeit<\/li>\n<li class=\"bullet-list-item\">Mehrere Lautsprecher \u00fcber Auracast\u2122 koppelbar<\/li>\n<li class=\"bullet-list-item\">Steuern Sie Ihre Party direkt \u00fcber die JBL PartyBox App<\/li>\n<li class=\"bullet-list-item\">Teleskopgriff und breite, robuste R\u00e4der<\/li>\n<li class=\"bullet-list-item\">Spritzwassergesch\u00fctzt (IPX4)<\/li>\n<li class=\"bullet-list-item\">Nahtlose, hochwertige Audio-Konnektivit\u00e4t<\/li>\n<li class=\"bullet-list-item\">Einfacher Anschluss an Mikrofon, Gitarre oder DJ-Konsole \u00fcber zwei XLR-Eing\u00e4nge<\/li>\n<li class=\"bullet-list-item\">Verpackung aus recyceltem Kunststoff und Stoff sowie FSC-zertifiziertem Papier<\/li>\n<li class=\"bullet-list-item\">Bundle inklusive 2x kabellose Mikrofone + Empf\u00e4nger <\/li>\n<\/ul>\n<\/div>\n<div class=\"titlepage\">\n<h2 class=\"text-h3 mb-l\">Funktionen und Vorteile<\/h2>\n<\/div>\n<p class=\"mb-l\">Mit den JBL PartyBox Wireless Mics wird die Party noch besser. Stecke sie einfach in eine JBL PartyBox oder nutze den Dongle f\u00fcr eine kabellose Verbindung und lass deine Stimme erklingen. Ob drinnen oder drau\u00dfen mit diesen Mikrofonen die speziell auf jeden PartyBox Lautsprecher zugeschnitten sind klingst du klar und eindrucksvoll. Ein eingebauter Schaumstoff-Popfilter minimiert st\u00f6rende Nebenger\u00e4usche wenn du mit einer anderen Person im Duett singst und ein Sto\u00dfd\u00e4mpfersystem sorgt f\u00fcr Ruhe wenn du das Mikrofon weitergibst. Bis zu 20 Stunden Wiedergabezeit und du kannst ein Mikrofon sogar verwenden w\u00e4hrend es auf der integrierten Powerbank der PartyBox aufgeladen wird.<\/p>\n<div class=\"titlepage\">\n<h2 class=\"text-h3 mb-l\">Elektrisierender Sound mit AI Sound Boost<\/h2>\n<\/div>\n<p class=\"mb-l\">Kraftvoller Sound, der Ihre Playlist zum Strahlen bringt. Dieser Sound ist perfekt auf Ihre Energie abgestimmt, sodass Sie jeden Song live erleben k\u00f6nnen. Drehen Sie die Lautst\u00e4rke auf, und Ihre Musik klingt immer noch gro\u00dfartig. Unsere neue, propriet\u00e4re Technologie AI Sound Boost analysiert Ihre Musik in Echtzeit, um maximale akustische Leistung bei minimaler Verzerrung zu liefern.<\/p>\n<div class=\"titlepage\">\n<h2 class=\"text-h3 mb-l\">Futuristische Lichtshow<\/h2>\n<\/div>\n<p class=\"mb-l\">Hat jemand Lichtshow gesagt? Tanzen Sie die Nacht durch mit leuchtenden Lichtmustern und Stroboskopeffekten, die jedem Event eine besondere Stimmung verleihen.<\/p>\n<div class=\"titlepage\">\n<h2 class=\"text-h3 mb-l\">Bis zu 15 Stunden Spielzeit<\/h2>\n<\/div>\n<p class=\"mb-l\">Halten Sie die gute Stimmung mit einer einzigen Akkuladung aufrecht \u2013 bis zu 15 Stunden Spielzeit. Und falls 15 Stunden ununterbrochenes Jammen nicht reichen, tauschen Sie den austauschbaren Akku aus, damit die Musik weiterl\u00e4uft. Oder laden Sie den Akku 10 Minuten lang und erhalten Sie 2 Stunden zus\u00e4tzliche Spielzeit.<\/p>\n<p><sub>*Austauschbarer Akku separat erh\u00e4ltlich<\/sub><\/p>\n<div class=\"titlepage\">\n<h2 class=\"text-h3 mb-l\">Mehrlautsprecherverbindung per Auracast\u2122<\/h2>\n<\/div>\n<p class=\"mb-l\">Gr\u00f6\u00dfere Partys erfordern noch mehr Sound. Koppeln Sie zwei PartyBox 520 f\u00fcr echten Stereoklang \u00fcber Auracast\u2122 oder verbinden Sie mehrere JBL Auracast\u2122-f\u00e4hige Lautsprecher kabellos, damit Ihre Musik mit Ihrer Partygr\u00f6\u00dfe w\u00e4chst.<\/p>\n<div class=\"titlepage\">\n<h2 class=\"text-h3 mb-l\">Steuern Sie Ihre Party direkt \u00fcber die JBL PartyBox App<\/h2>\n<\/div>\n<p class=\"mb-l\">Mach dir keine Sorgen mehr um die Lautsprecher. Steuern Sie Musik, EQ-Einstellungen und Lichtshow \u00fcber die JBL PartyBox App, egal wo die Party Sie hinf\u00fchrt.<\/p>\n<div class=\"titlepage\">\n<h2 class=\"text-h3 mb-l\">Teleskopgriff und breite, robuste R\u00e4der<\/h2>\n<\/div>\n<p class=\"mb-l\">Die JBL PartyBox 520 ist \u00fcberall einsatzbereit \u2013 mit einem ausziehbaren Griff und rollenden R\u00e4dern f\u00fcr eine ruhige Fahrt.<\/p>\n<div class=\"titlepage\">\n<h2 class=\"text-h3 mb-l\">IPX4 Spritzwassergesch\u00fctzt<\/h2>\n<\/div>\n<p class=\"mb-l\">Versch\u00fcttetes und Spritzer passieren \u2026 keine Sorge. Die JBL PartyBox 520 ist IPX4 Spritzwassergesch\u00fctzt, damit Ihr Party-Flow nie unterbrochen wird.<\/p>\n<div class=\"titlepage\">\n<h2 class=\"text-h3 mb-l\">Nahtlose, hochwertige Audioverbindung<\/h2>\n<\/div>\n<p class=\"mb-l\">Verwenden Sie USB-C, um Ihre Lieblings-Streaming- oder Karaoke-App mit hochwertigem Audio zu verbinden, damit jeder richtig abtanzen kann.<\/p>\n<div class=\"titlepage\">\n<h2 class=\"text-h3 mb-l\">Einfacher Anschluss an Mikrofon, Gitarre oder DJ-Pult dank zwei XLR-Eing\u00e4ngen<\/h2>\n<\/div>\n<p class=\"mb-l\">Bringen Sie Live-Talente in den Mix. Schlie\u00dfen Sie ein Mikrofon, eine Gitarre oder ein DJ-Pult dank zwei XLR-Eing\u00e4ngen ganz einfach an Ihre PartyBox 520 an.<\/p>\n<div class=\"titlepage\">\n<h2 class=\"text-h3 mb-l\">Recycelter Kunststoff und Stoff sowie FSC-zertifizierte Papierverpackung<\/h2>\n<\/div>\n<p class=\"mb-l\">Die JBL PartyBox 520 besteht aus recyceltem Kunststoff. Sie ist au\u00dferdem in FSC-zertifiziertem Papier verpackt, das mit Soja-Tinte bedruckt ist.<\/p>\n<li class=\"mb-m\">\n<div class=\"flex flex-col m:flex-row gap-s m:gap-xl\">\n<div class=\"text-h3 min-w-[244px] max-w-[244px]\">Typ \/ Kommunikation<\/div>\n<div class=\"flex flex-col gap-s\"><span class=\"ml-3xs pl-[15px] relative before:absolute before:w-[8px] before:h-[8px] before:bg-dark before:top-[8px] before:left-0 before:rounded-full\">Bluetooth 5.4<\/span><\/div>\n<\/div>\n<\/li>\n<li class=\"mb-m\">\n<div class=\"flex flex-col m:flex-row gap-s m:gap-xl\">\n<div class=\"text-h3 min-w-[244px] max-w-[244px]\">Stromversorgung<\/div>\n<div class=\"flex flex-col gap-s\"><span class=\"ml-3xs pl-[15px] relative before:absolute before:w-[8px] before:h-[8px] before:bg-dark before:top-[8px] before:left-0 before:rounded-full\">Portabel &#8211; mit integriertem Akku f\u00fcr Betrieb ohne Stromanschluss<\/span><span class=\"ml-3xs pl-[15px] relative before:absolute before:w-[8px] before:h-[8px] before:bg-dark before:top-[8px] before:left-0 before:rounded-full\">Laufzeit: ca. 15 Stunden (je nach Lautst\u00e4rke und Audioinhalt)<\/span><span class=\"ml-3xs pl-[15px] relative before:absolute before:w-[8px] before:h-[8px] before:bg-dark before:top-[8px] before:left-0 before:rounded-full\">Akkukapazit\u00e4t: 99,02Wh<\/span><span class=\"ml-3xs pl-[15px] relative before:absolute before:w-[8px] before:h-[8px] before:bg-dark before:top-[8px] before:left-0 before:rounded-full\">inklusive Ladeger\u00e4t \/ Netzteil<\/span><\/div>\n<\/div>\n<\/li>\n<li class=\"mb-m\">\n<div class=\"flex flex-col m:flex-row gap-s m:gap-xl\">\n<div class=\"text-h3 min-w-[244px] max-w-[244px]\">Anschl\u00fcsse<\/div>\n<div class=\"flex flex-col gap-s\"><span class=\"ml-3xs pl-[15px] relative before:absolute before:w-[8px] before:h-[8px] before:bg-dark before:top-[8px] before:left-0 before:rounded-full\">USB-Eingang<\/span><span class=\"ml-3xs pl-[15px] relative before:absolute before:w-[8px] before:h-[8px] before:bg-dark before:top-[8px] before:left-0 before:rounded-full\">AUX In Anschluss<\/span><span class=\"ml-3xs pl-[15px] relative before:absolute before:w-[8px] before:h-[8px] before:bg-dark before:top-[8px] before:left-0 before:rounded-full\">MIC-In Anschluss<\/span><span class=\"ml-3xs pl-[15px] relative before:absolute before:w-[8px] before:h-[8px] before:bg-dark before:top-[8px] before:left-0 before:rounded-full\">Guitar-In Anschluss<\/span><\/div>\n<\/div>\n<\/li>\n<li class=\"mb-m\">\n<div class=\"flex flex-col m:flex-row gap-s m:gap-xl\">\n<div class=\"text-h3 min-w-[244px] max-w-[244px]\">Ausstattung<\/div>\n<div class=\"flex flex-col gap-s\"><span class=\"ml-3xs pl-[15px] relative before:absolute before:w-[8px] before:h-[8px] before:bg-dark before:top-[8px] before:left-0 before:rounded-full\">komfortable App-Steuerung: ja (Android+IOS)<\/span><span class=\"ml-3xs pl-[15px] relative before:absolute before:w-[8px] before:h-[8px] before:bg-dark before:top-[8px] before:left-0 before:rounded-full\">USB-Aufladefunktion f\u00fcr externe Ger\u00e4te (kompatibel zu USB-C PD-Standard<\/span><\/div>\n<\/div>\n<\/li>\n<li class=\"mb-m\">\n<div class=\"flex flex-col m:flex-row gap-s m:gap-xl\">\n<div class=\"text-h3 min-w-[244px] max-w-[244px]\">Besonderheiten<\/div>\n<div class=\"flex flex-col gap-s\"><span class=\"ml-3xs pl-[15px] relative before:absolute before:w-[8px] before:h-[8px] before:bg-dark before:top-[8px] before:left-0 before:rounded-full\">Stereo-Verbindung von zwei Party-Lautsprechern per Bluetooth-Technology<\/span><span class=\"ml-3xs pl-[15px] relative before:absolute before:w-[8px] before:h-[8px] before:bg-dark before:top-[8px] before:left-0 before:rounded-full\">Auracast-kompatibel, Kopplung mit weiteren Lautsprechern m\u00f6glich.<\/span><span class=\"ml-3xs pl-[15px] relative before:absolute before:w-[8px] before:h-[8px] before:bg-dark before:top-[8px] before:left-0 before:rounded-full\">dynamische Beleuchtung im Takt des Sounds<\/span><\/div>\n<\/div>\n<\/li>\n<li class=\"mb-m\">\n<div class=\"flex flex-col m:flex-row gap-s m:gap-xl\">\n<div class=\"text-h3 min-w-[244px] max-w-[244px]\">Farbe<\/div>\n<div class=\"flex flex-col gap-s\"><span class=\"ml-3xs pl-[15px] relative before:absolute before:w-[8px] before:h-[8px] before:bg-dark before:top-[8px] before:left-0 before:rounded-full\">Schwarz<\/span><\/div>\n<\/div>\n<\/li>\n<li class=\"mb-m\">\n<div class=\"flex flex-col m:flex-row gap-s m:gap-xl\">\n<div class=\"text-h3 min-w-[244px] max-w-[244px]\">Ma\u00dfe in mm (B x H x T)<\/div>\n<div class=\"flex flex-col gap-s\"><span class=\"ml-3xs pl-[15px] relative before:absolute before:w-[8px] before:h-[8px] before:bg-dark before:top-[8px] before:left-0 before:rounded-full\">H\u00f6he: 769 mm<\/span><span class=\"ml-3xs pl-[15px] relative before:absolute before:w-[8px] before:h-[8px] before:bg-dark before:top-[8px] before:left-0 before:rounded-full\">Breite: 415 mm<\/span><span class=\"ml-3xs pl-[15px] relative before:absolute before:w-[8px] before:h-[8px] before:bg-dark before:top-[8px] before:left-0 before:rounded-full\">Tiefe: 369 mm<\/span><\/div>\n<\/div>\n<\/li>\n<li class=\"mb-m\">\n<div class=\"flex flex-col m:flex-row gap-s m:gap-xl\">\n<div class=\"text-h3 min-w-[244px] max-w-[244px]\">Gewicht<\/div>\n<div class=\"flex flex-col gap-s\"><span class=\"ml-3xs pl-[15px] relative before:absolute before:w-[8px] before:h-[8px] before:bg-dark before:top-[8px] before:left-0 before:rounded-full\">ca. 25,5 kg<\/span><\/div>\n<\/div>\n<\/li>\n<li class=\"mb-m\">\n<div class=\"flex flex-col m:flex-row gap-s m:gap-xl\">\n<div class=\"text-h3 min-w-[244px] max-w-[244px]\">Lieferumfang<\/div>\n<div class=\"flex flex-col gap-s\"><span class=\"ml-3xs pl-[15px] relative before:absolute before:w-[8px] before:h-[8px] before:bg-dark before:top-[8px] before:left-0 before:rounded-full\">1 x JBL PartyBox 520<\/span><span class=\"ml-3xs pl-[15px] relative before:absolute before:w-[8px] before:h-[8px] before:bg-dark before:top-[8px] before:left-0 before:rounded-full\">1 x Kurzanleitung<\/span><span class=\"ml-3xs pl-[15px] relative before:absolute before:w-[8px] before:h-[8px] before:bg-dark before:top-[8px] before:left-0 before:rounded-full\">2 x Mikrofone mit wireless Dongle<\/span><span class=\"ml-3xs pl-[15px] relative before:absolute before:w-[8px] before:h-[8px] before:bg-dark before:top-[8px] before:left-0 before:rounded-full\">1 x Sicherheitsanweisungen und Garantiekarte<\/span><span class=\"ml-3xs pl-[15px] relative before:absolute before:w-[8px] before:h-[8px] before:bg-dark before:top-[8px] before:left-0 before:rounded-full\">2m Netzkabel<\/span><\/div>\n<\/div>\n<\/li>\n","protected":false},"excerpt":{"rendered":"<li class=\"bullet-list-item\">Portabler Bluetooth-Lautsprecher, Teleskopgriff und robuste Rollen <\/li>\n<li class=\"bullet-list-item\">Individuell anpassbare Lighteffekte, zwei XLR-Eing\u00e4nge<\/li>\n<li class=\"bullet-list-item\">Integrierter wechselbarer Li-Ion-Akku mit bis zu 15h Laufzeit<\/li>\n<li class=\"bullet-list-item\">Multi-Speaker-Konnektivit\u00e4t von Auracast\u2122, AI-Sound-Boost<\/li>\n<li class=\"bullet-list-item\">Steuerung mit JBL PartyBox App, inkl. 2 Mikrofonen und Wireless Dongle<\/li>\n<p> Herstellernummer JBLPARTYBOX520EU+JBLPBWIRELESSMIC<\/p>","protected":false},"featured_media":45831,"comment_status":"open","ping_status":"closed","template":"","meta":{"_monsterinsights_skip_tracking":false,"_monsterinsights_sitenote_active":false,"_monsterinsights_sitenote_note":"","_monsterinsights_sitenote_category":0,"_uf_show_specific_survey":0,"_uf_disable_surveys":false},"product_brand":[],"product_cat":[492],"product_tag":[],"models":[],"years":[],"class_list":{"0":"post-37831","1":"product","2":"type-product","3":"status-publish","4":"has-post-thumbnail","6":"product_cat-lautsprecher","8":"first","9":"instock","10":"sale","11":"featured","12":"shipping-taxable","13":"purchasable","14":"product-type-simple"},"aioseo_notices":[],"acf":[],"_links":{"self":[{"href":"https:\/\/amannforg.com\/fr\/wp-json\/wp\/v2\/product\/37831","targetHints":{"allow":["GET"]}}],"collection":[{"href":"https:\/\/amannforg.com\/fr\/wp-json\/wp\/v2\/product"}],"about":[{"href":"https:\/\/amannforg.com\/fr\/wp-json\/wp\/v2\/types\/product"}],"replies":[{"embeddable":true,"href":"https:\/\/amannforg.com\/fr\/wp-json\/wp\/v2\/comments?post=37831"}],"version-history":[{"count":1,"href":"https:\/\/amannforg.com\/fr\/wp-json\/wp\/v2\/product\/37831\/revisions"}],"predecessor-version":[{"id":57892,"href":"https:\/\/amannforg.com\/fr\/wp-json\/wp\/v2\/product\/37831\/revisions\/57892"}],"wp:featuredmedia":[{"embeddable":true,"href":"https:\/\/amannforg.com\/fr\/wp-json\/wp\/v2\/media\/45831"}],"wp:attachment":[{"href":"https:\/\/amannforg.com\/fr\/wp-json\/wp\/v2\/media?parent=37831"}],"wp:term":[{"taxonomy":"product_brand","embeddable":true,"href":"https:\/\/amannforg.com\/fr\/wp-json\/wp\/v2\/product_brand?post=37831"},{"taxonomy":"product_cat","embeddable":true,"href":"https:\/\/amannforg.com\/fr\/wp-json\/wp\/v2\/product_cat?post=37831"},{"taxonomy":"product_tag","embeddable":true,"href":"https:\/\/amannforg.com\/fr\/wp-json\/wp\/v2\/product_tag?post=37831"},{"taxonomy":"models","embeddable":true,"href":"https:\/\/amannforg.com\/fr\/wp-json\/wp\/v2\/models?post=37831"},{"taxonomy":"years","embeddable":true,"href":"https:\/\/amannforg.com\/fr\/wp-json\/wp\/v2\/years?post=37831"}],"curies":[{"name":"wp","href":"https:\/\/api.w.org\/{rel}","templated":true}]}}