{"id":37843,"date":"2026-03-03T23:12:22","date_gmt":"2026-03-03T23:12:22","guid":{"rendered":"https:\/\/amannforg.com\/?post_type=product&#038;p=37843"},"modified":"2026-03-13T11:38:30","modified_gmt":"2026-03-13T11:38:30","slug":"sony-srs-xv500-tragbarer-kabelloser-bluetooth-party-lautsprecher-schwarz","status":"publish","type":"product","link":"https:\/\/amannforg.com\/fr\/produit\/sony-srs-xv500-tragbarer-kabelloser-bluetooth-party-lautsprecher-schwarz\/","title":{"rendered":"Sony SRS-XV500 &#8211; Tragbarer kabelloser Bluetooth-Party-Lautsprecher &#8211; schwarz"},"content":{"rendered":"<div class=\"article\">\n<div class=\"titlepage\">\n<h2 class=\"text-h3 mb-l\">Sony SRS-XV500 &#8211; Kabelloser Bluetooth-Party-Lautsprecher<\/h2>\n<\/div>\n<div class=\"formalpara\">\n<div class=\"titlepage\">\n<h2 class=\"text-h3 mb-l\">Der SRS-XV500 ist ein echter Party-Starter!<\/h2>\n<\/div><\/div>\n<p class=\"mb-l\">Mit zwei gro\u00dfen X-Balanced-Lautsprechern f\u00fcr tiefe, kraftvolle B\u00e4sse, zwei nach vorn gerichteten Hocht\u00f6nern f\u00fcr atemberaubende Klarheit und Detailtreue bei jedem Song und einer MEGA BASS-Taste f\u00fcr einen extra Boost, wurde dieser Lautsprecher entwickelt, um zu beeindrucken.<\/p>\n<p class=\"mb-l\">Der 25-Stunden-Akku sorgt daf\u00fcr, dass die Musik Tag und Nacht l\u00e4uft. In Eile? Die Schnellladefunktion erm\u00f6glicht eine 2,5-st\u00fcndige Wiedergabe bei einer Ladezeit von nur 10 Minuten. Nat\u00fcrlich kann der XV500 auch einfach mit dem Stromnetz verbunden und gleichzeitig Musik genossen werden.<\/p>\n<p class=\"mb-l\">Ob drinnen oder drau\u00dfen, der SRS-XV500 ist mit zwei Griffen ausgestattet, die den Transport erleichtern. Au\u00dferdem ist er nach IPX4 wasserdicht, sodass sich keinerlei Sorgen \u00fcber Regenspritzer oder versch\u00fcttete Getr\u00e4nke gemacht werden muss!<\/p>\n<p class=\"mb-l\">Bei diesem Lautsprecher dreht sich alles um die BESTE Zeit. Er kann mit mehrfarbigen Party-Lichtern in Szene gesetzt werden, die sich mit dem Beat synchronisieren. Mit der Touch- oder App-Steuerung kann die Party auch direkt von der Tanzfl\u00e4che aus gesteuert werden. Damit die Stimmung so richtig steigt, k\u00f6nnen Karaoke-Mikrofone oder eine Gitarre sowie bis zu 100 kompatible Lautsprecher miteinander verbunden werden.<\/p>\n<p class=\"mb-l\"> <span class=\"bold\">Kraftvollen Partysound genie\u00dfen!<\/span> <\/p>\n<p class=\"mb-l\">Mit zwei gro\u00dfen X-Balanced-Lautsprechern f\u00fcr tiefe, kraftvolle B\u00e4sse und zwei nach vorn gerichteten Hocht\u00f6nern f\u00fcr mehr Musikklarheit liefert der SRS-XV500 einen gewaltigen, energiegeladenen Sound.<\/p>\n<p class=\"mb-l\"> <span class=\"bold\">Musikwiedergabe den ganzen Tag und die ganze Nacht<\/span> <\/p>\n<p class=\"mb-l\">Eine beeindruckende Akkulaufzeit von 25 Stunden genie\u00dfen, eine Schnellladefunktion, die mit einer 10-min\u00fctigen Aufladung eine 2,5-st\u00fcndige Musikwiedergabe erm\u00f6glicht oder die Wiedergabe \u00fcber das Stromnetz.<\/p>\n<p class=\"mb-l\"> <span class=\"bold\">Das Party-Feeling \u00fcberall mithinnehmen<\/span> <\/p>\n<p class=\"mb-l\">Mit zwei praktischen Tragegriffen und der IPX4 Zertifizierung ist dieser tragbare Lautsprecher perfekt f\u00fcr den Innen- und Au\u00dfenbereich geeignet.<\/p>\n<p class=\"mb-l\"> <span class=\"bold\">Mit Lichteffekten und mehr eine Atmosph\u00e4re schaffen<\/span> <\/p>\n<p class=\"mb-l\">Mehrfarbige Party-Lichter synchronisieren sich mit der Musik und der kabellose Lautsprecher kann sofort \u00fcber das intuitive Touchpanel oder die Sony | Music Center App gesteuert werden.<\/p>\n<p class=\"mb-l\"> <span class=\"bold\">Die eigenen Talente entdecken mit den Mikrofon-\/Gitarreneing\u00e4ngen<\/span> <\/p>\n<p class=\"mb-l\">Mit zwei Mikrofoneing\u00e4ngen kann der SRS-XV500 als PA-System, Karaoke-System oder sogar Gitarrenverst\u00e4rker verwendet werden.<\/p>\n<p class=\"mb-l\"> <span class=\"bold\">Konnektivit\u00e4t und Audiopotenzial erweitern<\/span> <\/p>\n<p class=\"mb-l\">Dank Party Connect k\u00f6nnen bis zu 100 kompatible Bluetooth-Lautsprecher miteinander verbunden werden! Es ist au\u00dferdem m\u00f6glich einen weiteren SRS-XV500 mit Stereo Pair zu verbinden, wodurch einer als linker Kanal, der andere als rechter Kanal fungiert.<\/p>\n<\/p><\/div>\n<li class=\"mb-m\">\n<div class=\"flex flex-col m:flex-row gap-s m:gap-xl\">\n<div class=\"text-h3 min-w-[244px] max-w-[244px]\">Typ \/ Kommunikation<\/div>\n<div class=\"flex flex-col gap-s\"><span class=\"ml-3xs pl-[15px] relative before:absolute before:w-[8px] before:h-[8px] before:bg-dark before:top-[8px] before:left-0 before:rounded-full\">Bluetooth<\/span><\/div>\n<\/div>\n<\/li>\n<li class=\"mb-m\">\n<div class=\"flex flex-col m:flex-row gap-s m:gap-xl\">\n<div class=\"text-h3 min-w-[244px] max-w-[244px]\">Stromversorgung<\/div>\n<div class=\"flex flex-col gap-s\"><span class=\"ml-3xs pl-[15px] relative before:absolute before:w-[8px] before:h-[8px] before:bg-dark before:top-[8px] before:left-0 before:rounded-full\">Portabel &#8211; mit integriertem Akku f\u00fcr Betrieb ohne Stromanschluss<\/span><span class=\"ml-3xs pl-[15px] relative before:absolute before:w-[8px] before:h-[8px] before:bg-dark before:top-[8px] before:left-0 before:rounded-full\">Laufzeit: ca. 25 Stunden (je nach Lautst\u00e4rke und Audioinhalt)<\/span><\/div>\n<\/div>\n<\/li>\n<li class=\"mb-m\">\n<div class=\"flex flex-col m:flex-row gap-s m:gap-xl\">\n<div class=\"text-h3 min-w-[244px] max-w-[244px]\">Anschl\u00fcsse<\/div>\n<div class=\"flex flex-col gap-s\"><span class=\"ml-3xs pl-[15px] relative before:absolute before:w-[8px] before:h-[8px] before:bg-dark before:top-[8px] before:left-0 before:rounded-full\">USB-Eingang<\/span><\/div>\n<\/div>\n<\/li>\n<li class=\"mb-m\">\n<div class=\"flex flex-col m:flex-row gap-s m:gap-xl\">\n<div class=\"text-h3 min-w-[244px] max-w-[244px]\">Ausstattung<\/div>\n<div class=\"flex flex-col gap-s\"><span class=\"ml-3xs pl-[15px] relative before:absolute before:w-[8px] before:h-[8px] before:bg-dark before:top-[8px] before:left-0 before:rounded-full\">komfortable App-Steuerung: ja (Android+IOS)<\/span><span class=\"ml-3xs pl-[15px] relative before:absolute before:w-[8px] before:h-[8px] before:bg-dark before:top-[8px] before:left-0 before:rounded-full\">Freisprechfunktion f\u00fcr Telefonie<\/span><\/div>\n<\/div>\n<\/li>\n<li class=\"mb-m\">\n<div class=\"flex flex-col m:flex-row gap-s m:gap-xl\">\n<div class=\"text-h3 min-w-[244px] max-w-[244px]\">Besonderheiten<\/div>\n<div class=\"flex flex-col gap-s\"><span class=\"ml-3xs pl-[15px] relative before:absolute before:w-[8px] before:h-[8px] before:bg-dark before:top-[8px] before:left-0 before:rounded-full\">Gro\u00dfartiger Sound in jeder Lage<\/span><span class=\"ml-3xs pl-[15px] relative before:absolute before:w-[8px] before:h-[8px] before:bg-dark before:top-[8px] before:left-0 before:rounded-full\">Der XP500 l\u00e4sst sich dank des symmetrischen Front-Lautsprecher-Designs horizontal oder vertikal positionieren.<\/span><\/div>\n<\/div>\n<\/li>\n<li class=\"mb-m\">\n<div class=\"flex flex-col m:flex-row gap-s m:gap-xl\">\n<div class=\"text-h3 min-w-[244px] max-w-[244px]\">Farbe<\/div>\n<div class=\"flex flex-col gap-s\"><span class=\"ml-3xs pl-[15px] relative before:absolute before:w-[8px] before:h-[8px] before:bg-dark before:top-[8px] before:left-0 before:rounded-full\">Schwarz<\/span><\/div>\n<\/div>\n<\/li>\n<li class=\"mb-m\">\n<div class=\"flex flex-col m:flex-row gap-s m:gap-xl\">\n<div class=\"text-h3 min-w-[244px] max-w-[244px]\">Ma\u00dfe in mm (B x H x T)<\/div>\n<div class=\"flex flex-col gap-s\"><span class=\"ml-3xs pl-[15px] relative before:absolute before:w-[8px] before:h-[8px] before:bg-dark before:top-[8px] before:left-0 before:rounded-full\">H\u00f6he: 564 mm<\/span><span class=\"ml-3xs pl-[15px] relative before:absolute before:w-[8px] before:h-[8px] before:bg-dark before:top-[8px] before:left-0 before:rounded-full\">Breite: 269 mm<\/span><span class=\"ml-3xs pl-[15px] relative before:absolute before:w-[8px] before:h-[8px] before:bg-dark before:top-[8px] before:left-0 before:rounded-full\">Tiefe: 294 mm<\/span><\/div>\n<\/div>\n<\/li>\n<li class=\"mb-m\">\n<div class=\"flex flex-col m:flex-row gap-s m:gap-xl\">\n<div class=\"text-h3 min-w-[244px] max-w-[244px]\">Gewicht<\/div>\n<div class=\"flex flex-col gap-s\"><span class=\"ml-3xs pl-[15px] relative before:absolute before:w-[8px] before:h-[8px] before:bg-dark before:top-[8px] before:left-0 before:rounded-full\">ca. 11,2 kg<\/span><\/div>\n<\/div>\n<\/li>\n","protected":false},"excerpt":{"rendered":"<li class=\"bullet-list-item\">mit kraftvollem Sound und MEGA BASS<\/li>\n<li class=\"bullet-list-item\">25 Stunden Akkulaufzeit<\/li>\n<li class=\"bullet-list-item\">tragbar, f\u00fcr drinnen und drau\u00dfen<\/li>\n<li class=\"bullet-list-item\">IPX4-Bewertung, Beleuchtung, Karaoke<\/li>\n<li class=\"bullet-list-item\">Die eigenen Talente entdecken mit den Mikrofon-\/Gitarreneing\u00e4ngen<\/li>\n<p> Herstellernummer SRSXV500B.CEL<\/p>","protected":false},"featured_media":45837,"comment_status":"open","ping_status":"closed","template":"","meta":{"_monsterinsights_skip_tracking":false,"_monsterinsights_sitenote_active":false,"_monsterinsights_sitenote_note":"","_monsterinsights_sitenote_category":0,"_uf_show_specific_survey":0,"_uf_disable_surveys":false},"product_brand":[],"product_cat":[492],"product_tag":[],"models":[],"years":[],"class_list":{"0":"post-37843","1":"product","2":"type-product","3":"status-publish","4":"has-post-thumbnail","6":"product_cat-lautsprecher","8":"first","9":"instock","10":"sale","11":"featured","12":"shipping-taxable","13":"purchasable","14":"product-type-simple"},"aioseo_notices":[],"acf":[],"_links":{"self":[{"href":"https:\/\/amannforg.com\/fr\/wp-json\/wp\/v2\/product\/37843","targetHints":{"allow":["GET"]}}],"collection":[{"href":"https:\/\/amannforg.com\/fr\/wp-json\/wp\/v2\/product"}],"about":[{"href":"https:\/\/amannforg.com\/fr\/wp-json\/wp\/v2\/types\/product"}],"replies":[{"embeddable":true,"href":"https:\/\/amannforg.com\/fr\/wp-json\/wp\/v2\/comments?post=37843"}],"version-history":[{"count":1,"href":"https:\/\/amannforg.com\/fr\/wp-json\/wp\/v2\/product\/37843\/revisions"}],"predecessor-version":[{"id":57893,"href":"https:\/\/amannforg.com\/fr\/wp-json\/wp\/v2\/product\/37843\/revisions\/57893"}],"wp:featuredmedia":[{"embeddable":true,"href":"https:\/\/amannforg.com\/fr\/wp-json\/wp\/v2\/media\/45837"}],"wp:attachment":[{"href":"https:\/\/amannforg.com\/fr\/wp-json\/wp\/v2\/media?parent=37843"}],"wp:term":[{"taxonomy":"product_brand","embeddable":true,"href":"https:\/\/amannforg.com\/fr\/wp-json\/wp\/v2\/product_brand?post=37843"},{"taxonomy":"product_cat","embeddable":true,"href":"https:\/\/amannforg.com\/fr\/wp-json\/wp\/v2\/product_cat?post=37843"},{"taxonomy":"product_tag","embeddable":true,"href":"https:\/\/amannforg.com\/fr\/wp-json\/wp\/v2\/product_tag?post=37843"},{"taxonomy":"models","embeddable":true,"href":"https:\/\/amannforg.com\/fr\/wp-json\/wp\/v2\/models?post=37843"},{"taxonomy":"years","embeddable":true,"href":"https:\/\/amannforg.com\/fr\/wp-json\/wp\/v2\/years?post=37843"}],"curies":[{"name":"wp","href":"https:\/\/api.w.org\/{rel}","templated":true}]}}