{"id":37887,"date":"2026-03-03T23:12:44","date_gmt":"2026-03-03T23:12:44","guid":{"rendered":"https:\/\/amannforg.com\/?post_type=product&#038;p=37887"},"modified":"2026-03-13T11:38:07","modified_gmt":"2026-03-13T11:38:07","slug":"marshall-stanmore-bt-iii-braun-bluetooth-lautsprecher","status":"publish","type":"product","link":"https:\/\/amannforg.com\/fr\/produit\/marshall-stanmore-bt-iii-braun-bluetooth-lautsprecher\/","title":{"rendered":"Marshall STANMORE BT III braun Bluetooth Lautsprecher"},"content":{"rendered":"<div class=\"article\">\n<div class=\"titlepage\">\n<h2 class=\"text-h3 mb-l\">Marshall STANMORE BT III braun Lautsprecher<\/h2>\n<\/div>\n<p class=\"mb-l\"> <span class=\"bold\">DIE LEGENDE &#8211; \u00dcBERARBEITETES DESIGN MIT KRAFTVOLLEREM KLANGERLEBNIS<\/span> <\/p>\n<p class=\"mb-l\">Stanmore III bietet als mittelgro\u00dfer Home-Lautsprecher weitreichenden Marshall Sound f\u00fcr jeden Raum. Stanmore III hat ein noch breiteres Klangbild als sein Vorg\u00e4nger und liefert den typischen, raumf\u00fcllenden Marshall Sound, f\u00fcr ein noch umfassenderes Sounderlebnis. Die neue Generation des Stanmore verf\u00fcgt \u00fcber nach au\u00dfen abgewinkelte Hocht\u00f6ner und \u00fcberarbeitete Waveguides f\u00fcr einen gleichbleibend soliden Sound, der so umfangreich ist, dass er im ganzen Raum erlebt werden kann. <\/p>\n<p class=\"mb-l\">Das Zweiwege-Treibersystem garantiert einen kr\u00e4ftigen, aber ausgewogenen Sound mit klaren H\u00f6hen und kontrollierten, donnernden B\u00e4ssen. Die integrierte Dynamic Loudness Funktion passt die tonale Balance des Sounds an und stellt sicher, dass deine Musik bei jeder Lautst\u00e4rke genial klingt. Gleichzeitig korrigiert die Placement Compensation reflektierende Oberfl\u00e4chen in der N\u00e4he, die sich auf den Sound auswirken k\u00f6nnten. <\/p>\n<p class=\"mb-l\">Stanmore III ist ebenfalls bereit f\u00fcr die Zukunft der Bluetooth-Technologie und wurde entwickelt, um Bluetooth-Funktionen der n\u00e4chsten Generation zu unterst\u00fctzen, sobald diese verf\u00fcgbar sind.<\/p>\n<p class=\"mb-l\">Marshall hat seiner charakteristischen Rock\u2019n\u2018Roll Home-Kollektion mit einem schlichten Design entwickelt, das ein lautes Statement setzt. Das ikonische Design stellt alle anderen Lautsprecher in den Schatten. Der Lautsprecher hat einen moderneren, schlichteren Look, aber Stanmore III ist durch und durch ein Marshall Klassiker. W\u00e4hle das Design, das zu dir passt \u2013 Original Black, Vintage Cream oder Entspannt Braun. <\/p>\n<p class=\"mb-l\">Stanmore III ist direkt einsatzbereit, sodass du ihn einfach koppeln und Musik abspielen kannst, ohne dich mit einer komplizierten Installation zu st\u00f6ren. Verbinde den Lautsprecher ganz einfach \u00fcber Bluetooth, den RCA- oder 3,5-mm- Eingang mit deinem Ger\u00e4t und schon kannst du den Sound genie\u00dfen. Erlebe die Power des Marshall Sounds mit Stanmore III, dem mittelgro\u00dfen Lautsprecher, der \u00fcberall ein lautes Statement setzt.<\/p>\n<p class=\"mb-l\"> <span class=\"bold\">RAUMF\u00dcLLENDER SOUND<\/span> <\/p>\n<p class=\"mb-l\">Stanmore III hat ein noch breiteres Klangbild als sein Vorg\u00e4nger und bietet raumf\u00fcllenden Marshall Sound, f\u00fcr ein noch umfassenderes Sounderlebnis. Er verf\u00fcgt \u00fcber einen 5-Zoll-Basslautsprecher und zwei nach au\u00dfen abgewinkelte 3\/4-Zoll-Hocht\u00f6ner mit \u00fcberarbeiteten Waveguides, um einen gleichbleibend soliden Sound zu liefern, der so umfangreich ist, dass er im ganzen Raum erlebt werden kann. Das Zweiwege-Treibersystem liefert einen kr\u00e4ftigen, aber ausgewogenen Sound mit klaren H\u00f6hen und kontrollierten, donnernden B\u00e4ssen. Die neue Placement Compensation korrigiert reflektierende Oberfl\u00e4chen in der N\u00e4he, die sich auf den Sound auswirken k\u00f6nnten. Da sich unsere Frequenzwahrnehmung je nach Lautst\u00e4rke \u00e4ndert, passt die integrierte Dynamic Loudness Funktion die tonale Balance des Klangs an \u2013 so wird garantiert, dass deine Musik bei jeder Lautst\u00e4rke genial klingt. Dieser mittelgro\u00dfe Lautsprecher bietet den unvergleichlichen Marshall Sound, der dich vollst\u00e4ndig in deine Musik eintauchen l\u00e4sst.<\/p>\n<p class=\"mb-l\"> <span class=\"bold\">KOPPELN, ABSPIELEN UND LOS GEHT\u2019S<\/span> <\/p>\n<p class=\"mb-l\">Stanmore III ist ein unkomplizierter Lautsprecher, der ohne aufw\u00e4ndiges Einrichten sofort einsatzbereit ist \u2013 einfach verbinden und Musik abspielen. Du findest alles, was du brauchst, direkt auf der Anlage, einschlie\u00dflich die Bluetooth-Kopplungstaste, den Hauptschalter, die Bass- und H\u00f6henregler und den Steuerknopf, sodass du deine Musik ganz einfach steuern kannst, ohne ein gekoppeltes Mobilger\u00e4t aufzugreifen. Stanmore III ist sofort einsatzbereit, wenn du deine Lieblingssongs h\u00f6ren m\u00f6chtest.<\/p>\n<p class=\"mb-l\"> <span class=\"bold\">BLUETOOTH DER N\u00c4CHSTEN GENERATION<\/span> <\/p>\n<p class=\"mb-l\">Stanmore III ist bereit f\u00fcr die Zukunft der Bluetooth-Technologie und wurde so entwickelt, dass er Bluetooth-Funktionen der n\u00e4chsten Generation unterst\u00fctzt, sobald diese verf\u00fcgbar sind. Over-the-Air(OTA)-Updates \u00fcber die App sorgen daf\u00fcr, dass dein Lautsprecher immer mit der neuesten Software und den neuesten Funktionen ausgestattet ist. Diese zukunftssichere Technologie liefert die bestm\u00f6gliche Audioqualit\u00e4t, erh\u00f6ht die Streaming-Reichweite und verbessert gleichzeitig die Audiosynchronisation \u2013 f\u00fcr eine sp\u00fcrbar bessere Verbindung bei der Wiedergabe von Videos. Ebenfalls bald verf\u00fcgbar ist die Multi-Stream-Funktion, mit der du von einem Ger\u00e4t aus eine Verbindung zu mehreren Lautsprechern herstellen kannst, sowie die Broadcast-Funktion, mit der du Audio an andere Ger\u00e4te \u00fcbertragen kannst. Wenn diese Next Generation Bluetooth-Technologie auf den Markt kommt, ist dein Lautsprecher bereit.<\/p>\n<p class=\"mb-l\"> <span class=\"bold\">KULTIGES DESIGN, DAS SICH ABHEBT<\/span> <\/p>\n<p class=\"mb-l\">Marshall hat seiner charakteristischen Home-Kollektion ein schlichtes Design verpasst, das ein lautes Statement setzt. Das kultige Design stellt alle anderen Lautsprecher in den Schatten. Charakteristische Details wie der Marshall Schriftzug und die Regler aus Messing zieren den Lautsprecher und erinnern an das Rock\u2019n\u2019Roll-Erbe der Marke.<\/p>\n<p class=\"mb-l\"> <span class=\"bold\">EIN NACHHALTIGERER ANSATZ<\/span> <\/p>\n<p class=\"mb-l\">Stanmore III hat Musik im Herz und Umwelt in Kopf. Diese neue Generation verfolgt einen nachhaltigeren Ansatz mit einer PVC-freien Konstruktion, die zu 70 % aus recyceltem Kunststoff und ausschlie\u00dflich aus veganen Materialien besteht.<\/p>\n<p class=\"mb-l\"> <span class=\"bold\">VERBINDEN UND STEUERN<\/span> <\/p>\n<p class=\"mb-l\">Dank zahlreicher Anschlussoptionen f\u00fcr den Stanmore III war es noch nie so einfach, Musik zu h\u00f6ren und den richtigen Sound zu erhalten. Verbinde deinen Lautsprecher \u00fcber Bluetooth, RCA oder den 3,5-mm-Eingang direkt mit deinem Ger\u00e4t. Lade die Bluetooth-App von Marshall herunter und stelle eine Verbindung her, um auf die Einstellungen f\u00fcr die Placement Compensation und Over-the-Air(OTA)-Updates zuzugreifen. Du kannst die B\u00e4sse und H\u00f6hen oben auf dem Lautsprecher einstellen, findest jedoch auch zus\u00e4tzliche Bedienelemente in der App.<\/p>\n<p class=\"mb-l\"> <span class=\"bold\">MARSHALL BLUETOOTH APP<\/span> <\/p>\n<p class=\"mb-l\">Neben den analogen Steuerkn\u00f6pfen k\u00f6nnen Sie die Marshall Bluetooth-App verwenden, um Ihr H\u00f6rerlebnis anzupassen oder die Musik zu steuern, die Sie h\u00f6ren. Verwenden Sie die App, um zwischen den EQ-Voreinstellungen zu wechseln, den Stereo- oder Ambient-Modus einzustellen und die Intensit\u00e4t der LED-Anzeigen auf der Oberseite einzustellen. Sie k\u00f6nnen den Lautsprecher auch in Sekundenschnelle aufwecken oder in den Standby-Modus versetzen.<\/p>\n<\/p><\/div>\n<li class=\"mb-m\">\n<div class=\"flex flex-col m:flex-row gap-s m:gap-xl\">\n<div class=\"text-h3 min-w-[244px] max-w-[244px]\">Typ \/ Kommunikation<\/div>\n<div class=\"flex flex-col gap-s\"><span class=\"ml-3xs pl-[15px] relative before:absolute before:w-[8px] before:h-[8px] before:bg-dark before:top-[8px] before:left-0 before:rounded-full\">Bluetooth<\/span><span class=\"ml-3xs pl-[15px] relative before:absolute before:w-[8px] before:h-[8px] before:bg-dark before:top-[8px] before:left-0 before:rounded-full\">Version: 5.2<\/span><\/div>\n<\/div>\n<\/li>\n<li class=\"mb-m\">\n<div class=\"flex flex-col m:flex-row gap-s m:gap-xl\">\n<div class=\"text-h3 min-w-[244px] max-w-[244px]\">Stromversorgung<\/div>\n<div class=\"flex flex-col gap-s\"><span class=\"ml-3xs pl-[15px] relative before:absolute before:w-[8px] before:h-[8px] before:bg-dark before:top-[8px] before:left-0 before:rounded-full\">Station\u00e4r &#8211; Stromzufuhr \u00fcber 220V Stromanschluss<\/span><\/div>\n<\/div>\n<\/li>\n<li class=\"mb-m\">\n<div class=\"flex flex-col m:flex-row gap-s m:gap-xl\">\n<div class=\"text-h3 min-w-[244px] max-w-[244px]\">Anschl\u00fcsse<\/div>\n<div class=\"flex flex-col gap-s\"><span class=\"ml-3xs pl-[15px] relative before:absolute before:w-[8px] before:h-[8px] before:bg-dark before:top-[8px] before:left-0 before:rounded-full\">AUX In Anschluss<\/span><\/div>\n<\/div>\n<\/li>\n<li class=\"mb-m\">\n<div class=\"flex flex-col m:flex-row gap-s m:gap-xl\">\n<div class=\"text-h3 min-w-[244px] max-w-[244px]\">Ausstattung<\/div>\n<div class=\"flex flex-col gap-s\"><span class=\"ml-3xs pl-[15px] relative before:absolute before:w-[8px] before:h-[8px] before:bg-dark before:top-[8px] before:left-0 before:rounded-full\">komfortable App-Steuerung: ja (Android+IOS)<\/span><\/div>\n<\/div>\n<\/li>\n<li class=\"mb-m\">\n<div class=\"flex flex-col m:flex-row gap-s m:gap-xl\">\n<div class=\"text-h3 min-w-[244px] max-w-[244px]\">Farbe<\/div>\n<div class=\"flex flex-col gap-s\"><span class=\"ml-3xs pl-[15px] relative before:absolute before:w-[8px] before:h-[8px] before:bg-dark before:top-[8px] before:left-0 before:rounded-full\">Braun<\/span><\/div>\n<\/div>\n<\/li>\n<li class=\"mb-m\">\n<div class=\"flex flex-col m:flex-row gap-s m:gap-xl\">\n<div class=\"text-h3 min-w-[244px] max-w-[244px]\">Ma\u00dfe in mm (B x H x T)<\/div>\n<div class=\"flex flex-col gap-s\"><span class=\"ml-3xs pl-[15px] relative before:absolute before:w-[8px] before:h-[8px] before:bg-dark before:top-[8px] before:left-0 before:rounded-full\">H\u00f6he: 203 mm<\/span><span class=\"ml-3xs pl-[15px] relative before:absolute before:w-[8px] before:h-[8px] before:bg-dark before:top-[8px] before:left-0 before:rounded-full\">Breite: 350 mm<\/span><span class=\"ml-3xs pl-[15px] relative before:absolute before:w-[8px] before:h-[8px] before:bg-dark before:top-[8px] before:left-0 before:rounded-full\">Tiefe: 188 mm<\/span><\/div>\n<\/div>\n<\/li>\n<li class=\"mb-m\">\n<div class=\"flex flex-col m:flex-row gap-s m:gap-xl\">\n<div class=\"text-h3 min-w-[244px] max-w-[244px]\">Gewicht<\/div>\n<div class=\"flex flex-col gap-s\"><span class=\"ml-3xs pl-[15px] relative before:absolute before:w-[8px] before:h-[8px] before:bg-dark before:top-[8px] before:left-0 before:rounded-full\">ca. 4,5 kg<\/span><\/div>\n<\/div>\n<\/li>\n<li class=\"mb-m\">\n<div class=\"flex flex-col m:flex-row gap-s m:gap-xl\">\n<div class=\"text-h3 min-w-[244px] max-w-[244px]\">Herstellergarantie\/-service<\/div>\n<div class=\"flex flex-col gap-s\"><\/div>\n<\/div>\n<\/li>\n","protected":false},"excerpt":{"rendered":"<li class=\"bullet-list-item\">aktiver Stereo-Bluetooth-Lautsprecher<\/li>\n<li class=\"bullet-list-item\">50-Watt-Verst\u00e4rker f\u00fcr Basslautsprecher, 2&#215;15-Watt f\u00fcr Hocht\u00f6ner<\/li>\n<li class=\"bullet-list-item\">Bluetooth 5.2, Aux-In, goldene Bedienelemente<\/li>\n<li class=\"bullet-list-item\">Steuerung und Klanganpassung per App<\/li>\n<li class=\"bullet-list-item\">Holzgeh\u00e4use mit braunem Bezug aus genarbtem Vinyl,<\/li>\n<p> Herstellernummer 1006080_Marshall<\/p>","protected":false},"featured_media":45852,"comment_status":"open","ping_status":"closed","template":"","meta":{"_monsterinsights_skip_tracking":false,"_monsterinsights_sitenote_active":false,"_monsterinsights_sitenote_note":"","_monsterinsights_sitenote_category":0,"_uf_show_specific_survey":0,"_uf_disable_surveys":false},"product_brand":[],"product_cat":[492],"product_tag":[],"models":[],"years":[],"class_list":{"0":"post-37887","1":"product","2":"type-product","3":"status-publish","4":"has-post-thumbnail","6":"product_cat-lautsprecher","8":"first","9":"instock","10":"sale","11":"featured","12":"shipping-taxable","13":"purchasable","14":"product-type-simple"},"aioseo_notices":[],"acf":[],"_links":{"self":[{"href":"https:\/\/amannforg.com\/fr\/wp-json\/wp\/v2\/product\/37887","targetHints":{"allow":["GET"]}}],"collection":[{"href":"https:\/\/amannforg.com\/fr\/wp-json\/wp\/v2\/product"}],"about":[{"href":"https:\/\/amannforg.com\/fr\/wp-json\/wp\/v2\/types\/product"}],"replies":[{"embeddable":true,"href":"https:\/\/amannforg.com\/fr\/wp-json\/wp\/v2\/comments?post=37887"}],"version-history":[{"count":1,"href":"https:\/\/amannforg.com\/fr\/wp-json\/wp\/v2\/product\/37887\/revisions"}],"predecessor-version":[{"id":57896,"href":"https:\/\/amannforg.com\/fr\/wp-json\/wp\/v2\/product\/37887\/revisions\/57896"}],"wp:featuredmedia":[{"embeddable":true,"href":"https:\/\/amannforg.com\/fr\/wp-json\/wp\/v2\/media\/45852"}],"wp:attachment":[{"href":"https:\/\/amannforg.com\/fr\/wp-json\/wp\/v2\/media?parent=37887"}],"wp:term":[{"taxonomy":"product_brand","embeddable":true,"href":"https:\/\/amannforg.com\/fr\/wp-json\/wp\/v2\/product_brand?post=37887"},{"taxonomy":"product_cat","embeddable":true,"href":"https:\/\/amannforg.com\/fr\/wp-json\/wp\/v2\/product_cat?post=37887"},{"taxonomy":"product_tag","embeddable":true,"href":"https:\/\/amannforg.com\/fr\/wp-json\/wp\/v2\/product_tag?post=37887"},{"taxonomy":"models","embeddable":true,"href":"https:\/\/amannforg.com\/fr\/wp-json\/wp\/v2\/models?post=37887"},{"taxonomy":"years","embeddable":true,"href":"https:\/\/amannforg.com\/fr\/wp-json\/wp\/v2\/years?post=37887"}],"curies":[{"name":"wp","href":"https:\/\/api.w.org\/{rel}","templated":true}]}}