{"id":37893,"date":"2026-03-03T23:12:46","date_gmt":"2026-03-03T23:12:46","guid":{"rendered":"https:\/\/amannforg.com\/?post_type=product&#038;p=37893"},"modified":"2026-03-13T11:38:07","modified_gmt":"2026-03-13T11:38:07","slug":"samsung-hw-ls60d-zg-2-0-lautsprecher-frame","status":"publish","type":"product","link":"https:\/\/amannforg.com\/fr\/produit\/samsung-hw-ls60d-zg-2-0-lautsprecher-frame\/","title":{"rendered":"Samsung HW-LS60D\/ZG 2.0 Lautsprecher Frame"},"content":{"rendered":"<p class=\"mb-l\"><span class=\"bold\">Samsung HW-LS60D\/ZG 2.0 Lautsprecher Frame 120W Framedesign <\/span><\/p>\n<p class=\"mb-l\"><span class=\"bold\">&#8211; Q- Symphony<\/span><\/p>\n<div class=\"itemizedlist\">\n<ul class=\"bullet-list\">\n<li class=\"bullet-list-item\">Music Frame Design personalisierbar mit Kunstwerken deiner Wahl<\/li>\n<li class=\"bullet-list-item\">Dank Dolby Atmos\u00ae ultimativen 3D-Sound genie\u00dfen<\/li>\n<li class=\"bullet-list-item\">Mit Q-Symphony die Lautsprecher des TVs und des Music Frame perfekt aufeinander abstimmen<\/li>\n<li class=\"bullet-list-item\">\u00dcber Bluetooth oder Wi-Fi beliebig verbinden und den Music Frame ohne Fernbedienung bequem \u00fcber dein Smartphone steuern<\/li>\n<\/ul>\n<\/div>\n<p class=\"mb-l\"><span class=\"bold\">Grenzenloser Sound, individuell eingerahmt.<\/span><\/p>\n<p class=\"mb-l\">Lautsprecher im individualisierbaren RahmendesignDer Music Frame hat die Form eines Rahmens und kann mit einem Fotorahmen oder dem Art Panel nach deinem Geschmack angepasst werden.<\/p>\n<p class=\"mb-l\"><span class=\"bold\">Dolby Atmos (Music Frame)<\/span><\/p>\n<p class=\"mb-l\">Erlebe 3D-Sound, der dich ganz und gar umh\u00fcllt<\/p>\n<p class=\"mb-l\">Erlebe beeindruckenden 3D-Sound mit Dolby Atmos.<\/p>\n<p class=\"mb-l\"><span class=\"bold\">Weiter Sweet Spot<\/span><\/p>\n<p class=\"mb-l\">Genie\u00dfe ein harmonisches Klangerlebnis im ganzen Raum<\/p>\n<p class=\"mb-l\">Der Dreiwegelautsprecher und ein Waveguide sorgen daf\u00fcr, dass der Sound m\u00f6glichst breit gestreut wird, obwohl er aus einer ganz kleinen \u00d6ffnung kommt.<\/p>\n<p class=\"mb-l\"><span class=\"bold\">Kabelloses Streaming (Music Frame)<\/span><\/p>\n<p class=\"mb-l\">Kabelloses Streaming in HiFi-Qualit\u00e4t<\/p>\n<p class=\"mb-l\">Genie\u00dfe deine Lieblingssongs ohne Kabel ganz bequem via Wi-Fi oder Bluetooth.<\/p>\n<p class=\"mb-l\"><span class=\"bold\">Q-Symphony<\/span><\/p>\n<p class=\"mb-l\">Integriere den Music Frame nahtlos in dein Surround System<\/p>\n<p class=\"mb-l\">Lass deine TV- und Soundbar-Lautsprecher gemeinsam mit dem Music Frame abspielen, um dein Heimkinoerlebnis zu erzeugen.<\/p>\n<p class=\"mb-l\"><span class=\"bold\">SpaceFit Sound Pro<\/span><\/p>\n<p class=\"mb-l\">Perfekt auf deinen Raum abgestimmter Sound<\/p>\n<p class=\"mb-l\">Mit SpaceFit Sound Pro erlebst du einen Sound, der individuell auf die Bedingungen in deinem Raum abgestimmt ist. Die Pro-Version vereint die Klarheit und den immersiven Klang von SpaceFit Sound mit zus\u00e4tzlich optimierten B\u00e4ssen. So kannst du in jedem Raum und jeder Umgebung immer den beeindruckenden Sound genie\u00dfen.<\/p>\n<p class=\"mb-l\"><span class=\"bold\">Adaptive Sound<\/span><\/p>\n<p class=\"mb-l\">Szene f\u00fcr Szene automatisch angepasster Sound<\/p>\n<p class=\"mb-l\">Adaptive Sound passt den Sound deiner Lieblingsinhalte automatisch an. Dazu analysiert die Technologie die Tonspur Szene f\u00fcr Szene. Das macht sich auch in leisen Dialogen bemerkbar, denen du dadurch ganz einfach folgen kannst.<\/p>\n<p class=\"mb-l\"><span class=\"bold\">Aktiver Sprachverst\u00e4rker<\/span><\/p>\n<p class=\"mb-l\">Klar h\u00f6rbare Dialoge \u2013 als w\u00e4rst du dabei<\/p>\n<p class=\"mb-l\">Die aktive Sprachverst\u00e4rkung kann st\u00f6rende Ger\u00e4usche im Umfeld des Fernsehers automatisch erkennen und durch Anhebung der Stimmen die Sprachverst\u00e4ndlichkeit anpassen. So h\u00f6rst du Dialoge klar und deutlich.* <\/p>\n<p class=\"mb-l\"><span class=\"bold\">Sprachassistent &amp; Streaming-Funktionen<\/span><\/p>\n<p class=\"mb-l\">Streame Musik, die du liebst, und steuere sie mit deiner Stimme<\/p>\n<p class=\"mb-l\">Steuere deinen Music Frame mit deiner Stimme, indem du die integrierte Alexa-Funktion verwendest. Oder stelle eine Verbindung zu AirPlay her, um Audio zu streamen \u2013 tippe einfach uf das AirPlay-Symbol auf deinem Apple-Ger\u00e4t. Mit Apple AirPlay kannst du deine Lieblingsmusik oder Podcasts von deinem iPhone oder iPad aus genie\u00dfen.<\/p>\n<p class=\"mb-l\"><span class=\"bold\">SmartThings Hub per USB-Dongle<\/span><\/p>\n<p class=\"mb-l\">SmartThings-Steuerung deiner Ger\u00e4te per USB-Dongle (separat erh\u00e4ltlich)<\/p>\n<p class=\"mb-l\">SmartThings erkennt Ger\u00e4te \u2013 auch solche mit ZigBee-Technologie \u2013 in der N\u00e4he des Music Frame und verbindet sich mit ihnen. Das geschieht \u00fcber die Hub-Funktion, die sich mittels separat erh\u00e4ltlichem USB-Dongle nachr\u00fcsten l\u00e4sst. So kannst du alle deine verbundenen Heimger\u00e4te ganz einfach mit der SmartThings App steuern.<\/p>\n<p class=\"mb-l\"><span class=\"bold\">SmartThings App<\/span><\/p>\n<p class=\"mb-l\">Kompatibel mit SmartThings App<\/p>\n<p class=\"mb-l\">Du kannst dein Audioger\u00e4t mit SmartThings via Wi-Fi verbinden, um es von deinem kompatiblen Smartphone aus zu steuern. Reguliere etwa die Lautst\u00e4rke, wenn du nicht in der N\u00e4he bist, oder koppele mehrere Lautsprecher miteinander. Au\u00dferdem kannst du Sprachassistenz- und Streaming-Funktionen nutzen sowie kompatible Musikplayer einbinden.<\/p>\n<p class=\"mb-l\"><span class=\"bold\">Tap Sound<\/span><\/p>\n<p class=\"mb-l\">Deine Musik und H\u00f6rb\u00fccher mit nur einem Antippen<\/p>\n<p class=\"mb-l\">Genie\u00dfe mit Tap Sound deine Musik auf eine spielend leichte Art und Weise. W\u00e4hrend du deinen Lieblingssong auf dem kompatiblen Smartphone abspielst, kannst du es einfach an die Soundbar halten und so den Song schnell \u00fcbertragen, damit du ihn in eindrucksvoller Soundqualit\u00e4t \u00fcber die Soundbar genie\u00dfen kannst.<\/p>\n<p class=\"mb-l\"><span class=\"bold\">Art Panel<\/span><\/p>\n<p class=\"mb-l\">Versch\u00f6nere dein Zuhause mit einem Art Panel deiner Wahl<\/p>\n<p class=\"mb-l\">W\u00e4hle ein Art Panel nach deinem Geschmack aus, damit sich der Music Frame harmonisch in dein Zuhause einf\u00fcgt.<\/p>\n<p class=\"mb-l\"><span class=\"bold\">Farbige Rahmen<\/span><\/p>\n<p class=\"mb-l\">Individualisiere deinen Music Frame mit farbigen Rahmen<\/p>\n<p class=\"mb-l\">W\u00e4hle eine Rahmenfarbe nach deinem Geschmack, damit der Music Frame perfekt zu deiner Einrichtung passt.<\/p>\n<p class=\"mb-l\"><span class=\"bold\">Eine Fernbedienung f\u00fcr alle Samsung Endger\u00e4te<\/span><\/p>\n<p class=\"mb-l\">Mit einer Fernbedienung alles unter Kontrolle haben dank One Remote Control.<\/p>\n<p class=\"mb-l\">Hier brauchst du nur eine Fernbedienung. Wichtige Funktionen, wie etwa das An- und Abschalten, die Lautst\u00e4rke und auch die Soundeffekte kannst du ganz einfach und intuitiv mit der Samsung One Remote Control steuern.<\/p>\n<p class=\"mb-l\"><span class=\"bold\">Kabellose TV-Verbindung<\/span><\/p>\n<p class=\"mb-l\">Kabellose Verbindung zwischen TV und Soundbar per WLAN oder Bluetooth\u00ae<\/p>\n<p class=\"mb-l\">Verabschiede dich von unn\u00f6tigem Kabelsalat in deinem Wohnraum. Verbinde deine Soundbar in wenigen Schritten kabellos \u00fcber WLAN oder Bluetooth\u00ae mit deinem TV und genie\u00dfe perfekt synchronisierten Sound sowie einen aufger\u00e4umten Look.*<\/p>\n<p class=\"mb-l\"><span class=\"bold\">Samsung Audio Lab<\/span><\/p>\n<p class=\"mb-l\">Moderner Sound \u2013 von unseren Ingenieur*innen entwickelt<\/p>\n<p class=\"mb-l\">Unsere Audioingenieur*innen haben im Samsung Audio Lab in Kalifornien fortschrittliche Akustiktechnologien getestet und optimiert, um dir einen ausgewogenen und raumf\u00fcllenden Sound liefern zu k\u00f6nnen.<\/p>\n<li class=\"mb-m\">\n<div class=\"flex flex-col m:flex-row gap-s m:gap-xl\">\n<div class=\"text-h3 min-w-[244px] max-w-[244px]\">Audio<\/div>\n<div class=\"flex flex-col gap-s\"><span class=\"\"><\/p>\n<ul class=\"flex flex-col gap-s\">\n<li class=\"ml-3xs pl-[15px] relative before:absolute before:w-[8px] before:h-[8px] before:bg-dark before:top-[8px] before:left-0 before:rounded-full\">Lautsprecherleistung: 120 W<\/li>\n<li class=\"ml-3xs pl-[15px] relative before:absolute before:w-[8px] before:h-[8px] before:bg-dark before:top-[8px] before:left-0 before:rounded-full\">Anzahl Lautsprecher: 1 St<\/li>\n<li class=\"ml-3xs pl-[15px] relative before:absolute before:w-[8px] before:h-[8px] before:bg-dark before:top-[8px] before:left-0 before:rounded-full\">Wiedergabeformate: <\/li>\n<div class=\"itemizedlist\">\n<ul class=\"flex flex-col gap-s\">\n<li class=\"ml-3xs pl-[15px] relative before:absolute before:w-[8px] before:h-[8px] before:bg-dark before:top-[8px] before:left-0 before:rounded-full\">FLAC<\/li>\n<li class=\"ml-3xs pl-[15px] relative before:absolute before:w-[8px] before:h-[8px] before:bg-dark before:top-[8px] before:left-0 before:rounded-full\">weitere Dolby Formate<\/li>\n<li class=\"ml-3xs pl-[15px] relative before:absolute before:w-[8px] before:h-[8px] before:bg-dark before:top-[8px] before:left-0 before:rounded-full\">weitere DTS Formate<\/li>\n<li class=\"ml-3xs pl-[15px] relative before:absolute before:w-[8px] before:h-[8px] before:bg-dark before:top-[8px] before:left-0 before:rounded-full\">AAC<\/li>\n<li class=\"ml-3xs pl-[15px] relative before:absolute before:w-[8px] before:h-[8px] before:bg-dark before:top-[8px] before:left-0 before:rounded-full\">Ogg Vorbis<\/li>\n<li class=\"ml-3xs pl-[15px] relative before:absolute before:w-[8px] before:h-[8px] before:bg-dark before:top-[8px] before:left-0 before:rounded-full\">MP3<\/li>\n<li class=\"ml-3xs pl-[15px] relative before:absolute before:w-[8px] before:h-[8px] before:bg-dark before:top-[8px] before:left-0 before:rounded-full\">ALAC<\/li>\n<li class=\"ml-3xs pl-[15px] relative before:absolute before:w-[8px] before:h-[8px] before:bg-dark before:top-[8px] before:left-0 before:rounded-full\">AIFF<\/li>\n<\/ul>\n<\/div>\n<li class=\"ml-3xs pl-[15px] relative before:absolute before:w-[8px] before:h-[8px] before:bg-dark before:top-[8px] before:left-0 before:rounded-full\">Audio-Formate: <\/li>\n<div class=\"itemizedlist\">\n<ul class=\"flex flex-col gap-s\">\n<li class=\"ml-3xs pl-[15px] relative before:absolute before:w-[8px] before:h-[8px] before:bg-dark before:top-[8px] before:left-0 before:rounded-full\">Dolby Digital Plus<\/li>\n<li class=\"ml-3xs pl-[15px] relative before:absolute before:w-[8px] before:h-[8px] before:bg-dark before:top-[8px] before:left-0 before:rounded-full\">Dolby Atmos<\/li>\n<\/ul>\n<\/div>\n<\/ul>\n<p><\/span><\/div>\n<\/div>\n<\/li>\n<li class=\"mb-m\">\n<div class=\"flex flex-col m:flex-row gap-s m:gap-xl\">\n<div class=\"text-h3 min-w-[244px] max-w-[244px]\">Kompatibilit\u00e4t<\/div>\n<div class=\"flex flex-col gap-s\"><span class=\"\"><\/p>\n<ul class=\"flex flex-col gap-s\">\n<li class=\"ml-3xs pl-[15px] relative before:absolute before:w-[8px] before:h-[8px] before:bg-dark before:top-[8px] before:left-0 before:rounded-full\">Amazon Alexa<\/li>\n<li class=\"ml-3xs pl-[15px] relative before:absolute before:w-[8px] before:h-[8px] before:bg-dark before:top-[8px] before:left-0 before:rounded-full\">AirPlay<\/li>\n<li class=\"ml-3xs pl-[15px] relative before:absolute before:w-[8px] before:h-[8px] before:bg-dark before:top-[8px] before:left-0 before:rounded-full\">Spotify Connect<\/li>\n<\/ul>\n<p><\/span><\/div>\n<\/div>\n<\/li>\n<li class=\"mb-m\">\n<div class=\"flex flex-col m:flex-row gap-s m:gap-xl\">\n<div class=\"text-h3 min-w-[244px] max-w-[244px]\">Farbe<\/div>\n<div class=\"flex flex-col gap-s\"><span class=\"\"><\/p>\n<ul class=\"flex flex-col gap-s\">\n<li class=\"ml-3xs pl-[15px] relative before:absolute before:w-[8px] before:h-[8px] before:bg-dark before:top-[8px] before:left-0 before:rounded-full\">Schwarz<\/li>\n<\/ul>\n<p><\/span><\/div>\n<\/div>\n<\/li>\n<li class=\"mb-m\">\n<div class=\"flex flex-col m:flex-row gap-s m:gap-xl\">\n<div class=\"text-h3 min-w-[244px] max-w-[244px]\">Audio-Eing\u00e4nge<\/div>\n<div class=\"flex flex-col gap-s\"><span class=\"\"><\/p>\n<ul class=\"flex flex-col gap-s\">\n<li class=\"ml-3xs pl-[15px] relative before:absolute before:w-[8px] before:h-[8px] before:bg-dark before:top-[8px] before:left-0 before:rounded-full\">Digital Audio In Coax<\/li>\n<li class=\"ml-3xs pl-[15px] relative before:absolute before:w-[8px] before:h-[8px] before:bg-dark before:top-[8px] before:left-0 before:rounded-full\">Digital Audio In Optisch<\/li>\n<\/ul>\n<p><\/span><\/div>\n<\/div>\n<\/li>\n<li class=\"mb-m\">\n<div class=\"flex flex-col m:flex-row gap-s m:gap-xl\">\n<div class=\"text-h3 min-w-[244px] max-w-[244px]\">Abmessungen \/ Gewicht<\/div>\n<div class=\"flex flex-col gap-s\"><span class=\"\"><\/p>\n<ul class=\"flex flex-col gap-s\">\n<li class=\"ml-3xs pl-[15px] relative before:absolute before:w-[8px] before:h-[8px] before:bg-dark before:top-[8px] before:left-0 before:rounded-full\">Breite: 353 mm<\/li>\n<li class=\"ml-3xs pl-[15px] relative before:absolute before:w-[8px] before:h-[8px] before:bg-dark before:top-[8px] before:left-0 before:rounded-full\">H\u00f6he: 365 mm<\/li>\n<li class=\"ml-3xs pl-[15px] relative before:absolute before:w-[8px] before:h-[8px] before:bg-dark before:top-[8px] before:left-0 before:rounded-full\">Tiefe: 144 mm<\/li>\n<li class=\"ml-3xs pl-[15px] relative before:absolute before:w-[8px] before:h-[8px] before:bg-dark before:top-[8px] before:left-0 before:rounded-full\">Gewicht: 1.4 kg<\/li>\n<\/ul>\n<p><\/span><\/div>\n<\/div>\n<\/li>\n<li class=\"mb-m\">\n<div class=\"flex flex-col m:flex-row gap-s m:gap-xl\">\n<div class=\"text-h3 min-w-[244px] max-w-[244px]\">Kabellose Konnektivit\u00e4t<\/div>\n<div class=\"flex flex-col gap-s\"><span class=\"\"><\/p>\n<ul class=\"flex flex-col gap-s\">\n<li class=\"ml-3xs pl-[15px] relative before:absolute before:w-[8px] before:h-[8px] before:bg-dark before:top-[8px] before:left-0 before:rounded-full\">Kabellose \u00dcbertragungsm\u00f6glichkeiten: Bluetooth<\/li>\n<li class=\"ml-3xs pl-[15px] relative before:absolute before:w-[8px] before:h-[8px] before:bg-dark before:top-[8px] before:left-0 before:rounded-full\">Bluetooth Typ: 5.2<\/li>\n<\/ul>\n<p><\/span><\/div>\n<\/div>\n<\/li>\n<li class=\"mb-m\">\n<div class=\"flex flex-col m:flex-row gap-s m:gap-xl\">\n<div class=\"text-h3 min-w-[244px] max-w-[244px]\">Wiedergabe \/ Tuner \/ Heimkinoformate<\/div>\n<div class=\"flex flex-col gap-s\"><span class=\"\"><\/p>\n<ul class=\"flex flex-col gap-s\">\n<li class=\"ml-3xs pl-[15px] relative before:absolute before:w-[8px] before:h-[8px] before:bg-dark before:top-[8px] before:left-0 before:rounded-full\">Streaming-Dienste: Audio-Streaming-Dienste<\/li>\n<li class=\"ml-3xs pl-[15px] relative before:absolute before:w-[8px] before:h-[8px] before:bg-dark before:top-[8px] before:left-0 before:rounded-full\">Multiroom-Kompatibilit\u00e4t: Unterstuetzung<\/li>\n<\/ul>\n<p><\/span><\/div>\n<\/div>\n<\/li>\n","protected":false},"excerpt":{"rendered":"<li class=\"bullet-list-item\">2.0-Soundbar Frame Design<\/li>\n<li class=\"bullet-list-item\">wandmontagef\u00e4hig, Streaming<\/li>\n<li class=\"bullet-list-item\">120 W Leistung<\/li>\n<li class=\"bullet-list-item\">Bluetooth, Wlan<\/li>\n<li class=\"bullet-list-item\">AirPlay2, Chromecast, Amazon Alexa, Spotify Connect<\/li>\n<p> Herstellernummer HW-LS60D\/ZG<\/p>","protected":false},"featured_media":45858,"comment_status":"open","ping_status":"closed","template":"","meta":{"_monsterinsights_skip_tracking":false,"_monsterinsights_sitenote_active":false,"_monsterinsights_sitenote_note":"","_monsterinsights_sitenote_category":0,"_uf_show_specific_survey":0,"_uf_disable_surveys":false},"product_brand":[],"product_cat":[492],"product_tag":[],"models":[],"years":[],"class_list":{"0":"post-37893","1":"product","2":"type-product","3":"status-publish","4":"has-post-thumbnail","6":"product_cat-lautsprecher","8":"first","9":"instock","10":"sale","11":"featured","12":"shipping-taxable","13":"purchasable","14":"product-type-simple"},"aioseo_notices":[],"acf":[],"_links":{"self":[{"href":"https:\/\/amannforg.com\/fr\/wp-json\/wp\/v2\/product\/37893","targetHints":{"allow":["GET"]}}],"collection":[{"href":"https:\/\/amannforg.com\/fr\/wp-json\/wp\/v2\/product"}],"about":[{"href":"https:\/\/amannforg.com\/fr\/wp-json\/wp\/v2\/types\/product"}],"replies":[{"embeddable":true,"href":"https:\/\/amannforg.com\/fr\/wp-json\/wp\/v2\/comments?post=37893"}],"version-history":[{"count":1,"href":"https:\/\/amannforg.com\/fr\/wp-json\/wp\/v2\/product\/37893\/revisions"}],"predecessor-version":[{"id":57897,"href":"https:\/\/amannforg.com\/fr\/wp-json\/wp\/v2\/product\/37893\/revisions\/57897"}],"wp:featuredmedia":[{"embeddable":true,"href":"https:\/\/amannforg.com\/fr\/wp-json\/wp\/v2\/media\/45858"}],"wp:attachment":[{"href":"https:\/\/amannforg.com\/fr\/wp-json\/wp\/v2\/media?parent=37893"}],"wp:term":[{"taxonomy":"product_brand","embeddable":true,"href":"https:\/\/amannforg.com\/fr\/wp-json\/wp\/v2\/product_brand?post=37893"},{"taxonomy":"product_cat","embeddable":true,"href":"https:\/\/amannforg.com\/fr\/wp-json\/wp\/v2\/product_cat?post=37893"},{"taxonomy":"product_tag","embeddable":true,"href":"https:\/\/amannforg.com\/fr\/wp-json\/wp\/v2\/product_tag?post=37893"},{"taxonomy":"models","embeddable":true,"href":"https:\/\/amannforg.com\/fr\/wp-json\/wp\/v2\/models?post=37893"},{"taxonomy":"years","embeddable":true,"href":"https:\/\/amannforg.com\/fr\/wp-json\/wp\/v2\/years?post=37893"}],"curies":[{"name":"wp","href":"https:\/\/api.w.org\/{rel}","templated":true}]}}