{"id":37993,"date":"2026-03-03T23:13:40","date_gmt":"2026-03-03T23:13:40","guid":{"rendered":"https:\/\/amannforg.com\/?post_type=product&#038;p=37993"},"modified":"2026-03-13T11:39:10","modified_gmt":"2026-03-13T11:39:10","slug":"jbl-party-box-720-bluetooth-lautsprecher-schwarz-mit-rollen","status":"publish","type":"product","link":"https:\/\/amannforg.com\/fr\/produit\/jbl-party-box-720-bluetooth-lautsprecher-schwarz-mit-rollen\/","title":{"rendered":"JBL Party Box 720 Bluetooth-Lautsprecher schwarz mit Rollen"},"content":{"rendered":"<div class=\"titlepage\">\n<h2 class=\"text-h3 mb-l\">\n<div class=\"article\">\n<div class=\"formalpara\">Das Highlight jeder Party<\/div>\n<\/div>\n<\/h2>\n<\/div>\n<div class=\"article\">\n<div class=\"formalpara\">Mit der JBL PartyBox 720 bringen wir Spitzen-Partyenergie an <\/div>\n<\/div>\n<div class=\"article\">\n<div class=\"formalpara\">jeden Ort. Erstklassiger JBL Pro Sound, tiefer pr\u00e4ziser Bass an <\/div>\n<\/div>\n<div class=\"article\">\n<div class=\"formalpara\">genau den richtigen Stellen und eine \u00fcberragende Lichtshow <\/div>\n<\/div>\n<div class=\"article\">\n<div class=\"formalpara\">mit Sternenlichtern, flie\u00dfenden Lichtspuren und pulsierenden <\/div>\n<\/div>\n<div class=\"article\">\n<div class=\"formalpara\">Stroboskop-Effekten. Der Lautsprecher ist zwar gro\u00df, aber zum <\/div>\n<\/div>\n<div class=\"article\">\n<div class=\"formalpara\">Rollen konstruiert: Mit einem bequemen Griff, leicht gleitenden, <\/div>\n<\/div>\n<div class=\"article\">\n<div class=\"formalpara\">breiten R\u00e4dern und einem spritzwasserfesten Design kommt er <\/div>\n<\/div>\n<div class=\"article\">\n<div class=\"formalpara\">auch am Pool mit etwas Action zurecht. Die PartyBox 720 ist jederzeit <\/div>\n<\/div>\n<div class=\"article\">\n<div class=\"formalpara\">bereit, in den Akkumodus zu wechseln. Sie kann mit zwei JBL Battery <\/div>\n<\/div>\n<div class=\"article\">\n<div class=\"formalpara\">600-Packs (separat erh\u00e4ltlich) betrieben werden, sodass du die <\/div>\n<\/div>\n<div class=\"article\">\n<div class=\"formalpara\">Party auch dann starten kannst, wenn keine Steckdose in Sicht <\/div>\n<\/div>\n<div class=\"article\">\n<div class=\"formalpara\">ist. Und du kannst sie bis zu 15 Stunden lang am Laufen halten!<\/div>\n<\/div>\n<div class=\"article\">\n<div class=\"formalpara\">Es k\u00f6nnen zwei PartyBox 720 im Stereobetrieb gekoppelt oder <\/div>\n<\/div>\n<div class=\"article\">\n<div class=\"formalpara\">mehrere JBL Auracast\u2122-f\u00e4hige Lautsprecher kabellos miteinander <\/div>\n<\/div>\n<div class=\"article\">\n<div class=\"formalpara\">verbunden werden, um einen noch kr\u00e4ftigeren Sound zu erzielen.<\/div>\n<\/div>\n<div class=\"article\">\n<div class=\"formalpara\">Ob du streamen, Karaoke singen oder Mikrofone und Equipment <\/div>\n<\/div>\n<div class=\"article\">\n<div class=\"formalpara\">anschlie\u00dfen m\u00f6chtest \u2013 mit dem USB-Anschluss und den zwei XLR-<\/div>\n<\/div>\n<div class=\"article\">\n<div class=\"formalpara\">Eing\u00e4ngen bist du f\u00fcr alles bestens ger\u00fcstet.<\/div>\n<\/div>\n<div class=\"article\">\n<div class=\"formalpara\">\n<div class=\"titlepage\">\n<h2 class=\"text-h3 mb-l\"><span class=\"bold\">Produktdetails<\/span> <\/h2>\n<\/div><\/div>\n<\/div>\n<div class=\"itemizedlist\">\n<ul class=\"bullet-list\">\n<li class=\"bullet-list-item\">Erstklassiger JBL Pro Sound<\/li>\n<li class=\"bullet-list-item\">Futuristische Lichtshow<\/li>\n<li class=\"bullet-list-item\">Spritzwasserfest gem\u00e4\u00df IPX4<\/li>\n<li class=\"bullet-list-item\">Austauschbarer Akku (separat erh\u00e4ltlich) f\u00fcr bis zu 15 Stunden Wiedergabezeit<\/li>\n<li class=\"bullet-list-item\">Multi-Speaker-Konnektivit\u00e4t von Auracast\u2122 Volle Kontrolle \u00fcber die Party \u2013 mit der JBL PartyBox App<\/li>\n<li class=\"bullet-list-item\">Ergonomischer integrierter Griff und breitere, robuste R\u00e4der<\/li>\n<li class=\"bullet-list-item\">Nahtlose erstklassige Audio-Konnektivit\u00e4t<\/li>\n<li class=\"bullet-list-item\">Einfacher Anschluss an Mikrofon, Gitarre oder DJ-Konsole mit zwei XLR-Eing\u00e4ngen<\/li>\n<li class=\"bullet-list-item\">Recycelter Kunststoff sowie FSC-zertifizierte Papierverpackungen<\/li>\n<\/ul>\n<\/div>\n<div class=\"titlepage\">\n<h2 class=\"text-h3 mb-l\">Erstklassiger JBL Pro Sound<\/h2>\n<\/div>\n<p class=\"mb-l\">Wir sorgen f\u00fcr 800 Watt JBL Pro Sound \u2013 lauter, klarer Sound voller tiefer B\u00e4sse aus diesen zwei riesigen 9-Zoll-Tieft\u00f6nern. Die Hocht\u00f6ner sorgen f\u00fcr klare und pr\u00e4zise H\u00f6hen, sodass jeder Track genau richtig r\u00fcberkommt und der Dancefloor voll bleibt.<\/p>\n<div class=\"titlepage\">\n<h2 class=\"text-h3 mb-l\">Futuristische Lichtshow<\/h2>\n<\/div>\n<p class=\"mb-l\">Kombiniere diesen epischen Sound mit einer passenden Lichtshow \u2013 lebendige Sterne, flie\u00dfende Lichtspuren und Stroboskop-Effekte, die sich mit dem Takt bewegen. Es ist ein kompletter Vibe.<\/p>\n<div class=\"titlepage\">\n<h2 class=\"text-h3 mb-l\">Spritzwasserfest gem\u00e4\u00df IPX4<\/h2>\n<\/div>\n<p class=\"mb-l\">Ob wir im Park sitzen oder am Pool entspannen, die PartyBox 720 ist gem\u00e4\u00df IPX4 spritzwasserfest \u2013 ein wenig Wasser kann ihr also nichts anhaben.<\/p>\n<div class=\"titlepage\">\n<h2 class=\"text-h3 mb-l\">Austauschbarer Akku (separat erh\u00e4ltlich) f\u00fcr bis zu 15 Stunden Wiedergabezeit<\/h2>\n<\/div>\n<p class=\"mb-l\">Die PartyBox 720 ist jederzeit bereit, in den Akkumodus zu wechseln. Sie kann mit zwei JBL Battery 600-Packs (separat erh\u00e4ltlich) betrieben werden, sodass du die Party auch dann starten kannst, wenn keine Steckdose in Sicht ist. Und du kannst sie bis zu 15 Stunden lang am Laufen halten!<\/p>\n<div class=\"titlepage\">\n<h2 class=\"text-h3 mb-l\">Multi-Speaker-Konnektivit\u00e4t von Auracast\u2122<\/h2>\n<\/div>\n<p class=\"mb-l\">Je gr\u00f6\u00dfer die Menge, desto lauter der Sound. Du kannst f\u00fcr echte Stereo-Vibes zwei PartyBox 720 koppeln oder mehrere JBL Auracast\u2122-f\u00e4hige Lautsprecher kabellos verbinden \u2013 damit du f\u00fcr jeden Moment die richtige Power hast.<\/p>\n<div class=\"titlepage\">\n<h2 class=\"text-h3 mb-l\">Volle Kontrolle \u00fcber die Party \u2013 mit der JBL PartyBox App<\/h2>\n<\/div>\n<p class=\"mb-l\">Der Lautsprecher l\u00e4sst sich bequem aus der Ferne bedienen. Denn mit der JBL PartyBox App steuerst du die Musik, den EQ und die Lichtshow bequem von deinem Platz aus, ob an der Bar, auf der Tanzfl\u00e4che oder wo du gerade bist.<\/p>\n<div class=\"titlepage\">\n<h2 class=\"text-h3 mb-l\">Ergonomischer integrierter Griff und breitere, robuste R\u00e4der<\/h2>\n<\/div>\n<p class=\"mb-l\">Die Party l\u00e4sst sich jetzt noch einfacher nach drau\u00dfen verlegen \u2013 die breiteren R\u00e4der gleiten leicht auf rauem Untergrund und der integrierte Griff erleichtert den Transport.<\/p>\n<div class=\"titlepage\">\n<h2 class=\"text-h3 mb-l\">Nahtlose erstklassige Audio-Konnektivit\u00e4t<\/h2>\n<\/div>\n<p class=\"mb-l\">Verbinde dich \u00fcber USB-C mit deiner Lieblings-Streaming- oder Karaoke-App mit erstklassigem Sound, damit jeder auf seine Kosten kommt.<\/p>\n<p class=\"mb-l\">\n<div class=\"titlepage\">\n<h2 class=\"text-h3 mb-l\">Einfacher Anschluss an Mikrofon, Gitarre oder DJ-Konsole mit zwei XLR- Eing\u00e4ngen<\/h2>\n<\/div>\n<p class=\"mb-l\">Bringe Live-Talent in den Mix. Schlie\u00dfe an die zwei XLR-Eing\u00e4nge einfach ein Mikrofon, eine Gitarre oder eine DJ-Konsole an deine PartyBox 720 an.<\/p>\n<p class=\"mb-l\">\n<div class=\"titlepage\">\n<h2 class=\"text-h3 mb-l\">Recycelter Kunststoff sowie FSC-zertifizierte Papierverpackungen<\/h2>\n<\/div>\n<p class=\"mb-l\">In der JBL PartyBox 720 ist recycelter Kunststoff verarbeitet. Zudem ist sie in FSC-zertifiziertem, mit Sojatinte bedrucktem Papier verpackt.<\/p>\n<li class=\"mb-m\">\n<div class=\"flex flex-col m:flex-row gap-s m:gap-xl\">\n<div class=\"text-h3 min-w-[244px] max-w-[244px]\">Typ \/ Kommunikation<\/div>\n<div class=\"flex flex-col gap-s\"><span class=\"ml-3xs pl-[15px] relative before:absolute before:w-[8px] before:h-[8px] before:bg-dark before:top-[8px] before:left-0 before:rounded-full\">Bluetooth<\/span><span class=\"ml-3xs pl-[15px] relative before:absolute before:w-[8px] before:h-[8px] before:bg-dark before:top-[8px] before:left-0 before:rounded-full\">Version: 5.4<\/span><\/div>\n<\/div>\n<\/li>\n<li class=\"mb-m\">\n<div class=\"flex flex-col m:flex-row gap-s m:gap-xl\">\n<div class=\"text-h3 min-w-[244px] max-w-[244px]\">Stromversorgung<\/div>\n<div class=\"flex flex-col gap-s\"><span class=\"ml-3xs pl-[15px] relative before:absolute before:w-[8px] before:h-[8px] before:bg-dark before:top-[8px] before:left-0 before:rounded-full\">Station\u00e4r &#8211; Stromzufuhr \u00fcber 220V Stromanschluss<\/span><span class=\"ml-3xs pl-[15px] relative before:absolute before:w-[8px] before:h-[8px] before:bg-dark before:top-[8px] before:left-0 before:rounded-full\">inklusive Ladeger\u00e4t \/ Netzteil<\/span><\/div>\n<\/div>\n<\/li>\n<li class=\"mb-m\">\n<div class=\"flex flex-col m:flex-row gap-s m:gap-xl\">\n<div class=\"text-h3 min-w-[244px] max-w-[244px]\">Anschl\u00fcsse<\/div>\n<div class=\"flex flex-col gap-s\"><span class=\"ml-3xs pl-[15px] relative before:absolute before:w-[8px] before:h-[8px] before:bg-dark before:top-[8px] before:left-0 before:rounded-full\">USB-Eingang<\/span><span class=\"ml-3xs pl-[15px] relative before:absolute before:w-[8px] before:h-[8px] before:bg-dark before:top-[8px] before:left-0 before:rounded-full\">AUX In Anschluss<\/span><span class=\"ml-3xs pl-[15px] relative before:absolute before:w-[8px] before:h-[8px] before:bg-dark before:top-[8px] before:left-0 before:rounded-full\">Mikro-Eingang<\/span><span class=\"ml-3xs pl-[15px] relative before:absolute before:w-[8px] before:h-[8px] before:bg-dark before:top-[8px] before:left-0 before:rounded-full\">Gitarren-Eingang<\/span><\/div>\n<\/div>\n<\/li>\n<li class=\"mb-m\">\n<div class=\"flex flex-col m:flex-row gap-s m:gap-xl\">\n<div class=\"text-h3 min-w-[244px] max-w-[244px]\">Ausstattung<\/div>\n<div class=\"flex flex-col gap-s\"><span class=\"ml-3xs pl-[15px] relative before:absolute before:w-[8px] before:h-[8px] before:bg-dark before:top-[8px] before:left-0 before:rounded-full\">komfortable App-Steuerung: ja (Android+IOS)<\/span><span class=\"ml-3xs pl-[15px] relative before:absolute before:w-[8px] before:h-[8px] before:bg-dark before:top-[8px] before:left-0 before:rounded-full\">USB-Aufladefunktion f\u00fcr externe Ger\u00e4te<\/span><\/div>\n<\/div>\n<\/li>\n<li class=\"mb-m\">\n<div class=\"flex flex-col m:flex-row gap-s m:gap-xl\">\n<div class=\"text-h3 min-w-[244px] max-w-[244px]\">Besonderheiten<\/div>\n<div class=\"flex flex-col gap-s\"><span class=\"ml-3xs pl-[15px] relative before:absolute before:w-[8px] before:h-[8px] before:bg-dark before:top-[8px] before:left-0 before:rounded-full\">Spritzwasserfest gem\u00e4\u00df IPX4<\/span><span class=\"ml-3xs pl-[15px] relative before:absolute before:w-[8px] before:h-[8px] before:bg-dark before:top-[8px] before:left-0 before:rounded-full\">Dynamische, farbenfrohe, individuell anpassbare Lichtshow<\/span><\/div>\n<\/div>\n<\/li>\n<li class=\"mb-m\">\n<div class=\"flex flex-col m:flex-row gap-s m:gap-xl\">\n<div class=\"text-h3 min-w-[244px] max-w-[244px]\">Farbe<\/div>\n<div class=\"flex flex-col gap-s\"><span class=\"ml-3xs pl-[15px] relative before:absolute before:w-[8px] before:h-[8px] before:bg-dark before:top-[8px] before:left-0 before:rounded-full\">Schwarz<\/span><\/div>\n<\/div>\n<\/li>\n<li class=\"mb-m\">\n<div class=\"flex flex-col m:flex-row gap-s m:gap-xl\">\n<div class=\"text-h3 min-w-[244px] max-w-[244px]\">Ma\u00dfe in mm (B x H x T)<\/div>\n<div class=\"flex flex-col gap-s\"><span class=\"ml-3xs pl-[15px] relative before:absolute before:w-[8px] before:h-[8px] before:bg-dark before:top-[8px] before:left-0 before:rounded-full\">H\u00f6he: 942 mm<\/span><span class=\"ml-3xs pl-[15px] relative before:absolute before:w-[8px] before:h-[8px] before:bg-dark before:top-[8px] before:left-0 before:rounded-full\">Breite: 416 mm<\/span><span class=\"ml-3xs pl-[15px] relative before:absolute before:w-[8px] before:h-[8px] before:bg-dark before:top-[8px] before:left-0 before:rounded-full\">Tiefe: 406 mm<\/span><\/div>\n<\/div>\n<\/li>\n<li class=\"mb-m\">\n<div class=\"flex flex-col m:flex-row gap-s m:gap-xl\">\n<div class=\"text-h3 min-w-[244px] max-w-[244px]\">Gewicht<\/div>\n<div class=\"flex flex-col gap-s\"><span class=\"ml-3xs pl-[15px] relative before:absolute before:w-[8px] before:h-[8px] before:bg-dark before:top-[8px] before:left-0 before:rounded-full\">ca. 31 kg<\/span><\/div>\n<\/div>\n<\/li>\n<li class=\"mb-m\">\n<div class=\"flex flex-col m:flex-row gap-s m:gap-xl\">\n<div class=\"text-h3 min-w-[244px] max-w-[244px]\">Lieferumfang<\/div>\n<div class=\"flex flex-col gap-s\"><span class=\"ml-3xs pl-[15px] relative before:absolute before:w-[8px] before:h-[8px] before:bg-dark before:top-[8px] before:left-0 before:rounded-full\">1 x JBL PartyBox 720<\/span><span class=\"ml-3xs pl-[15px] relative before:absolute before:w-[8px] before:h-[8px] before:bg-dark before:top-[8px] before:left-0 before:rounded-full\">1 x Kurzanleitung<\/span><span class=\"ml-3xs pl-[15px] relative before:absolute before:w-[8px] before:h-[8px] before:bg-dark before:top-[8px] before:left-0 before:rounded-full\">1 x Garantieschein<\/span><span class=\"ml-3xs pl-[15px] relative before:absolute before:w-[8px] before:h-[8px] before:bg-dark before:top-[8px] before:left-0 before:rounded-full\">1 x Sicherheitsdatenblatt<\/span><span class=\"ml-3xs pl-[15px] relative before:absolute before:w-[8px] before:h-[8px] before:bg-dark before:top-[8px] before:left-0 before:rounded-full\">1 x Netzteilkabel<\/span><\/div>\n<\/div>\n<\/li>\n","protected":false},"excerpt":{"rendered":"<li class=\"bullet-list-item\">Bluetooth-Lautsprecher mit 800 W Leistung, 230V-Stromversorgung<\/li>\n<li class=\"bullet-list-item\">individuell anpassbare Lightshow, Gitarren- und Mikrofon-Eing\u00e4nge <\/li>\n<li class=\"bullet-list-item\">spritzwassergesch\u00fctzt, Rollen und Griff integriert<\/li>\n<li class=\"bullet-list-item\">Auracast weitere Lautsprecher f\u00fcr Stereo, oder Partysound koppelbar<\/li>\n<li class=\"bullet-list-item\">steuerbar per Party-Box-App, Wiedergabe von USB<\/li>\n<p> Herstellernummer JBLPARTYBOX720EU<\/p>","protected":false},"featured_media":45882,"comment_status":"open","ping_status":"closed","template":"","meta":{"_monsterinsights_skip_tracking":false,"_monsterinsights_sitenote_active":false,"_monsterinsights_sitenote_note":"","_monsterinsights_sitenote_category":0,"_uf_show_specific_survey":0,"_uf_disable_surveys":false},"product_brand":[],"product_cat":[492],"product_tag":[],"models":[],"years":[],"class_list":{"0":"post-37993","1":"product","2":"type-product","3":"status-publish","4":"has-post-thumbnail","6":"product_cat-lautsprecher","8":"first","9":"instock","10":"sale","11":"featured","12":"shipping-taxable","13":"purchasable","14":"product-type-simple"},"aioseo_notices":[],"acf":[],"_links":{"self":[{"href":"https:\/\/amannforg.com\/fr\/wp-json\/wp\/v2\/product\/37993","targetHints":{"allow":["GET"]}}],"collection":[{"href":"https:\/\/amannforg.com\/fr\/wp-json\/wp\/v2\/product"}],"about":[{"href":"https:\/\/amannforg.com\/fr\/wp-json\/wp\/v2\/types\/product"}],"replies":[{"embeddable":true,"href":"https:\/\/amannforg.com\/fr\/wp-json\/wp\/v2\/comments?post=37993"}],"version-history":[{"count":1,"href":"https:\/\/amannforg.com\/fr\/wp-json\/wp\/v2\/product\/37993\/revisions"}],"predecessor-version":[{"id":57901,"href":"https:\/\/amannforg.com\/fr\/wp-json\/wp\/v2\/product\/37993\/revisions\/57901"}],"wp:featuredmedia":[{"embeddable":true,"href":"https:\/\/amannforg.com\/fr\/wp-json\/wp\/v2\/media\/45882"}],"wp:attachment":[{"href":"https:\/\/amannforg.com\/fr\/wp-json\/wp\/v2\/media?parent=37993"}],"wp:term":[{"taxonomy":"product_brand","embeddable":true,"href":"https:\/\/amannforg.com\/fr\/wp-json\/wp\/v2\/product_brand?post=37993"},{"taxonomy":"product_cat","embeddable":true,"href":"https:\/\/amannforg.com\/fr\/wp-json\/wp\/v2\/product_cat?post=37993"},{"taxonomy":"product_tag","embeddable":true,"href":"https:\/\/amannforg.com\/fr\/wp-json\/wp\/v2\/product_tag?post=37993"},{"taxonomy":"models","embeddable":true,"href":"https:\/\/amannforg.com\/fr\/wp-json\/wp\/v2\/models?post=37993"},{"taxonomy":"years","embeddable":true,"href":"https:\/\/amannforg.com\/fr\/wp-json\/wp\/v2\/years?post=37993"}],"curies":[{"name":"wp","href":"https:\/\/api.w.org\/{rel}","templated":true}]}}