{"id":38035,"date":"2026-03-03T23:14:01","date_gmt":"2026-03-03T23:14:01","guid":{"rendered":"https:\/\/amannforg.com\/?post_type=product&#038;p=38035"},"modified":"2026-03-13T11:39:08","modified_gmt":"2026-03-13T11:39:08","slug":"sony-ht-b600-3-1-2-kanal-soundbar-mit-dolby-atmos-dtsx-inkl-subwoofer","status":"publish","type":"product","link":"https:\/\/amannforg.com\/fr\/produit\/sony-ht-b600-3-1-2-kanal-soundbar-mit-dolby-atmos-dtsx-inkl-subwoofer\/","title":{"rendered":"Sony HT-B600 3.1.2-Kanal-Soundbar mit Dolby Atmos\/DTS:X inkl. Subwoofer"},"content":{"rendered":"<div class=\"article\">\n<div class=\"formalpara\">\n<div class=\"titlepage\">\n<h2 class=\"text-h3 mb-l\">HT-B600<\/h2>\n<\/div>\n<\/div>\n<\/div>\n<p class=\"mb-l\">BRAVIA Theatre Bar 6: Eine 3.1.2-Kanal-Soundbar mit einem externen kabellosen Subwoofer, der Ihren Raum mit kinoreifem Dolby Atmos- und DTS:X-Sound und tiefen, satten B\u00e4ssen erf\u00fcllt.<\/p>\n<p class=\"mb-l\">Die S-Force PRO Front Surround- und Vertical Surround-Engine sorgen f\u00fcr ein dreidimensionales Klangerlebnis, bei dem sogar Stereoinhalte in Surround-Sound wiedergegeben werden, da unser innovativer Up-Mixer KI einsetzt, um Sie in den Mittelpunkt jeder Szene zu stellen.<\/p>\n<div class=\"article\">\n<div class=\"formalpara\">\n<div class=\"titlepage\">\n<h2 class=\"text-h3 mb-l\"><span class=\"bold\">Features<\/span> <\/h2>\n<\/div><\/div>\n<\/div>\n<div class=\"itemizedlist\">\n<ul class=\"bullet-list\">\n<li class=\"bullet-list-item\">3.1.2-Kanal-Surround-Sound.<\/li>\n<li class=\"bullet-list-item\">Dolby Atmos und DTS:X.<\/li>\n<li class=\"bullet-list-item\">S-Force PRO Front Surround- und Vertical Surround-Engine.<\/li>\n<li class=\"bullet-list-item\">Innovative Up-Mixer mit KI-gesteuertem Echtzeit-Klangtrennungsalgorithmus.<\/li>\n<li class=\"bullet-list-item\">Exklusive weitere Funktionen in Verbindung mit einem kompatiblen BRAVIA Fernseher.<\/li>\n<li class=\"bullet-list-item\">\u00dcber die integrierte Benutzeroberfl\u00e4che ist das gesamte Home-Entertainment-Setup mit einer einzigen Fernbedienung steuerbar.<\/li>\n<li class=\"bullet-list-item\">Leistungsstarke Up-Firing-Lautsprecher sorgen f\u00fcr die H\u00f6heneffekte.<\/li>\n<li class=\"bullet-list-item\">Kabelloser Subwoofer f\u00fcr tiefe, satte B\u00e4sse.<\/li>\n<li class=\"bullet-list-item\">Die Soundbar ist \u00fcber das mitgelieferte HDMI-Kabel sofort einsatzbereit.<\/li>\n<li class=\"bullet-list-item\">Steuerung \u00fcber Sony | BRAVIA Connect App m\u00f6glich.<\/li>\n<li class=\"bullet-list-item\">Auch f\u00fcr Musik geeignet: DSEE optimiert jeden Titel und Bluetooth 5.3 macht die Verbindung mit Smartphones, Tablets oder Laptops ganz unkompliziert.<\/li>\n<\/ul>\n<\/div>\n<p>Am besten mit BRAVIA: Kombinieren Sie die Soundbar mit einem unserer neuesten Fernsehger\u00e4te, um zus\u00e4tzliche Funktionen freizuschalten. Zum Beispiel sorgt unser KI-gesteuerter Voice Zoom 3 f\u00fcr kristallklare Stimmen &#8211; perfekt f\u00fcr Filme, Sportkommentare und mehr (1). \u00dcber die integrierte Benutzeroberfl\u00e4che k\u00f6nnen Sie Ihr gesamtes Home-Entertainment-Setup mit einer einzigen Fernbedienung steuern; Ihr Zuhause wird von dem harmonischen Design profitieren, und eine Wandmontage ist ebenfalls m\u00f6glich.Die BRAVIA Theatre Bar 6 ist perfekt designt und verf\u00fcgt \u00fcber Up-Firing-Lautsprecher f\u00fcr mehr H\u00f6he und einen leistungsstarken kabellosen Subwoofer f\u00fcr tiefe, kraftvolle B\u00e4sse.Sie ist nicht nur einfach einzurichten (schlie\u00dfen Sie einfach das mitgelieferte HDMI-Kabel an den eARC-Anschluss des TVs an), sondern auch im Alltag leicht zu bedienen. Mit der Sony | BRAVIA Connect App k\u00f6nnen Sie die Soundbar und den Subwoofer zusammen mit Ihren anderen BRAVIA Theatre Produkten direkt \u00fcber Ihr Smartphone (2) einrichten.Und nicht nur Filme, auch Musik klingt auf der BRAVIA Theatre Bar 6 atemberaubend gut &#8211; dank DSEE, das jeden Inhalt optimiert. Stellen Sie einfach \u00fcber Bluetooth 5.3 eine Verbindung zu Ihrem Smartphone, Tablet oder Laptop her.<sub>(1) Voice Zoom 3 funktioniert mit kompatiblen BRAVIA-Ger\u00e4ten. https:\/\/www.sony.net\/hav_faq \u2013 Die Produktverf\u00fcgbarkeit variiert je nach Land\/Region.<\/sub><sub>(2) Die Sony | BRAVIA Connect-App muss auf einem Smartphone installiert sein. Das Smartphone und das Produkt m\u00fcssen \u00fcber WLAN (Wi-Fi\u00ae)\/Internet mit demselben Heimnetzwerk verbunden sein. Diese Funktion ist mit kompatiblen BRAVIA-Ger\u00e4ten und der neuesten Software verf\u00fcgbar. Die Produktverf\u00fcgbarkeit variiert je nach Land\/Region. https:\/\/www.sony.net\/hav_faq. Die mobile App muss auf die neueste Version.<\/sub><\/p>\n<div class=\"titlepage\">\n<h2 class=\"text-h3 mb-l\">Mitgeliefertes Zubeh\u00f6r:<\/h2>\n<\/div>\n<div class=\"itemizedlist\">\n<ul class=\"bullet-list\">\n<li class=\"bullet-list-item\">Fernbedienung RHT-AH513U,<\/li>\n<li class=\"bullet-list-item\">HDMI-Kabel,<\/li>\n<li class=\"bullet-list-item\">AC-Kabel<\/li>\n<\/ul>\n<\/div>\n<li class=\"mb-m\">\n<div class=\"flex flex-col m:flex-row gap-s m:gap-xl\">\n<div class=\"text-h3 min-w-[244px] max-w-[244px]\">Audio<\/div>\n<div class=\"flex flex-col gap-s\"><span class=\"\"><\/p>\n<ul class=\"flex flex-col gap-s\">\n<li class=\"ml-3xs pl-[15px] relative before:absolute before:w-[8px] before:h-[8px] before:bg-dark before:top-[8px] before:left-0 before:rounded-full\">Lautsprecherleistung: 350 W<\/li>\n<li class=\"ml-3xs pl-[15px] relative before:absolute before:w-[8px] before:h-[8px] before:bg-dark before:top-[8px] before:left-0 before:rounded-full\">Typ: 3.1.2<\/li>\n<li class=\"ml-3xs pl-[15px] relative before:absolute before:w-[8px] before:h-[8px] before:bg-dark before:top-[8px] before:left-0 before:rounded-full\">Anzahl Lautsprecher: 2 St<\/li>\n<li class=\"ml-3xs pl-[15px] relative before:absolute before:w-[8px] before:h-[8px] before:bg-dark before:top-[8px] before:left-0 before:rounded-full\">Wiedergabeformate: <\/li>\n<div class=\"itemizedlist\">\n<ul class=\"flex flex-col gap-s\">\n<li class=\"ml-3xs pl-[15px] relative before:absolute before:w-[8px] before:h-[8px] before:bg-dark before:top-[8px] before:left-0 before:rounded-full\">weitere Dolby Formate<\/li>\n<li class=\"ml-3xs pl-[15px] relative before:absolute before:w-[8px] before:h-[8px] before:bg-dark before:top-[8px] before:left-0 before:rounded-full\">weitere DTS Formate<\/li>\n<li class=\"ml-3xs pl-[15px] relative before:absolute before:w-[8px] before:h-[8px] before:bg-dark before:top-[8px] before:left-0 before:rounded-full\">AAC<\/li>\n<\/ul>\n<\/div>\n<li class=\"ml-3xs pl-[15px] relative before:absolute before:w-[8px] before:h-[8px] before:bg-dark before:top-[8px] before:left-0 before:rounded-full\">Audio-Formate: <\/li>\n<div class=\"itemizedlist\">\n<ul class=\"flex flex-col gap-s\">\n<li class=\"ml-3xs pl-[15px] relative before:absolute before:w-[8px] before:h-[8px] before:bg-dark before:top-[8px] before:left-0 before:rounded-full\">DTS Digital Surround<\/li>\n<li class=\"ml-3xs pl-[15px] relative before:absolute before:w-[8px] before:h-[8px] before:bg-dark before:top-[8px] before:left-0 before:rounded-full\">Dolby Digital<\/li>\n<li class=\"ml-3xs pl-[15px] relative before:absolute before:w-[8px] before:h-[8px] before:bg-dark before:top-[8px] before:left-0 before:rounded-full\">DTS-HD Master Audio Essential<\/li>\n<li class=\"ml-3xs pl-[15px] relative before:absolute before:w-[8px] before:h-[8px] before:bg-dark before:top-[8px] before:left-0 before:rounded-full\">DTS 96\/24<\/li>\n<li class=\"ml-3xs pl-[15px] relative before:absolute before:w-[8px] before:h-[8px] before:bg-dark before:top-[8px] before:left-0 before:rounded-full\">Dolby Digital Plus<\/li>\n<li class=\"ml-3xs pl-[15px] relative before:absolute before:w-[8px] before:h-[8px] before:bg-dark before:top-[8px] before:left-0 before:rounded-full\">Dolby True HD<\/li>\n<\/ul>\n<\/div>\n<li class=\"ml-3xs pl-[15px] relative before:absolute before:w-[8px] before:h-[8px] before:bg-dark before:top-[8px] before:left-0 before:rounded-full\">Anzahl Subwoofer: 1 St<\/li>\n<\/ul>\n<p><\/span><\/div>\n<\/div>\n<\/li>\n<li class=\"mb-m\">\n<div class=\"flex flex-col m:flex-row gap-s m:gap-xl\">\n<div class=\"text-h3 min-w-[244px] max-w-[244px]\">Farbe<\/div>\n<div class=\"flex flex-col gap-s\"><span class=\"\"><\/p>\n<ul class=\"flex flex-col gap-s\">\n<li class=\"ml-3xs pl-[15px] relative before:absolute before:w-[8px] before:h-[8px] before:bg-dark before:top-[8px] before:left-0 before:rounded-full\">Schwarz<\/li>\n<\/ul>\n<p><\/span><\/div>\n<\/div>\n<\/li>\n<li class=\"mb-m\">\n<div class=\"flex flex-col m:flex-row gap-s m:gap-xl\">\n<div class=\"text-h3 min-w-[244px] max-w-[244px]\">externe Anschl\u00fcsse<\/div>\n<div class=\"flex flex-col gap-s\"><span class=\"\"><\/p>\n<ul class=\"flex flex-col gap-s\">\n<li class=\"ml-3xs pl-[15px] relative before:absolute before:w-[8px] before:h-[8px] before:bg-dark before:top-[8px] before:left-0 before:rounded-full\">Anzahl HDMI: 1 St<\/li>\n<li class=\"ml-3xs pl-[15px] relative before:absolute before:w-[8px] before:h-[8px] before:bg-dark before:top-[8px] before:left-0 before:rounded-full\">Audio-Eing\u00e4nge: Digital Audio In Optisch<\/li>\n<li class=\"ml-3xs pl-[15px] relative before:absolute before:w-[8px] before:h-[8px] before:bg-dark before:top-[8px] before:left-0 before:rounded-full\">ext. Anschl\u00fcsse: HDMI<\/li>\n<\/ul>\n<p><\/span><\/div>\n<\/div>\n<\/li>\n<li class=\"mb-m\">\n<div class=\"flex flex-col m:flex-row gap-s m:gap-xl\">\n<div class=\"text-h3 min-w-[244px] max-w-[244px]\">weitere Lautsprecher<\/div>\n<div class=\"flex flex-col gap-s\"><span class=\"\"><\/p>\n<ul class=\"flex flex-col gap-s\">\n<li class=\"ml-3xs pl-[15px] relative before:absolute before:w-[8px] before:h-[8px] before:bg-dark before:top-[8px] before:left-0 before:rounded-full\">Typ weiterer Lautsprecher (2.): Subwoofer<\/li>\n<li class=\"ml-3xs pl-[15px] relative before:absolute before:w-[8px] before:h-[8px] before:bg-dark before:top-[8px] before:left-0 before:rounded-full\">L\u00e4nge weiterer Lautsprecher (2.): 210 cm<\/li>\n<li class=\"ml-3xs pl-[15px] relative before:absolute before:w-[8px] before:h-[8px] before:bg-dark before:top-[8px] before:left-0 before:rounded-full\">Breite weiterer Lautsprecher (2.): 388 mm<\/li>\n<li class=\"ml-3xs pl-[15px] relative before:absolute before:w-[8px] before:h-[8px] before:bg-dark before:top-[8px] before:left-0 before:rounded-full\">Tiefe weiterer Lautsprecher (2.): 388 mm<\/li>\n<li class=\"ml-3xs pl-[15px] relative before:absolute before:w-[8px] before:h-[8px] before:bg-dark before:top-[8px] before:left-0 before:rounded-full\">H\u00f6he weiterer Lautsprecher (2.): 387 mm<\/li>\n<li class=\"ml-3xs pl-[15px] relative before:absolute before:w-[8px] before:h-[8px] before:bg-dark before:top-[8px] before:left-0 before:rounded-full\">Gewicht weiterer Lspr. (2.): 7700 g<\/li>\n<\/ul>\n<p><\/span><\/div>\n<\/div>\n<\/li>\n<li class=\"mb-m\">\n<div class=\"flex flex-col m:flex-row gap-s m:gap-xl\">\n<div class=\"text-h3 min-w-[244px] max-w-[244px]\">Abmessungen \/ Gewicht<\/div>\n<div class=\"flex flex-col gap-s\"><span class=\"\"><\/p>\n<ul class=\"flex flex-col gap-s\">\n<li class=\"ml-3xs pl-[15px] relative before:absolute before:w-[8px] before:h-[8px] before:bg-dark before:top-[8px] before:left-0 before:rounded-full\">Breite: 950 mm<\/li>\n<li class=\"ml-3xs pl-[15px] relative before:absolute before:w-[8px] before:h-[8px] before:bg-dark before:top-[8px] before:left-0 before:rounded-full\">H\u00f6he: 64 mm<\/li>\n<li class=\"ml-3xs pl-[15px] relative before:absolute before:w-[8px] before:h-[8px] before:bg-dark before:top-[8px] before:left-0 before:rounded-full\">Tiefe: 110 mm<\/li>\n<li class=\"ml-3xs pl-[15px] relative before:absolute before:w-[8px] before:h-[8px] before:bg-dark before:top-[8px] before:left-0 before:rounded-full\">Gewicht: 3.1 kg<\/li>\n<\/ul>\n<p><\/span><\/div>\n<\/div>\n<\/li>\n<li class=\"mb-m\">\n<div class=\"flex flex-col m:flex-row gap-s m:gap-xl\">\n<div class=\"text-h3 min-w-[244px] max-w-[244px]\">Kabellose Konnektivit\u00e4t<\/div>\n<div class=\"flex flex-col gap-s\"><span class=\"\"><\/p>\n<ul class=\"flex flex-col gap-s\">\n<li class=\"ml-3xs pl-[15px] relative before:absolute before:w-[8px] before:h-[8px] before:bg-dark before:top-[8px] before:left-0 before:rounded-full\">Anschlussart: <\/li>\n<div class=\"itemizedlist\">\n<ul class=\"flex flex-col gap-s\">\n<li class=\"ml-3xs pl-[15px] relative before:absolute before:w-[8px] before:h-[8px] before:bg-dark before:top-[8px] before:left-0 before:rounded-full\">kabellos<\/li>\n<li class=\"ml-3xs pl-[15px] relative before:absolute before:w-[8px] before:h-[8px] before:bg-dark before:top-[8px] before:left-0 before:rounded-full\">kabelgebunden<\/li>\n<\/ul>\n<\/div>\n<li class=\"ml-3xs pl-[15px] relative before:absolute before:w-[8px] before:h-[8px] before:bg-dark before:top-[8px] before:left-0 before:rounded-full\">Kabellose \u00dcbertragungsm\u00f6glichkeiten: Bluetooth<\/li>\n<li class=\"ml-3xs pl-[15px] relative before:absolute before:w-[8px] before:h-[8px] before:bg-dark before:top-[8px] before:left-0 before:rounded-full\">Bluetooth Typ: 5.3<\/li>\n<\/ul>\n<p><\/span><\/div>\n<\/div>\n<\/li>\n","protected":false},"excerpt":{"rendered":"<li class=\"bullet-list-item\">Soundbar mit Subwoofer, Subwoofer kabellos<\/li>\n<li class=\"bullet-list-item\">Unterst\u00fctzt DTS Digital Surround, Dolby Digital, DTS-HD Master Audio Essential, DTS 96\/24, Dolby Digital Plus, Dolby True HD<\/li>\n<li class=\"bullet-list-item\">350 W Leistung, 3.1.2-Kanal-System<\/li>\n<li class=\"bullet-list-item\">Signaleingang: HDMI, optisch digital, Bluetooth<\/li>\n<li class=\"bullet-list-item\">Fernbedienung mitgeliefert<\/li>\n<p> Herstellernummer HTB600.CEL<\/p>","protected":false},"featured_media":45900,"comment_status":"open","ping_status":"closed","template":"","meta":{"_monsterinsights_skip_tracking":false,"_monsterinsights_sitenote_active":false,"_monsterinsights_sitenote_note":"","_monsterinsights_sitenote_category":0,"_uf_show_specific_survey":0,"_uf_disable_surveys":false},"product_brand":[],"product_cat":[492],"product_tag":[],"models":[],"years":[],"class_list":{"0":"post-38035","1":"product","2":"type-product","3":"status-publish","4":"has-post-thumbnail","6":"product_cat-lautsprecher","8":"first","9":"instock","10":"sale","11":"featured","12":"shipping-taxable","13":"purchasable","14":"product-type-simple"},"aioseo_notices":[],"acf":[],"_links":{"self":[{"href":"https:\/\/amannforg.com\/fr\/wp-json\/wp\/v2\/product\/38035","targetHints":{"allow":["GET"]}}],"collection":[{"href":"https:\/\/amannforg.com\/fr\/wp-json\/wp\/v2\/product"}],"about":[{"href":"https:\/\/amannforg.com\/fr\/wp-json\/wp\/v2\/types\/product"}],"replies":[{"embeddable":true,"href":"https:\/\/amannforg.com\/fr\/wp-json\/wp\/v2\/comments?post=38035"}],"version-history":[{"count":1,"href":"https:\/\/amannforg.com\/fr\/wp-json\/wp\/v2\/product\/38035\/revisions"}],"predecessor-version":[{"id":57904,"href":"https:\/\/amannforg.com\/fr\/wp-json\/wp\/v2\/product\/38035\/revisions\/57904"}],"wp:featuredmedia":[{"embeddable":true,"href":"https:\/\/amannforg.com\/fr\/wp-json\/wp\/v2\/media\/45900"}],"wp:attachment":[{"href":"https:\/\/amannforg.com\/fr\/wp-json\/wp\/v2\/media?parent=38035"}],"wp:term":[{"taxonomy":"product_brand","embeddable":true,"href":"https:\/\/amannforg.com\/fr\/wp-json\/wp\/v2\/product_brand?post=38035"},{"taxonomy":"product_cat","embeddable":true,"href":"https:\/\/amannforg.com\/fr\/wp-json\/wp\/v2\/product_cat?post=38035"},{"taxonomy":"product_tag","embeddable":true,"href":"https:\/\/amannforg.com\/fr\/wp-json\/wp\/v2\/product_tag?post=38035"},{"taxonomy":"models","embeddable":true,"href":"https:\/\/amannforg.com\/fr\/wp-json\/wp\/v2\/models?post=38035"},{"taxonomy":"years","embeddable":true,"href":"https:\/\/amannforg.com\/fr\/wp-json\/wp\/v2\/years?post=38035"}],"curies":[{"name":"wp","href":"https:\/\/api.w.org\/{rel}","templated":true}]}}