{"id":41018,"date":"2026-03-03T23:55:14","date_gmt":"2026-03-03T23:55:14","guid":{"rendered":"https:\/\/amannforg.com\/?post_type=product&#038;p=41018"},"modified":"2026-03-07T16:29:47","modified_gmt":"2026-03-07T16:29:47","slug":"bosch-wuu28t71-waschmaschine-unterbaufahig-8-kg-1400-u-min","status":"publish","type":"product","link":"https:\/\/amannforg.com\/fr\/produit\/bosch-wuu28t71-waschmaschine-unterbaufahig-8-kg-1400-u-min\/","title":{"rendered":"Bosch WUU28T71 Waschmaschine unterbauf\u00e4hig 8 kg 1400 U\/min"},"content":{"rendered":"<p class=\"mb-l\">\n<div class=\"titlepage\">\n<h2 class=\"text-h3 mb-l\">Bosch WUU28T71 Serie 6 Waschmaschine unterbauf\u00e4hig, Frontlader, 8 kg, 1400 U\/min.<\/h2>\n<\/div>\n<p class=\"mb-l\">Unterbauf\u00e4hige Waschmaschine mit EcoSilence Drive: genie\u00dfen Sie exzellente Laufruhe und Langlebigkeit.<\/p>\n<div class=\"itemizedlist\">\n<ul class=\"bullet-list\">\n<li class=\"bullet-list-item\">Eco Silence Drive\u2122: so effizient und langlebig muss ein Waschmaschinenmotor sein.<\/li>\n<li class=\"bullet-list-item\">Hygiene Plus: hygienische Waschergebnisse, wirksame Keimbeseitigung selbst bei 40 \u00b0C.<\/li>\n<li class=\"bullet-list-item\">Speed Perfect: perfekte Sauberkeit mit bis zu 65 % Zeitersparnis.<\/li>\n<li class=\"bullet-list-item\">Vario Trommel: schonend und effizient Waschen dank einzigartiger Trommelstruktur.<\/li>\n<li class=\"bullet-list-item\">Active Water Plus: automatische Beladungserkennung f\u00fcr eine pr\u00e4zise Regulierung des Wasserverbrauchs.<\/li>\n<\/ul>\n<\/div>\n<p class=\"mb-l\">\n<div class=\"titlepage\">\n<h2 class=\"text-h3 mb-l\">Eco Silence Drive<\/h2>\n<\/div>\n<p class=\"mb-l\">Die leise, langlebige Kraftquelle deiner Waschmaschine.<\/p>\n<p class=\"mb-l\">L\u00e4rmende Hausger\u00e4te k\u00f6nnen ganz sch\u00f6n nerven. Deshalb haben wir f\u00fcr unsere Waschmaschinen den Eco Silence Drive\u2122 entwickelt. Dieser b\u00fcrstenlose, energieeffiziente Motor reduziert Reibungsger\u00e4usche und ist obendrein auf eine besonders lange Lebensdauer ausgelegt.<\/p>\n<p class=\"mb-l\">\n<div class=\"titlepage\">\n<h2 class=\"text-h3 mb-l\">Hygiene Plus<\/h2>\n<\/div>\n<p class=\"mb-l\">Hygienische W\u00e4sche, auch bei 40 \u00b0C.<\/p>\n<p class=\"mb-l\">Manchmal ist sauber nicht rein genug. Deshalb haben wir das Hygiene-Plus-Programm entwickelt. Die Temperatur wird w\u00e4hrend des Waschgangs konstant gehalten. Ein zus\u00e4tzlicher Sp\u00fclgang sorgt f\u00fcr hygienisch saubere W\u00e4sche und t\u00f6tet Keime besonders wirksam ab. Das Resultat: hygienische Waschergebnisse, die 99,99 % der h\u00e4ufigsten Keime beseitigen, auch bei 40 \u00b0C.<\/p>\n<p class=\"mb-l\">\n<div class=\"titlepage\">\n<h2 class=\"text-h3 mb-l\">Active Water Plus<\/h2>\n<\/div>\n<p class=\"mb-l\">Wasser sparen bei kleinen Beladungen.<\/p>\n<p class=\"mb-l\">Egal, wie wenig man w\u00e4scht, die Active Water Plus-Technologie liefert perfekte Ergebnisse und verwendet dabei nur genau die Wassermenge, die f\u00fcr jeden Waschgang ben\u00f6tigt wird. F\u00fcr hocheffiziente Wassernutzung auch bei kleineren Beladungen. Dank seiner hocheffizienten Wassermanagement-Technologie wird die exakte Beladung automatisch erkannt und der Wasserverbrauch genau angepasst. Spare bis zu 50 % Wasser bei kleinen Beladungen.<\/p>\n<p class=\"mb-l\">\n<div class=\"titlepage\">\n<h2 class=\"text-h3 mb-l\">Speed Perfect<\/h2>\n<\/div>\n<p class=\"mb-l\">Perfekte Ergebnisse in weniger als der halben Zeit.<\/p>\n<p class=\"mb-l\">Wenn die Zeit knapp ist und deine Waschmaschine \u00fcber Speed Perfect verf\u00fcgt, kannst du die Programmlaufzeit bei gleichbleibend hoher Qualit\u00e4t um bis zu 65 % verk\u00fcrzen. Speed Perfect l\u00e4sst sich mit den meisten Programmen, jedem F\u00fcllvolumen und allen Gewebearten nutzen. So kannst du beispielsweise mit Speed Perfect und dem Mix-Programm bis zu 4 Kilogramm Mischw\u00e4sche in nur 46 Minuten gr\u00fcndlich waschen.<\/p>\n<p class=\"mb-l\">\n<div class=\"titlepage\">\n<h2 class=\"text-h3 mb-l\">Nachlegefunktion<\/h2>\n<\/div>\n<p class=\"mb-l\">Dank der Nachlegefunktion sind einsame Socken ab sofort Geschichte.<\/p>\n<p class=\"mb-l\">Gerade die Waschmaschine gestartet und dann ein vergessenes Teil entdeckt \u2026 wer kennt das nicht? Zum Gl\u00fcck l\u00e4sst sich die Nachlegefunktion auch nach dem Programmstart W\u00e4schest\u00fccke hinzuf\u00fcgen (oder entfernen). Dr\u00fccke einfach die Taste Nachlegefunktion, gebe die vergessenen Teile in die Maschine und setze den Waschvorgang fort.<\/p>\n<p class=\"mb-l\">\n<div class=\"titlepage\">\n<h2 class=\"text-h3 mb-l\">Vario Trommel<\/h2>\n<\/div>\n<p class=\"mb-l\">Kraftvolle, aber sanfte W\u00e4sche f\u00fcr deine Lieblingsst\u00fccke.<\/p>\n<p class=\"mb-l\">Deine Lieblingsst\u00fccke oder besonders empfindliche Kleidung k\u00f6nnen durch h\u00e4ufiges Waschen besch\u00e4digt werden. Die einzigartige Vario Trommel w\u00e4scht jede Art von Kleidung sanft und effizient; das Wasser wird gleichm\u00e4\u00dfig verteilt, ohne deine Lieblingsst\u00fccke zu dehnen, zu knittern oder zu besch\u00e4digen. Je nach ausgew\u00e4hltem Waschprogramm bef\u00f6rdern die tropfenf\u00f6rmige Trommeloberfl\u00e4chenstruktur und die asymmetrischen Mitnehmer deine W\u00e4sche schonend zur Mitte hin. Dies bewirkt nicht nur eine intensive Reinigung von st\u00e4rker verschmutzten Teilen, sondern sorgt auch f\u00fcr eine schnellere und gr\u00fcndlichere Reinigung der kompletten Waschladung. G\u00f6nne deiner Kleidung eine professionelle Qualit\u00e4tsreinigung!<\/p>\n<p class=\"mb-l\">\n<div class=\"titlepage\">\n<h2 class=\"text-h3 mb-l\">Gro\u00dfes LED-Display<\/h2>\n<\/div>\n<p class=\"mb-l\">Gro\u00dfes, einfach zu bedienendes LED-Display.<\/p>\n<p class=\"mb-l\">Waschen leicht gemacht mit dem gro\u00dfen LED-Display. Das intuitiv zu bedienende Display im modernen Design erm\u00f6glicht eine intuitive, schnelle und \u00fcbersichtliche Bedienung der Waschmaschine.<\/p>\n<p class=\"mb-l\">\n<div class=\"titlepage\">\n<h2 class=\"text-h3 mb-l\">Dunkle W\u00e4sche Programm<\/h2>\n<\/div>\n<p class=\"mb-l\">Damit deine dunkle Kleidung wie neu aussieht.<\/p>\n<p class=\"mb-l\">Das Ausbleichen dunkler Kleidung nach nur wenigen Waschg\u00e4ngen hat jetzt ein Ende! Das Spezialprogramm pflegt dunkle Kleidung wie kein anderes. Das Programm hilft dir, die Farbe und Leuchtkraft deiner dunklen Kleidung zu erhalten. Du brauchst dir nie wieder Sorgen zu machen, dass dein schwarzes Hemd beim Waschen ausbleicht!<\/p>\n<p class=\"mb-l\">\n<div class=\"titlepage\">\n<h2 class=\"text-h3 mb-l\">Trommelreinigung Erinnerungsfunktion<\/h2>\n<\/div>\n<p class=\"mb-l\">Das Trommelreinigungsprogramm ist ideal, um die Trommel zu reinigen und hygienisch sauber zu halten. Nach 20 Waschg\u00e4ngen unter 40 \u00b0C erinnert die Waschmaschine\/der Waschtrockner automatisch daran, die Trommel mit dem Trommelreinigungsprogramm zu reinigen.<\/p>\n<p class=\"mb-l\">\n<div class=\"titlepage\">\n<h2 class=\"text-h3 mb-l\">AquaStop<\/h2>\n<\/div>\n<p class=\"mb-l\">Doppelter Schutz vor Wassersch\u00e4den.<\/p>\n<p class=\"mb-l\">Die AquaStop Garantie von Bosch bietet Schutz vor Wassersch\u00e4den \u2013 ein Ger\u00e4teleben lang. Unsere Waschmaschinen mit AquaStop haben einen speziellen doppelwandigen Zulaufschlauch, ein Sicherheitsventil und einen Bodentank mit Schwimmerschalter, die gemeinsam Schutz vor jeglichen Wassersch\u00e4den bieten, sei es am Zulaufschlauch oder durch eine undichte Stelle im Ger\u00e4t.<\/p>\n<p class=\"mb-l\">\n<div class=\"titlepage\">\n<h2 class=\"text-h3 mb-l\">Anti Vibration Design<\/h2>\n<\/div>\n<p class=\"mb-l\">Mehr Standfestigkeit und weniger Vibrationen.<\/p>\n<p class=\"mb-l\">Das innovative Anti Vibration Design der Seitenw\u00e4nde ist nicht nur ein optisches Highlight: Die Funktion sorgt f\u00fcr mehr Stabilit\u00e4t und reduziert Vibrationen. Die optimale D\u00e4mmung reguliert das Ger\u00e4uschaufkommen, sodass die Waschmaschine selbst im Schleudergang sehr leise ist.<\/p>\n<p class=\"mb-l\">\n<div class=\"titlepage\">\n<h2 class=\"text-h3 mb-l\">ExtraKurz 15&#8217;\/30&#8242;<\/h2>\n<\/div>\n<p class=\"mb-l\">F\u00fcr extra schnelle W\u00e4sche.<\/p>\n<p class=\"mb-l\">Schnelles Auswaschen bzw. Auffrischen von bis zu 2 bzw. 3,5 kg leichtverschmutzter Kleidung in nur 15 bzw. 30 Minuten. Inklusive Hauptw\u00e4sche, Sp\u00fclen und Schleudern.<\/p>\n<p class=\"mb-l\">\n<div class=\"titlepage\">\n<h2 class=\"text-h3 mb-l\">Touch Control Bedienung<\/h2>\n<\/div>\n<p class=\"mb-l\">So einfach kann Waschen sein.<\/p>\n<p class=\"mb-l\">Waschen leicht gemacht mit dem Touch Control Bedienfeld. Das Bedienfeld ist intuitiv gestaltet und erm\u00f6glicht eine einfache und schnelle Programmwahl ohne langes Nachschlagen in der Bedienungsanleitung. Genie\u00dfe den Komfort einer m\u00fchelosen Bedienung mit unseren Touch Control Bedienfeldern.<\/p>\n<p class=\"mb-l\">\n<div class=\"titlepage\">\n<h2 class=\"text-h3 mb-l\">Energieverbrauchsanzeige<\/h2>\n<\/div>\n<p class=\"mb-l\">Schafft ein nachhaltiges Bewusstsein f\u00fcr den eigenen Energieverbrauch.<\/p>\n<p class=\"mb-l\">Machst du dir Sorgen wegen hoher Stromkosten? Unsere Energie- und Wasserverbrauchsanzeige gibt dir Transparenz \u00fcber deinen Energieverbrauch! Mit dieser innovativen Funktion hast du immer im Blick, wie viel Energie du verbrauchst und kannst beim Waschen Wasser, Energie und Geld sparen. Eine einfache und bequeme M\u00f6glichkeit, umweltbewusst zu handeln und gleichzeitig deine W\u00e4sche zu pflegen.<\/p>\n<p class=\"mb-l\">\n<div class=\"titlepage\">\n<h2 class=\"text-h3 mb-l\">24h Endezeitvorwahl<\/h2>\n<\/div>\n<p class=\"mb-l\">Mehr Flexibilit\u00e4t dank frei w\u00e4hlbarem Programmende.<\/p>\n<p class=\"mb-l\">W\u00e4hle den Zeitpunkt innerhalb der n\u00e4chsten 24 Stunden, zu dem die W\u00e4sche fertig sein soll. Starte den Waschgang einfach sp\u00e4ter, damit die W\u00e4sche fertig ist, wenn du sie ben\u00f6tigst.<\/p>\n<p class=\"mb-l\">\n<div class=\"titlepage\">\n<h2 class=\"text-h3 mb-l\">Sportswear-Programm<\/h2>\n<\/div>\n<p class=\"mb-l\">Behalten Sie Ihre Sportkleidung in Form.<\/p>\n<p class=\"mb-l\">Behalten Sie Ihre sportlichen Ziele im Kopf. Um den Rest k\u00fcmmern wir uns. Mikrofasern sind ideal f\u00fcr Sportkleidung \u2013 aber auch empfindlich. Nutzen Sie f\u00fcr Ihre Leggings, Funktionsshirts und Schwimmkleidung das spezielle Sportswear-Programm, das besonders schonend w\u00e4scht durch niedrige Waschtemperaturen von \u201ekalt\u201c bis 40\u00b0C. Die geringe Schleuderdrehzahl und kurzes Auflockern am Ende reduziert au\u00dferdem die Knitterbildung. So bleibt Ihre Sportbekleidung lange funktional und in Topform.<\/p>\n<li class=\"mb-m\">\n<div class=\"flex flex-col m:flex-row gap-s m:gap-xl\">\n<div class=\"text-h3 min-w-[244px] max-w-[244px]\">Waschen<\/div>\n<div class=\"flex flex-col gap-s\"><span class=\"\"><\/p>\n<ul class=\"flex flex-col gap-s\">\n<li class=\"ml-3xs pl-[15px] relative before:absolute before:w-[8px] before:h-[8px] before:bg-dark before:top-[8px] before:left-0 before:rounded-full\">Drehzahl: 1400 r\/min<\/li>\n<li class=\"ml-3xs pl-[15px] relative before:absolute before:w-[8px] before:h-[8px] before:bg-dark before:top-[8px] before:left-0 before:rounded-full\">Waschkapazit\u00e4t: 8 kg<\/li>\n<\/ul>\n<p><\/span><\/div>\n<\/div>\n<\/li>\n<li class=\"mb-m\">\n<div class=\"flex flex-col m:flex-row gap-s m:gap-xl\">\n<div class=\"text-h3 min-w-[244px] max-w-[244px]\">Haushalt<\/div>\n<div class=\"flex flex-col gap-s\"><span class=\"\"><\/p>\n<ul class=\"flex flex-col gap-s\">\n<li class=\"ml-3xs pl-[15px] relative before:absolute before:w-[8px] before:h-[8px] before:bg-dark before:top-[8px] before:left-0 before:rounded-full\">Auslaufschutz: AquaStop<\/li>\n<li class=\"ml-3xs pl-[15px] relative before:absolute before:w-[8px] before:h-[8px] before:bg-dark before:top-[8px] before:left-0 before:rounded-full\">Startzeitvorwahl in h: 24 h<\/li>\n<li class=\"ml-3xs pl-[15px] relative before:absolute before:w-[8px] before:h-[8px] before:bg-dark before:top-[8px] before:left-0 before:rounded-full\">Bauart: Standger\u00e4t<\/li>\n<li class=\"ml-3xs pl-[15px] relative before:absolute before:w-[8px] before:h-[8px] before:bg-dark before:top-[8px] before:left-0 before:rounded-full\">Beladungstyp: Frontlader<\/li>\n<\/ul>\n<p><\/span><\/div>\n<\/div>\n<\/li>\n<li class=\"mb-m\">\n<div class=\"flex flex-col m:flex-row gap-s m:gap-xl\">\n<div class=\"text-h3 min-w-[244px] max-w-[244px]\">Farbe<\/div>\n<div class=\"flex flex-col gap-s\"><span class=\"\"><\/p>\n<ul class=\"flex flex-col gap-s\">\n<li class=\"ml-3xs pl-[15px] relative before:absolute before:w-[8px] before:h-[8px] before:bg-dark before:top-[8px] before:left-0 before:rounded-full\">Wei\u00df<\/li>\n<\/ul>\n<p><\/span><\/div>\n<\/div>\n<\/li>\n<li class=\"mb-m\">\n<div class=\"flex flex-col m:flex-row gap-s m:gap-xl\">\n<div class=\"text-h3 min-w-[244px] max-w-[244px]\">Abmessungen \/ Gewicht<\/div>\n<div class=\"flex flex-col gap-s\"><span class=\"\"><\/p>\n<ul class=\"flex flex-col gap-s\">\n<li class=\"ml-3xs pl-[15px] relative before:absolute before:w-[8px] before:h-[8px] before:bg-dark before:top-[8px] before:left-0 before:rounded-full\">Breite: 598 mm<\/li>\n<li class=\"ml-3xs pl-[15px] relative before:absolute before:w-[8px] before:h-[8px] before:bg-dark before:top-[8px] before:left-0 before:rounded-full\">H\u00f6he: 845 mm<\/li>\n<li class=\"ml-3xs pl-[15px] relative before:absolute before:w-[8px] before:h-[8px] before:bg-dark before:top-[8px] before:left-0 before:rounded-full\">Tiefe: 599 mm<\/li>\n<li class=\"ml-3xs pl-[15px] relative before:absolute before:w-[8px] before:h-[8px] before:bg-dark before:top-[8px] before:left-0 before:rounded-full\">Gewicht: 74.50 kg<\/li>\n<\/ul>\n<p><\/span><\/div>\n<\/div>\n<\/li>\n<li class=\"mb-m\">\n<div class=\"flex flex-col m:flex-row gap-s m:gap-xl\">\n<div class=\"text-h3 min-w-[244px] max-w-[244px]\">Energieeffizienzklasse<\/div>\n<div class=\"flex flex-col gap-s\"><span class=\"\"><\/p>\n<ul class=\"flex flex-col gap-s\">\n<li class=\"ml-3xs pl-[15px] relative before:absolute before:w-[8px] before:h-[8px] before:bg-dark before:top-[8px] before:left-0 before:rounded-full\">B<\/li>\n<\/ul>\n<p><\/span><\/div>\n<\/div>\n<\/li>\n","protected":false},"excerpt":{"rendered":"<li class=\"bullet-list-item\">Energieeffizienzklasse: B<\/li>\n<li class=\"bullet-list-item\">Frontlader, 8 kg Nennkapazit\u00e4t je Waschvorgang<\/li>\n<li class=\"bullet-list-item\">AquaStop Auslaufschutz<\/li>\n<li class=\"bullet-list-item\">Max. 1400 U\/min.<\/li>\n<li class=\"bullet-list-item\">Standger\u00e4t, Ma\u00dfe: B 59.8 cm x H 84.5 cm x T 59.9 cm<\/li>\n<p> Herstellernummer WUU28T71<\/p>","protected":false},"featured_media":46109,"comment_status":"open","ping_status":"closed","template":"","meta":{"_monsterinsights_skip_tracking":false,"_monsterinsights_sitenote_active":false,"_monsterinsights_sitenote_note":"","_monsterinsights_sitenote_category":0,"_uf_show_specific_survey":0,"_uf_disable_surveys":false},"product_brand":[],"product_cat":[499],"product_tag":[],"models":[],"years":[],"class_list":{"0":"post-41018","1":"product","2":"type-product","3":"status-publish","4":"has-post-thumbnail","6":"product_cat-waschmaschinen-trockner","8":"first","9":"instock","10":"sale","11":"shipping-taxable","12":"purchasable","13":"product-type-simple"},"aioseo_notices":[],"acf":[],"_links":{"self":[{"href":"https:\/\/amannforg.com\/fr\/wp-json\/wp\/v2\/product\/41018","targetHints":{"allow":["GET"]}}],"collection":[{"href":"https:\/\/amannforg.com\/fr\/wp-json\/wp\/v2\/product"}],"about":[{"href":"https:\/\/amannforg.com\/fr\/wp-json\/wp\/v2\/types\/product"}],"replies":[{"embeddable":true,"href":"https:\/\/amannforg.com\/fr\/wp-json\/wp\/v2\/comments?post=41018"}],"version-history":[{"count":1,"href":"https:\/\/amannforg.com\/fr\/wp-json\/wp\/v2\/product\/41018\/revisions"}],"predecessor-version":[{"id":57940,"href":"https:\/\/amannforg.com\/fr\/wp-json\/wp\/v2\/product\/41018\/revisions\/57940"}],"wp:featuredmedia":[{"embeddable":true,"href":"https:\/\/amannforg.com\/fr\/wp-json\/wp\/v2\/media\/46109"}],"wp:attachment":[{"href":"https:\/\/amannforg.com\/fr\/wp-json\/wp\/v2\/media?parent=41018"}],"wp:term":[{"taxonomy":"product_brand","embeddable":true,"href":"https:\/\/amannforg.com\/fr\/wp-json\/wp\/v2\/product_brand?post=41018"},{"taxonomy":"product_cat","embeddable":true,"href":"https:\/\/amannforg.com\/fr\/wp-json\/wp\/v2\/product_cat?post=41018"},{"taxonomy":"product_tag","embeddable":true,"href":"https:\/\/amannforg.com\/fr\/wp-json\/wp\/v2\/product_tag?post=41018"},{"taxonomy":"models","embeddable":true,"href":"https:\/\/amannforg.com\/fr\/wp-json\/wp\/v2\/models?post=41018"},{"taxonomy":"years","embeddable":true,"href":"https:\/\/amannforg.com\/fr\/wp-json\/wp\/v2\/years?post=41018"}],"curies":[{"name":"wp","href":"https:\/\/api.w.org\/{rel}","templated":true}]}}