{"id":41069,"date":"2026-03-03T23:55:49","date_gmt":"2026-03-03T23:55:49","guid":{"rendered":"https:\/\/amannforg.com\/?post_type=product&#038;p=41069"},"modified":"2026-03-07T16:29:48","modified_gmt":"2026-03-07T16:29:48","slug":"lg-f6wv710p1-waschmaschine-105kg-1560-u-min","status":"publish","type":"product","link":"https:\/\/amannforg.com\/fr\/produit\/lg-f6wv710p1-waschmaschine-105kg-1560-u-min\/","title":{"rendered":"LG F6WV710P1 Waschmaschine 10,5kg 1560 U\/min"},"content":{"rendered":"<div class=\"titlepage\">\n<h2 class=\"text-h3 mb-l\">LG F6WV710P1 Waschmaschine Wei\u00df (A, 10,5 kg, 1.560 U.\/Min.) mit AI DD\u00ae &amp; TurboWash 360 Grad<\/h2>\n<\/div>\n<div class=\"titlepage\">\n<h2 class=\"text-h3 mb-l\">Features<\/h2>\n<\/div>\n<p>AI DD: Intelligente Erkennung der Fasern f\u00fcr 18% mehr Gewebeschutz Edelstahl Mitnehmer: Hygienisch, Strapazierf\u00e4hig und keine Verf\u00e4rbungen Sicherheitsglast\u00fcr: Stabil, Kratzfest und Hygienisch Aqua Lock\u00ae Vollwasserschutz (Aqua Stop System bestehend aus versiegelter Bodenwanne mit Sensor und Aqua Stop Sicherheitsschlauch) Steam: Tiefenreinigung mit Dampf mit speziellem Programm wie Allergy Care und Anti-Falten Option Inverter Direct Drive\u00ae: energieeffizienter, langlebiger und leiser Motor mit 10 Jahren Garantie*<\/p>\n<div class=\"titlepage\">\n<h2 class=\"text-h3 mb-l\">AI Direct Drive<\/h2>\n<\/div>\n<p>Intelligente Pflege mit 18% mehr FaserschutzAI Direct Drive\u00ae basiert auf umfangreichen Daten \u00fcber die gesamte Wascherfahrung und w\u00e4hlt den perfekten Waschgang, der Ihre W\u00e4sche optimal schont.<\/p>\n<div class=\"titlepage\">\n<h2 class=\"text-h3 mb-l\">Was ist AI DD?<\/h2>\n<\/div>\n<p>AI Direct Drive\u00ae erkennt nicht nur das Gewicht der W\u00e4sche, sondern auch die Empfindlichkeit des Stoffes, und w\u00e4hlt eigenst\u00e4ndig den optimalen Waschgang f\u00fcr das jeweilige Gewebe aus.<\/p>\n<div class=\"titlepage\">\n<h2 class=\"text-h3 mb-l\">Steam Gr\u00fcndliche und schonende Tiefenreinigung mit Dampf <\/h2>\n<\/div>\n<p>Die LG Steam Technologie beseitigt 99,9% aller Allergene, wie z. B. Hausstaubmilben, die Allergien oder Atemprobleme verursachen k\u00f6nnen.<\/p>\n<div class=\"titlepage\">\n<h2 class=\"text-h3 mb-l\">99,9% ige Allergen-Entfernung <\/h2>\n<\/div>\n<p>Der Dampf entfernt bis zu 99,9% der Allergene.<\/p>\n<div class=\"titlepage\">\n<h2 class=\"text-h3 mb-l\">Gr\u00f6\u00dfere Kapazit\u00e4t <\/h2>\n<\/div>\n<p>Gr\u00f6\u00dfere Kapazit\u00e4t im gleichen Raum G\u00f6nnen Sie sich eine gr\u00f6\u00dfere Waschtrommel \u2013 bei identischem Platzbedarf!<\/p>\n<div class=\"titlepage\">\n<h2 class=\"text-h3 mb-l\">Haltbarkeit <\/h2>\n<\/div>\n<p>Haltbarer und hygienischer Verst\u00e4rkte, robuste und elegante Au\u00dfent\u00fcr aus geh\u00e4rtetem Glas und hygienische und langlebige Edelstahl-Waschtrommel.<\/p>\n<div class=\"titlepage\">\n<h2 class=\"text-h3 mb-l\">Design <\/h2>\n<\/div>\n<p>Auff\u00e4llig und elegant Verbesserte Ablesbarkeit des Displays und gro\u00dfer Metall-Drehschalter.<\/p>\n<div class=\"titlepage\">\n<h2 class=\"text-h3 mb-l\">ThinQ<\/h2>\n<\/div>\n<p>Intelligentes Ger\u00e4t Dank ThinQ\u00ae-Technologie ist Ihre Waschmaschine nun intelligent \u2013 von der Fernbedienung bis zum Herunterladen von weiteren Waschprogrammen. Die Handhabung ist kinderleicht \u2013 Zugriff auf die aktuellsten Innovationen erhalten Sie \u00fcber WLAN.  <\/p>\n<li class=\"mb-m\">\n<div class=\"flex flex-col m:flex-row gap-s m:gap-xl\">\n<div class=\"text-h3 min-w-[244px] max-w-[244px]\">Waschen<\/div>\n<div class=\"flex flex-col gap-s\"><span class=\"\"><\/p>\n<ul class=\"flex flex-col gap-s\">\n<li class=\"ml-3xs pl-[15px] relative before:absolute before:w-[8px] before:h-[8px] before:bg-dark before:top-[8px] before:left-0 before:rounded-full\">Drehzahl: 1600 r\/min<\/li>\n<li class=\"ml-3xs pl-[15px] relative before:absolute before:w-[8px] before:h-[8px] before:bg-dark before:top-[8px] before:left-0 before:rounded-full\">Waschkapazit\u00e4t: 10.5 kg<\/li>\n<\/ul>\n<p><\/span><\/div>\n<\/div>\n<\/li>\n<li class=\"mb-m\">\n<div class=\"flex flex-col m:flex-row gap-s m:gap-xl\">\n<div class=\"text-h3 min-w-[244px] max-w-[244px]\">Haushalt<\/div>\n<div class=\"flex flex-col gap-s\"><span class=\"\"><\/p>\n<ul class=\"flex flex-col gap-s\">\n<li class=\"ml-3xs pl-[15px] relative before:absolute before:w-[8px] before:h-[8px] before:bg-dark before:top-[8px] before:left-0 before:rounded-full\">Bauart: Standger\u00e4t<\/li>\n<li class=\"ml-3xs pl-[15px] relative before:absolute before:w-[8px] before:h-[8px] before:bg-dark before:top-[8px] before:left-0 before:rounded-full\">Beladungstyp: Frontlader<\/li>\n<\/ul>\n<p><\/span><\/div>\n<\/div>\n<\/li>\n<li class=\"mb-m\">\n<div class=\"flex flex-col m:flex-row gap-s m:gap-xl\">\n<div class=\"text-h3 min-w-[244px] max-w-[244px]\">Kompatibilit\u00e4t<\/div>\n<div class=\"flex flex-col gap-s\"><span class=\"\"><\/p>\n<ul class=\"flex flex-col gap-s\">\n<li class=\"ml-3xs pl-[15px] relative before:absolute before:w-[8px] before:h-[8px] before:bg-dark before:top-[8px] before:left-0 before:rounded-full\">ThinQ\u00ae<\/li>\n<\/ul>\n<p><\/span><\/div>\n<\/div>\n<\/li>\n<li class=\"mb-m\">\n<div class=\"flex flex-col m:flex-row gap-s m:gap-xl\">\n<div class=\"text-h3 min-w-[244px] max-w-[244px]\">Farbe<\/div>\n<div class=\"flex flex-col gap-s\"><span class=\"\"><\/p>\n<ul class=\"flex flex-col gap-s\">\n<li class=\"ml-3xs pl-[15px] relative before:absolute before:w-[8px] before:h-[8px] before:bg-dark before:top-[8px] before:left-0 before:rounded-full\">Wei\u00df<\/li>\n<\/ul>\n<p><\/span><\/div>\n<\/div>\n<\/li>\n<li class=\"mb-m\">\n<div class=\"flex flex-col m:flex-row gap-s m:gap-xl\">\n<div class=\"text-h3 min-w-[244px] max-w-[244px]\">Abmessungen \/ Gewicht<\/div>\n<div class=\"flex flex-col gap-s\"><span class=\"\"><\/p>\n<ul class=\"flex flex-col gap-s\">\n<li class=\"ml-3xs pl-[15px] relative before:absolute before:w-[8px] before:h-[8px] before:bg-dark before:top-[8px] before:left-0 before:rounded-full\">Breite: 600 mm<\/li>\n<li class=\"ml-3xs pl-[15px] relative before:absolute before:w-[8px] before:h-[8px] before:bg-dark before:top-[8px] before:left-0 before:rounded-full\">H\u00f6he: 850 mm<\/li>\n<li class=\"ml-3xs pl-[15px] relative before:absolute before:w-[8px] before:h-[8px] before:bg-dark before:top-[8px] before:left-0 before:rounded-full\">Tiefe: 560 mm<\/li>\n<li class=\"ml-3xs pl-[15px] relative before:absolute before:w-[8px] before:h-[8px] before:bg-dark before:top-[8px] before:left-0 before:rounded-full\">Gewicht: 70 kg<\/li>\n<\/ul>\n<p><\/span><\/div>\n<\/div>\n<\/li>\n<li class=\"mb-m\">\n<div class=\"flex flex-col m:flex-row gap-s m:gap-xl\">\n<div class=\"text-h3 min-w-[244px] max-w-[244px]\">Energieeffizienzklasse<\/div>\n<div class=\"flex flex-col gap-s\"><span class=\"\"><\/p>\n<ul class=\"flex flex-col gap-s\">\n<li class=\"ml-3xs pl-[15px] relative before:absolute before:w-[8px] before:h-[8px] before:bg-dark before:top-[8px] before:left-0 before:rounded-full\">A<\/li>\n<\/ul>\n<p><\/span><\/div>\n<\/div>\n<\/li>\n<li class=\"mb-m\">\n<div class=\"flex flex-col m:flex-row gap-s m:gap-xl\">\n<div class=\"text-h3 min-w-[244px] max-w-[244px]\">Ger\u00e4uschentwicklung<\/div>\n<div class=\"flex flex-col gap-s\"><span class=\"\"><\/p>\n<ul class=\"flex flex-col gap-s\">\n<li class=\"ml-3xs pl-[15px] relative before:absolute before:w-[8px] before:h-[8px] before:bg-dark before:top-[8px] before:left-0 before:rounded-full\">73 dB<\/li>\n<\/ul>\n<p><\/span><\/div>\n<\/div>\n<\/li>\n","protected":false},"excerpt":{"rendered":"<li class=\"bullet-list-item\">Energieeffizienzklasse: A<\/li>\n<li class=\"bullet-list-item\">Frontlader, 10.5 kg Nennkapazit\u00e4t je Waschvorgang<\/li>\n<li class=\"bullet-list-item\">Kompatibel mit ThinQ\u00ae<\/li>\n<li class=\"bullet-list-item\">Max. 1600 U\/min.<\/li>\n<li class=\"bullet-list-item\">Standger\u00e4t, Ma\u00dfe: B 60 cm x H 85 cm x T 56 cm<\/li>\n<p> Herstellernummer F6WV710P1<\/p>","protected":false},"featured_media":46157,"comment_status":"open","ping_status":"closed","template":"","meta":{"_monsterinsights_skip_tracking":false,"_monsterinsights_sitenote_active":false,"_monsterinsights_sitenote_note":"","_monsterinsights_sitenote_category":0,"_uf_show_specific_survey":0,"_uf_disable_surveys":false},"product_brand":[],"product_cat":[499],"product_tag":[],"models":[],"years":[],"class_list":{"0":"post-41069","1":"product","2":"type-product","3":"status-publish","4":"has-post-thumbnail","6":"product_cat-waschmaschinen-trockner","8":"first","9":"instock","10":"sale","11":"shipping-taxable","12":"purchasable","13":"product-type-simple"},"aioseo_notices":[],"acf":[],"_links":{"self":[{"href":"https:\/\/amannforg.com\/fr\/wp-json\/wp\/v2\/product\/41069","targetHints":{"allow":["GET"]}}],"collection":[{"href":"https:\/\/amannforg.com\/fr\/wp-json\/wp\/v2\/product"}],"about":[{"href":"https:\/\/amannforg.com\/fr\/wp-json\/wp\/v2\/types\/product"}],"replies":[{"embeddable":true,"href":"https:\/\/amannforg.com\/fr\/wp-json\/wp\/v2\/comments?post=41069"}],"version-history":[{"count":1,"href":"https:\/\/amannforg.com\/fr\/wp-json\/wp\/v2\/product\/41069\/revisions"}],"predecessor-version":[{"id":57948,"href":"https:\/\/amannforg.com\/fr\/wp-json\/wp\/v2\/product\/41069\/revisions\/57948"}],"wp:featuredmedia":[{"embeddable":true,"href":"https:\/\/amannforg.com\/fr\/wp-json\/wp\/v2\/media\/46157"}],"wp:attachment":[{"href":"https:\/\/amannforg.com\/fr\/wp-json\/wp\/v2\/media?parent=41069"}],"wp:term":[{"taxonomy":"product_brand","embeddable":true,"href":"https:\/\/amannforg.com\/fr\/wp-json\/wp\/v2\/product_brand?post=41069"},{"taxonomy":"product_cat","embeddable":true,"href":"https:\/\/amannforg.com\/fr\/wp-json\/wp\/v2\/product_cat?post=41069"},{"taxonomy":"product_tag","embeddable":true,"href":"https:\/\/amannforg.com\/fr\/wp-json\/wp\/v2\/product_tag?post=41069"},{"taxonomy":"models","embeddable":true,"href":"https:\/\/amannforg.com\/fr\/wp-json\/wp\/v2\/models?post=41069"},{"taxonomy":"years","embeddable":true,"href":"https:\/\/amannforg.com\/fr\/wp-json\/wp\/v2\/years?post=41069"}],"curies":[{"name":"wp","href":"https:\/\/api.w.org\/{rel}","templated":true}]}}