{"id":41082,"date":"2026-03-03T23:55:54","date_gmt":"2026-03-03T23:55:54","guid":{"rendered":"https:\/\/amannforg.com\/?post_type=product&#038;p=41082"},"modified":"2026-03-07T16:29:48","modified_gmt":"2026-03-07T16:29:48","slug":"bosch-wqb235b40-serie-8-warmepumpentrockner-8kg-eek-c","status":"publish","type":"product","link":"https:\/\/amannforg.com\/fr\/produit\/bosch-wqb235b40-serie-8-warmepumpentrockner-8kg-eek-c\/","title":{"rendered":"Bosch WQB235B40 Serie 8 W\u00e4rmepumpentrockner 8kg EEK C"},"content":{"rendered":"<div class=\"titlepage\">\n<h2 class=\"text-h3 mb-l\">Erkennt automatisch den optimalen Trocknungsgrad<\/h2>\n<\/div>\n<p>Den Trockner oder Waschtrockner einfach mit bis zu zehn Kilogramm W\u00e4sche f\u00fcllen und Auto Dry liefert die W\u00e4sche b\u00fcgelfeucht, schranktrocken oder extratrocken &#8230; ganz wie du es w\u00fcnschst. Intelligente Sensoren messen kontinuierlich die Temperatur und Feuchtigkeit, um die W\u00e4sche vor \u00dcberhitzen und Austrocknen zu sch\u00fctzen. Eine Sorge weniger.<\/p>\n<div class=\"titlepage\">\n<h2 class=\"text-h3 mb-l\">Kondensator mit automatischer Flusenentfernung<\/h2>\n<\/div>\n<p>W\u00e4rmepumpentrockner mit selbstreinigendem Kondensator sch\u00fctzen deine Kleidung und sind \u00e4u\u00dferst energieeffizient. Dank seiner selbstreinigenden Technologie wird der Kondensator w\u00e4hrend der Trocknung bis zu vier Mal automatisch gereinigt. So ist bei jedem Zyklus optimale Energieeffizienz gew\u00e4hrleistet. Die W\u00e4rmepumpentrockner von Bosch sind auf Effizienz ausgelegt und trocknen deine Kleidung schonend und perfekt.<\/p>\n<div class=\"titlepage\">\n<h2 class=\"text-h3 mb-l\">Dein Trockner macht das f\u00fcr dich<\/h2>\n<\/div>\n<p>Das richtige Trockenprogramm f\u00fcr deine W\u00e4sche auszuw\u00e4hlen, ist nicht immer ganz einfach. Smart Dry nimmt dir die Entscheidung ab. Deine Waschmaschine und dein Trockner kommunizieren drahtlos miteinander und w\u00e4hlen auf Grundlage des letzten Waschgangs das optimale Trockenprogramm aus, ohne dass ein externes Ger\u00e4t oder eine App ben\u00f6tigt wird. Definitiv der cleverste Weg zu perfekten Trocknungsergebnissen.<\/p>\n<div class=\"titlepage\">\n<h2 class=\"text-h3 mb-l\">Vernetzte Ger\u00e4te machen das Leben leichter<\/h2>\n<\/div>\n<p>Dank der Home Connect App kannst du Bosch Ger\u00e4te von \u00fcberall aus steuern \u2013 per Fingertipp alles im Griff. Verwende einfach dein Smartphone oder Tablet, um deine Haushaltsger\u00e4te bequem von jedem Ort aus zu steuern und zu \u00fcberwachen.<\/p>\n<div class=\"titlepage\">\n<h2 class=\"text-h3 mb-l\">Deinen Stromverbrauch aktiv steuern<\/h2>\n<\/div>\n<p>Haushaltsger\u00e4te kann man selbst ausw\u00e4hlen, aber haben wir auch Einfluss auf deren Energieverbrauch? Mit der Home Connect App und unseren Energiemanagement Partnern entscheidest du, wann, wo und wie dein Haus Energie verbraucht \u2013 und das alles mit nur einem Klick. Lass Ger\u00e4te zum Beispiel dann laufen, wenn du gerade \u00fcbersch\u00fcssige Energie produzierst oder wenn die Energiekosten am niedrigsten sind. Dein Energiemanagementsystem nutzt dann automatisch die beste verf\u00fcgbare Energiequelle f\u00fcr deinen W\u00e4schetrockner. Endlich Haushaltsger\u00e4te, die genauso umweltbewusst sind wie du.<\/p>\n<div class=\"titlepage\">\n<h2 class=\"text-h3 mb-l\">Die perfekte Trocknung f\u00fcr deine W\u00e4sche<\/h2>\n<\/div>\n<p>Das richtige Trocknungsprogramm auszuw\u00e4hlen, ist manchmal eine Wissenschaft f\u00fcr sich \u2013 und nimmt man das falsche, sind die Ergebnisse meist eher d\u00fcrftig. Home Connect mit Easy Start macht ein f\u00fcr alle Mal Schluss mit R\u00e4tselraten und empfiehlt dir immer das richtige Programm, direkt von deinem Mobilger\u00e4t aus. Du teilst Home Connect einfach die W\u00e4scheart und den gew\u00fcnschten Trocknungsgrad mit und die Sache l\u00e4uft.  <\/p>\n<li class=\"mb-m\">\n<div class=\"flex flex-col m:flex-row gap-s m:gap-xl\">\n<div class=\"text-h3 min-w-[244px] max-w-[244px]\">Haushalt<\/div>\n<div class=\"flex flex-col gap-s\"><span class=\"\"><\/p>\n<ul class=\"flex flex-col gap-s\">\n<li class=\"ml-3xs pl-[15px] relative before:absolute before:w-[8px] before:h-[8px] before:bg-dark before:top-[8px] before:left-0 before:rounded-full\">Bauart: Standger\u00e4t<\/li>\n<li class=\"ml-3xs pl-[15px] relative before:absolute before:w-[8px] before:h-[8px] before:bg-dark before:top-[8px] before:left-0 before:rounded-full\">Beladungstyp: Frontlader<\/li>\n<\/ul>\n<p><\/span><\/div>\n<\/div>\n<\/li>\n<li class=\"mb-m\">\n<div class=\"flex flex-col m:flex-row gap-s m:gap-xl\">\n<div class=\"text-h3 min-w-[244px] max-w-[244px]\">Trocknen<\/div>\n<div class=\"flex flex-col gap-s\"><span class=\"\"><\/p>\n<ul class=\"flex flex-col gap-s\">\n<li class=\"ml-3xs pl-[15px] relative before:absolute before:w-[8px] before:h-[8px] before:bg-dark before:top-[8px] before:left-0 before:rounded-full\">Trocknerkapazit\u00e4t: 8 kg<\/li>\n<li class=\"ml-3xs pl-[15px] relative before:absolute before:w-[8px] before:h-[8px] before:bg-dark before:top-[8px] before:left-0 before:rounded-full\">Trocknertechnologie: W\u00e4rmepumpentrockner<\/li>\n<\/ul>\n<p><\/span><\/div>\n<\/div>\n<\/li>\n<li class=\"mb-m\">\n<div class=\"flex flex-col m:flex-row gap-s m:gap-xl\">\n<div class=\"text-h3 min-w-[244px] max-w-[244px]\">Kompatibilit\u00e4t<\/div>\n<div class=\"flex flex-col gap-s\"><span class=\"\"><\/p>\n<ul class=\"flex flex-col gap-s\">\n<li class=\"ml-3xs pl-[15px] relative before:absolute before:w-[8px] before:h-[8px] before:bg-dark before:top-[8px] before:left-0 before:rounded-full\">Home Connect<\/li>\n<\/ul>\n<p><\/span><\/div>\n<\/div>\n<\/li>\n<li class=\"mb-m\">\n<div class=\"flex flex-col m:flex-row gap-s m:gap-xl\">\n<div class=\"text-h3 min-w-[244px] max-w-[244px]\">Abmessungen \/ Gewicht<\/div>\n<div class=\"flex flex-col gap-s\"><span class=\"\"><\/p>\n<ul class=\"flex flex-col gap-s\">\n<li class=\"ml-3xs pl-[15px] relative before:absolute before:w-[8px] before:h-[8px] before:bg-dark before:top-[8px] before:left-0 before:rounded-full\">Breite: 598 mm<\/li>\n<li class=\"ml-3xs pl-[15px] relative before:absolute before:w-[8px] before:h-[8px] before:bg-dark before:top-[8px] before:left-0 before:rounded-full\">H\u00f6he: 842 mm<\/li>\n<li class=\"ml-3xs pl-[15px] relative before:absolute before:w-[8px] before:h-[8px] before:bg-dark before:top-[8px] before:left-0 before:rounded-full\">Tiefe: 613 mm<\/li>\n<li class=\"ml-3xs pl-[15px] relative before:absolute before:w-[8px] before:h-[8px] before:bg-dark before:top-[8px] before:left-0 before:rounded-full\">Gewicht: 55.9 kg<\/li>\n<\/ul>\n<p><\/span><\/div>\n<\/div>\n<\/li>\n<li class=\"mb-m\">\n<div class=\"flex flex-col m:flex-row gap-s m:gap-xl\">\n<div class=\"text-h3 min-w-[244px] max-w-[244px]\">Energieeffizienzklasse<\/div>\n<div class=\"flex flex-col gap-s\"><span class=\"\"><\/p>\n<ul class=\"flex flex-col gap-s\">\n<li class=\"ml-3xs pl-[15px] relative before:absolute before:w-[8px] before:h-[8px] before:bg-dark before:top-[8px] before:left-0 before:rounded-full\">C<\/li>\n<\/ul>\n<p><\/span><\/div>\n<\/div>\n<\/li>\n","protected":false},"excerpt":{"rendered":"<li class=\"bullet-list-item\">Energieeffizienzklasse: C<\/li>\n<li class=\"bullet-list-item\">W\u00e4rmepumpentrockner (Standger\u00e4t)<\/li>\n<li class=\"bullet-list-item\">Frontlader, Kapazit\u00e4t 8 kg<\/li>\n<li class=\"bullet-list-item\">Kompatibel mit Home Connect<\/li>\n<li class=\"bullet-list-item\">Freistehend, Ma\u00dfe: B 59.8 cm x H 84.2 cm x T 61.3 cm<\/li>\n<p> Herstellernummer WQB235B40<\/p>","protected":false},"featured_media":46169,"comment_status":"open","ping_status":"closed","template":"","meta":{"_monsterinsights_skip_tracking":false,"_monsterinsights_sitenote_active":false,"_monsterinsights_sitenote_note":"","_monsterinsights_sitenote_category":0,"_uf_show_specific_survey":0,"_uf_disable_surveys":false},"product_brand":[],"product_cat":[499],"product_tag":[],"models":[],"years":[],"class_list":{"0":"post-41082","1":"product","2":"type-product","3":"status-publish","4":"has-post-thumbnail","6":"product_cat-waschmaschinen-trockner","8":"first","9":"instock","10":"sale","11":"shipping-taxable","12":"purchasable","13":"product-type-simple"},"aioseo_notices":[],"acf":[],"_links":{"self":[{"href":"https:\/\/amannforg.com\/fr\/wp-json\/wp\/v2\/product\/41082","targetHints":{"allow":["GET"]}}],"collection":[{"href":"https:\/\/amannforg.com\/fr\/wp-json\/wp\/v2\/product"}],"about":[{"href":"https:\/\/amannforg.com\/fr\/wp-json\/wp\/v2\/types\/product"}],"replies":[{"embeddable":true,"href":"https:\/\/amannforg.com\/fr\/wp-json\/wp\/v2\/comments?post=41082"}],"version-history":[{"count":1,"href":"https:\/\/amannforg.com\/fr\/wp-json\/wp\/v2\/product\/41082\/revisions"}],"predecessor-version":[{"id":57950,"href":"https:\/\/amannforg.com\/fr\/wp-json\/wp\/v2\/product\/41082\/revisions\/57950"}],"wp:featuredmedia":[{"embeddable":true,"href":"https:\/\/amannforg.com\/fr\/wp-json\/wp\/v2\/media\/46169"}],"wp:attachment":[{"href":"https:\/\/amannforg.com\/fr\/wp-json\/wp\/v2\/media?parent=41082"}],"wp:term":[{"taxonomy":"product_brand","embeddable":true,"href":"https:\/\/amannforg.com\/fr\/wp-json\/wp\/v2\/product_brand?post=41082"},{"taxonomy":"product_cat","embeddable":true,"href":"https:\/\/amannforg.com\/fr\/wp-json\/wp\/v2\/product_cat?post=41082"},{"taxonomy":"product_tag","embeddable":true,"href":"https:\/\/amannforg.com\/fr\/wp-json\/wp\/v2\/product_tag?post=41082"},{"taxonomy":"models","embeddable":true,"href":"https:\/\/amannforg.com\/fr\/wp-json\/wp\/v2\/models?post=41082"},{"taxonomy":"years","embeddable":true,"href":"https:\/\/amannforg.com\/fr\/wp-json\/wp\/v2\/years?post=41082"}],"curies":[{"name":"wp","href":"https:\/\/api.w.org\/{rel}","templated":true}]}}