{"id":41088,"date":"2026-03-03T23:55:58","date_gmt":"2026-03-03T23:55:58","guid":{"rendered":"https:\/\/amannforg.com\/?post_type=product&#038;p=41088"},"modified":"2026-03-07T16:29:48","modified_gmt":"2026-03-07T16:29:48","slug":"siemens-wt45hva4-iq300-warmepumpentrockner-8kg-eek-d","status":"publish","type":"product","link":"https:\/\/amannforg.com\/fr\/produit\/siemens-wt45hva4-iq300-warmepumpentrockner-8kg-eek-d\/","title":{"rendered":"Siemens WT45HVA4 iQ300 W\u00e4rmepumpentrockner 8kg EEK D"},"content":{"rendered":"<div class=\"titlepage\">\n<h2 class=\"text-h3 mb-l\">Siemens WT45HVA4 iQ300 W\u00e4rmepumpen-Trockner<\/h2>\n<\/div>\n<p>easyClean-FilterEinfach zu reinigen.Die Reinigung des Filters kann eine l\u00e4stige Pflicht sein. Unser easyClean-Filter von Siemens ist jedoch mit benutzerfreundlichen F\u00e4chern ausgestattet, welche die Pflege und Wartung vereinfachen und somit immer hervorragende Trocknungsergebnisse gew\u00e4hrleisten.autoDrySicheres, pr\u00e4zises und schonendes Trocknen.Intelligente Sensoren sorgen f\u00fcr einen schonenden, gleichm\u00e4\u00dfigen Trocknungsvorgang: Temperatursensoren verhindern \u00dcberhitzen, w\u00e4hrend Feuchtigkeitssensoren daf\u00fcr sorgen, dass deine W\u00e4sche nicht zu stark getrocknet wird. Alles wird schonend und pr\u00e4zise getrocknet \u2013 das spart Energie und Zeit beim B\u00fcgeln.Outdoor-ProgrammSchonendes Trocknen deiner Outdoor-Bekleidung.Outdoor-Textilien sollten besonders schonend behandelt werden \u2013 vor allem beim Trocknen. Denn verklebte N\u00e4hte, Membranbeschichtungen und wasserabweisende Materialien vertragen keine starke Hitze. Das Outdoor-Programm trocknet alles bei konstant niedriger Temperatur und misst permanent die Restfeuchte, damit alles auf den Punkt getrocknet wird.super40&#8242;-ProgrammKleine Beladungen schnell und schonend trocknen.Das Programm super40&#8242; trocknet kleine Beladungen (1 kg) schonend in nur 40 Minuten. Dabei wird die Restfeuchte w\u00e4hrend des Trockenvorgangs fortlaufend gemessen. Dieses Programm eignet sich ideal f\u00fcr Kunstfasern, leichte Baumwolltextilien oder Mischgewebe (unempfindliche Textilien).softDry-TrommelsystemSanftes, schonendes Trocknen.Das softDry-Trommelsystem sch\u00fctzt deine empfindliche W\u00e4sche. Es sorgt f\u00fcr einen kontinuierlichen Luftstrom, h\u00e4lt die Temperatur konstant und verteilt die warme Luft mit seinen wellenartigen Mitnehmern sanft und gleichm\u00e4\u00dfig. Die Trommelstruktur l\u00e4sst die W\u00e4sche wie auf einem Luftkissen durch den Innenraum gleiten.Komfort-AblaufgarniturF\u00fcr automatischen Ablauf des Kondenswassers.  <\/p>\n<li class=\"mb-m\">\n<div class=\"flex flex-col m:flex-row gap-s m:gap-xl\">\n<div class=\"text-h3 min-w-[244px] max-w-[244px]\">Farbe<\/div>\n<div class=\"flex flex-col gap-s\"><span class=\"\"><\/p>\n<ul class=\"flex flex-col gap-s\">\n<li class=\"ml-3xs pl-[15px] relative before:absolute before:w-[8px] before:h-[8px] before:bg-dark before:top-[8px] before:left-0 before:rounded-full\">Wei\u00df<\/li>\n<\/ul>\n<p><\/span><\/div>\n<\/div>\n<\/li>\n<li class=\"mb-m\">\n<div class=\"flex flex-col m:flex-row gap-s m:gap-xl\">\n<div class=\"text-h3 min-w-[244px] max-w-[244px]\">Haushalt<\/div>\n<div class=\"flex flex-col gap-s\"><span class=\"\"><\/p>\n<ul class=\"flex flex-col gap-s\">\n<li class=\"ml-3xs pl-[15px] relative before:absolute before:w-[8px] before:h-[8px] before:bg-dark before:top-[8px] before:left-0 before:rounded-full\">Bauart: Standger\u00e4t<\/li>\n<li class=\"ml-3xs pl-[15px] relative before:absolute before:w-[8px] before:h-[8px] before:bg-dark before:top-[8px] before:left-0 before:rounded-full\">Beladungstyp: Frontlader<\/li>\n<\/ul>\n<p><\/span><\/div>\n<\/div>\n<\/li>\n<li class=\"mb-m\">\n<div class=\"flex flex-col m:flex-row gap-s m:gap-xl\">\n<div class=\"text-h3 min-w-[244px] max-w-[244px]\">Trocknen<\/div>\n<div class=\"flex flex-col gap-s\"><span class=\"\"><\/p>\n<ul class=\"flex flex-col gap-s\">\n<li class=\"ml-3xs pl-[15px] relative before:absolute before:w-[8px] before:h-[8px] before:bg-dark before:top-[8px] before:left-0 before:rounded-full\">Trocknerkapazit\u00e4t: 8 kg<\/li>\n<li class=\"ml-3xs pl-[15px] relative before:absolute before:w-[8px] before:h-[8px] before:bg-dark before:top-[8px] before:left-0 before:rounded-full\">Trocknertechnologie: W\u00e4rmepumpentrockner<\/li>\n<\/ul>\n<p><\/span><\/div>\n<\/div>\n<\/li>\n<li class=\"mb-m\">\n<div class=\"flex flex-col m:flex-row gap-s m:gap-xl\">\n<div class=\"text-h3 min-w-[244px] max-w-[244px]\">Abmessungen \/ Gewicht<\/div>\n<div class=\"flex flex-col gap-s\"><span class=\"\"><\/p>\n<ul class=\"flex flex-col gap-s\">\n<li class=\"ml-3xs pl-[15px] relative before:absolute before:w-[8px] before:h-[8px] before:bg-dark before:top-[8px] before:left-0 before:rounded-full\">Breite: 598 mm<\/li>\n<li class=\"ml-3xs pl-[15px] relative before:absolute before:w-[8px] before:h-[8px] before:bg-dark before:top-[8px] before:left-0 before:rounded-full\">H\u00f6he: 842 mm<\/li>\n<li class=\"ml-3xs pl-[15px] relative before:absolute before:w-[8px] before:h-[8px] before:bg-dark before:top-[8px] before:left-0 before:rounded-full\">Tiefe: 613 mm<\/li>\n<li class=\"ml-3xs pl-[15px] relative before:absolute before:w-[8px] before:h-[8px] before:bg-dark before:top-[8px] before:left-0 before:rounded-full\">Gewicht: 48.20 kg<\/li>\n<\/ul>\n<p><\/span><\/div>\n<\/div>\n<\/li>\n<li class=\"mb-m\">\n<div class=\"flex flex-col m:flex-row gap-s m:gap-xl\">\n<div class=\"text-h3 min-w-[244px] max-w-[244px]\">Energieeffizienzklasse<\/div>\n<div class=\"flex flex-col gap-s\"><span class=\"\"><\/p>\n<ul class=\"flex flex-col gap-s\">\n<li class=\"ml-3xs pl-[15px] relative before:absolute before:w-[8px] before:h-[8px] before:bg-dark before:top-[8px] before:left-0 before:rounded-full\">D<\/li>\n<\/ul>\n<p><\/span><\/div>\n<\/div>\n<\/li>\n","protected":false},"excerpt":{"rendered":"<li class=\"bullet-list-item\">Energieeffizienzklasse: D<\/li>\n<li class=\"bullet-list-item\">W\u00e4rmepumpentrockner (Standger\u00e4t)<\/li>\n<li class=\"bullet-list-item\">Frontlader, Kapazit\u00e4t 8 kg<\/li>\n<li class=\"bullet-list-item\">Freistehend, Ma\u00dfe: B 59.8 cm x H 84.2 cm x T 61.3 cm<\/li>\n<p> Herstellernummer WT45HVA4<\/p>","protected":false},"featured_media":46175,"comment_status":"open","ping_status":"closed","template":"","meta":{"_monsterinsights_skip_tracking":false,"_monsterinsights_sitenote_active":false,"_monsterinsights_sitenote_note":"","_monsterinsights_sitenote_category":0,"_uf_show_specific_survey":0,"_uf_disable_surveys":false},"product_brand":[],"product_cat":[499],"product_tag":[],"models":[],"years":[],"class_list":{"0":"post-41088","1":"product","2":"type-product","3":"status-publish","4":"has-post-thumbnail","6":"product_cat-waschmaschinen-trockner","8":"first","9":"instock","10":"sale","11":"shipping-taxable","12":"purchasable","13":"product-type-simple"},"aioseo_notices":[],"acf":[],"_links":{"self":[{"href":"https:\/\/amannforg.com\/fr\/wp-json\/wp\/v2\/product\/41088","targetHints":{"allow":["GET"]}}],"collection":[{"href":"https:\/\/amannforg.com\/fr\/wp-json\/wp\/v2\/product"}],"about":[{"href":"https:\/\/amannforg.com\/fr\/wp-json\/wp\/v2\/types\/product"}],"replies":[{"embeddable":true,"href":"https:\/\/amannforg.com\/fr\/wp-json\/wp\/v2\/comments?post=41088"}],"version-history":[{"count":1,"href":"https:\/\/amannforg.com\/fr\/wp-json\/wp\/v2\/product\/41088\/revisions"}],"predecessor-version":[{"id":57951,"href":"https:\/\/amannforg.com\/fr\/wp-json\/wp\/v2\/product\/41088\/revisions\/57951"}],"wp:featuredmedia":[{"embeddable":true,"href":"https:\/\/amannforg.com\/fr\/wp-json\/wp\/v2\/media\/46175"}],"wp:attachment":[{"href":"https:\/\/amannforg.com\/fr\/wp-json\/wp\/v2\/media?parent=41088"}],"wp:term":[{"taxonomy":"product_brand","embeddable":true,"href":"https:\/\/amannforg.com\/fr\/wp-json\/wp\/v2\/product_brand?post=41088"},{"taxonomy":"product_cat","embeddable":true,"href":"https:\/\/amannforg.com\/fr\/wp-json\/wp\/v2\/product_cat?post=41088"},{"taxonomy":"product_tag","embeddable":true,"href":"https:\/\/amannforg.com\/fr\/wp-json\/wp\/v2\/product_tag?post=41088"},{"taxonomy":"models","embeddable":true,"href":"https:\/\/amannforg.com\/fr\/wp-json\/wp\/v2\/models?post=41088"},{"taxonomy":"years","embeddable":true,"href":"https:\/\/amannforg.com\/fr\/wp-json\/wp\/v2\/years?post=41088"}],"curies":[{"name":"wp","href":"https:\/\/api.w.org\/{rel}","templated":true}]}}