{"id":41100,"date":"2026-03-03T23:56:02","date_gmt":"2026-03-03T23:56:02","guid":{"rendered":"https:\/\/amannforg.com\/?post_type=product&#038;p=41100"},"modified":"2026-03-07T16:29:49","modified_gmt":"2026-03-07T16:29:49","slug":"aeg-lwr8wi7680-series-8000-waschtrockner-wifi-8-kg-4-kg-1600-u-min","status":"publish","type":"product","link":"https:\/\/amannforg.com\/fr\/produit\/aeg-lwr8wi7680-series-8000-waschtrockner-wifi-8-kg-4-kg-1600-u-min\/","title":{"rendered":"AEG LWR8WI7680 Series 8000 Waschtrockner Wifi 8 kg \/ 4 kg, 1600 U\/min."},"content":{"rendered":"<p class=\"mb-l\">\n<div class=\"titlepage\">\n<h2 class=\"text-h3 mb-l\">AEG Series 8000 LWR8WI7680 Waschtrockner Wifi<\/h2>\n<\/div>\n<p class=\"mb-l\">Die 8000 PowerCare Waschtrockner verwenden die einzigartige \u00d6koMix-Technologie f\u00fcr \u00fcberragende Waschergebnisse bei 30 \u00b0C. Nach dem Waschgang wird die W\u00e4sche gleichm\u00e4\u00dfig und schonend getrocknet f\u00fcr ein langanhaltendes Frisch-Gekauft-Gef\u00fchl deiner Kleidung.<\/p>\n<p class=\"mb-l\">\n<div class=\"titlepage\">\n<h2 class=\"text-h3 mb-l\">POWERCLEAN-PROGRAMM: VOLLST\u00c4NDIGE FLECKENENTFERNUNG IN 59 MIN. BEI NUR 30 \u00b0C<\/h2>\n<\/div>\n<p class=\"mb-l\">Das PowerClean 59 Min.-Programm entfernt Flecken vollst\u00e4ndig bei 30 \u00b0C in weniger als einer Stunde*. Es stellt sicher, dass das Waschmittel jede Faser erreicht \u2013 so dass ein kurzer Waschzyklus genauso effektiv ist, wie ein langer und Flecken nachweislich r\u00fcckstandslos entfernt werden.<\/p>\n<p class=\"mb-l\">\n<div class=\"titlepage\">\n<h2 class=\"text-h3 mb-l\">SPECIALCAREWASH-TO-DRY: WASCHEN UND TROCKNEN OHNE UNTERBRECHUNG<\/h2>\n<\/div>\n<p class=\"mb-l\">Mit SpecialCare Wash-to-Dry entscheidest du mit nur einem Tasten-Druck, ob dein gew\u00e4hltes Waschprogramm* anschlie\u00dfend automatisch in das passende Trockenprogramm wechselt. Selbst Wolle, Feines und Outdoorkleidung werden optimal gepflegt und schonend getrocknet.<\/p>\n<p class=\"mb-l\">\n<div class=\"titlepage\">\n<h2 class=\"text-h3 mb-l\">MY AEG CARE APP: BEDIENKOMFORT OHNE GRENZEN<\/h2>\n<\/div>\n<p class=\"mb-l\">Du hast es in der Hand: Schalte deinen Waschtrockner von \u00fcberall ein, erhalte individuelle Pflegetipps f\u00fcr ein optimales Ergebnis oder werde benachrichtig, sobald deine W\u00e4sche fertig ist.<\/p>\n<p class=\"mb-l\">\n<div class=\"titlepage\">\n<h2 class=\"text-h3 mb-l\">PROSTEAM DAMPF-PROGRAMM: AUFFRISCHEN STATT WASCHEN. MIT 96 % WENIGER WASSER<\/h2>\n<\/div>\n<p class=\"mb-l\">Mit dem Dampf-Programm erh\u00e4ltst du das Frisch-Gewaschen-Gef\u00fchl in 25 Min. Ger\u00fcche werden neutralisiert und vorhandene Falten reduziert. Das spart dir Zeit und Energie und ben\u00f6tigt nur 2 L Wasser. F\u00fcr einen zus\u00e4tzlichen Frische-Effekt f\u00fcge einfach unseren Steam Fragrance hinzu.<\/p>\n<p class=\"mb-l\">\n<div class=\"titlepage\">\n<h2 class=\"text-h3 mb-l\">PROSENSE MENGENAUTOMATIK: SPART ZEIT, WASSER UND ENERGIE<\/h2>\n<\/div>\n<p class=\"mb-l\">Die Sensoren der ProSense Mengenautomatik ermitteln automatisch die W\u00e4schemenge f\u00fcr einen ma\u00dfgeschneiderten Wasch- und Trockenzyklus. Zeit-, Wasser- und Energieverbrauch werden gesenkt. So erh\u00e4lt deine W\u00e4sche exakt die richtige Pflege bei jedem Waschvorgang.<\/p>\n<li class=\"mb-m\">\n<div class=\"flex flex-col m:flex-row gap-s m:gap-xl\">\n<div class=\"text-h3 min-w-[244px] max-w-[244px]\">Waschen<\/div>\n<div class=\"flex flex-col gap-s\"><span class=\"\"><\/p>\n<ul class=\"flex flex-col gap-s\">\n<li class=\"ml-3xs pl-[15px] relative before:absolute before:w-[8px] before:h-[8px] before:bg-dark before:top-[8px] before:left-0 before:rounded-full\">Drehzahl: 1600 r\/min<\/li>\n<li class=\"ml-3xs pl-[15px] relative before:absolute before:w-[8px] before:h-[8px] before:bg-dark before:top-[8px] before:left-0 before:rounded-full\">Waschkapazit\u00e4t: 8 kg<\/li>\n<\/ul>\n<p><\/span><\/div>\n<\/div>\n<\/li>\n<li class=\"mb-m\">\n<div class=\"flex flex-col m:flex-row gap-s m:gap-xl\">\n<div class=\"text-h3 min-w-[244px] max-w-[244px]\">Haushalt<\/div>\n<div class=\"flex flex-col gap-s\"><span class=\"\"><\/p>\n<ul class=\"flex flex-col gap-s\">\n<li class=\"ml-3xs pl-[15px] relative before:absolute before:w-[8px] before:h-[8px] before:bg-dark before:top-[8px] before:left-0 before:rounded-full\">Auslaufschutz: AquaStop<\/li>\n<li class=\"ml-3xs pl-[15px] relative before:absolute before:w-[8px] before:h-[8px] before:bg-dark before:top-[8px] before:left-0 before:rounded-full\">Startzeitvorwahl in h: 24 h<\/li>\n<li class=\"ml-3xs pl-[15px] relative before:absolute before:w-[8px] before:h-[8px] before:bg-dark before:top-[8px] before:left-0 before:rounded-full\">Bauart: Standger\u00e4t<\/li>\n<li class=\"ml-3xs pl-[15px] relative before:absolute before:w-[8px] before:h-[8px] before:bg-dark before:top-[8px] before:left-0 before:rounded-full\">Beladungstyp: Frontlader<\/li>\n<\/ul>\n<p><\/span><\/div>\n<\/div>\n<\/li>\n<li class=\"mb-m\">\n<div class=\"flex flex-col m:flex-row gap-s m:gap-xl\">\n<div class=\"text-h3 min-w-[244px] max-w-[244px]\">Trocknerkapazit\u00e4t<\/div>\n<div class=\"flex flex-col gap-s\"><span class=\"\"><\/p>\n<ul class=\"flex flex-col gap-s\">\n<li class=\"ml-3xs pl-[15px] relative before:absolute before:w-[8px] before:h-[8px] before:bg-dark before:top-[8px] before:left-0 before:rounded-full\">4 kg<\/li>\n<\/ul>\n<p><\/span><\/div>\n<\/div>\n<\/li>\n<li class=\"mb-m\">\n<div class=\"flex flex-col m:flex-row gap-s m:gap-xl\">\n<div class=\"text-h3 min-w-[244px] max-w-[244px]\">Kompatibilit\u00e4t<\/div>\n<div class=\"flex flex-col gap-s\"><span class=\"\"><\/p>\n<ul class=\"flex flex-col gap-s\">\n<li class=\"ml-3xs pl-[15px] relative before:absolute before:w-[8px] before:h-[8px] before:bg-dark before:top-[8px] before:left-0 before:rounded-full\">Google Assistant<\/li>\n<\/ul>\n<p><\/span><\/div>\n<\/div>\n<\/li>\n<li class=\"mb-m\">\n<div class=\"flex flex-col m:flex-row gap-s m:gap-xl\">\n<div class=\"text-h3 min-w-[244px] max-w-[244px]\">Abmessungen \/ Gewicht<\/div>\n<div class=\"flex flex-col gap-s\"><span class=\"\"><\/p>\n<ul class=\"flex flex-col gap-s\">\n<li class=\"ml-3xs pl-[15px] relative before:absolute before:w-[8px] before:h-[8px] before:bg-dark before:top-[8px] before:left-0 before:rounded-full\">Breite: 596 mm<\/li>\n<li class=\"ml-3xs pl-[15px] relative before:absolute before:w-[8px] before:h-[8px] before:bg-dark before:top-[8px] before:left-0 before:rounded-full\">H\u00f6he: 819 mm<\/li>\n<li class=\"ml-3xs pl-[15px] relative before:absolute before:w-[8px] before:h-[8px] before:bg-dark before:top-[8px] before:left-0 before:rounded-full\">Tiefe: 553 mm<\/li>\n<li class=\"ml-3xs pl-[15px] relative before:absolute before:w-[8px] before:h-[8px] before:bg-dark before:top-[8px] before:left-0 before:rounded-full\">Gewicht: 72.5 kg<\/li>\n<\/ul>\n<p><\/span><\/div>\n<\/div>\n<\/li>\n<li class=\"mb-m\">\n<div class=\"flex flex-col m:flex-row gap-s m:gap-xl\">\n<div class=\"text-h3 min-w-[244px] max-w-[244px]\">Energieeffizienzklasse<\/div>\n<div class=\"flex flex-col gap-s\"><span class=\"\"><\/p>\n<ul class=\"flex flex-col gap-s\">\n<li class=\"ml-3xs pl-[15px] relative before:absolute before:w-[8px] before:h-[8px] before:bg-dark before:top-[8px] before:left-0 before:rounded-full\">D<\/li>\n<\/ul>\n<p><\/span><\/div>\n<\/div>\n<\/li>\n","protected":false},"excerpt":{"rendered":"<li class=\"bullet-list-item\">Energieeffizienzklasse: D<\/li>\n<li class=\"bullet-list-item\">Frontlader, AquaStop Auslaufschutz,  Startzeitvorwahl bis 24 h<\/li>\n<li class=\"bullet-list-item\">8 kg Nennkapazit\u00e4t (Waschen), 4 kg Nennkapazit\u00e4t (Trocknen)<\/li>\n<li class=\"bullet-list-item\">Ma\u00dfe in cm: B 59.6 cm x H 81.9 cm x T 55.3 cm<\/li>\n<p> Herstellernummer LWR8WI7680<\/p>","protected":false},"featured_media":46187,"comment_status":"open","ping_status":"closed","template":"","meta":{"_monsterinsights_skip_tracking":false,"_monsterinsights_sitenote_active":false,"_monsterinsights_sitenote_note":"","_monsterinsights_sitenote_category":0,"_uf_show_specific_survey":0,"_uf_disable_surveys":false},"product_brand":[],"product_cat":[499],"product_tag":[],"models":[],"years":[],"class_list":{"0":"post-41100","1":"product","2":"type-product","3":"status-publish","4":"has-post-thumbnail","6":"product_cat-waschmaschinen-trockner","8":"first","9":"instock","10":"sale","11":"shipping-taxable","12":"purchasable","13":"product-type-simple"},"aioseo_notices":[],"acf":[],"_links":{"self":[{"href":"https:\/\/amannforg.com\/fr\/wp-json\/wp\/v2\/product\/41100","targetHints":{"allow":["GET"]}}],"collection":[{"href":"https:\/\/amannforg.com\/fr\/wp-json\/wp\/v2\/product"}],"about":[{"href":"https:\/\/amannforg.com\/fr\/wp-json\/wp\/v2\/types\/product"}],"replies":[{"embeddable":true,"href":"https:\/\/amannforg.com\/fr\/wp-json\/wp\/v2\/comments?post=41100"}],"version-history":[{"count":1,"href":"https:\/\/amannforg.com\/fr\/wp-json\/wp\/v2\/product\/41100\/revisions"}],"predecessor-version":[{"id":57953,"href":"https:\/\/amannforg.com\/fr\/wp-json\/wp\/v2\/product\/41100\/revisions\/57953"}],"wp:featuredmedia":[{"embeddable":true,"href":"https:\/\/amannforg.com\/fr\/wp-json\/wp\/v2\/media\/46187"}],"wp:attachment":[{"href":"https:\/\/amannforg.com\/fr\/wp-json\/wp\/v2\/media?parent=41100"}],"wp:term":[{"taxonomy":"product_brand","embeddable":true,"href":"https:\/\/amannforg.com\/fr\/wp-json\/wp\/v2\/product_brand?post=41100"},{"taxonomy":"product_cat","embeddable":true,"href":"https:\/\/amannforg.com\/fr\/wp-json\/wp\/v2\/product_cat?post=41100"},{"taxonomy":"product_tag","embeddable":true,"href":"https:\/\/amannforg.com\/fr\/wp-json\/wp\/v2\/product_tag?post=41100"},{"taxonomy":"models","embeddable":true,"href":"https:\/\/amannforg.com\/fr\/wp-json\/wp\/v2\/models?post=41100"},{"taxonomy":"years","embeddable":true,"href":"https:\/\/amannforg.com\/fr\/wp-json\/wp\/v2\/years?post=41100"}],"curies":[{"name":"wp","href":"https:\/\/api.w.org\/{rel}","templated":true}]}}