{"id":41123,"date":"2026-03-03T23:56:18","date_gmt":"2026-03-03T23:56:18","guid":{"rendered":"https:\/\/amannforg.com\/?post_type=product&#038;p=41123"},"modified":"2026-03-07T16:29:50","modified_gmt":"2026-03-07T16:29:50","slug":"bosch-wnc254a40-serie-8-waschtrockner-10-5-kg-6-kg-1400-u-min","status":"publish","type":"product","link":"https:\/\/amannforg.com\/fr\/produit\/bosch-wnc254a40-serie-8-waschtrockner-10-5-kg-6-kg-1400-u-min\/","title":{"rendered":"Bosch WNC254A40 Serie 8 Waschtrockner 10.5 kg \/ 6 kg, 1400 U\/min."},"content":{"rendered":"<p class=\"mb-l\">\n<div class=\"titlepage\">\n<h2 class=\"text-h3 mb-l\">Bosch WNC254A40 Serie 8 Waschtrockner 10.5\/6 kg, 1400 U\/min.<\/h2>\n<\/div>\n<p class=\"mb-l\">Waschtrockner mit automatischer Dosierung i-DOS in der Energieffizienzklasse A um Wasser, Waschmittel und Energie beim Waschen zu sparen. Automatische Dosierung, Waschen und Trocknen auf Knopfdruck.<\/p>\n<div class=\"itemizedlist\">\n<ul class=\"bullet-list\">\n<li class=\"bullet-list-item\">Waschen und Trocknen: bis zu 6 kg W\u00e4sche in einem Durchgang waschen und trocknen oder bis zu 10,5 kg W\u00e4sche nur waschen.<\/li>\n<li class=\"bullet-list-item\">i-DOS: misst und dosiert automatisch die exakt ben\u00f6tigte Wasser- und Waschmittelmenge.<\/li>\n<li class=\"bullet-list-item\">Auto Dry: trocknet deine W\u00e4sche genauso, wie du es w\u00fcnschst.<\/li>\n<li class=\"bullet-list-item\">Fleckenautomatik: entfernt bis zu 16 der hartn\u00e4ckigsten Fleckentypen ohne Vorbehandlung.<\/li>\n<li class=\"bullet-list-item\">Home Connect: smart vernetzte Hausger\u00e4te erleichtern den Alltag.<\/li>\n<\/ul>\n<\/div>\n<p class=\"mb-l\">\n<div class=\"titlepage\">\n<h2 class=\"text-h3 mb-l\">10,5 kg waschen oder 6 kg waschen und trocknen.<\/h2>\n<\/div>\n<p class=\"mb-l\">Waschen und Trocknen in einem Durchgang.<\/p>\n<p class=\"mb-l\">Kein Platz f\u00fcr einen W\u00e4schetrockner? Kein Problem! Der Bosch Waschtrockner mit Auto Dry trocknet genauso effizient wie er w\u00e4scht. Die Auto Dry Funktion erkennt automatisch, wann die W\u00e4sche trocken ist. Sensoren \u00fcberwachen Temperatur und Feuchtigkeit. So wird die W\u00e4sche auch vor \u00dcberhitzung gesch\u00fctzt. Die Wasch- und Trockenprogramme sind auf jede Textilart abgestimmt und sorgen f\u00fcr eine schonende und schrankfertige W\u00e4schepflege. Bis zu 6 kg W\u00e4sche in einem Durchgang waschen und trocknen oder bis zu 10,5 kg W\u00e4sche nur waschen.<\/p>\n<p class=\"mb-l\">\n<div class=\"titlepage\">\n<h2 class=\"text-h3 mb-l\">i-DOS automatisches Dosiersystem<\/h2>\n<\/div>\n<p class=\"mb-l\">So einfach sparst du Wasser und Waschmittel.<\/p>\n<p class=\"mb-l\">Das automatische Dosiersystem i-DOS sorgt f\u00fcr maximale Effizienz beim Waschen. Einfach den Waschmittelbeh\u00e4lter mit Waschmittel oder Weichsp\u00fcler bef\u00fcllen und die i-DOS-Sensoren dosieren bei jedem Waschgang genau die Menge Wasser und Waschmittel, die du ben\u00f6tigst. So verschwendest du kein Waschmittel und vermeidest unn\u00f6tige Sp\u00fclg\u00e4nge.<\/p>\n<p class=\"mb-l\">\n<div class=\"titlepage\">\n<h2 class=\"text-h3 mb-l\">Auto Dry<\/h2>\n<\/div>\n<p class=\"mb-l\">Erkennt automatisch den optimalen Trocknungsgrad.<\/p>\n<p class=\"mb-l\">F\u00fclle deinen Trockner oder Waschtrockner einfach mit bis zu zehn Kilogramm W\u00e4sche. Auto Dry liefert dir deine W\u00e4sche b\u00fcgelfeucht, schranktrocken oder extratrocken \u2013 ganz wie du es w\u00fcnschst. Intelligente Sensoren messen kontinuierlich die Temperatur und Feuchtigkeit, um deine W\u00e4sche vor \u00dcberhitzen und Austrocknen zu sch\u00fctzen. Eine Sorge weniger.<\/p>\n<p class=\"mb-l\">\n<div class=\"titlepage\">\n<h2 class=\"text-h3 mb-l\">Fleckenautomatik<\/h2>\n<\/div>\n<p class=\"mb-l\">Entfernt automatisch die h\u00e4ufigsten Fleckentypen.<\/p>\n<p class=\"mb-l\">Kein Fleck ist wie der andere. Die Auswahl des richtigen Waschprogramms f\u00fcr jeden Fleck kann sich aber ziemlich un\u00fcbersichtlich gestalten und dann zu unbefriedigenden Waschergebnissen f\u00fchren. Bosch Waschmaschinen mit Fleckenautomatik helfen dir, jeden Fleck zuverl\u00e4ssig und sanft zu entfernen. Die Fleckenautomatik entfernt m\u00fchelos bis zu 16 der hartn\u00e4ckigsten Flecken \u2013 von Schokolade \u00fcber Gras bis hin zu Rotwein. Die Waschmaschine passt die Temperatur, Trommelbewegung und Einweichzeit automatisch an die jeweiligen Flecken an, bevor das von dir gew\u00e4hlte Waschprogramm startet. So hilft dir die Fleckenautomatik, unabh\u00e4ngig von der Art der Flecken, auf einfache Weise zu perfekten Ergebnissen zu kommen. Vollkommen automatisch.<\/p>\n<p class=\"mb-l\">\n<div class=\"titlepage\">\n<h2 class=\"text-h3 mb-l\">Home Connect<\/h2>\n<\/div>\n<p class=\"mb-l\">Smarte Hausger\u00e4te machen das Leben leichter.<\/p>\n<p class=\"mb-l\">Die Zukunft hat l\u00e4ngst begonnen. Home Connect macht deine Hausger\u00e4te mit wegweisender Technologie zu intelligenten Helfern, die du mit deinem Smartphone oder Tablet steuern kannst.<\/p>\n<p class=\"mb-l\">\n<div class=\"titlepage\">\n<h2 class=\"text-h3 mb-l\">Iron Assist<\/h2>\n<\/div>\n<p class=\"mb-l\">Deine B\u00fcgelhilfe.<\/p>\n<p class=\"mb-l\">Nur ein Tastendruck und der Stapel mit der B\u00fcgelw\u00e4sche schrumpft. Das Programm Iron Assist erzeugt in der Trocknertrommel nat\u00fcrlichen Wasserdampf, der die vorgew\u00e4rmte W\u00e4sche durchdringt und sie sichtbar gl\u00e4ttet. Du kannst mit Iron Assist auch st\u00f6rende Ger\u00fcche aus Textilien entfernen oder nur kurz getragene Teile auffrischen. Perfekt geeignet f\u00fcr Jacken, Oberhemden, Wollsachen und sogar Anz\u00fcge.<\/p>\n<p class=\"mb-l\">\n<div class=\"titlepage\">\n<h2 class=\"text-h3 mb-l\">Energieklasse A beim Waschen<\/h2>\n<\/div>\n<p class=\"mb-l\">Hocheffizientes Waschen &#8211; Energieklasse A<\/p>\n<p class=\"mb-l\">Beim Waschen auf Energie- und Ressourceneinsparung zu achten, kann sehr m\u00fchsam sein. Jetzt nicht mehr. Mit dem innovativen Hybrid FlexAir System wird der Bosch Premium Waschtrockner noch effizienter. Das System optimiert den Waschprozess automatisch und hilft, die Energieklasse A beim Waschen zu erreichen.<\/p>\n<p class=\"mb-l\">\n<div class=\"titlepage\">\n<h2 class=\"text-h3 mb-l\">EcoSilence Drive\u2122-Garantie<\/h2>\n<\/div>\n<p class=\"mb-l\">Dieser Antrieb ist garantiert leise und besonders langlebig.<\/p>\n<p class=\"mb-l\">Lasse dich von deinem Waschtrockner nicht beim Abendessen st\u00f6ren. Der EcoSilence Drive\u2122 von Bosch ist so leise, dass du dich schon mal fragen wirst, ob die Maschine \u00fcberhaupt l\u00e4uft. Der b\u00fcrstenlose, energieeffiziente Motor ist besonders leise im Betrieb und extrem langlebig.<\/p>\n<p class=\"mb-l\">\n<div class=\"titlepage\">\n<h2 class=\"text-h3 mb-l\">Auto Programm<\/h2>\n<\/div>\n<p class=\"mb-l\">Einfach und bequem waschen &#8211; mit dem Auto-Programm.<\/p>\n<p class=\"mb-l\">Keine Lust mehr auf komplizierte Waschanleitungen? Auto Programm, das intelligente System unseres Waschtrockners, k\u00fcmmert sich um alles &#8211; von der Wahl des richtigen Wasch- und Trockenprogramms bis zur Einstellung von Wassertemperatur und Schleuderdrehzahl. Zur\u00fccklehnen, entspannen und der Waschtrockner erledigt den Rest.<\/p>\n<p class=\"mb-l\">\n<div class=\"titlepage\">\n<h2 class=\"text-h3 mb-l\">Sportswear Waschen und Trocknen<\/h2>\n<\/div>\n<p class=\"mb-l\">Das beste Wasch- und Trocknungsprogramm f\u00fcr deine Sportbekleidung.<\/p>\n<p class=\"mb-l\">Ideal f\u00fcr effektives und effizientes Waschen und Trocknen von Sportbekleidung, wie zum Beispiel Mikrofaser, Fleece oder Synthetik. Diese Textilien verschmutzen \u00fcblicherweise nur leicht, weshalb ein kurzer Wasch- und Sp\u00fclgang bei niedriger Temperatur ausreicht. Sportbekleidung besteht oft aus Synthetikfasern, die leicht knittern. Daher ist das Sportswear-Spezialprogramm mit seinen niedrigen Waschtemperaturen besonders schonend f\u00fcr diese empfindlichen Textilien. Die geringe Schleuderdrehzahl und das kurze Auflockern am Ende reduziert au\u00dferdem die Knitterbildung.<\/p>\n<p class=\"mb-l\">\n<div class=\"titlepage\">\n<h2 class=\"text-h3 mb-l\">Speed Perfect<\/h2>\n<\/div>\n<p class=\"mb-l\">65% schneller Waschen ohne Kompromisse.<\/p>\n<p class=\"mb-l\">Speed Perfect ist eine spezielle Funktion, die f\u00fcr Situationen entwickelt wurde, in denen es auf die Zeit ankommt. Mit Speed Perfect kannst du deine Waschzeit ohne Kompromisse bei den Ergebnissen um bis zu 65 % verk\u00fcrzen. Es kann mit den meisten Programmen, allen Beladungen und Textilien kombiniert werden. Wenn du zum Beispiel das Mischprogramm in Kombination mit Speed Perfect w\u00e4hlst, kannst du bis zu 4 Kilogramm gemischte Beladung in nur 41 Minuten gr\u00fcndlich waschen. (*Unterschied zwischen der Dauer des Pflegeleicht-Programms 40 \u00b0C und der Dauer des Pflegeleicht-Programms 40 \u00b0C in Kombination mit der Option SpeedPerfect.)<\/p>\n<p class=\"mb-l\">\n<div class=\"titlepage\">\n<h2 class=\"text-h3 mb-l\">HygieneCare<\/h2>\n<\/div>\n<p class=\"mb-l\">Hygienische Reinheit auch f\u00fcr deine Feinw\u00e4sche.<\/p>\n<p class=\"mb-l\">Mit dem HygieneCare-Programm unserer Waschtrockner verschaffst du deiner Feinw\u00e4sche eine gr\u00fcndliche Tiefenreinigung. Es erhitzt die trockene W\u00e4sche mit Hei\u00dfluft auf gewebeschonende 65 \u00b0C, um so zuverl\u00e4ssig Keime und Bakterien abzut\u00f6ten. Anschlie\u00dfend wird die W\u00e4sche wie immer bei niedriger Temperatur gewaschen, fertig. Perfekte Hygiene f\u00fcr deine Feinw\u00e4sche ganz einfach per Tastendruck \u2013 einfacher geht es nicht.<\/p>\n<p class=\"mb-l\">\n<div class=\"titlepage\">\n<h2 class=\"text-h3 mb-l\">Active Water Plus<\/h2>\n<\/div>\n<p class=\"mb-l\">Hocheffiziente Wassernutzung bei kleineren Beladungen.<\/p>\n<p class=\"mb-l\">Eine Bosch Waschmaschine spart viel Wasser und Aufwand. Unsere Active Water Plus-Technologie liefert perfekte Ergebnisse und verbraucht dabei auch bei kleinen Beladungen nur genau die Wassermenge, die f\u00fcr jeden Waschgang ben\u00f6tigt wird. Seine integrierten Sensoren passen den Wasserverbrauch je nach Textilart und Beladung automatisch an.<\/p>\n<p class=\"mb-l\">\n<div class=\"titlepage\">\n<h2 class=\"text-h3 mb-l\">AquaStop<\/h2>\n<\/div>\n<p class=\"mb-l\">W\u00e4schewaschen ohne Wasserschaden dank AquaStop.<\/p>\n<p class=\"mb-l\">Du fragst dich, ob bei deiner Waschmaschine Wasser auslaufen k\u00f6nnte? Keine Sorge, AquaStop verhindert das zuverl\u00e4ssig! Das einzigartige AquaStop-System verhindert auslaufendes Wasser, sodass du ganz entspannt W\u00e4sche waschen kannst. Mit diesem verl\u00e4sslichen und effizienten Waschtrockner geh\u00f6ren potenzielle Wassersch\u00e4den der Vergangenheit an.<\/p>\n<li class=\"mb-m\">\n<div class=\"flex flex-col m:flex-row gap-s m:gap-xl\">\n<div class=\"text-h3 min-w-[244px] max-w-[244px]\">Waschen<\/div>\n<div class=\"flex flex-col gap-s\"><span class=\"\"><\/p>\n<ul class=\"flex flex-col gap-s\">\n<li class=\"ml-3xs pl-[15px] relative before:absolute before:w-[8px] before:h-[8px] before:bg-dark before:top-[8px] before:left-0 before:rounded-full\">Drehzahl: 1400 r\/min<\/li>\n<li class=\"ml-3xs pl-[15px] relative before:absolute before:w-[8px] before:h-[8px] before:bg-dark before:top-[8px] before:left-0 before:rounded-full\">Waschkapazit\u00e4t: 10.50 kg<\/li>\n<\/ul>\n<p><\/span><\/div>\n<\/div>\n<\/li>\n<li class=\"mb-m\">\n<div class=\"flex flex-col m:flex-row gap-s m:gap-xl\">\n<div class=\"text-h3 min-w-[244px] max-w-[244px]\">Haushalt<\/div>\n<div class=\"flex flex-col gap-s\"><span class=\"\"><\/p>\n<ul class=\"flex flex-col gap-s\">\n<li class=\"ml-3xs pl-[15px] relative before:absolute before:w-[8px] before:h-[8px] before:bg-dark before:top-[8px] before:left-0 before:rounded-full\">Auslaufschutz: AquaStop<\/li>\n<li class=\"ml-3xs pl-[15px] relative before:absolute before:w-[8px] before:h-[8px] before:bg-dark before:top-[8px] before:left-0 before:rounded-full\">Startzeitvorwahl in h: 24 h<\/li>\n<li class=\"ml-3xs pl-[15px] relative before:absolute before:w-[8px] before:h-[8px] before:bg-dark before:top-[8px] before:left-0 before:rounded-full\">Bauart: Standger\u00e4t<\/li>\n<li class=\"ml-3xs pl-[15px] relative before:absolute before:w-[8px] before:h-[8px] before:bg-dark before:top-[8px] before:left-0 before:rounded-full\">Beladungstyp: Frontlader<\/li>\n<\/ul>\n<p><\/span><\/div>\n<\/div>\n<\/li>\n<li class=\"mb-m\">\n<div class=\"flex flex-col m:flex-row gap-s m:gap-xl\">\n<div class=\"text-h3 min-w-[244px] max-w-[244px]\">Trocknerkapazit\u00e4t<\/div>\n<div class=\"flex flex-col gap-s\"><span class=\"\"><\/p>\n<ul class=\"flex flex-col gap-s\">\n<li class=\"ml-3xs pl-[15px] relative before:absolute before:w-[8px] before:h-[8px] before:bg-dark before:top-[8px] before:left-0 before:rounded-full\">6.00 kg<\/li>\n<\/ul>\n<p><\/span><\/div>\n<\/div>\n<\/li>\n<li class=\"mb-m\">\n<div class=\"flex flex-col m:flex-row gap-s m:gap-xl\">\n<div class=\"text-h3 min-w-[244px] max-w-[244px]\">Kompatibilit\u00e4t<\/div>\n<div class=\"flex flex-col gap-s\"><span class=\"\"><\/p>\n<ul class=\"flex flex-col gap-s\">\n<li class=\"ml-3xs pl-[15px] relative before:absolute before:w-[8px] before:h-[8px] before:bg-dark before:top-[8px] before:left-0 before:rounded-full\">Home Connect<\/li>\n<\/ul>\n<p><\/span><\/div>\n<\/div>\n<\/li>\n<li class=\"mb-m\">\n<div class=\"flex flex-col m:flex-row gap-s m:gap-xl\">\n<div class=\"text-h3 min-w-[244px] max-w-[244px]\">Abmessungen \/ Gewicht<\/div>\n<div class=\"flex flex-col gap-s\"><span class=\"\"><\/p>\n<ul class=\"flex flex-col gap-s\">\n<li class=\"ml-3xs pl-[15px] relative before:absolute before:w-[8px] before:h-[8px] before:bg-dark before:top-[8px] before:left-0 before:rounded-full\">Breite: 598 mm<\/li>\n<li class=\"ml-3xs pl-[15px] relative before:absolute before:w-[8px] before:h-[8px] before:bg-dark before:top-[8px] before:left-0 before:rounded-full\">H\u00f6he: 848 mm<\/li>\n<li class=\"ml-3xs pl-[15px] relative before:absolute before:w-[8px] before:h-[8px] before:bg-dark before:top-[8px] before:left-0 before:rounded-full\">Tiefe: 622 mm<\/li>\n<li class=\"ml-3xs pl-[15px] relative before:absolute before:w-[8px] before:h-[8px] before:bg-dark before:top-[8px] before:left-0 before:rounded-full\">Gewicht: 81.60 kg<\/li>\n<\/ul>\n<p><\/span><\/div>\n<\/div>\n<\/li>\n<li class=\"mb-m\">\n<div class=\"flex flex-col m:flex-row gap-s m:gap-xl\">\n<div class=\"text-h3 min-w-[244px] max-w-[244px]\">Energieeffizienzklasse<\/div>\n<div class=\"flex flex-col gap-s\"><span class=\"\"><\/p>\n<ul class=\"flex flex-col gap-s\">\n<li class=\"ml-3xs pl-[15px] relative before:absolute before:w-[8px] before:h-[8px] before:bg-dark before:top-[8px] before:left-0 before:rounded-full\">D<\/li>\n<\/ul>\n<p><\/span><\/div>\n<\/div>\n<\/li>\n","protected":false},"excerpt":{"rendered":"<li class=\"bullet-list-item\">Energieeffizienzklasse: D<\/li>\n<li class=\"bullet-list-item\">Frontlader, AquaStop Auslaufschutz,  Startzeitvorwahl bis 24 h<\/li>\n<li class=\"bullet-list-item\">10.50 kg Nennkapazit\u00e4t (Waschen), 6.00 kg Nennkapazit\u00e4t (Trocknen)<\/li>\n<li class=\"bullet-list-item\">Ma\u00dfe in cm: B 59.8 cm x H 84.8 cm x T 62.2 cm<\/li>\n<p> Herstellernummer WNC254A40<\/p>","protected":false},"featured_media":46210,"comment_status":"open","ping_status":"closed","template":"","meta":{"_monsterinsights_skip_tracking":false,"_monsterinsights_sitenote_active":false,"_monsterinsights_sitenote_note":"","_monsterinsights_sitenote_category":0,"_uf_show_specific_survey":0,"_uf_disable_surveys":false},"product_brand":[],"product_cat":[499],"product_tag":[],"models":[],"years":[],"class_list":{"0":"post-41123","1":"product","2":"type-product","3":"status-publish","4":"has-post-thumbnail","6":"product_cat-waschmaschinen-trockner","8":"first","9":"instock","10":"sale","11":"shipping-taxable","12":"purchasable","13":"product-type-simple"},"aioseo_notices":[],"acf":[],"_links":{"self":[{"href":"https:\/\/amannforg.com\/fr\/wp-json\/wp\/v2\/product\/41123","targetHints":{"allow":["GET"]}}],"collection":[{"href":"https:\/\/amannforg.com\/fr\/wp-json\/wp\/v2\/product"}],"about":[{"href":"https:\/\/amannforg.com\/fr\/wp-json\/wp\/v2\/types\/product"}],"replies":[{"embeddable":true,"href":"https:\/\/amannforg.com\/fr\/wp-json\/wp\/v2\/comments?post=41123"}],"version-history":[{"count":1,"href":"https:\/\/amannforg.com\/fr\/wp-json\/wp\/v2\/product\/41123\/revisions"}],"predecessor-version":[{"id":57957,"href":"https:\/\/amannforg.com\/fr\/wp-json\/wp\/v2\/product\/41123\/revisions\/57957"}],"wp:featuredmedia":[{"embeddable":true,"href":"https:\/\/amannforg.com\/fr\/wp-json\/wp\/v2\/media\/46210"}],"wp:attachment":[{"href":"https:\/\/amannforg.com\/fr\/wp-json\/wp\/v2\/media?parent=41123"}],"wp:term":[{"taxonomy":"product_brand","embeddable":true,"href":"https:\/\/amannforg.com\/fr\/wp-json\/wp\/v2\/product_brand?post=41123"},{"taxonomy":"product_cat","embeddable":true,"href":"https:\/\/amannforg.com\/fr\/wp-json\/wp\/v2\/product_cat?post=41123"},{"taxonomy":"product_tag","embeddable":true,"href":"https:\/\/amannforg.com\/fr\/wp-json\/wp\/v2\/product_tag?post=41123"},{"taxonomy":"models","embeddable":true,"href":"https:\/\/amannforg.com\/fr\/wp-json\/wp\/v2\/models?post=41123"},{"taxonomy":"years","embeddable":true,"href":"https:\/\/amannforg.com\/fr\/wp-json\/wp\/v2\/years?post=41123"}],"curies":[{"name":"wp","href":"https:\/\/api.w.org\/{rel}","templated":true}]}}