{"id":41135,"date":"2026-03-03T23:56:23","date_gmt":"2026-03-03T23:56:23","guid":{"rendered":"https:\/\/amannforg.com\/?post_type=product&#038;p=41135"},"modified":"2026-03-07T16:29:50","modified_gmt":"2026-03-07T16:29:50","slug":"lg-v5wd95slimb-serie-5-waschtrockner-9-kg-5-kg-1200-u-min","status":"publish","type":"product","link":"https:\/\/amannforg.com\/fr\/produit\/lg-v5wd95slimb-serie-5-waschtrockner-9-kg-5-kg-1200-u-min\/","title":{"rendered":"LG V5WD95SLIMB Serie 5 Waschtrockner 9 kg \/ 5 kg, 1200 U\/min."},"content":{"rendered":"<p class=\"mb-l\"><span class=\"bold\">Waschmaschine und Trockner in Einem<\/span><\/p>\n<p class=\"mb-l\">Die Waschmaschinen-Trockner-Kombination von LG ist ein weiteres Ger\u00e4t, das mit f\u00fchrenden Technologien ausger\u00fcstet ist. Spart Platz in der Wohnung und schafft mehr Raum f\u00fcr Ihre Familie.<\/p>\n<p class=\"mb-l\"><span class=\"bold\">Mehr Freizeit durch zeitsparenderes W\u00e4schewaschen<\/span><\/p>\n<p class=\"mb-l\">Mit der Waschmaschinen-Trockner-Kombination von LG k\u00f6nnen Sie problemlos mehr Zeit mit Ihrer Familie verbringen.<\/p>\n<p class=\"mb-l\"><span class=\"bold\">Intelligente Pflege mit mehr Faserschutz<\/span><\/p>\n<p class=\"mb-l\">AI Direct Drive\u00ae basiert auf umfangreichen Daten \u00fcber die gesamte Wascherfahrung und w\u00e4hlt den perfekten Waschgang, der Ihre W\u00e4sche optimal schont.<\/p>\n<p class=\"mb-l\"><span class=\"bold\">Was ist AI DD\u00ae?<\/span><\/p>\n<p class=\"mb-l\">AI DD\u00ae erkennt nicht nur das Gewicht der W\u00e4sche, sondern auch die Empfindlichkeit des Stoffes, und w\u00e4hlt eigenst\u00e4ndig den optimalen Waschgang f\u00fcr das jeweilige Gewebe aus.<\/p>\n<p class=\"mb-l\"><span class=\"bold\">TurboWash\u00ae &#8211; Mehr Zeit, um das Leben zu genie\u00dfen<\/span><\/p>\n<p class=\"mb-l\">Die TurboWash\u00ae Technologie reinigt Ihre Kleidung in 39 Minuten. Verbringen Sie weniger Zeit mit der W\u00e4sche und mehr Zeit mit Ihrem Leben!<\/p>\n<p class=\"mb-l\"><span class=\"bold\">Weniger Knitterfalten, bessere Hygiene<\/span><\/p>\n<p class=\"mb-l\">Die LG Steam\u00ae Technologie beseitigt 99,9% aller Allergene, wie z. B. Hausstaubmilben, die Allergien oder Atemprobleme verursachen k\u00f6nnen, ebenso wie viele Knitterfalten.<\/p>\n<p class=\"mb-l\"><span class=\"bold\">Haltbarer und hygienischer<\/span><\/p>\n<p class=\"mb-l\">Verst\u00e4rkte, robuste und elegante Au\u00dfent\u00fcr aus geh\u00e4rtetem Glas und hygienische und langlebige Edelstahl-Waschtrommel.<\/p>\n<p class=\"mb-l\"><span class=\"bold\">Auff\u00e4llig und elegant<\/span><\/p>\n<p class=\"mb-l\">Verbesserte Ablesbarkeit des Displays und gro\u00dfer Metall-Drehschalter.<\/p>\n<li class=\"mb-m\">\n<div class=\"flex flex-col m:flex-row gap-s m:gap-xl\">\n<div class=\"text-h3 min-w-[244px] max-w-[244px]\">Waschen<\/div>\n<div class=\"flex flex-col gap-s\"><span class=\"\"><\/p>\n<ul class=\"flex flex-col gap-s\">\n<li class=\"ml-3xs pl-[15px] relative before:absolute before:w-[8px] before:h-[8px] before:bg-dark before:top-[8px] before:left-0 before:rounded-full\">Drehzahl: 1200 r\/min<\/li>\n<li class=\"ml-3xs pl-[15px] relative before:absolute before:w-[8px] before:h-[8px] before:bg-dark before:top-[8px] before:left-0 before:rounded-full\">Waschkapazit\u00e4t: 9 kg<\/li>\n<\/ul>\n<p><\/span><\/div>\n<\/div>\n<\/li>\n<li class=\"mb-m\">\n<div class=\"flex flex-col m:flex-row gap-s m:gap-xl\">\n<div class=\"text-h3 min-w-[244px] max-w-[244px]\">Trocknen<\/div>\n<div class=\"flex flex-col gap-s\"><span class=\"\"><\/p>\n<ul class=\"flex flex-col gap-s\">\n<li class=\"ml-3xs pl-[15px] relative before:absolute before:w-[8px] before:h-[8px] before:bg-dark before:top-[8px] before:left-0 before:rounded-full\">Trocknerkapazit\u00e4t: 5 kg<\/li>\n<li class=\"ml-3xs pl-[15px] relative before:absolute before:w-[8px] before:h-[8px] before:bg-dark before:top-[8px] before:left-0 before:rounded-full\">Trocknertechnologie: Kondenstrockner<\/li>\n<\/ul>\n<p><\/span><\/div>\n<\/div>\n<\/li>\n<li class=\"mb-m\">\n<div class=\"flex flex-col m:flex-row gap-s m:gap-xl\">\n<div class=\"text-h3 min-w-[244px] max-w-[244px]\">Haushalt<\/div>\n<div class=\"flex flex-col gap-s\"><span class=\"\"><\/p>\n<ul class=\"flex flex-col gap-s\">\n<li class=\"ml-3xs pl-[15px] relative before:absolute before:w-[8px] before:h-[8px] before:bg-dark before:top-[8px] before:left-0 before:rounded-full\">Auslaufschutz: AquaStop<\/li>\n<li class=\"ml-3xs pl-[15px] relative before:absolute before:w-[8px] before:h-[8px] before:bg-dark before:top-[8px] before:left-0 before:rounded-full\">Startzeitvorwahl in h: 19 h<\/li>\n<li class=\"ml-3xs pl-[15px] relative before:absolute before:w-[8px] before:h-[8px] before:bg-dark before:top-[8px] before:left-0 before:rounded-full\">Bauart: Standger\u00e4t<\/li>\n<li class=\"ml-3xs pl-[15px] relative before:absolute before:w-[8px] before:h-[8px] before:bg-dark before:top-[8px] before:left-0 before:rounded-full\">Beladungstyp: Frontlader<\/li>\n<\/ul>\n<p><\/span><\/div>\n<\/div>\n<\/li>\n<li class=\"mb-m\">\n<div class=\"flex flex-col m:flex-row gap-s m:gap-xl\">\n<div class=\"text-h3 min-w-[244px] max-w-[244px]\">Abmessungen \/ Gewicht<\/div>\n<div class=\"flex flex-col gap-s\"><span class=\"\"><\/p>\n<ul class=\"flex flex-col gap-s\">\n<li class=\"ml-3xs pl-[15px] relative before:absolute before:w-[8px] before:h-[8px] before:bg-dark before:top-[8px] before:left-0 before:rounded-full\">Breite: 600 mm<\/li>\n<li class=\"ml-3xs pl-[15px] relative before:absolute before:w-[8px] before:h-[8px] before:bg-dark before:top-[8px] before:left-0 before:rounded-full\">H\u00f6he: 850 mm<\/li>\n<li class=\"ml-3xs pl-[15px] relative before:absolute before:w-[8px] before:h-[8px] before:bg-dark before:top-[8px] before:left-0 before:rounded-full\">Tiefe: 475 mm<\/li>\n<li class=\"ml-3xs pl-[15px] relative before:absolute before:w-[8px] before:h-[8px] before:bg-dark before:top-[8px] before:left-0 before:rounded-full\">Gewicht: 61 kg<\/li>\n<\/ul>\n<p><\/span><\/div>\n<\/div>\n<\/li>\n<li class=\"mb-m\">\n<div class=\"flex flex-col m:flex-row gap-s m:gap-xl\">\n<div class=\"text-h3 min-w-[244px] max-w-[244px]\">Energieeffizienzklasse<\/div>\n<div class=\"flex flex-col gap-s\"><span class=\"\"><\/p>\n<ul class=\"flex flex-col gap-s\">\n<li class=\"ml-3xs pl-[15px] relative before:absolute before:w-[8px] before:h-[8px] before:bg-dark before:top-[8px] before:left-0 before:rounded-full\">E<\/li>\n<\/ul>\n<p><\/span><\/div>\n<\/div>\n<\/li>\n","protected":false},"excerpt":{"rendered":"<li class=\"bullet-list-item\">Energieeffizienzklasse: E<\/li>\n<li class=\"bullet-list-item\">Frontlader, AquaStop Auslaufschutz,  Startzeitvorwahl bis 19 h<\/li>\n<li class=\"bullet-list-item\">9 kg Nennkapazit\u00e4t (Waschen), 5 kg Nennkapazit\u00e4t (Trocknen)<\/li>\n<li class=\"bullet-list-item\">Ma\u00dfe in cm: B 60 cm x H 85 cm x T 47.5 cm<\/li>\n<p> Herstellernummer V5WD95SLIMB<\/p>","protected":false},"featured_media":46222,"comment_status":"open","ping_status":"closed","template":"","meta":{"_monsterinsights_skip_tracking":false,"_monsterinsights_sitenote_active":false,"_monsterinsights_sitenote_note":"","_monsterinsights_sitenote_category":0,"_uf_show_specific_survey":0,"_uf_disable_surveys":false},"product_brand":[],"product_cat":[499],"product_tag":[],"models":[],"years":[],"class_list":{"0":"post-41135","1":"product","2":"type-product","3":"status-publish","4":"has-post-thumbnail","6":"product_cat-waschmaschinen-trockner","8":"first","9":"instock","10":"sale","11":"shipping-taxable","12":"purchasable","13":"product-type-simple"},"aioseo_notices":[],"acf":[],"_links":{"self":[{"href":"https:\/\/amannforg.com\/fr\/wp-json\/wp\/v2\/product\/41135","targetHints":{"allow":["GET"]}}],"collection":[{"href":"https:\/\/amannforg.com\/fr\/wp-json\/wp\/v2\/product"}],"about":[{"href":"https:\/\/amannforg.com\/fr\/wp-json\/wp\/v2\/types\/product"}],"replies":[{"embeddable":true,"href":"https:\/\/amannforg.com\/fr\/wp-json\/wp\/v2\/comments?post=41135"}],"version-history":[{"count":1,"href":"https:\/\/amannforg.com\/fr\/wp-json\/wp\/v2\/product\/41135\/revisions"}],"predecessor-version":[{"id":57959,"href":"https:\/\/amannforg.com\/fr\/wp-json\/wp\/v2\/product\/41135\/revisions\/57959"}],"wp:featuredmedia":[{"embeddable":true,"href":"https:\/\/amannforg.com\/fr\/wp-json\/wp\/v2\/media\/46222"}],"wp:attachment":[{"href":"https:\/\/amannforg.com\/fr\/wp-json\/wp\/v2\/media?parent=41135"}],"wp:term":[{"taxonomy":"product_brand","embeddable":true,"href":"https:\/\/amannforg.com\/fr\/wp-json\/wp\/v2\/product_brand?post=41135"},{"taxonomy":"product_cat","embeddable":true,"href":"https:\/\/amannforg.com\/fr\/wp-json\/wp\/v2\/product_cat?post=41135"},{"taxonomy":"product_tag","embeddable":true,"href":"https:\/\/amannforg.com\/fr\/wp-json\/wp\/v2\/product_tag?post=41135"},{"taxonomy":"models","embeddable":true,"href":"https:\/\/amannforg.com\/fr\/wp-json\/wp\/v2\/models?post=41135"},{"taxonomy":"years","embeddable":true,"href":"https:\/\/amannforg.com\/fr\/wp-json\/wp\/v2\/years?post=41135"}],"curies":[{"name":"wp","href":"https:\/\/api.w.org\/{rel}","templated":true}]}}