{"id":41153,"date":"2026-03-03T23:56:30","date_gmt":"2026-03-03T23:56:30","guid":{"rendered":"https:\/\/amannforg.com\/?post_type=product&#038;p=41153"},"modified":"2026-03-07T16:29:50","modified_gmt":"2026-03-07T16:29:50","slug":"bosch-wqg243d41-serie-6-warmepumpentrockner-9kg-eek-c","status":"publish","type":"product","link":"https:\/\/amannforg.com\/fr\/produit\/bosch-wqg243d41-serie-6-warmepumpentrockner-9kg-eek-c\/","title":{"rendered":"Bosch WQG243D41 Serie 6 W\u00e4rmepumpentrockner 9kg EEK C"},"content":{"rendered":"<p class=\"mb-l\">\n<div class=\"titlepage\">\n<h2 class=\"text-h3 mb-l\">Erkennt automatisch den optimalen Trocknungsgrad.<\/h2>\n<\/div>\n<p class=\"mb-l\">Den Trockner oder Waschtrockner einfach mit bis zu zehn Kilogramm W\u00e4sche f\u00fcllen und Auto Dry liefert die W\u00e4sche b\u00fcgelfeucht, schranktrocken oder extratrocken &#8230; ganz wie du es w\u00fcnschst. Intelligente Sensoren messen kontinuierlich die Temperatur und Feuchtigkeit, um die W\u00e4sche vor \u00dcberhitzen und Austrocknen zu sch\u00fctzen. Eine Sorge weniger.<\/p>\n<p class=\"mb-l\">\n<div class=\"titlepage\">\n<h2 class=\"text-h3 mb-l\">Effizientes Trocknen, einfache Reinigung.<\/h2>\n<\/div>\n<p class=\"mb-l\">Bosch wei\u00df, wie l\u00e4stig es sein kann, den Kondensatorfilter eines Trockners zu reinigen. Mit dem Easy Clean Filter haben Sie es dir leicht gemacht. Dieser sorgt f\u00fcr effizientes Trocknen und garantiert, dass der Kondensatorfilter im Handumdrehen gereinigt werden kann. So bleiben deine Kleidungsst\u00fccke perfekt getrocknet und du hast weniger Aufwand bei der Pflege.<\/p>\n<p class=\"mb-l\">\n<div class=\"titlepage\">\n<h2 class=\"text-h3 mb-l\">Option Halbe Beladung.<\/h2>\n<\/div>\n<p class=\"mb-l\">Die Option Halbe Beladung optimiert die Einstellungen f\u00fcr Beladung und Dauer bei kleinen Beladungen.<\/p>\n<p class=\"mb-l\">\n<div class=\"titlepage\">\n<h2 class=\"text-h3 mb-l\">Bettw\u00e4scheprogramm mit Trommelreversierung.<\/h2>\n<\/div>\n<p class=\"mb-l\">Nie wieder verhedderte Bettw\u00e4sche in deinem Trockner! Bosch-Trockner mit Bettw\u00e4scheprogramm wechseln regelm\u00e4\u00dfig die Drehrichtung der Trommel. Das verhindert, dass sich dein Bettzeug verheddert oder verknotet. So kannst du problemlos gro\u00dfe und kleine Teile zusammen trocknen und erh\u00e4ltst jedes Mal perfekte Trocknungsergebnisse.<\/p>\n<li class=\"mb-m\">\n<div class=\"flex flex-col m:flex-row gap-s m:gap-xl\">\n<div class=\"text-h3 min-w-[244px] max-w-[244px]\">Farbe<\/div>\n<div class=\"flex flex-col gap-s\"><span class=\"\"><\/p>\n<ul class=\"flex flex-col gap-s\">\n<li class=\"ml-3xs pl-[15px] relative before:absolute before:w-[8px] before:h-[8px] before:bg-dark before:top-[8px] before:left-0 before:rounded-full\">Wei\u00df<\/li>\n<\/ul>\n<p><\/span><\/div>\n<\/div>\n<\/li>\n<li class=\"mb-m\">\n<div class=\"flex flex-col m:flex-row gap-s m:gap-xl\">\n<div class=\"text-h3 min-w-[244px] max-w-[244px]\">Haushalt<\/div>\n<div class=\"flex flex-col gap-s\"><span class=\"\"><\/p>\n<ul class=\"flex flex-col gap-s\">\n<li class=\"ml-3xs pl-[15px] relative before:absolute before:w-[8px] before:h-[8px] before:bg-dark before:top-[8px] before:left-0 before:rounded-full\">Startzeitvorwahl in h: 24 h<\/li>\n<li class=\"ml-3xs pl-[15px] relative before:absolute before:w-[8px] before:h-[8px] before:bg-dark before:top-[8px] before:left-0 before:rounded-full\">Bauart: Standger\u00e4t<\/li>\n<li class=\"ml-3xs pl-[15px] relative before:absolute before:w-[8px] before:h-[8px] before:bg-dark before:top-[8px] before:left-0 before:rounded-full\">Beladungstyp: Frontlader<\/li>\n<\/ul>\n<p><\/span><\/div>\n<\/div>\n<\/li>\n<li class=\"mb-m\">\n<div class=\"flex flex-col m:flex-row gap-s m:gap-xl\">\n<div class=\"text-h3 min-w-[244px] max-w-[244px]\">Trocknen<\/div>\n<div class=\"flex flex-col gap-s\"><span class=\"\"><\/p>\n<ul class=\"flex flex-col gap-s\">\n<li class=\"ml-3xs pl-[15px] relative before:absolute before:w-[8px] before:h-[8px] before:bg-dark before:top-[8px] before:left-0 before:rounded-full\">Trocknerkapazit\u00e4t: 9 kg<\/li>\n<li class=\"ml-3xs pl-[15px] relative before:absolute before:w-[8px] before:h-[8px] before:bg-dark before:top-[8px] before:left-0 before:rounded-full\">Trocknertechnologie: W\u00e4rmepumpentrockner<\/li>\n<\/ul>\n<p><\/span><\/div>\n<\/div>\n<\/li>\n<li class=\"mb-m\">\n<div class=\"flex flex-col m:flex-row gap-s m:gap-xl\">\n<div class=\"text-h3 min-w-[244px] max-w-[244px]\">Abmessungen \/ Gewicht<\/div>\n<div class=\"flex flex-col gap-s\"><span class=\"\"><\/p>\n<ul class=\"flex flex-col gap-s\">\n<li class=\"ml-3xs pl-[15px] relative before:absolute before:w-[8px] before:h-[8px] before:bg-dark before:top-[8px] before:left-0 before:rounded-full\">Breite: 598 mm<\/li>\n<li class=\"ml-3xs pl-[15px] relative before:absolute before:w-[8px] before:h-[8px] before:bg-dark before:top-[8px] before:left-0 before:rounded-full\">H\u00f6he: 842 mm<\/li>\n<li class=\"ml-3xs pl-[15px] relative before:absolute before:w-[8px] before:h-[8px] before:bg-dark before:top-[8px] before:left-0 before:rounded-full\">Tiefe: 613 mm<\/li>\n<li class=\"ml-3xs pl-[15px] relative before:absolute before:w-[8px] before:h-[8px] before:bg-dark before:top-[8px] before:left-0 before:rounded-full\">Gewicht: 24.1 kg<\/li>\n<\/ul>\n<p><\/span><\/div>\n<\/div>\n<\/li>\n<li class=\"mb-m\">\n<div class=\"flex flex-col m:flex-row gap-s m:gap-xl\">\n<div class=\"text-h3 min-w-[244px] max-w-[244px]\">Energieeffizienzklasse<\/div>\n<div class=\"flex flex-col gap-s\"><span class=\"\"><\/p>\n<ul class=\"flex flex-col gap-s\">\n<li class=\"ml-3xs pl-[15px] relative before:absolute before:w-[8px] before:h-[8px] before:bg-dark before:top-[8px] before:left-0 before:rounded-full\">C<\/li>\n<\/ul>\n<p><\/span><\/div>\n<\/div>\n<\/li>\n","protected":false},"excerpt":{"rendered":"<li class=\"bullet-list-item\">Energieeffizienzklasse: C<\/li>\n<li class=\"bullet-list-item\">W\u00e4rmepumpentrockner (Standger\u00e4t)<\/li>\n<li class=\"bullet-list-item\">Frontlader, Kapazit\u00e4t 9 kg<\/li>\n<li class=\"bullet-list-item\">Freistehend, Ma\u00dfe: B 59.8 cm x H 84.2 cm x T 61.3 cm<\/li>\n<p> Herstellernummer WQG243D41<\/p>","protected":false},"featured_media":46240,"comment_status":"open","ping_status":"closed","template":"","meta":{"_monsterinsights_skip_tracking":false,"_monsterinsights_sitenote_active":false,"_monsterinsights_sitenote_note":"","_monsterinsights_sitenote_category":0,"_uf_show_specific_survey":0,"_uf_disable_surveys":false},"product_brand":[],"product_cat":[499],"product_tag":[],"models":[],"years":[],"class_list":{"0":"post-41153","1":"product","2":"type-product","3":"status-publish","4":"has-post-thumbnail","6":"product_cat-waschmaschinen-trockner","8":"first","9":"instock","10":"sale","11":"shipping-taxable","12":"purchasable","13":"product-type-simple"},"aioseo_notices":[],"acf":[],"_links":{"self":[{"href":"https:\/\/amannforg.com\/fr\/wp-json\/wp\/v2\/product\/41153","targetHints":{"allow":["GET"]}}],"collection":[{"href":"https:\/\/amannforg.com\/fr\/wp-json\/wp\/v2\/product"}],"about":[{"href":"https:\/\/amannforg.com\/fr\/wp-json\/wp\/v2\/types\/product"}],"replies":[{"embeddable":true,"href":"https:\/\/amannforg.com\/fr\/wp-json\/wp\/v2\/comments?post=41153"}],"version-history":[{"count":1,"href":"https:\/\/amannforg.com\/fr\/wp-json\/wp\/v2\/product\/41153\/revisions"}],"predecessor-version":[{"id":57962,"href":"https:\/\/amannforg.com\/fr\/wp-json\/wp\/v2\/product\/41153\/revisions\/57962"}],"wp:featuredmedia":[{"embeddable":true,"href":"https:\/\/amannforg.com\/fr\/wp-json\/wp\/v2\/media\/46240"}],"wp:attachment":[{"href":"https:\/\/amannforg.com\/fr\/wp-json\/wp\/v2\/media?parent=41153"}],"wp:term":[{"taxonomy":"product_brand","embeddable":true,"href":"https:\/\/amannforg.com\/fr\/wp-json\/wp\/v2\/product_brand?post=41153"},{"taxonomy":"product_cat","embeddable":true,"href":"https:\/\/amannforg.com\/fr\/wp-json\/wp\/v2\/product_cat?post=41153"},{"taxonomy":"product_tag","embeddable":true,"href":"https:\/\/amannforg.com\/fr\/wp-json\/wp\/v2\/product_tag?post=41153"},{"taxonomy":"models","embeddable":true,"href":"https:\/\/amannforg.com\/fr\/wp-json\/wp\/v2\/models?post=41153"},{"taxonomy":"years","embeddable":true,"href":"https:\/\/amannforg.com\/fr\/wp-json\/wp\/v2\/years?post=41153"}],"curies":[{"name":"wp","href":"https:\/\/api.w.org\/{rel}","templated":true}]}}