{"id":41164,"date":"2026-03-03T23:56:34","date_gmt":"2026-03-03T23:56:34","guid":{"rendered":"https:\/\/amannforg.com\/?post_type=product&#038;p=41164"},"modified":"2026-03-07T16:29:50","modified_gmt":"2026-03-07T16:29:50","slug":"bosch-wgb256a41-waschmaschine-10-kg-1600-u-min","status":"publish","type":"product","link":"https:\/\/amannforg.com\/fr\/produit\/bosch-wgb256a41-waschmaschine-10-kg-1600-u-min\/","title":{"rendered":"Bosch WGB256A41 Waschmaschine 10 kg 1600 U\/min"},"content":{"rendered":"<p class=\"mb-l\">\n<div class=\"titlepage\">\n<h2 class=\"text-h3 mb-l\">Bosch WGB256A41 Serie 8 Waschmaschine Frontlader, 10 kg, 1600 U\/min.<\/h2>\n<\/div>\n<p class=\"mb-l\">Die hocheffiziente Waschmaschine mit i-Dos und Waschmittelscan powered by Home Connect spart Wasser und Waschmittel. Maximieren Sie Ihre Energieeinsparung dank Energieeffizienzklasse A -30% und reduzieren Sie Ihren B\u00fcgelaufwand mit Iron Assist.<\/p>\n<div class=\"itemizedlist\">\n<ul class=\"bullet-list\">\n<li class=\"bullet-list-item\">i-DOS mit Waschmittelscan: noch einfachere, spielerischere Ersteinstellung der i-DOS Grundeinstellungen.<\/li>\n<li class=\"bullet-list-item\">Energieeffizienzklasse A -30%: Jetzt noch mehr Energie sparen!<\/li>\n<li class=\"bullet-list-item\">Iron Assist: reduziert Knitterfalten bis zu 50%.<\/li>\n<li class=\"bullet-list-item\">Mini Load: schnelles und effizientes Waschen von Einzelteilen.<\/li>\n<li class=\"bullet-list-item\">Anti Mikroplastik Programm: Verringert den Abrieb von Mikroplastikfasern um bis zu 30%.<\/li>\n<\/ul>\n<\/div>\n<p class=\"mb-l\">\n<div class=\"titlepage\">\n<h2 class=\"text-h3 mb-l\">i-DOS mit Waschmittelscan<\/h2>\n<\/div>\n<p class=\"mb-l\">Optimale Dosierung f\u00fcr jedes Waschmittel.<\/p>\n<p class=\"mb-l\">Egal welche Art von Fl\u00fcssigwaschmittel und Weichsp\u00fcler, der intelligente i-DOS Waschmittelscan hilft, die Dosierung pr\u00e4zisionsgenau einzustellen. Einfach die Beh\u00e4lter bef\u00fcllen und die Flaschenbarcodes mit dem Smartphone \u00fcber die Home Connect App scannen, um die Einstellungen f\u00fcr Wasserh\u00e4rte und Waschmittelkonsistenz direkt an die Waschmaschine zu senden. Das i-DOS-System dosiert dann f\u00fcr jeden Waschgang die optimale Waschmittelmenge. Die Home Connect App \u00fcberwacht au\u00dferdem den F\u00fcllstand des Waschmittels und benachrichtigt dich, bevor es aufgebraucht ist.<\/p>\n<p class=\"mb-l\">\n<div class=\"titlepage\">\n<h2 class=\"text-h3 mb-l\">Energieeffizienzklasse A -30%<\/h2>\n<\/div>\n<p class=\"mb-l\">Unsere Waschmaschinen mit Energieeffizienzklasse A -30%.<\/p>\n<p class=\"mb-l\">Unsere A -30%-Waschmaschinen reduzieren den Energieverbrauch jetzt noch st\u00e4rker &#8211; und das ohne Kompromisse bei der Waschleistung! Sie sind 30% effizienter als der Grenzwert der besten Energieeffizienzklasse A*.<\/p>\n<p class=\"mb-l\">\n<div class=\"titlepage\">\n<h2 class=\"text-h3 mb-l\">Iron Assist<\/h2>\n<\/div>\n<p class=\"mb-l\">Reduziert Falten und deinen B\u00fcgelstapel.<\/p>\n<p class=\"mb-l\">Wie bekommt man mit minimalem Aufwand knitterfreie Kleidung? Iron Assist d\u00e4mpft frisch gewaschene und getrocknete W\u00e4sche schonend in nur 20 Minuten. Der Dampf kann auch Falten aus einem zuvor getragenen Hemd oder einer Hose entfernen. Einfach das Textil in die Maschine legen und Iron Assist erledigt den Rest. Das Ergebnis ist bis zu 50 % weniger Falten und damit weniger B\u00fcgelaufwand.<\/p>\n<p class=\"mb-l\">\n<div class=\"titlepage\">\n<h2 class=\"text-h3 mb-l\">Mini Load<\/h2>\n<\/div>\n<p class=\"mb-l\">Schnell und nachhaltig kleine Beladungen waschen.<\/p>\n<p class=\"mb-l\">Du hast ein T-Shirt zum Waschen, aber nicht genug W\u00e4sche f\u00fcr eine volle Ladung? W\u00e4hle die Mini-Load-Option. Damit kannst du einzelne Kleidungsst\u00fccke oder sehr kleine Ladungen von bis zu 0,5 kg waschen und den Energieverbrauch um bis zu 40 % senken . Eine clevere Art, Einzelst\u00fccke ohne schlechtes Gewissen zu waschen.<\/p>\n<p class=\"mb-l\">\n<div class=\"titlepage\">\n<h2 class=\"text-h3 mb-l\">Anti Mikroplastik Programm<\/h2>\n<\/div>\n<p class=\"mb-l\">Verringert den Abrieb von Mikroplastikfasern um bis zu 30%.<\/p>\n<p class=\"mb-l\">Uns ist die Haltbarkeit deiner Kleidung und die Umweltvertr\u00e4glichkeit wichtig. Dank des Anti Mikroplastik Programms mit speziell angepasster Wassermenge und Anzahl an Umdrehungen kannst du deine Kleidung schonend waschen und die Freisetzung von Mikroplastikfasern um bis zu 30 %* reduzieren. So tr\u00e4gst du zu einer saubereren Umwelt bei.<\/p>\n<p class=\"mb-l\">\n<div class=\"titlepage\">\n<h2 class=\"text-h3 mb-l\">Easy Start<\/h2>\n<\/div>\n<p class=\"mb-l\">Richtig W\u00e4schewaschen leicht gemacht.<\/p>\n<p class=\"mb-l\">Das richtige Waschprogramm auszuw\u00e4hlen, ist nicht immer ganz einfach \u2013 und macht man etwas falsch, sind die Ergebnisse meist d\u00fcrftig. Home Connect beendet mit Easy Start dieses R\u00e4tselraten und zeigt dir die optimale Einstellung \u2013 direkt von deinem Smartphone oder Tablet aus. Jederzeit. Und bei jedem Waschgang. Du gibst einfach die Farbe, W\u00e4scheart und den Verschmutzungsgrad \u00fcber die Home Connect App ein. So findest du m\u00fchelos das richtige Programm und erh\u00e4ltst bei jedem Waschgang perfekte Ergebnisse.<\/p>\n<p class=\"mb-l\">\n<div class=\"titlepage\">\n<h2 class=\"text-h3 mb-l\">Home Connect<\/h2>\n<\/div>\n<p class=\"mb-l\">Meistere die W\u00e4sche bequem per Fernzugriff.<\/p>\n<p class=\"mb-l\">Gibt deine Waschmaschine dir den Tagesablauf vor? Mit Home Connect kannst du das \u00e4ndern. Bosch Waschmaschinen mit Home Connect lassen sich bequem \u00fcber dein mobiles Ger\u00e4t steuern und \u00fcberwachen, ganz gleich, wo du gerade bist. So kannst du die W\u00e4schepflege flexibel in deinen Tagesablauf integrieren und gewinnst wertvolle Zeit f\u00fcr dich.<\/p>\n<p class=\"mb-l\">\n<div class=\"titlepage\">\n<h2 class=\"text-h3 mb-l\">Home Connect<\/h2>\n<\/div>\n<p class=\"mb-l\">Deine Waschmaschine h\u00e4lt dich auf dem Laufenden.<\/p>\n<p class=\"mb-l\">Neben der laufenden Maschine zu sitzen und aufs Programmende zu warten, ist ein echter Stressfaktor, wenn man viel zu tun hat. Aber es geht auch anders. Home Connect sendet den Programmstatus deiner Waschmaschine und andere hilfreiche Infos als Push-Benachrichtigung direkt an dein mobiles Ger\u00e4t, w\u00e4hrend du dich derweil anderen Aufgaben widmest. Eine geniale Multitasking-Hilfe f\u00fcr zu Hause und unterwegs.<\/p>\n<p class=\"mb-l\">\n<div class=\"titlepage\">\n<h2 class=\"text-h3 mb-l\">Home Connect<\/h2>\n<\/div>\n<p class=\"mb-l\">Deine Waschmaschine tut das, was du ihr sagst.<\/p>\n<p class=\"mb-l\">Dank unserer Partnerschaft mit Amazon Alexa kannst du deine Waschmaschine per Sprachsteuerung bedienen. Erkundige dich, ob der entsprechende \u201eHome Connect\u201c-Skill in der Alexa-App auch f\u00fcr dein Land und deine Sprache verf\u00fcgbar ist. Um eine Verbindung zwischen Amazon Alexa und deiner Waschmaschine herzustellen, brauchst du nur den Skill zu aktivieren.<\/p>\n<p class=\"mb-l\">\n<div class=\"titlepage\">\n<h2 class=\"text-h3 mb-l\">Active Water Plus<\/h2>\n<\/div>\n<p class=\"mb-l\">Wasser sparen bei kleinen Beladungen.<\/p>\n<p class=\"mb-l\">Egal, wie wenig man w\u00e4scht, die Active Water Plus-Technologie liefert perfekte Ergebnisse und verwendet dabei nur genau die Wassermenge, die f\u00fcr jeden Waschgang ben\u00f6tigt wird. F\u00fcr hocheffiziente Wassernutzung auch bei kleineren Beladungen. Dank seiner hocheffizienten Wassermanagement-Technologie wird die exakte Beladung automatisch erkannt und der Wasserverbrauch genau angepasst. Spare bis zu 50 % Wasser bei kleinen Beladungen.<\/p>\n<p class=\"mb-l\">\n<div class=\"titlepage\">\n<h2 class=\"text-h3 mb-l\">Speed Perfect<\/h2>\n<\/div>\n<p class=\"mb-l\">Perfekte Ergebnisse in weniger als der halben Zeit.<\/p>\n<p class=\"mb-l\">Wenn die Zeit knapp ist und deine Waschmaschine \u00fcber Speed Perfect verf\u00fcgt, kannst du die Programmlaufzeit bei gleichbleibend hoher Qualit\u00e4t um bis zu 65 % verk\u00fcrzen. Speed Perfect l\u00e4sst sich mit den meisten Programmen, jedem F\u00fcllvolumen und allen Gewebearten nutzen. So kannst du beispielsweise mit Speed Perfect und dem Mix-Programm bis zu 4 Kilogramm Mischw\u00e4sche in nur 46 Minuten gr\u00fcndlich waschen.<\/p>\n<p class=\"mb-l\">\n<div class=\"titlepage\">\n<h2 class=\"text-h3 mb-l\">Fleckenautomatik<\/h2>\n<\/div>\n<p class=\"mb-l\">F\u00fcr jeden Fleck die richtige W\u00e4sche.<\/p>\n<p class=\"mb-l\">Die Auswahl des richtigen Waschprogramms f\u00fcr einen Fleck kann ziemlich verwirrend sein. Die Fleckenautomatik entfernt 16 der hartn\u00e4ckigsten Flecken, von Fett und Blut bis hin zu Kosmetika und Tee. Die Waschmaschine passt Temperatur, Trommelbewegung und Einweichzeit automatisch an, bevor das gew\u00e4hlte Programm startet. Egal wie hartn\u00e4ckig der Fleck ist, Anti Fleck hilft Ihnen, ihn einfach loszuwerden.<\/p>\n<p class=\"mb-l\">\n<div class=\"titlepage\">\n<h2 class=\"text-h3 mb-l\">Nachlegefunktion<\/h2>\n<\/div>\n<p class=\"mb-l\">Dank der Nachlegefunktion sind einsame Socken ab sofort Geschichte.<\/p>\n<p class=\"mb-l\">Gerade die Waschmaschine gestartet und dann ein vergessenes Teil entdeckt \u2026 wer kennt das nicht? Zum Gl\u00fcck l\u00e4sst sich die Nachlegefunktion auch nach dem Programmstart W\u00e4schest\u00fccke hinzuf\u00fcgen (oder entfernen). Dr\u00fccke einfach die Taste Nachlegefunktion, gebe die vergessenen Teile in die Maschine und setze den Waschvorgang fort.<\/p>\n<p class=\"mb-l\">\n<div class=\"titlepage\">\n<h2 class=\"text-h3 mb-l\">AquaStop<\/h2>\n<\/div>\n<p class=\"mb-l\">Doppelter Schutz vor Wassersch\u00e4den.<\/p>\n<p class=\"mb-l\">Die AquaStop Garantie von Bosch bietet Schutz vor Wassersch\u00e4den \u2013 ein Ger\u00e4teleben lang. Unsere Waschmaschinen mit AquaStop haben einen speziellen doppelwandigen Zulaufschlauch, ein Sicherheitsventil und einen Bodentank mit Schwimmerschalter, die gemeinsam Schutz vor jeglichen Wassersch\u00e4den bieten, sei es am Zulaufschlauch oder durch eine undichte Stelle im Ger\u00e4t.<\/p>\n<p class=\"mb-l\">\n<div class=\"titlepage\">\n<h2 class=\"text-h3 mb-l\">EcoSilence Drive\u2122-Garantie<\/h2>\n<\/div>\n<p class=\"mb-l\">Dieser Antrieb ist garantiert leise und besonders langlebig.<\/p>\n<p class=\"mb-l\">Lasse dich von deiner Waschmaschine nicht beim Abendessen st\u00f6ren. Der EcoSilence Drive\u2122 von Bosch ist so leise, dass du dich schon mal fragen wirst, ob die Maschine \u00fcberhaupt l\u00e4uft. Der b\u00fcrstenlose, energieeffiziente Motor ist besonders leise im Betrieb und extrem langlebig und er verf\u00fcgt \u00fcber eine 10-Jahres-Teilegarantie.<\/p>\n<p class=\"mb-l\">\n<div class=\"titlepage\">\n<h2 class=\"text-h3 mb-l\">10 kg Vario Trommel<\/h2>\n<\/div>\n<p class=\"mb-l\">Extragro\u00dfe 10 kg Vario Trommel.<\/p>\n<p class=\"mb-l\">Unsere gro\u00dfe Trommel erm\u00f6glicht eine gleichm\u00e4\u00dfige und effiziente Verteilung von Wasser und Waschmittel w\u00e4hrend des Waschvorgangs. In der gro\u00dfen Vario Trommel kannst du jetzt bis zu 10 kg W\u00e4sche waschen. Sie bietet genug Platz, damit sich die W\u00e4sche schonend bewegen kann, auch f\u00fcr gro\u00dfe W\u00e4schest\u00fccke wie Tagesdecken oder Bettw\u00e4sche. Das Ergebnis: 10 kg perfekt saubere W\u00e4sche.<\/p>\n<p class=\"mb-l\">\n<div class=\"titlepage\">\n<h2 class=\"text-h3 mb-l\">Automatikprogramme<\/h2>\n<\/div>\n<p class=\"mb-l\">Die beste Art, Schmutz zu entfernen? Ganz einfach vollautomatisch.<\/p>\n<p class=\"mb-l\">W\u00e4sche wirklich perfekt zu waschen, war noch nie so einfach: du f\u00fcllst die Trommel und dr\u00fcckst auf \u201eStart\u201c. Das war es schon. Die Maschine passt den Waschgang automatisch an die Gewebeart und den Verschmutzungsgrad deiner W\u00e4sche an und liefert dir so jedes Mal zuverl\u00e4ssig beste Ergebnisse.<\/p>\n<p class=\"mb-l\">\n<div class=\"titlepage\">\n<h2 class=\"text-h3 mb-l\">Hygiene Plus<\/h2>\n<\/div>\n<p class=\"mb-l\">Hygienische W\u00e4sche, auch bei 40 \u00b0C.<\/p>\n<p class=\"mb-l\">Manchmal ist sauber nicht rein genug. Deshalb haben wir das Hygiene-Plus-Programm entwickelt. Die Temperatur wird w\u00e4hrend des Waschgangs konstant gehalten. Ein zus\u00e4tzlicher Sp\u00fclgang sorgt f\u00fcr hygienisch saubere W\u00e4sche und t\u00f6tet Keime besonders wirksam ab. Das Resultat: hygienische Waschergebnisse, die 99,99 % der h\u00e4ufigsten Keime beseitigen, auch bei 40 \u00b0C.<\/p>\n<p class=\"mb-l\">\n<div class=\"titlepage\">\n<h2 class=\"text-h3 mb-l\">Digitaler Drehw\u00e4hler<\/h2>\n<\/div>\n<p class=\"mb-l\">Einfach das gew\u00fcnschte Programm finden und w\u00e4hlen.<\/p>\n<p class=\"mb-l\">\u00dcber das benutzerfreundliche Touch Display mit digitame Drehw\u00e4hler findest du schnell und einfach das gew\u00fcnschte Programm. Das gro\u00dfe, stilvolle Display ist ergonomisch ausgerichtet und an der Vorderseite der Maschine geneigt. Es leuchtet auf, wenn du das Ger\u00e4t einschaltest, und f\u00fchrt dich zum richtigen Programm oder zur richtigen Funktion. So kannst du die Maschine bequem starten und sich anderen Aufgaben widmen.<\/p>\n<p class=\"mb-l\">\n<div class=\"titlepage\">\n<h2 class=\"text-h3 mb-l\">Vario Trommel<\/h2>\n<\/div>\n<p class=\"mb-l\">Kraftvolle, aber sanfte W\u00e4sche f\u00fcr deine Lieblingsst\u00fccke.<\/p>\n<p class=\"mb-l\">Deine Lieblingsst\u00fccke oder besonders empfindliche Kleidung k\u00f6nnen durch h\u00e4ufiges Waschen besch\u00e4digt werden. Die einzigartige Vario Trommel w\u00e4scht jede Art von Kleidung sanft und effizient; das Wasser wird gleichm\u00e4\u00dfig verteilt, ohne deine Lieblingsst\u00fccke zu dehnen, zu knittern oder zu besch\u00e4digen. Je nach ausgew\u00e4hltem Waschprogramm bef\u00f6rdern die tropfenf\u00f6rmige Trommeloberfl\u00e4chenstruktur und die asymmetrischen Mitnehmer deine W\u00e4sche schonend zur Mitte hin. Dies bewirkt nicht nur eine intensive Reinigung von st\u00e4rker verschmutzten Teilen, sondern sorgt auch f\u00fcr eine schnellere und gr\u00fcndlichere Reinigung der kompletten Waschladung. G\u00f6nne deiner Kleidung eine professionelle Qualit\u00e4tsreinigung!<\/p>\n<p class=\"mb-l\">\n<div class=\"titlepage\">\n<h2 class=\"text-h3 mb-l\">Anti Vibration Design<\/h2>\n<\/div>\n<p class=\"mb-l\">Mehr Standfestigkeit und weniger Vibrationen.<\/p>\n<p class=\"mb-l\">Das innovative Anti Vibration Design der Seitenw\u00e4nde ist nicht nur ein optisches Highlight: Die Funktion sorgt f\u00fcr mehr Stabilit\u00e4t und reduziert Vibrationen. Die optimale D\u00e4mmung reguliert das Ger\u00e4uschaufkommen, sodass die Waschmaschine selbst im Schleudergang sehr leise ist.<\/p>\n<p class=\"mb-l\">\n<div class=\"titlepage\">\n<h2 class=\"text-h3 mb-l\">ExtraKurz 15&#8217;\/30&#8242;<\/h2>\n<\/div>\n<p class=\"mb-l\">F\u00fcr extra schnelle W\u00e4sche.<\/p>\n<p class=\"mb-l\">Schnelles Auswaschen bzw. Auffrischen von bis zu 2 bzw. 3,5 kg leichtverschmutzter Kleidung in nur 15 bzw. 30 Minuten. Inklusive Hauptw\u00e4sche, Sp\u00fclen und Schleudern.<\/p>\n<p class=\"mb-l\">\n<div class=\"titlepage\">\n<h2 class=\"text-h3 mb-l\">Touch Control Bedienung<\/h2>\n<\/div>\n<p class=\"mb-l\">So einfach kann Waschen sein.<\/p>\n<p class=\"mb-l\">Waschen leicht gemacht mit dem Touch Control Bedienfeld. Das Bedienfeld ist intuitiv gestaltet und erm\u00f6glicht eine einfache und schnelle Programmwahl ohne langes Nachschlagen in der Bedienungsanleitung. Genie\u00dfe den Komfort einer m\u00fchelosen Bedienung mit unseren Touch Control Bedienfeldern.<\/p>\n<p class=\"mb-l\">\n<div class=\"titlepage\">\n<h2 class=\"text-h3 mb-l\">24h Endezeitvorwahl<\/h2>\n<\/div>\n<p class=\"mb-l\">Mehr Flexibilit\u00e4t dank frei w\u00e4hlbarem Programmende.<\/p>\n<p class=\"mb-l\">W\u00e4hle den Zeitpunkt innerhalb der n\u00e4chsten 24 Stunden, zu dem die W\u00e4sche fertig sein soll. Starte den Waschgang einfach sp\u00e4ter, damit die W\u00e4sche fertig ist, wenn du sie ben\u00f6tigst.<\/p>\n<p class=\"mb-l\">\n<div class=\"titlepage\">\n<h2 class=\"text-h3 mb-l\">Sportswear-Programm<\/h2>\n<\/div>\n<p class=\"mb-l\">Behalten Sie Ihre Sportkleidung in Form.<\/p>\n<p class=\"mb-l\">Behalten Sie Ihre sportlichen Ziele im Kopf. Um den Rest k\u00fcmmern wir uns. Mikrofasern sind ideal f\u00fcr Sportkleidung \u2013 aber auch empfindlich. Nutzen Sie f\u00fcr Ihre Leggings, Funktionsshirts und Schwimmkleidung das spezielle Sportswear-Programm, das besonders schonend w\u00e4scht durch niedrige Waschtemperaturen von \u201ekalt\u201c bis 40\u00b0C. Die geringe Schleuderdrehzahl und kurzes Auflockern am Ende reduziert au\u00dferdem die Knitterbildung. So bleibt Ihre Sportbekleidung lange funktional und in Topform.<\/p>\n<li class=\"mb-m\">\n<div class=\"flex flex-col m:flex-row gap-s m:gap-xl\">\n<div class=\"text-h3 min-w-[244px] max-w-[244px]\">Waschen<\/div>\n<div class=\"flex flex-col gap-s\"><span class=\"\"><\/p>\n<ul class=\"flex flex-col gap-s\">\n<li class=\"ml-3xs pl-[15px] relative before:absolute before:w-[8px] before:h-[8px] before:bg-dark before:top-[8px] before:left-0 before:rounded-full\">Drehzahl: 1600 r\/min<\/li>\n<li class=\"ml-3xs pl-[15px] relative before:absolute before:w-[8px] before:h-[8px] before:bg-dark before:top-[8px] before:left-0 before:rounded-full\">Waschkapazit\u00e4t: 10 kg<\/li>\n<\/ul>\n<p><\/span><\/div>\n<\/div>\n<\/li>\n<li class=\"mb-m\">\n<div class=\"flex flex-col m:flex-row gap-s m:gap-xl\">\n<div class=\"text-h3 min-w-[244px] max-w-[244px]\">Haushalt<\/div>\n<div class=\"flex flex-col gap-s\"><span class=\"\"><\/p>\n<ul class=\"flex flex-col gap-s\">\n<li class=\"ml-3xs pl-[15px] relative before:absolute before:w-[8px] before:h-[8px] before:bg-dark before:top-[8px] before:left-0 before:rounded-full\">Auslaufschutz: AquaStop<\/li>\n<li class=\"ml-3xs pl-[15px] relative before:absolute before:w-[8px] before:h-[8px] before:bg-dark before:top-[8px] before:left-0 before:rounded-full\">Startzeitvorwahl in h: 24 h<\/li>\n<li class=\"ml-3xs pl-[15px] relative before:absolute before:w-[8px] before:h-[8px] before:bg-dark before:top-[8px] before:left-0 before:rounded-full\">Bauart: Standger\u00e4t<\/li>\n<li class=\"ml-3xs pl-[15px] relative before:absolute before:w-[8px] before:h-[8px] before:bg-dark before:top-[8px] before:left-0 before:rounded-full\">Beladungstyp: Frontlader<\/li>\n<\/ul>\n<p><\/span><\/div>\n<\/div>\n<\/li>\n<li class=\"mb-m\">\n<div class=\"flex flex-col m:flex-row gap-s m:gap-xl\">\n<div class=\"text-h3 min-w-[244px] max-w-[244px]\">Kompatibilit\u00e4t<\/div>\n<div class=\"flex flex-col gap-s\"><span class=\"\"><\/p>\n<ul class=\"flex flex-col gap-s\">\n<li class=\"ml-3xs pl-[15px] relative before:absolute before:w-[8px] before:h-[8px] before:bg-dark before:top-[8px] before:left-0 before:rounded-full\">Amazon Alexa<\/li>\n<li class=\"ml-3xs pl-[15px] relative before:absolute before:w-[8px] before:h-[8px] before:bg-dark before:top-[8px] before:left-0 before:rounded-full\">Home Connect<\/li>\n<\/ul>\n<p><\/span><\/div>\n<\/div>\n<\/li>\n<li class=\"mb-m\">\n<div class=\"flex flex-col m:flex-row gap-s m:gap-xl\">\n<div class=\"text-h3 min-w-[244px] max-w-[244px]\">Farbe<\/div>\n<div class=\"flex flex-col gap-s\"><span class=\"\"><\/p>\n<ul class=\"flex flex-col gap-s\">\n<li class=\"ml-3xs pl-[15px] relative before:absolute before:w-[8px] before:h-[8px] before:bg-dark before:top-[8px] before:left-0 before:rounded-full\">Wei\u00df<\/li>\n<\/ul>\n<p><\/span><\/div>\n<\/div>\n<\/li>\n<li class=\"mb-m\">\n<div class=\"flex flex-col m:flex-row gap-s m:gap-xl\">\n<div class=\"text-h3 min-w-[244px] max-w-[244px]\">Abmessungen \/ Gewicht<\/div>\n<div class=\"flex flex-col gap-s\"><span class=\"\"><\/p>\n<ul class=\"flex flex-col gap-s\">\n<li class=\"ml-3xs pl-[15px] relative before:absolute before:w-[8px] before:h-[8px] before:bg-dark before:top-[8px] before:left-0 before:rounded-full\">Breite: 598 mm<\/li>\n<li class=\"ml-3xs pl-[15px] relative before:absolute before:w-[8px] before:h-[8px] before:bg-dark before:top-[8px] before:left-0 before:rounded-full\">H\u00f6he: 845 mm<\/li>\n<li class=\"ml-3xs pl-[15px] relative before:absolute before:w-[8px] before:h-[8px] before:bg-dark before:top-[8px] before:left-0 before:rounded-full\">Tiefe: 590 mm<\/li>\n<li class=\"ml-3xs pl-[15px] relative before:absolute before:w-[8px] before:h-[8px] before:bg-dark before:top-[8px] before:left-0 before:rounded-full\">Gewicht: 83.40 kg<\/li>\n<\/ul>\n<p><\/span><\/div>\n<\/div>\n<\/li>\n<li class=\"mb-m\">\n<div class=\"flex flex-col m:flex-row gap-s m:gap-xl\">\n<div class=\"text-h3 min-w-[244px] max-w-[244px]\">Energieeffizienzklasse<\/div>\n<div class=\"flex flex-col gap-s\"><span class=\"\"><\/p>\n<ul class=\"flex flex-col gap-s\">\n<li class=\"ml-3xs pl-[15px] relative before:absolute before:w-[8px] before:h-[8px] before:bg-dark before:top-[8px] before:left-0 before:rounded-full\">A<\/li>\n<\/ul>\n<p><\/span><\/div>\n<\/div>\n<\/li>\n","protected":false},"excerpt":{"rendered":"<li class=\"bullet-list-item\">Energieeffizienzklasse: A<\/li>\n<li class=\"bullet-list-item\">Frontlader, 10 kg Nennkapazit\u00e4t je Waschvorgang<\/li>\n<li class=\"bullet-list-item\">Kompatibel mit Amazon AlexaHome Connect, AquaStop Auslaufschutz<\/li>\n<li class=\"bullet-list-item\">Max. 1600 U\/min.<\/li>\n<li class=\"bullet-list-item\">Standger\u00e4t, Ma\u00dfe: B 59.8 cm x H 84.5 cm x T 59 cm<\/li>\n<p> Herstellernummer WGB256A41<\/p>","protected":false},"featured_media":46251,"comment_status":"open","ping_status":"closed","template":"","meta":{"_monsterinsights_skip_tracking":false,"_monsterinsights_sitenote_active":false,"_monsterinsights_sitenote_note":"","_monsterinsights_sitenote_category":0,"_uf_show_specific_survey":0,"_uf_disable_surveys":false},"product_brand":[],"product_cat":[499],"product_tag":[],"models":[],"years":[],"class_list":{"0":"post-41164","1":"product","2":"type-product","3":"status-publish","4":"has-post-thumbnail","6":"product_cat-waschmaschinen-trockner","8":"first","9":"instock","10":"sale","11":"shipping-taxable","12":"purchasable","13":"product-type-simple"},"aioseo_notices":[],"acf":[],"_links":{"self":[{"href":"https:\/\/amannforg.com\/fr\/wp-json\/wp\/v2\/product\/41164","targetHints":{"allow":["GET"]}}],"collection":[{"href":"https:\/\/amannforg.com\/fr\/wp-json\/wp\/v2\/product"}],"about":[{"href":"https:\/\/amannforg.com\/fr\/wp-json\/wp\/v2\/types\/product"}],"replies":[{"embeddable":true,"href":"https:\/\/amannforg.com\/fr\/wp-json\/wp\/v2\/comments?post=41164"}],"version-history":[{"count":1,"href":"https:\/\/amannforg.com\/fr\/wp-json\/wp\/v2\/product\/41164\/revisions"}],"predecessor-version":[{"id":57964,"href":"https:\/\/amannforg.com\/fr\/wp-json\/wp\/v2\/product\/41164\/revisions\/57964"}],"wp:featuredmedia":[{"embeddable":true,"href":"https:\/\/amannforg.com\/fr\/wp-json\/wp\/v2\/media\/46251"}],"wp:attachment":[{"href":"https:\/\/amannforg.com\/fr\/wp-json\/wp\/v2\/media?parent=41164"}],"wp:term":[{"taxonomy":"product_brand","embeddable":true,"href":"https:\/\/amannforg.com\/fr\/wp-json\/wp\/v2\/product_brand?post=41164"},{"taxonomy":"product_cat","embeddable":true,"href":"https:\/\/amannforg.com\/fr\/wp-json\/wp\/v2\/product_cat?post=41164"},{"taxonomy":"product_tag","embeddable":true,"href":"https:\/\/amannforg.com\/fr\/wp-json\/wp\/v2\/product_tag?post=41164"},{"taxonomy":"models","embeddable":true,"href":"https:\/\/amannforg.com\/fr\/wp-json\/wp\/v2\/models?post=41164"},{"taxonomy":"years","embeddable":true,"href":"https:\/\/amannforg.com\/fr\/wp-json\/wp\/v2\/years?post=41164"}],"curies":[{"name":"wp","href":"https:\/\/api.w.org\/{rel}","templated":true}]}}