{"id":41435,"date":"2026-03-03T23:59:00","date_gmt":"2026-03-03T23:59:00","guid":{"rendered":"https:\/\/amannforg.com\/?post_type=product&#038;p=41435"},"modified":"2026-03-13T11:42:38","modified_gmt":"2026-03-13T11:42:38","slug":"siemens-sx95ex12ce-iq500-geschirrspuler-60cm-vollintegrierbar-eeka","status":"publish","type":"product","link":"https:\/\/amannforg.com\/fr\/produit\/siemens-sx95ex12ce-iq500-geschirrspuler-60cm-vollintegrierbar-eeka\/","title":{"rendered":"Siemens SX95EX12CE iQ500 Geschirrsp\u00fcler 60cm vollintegrierbar EEK:A"},"content":{"rendered":"<p class=\"mb-l\">\n<div class=\"titlepage\">\n<h2 class=\"text-h3 mb-l\">Siemens iQ500 SX95EX12CE 60cm Vollintegrierter Gro\u00dfraum-Geschirrsp\u00fcler <\/h2>\n<\/div>\n<p class=\"mb-l\">\n<div class=\"titlepage\">\n<h2 class=\"text-h3 mb-l\">Features<\/h2>\n<\/div>\n<p class=\"mb-l\">varioSpeed Plus: Geschirr bis zu drei Mal schneller sp\u00fclen und trocknen.<\/p>\n<p class=\"mb-l\">autoOpen dry: die automatische T\u00fcr\u00f6ffnung f\u00fcr hoch effiziente Trocknungsergebnisse<\/p>\n<p class=\"mb-l\">flexComfort K\u00f6rbe mit varioSchublade &#8211; f\u00fcr hohen Bedienkomfort, wirksamen Gl\u00e4serschutz und schnelles Be- und Entladen<\/p>\n<p class=\"mb-l\">glassZone: der spezielle Bereich, der deine Gl\u00e4ser sch\u00fctzt<\/p>\n<p class=\"mb-l\">sideLight: immer das Wichtigste im Blick mit der elegant blauen Lichtleiste als Betriebsanzeige.<\/p>\n<p class=\"mb-l\">\n<div class=\"titlepage\">\n<h2 class=\"text-h3 mb-l\">Die schnelle und clevere Reinigung.<\/h2>\n<\/div>\n<p class=\"mb-l\">Sp\u00fcle und trockne das Geschirr bis zu drei Mal schneller, aber mit demselben exzellenten Ergebnis. Mit varioSpeed Plus kannst du au\u00dferdem jederzeit den Sp\u00fclturbo einschalten, auch wenn der Sp\u00fclgang bereits l\u00e4uft. Und das Beste: du kannst varioSpeed Plus \u00fcber die Home Connect-App auf deinem Ger\u00e4t aktivieren und steuern. Ist das nicht smart?<\/p>\n<p class=\"mb-l\">\n<div class=\"titlepage\">\n<h2 class=\"text-h3 mb-l\">flexComfort K\u00f6rbe mit varioSchublade &#8211; f\u00fcr hohen Bedienkomfort, wirksamen Gl\u00e4serschutz und schnelles Be- und Entladen.<\/h2>\n<\/div>\n<p class=\"mb-l\">Entspanntes und schnelles Einr\u00e4umen garantiert: Die neuen flexComfort K\u00f6rbe im eleganten Design geben Ihnen viele Freiheiten beim Be- und Entladen und zus\u00e4tzlich ein beruhigendes Gef\u00fchl. Ob Teller, T\u00f6pfe, Tassen oder Weingl\u00e4ser &#8211; in Siemens flexComfort K\u00f6rben findet jedes Geschirrteil schnell seinen Platz. Dank neuer Sicherheitsausstattung k\u00f6nnen Sie jetzt auch ihre besten Gl\u00e4ser bedenkenlos in Ihren Geschirrsp\u00fcler stellen. Zudem erleichtern Ihn die neuen reibungsarmen Laufr\u00e4der das Be- und Entladen.<\/p>\n<p class=\"mb-l\">\n<div class=\"titlepage\">\n<h2 class=\"text-h3 mb-l\">Die automatische T\u00fcr\u00f6ffnung f\u00fcr hoch effiziente Trocknungsergebnisse.<\/h2>\n<\/div>\n<p class=\"mb-l\">Schonende Trocknung dank autoOpen dry: Am Ende des Trocknungsvorgangs wird die T\u00fcr automatisch und sanft ge\u00f6ffnet. Dadurch wird die nat\u00fcrliche Trocknung des Geschirrs ohne zus\u00e4tzlichen Einsatz von Energie unterst\u00fctzt.<\/p>\n<p class=\"mb-l\">\n<div class=\"titlepage\">\n<h2 class=\"text-h3 mb-l\">Ein sicherer Bereich f\u00fcr besonders empfindliches Glas.<\/h2>\n<\/div>\n<p class=\"mb-l\">Hast du Angst, zerbrechliche Gl\u00e4ser in die Sp\u00fclmaschine zu stellen? glassZone gibt dir zus\u00e4tzliche Sicherheit. Sechs spezielle D\u00fcsen reinigen die einzelnen Gl\u00e4ser mit einem sanften, kontinuierlichen Wasserstrom gr\u00fcndlich, ohne empfindliche Materialien zu besch\u00e4digen. Und die rutschfesten Silikonfl\u00e4chen sch\u00fctzen deine wertvollen Gl\u00e4ser vor Ersch\u00fctterungen und Bewegungen. Damit alles sauber und heil herauskommt.<\/p>\n<p class=\"mb-l\">\n<div class=\"titlepage\">\n<h2 class=\"text-h3 mb-l\">Immer das Wichtigste im Blick mit der elegant blauen Lichtleiste als Betriebsanzeige.<\/h2>\n<\/div>\n<p class=\"mb-l\">Betriebsanzeige in eleganter Optik: Mit dem sideLight erkennst du sofort, ob das Sp\u00fclprogramm noch l\u00e4uft. W\u00e4hrend des Betriebs leuchtet die blaue Lichtleiste den linken M\u00f6belspalt neben dem Geschirrsp\u00fcler aus. F\u00fcr gehobene Anspr\u00fcche bei Ger\u00e4ten mit varioScharnier und ideal f\u00fcr den Hocheinbau.<\/p>\n<p class=\"mb-l\">\n<div class=\"titlepage\">\n<h2 class=\"text-h3 mb-l\">Immer auf dem neuesten Stand.<\/h2>\n<\/div>\n<p class=\"mb-l\">Siemens verbessert st\u00e4ndig seine Geschirrsp\u00fclprogramme, damit dein Geschirr schneller, sauberer und energieeffizienter gesp\u00fclt werden kann. Keine Sorge! Mit dem programmDownload unserer Home-Connect-f\u00e4higen Geschirrsp\u00fcler profitierst du immer von unseren Innovationen! Personalisiere deinen Geschirrsp\u00fcler und lade zus\u00e4tzliche Programme herunter, die deinen individuellen Bed\u00fcrfnissen entsprechen.<\/p>\n<p class=\"mb-l\">\n<div class=\"titlepage\">\n<h2 class=\"text-h3 mb-l\">Best\u00e4tigte Hygieneleistung.<\/h2>\n<\/div>\n<p class=\"mb-l\">Viren wie Corona und Influenza werden in Eco 50 \u00b0C wirksam inaktiviert. Getestet vom Institut f\u00fcr integrative Hygiene und Virologie (Hygiene-Label Stufe 1). Bei Programmen mit h\u00f6herer Temperatur l\u00e4sst sich ein noch h\u00f6heres Hygienelevel erreichen, das gegen widerstandsf\u00e4higere Viren, einschlie\u00dflich beh\u00fcllter und unbeh\u00fcllter Viren, wirksam ist. Best\u00e4tigt f\u00fcr das Intensiv 70 \u00b0C und Maschinenpflegeprogramm (Hygiene-Label Stufe 3).<\/p>\n<p class=\"mb-l\">\n<div class=\"titlepage\">\n<h2 class=\"text-h3 mb-l\">F\u00fcr blaues Ambientelicht.<\/h2>\n<\/div>\n<p class=\"mb-l\">Wenn du die T\u00fcr deines Geschirrsp\u00fclers \u00f6ffnest, erwartet dich ein leuchtendes Blau. Raffiniert angebrachte LEDs im oberen Bereich des Innenraums schalten sich automatisch ein, wenn du die T\u00fcr \u00f6ffnest, und wieder aus, wenn du sie schlie\u00dft.<\/p>\n<p class=\"mb-l\">\n<div class=\"titlepage\">\n<h2 class=\"text-h3 mb-l\">Einfaches \u00d6ffnen von T\u00fcren ohne Griff.<\/h2>\n<\/div>\n<p class=\"mb-l\">Die vollintegrierten Geschirrsp\u00fcler von Siemens sind mit einem komfortablen T\u00fcr\u00f6ffnungssystem ausgestattet. Bei openAssist reicht ein leichter Fingerdruck auf die T\u00fcrfront, um die Geschirrsp\u00fclert\u00fcr zu \u00f6ffnen. Das funktioniert ganz einfach und erm\u00f6glicht zudem eine nahtlose Integration in alle modernen grifflosen K\u00fcchen.<\/p>\n<p class=\"mb-l\">\n<div class=\"titlepage\">\n<h2 class=\"text-h3 mb-l\">Moderner T\u00fcr\u00f6ffnungskomfort und optimale Integration in grifflose K\u00fcchen.<\/h2>\n<\/div>\n<li class=\"mb-m\">\n<div class=\"flex flex-col m:flex-row gap-s m:gap-xl\">\n<div class=\"text-h3 min-w-[244px] max-w-[244px]\">Sp\u00fclen<\/div>\n<div class=\"flex flex-col gap-s\"><span class=\"\"><\/p>\n<ul class=\"flex flex-col gap-s\">\n<li class=\"ml-3xs pl-[15px] relative before:absolute before:w-[8px] before:h-[8px] before:bg-dark before:top-[8px] before:left-0 before:rounded-full\">Bestecksystem: Besteckschublade<\/li>\n<li class=\"ml-3xs pl-[15px] relative before:absolute before:w-[8px] before:h-[8px] before:bg-dark before:top-[8px] before:left-0 before:rounded-full\">Kapazit\u00e4t in Ma\u00dfgedecken: 14<\/li>\n<\/ul>\n<p><\/span><\/div>\n<\/div>\n<\/li>\n<li class=\"mb-m\">\n<div class=\"flex flex-col m:flex-row gap-s m:gap-xl\">\n<div class=\"text-h3 min-w-[244px] max-w-[244px]\">Haushalt<\/div>\n<div class=\"flex flex-col gap-s\"><span class=\"\"><\/p>\n<ul class=\"flex flex-col gap-s\">\n<li class=\"ml-3xs pl-[15px] relative before:absolute before:w-[8px] before:h-[8px] before:bg-dark before:top-[8px] before:left-0 before:rounded-full\">Auslaufschutz: AquaStop<\/li>\n<li class=\"ml-3xs pl-[15px] relative before:absolute before:w-[8px] before:h-[8px] before:bg-dark before:top-[8px] before:left-0 before:rounded-full\">Bauart: Vollintegrierbar<\/li>\n<\/ul>\n<p><\/span><\/div>\n<\/div>\n<\/li>\n<li class=\"mb-m\">\n<div class=\"flex flex-col m:flex-row gap-s m:gap-xl\">\n<div class=\"text-h3 min-w-[244px] max-w-[244px]\">Sonderma\u00dfe<\/div>\n<div class=\"flex flex-col gap-s\"><span class=\"\"><\/p>\n<ul class=\"flex flex-col gap-s\">\n<li class=\"ml-3xs pl-[15px] relative before:absolute before:w-[8px] before:h-[8px] before:bg-dark before:top-[8px] before:left-0 before:rounded-full\">Nischen-Breite: 600 mm<\/li>\n<li class=\"ml-3xs pl-[15px] relative before:absolute before:w-[8px] before:h-[8px] before:bg-dark before:top-[8px] before:left-0 before:rounded-full\">Nischen-H\u00f6he: 865 mm<\/li>\n<li class=\"ml-3xs pl-[15px] relative before:absolute before:w-[8px] before:h-[8px] before:bg-dark before:top-[8px] before:left-0 before:rounded-full\">Nischen-Tiefe: 550 mm<\/li>\n<\/ul>\n<p><\/span><\/div>\n<\/div>\n<\/li>\n<li class=\"mb-m\">\n<div class=\"flex flex-col m:flex-row gap-s m:gap-xl\">\n<div class=\"text-h3 min-w-[244px] max-w-[244px]\">Kompatibilit\u00e4t<\/div>\n<div class=\"flex flex-col gap-s\"><span class=\"\"><\/p>\n<ul class=\"flex flex-col gap-s\">\n<li class=\"ml-3xs pl-[15px] relative before:absolute before:w-[8px] before:h-[8px] before:bg-dark before:top-[8px] before:left-0 before:rounded-full\">Home Connect<\/li>\n<\/ul>\n<p><\/span><\/div>\n<\/div>\n<\/li>\n<li class=\"mb-m\">\n<div class=\"flex flex-col m:flex-row gap-s m:gap-xl\">\n<div class=\"text-h3 min-w-[244px] max-w-[244px]\">Abmessungen \/ Gewicht<\/div>\n<div class=\"flex flex-col gap-s\"><span class=\"\"><\/p>\n<ul class=\"flex flex-col gap-s\">\n<li class=\"ml-3xs pl-[15px] relative before:absolute before:w-[8px] before:h-[8px] before:bg-dark before:top-[8px] before:left-0 before:rounded-full\">Breite: 598 mm<\/li>\n<li class=\"ml-3xs pl-[15px] relative before:absolute before:w-[8px] before:h-[8px] before:bg-dark before:top-[8px] before:left-0 before:rounded-full\">H\u00f6he: 865 mm<\/li>\n<li class=\"ml-3xs pl-[15px] relative before:absolute before:w-[8px] before:h-[8px] before:bg-dark before:top-[8px] before:left-0 before:rounded-full\">Tiefe: 550 mm<\/li>\n<li class=\"ml-3xs pl-[15px] relative before:absolute before:w-[8px] before:h-[8px] before:bg-dark before:top-[8px] before:left-0 before:rounded-full\">Gewicht: 41.1 kg<\/li>\n<\/ul>\n<p><\/span><\/div>\n<\/div>\n<\/li>\n<li class=\"mb-m\">\n<div class=\"flex flex-col m:flex-row gap-s m:gap-xl\">\n<div class=\"text-h3 min-w-[244px] max-w-[244px]\">Energieeffizienzklasse<\/div>\n<div class=\"flex flex-col gap-s\"><span class=\"\"><\/p>\n<ul class=\"flex flex-col gap-s\">\n<li class=\"ml-3xs pl-[15px] relative before:absolute before:w-[8px] before:h-[8px] before:bg-dark before:top-[8px] before:left-0 before:rounded-full\">A<\/li>\n<\/ul>\n<p><\/span><\/div>\n<\/div>\n<\/li>\n<li class=\"mb-m\">\n<div class=\"flex flex-col m:flex-row gap-s m:gap-xl\">\n<div class=\"text-h3 min-w-[244px] max-w-[244px]\">Ger\u00e4uschentwicklung<\/div>\n<div class=\"flex flex-col gap-s\"><span class=\"\"><\/p>\n<ul class=\"flex flex-col gap-s\">\n<li class=\"ml-3xs pl-[15px] relative before:absolute before:w-[8px] before:h-[8px] before:bg-dark before:top-[8px] before:left-0 before:rounded-full\">42 dB<\/li>\n<\/ul>\n<p><\/span><\/div>\n<\/div>\n<\/li>\n","protected":false},"excerpt":{"rendered":"<li class=\"bullet-list-item\">Energieeffizienzklasse: A<\/li>\n<li class=\"bullet-list-item\">Kapazit\u00e4t f\u00fcr 14 Ma\u00dfgedecke<\/li>\n<li class=\"bullet-list-item\">Bestecksystem: Besteckschublade<\/li>\n<li class=\"bullet-list-item\">Kompatibel mit Home Connect, AquaStop Auslaufschutz<\/li>\n<li class=\"bullet-list-item\">M\u00f6belfront separat erh\u00e4ltlich, Nischenma\u00df: B 60 cm x H 60 cm x T N\/A<\/li>\n<p> Herstellernummer SX95EX12CE<\/p>","protected":false},"featured_media":46521,"comment_status":"open","ping_status":"closed","template":"","meta":{"_monsterinsights_skip_tracking":false,"_monsterinsights_sitenote_active":false,"_monsterinsights_sitenote_note":"","_monsterinsights_sitenote_category":0,"_uf_show_specific_survey":0,"_uf_disable_surveys":false},"product_brand":[],"product_cat":[500],"product_tag":[],"models":[],"years":[],"class_list":{"0":"post-41435","1":"product","2":"type-product","3":"status-publish","4":"has-post-thumbnail","6":"product_cat-spulmaschinen","8":"first","9":"instock","10":"sale","11":"featured","12":"shipping-taxable","13":"purchasable","14":"product-type-simple"},"aioseo_notices":[],"acf":[],"_links":{"self":[{"href":"https:\/\/amannforg.com\/fr\/wp-json\/wp\/v2\/product\/41435","targetHints":{"allow":["GET"]}}],"collection":[{"href":"https:\/\/amannforg.com\/fr\/wp-json\/wp\/v2\/product"}],"about":[{"href":"https:\/\/amannforg.com\/fr\/wp-json\/wp\/v2\/types\/product"}],"replies":[{"embeddable":true,"href":"https:\/\/amannforg.com\/fr\/wp-json\/wp\/v2\/comments?post=41435"}],"version-history":[{"count":1,"href":"https:\/\/amannforg.com\/fr\/wp-json\/wp\/v2\/product\/41435\/revisions"}],"predecessor-version":[{"id":58011,"href":"https:\/\/amannforg.com\/fr\/wp-json\/wp\/v2\/product\/41435\/revisions\/58011"}],"wp:featuredmedia":[{"embeddable":true,"href":"https:\/\/amannforg.com\/fr\/wp-json\/wp\/v2\/media\/46521"}],"wp:attachment":[{"href":"https:\/\/amannforg.com\/fr\/wp-json\/wp\/v2\/media?parent=41435"}],"wp:term":[{"taxonomy":"product_brand","embeddable":true,"href":"https:\/\/amannforg.com\/fr\/wp-json\/wp\/v2\/product_brand?post=41435"},{"taxonomy":"product_cat","embeddable":true,"href":"https:\/\/amannforg.com\/fr\/wp-json\/wp\/v2\/product_cat?post=41435"},{"taxonomy":"product_tag","embeddable":true,"href":"https:\/\/amannforg.com\/fr\/wp-json\/wp\/v2\/product_tag?post=41435"},{"taxonomy":"models","embeddable":true,"href":"https:\/\/amannforg.com\/fr\/wp-json\/wp\/v2\/models?post=41435"},{"taxonomy":"years","embeddable":true,"href":"https:\/\/amannforg.com\/fr\/wp-json\/wp\/v2\/years?post=41435"}],"curies":[{"name":"wp","href":"https:\/\/api.w.org\/{rel}","templated":true}]}}