{"id":41441,"date":"2026-03-03T23:59:03","date_gmt":"2026-03-03T23:59:03","guid":{"rendered":"https:\/\/amannforg.com\/?post_type=product&#038;p=41441"},"modified":"2026-03-13T11:42:41","modified_gmt":"2026-03-13T11:42:41","slug":"bosch-sps2hmi42e-serie-2-geschirrspuler-45cm-standgerat-eek-e","status":"publish","type":"product","link":"https:\/\/amannforg.com\/fr\/produit\/bosch-sps2hmi42e-serie-2-geschirrspuler-45cm-standgerat-eek-e\/","title":{"rendered":"Bosch SPS2HMI42E Serie 2 Geschirrsp\u00fcler 45cm Standger\u00e4t EEK: E"},"content":{"rendered":"<p class=\"mb-l\">\n<div class=\"titlepage\">\n<h2 class=\"text-h3 mb-l\">Bosch SPS2HMI42E Serie 2 Freistehender Geschirrsp\u00fcler 45cm EEK E edelstahl<\/h2>\n<\/div>\n<p class=\"mb-l\">Vernetzter Geschirrsp\u00fcler der eine Ger\u00e4uschunterdr\u00fcckung, zu jeder Zeit \u00fcber die Home Connect App per Silence on Demand Funktion, m\u00f6glich macht.<\/p>\n<div class=\"itemizedlist\">\n<ul class=\"bullet-list\">\n<li class=\"bullet-list-item\">DuoPower\u2122: Beste Reinigung durch 2 Spr\u00fcharme im Oberkorb.<\/li>\n<li class=\"bullet-list-item\">Programm Download: \u00dcber die Home Connect App kannst du dir zus\u00e4tzliche Programme herunterladen, die du f\u00fcr deine t\u00e4gliche Anwendungen ben\u00f6tigst.<\/li>\n<li class=\"bullet-list-item\">Hygienelevel best\u00e4tigt f\u00fcr das Eco 50 \u00b0C Programm und ein noch h\u00f6heres Hygienelevel im Intensiv 70 \u00b0C und Maschinenpflegeprogramm.<\/li>\n<li class=\"bullet-list-item\">Slimline Vario Schublade: bietet Platz f\u00fcr gr\u00f6\u00dfere Kochutensilien oder kleinere Geschirrteile.<\/li>\n<li class=\"bullet-list-item\">Rackmatic: h\u00f6henverstellbarer Korb f\u00fcr alle gr\u00f6\u00dferen Sachen.<\/li>\n<\/ul>\n<\/div>\n<p class=\"mb-l\">\n<div class=\"titlepage\">\n<h2 class=\"text-h3 mb-l\">DuoPower\u2122<\/h2>\n<\/div>\n<p class=\"mb-l\">DuoPower\u2122: Beste Reinigung durch 2 Spr\u00fcharme im Oberkorb.<\/p>\n<p class=\"mb-l\">Feature IconBei den 45 cm schmalen Ger\u00e4ten sorgt zus\u00e4tzlich zum Spr\u00fcharm unten der einzigartige DuoPower\u2122 Spr\u00fcharm f\u00fcr optimale Reinigung des Geschirrs. Die zwei wellenf\u00f6rmigen Spr\u00fcharme im Oberkorb sorgen f\u00fcr gezielte Wasserverteilung in alle Ecken des Sp\u00fclinnenraums. Durch diese pr\u00e4zise Steuerung ist jeder Sp\u00fclgang besonders schonend zu Gl\u00e4sern und Geschirr.<\/p>\n<p class=\"mb-l\">\n<div class=\"titlepage\">\n<h2 class=\"text-h3 mb-l\">Programm Download<\/h2>\n<\/div>\n<p class=\"mb-l\">Lade Programme herunter, die perfekt in deinen Alltag passen.<\/p>\n<p class=\"mb-l\">Feature IconSp\u00fclmaschinenprogramme sind nicht immer optimal auf deine individuellen Bed\u00fcrfnisse abgestimmt? Bei Bosch Geschirrsp\u00fclern mit Programm Download k\u00f6nnen zus\u00e4tzliche Geschirrsp\u00fclprogramme \u00fcber die Home Connect App heruntergeladen werden. Der Programm Download sorgt f\u00fcr perfekte Sp\u00fclergebnisse, die genau auf deine Bed\u00fcrfnisse zugeschnitten sind.<\/p>\n<p class=\"mb-l\">\n<div class=\"titlepage\">\n<h2 class=\"text-h3 mb-l\">Gepr\u00fcfte Hygiene Qualit\u00e4t<\/h2>\n<\/div>\n<p class=\"mb-l\">Best\u00e4tigte Hygieneleistung.<\/p>\n<p class=\"mb-l\">Viren wie Corona und Influenza werden in Eco 50 \u00b0C wirksam inaktiviert. Getestet vom Institut  f\u00fcr integrative Hygiene und Virologie (Hygiene-Label Stufe 1). Bei Programmen mit h\u00f6herer Temperatur l\u00e4sst sich ein noch h\u00f6heres Hygienelevel erreichen, das gegen widerstandsf\u00e4higere Viren, einschlie\u00dflich beh\u00fcllter und unbeh\u00fcllter Viren, wirksam ist. Best\u00e4tigt f\u00fcr das Intensiv 70 \u00b0C und Maschinenpflegeprogramm (Hygiene-Label Stufe 3).<\/p>\n<p class=\"mb-l\">\n<div class=\"titlepage\">\n<h2 class=\"text-h3 mb-l\">Slimline Vario Schublade<\/h2>\n<\/div>\n<p class=\"mb-l\">Mehr Platz und flexible Beladung<\/p>\n<p class=\"mb-l\">Kleinere Geschirrteile oder gr\u00f6\u00dfere Geschirr- und Kochutensilien k\u00f6nnen zu Platzproblemen im Geschirrsp\u00fcler f\u00fchren. Geschirrteile verrutschen, werden schlecht gereinigt oder stehen nicht fest genug in der Schublade. Die Vario Schublade bietet nicht nur f\u00fcr jedes Messer, jede Gabel und jeden L\u00f6ffel einen eigenen Platz, auch Kellen, Schneebesen, T\u00e4sschen, Fr\u00fchst\u00fccksdosen und Sch\u00fcsseln lassen sich dank der klappbaren, signalroten Stifte problemlos unterbringen. Das schafft mehr Platz und \u00dcbersichtlichkeit auch in den anderen Beladungsebenen.<\/p>\n<p class=\"mb-l\">\n<div class=\"titlepage\">\n<h2 class=\"text-h3 mb-l\">Rackmatic<\/h2>\n<\/div>\n<p class=\"mb-l\">Extraplatz im Sp\u00fcler f\u00fcr gro\u00dfe Utensilien.<\/p>\n<p class=\"mb-l\">Manchmal braucht man im Geschirrsp\u00fcler ein bisschen mehr Platz oben, zum Beispiel f\u00fcr Stielgl\u00e4ser oder gro\u00dfes Geschirr. Hier kommt Rackmatic ins Spiel: Denn jetzt kannst du den Oberkorb ganz einfach auf drei verschiedene H\u00f6hen verstellen und hast genug Stauraum f\u00fcr alle gr\u00f6\u00dferen oder sperrigen Utensilien.<\/p>\n<p class=\"mb-l\">\n<div class=\"titlepage\">\n<h2 class=\"text-h3 mb-l\">AquaStop<\/h2>\n<\/div>\n<p class=\"mb-l\">Der AquaStop garantiert den Schutz vor Wassersch\u00e4den.<\/p>\n<p class=\"mb-l\">Feature IconDer Auslaufschutz geh\u00f6rt zu den wichtigsten Funktionen von Geschirrsp\u00fclern. Unser AquaStop-System bietet dir einen ausfallsicheren Auslaufschutz. Wenn der Sensor ein Leck entdeckt, stoppt der Geschirrsp\u00fcler automatisch und pumpt das Wasser \u00fcber einen doppelwandigen Schlauch ab. Mit AquaStop bist du vor Wassersch\u00e4den gesch\u00fctzt \u2013 und zwar \u00fcber die gesamte Lebensdauer deines Ger\u00e4ts.<\/p>\n<p class=\"mb-l\">\n<div class=\"titlepage\">\n<h2 class=\"text-h3 mb-l\">Silence on demand<\/h2>\n<\/div>\n<p class=\"mb-l\">Extra leise, wann immer du es ben\u00f6tigst.<\/p>\n<p class=\"mb-l\">Manchmal brauchst du es zu Hause besonders ruhig, um dich auf deine t\u00e4glichen Aufgaben zu konzentrieren. Die Silence on demand-Funktion kann per Home Connect App aktiviert werden und bringt deinen Geschirrsp\u00fcler bei Bedarf zum Schweigen. Durch eine aktive Pause reduziert sie den L\u00e4rm f\u00fcr bis zu 30 Minuten auf ein Minimum, w\u00e4hrend der Geschirrsp\u00fcler weiterl\u00e4uft. Mit der Silence on demand-Funktion kannst du dich auf das Wesentliche konzentrieren.<\/p>\n<p class=\"mb-l\">\n<div class=\"titlepage\">\n<h2 class=\"text-h3 mb-l\">Ferndiagnose<\/h2>\n<\/div>\n<p class=\"mb-l\">Ferndiagnose bei Fehlermeldung.<\/p>\n<p class=\"mb-l\">Eines deiner Haushaltsger\u00e4te funktioniert nicht so, wie es sollte? Dann hilft dir die Bosch Ferndiagnose. Kontaktiere telefonisch den Bosch Kundendienst, der mit deinem Einverst\u00e4ndnis die Fehlermeldung deines Ger\u00e4tes per Ferndiagnose lokalisiert und dir eine genaue Anweisung gibt, wie du die Fehlermeldung beheben kannst. L\u00e4sst sich das Problem per Ferndiagnose nicht l\u00f6sen, kann ein Bosch Servicetechniker benachrichtigt werden, der m\u00f6gliche Ersatzteile direkt vor Ort austauscht. Intelligenter Support, intelligente L\u00f6sungen.<\/p>\n<p class=\"mb-l\">\n<div class=\"titlepage\">\n<h2 class=\"text-h3 mb-l\">Extra Trocknen<\/h2>\n<\/div>\n<p class=\"mb-l\">Feature IconF\u00fcr extra-gr\u00fcndliche Trocknungsergebnisse aktiviere die Zusatzoption \u201eExtra Trocknen\u201c. Auf Knopfdruck wird so die Temperatur w\u00e4hrend des Klarsp\u00fclgangs erh\u00f6ht und die Trocknungsphase verl\u00e4ngert. So bekommst du dein Geschirr, auch bei unterschiedlicher Beladung, perfekt trocken aus dem Geschirrsp\u00fcler.<\/p>\n<p class=\"mb-l\">\n<div class=\"titlepage\">\n<h2 class=\"text-h3 mb-l\">Favoritenprogramm<\/h2>\n<\/div>\n<p class=\"mb-l\">Dein Lieblingsprogramm mit nur einem Knopfdruck<\/p>\n<p class=\"mb-l\">Hole das Beste aus deinem Geschirrsp\u00fcler heraus und erleichtere deinen Alltag. Mit der Favoritenfunktion kannst du ganz einfach deine am h\u00e4ufigsten genutzte Programmkonfiguration einrichten. Diese Konfiguration kann \u00fcber die Home Connect App oder direkt auf dem Display deines Geschirrsp\u00fclers gestartet werden. Kombiniere zum Beispiel die Option Extra Dry mit dem Eco 50\u00b0 Programm und starte den Geschirrsp\u00fcler mit nur einem Klick.<\/p>\n<p class=\"mb-l\">\n<div class=\"titlepage\">\n<h2 class=\"text-h3 mb-l\">Programmassistent<\/h2>\n<\/div>\n<p class=\"mb-l\">Intelligente Programmauswahl<\/p>\n<p class=\"mb-l\">Woher wei\u00df man, welches Programm f\u00fcr die jeweilige Beladung das richtige ist? Der Programmassistent unterst\u00fctzt dich dabei. Daf\u00fcr musst du in der Home Connect App nur ein paar Angaben zur Geschirrart, dem Verschmutzungsgrad und deinen pers\u00f6nlichen Vorlieben wie Energieeffizienz, Trocknung, Geschwindigkeit und Lautst\u00e4rke machen und das System empfiehlt dir das richtige Programm. Dann einfach auf Start dr\u00fccken und sich auf perfekt sauberes Geschirr mit minimalem Aufwand freuen!<\/p>\n<p class=\"mb-l\">\n<div class=\"titlepage\">\n<h2 class=\"text-h3 mb-l\">VoiceControl<\/h2>\n<\/div>\n<p class=\"mb-l\">Dein Geschirrsp\u00fcler h\u00f6rt auf Dich.<\/p>\n<p class=\"mb-l\">Feature IconDank der Partnerschaft mit Amazon Alexa kann dein Geschirrsp\u00fcler auch per Stimme gesteuert werden. Finde heraus, ob die entsprechende &#8220;Home Connect&#8221;-Funktion innerhalb der Alexa-App f\u00fcr dein Land und deine Sprache verf\u00fcgbar ist. Aktiviere die entsprechende Funktion, um die Verbindung zwischen Amazon Alexa und deinem Hausger\u00e4t herzustellen.<\/p>\n<p class=\"mb-l\">\n<div class=\"titlepage\">\n<h2 class=\"text-h3 mb-l\">Push-Nachrichten<\/h2>\n<\/div>\n<p class=\"mb-l\">Die Sp\u00fclmaschine, die Dich auf dem Laufenden h\u00e4lt.<\/p>\n<p class=\"mb-l\">Darauf zu warten, dass die Sp\u00fclmaschine endlich fertig ist, kostet Zeit und Nerven. Besonders, wenn du einen vollen Terminkalender hast. Mit Home Connect kannst du deine Zeit jetzt immer optimal gestalten. Auf Wunsch lassen sich entsprechende Benachrichtigungen von deiner Sp\u00fclmaschine bequem an dein Smartphone oder Tablet senden. So wei\u00dft du immer ganz genau, wie weit deine Sp\u00fclmaschine ist und erh\u00e4ltst weitere n\u00fctzliche Informationen. Multitasking einfach gemacht \u2013 ob zuhause oder von unterwegs.<\/p>\n<p class=\"mb-l\">\n<div class=\"titlepage\">\n<h2 class=\"text-h3 mb-l\">Active Water Hydrauliksystem<\/h2>\n<\/div>\n<p class=\"mb-l\">Active Water Technologie: Weniger Wasser, weniger Energie, mehr Leistung.<\/p>\n<p class=\"mb-l\">Feature IconDie innovative Active Water Technologie von Bosch maximiert die Effizienz und sorgt f\u00fcr umweltschonenderes Sp\u00fclen bei hervorragenden Sp\u00fclergebnissen. Erm\u00f6glicht wird der geringe Verbrauch von Wasser und Energie durch gezielte Wasserverteilung, optimierte Filtertechnik, schnelleres Erhitzen und einer h\u00f6heren Pumpenleistung f\u00fcr mehr Wasserumw\u00e4lzung.<\/p>\n<p class=\"mb-l\">\n<div class=\"titlepage\">\n<h2 class=\"text-h3 mb-l\">EcoSilence Drive<\/h2>\n<\/div>\n<p class=\"mb-l\">Geschirrsp\u00fclen, wie du es noch nie zuvor geh\u00f6rt hast.<\/p>\n<p class=\"mb-l\">Feature IconDas Haus sauber zu halten, kann schwierig sein. Es ruhig zu halten, erscheint bisweilen unm\u00f6glich. Unsere Geschirrsp\u00fcler mit EcoSilence Drive kombinieren hervorragende Reinigungsergebnisse mit geringer Ger\u00e4uschentwicklung. Ausgestattet mit einem b\u00fcrstenlosen, energiesparenden Motor, der Reibungsger\u00e4usche auf ein Minimum reduziert, sorgt EcoSilence Drive f\u00fcr einen wesentlich leiseren Betrieb des Geschirrsp\u00fclers. So kannst du ein ebenso leises wie sauberes Zuhause genie\u00dfen.<\/p>\n<p class=\"mb-l\">\n<div class=\"titlepage\">\n<h2 class=\"text-h3 mb-l\">DosierAssistent<\/h2>\n<\/div>\n<p class=\"mb-l\">Optimale Sp\u00fclergebnisse mit DosierAssistent.<\/p>\n<p class=\"mb-l\">Der DosierAssistent steht f\u00fcr optimale Reinigungsergebnisse und einen leiseren Sp\u00fclprozess. Das eingesetzte Reinigungsmittel f\u00e4llt aus der Reinigerkammer in eine spezielle Auffangschale am Oberkorb und wird dort vollst\u00e4ndig aufgel\u00f6st.<\/p>\n<p class=\"mb-l\">\n<div class=\"titlepage\">\n<h2 class=\"text-h3 mb-l\">Automatikprogramme<\/h2>\n<\/div>\n<p class=\"mb-l\">Automatikprogramme sorgen automatisch f\u00fcr beste Sp\u00fclergebnisse.<\/p>\n<p class=\"mb-l\">Feature IconWasserverbrauch, Wassertemperatur und Sp\u00fclzeit werden exakt dem Verschmutzungsgrad des Geschirrs angepasst. Das bringt dir h\u00f6chste Sp\u00fclleistung bei Einsparung von Wasser und Energie.<\/p>\n<li class=\"mb-m\">\n<div class=\"flex flex-col m:flex-row gap-s m:gap-xl\">\n<div class=\"text-h3 min-w-[244px] max-w-[244px]\">Sp\u00fclen<\/div>\n<div class=\"flex flex-col gap-s\"><span class=\"\"><\/p>\n<ul class=\"flex flex-col gap-s\">\n<li class=\"ml-3xs pl-[15px] relative before:absolute before:w-[8px] before:h-[8px] before:bg-dark before:top-[8px] before:left-0 before:rounded-full\">Bestecksystem: Besteckschublade<\/li>\n<li class=\"ml-3xs pl-[15px] relative before:absolute before:w-[8px] before:h-[8px] before:bg-dark before:top-[8px] before:left-0 before:rounded-full\">Kapazit\u00e4t in Ma\u00dfgedecken: 10<\/li>\n<\/ul>\n<p><\/span><\/div>\n<\/div>\n<\/li>\n<li class=\"mb-m\">\n<div class=\"flex flex-col m:flex-row gap-s m:gap-xl\">\n<div class=\"text-h3 min-w-[244px] max-w-[244px]\">Haushalt<\/div>\n<div class=\"flex flex-col gap-s\"><span class=\"\"><\/p>\n<ul class=\"flex flex-col gap-s\">\n<li class=\"ml-3xs pl-[15px] relative before:absolute before:w-[8px] before:h-[8px] before:bg-dark before:top-[8px] before:left-0 before:rounded-full\">Auslaufschutz: AquaStop<\/li>\n<li class=\"ml-3xs pl-[15px] relative before:absolute before:w-[8px] before:h-[8px] before:bg-dark before:top-[8px] before:left-0 before:rounded-full\">Startzeitvorwahl in h: 24 h<\/li>\n<li class=\"ml-3xs pl-[15px] relative before:absolute before:w-[8px] before:h-[8px] before:bg-dark before:top-[8px] before:left-0 before:rounded-full\">Bauart: Standger\u00e4t<\/li>\n<\/ul>\n<p><\/span><\/div>\n<\/div>\n<\/li>\n<li class=\"mb-m\">\n<div class=\"flex flex-col m:flex-row gap-s m:gap-xl\">\n<div class=\"text-h3 min-w-[244px] max-w-[244px]\">Kompatibilit\u00e4t<\/div>\n<div class=\"flex flex-col gap-s\"><span class=\"\"><\/p>\n<ul class=\"flex flex-col gap-s\">\n<li class=\"ml-3xs pl-[15px] relative before:absolute before:w-[8px] before:h-[8px] before:bg-dark before:top-[8px] before:left-0 before:rounded-full\">Home Connect<\/li>\n<li class=\"ml-3xs pl-[15px] relative before:absolute before:w-[8px] before:h-[8px] before:bg-dark before:top-[8px] before:left-0 before:rounded-full\">Amazon Alexa<\/li>\n<\/ul>\n<p><\/span><\/div>\n<\/div>\n<\/li>\n<li class=\"mb-m\">\n<div class=\"flex flex-col m:flex-row gap-s m:gap-xl\">\n<div class=\"text-h3 min-w-[244px] max-w-[244px]\">Abmessungen \/ Gewicht<\/div>\n<div class=\"flex flex-col gap-s\"><span class=\"\"><\/p>\n<ul class=\"flex flex-col gap-s\">\n<li class=\"ml-3xs pl-[15px] relative before:absolute before:w-[8px] before:h-[8px] before:bg-dark before:top-[8px] before:left-0 before:rounded-full\">Breite: 450 mm<\/li>\n<li class=\"ml-3xs pl-[15px] relative before:absolute before:w-[8px] before:h-[8px] before:bg-dark before:top-[8px] before:left-0 before:rounded-full\">H\u00f6he: 845 mm<\/li>\n<li class=\"ml-3xs pl-[15px] relative before:absolute before:w-[8px] before:h-[8px] before:bg-dark before:top-[8px] before:left-0 before:rounded-full\">Tiefe: 600 mm<\/li>\n<li class=\"ml-3xs pl-[15px] relative before:absolute before:w-[8px] before:h-[8px] before:bg-dark before:top-[8px] before:left-0 before:rounded-full\">Gewicht: 39.1 kg<\/li>\n<\/ul>\n<p><\/span><\/div>\n<\/div>\n<\/li>\n<li class=\"mb-m\">\n<div class=\"flex flex-col m:flex-row gap-s m:gap-xl\">\n<div class=\"text-h3 min-w-[244px] max-w-[244px]\">Energieeffizienzklasse<\/div>\n<div class=\"flex flex-col gap-s\"><span class=\"\"><\/p>\n<ul class=\"flex flex-col gap-s\">\n<li class=\"ml-3xs pl-[15px] relative before:absolute before:w-[8px] before:h-[8px] before:bg-dark before:top-[8px] before:left-0 before:rounded-full\">E<\/li>\n<\/ul>\n<p><\/span><\/div>\n<\/div>\n<\/li>\n","protected":false},"excerpt":{"rendered":"<li class=\"bullet-list-item\">Energieeffizienzklasse: E<\/li>\n<li class=\"bullet-list-item\">Kapazit\u00e4t f\u00fcr 10 Ma\u00dfgedecke<\/li>\n<li class=\"bullet-list-item\">Bestecksystem: Besteckschublade<\/li>\n<li class=\"bullet-list-item\">Kompatibel mit Home ConnectAmazon Alexa, AquaStop Auslaufschutz<\/li>\n<li class=\"bullet-list-item\">Freistehend, Ma\u00dfe: B 45 cm x H 84.5 cm x T 60 cm<\/li>\n<p> Herstellernummer SPS2HMI42E<\/p>","protected":false},"featured_media":46527,"comment_status":"open","ping_status":"closed","template":"","meta":{"_monsterinsights_skip_tracking":false,"_monsterinsights_sitenote_active":false,"_monsterinsights_sitenote_note":"","_monsterinsights_sitenote_category":0,"_uf_show_specific_survey":0,"_uf_disable_surveys":false},"product_brand":[],"product_cat":[500],"product_tag":[],"models":[],"years":[],"class_list":{"0":"post-41441","1":"product","2":"type-product","3":"status-publish","4":"has-post-thumbnail","6":"product_cat-spulmaschinen","8":"first","9":"instock","10":"sale","11":"featured","12":"shipping-taxable","13":"purchasable","14":"product-type-simple"},"aioseo_notices":[],"acf":[],"_links":{"self":[{"href":"https:\/\/amannforg.com\/fr\/wp-json\/wp\/v2\/product\/41441","targetHints":{"allow":["GET"]}}],"collection":[{"href":"https:\/\/amannforg.com\/fr\/wp-json\/wp\/v2\/product"}],"about":[{"href":"https:\/\/amannforg.com\/fr\/wp-json\/wp\/v2\/types\/product"}],"replies":[{"embeddable":true,"href":"https:\/\/amannforg.com\/fr\/wp-json\/wp\/v2\/comments?post=41441"}],"version-history":[{"count":1,"href":"https:\/\/amannforg.com\/fr\/wp-json\/wp\/v2\/product\/41441\/revisions"}],"predecessor-version":[{"id":58012,"href":"https:\/\/amannforg.com\/fr\/wp-json\/wp\/v2\/product\/41441\/revisions\/58012"}],"wp:featuredmedia":[{"embeddable":true,"href":"https:\/\/amannforg.com\/fr\/wp-json\/wp\/v2\/media\/46527"}],"wp:attachment":[{"href":"https:\/\/amannforg.com\/fr\/wp-json\/wp\/v2\/media?parent=41441"}],"wp:term":[{"taxonomy":"product_brand","embeddable":true,"href":"https:\/\/amannforg.com\/fr\/wp-json\/wp\/v2\/product_brand?post=41441"},{"taxonomy":"product_cat","embeddable":true,"href":"https:\/\/amannforg.com\/fr\/wp-json\/wp\/v2\/product_cat?post=41441"},{"taxonomy":"product_tag","embeddable":true,"href":"https:\/\/amannforg.com\/fr\/wp-json\/wp\/v2\/product_tag?post=41441"},{"taxonomy":"models","embeddable":true,"href":"https:\/\/amannforg.com\/fr\/wp-json\/wp\/v2\/models?post=41441"},{"taxonomy":"years","embeddable":true,"href":"https:\/\/amannforg.com\/fr\/wp-json\/wp\/v2\/years?post=41441"}],"curies":[{"name":"wp","href":"https:\/\/api.w.org\/{rel}","templated":true}]}}