{"id":41459,"date":"2026-03-03T23:59:15","date_gmt":"2026-03-03T23:59:15","guid":{"rendered":"https:\/\/amannforg.com\/?post_type=product&#038;p=41459"},"modified":"2026-03-07T16:29:58","modified_gmt":"2026-03-07T16:29:58","slug":"bosch-smi6zcs16e-serie-6-geschirrspuler-60cm-teilintegrierbar-eekb","status":"publish","type":"product","link":"https:\/\/amannforg.com\/fr\/produit\/bosch-smi6zcs16e-serie-6-geschirrspuler-60cm-teilintegrierbar-eekb\/","title":{"rendered":"Bosch SMI6ZCS16E Serie 6 Geschirrsp\u00fcler 60cm teilintegrierbar EEK:B"},"content":{"rendered":"<div class=\"titlepage\">\n<h2 class=\"text-h3 mb-l\">Perfekte Trocknung, niedriger Stromverbrauch.<\/h2>\n<\/div>\n<p class=\"mb-l\">Wer kennt das nicht: Geschirrteile, vor allem aus Kunststoff, die aus dem Geschirrsp\u00fcler kommen, sind noch feucht. Unsere PerfectDry Geschirrsp\u00fcler sorgen mit Zeolith Technologie f\u00fcr perfekte Trocknungsergebnisse. Das nat\u00fcrliche Mineral Zeolith nimmt w\u00e4hrend der Trocknungsphase Feuchtigkeit auf und wandelt sie in hei\u00dfe Luft um. Dadurch wird der Trocknungsprozess beschleunigt und weniger Energie verbraucht. Das Ergebnis: trockenes Geschirr, das direkt in den Schrank ger\u00e4umt werden kann. Ohne Nachtrocknen. Und das bei einem geringeren Energieverbrauch.<\/p>\n<div class=\"titlepage\">\n<h2 class=\"text-h3 mb-l\">Qualit\u00e4t und Flexibilit\u00e4t in jedem Detail<\/h2>\n<\/div>\n<p class=\"mb-l\">Die richtige Beladung deines Geschirrsp\u00fclers kann eine Herausforderung sein. Nicht so mit den Max Flex K\u00f6rben. Mit einem stabilen Unterkorb und klappbaren Stachelreihen, die auch das Abstellen gro\u00dfer Geschirrteile erm\u00f6glichen, erleichtern sie deinen Alltag. Au\u00dferdem stellen neu gestaltete Glashalterungen und Antirutschleisten aus Silikon im Oberkorb sicher, dass deine Gl\u00e4ser stabil verstaut sind. F\u00fcr noch mehr Beladungsoptionen stehen eine Besteckschublade oder der dritte Korb zur Verf\u00fcgung. Die Max Flex K\u00f6rbe garantieren volle Flexibilit\u00e4t und eine stabile Beladung deines Geschirrsp\u00fclers.<\/p>\n<div class=\"titlepage\">\n<h2 class=\"text-h3 mb-l\">Lade Programme herunter, die perfekt in deinen Alltag passen.\ufeff<\/h2>\n<\/div>\n<p class=\"mb-l\">Sp\u00fclmaschinenprogramme sind nicht immer optimal auf deine individuellen Bed\u00fcrfnisse abgestimmt? Bei Bosch Geschirrsp\u00fclern mit Programm Download k\u00f6nnen zus\u00e4tzliche Geschirrsp\u00fclprogramme \u00fcber die Home Connect App heruntergeladen werden. Der Programm Download sorgt f\u00fcr perfekte Sp\u00fclergebnisse, die genau auf deine Bed\u00fcrfnisse zugeschnitten sind.<\/p>\n<div class=\"titlepage\">\n<h2 class=\"text-h3 mb-l\">Best\u00e4tigte Hygieneleistung.<\/h2>\n<\/div>\n<p class=\"mb-l\">Viren wie Corona und Influenza werden in Eco 50 \u00b0C wirksam inaktiviert. Getestet vom Institut f\u00fcr integrative Hygiene und Virologie (Hygiene-Label Stufe 1). Bei Programmen mit h\u00f6herer Temperatur l\u00e4sst sich ein noch h\u00f6heres Hygienelevel erreichen, das gegen widerstandsf\u00e4higere Viren, einschlie\u00dflich beh\u00fcllter und unbeh\u00fcllter Viren, wirksam ist. Best\u00e4tigt f\u00fcr das Intensiv 70 \u00b0C und Maschinenpflegeprogramm (Hygiene-Label Stufe 3).<\/p>\n<div class=\"titlepage\">\n<h2 class=\"text-h3 mb-l\">VarioSchublade &#8211; Flexibilit\u00e4t in der dritten Beladungsebene.<\/h2>\n<\/div>\n<p class=\"mb-l\">Die VarioSchublade bietet mit extra Aussparungen Platz f\u00fcr gr\u00f6\u00dfere Besteckutensilien oder kleinere Geschirrteile, wie z.B. Espressotassen. So bist du beim Beladen deines Geschirrsp\u00fclers flexibel und hast mehr Platz im Sp\u00fclraum.<\/p>\n<div class=\"titlepage\">\n<h2 class=\"text-h3 mb-l\">Starke Reinigung bei starken Verschmutzungen.<\/h2>\n<\/div>\n<p class=\"mb-l\">Eingetrocknete M\u00fcsli-Reste? Die brauchen Sie jetzt nicht mehr m\u00fchsam abzukratzen: In der Extra Clean Zone wird alles, was Sie oben in den Korb legen, durch und durch sauber. Drei rotierende Wasserd\u00fcsen weichen den Schmutz auf. Und zwar ganz ohne zus\u00e4tzlichen Reiniger oder h\u00f6here Temperaturen. Dr\u00fccken Sie einfach die entsprechende Taste und \u00fcberlassen Sie Ihrem Geschirrsp\u00fcler die harte Arbeit.<\/p>\n<li class=\"mb-m\">\n<div class=\"flex flex-col m:flex-row gap-s m:gap-xl\">\n<div class=\"text-h3 min-w-[244px] max-w-[244px]\">Sp\u00fclen<\/div>\n<div class=\"flex flex-col gap-s\"><span class=\"\"><\/p>\n<ul class=\"flex flex-col gap-s\">\n<li class=\"ml-3xs pl-[15px] relative before:absolute before:w-[8px] before:h-[8px] before:bg-dark before:top-[8px] before:left-0 before:rounded-full\">Bestecksystem: Besteckschublade<\/li>\n<li class=\"ml-3xs pl-[15px] relative before:absolute before:w-[8px] before:h-[8px] before:bg-dark before:top-[8px] before:left-0 before:rounded-full\">Kapazit\u00e4t in Ma\u00dfgedecken: 14<\/li>\n<\/ul>\n<p><\/span><\/div>\n<\/div>\n<\/li>\n<li class=\"mb-m\">\n<div class=\"flex flex-col m:flex-row gap-s m:gap-xl\">\n<div class=\"text-h3 min-w-[244px] max-w-[244px]\">Haushalt<\/div>\n<div class=\"flex flex-col gap-s\"><span class=\"\"><\/p>\n<ul class=\"flex flex-col gap-s\">\n<li class=\"ml-3xs pl-[15px] relative before:absolute before:w-[8px] before:h-[8px] before:bg-dark before:top-[8px] before:left-0 before:rounded-full\">Auslaufschutz: AquaStop<\/li>\n<li class=\"ml-3xs pl-[15px] relative before:absolute before:w-[8px] before:h-[8px] before:bg-dark before:top-[8px] before:left-0 before:rounded-full\">Bauart: Teilintegrierbar<\/li>\n<\/ul>\n<p><\/span><\/div>\n<\/div>\n<\/li>\n<li class=\"mb-m\">\n<div class=\"flex flex-col m:flex-row gap-s m:gap-xl\">\n<div class=\"text-h3 min-w-[244px] max-w-[244px]\">Kompatibilit\u00e4t<\/div>\n<div class=\"flex flex-col gap-s\"><span class=\"\"><\/p>\n<ul class=\"flex flex-col gap-s\">\n<li class=\"ml-3xs pl-[15px] relative before:absolute before:w-[8px] before:h-[8px] before:bg-dark before:top-[8px] before:left-0 before:rounded-full\">Home Connect<\/li>\n<\/ul>\n<p><\/span><\/div>\n<\/div>\n<\/li>\n<li class=\"mb-m\">\n<div class=\"flex flex-col m:flex-row gap-s m:gap-xl\">\n<div class=\"text-h3 min-w-[244px] max-w-[244px]\">Sonderma\u00dfe<\/div>\n<div class=\"flex flex-col gap-s\"><span class=\"\"><\/p>\n<ul class=\"flex flex-col gap-s\">\n<li class=\"ml-3xs pl-[15px] relative before:absolute before:w-[8px] before:h-[8px] before:bg-dark before:top-[8px] before:left-0 before:rounded-full\">Nischen-Breite: 600 mm<\/li>\n<li class=\"ml-3xs pl-[15px] relative before:absolute before:w-[8px] before:h-[8px] before:bg-dark before:top-[8px] before:left-0 before:rounded-full\">Nischen-H\u00f6he: 815 mm<\/li>\n<li class=\"ml-3xs pl-[15px] relative before:absolute before:w-[8px] before:h-[8px] before:bg-dark before:top-[8px] before:left-0 before:rounded-full\">Nischen-Tiefe: 550 mm<\/li>\n<\/ul>\n<p><\/span><\/div>\n<\/div>\n<\/li>\n<li class=\"mb-m\">\n<div class=\"flex flex-col m:flex-row gap-s m:gap-xl\">\n<div class=\"text-h3 min-w-[244px] max-w-[244px]\">Abmessungen \/ Gewicht<\/div>\n<div class=\"flex flex-col gap-s\"><span class=\"\"><\/p>\n<ul class=\"flex flex-col gap-s\">\n<li class=\"ml-3xs pl-[15px] relative before:absolute before:w-[8px] before:h-[8px] before:bg-dark before:top-[8px] before:left-0 before:rounded-full\">Breite: 598 mm<\/li>\n<li class=\"ml-3xs pl-[15px] relative before:absolute before:w-[8px] before:h-[8px] before:bg-dark before:top-[8px] before:left-0 before:rounded-full\">H\u00f6he: 815 mm<\/li>\n<li class=\"ml-3xs pl-[15px] relative before:absolute before:w-[8px] before:h-[8px] before:bg-dark before:top-[8px] before:left-0 before:rounded-full\">Tiefe: 573 mm<\/li>\n<li class=\"ml-3xs pl-[15px] relative before:absolute before:w-[8px] before:h-[8px] before:bg-dark before:top-[8px] before:left-0 before:rounded-full\">Gewicht: 47.1 kg<\/li>\n<\/ul>\n<p><\/span><\/div>\n<\/div>\n<\/li>\n<li class=\"mb-m\">\n<div class=\"flex flex-col m:flex-row gap-s m:gap-xl\">\n<div class=\"text-h3 min-w-[244px] max-w-[244px]\">Energieeffizienzklasse<\/div>\n<div class=\"flex flex-col gap-s\"><span class=\"\"><\/p>\n<ul class=\"flex flex-col gap-s\">\n<li class=\"ml-3xs pl-[15px] relative before:absolute before:w-[8px] before:h-[8px] before:bg-dark before:top-[8px] before:left-0 before:rounded-full\">B<\/li>\n<\/ul>\n<p><\/span><\/div>\n<\/div>\n<\/li>\n","protected":false},"excerpt":{"rendered":"<li class=\"bullet-list-item\">Energieeffizienzklasse: B<\/li>\n<li class=\"bullet-list-item\">Kapazit\u00e4t f\u00fcr 14 Ma\u00dfgedecke<\/li>\n<li class=\"bullet-list-item\">Bestecksystem: Besteckschublade<\/li>\n<li class=\"bullet-list-item\">Kompatibel mit Home Connect, AquaStop Auslaufschutz<\/li>\n<li class=\"bullet-list-item\">M\u00f6belfront separat erh\u00e4ltlich, Nischenma\u00df: B 60 cm x H 60 cm x T N\/A<\/li>\n<p> Herstellernummer SMI6ZCS16E<\/p>","protected":false},"featured_media":46545,"comment_status":"open","ping_status":"closed","template":"","meta":{"_monsterinsights_skip_tracking":false,"_monsterinsights_sitenote_active":false,"_monsterinsights_sitenote_note":"","_monsterinsights_sitenote_category":0,"_uf_show_specific_survey":0,"_uf_disable_surveys":false},"product_brand":[],"product_cat":[500],"product_tag":[],"models":[],"years":[],"class_list":{"0":"post-41459","1":"product","2":"type-product","3":"status-publish","4":"has-post-thumbnail","6":"product_cat-spulmaschinen","8":"first","9":"instock","10":"sale","11":"shipping-taxable","12":"purchasable","13":"product-type-simple"},"aioseo_notices":[],"acf":[],"_links":{"self":[{"href":"https:\/\/amannforg.com\/fr\/wp-json\/wp\/v2\/product\/41459","targetHints":{"allow":["GET"]}}],"collection":[{"href":"https:\/\/amannforg.com\/fr\/wp-json\/wp\/v2\/product"}],"about":[{"href":"https:\/\/amannforg.com\/fr\/wp-json\/wp\/v2\/types\/product"}],"replies":[{"embeddable":true,"href":"https:\/\/amannforg.com\/fr\/wp-json\/wp\/v2\/comments?post=41459"}],"version-history":[{"count":1,"href":"https:\/\/amannforg.com\/fr\/wp-json\/wp\/v2\/product\/41459\/revisions"}],"predecessor-version":[{"id":58015,"href":"https:\/\/amannforg.com\/fr\/wp-json\/wp\/v2\/product\/41459\/revisions\/58015"}],"wp:featuredmedia":[{"embeddable":true,"href":"https:\/\/amannforg.com\/fr\/wp-json\/wp\/v2\/media\/46545"}],"wp:attachment":[{"href":"https:\/\/amannforg.com\/fr\/wp-json\/wp\/v2\/media?parent=41459"}],"wp:term":[{"taxonomy":"product_brand","embeddable":true,"href":"https:\/\/amannforg.com\/fr\/wp-json\/wp\/v2\/product_brand?post=41459"},{"taxonomy":"product_cat","embeddable":true,"href":"https:\/\/amannforg.com\/fr\/wp-json\/wp\/v2\/product_cat?post=41459"},{"taxonomy":"product_tag","embeddable":true,"href":"https:\/\/amannforg.com\/fr\/wp-json\/wp\/v2\/product_tag?post=41459"},{"taxonomy":"models","embeddable":true,"href":"https:\/\/amannforg.com\/fr\/wp-json\/wp\/v2\/models?post=41459"},{"taxonomy":"years","embeddable":true,"href":"https:\/\/amannforg.com\/fr\/wp-json\/wp\/v2\/years?post=41459"}],"curies":[{"name":"wp","href":"https:\/\/api.w.org\/{rel}","templated":true}]}}