{"id":41472,"date":"2026-03-03T23:59:25","date_gmt":"2026-03-03T23:59:25","guid":{"rendered":"https:\/\/amannforg.com\/?post_type=product&#038;p=41472"},"modified":"2026-03-13T11:42:36","modified_gmt":"2026-03-13T11:42:36","slug":"bosch-smd6ecx12e-serie-6-geschirrspuler-60cm-vollintegrierbar-eeka","status":"publish","type":"product","link":"https:\/\/amannforg.com\/fr\/produit\/bosch-smd6ecx12e-serie-6-geschirrspuler-60cm-vollintegrierbar-eeka\/","title":{"rendered":"Bosch SMD6ECX12E Serie 6 Geschirrsp\u00fcler 60cm vollintegrierbar EEK:A"},"content":{"rendered":"<p class=\"mb-l\">\n<div class=\"titlepage\">\n<h2 class=\"text-h3 mb-l\">Bosch SMD6ECX12E Serie 6 Vollintegrierter Geschirrsp\u00fcler EEK A 60cm<\/h2>\n<\/div>\n<p class=\"mb-l\">Geschirrsp\u00fcler mit Energieeffizenzklasse A, der dank unserer intelligenten Energiesparl\u00f6sungen keine Kompromisse eingeht und perfekte Ergebnisse erzielt.<\/p>\n<div class=\"itemizedlist\">\n<ul class=\"bullet-list\">\n<li class=\"bullet-list-item\">Max Flex K\u00f6rbe: flexible und komfortable Beladung deines Geschirrsp\u00fclers, mit leicht laufenden Rollen.<\/li>\n<li class=\"bullet-list-item\">Time Light: Programmstatus und Restlaufzeit klar angezeigt als hochaufl\u00f6sende Symbole am Boden.<\/li>\n<li class=\"bullet-list-item\">Programm Download: \u00dcber die Home Connect App kannst du dir zus\u00e4tzliche Programme herunterladen, die du f\u00fcr deine t\u00e4gliche Anwendungen ben\u00f6tigst.<\/li>\n<li class=\"bullet-list-item\">Hygienelevel best\u00e4tigt f\u00fcr das Eco 50 \u00b0C Programm und ein noch h\u00f6heres Hygienelevel im Intensiv 70 \u00b0C und Maschinenpflegeprogramm.<\/li>\n<li class=\"bullet-list-item\">\u00d6ffnet die T\u00fcr automatisch durch eine einzige Ber\u00fchrung der M\u00f6belfront.<\/li>\n<\/ul>\n<\/div>\n<p class=\"mb-l\">\n<div class=\"titlepage\">\n<h2 class=\"text-h3 mb-l\">Max Flex K\u00f6rbe<\/h2>\n<\/div>\n<p class=\"mb-l\">\n<div class=\"titlepage\">\n<h2 class=\"text-h3 mb-l\">Qualit\u00e4t und Flexibilit\u00e4t in jedem Detail<\/h2>\n<\/div>\n<p class=\"mb-l\">Die richtige Beladung deines Geschirrsp\u00fclers kann eine Herausforderung sein. Nicht so mit den Max Flex K\u00f6rben. Mit einem stabilen Unterkorb und klappbaren Stachelreihen, die auch das Abstellen gro\u00dfer Geschirrteile erm\u00f6glichen, erleichtern sie deinen Alltag. Au\u00dferdem stellen neu gestaltete Glashalterungen und Antirutschleisten aus Silikon im Oberkorb sicher, dass deine Gl\u00e4ser stabil verstaut sind. F\u00fcr noch mehr Beladungsoptionen stehen eine Besteckschublade oder der dritte Korb zur Verf\u00fcgung. Die Max Flex K\u00f6rbe garantieren volle Flexibilit\u00e4t und eine stabile Beladung deines Geschirrsp\u00fclers.<\/p>\n<p class=\"mb-l\">\n<div class=\"titlepage\">\n<h2 class=\"text-h3 mb-l\">Time Light<\/h2>\n<\/div>\n<p class=\"mb-l\">\n<div class=\"titlepage\">\n<h2 class=\"text-h3 mb-l\">Time Light: Restzeit wird exakt und sehr gut lesbar auf den K\u00fcchenboden projiziert.<\/h2>\n<\/div>\n<p class=\"mb-l\">Dank Time Light wei\u00dft du nicht nur, dass dein Geschirrsp\u00fcler noch l\u00e4uft, sondern auch, wie lange er noch l\u00e4uft, da die Restzeitanzeige oder Echtzeitanzeige auf den Boden projiziert wird. Zus\u00e4tzlich wird der Programmfortschrittstatus angezeigt.<\/p>\n<p class=\"mb-l\">\n<div class=\"titlepage\">\n<h2 class=\"text-h3 mb-l\">Programm Download<\/h2>\n<\/div>\n<p class=\"mb-l\">\n<div class=\"titlepage\">\n<h2 class=\"text-h3 mb-l\">Lade Programme herunter, die perfekt in deinen Alltag passen.<\/h2>\n<\/div>\n<p class=\"mb-l\">Sp\u00fclmaschinenprogramme sind nicht immer optimal auf deine individuellen Bed\u00fcrfnisse abgestimmt? Bei Bosch Geschirrsp\u00fclern mit Programm Download k\u00f6nnen zus\u00e4tzliche Geschirrsp\u00fclprogramme \u00fcber die Home Connect App heruntergeladen werden. Der Programm Download sorgt f\u00fcr perfekte Sp\u00fclergebnisse, die genau auf deine Bed\u00fcrfnisse zugeschnitten sind.<\/p>\n<p class=\"mb-l\">\n<div class=\"titlepage\">\n<h2 class=\"text-h3 mb-l\">Gepr\u00fcfte Hygiene Qualit\u00e4t<\/h2>\n<\/div>\n<p class=\"mb-l\">\n<div class=\"titlepage\">\n<h2 class=\"text-h3 mb-l\">Best\u00e4tigte Hygieneleistung.<\/h2>\n<\/div>\n<p class=\"mb-l\">Viren wie Corona und Influenza werden in Eco 50 \u00b0C wirksam inaktiviert. Getestet vom Institut  f\u00fcr integrative Hygiene und Virologie (Hygiene-Label Stufe 1). Bei Programmen mit h\u00f6herer Temperatur l\u00e4sst sich ein noch h\u00f6heres Hygienelevel erreichen, das gegen widerstandsf\u00e4higere Viren, einschlie\u00dflich beh\u00fcllter und unbeh\u00fcllter Viren, wirksam ist. Best\u00e4tigt f\u00fcr das Intensiv 70 \u00b0C und Maschinenpflegeprogramm (Hygiene-Label Stufe 3).<\/p>\n<p class=\"mb-l\">\n<div class=\"titlepage\">\n<h2 class=\"text-h3 mb-l\">OpenAssist<\/h2>\n<\/div>\n<p class=\"mb-l\">\n<div class=\"titlepage\">\n<h2 class=\"text-h3 mb-l\">OpenAssist: einfaches \u00d6ffnen ohne Griff.<\/h2>\n<\/div>\n<p class=\"mb-l\">Die automatische T\u00fcr\u00f6ffnung OpenAssist \u00f6ffnet vollintegrierte ActiveWater Geschirrsp\u00fclmaschinen durch eine einzige Ber\u00fchrung der M\u00f6belfront. Die T\u00fcre \u00f6ffnet einen Spalt und die Sp\u00fclmaschine kann einfach be- und entladen werden. Die grifflose Front integriert sich optimal in moderne Designerk\u00fcchen mit durchg\u00e4ngigen M\u00f6belfronten, ohne beim Bedienkomfort Abstriche zu machen.<\/p>\n<p class=\"mb-l\">\n<div class=\"titlepage\">\n<h2 class=\"text-h3 mb-l\">Extra Clean Zone<\/h2>\n<\/div>\n<p class=\"mb-l\">\n<div class=\"titlepage\">\n<h2 class=\"text-h3 mb-l\">Starke Reinigung bei starken Verschmutzungen.<\/h2>\n<\/div>\n<p class=\"mb-l\">Eingetrocknete M\u00fcsli-Reste? Die brauchen Sie jetzt nicht mehr m\u00fchsam abzukratzen: In der Extra Clean Zone wird alles, was Sie oben in den Korb legen, durch und durch sauber. Drei rotierende Wasserd\u00fcsen weichen den Schmutz auf. Und zwar ganz ohne zus\u00e4tzlichen Reiniger oder h\u00f6here Temperaturen. Dr\u00fccken Sie einfach die entsprechende Taste und \u00fcberlassen Sie Ihrem Geschirrsp\u00fcler die harte Arbeit.<\/p>\n<p class=\"mb-l\">\n<div class=\"titlepage\">\n<h2 class=\"text-h3 mb-l\">VarioSchublade<\/h2>\n<\/div>\n<p class=\"mb-l\">\n<div class=\"titlepage\">\n<h2 class=\"text-h3 mb-l\">VarioSchublade &#8211; Flexibilit\u00e4t in der dritten Beladungsebene.<\/h2>\n<\/div>\n<p class=\"mb-l\">Die VarioSchublade bietet mit extra Aussparungen Platz f\u00fcr gr\u00f6\u00dfere Besteckutensilien oder kleinere Geschirrteile, wie z.B. Espressotassen. So bist du beim Beladen deines Geschirrsp\u00fclers flexibel und hast mehr Platz im Sp\u00fclraum.<\/p>\n<p class=\"mb-l\">\n<div class=\"titlepage\">\n<h2 class=\"text-h3 mb-l\">3-fach Rackmatik<\/h2>\n<\/div>\n<p class=\"mb-l\">\n<div class=\"titlepage\">\n<h2 class=\"text-h3 mb-l\">3-fach Rackmatik: Auch mit voll beladenem Oberkorb in 3 Stufen bis zu 5 cm h\u00f6henverstellbar.<\/h2>\n<\/div>\n<p class=\"mb-l\">Der Oberkorb ist durch die 3-fach Rackmatik mit einem Griff um insgesamt 5 cm dreistufig h\u00f6henverstellbar. Und das sogar voll beladen. Ob Pizzateller oder langstielige Gl\u00e4ser &#8211; f\u00fcr hohes Sp\u00fclgut wird so ganz flexibel oben oder unten noch mehr Platz geschaffen.<\/p>\n<p class=\"mb-l\">\n<div class=\"titlepage\">\n<h2 class=\"text-h3 mb-l\">AquaStop<\/h2>\n<\/div>\n<p class=\"mb-l\">\n<div class=\"titlepage\">\n<h2 class=\"text-h3 mb-l\">Der AquaStop garantiert den Schutz vor Wassersch\u00e4den.<\/h2>\n<\/div>\n<p class=\"mb-l\">Der Auslaufschutz geh\u00f6rt zu den wichtigsten Funktionen von Geschirrsp\u00fclern. Unser AquaStop-System bietet dir einen ausfallsicheren Auslaufschutz. Wenn der Sensor ein Leck entdeckt, stoppt der Geschirrsp\u00fcler automatisch und pumpt das Wasser \u00fcber einen doppelwandigen Schlauch ab. Mit AquaStop bist du vor Wassersch\u00e4den gesch\u00fctzt \u2013 und zwar \u00fcber die gesamte Lebensdauer deines Ger\u00e4ts.<\/p>\n<p class=\"mb-l\">\n<div class=\"titlepage\">\n<h2 class=\"text-h3 mb-l\">Ferndiagnose<\/h2>\n<\/div>\n<p class=\"mb-l\">\n<div class=\"titlepage\">\n<h2 class=\"text-h3 mb-l\">Ferndiagnose bei Fehlermeldung.<\/h2>\n<\/div>\n<p class=\"mb-l\">Eines deiner Haushaltsger\u00e4te funktioniert nicht so, wie es sollte? Dann hilft dir die Bosch Ferndiagnose. Kontaktiere telefonisch den Bosch Kundendienst, der mit deinem Einverst\u00e4ndnis die Fehlermeldung deines Ger\u00e4tes per Ferndiagnose lokalisiert und dir eine genaue Anweisung gibt, wie du die Fehlermeldung beheben kannst. L\u00e4sst sich das Problem per Ferndiagnose nicht l\u00f6sen, kann ein Bosch Servicetechniker benachrichtigt werden, der m\u00f6gliche Ersatzteile direkt vor Ort austauscht. Intelligenter Support, intelligente L\u00f6sungen.<\/p>\n<p class=\"mb-l\">\n<div class=\"titlepage\">\n<h2 class=\"text-h3 mb-l\">Silence Plus 42 dB<\/h2>\n<\/div>\n<p class=\"mb-l\">\n<div class=\"titlepage\">\n<h2 class=\"text-h3 mb-l\">Geschirrsp\u00fclen, au\u00dfergew\u00f6hnlich leise.<\/h2>\n<\/div>\n<p class=\"mb-l\">Laute Ger\u00e4usche in der K\u00fcche k\u00f6nnen st\u00f6rend sein. Wenn dir ein ruhiges Umfeld wichtig ist, dann ist der Silence Plus 42 dB genau der richtige Geschirrsp\u00fcler. Er ist au\u00dfergew\u00f6hnlich leise, damit deine K\u00fcche ein Ort der Ruhe und Entspannung bleibt.<\/p>\n<p class=\"mb-l\">\n<div class=\"titlepage\">\n<h2 class=\"text-h3 mb-l\">Extra Trocknen<\/h2>\n<\/div>\n<p class=\"mb-l\">F\u00fcr extra-gr\u00fcndliche Trocknungsergebnisse aktiviere die Zusatzoption \u201eExtra Trocknen\u201c. Auf Knopfdruck wird so die Temperatur w\u00e4hrend des Klarsp\u00fclgangs erh\u00f6ht und die Trocknungsphase verl\u00e4ngert. So bekommst du dein Geschirr, auch bei unterschiedlicher Beladung, perfekt trocken aus dem Geschirrsp\u00fcler.<\/p>\n<p class=\"mb-l\">\n<div class=\"titlepage\">\n<h2 class=\"text-h3 mb-l\">Favoritenprogramm<\/h2>\n<\/div>\n<p class=\"mb-l\">\n<div class=\"titlepage\">\n<h2 class=\"text-h3 mb-l\">Dein Lieblingsprogramm mit nur einem Knopfdruck<\/h2>\n<\/div>\n<p class=\"mb-l\">Hole das Beste aus deinem Geschirrsp\u00fcler heraus und erleichtere deinen Alltag. Mit der Favoritenfunktion kannst du ganz einfach deine am h\u00e4ufigsten genutzte Programmkonfiguration einrichten. Diese Konfiguration kann \u00fcber die Home Connect App oder direkt auf dem Display deines Geschirrsp\u00fclers gestartet werden. Kombiniere zum Beispiel die Option Extra Dry mit dem Eco 50\u00b0 Programm und starte den Geschirrsp\u00fcler mit nur einem Klick.<\/p>\n<p class=\"mb-l\">\n<div class=\"titlepage\">\n<h2 class=\"text-h3 mb-l\">Programmassistent<\/h2>\n<\/div>\n<p class=\"mb-l\">\n<div class=\"titlepage\">\n<h2 class=\"text-h3 mb-l\">Intelligente Programmauswahl<\/h2>\n<\/div>\n<p class=\"mb-l\">Woher wei\u00df man, welches Programm f\u00fcr die jeweilige Beladung das richtige ist? Der Programmassistent unterst\u00fctzt dich dabei. Daf\u00fcr musst du in der Home Connect App nur ein paar Angaben zur Geschirrart, dem Verschmutzungsgrad und deinen pers\u00f6nlichen Vorlieben wie Energieeffizienz, Trocknung, Geschwindigkeit und Lautst\u00e4rke machen und das System empfiehlt dir das richtige Programm. Dann einfach auf Start dr\u00fccken und sich auf perfekt sauberes Geschirr mit minimalem Aufwand freuen!<\/p>\n<p class=\"mb-l\">\n<div class=\"titlepage\">\n<h2 class=\"text-h3 mb-l\">VoiceControl<\/h2>\n<\/div>\n<p class=\"mb-l\">\n<div class=\"titlepage\">\n<h2 class=\"text-h3 mb-l\">Dein Geschirrsp\u00fcler h\u00f6rt auf Dich.<\/h2>\n<\/div>\n<p class=\"mb-l\">Dank der Partnerschaft mit Amazon Alexa kann dein Geschirrsp\u00fcler auch per Stimme gesteuert werden. Finde heraus, ob die entsprechende &#8220;Home Connect&#8221;-Funktion innerhalb der Alexa-App f\u00fcr dein Land und deine Sprache verf\u00fcgbar ist. Aktiviere die entsprechende Funktion, um die Verbindung zwischen Amazon Alexa und deinem Hausger\u00e4t herzustellen.<\/p>\n<p class=\"mb-l\">\n<div class=\"titlepage\">\n<h2 class=\"text-h3 mb-l\">Push-Nachrichten<\/h2>\n<\/div>\n<p class=\"mb-l\">\n<div class=\"titlepage\">\n<h2 class=\"text-h3 mb-l\">Die Sp\u00fclmaschine, die Dich auf dem Laufenden h\u00e4lt.<\/h2>\n<\/div>\n<p class=\"mb-l\">Darauf zu warten, dass die Sp\u00fclmaschine endlich fertig ist, kostet Zeit und Nerven. Besonders, wenn du einen vollen Terminkalender hast. Mit Home Connect kannst du deine Zeit jetzt immer optimal gestalten. Auf Wunsch lassen sich entsprechende Benachrichtigungen von deiner Sp\u00fclmaschine bequem an dein Smartphone oder Tablet senden. So wei\u00dft du immer ganz genau, wie weit deine Sp\u00fclmaschine ist und erh\u00e4ltst weitere n\u00fctzliche Informationen. Multitasking einfach gemacht \u2013 ob zuhause oder von unterwegs.<\/p>\n<p class=\"mb-l\">\n<div class=\"titlepage\">\n<h2 class=\"text-h3 mb-l\">Active Water Hydrauliksystem<\/h2>\n<\/div>\n<p class=\"mb-l\">\n<div class=\"titlepage\">\n<h2 class=\"text-h3 mb-l\">Active Water Technologie: Weniger Wasser, weniger Energie, mehr Leistung.<\/h2>\n<\/div>\n<p class=\"mb-l\">Die innovative Active Water Technologie von Bosch maximiert die Effizienz und sorgt f\u00fcr umweltschonenderes Sp\u00fclen bei hervorragenden Sp\u00fclergebnissen. Erm\u00f6glicht wird der geringe Verbrauch von Wasser und Energie durch gezielte Wasserverteilung, optimierte Filtertechnik, schnelleres Erhitzen und einer h\u00f6heren Pumpenleistung f\u00fcr mehr Wasserumw\u00e4lzung.<\/p>\n<p class=\"mb-l\">\n<div class=\"titlepage\">\n<h2 class=\"text-h3 mb-l\">EcoSilence Drive<\/h2>\n<\/div>\n<p class=\"mb-l\">\n<div class=\"titlepage\">\n<h2 class=\"text-h3 mb-l\">Geschirrsp\u00fclen, wie du es noch nie zuvor geh\u00f6rt hast.<\/h2>\n<\/div>\n<p class=\"mb-l\">Das Haus sauber zu halten, kann schwierig sein. Es ruhig zu halten, erscheint bisweilen unm\u00f6glich. Unsere Geschirrsp\u00fcler mit EcoSilence Drive kombinieren hervorragende Reinigungsergebnisse mit geringer Ger\u00e4uschentwicklung. Ausgestattet mit einem b\u00fcrstenlosen, energiesparenden Motor, der Reibungsger\u00e4usche auf ein Minimum reduziert, sorgt EcoSilence Drive f\u00fcr einen wesentlich leiseren Betrieb des Geschirrsp\u00fclers. So kannst du ein ebenso leises wie sauberes Zuhause genie\u00dfen.<\/p>\n<p class=\"mb-l\">\n<div class=\"titlepage\">\n<h2 class=\"text-h3 mb-l\">DosierAssistent<\/h2>\n<\/div>\n<p class=\"mb-l\">\n<div class=\"titlepage\">\n<h2 class=\"text-h3 mb-l\">Optimale Sp\u00fclergebnisse mit DosierAssistent.<\/h2>\n<\/div>\n<p class=\"mb-l\">Der DosierAssistent steht f\u00fcr optimale Reinigungsergebnisse und einen leiseren Sp\u00fclprozess. Das eingesetzte Reinigungsmittel f\u00e4llt aus der Reinigerkammer in eine spezielle Auffangschale am Oberkorb und wird dort vollst\u00e4ndig aufgel\u00f6st.<\/p>\n<p class=\"mb-l\">\n<div class=\"titlepage\">\n<h2 class=\"text-h3 mb-l\">Intensive Zone Option<\/h2>\n<\/div>\n<p class=\"mb-l\">\n<div class=\"titlepage\">\n<h2 class=\"text-h3 mb-l\">Intensive Zone: reinigt auch T\u00f6pfe und Pfannen optimal auf Knopfdruck.<\/h2>\n<\/div>\n<p class=\"mb-l\">Die Option Intensive Zone sorgt f\u00fcr besonders starken Spr\u00fchdruck und erh\u00f6hte Reinigungstemperatur im gesamten Unterkorb. So werden stark verschmutzte T\u00f6pfe und Pfannen perfekt sauber, w\u00e4hrend im Oberkorb auch empfindliches Sp\u00fclgut platziert werden kann.<\/p>\n<p class=\"mb-l\">\n<div class=\"titlepage\">\n<h2 class=\"text-h3 mb-l\">Automatikprogramme<\/h2>\n<\/div>\n<p class=\"mb-l\">\n<div class=\"titlepage\">\n<h2 class=\"text-h3 mb-l\">Automatikprogramme sorgen automatisch f\u00fcr beste Sp\u00fclergebnisse.<\/h2>\n<\/div>\n<p class=\"mb-l\">Wasserverbrauch, Wassertemperatur und Sp\u00fclzeit werden exakt dem Verschmutzungsgrad des Geschirrs angepasst. Das bringt dir h\u00f6chste Sp\u00fclleistung bei Einsparung von Wasser und Energie.<\/p>\n<li class=\"mb-m\">\n<div class=\"flex flex-col m:flex-row gap-s m:gap-xl\">\n<div class=\"text-h3 min-w-[244px] max-w-[244px]\">Sp\u00fclen<\/div>\n<div class=\"flex flex-col gap-s\"><span class=\"\"><\/p>\n<ul class=\"flex flex-col gap-s\">\n<li class=\"ml-3xs pl-[15px] relative before:absolute before:w-[8px] before:h-[8px] before:bg-dark before:top-[8px] before:left-0 before:rounded-full\">Bestecksystem: Besteckschublade<\/li>\n<li class=\"ml-3xs pl-[15px] relative before:absolute before:w-[8px] before:h-[8px] before:bg-dark before:top-[8px] before:left-0 before:rounded-full\">Kapazit\u00e4t in Ma\u00dfgedecken: 14<\/li>\n<\/ul>\n<p><\/span><\/div>\n<\/div>\n<\/li>\n<li class=\"mb-m\">\n<div class=\"flex flex-col m:flex-row gap-s m:gap-xl\">\n<div class=\"text-h3 min-w-[244px] max-w-[244px]\">Haushalt<\/div>\n<div class=\"flex flex-col gap-s\"><span class=\"\"><\/p>\n<ul class=\"flex flex-col gap-s\">\n<li class=\"ml-3xs pl-[15px] relative before:absolute before:w-[8px] before:h-[8px] before:bg-dark before:top-[8px] before:left-0 before:rounded-full\">Auslaufschutz: AquaStop<\/li>\n<li class=\"ml-3xs pl-[15px] relative before:absolute before:w-[8px] before:h-[8px] before:bg-dark before:top-[8px] before:left-0 before:rounded-full\">Startzeitvorwahl in h: 24 h<\/li>\n<li class=\"ml-3xs pl-[15px] relative before:absolute before:w-[8px] before:h-[8px] before:bg-dark before:top-[8px] before:left-0 before:rounded-full\">Bauart: Vollintegrierbar<\/li>\n<\/ul>\n<p><\/span><\/div>\n<\/div>\n<\/li>\n<li class=\"mb-m\">\n<div class=\"flex flex-col m:flex-row gap-s m:gap-xl\">\n<div class=\"text-h3 min-w-[244px] max-w-[244px]\">Kompatibilit\u00e4t<\/div>\n<div class=\"flex flex-col gap-s\"><span class=\"\"><\/p>\n<ul class=\"flex flex-col gap-s\">\n<li class=\"ml-3xs pl-[15px] relative before:absolute before:w-[8px] before:h-[8px] before:bg-dark before:top-[8px] before:left-0 before:rounded-full\">Home Connect<\/li>\n<li class=\"ml-3xs pl-[15px] relative before:absolute before:w-[8px] before:h-[8px] before:bg-dark before:top-[8px] before:left-0 before:rounded-full\">Amazon Alexa<\/li>\n<\/ul>\n<p><\/span><\/div>\n<\/div>\n<\/li>\n<li class=\"mb-m\">\n<div class=\"flex flex-col m:flex-row gap-s m:gap-xl\">\n<div class=\"text-h3 min-w-[244px] max-w-[244px]\">Sonderma\u00dfe<\/div>\n<div class=\"flex flex-col gap-s\"><span class=\"\"><\/p>\n<ul class=\"flex flex-col gap-s\">\n<li class=\"ml-3xs pl-[15px] relative before:absolute before:w-[8px] before:h-[8px] before:bg-dark before:top-[8px] before:left-0 before:rounded-full\">Nischen-Breite: 608 mm<\/li>\n<li class=\"ml-3xs pl-[15px] relative before:absolute before:w-[8px] before:h-[8px] before:bg-dark before:top-[8px] before:left-0 before:rounded-full\">Nischen-H\u00f6he: 875 mm<\/li>\n<li class=\"ml-3xs pl-[15px] relative before:absolute before:w-[8px] before:h-[8px] before:bg-dark before:top-[8px] before:left-0 before:rounded-full\">Nischen-Tiefe: 550 mm<\/li>\n<\/ul>\n<p><\/span><\/div>\n<\/div>\n<\/li>\n<li class=\"mb-m\">\n<div class=\"flex flex-col m:flex-row gap-s m:gap-xl\">\n<div class=\"text-h3 min-w-[244px] max-w-[244px]\">Abmessungen \/ Gewicht<\/div>\n<div class=\"flex flex-col gap-s\"><span class=\"\"><\/p>\n<ul class=\"flex flex-col gap-s\">\n<li class=\"ml-3xs pl-[15px] relative before:absolute before:w-[8px] before:h-[8px] before:bg-dark before:top-[8px] before:left-0 before:rounded-full\">Breite: 598 mm<\/li>\n<li class=\"ml-3xs pl-[15px] relative before:absolute before:w-[8px] before:h-[8px] before:bg-dark before:top-[8px] before:left-0 before:rounded-full\">H\u00f6he: 815 mm<\/li>\n<li class=\"ml-3xs pl-[15px] relative before:absolute before:w-[8px] before:h-[8px] before:bg-dark before:top-[8px] before:left-0 before:rounded-full\">Tiefe: 550 mm<\/li>\n<li class=\"ml-3xs pl-[15px] relative before:absolute before:w-[8px] before:h-[8px] before:bg-dark before:top-[8px] before:left-0 before:rounded-full\">Gewicht: 41.5 kg<\/li>\n<\/ul>\n<p><\/span><\/div>\n<\/div>\n<\/li>\n<li class=\"mb-m\">\n<div class=\"flex flex-col m:flex-row gap-s m:gap-xl\">\n<div class=\"text-h3 min-w-[244px] max-w-[244px]\">Energieeffizienzklasse<\/div>\n<div class=\"flex flex-col gap-s\"><span class=\"\"><\/p>\n<ul class=\"flex flex-col gap-s\">\n<li class=\"ml-3xs pl-[15px] relative before:absolute before:w-[8px] before:h-[8px] before:bg-dark before:top-[8px] before:left-0 before:rounded-full\">A<\/li>\n<\/ul>\n<p><\/span><\/div>\n<\/div>\n<\/li>\n<li class=\"mb-m\">\n<div class=\"flex flex-col m:flex-row gap-s m:gap-xl\">\n<div class=\"text-h3 min-w-[244px] max-w-[244px]\">Ger\u00e4uschentwicklung<\/div>\n<div class=\"flex flex-col gap-s\"><span class=\"\"><\/p>\n<ul class=\"flex flex-col gap-s\">\n<li class=\"ml-3xs pl-[15px] relative before:absolute before:w-[8px] before:h-[8px] before:bg-dark before:top-[8px] before:left-0 before:rounded-full\">42 dB<\/li>\n<\/ul>\n<p><\/span><\/div>\n<\/div>\n<\/li>\n","protected":false},"excerpt":{"rendered":"<li class=\"bullet-list-item\">Energieeffizienzklasse: A<\/li>\n<li class=\"bullet-list-item\">Kapazit\u00e4t f\u00fcr 14 Ma\u00dfgedecke<\/li>\n<li class=\"bullet-list-item\">Bestecksystem: Besteckschublade<\/li>\n<li class=\"bullet-list-item\">Kompatibel mit Home ConnectAmazon Alexa, AquaStop Auslaufschutz<\/li>\n<li class=\"bullet-list-item\">M\u00f6belfront separat erh\u00e4ltlich, Nischenma\u00df: B 60.8 cm x H 60.8 cm x T N\/A<\/li>\n<p> Herstellernummer SMD6ECX12E<\/p>","protected":false},"featured_media":46558,"comment_status":"open","ping_status":"closed","template":"","meta":{"_monsterinsights_skip_tracking":false,"_monsterinsights_sitenote_active":false,"_monsterinsights_sitenote_note":"","_monsterinsights_sitenote_category":0,"_uf_show_specific_survey":0,"_uf_disable_surveys":false},"product_brand":[],"product_cat":[500],"product_tag":[],"models":[],"years":[],"class_list":{"0":"post-41472","1":"product","2":"type-product","3":"status-publish","4":"has-post-thumbnail","6":"product_cat-spulmaschinen","8":"first","9":"instock","10":"sale","11":"featured","12":"shipping-taxable","13":"purchasable","14":"product-type-simple"},"aioseo_notices":[],"acf":[],"_links":{"self":[{"href":"https:\/\/amannforg.com\/fr\/wp-json\/wp\/v2\/product\/41472","targetHints":{"allow":["GET"]}}],"collection":[{"href":"https:\/\/amannforg.com\/fr\/wp-json\/wp\/v2\/product"}],"about":[{"href":"https:\/\/amannforg.com\/fr\/wp-json\/wp\/v2\/types\/product"}],"replies":[{"embeddable":true,"href":"https:\/\/amannforg.com\/fr\/wp-json\/wp\/v2\/comments?post=41472"}],"version-history":[{"count":1,"href":"https:\/\/amannforg.com\/fr\/wp-json\/wp\/v2\/product\/41472\/revisions"}],"predecessor-version":[{"id":58018,"href":"https:\/\/amannforg.com\/fr\/wp-json\/wp\/v2\/product\/41472\/revisions\/58018"}],"wp:featuredmedia":[{"embeddable":true,"href":"https:\/\/amannforg.com\/fr\/wp-json\/wp\/v2\/media\/46558"}],"wp:attachment":[{"href":"https:\/\/amannforg.com\/fr\/wp-json\/wp\/v2\/media?parent=41472"}],"wp:term":[{"taxonomy":"product_brand","embeddable":true,"href":"https:\/\/amannforg.com\/fr\/wp-json\/wp\/v2\/product_brand?post=41472"},{"taxonomy":"product_cat","embeddable":true,"href":"https:\/\/amannforg.com\/fr\/wp-json\/wp\/v2\/product_cat?post=41472"},{"taxonomy":"product_tag","embeddable":true,"href":"https:\/\/amannforg.com\/fr\/wp-json\/wp\/v2\/product_tag?post=41472"},{"taxonomy":"models","embeddable":true,"href":"https:\/\/amannforg.com\/fr\/wp-json\/wp\/v2\/models?post=41472"},{"taxonomy":"years","embeddable":true,"href":"https:\/\/amannforg.com\/fr\/wp-json\/wp\/v2\/years?post=41472"}],"curies":[{"name":"wp","href":"https:\/\/api.w.org\/{rel}","templated":true}]}}