{"id":41734,"date":"2026-03-04T00:02:24","date_gmt":"2026-03-04T00:02:24","guid":{"rendered":"https:\/\/amannforg.com\/?post_type=product&#038;p=41734"},"modified":"2026-03-07T16:30:00","modified_gmt":"2026-03-07T16:30:00","slug":"homepilot-starter-set-smarte-heizung-5-thermostate","status":"publish","type":"product","link":"https:\/\/amannforg.com\/fr\/produit\/homepilot-starter-set-smarte-heizung-5-thermostate\/","title":{"rendered":"Homepilot Starter Set Smarte Heizung \u2022 5 Thermostate"},"content":{"rendered":"<div class=\"article\">\n<div class=\"titlepage\">\n<h2 class=\"text-h3 mb-l\">Homepilot Heizk\u00f6rper-Thermostat smart<\/h2>\n<\/div>\n<p class=\"mb-l\">Das Heizk\u00f6rper-Thermostat smart ist ein elektronisches Heizk\u00f6rperthermostat zur Steuerung eines Heizk\u00f6rperventils und zur Regelung der Raumtemperatur.<\/p>\n<div class=\"formalpara\">\n<div class=\"titlepage\">\n<h2 class=\"text-h3 mb-l\">Funktion<\/h2>\n<\/div>\n<p class=\"mb-l\">Der Stellantrieb verf\u00fcgt \u00fcber eine Boost-Funktion, Frostschutzerkennung, einen Ventilschutz und eine Kindersicherung. Die Frostschutzerkennung verhindert ein Abk\u00fchlen des Raumes unter vier Grad, vor Verkalkung des Ventils sch\u00fctzt eine automatische Ventilfahrt und f\u00fcr das kurzzeitige Aufheizen eines Raumes gibt es die Boost-Funktion. Die Anzeige des beleuchteten Displays ist um 180\u00b0 drehbar. Durch einen internen Sensor kann das Heizk\u00f6rper-Thermostat smart als Stand-alone-L\u00f6sung betrieben werden. Ebenfalls l\u00e4sst sich das Thermostat \u00fcber das Gateway premium in das HOMEPILOT Smart Home integrieren und so auch \u00fcber die HOMEPILOT App steuern. So kannst du jederzeit aus der Ferne deine Heizk\u00f6rper per App steuern. Die manuelle Bedienung ist durch Tasten am Ger\u00e4t weiterhin m\u00f6glich. Der Einstellbereich liegt zwischen 4 und 28 \u00b0C.<\/p>\n<\/p><\/div>\n<div class=\"formalpara\">\n<div class=\"titlepage\">\n<h2 class=\"text-h3 mb-l\">Verwendung<\/h2>\n<\/div>\n<p class=\"mb-l\">Eine intelligente Heizungssteuerung verhilft dir nicht nur zu wohliger W\u00e4rme zur Wunschzeit, sondern verbessert zeitgleich auch die Energieeffizienz.<\/p>\n<\/p><\/div>\n<div class=\"formalpara\">\n<div class=\"titlepage\">\n<h2 class=\"text-h3 mb-l\">Installation<\/h2>\n<\/div>\n<p class=\"mb-l\">Zur Installation ersetzt du deine alten Heizk\u00f6rperarmaturen gegen das neue Thermostat. Stecke dazu das Heizk\u00f6rper-Thermostat auf das Ventil oder einen der beiliegenden Adapter und drehe die \u00dcberwurfmutter fest.<\/p>\n<\/p><\/div>\n<div class=\"formalpara\">\n<div class=\"titlepage\">\n<h2 class=\"text-h3 mb-l\">Kompatibilit\u00e4t<\/h2>\n<\/div>\n<p class=\"mb-l\">In Kombination mit unserem Thermostat premium smart kann die gemessene Raumtemperatur des Thermostates zur Steuerung mehrerer Heizk\u00f6rperstellantriebe in einem Raum verwendet werden. Ebenfalls hast du die M\u00f6glichkeit dein Heizk\u00f6rper-Thermostat smart in Verbindung mit dem Gateway premium per App zu steuern und dort zahlreiche Automationen einzustellen.<\/p>\n<\/p><\/div>\n<div class=\"formalpara\">\n<div class=\"titlepage\">\n<h2 class=\"text-h3 mb-l\">Lieferumfang<\/h2>\n<\/div>\n<p class=\"mb-l\">\n<div class=\"itemizedlist\">\n<ul class=\"bullet-list\">\n<li class=\"bullet-list-item\">\n<p class=\"mb-l\">5 x Homepilot Heizk\u00f6rper-Thermostat smart<\/p>\n<\/li>\n<li class=\"bullet-list-item\">\n<p class=\"mb-l\">1 x Gateway smart Premium<\/p>\n<\/li>\n<\/ul>\n<\/div>\n<\/p><\/div>\n<\/p><\/div>\n<li class=\"mb-m\">\n<div class=\"flex flex-col m:flex-row gap-s m:gap-xl\">\n<div class=\"text-h3 min-w-[244px] max-w-[244px]\">Einsatzbereich<\/div>\n<div class=\"flex flex-col gap-s\"><span class=\"ml-3xs pl-[15px] relative before:absolute before:w-[8px] before:h-[8px] before:bg-dark before:top-[8px] before:left-0 before:rounded-full\">innen<\/span><\/div>\n<\/div>\n<\/li>\n<li class=\"mb-m\">\n<div class=\"flex flex-col m:flex-row gap-s m:gap-xl\">\n<div class=\"text-h3 min-w-[244px] max-w-[244px]\">Anwendungsgebiete<\/div>\n<div class=\"flex flex-col gap-s\"><span class=\"ml-3xs pl-[15px] relative before:absolute before:w-[8px] before:h-[8px] before:bg-dark before:top-[8px] before:left-0 before:rounded-full\">Energie sparen<\/span><span class=\"ml-3xs pl-[15px] relative before:absolute before:w-[8px] before:h-[8px] before:bg-dark before:top-[8px] before:left-0 before:rounded-full\">Komfort<\/span><span class=\"ml-3xs pl-[15px] relative before:absolute before:w-[8px] before:h-[8px] before:bg-dark before:top-[8px] before:left-0 before:rounded-full\">Heizen<\/span><\/div>\n<\/div>\n<\/li>\n<li class=\"mb-m\">\n<div class=\"flex flex-col m:flex-row gap-s m:gap-xl\">\n<div class=\"text-h3 min-w-[244px] max-w-[244px]\">Herstellergarantie<\/div>\n<div class=\"flex flex-col gap-s\"><span class=\"ml-3xs pl-[15px] relative before:absolute before:w-[8px] before:h-[8px] before:bg-dark before:top-[8px] before:left-0 before:rounded-full\">24 Monate<\/span><span class=\"ml-3xs pl-[15px] relative before:absolute before:w-[8px] before:h-[8px] before:bg-dark before:top-[8px] before:left-0 before:rounded-full\">Weitere Informationen zum Service, Support und zu den Garantiebedingungen des Herstellers finden Sie <a class=\"ulink\" href=\"https:\/\/www.cyberport.de\/service\/ruecksendungen-und-produktservices\/reklamation-und-retoure\/herstellerkontakte.html\" target=\"_blank\">hier<\/a>!<\/span><\/div>\n<\/div>\n<\/li>\n<li class=\"mb-m\">\n<div class=\"flex flex-col m:flex-row gap-s m:gap-xl\">\n<div class=\"text-h3 min-w-[244px] max-w-[244px]\">Technische Daten<\/div>\n<div class=\"flex flex-col gap-s\"><span class=\"ml-3xs pl-[15px] relative before:absolute before:w-[8px] before:h-[8px] before:bg-dark before:top-[8px] before:left-0 before:rounded-full\">Versorgungsspannung: 3 V<\/span><span class=\"ml-3xs pl-[15px] relative before:absolute before:w-[8px] before:h-[8px] before:bg-dark before:top-[8px] before:left-0 before:rounded-full\">Schutzklasse: IP20<\/span><span class=\"ml-3xs pl-[15px] relative before:absolute before:w-[8px] before:h-[8px] before:bg-dark before:top-[8px] before:left-0 before:rounded-full\">Batterie-Typ: 2 x 1,5 V (DC), AA, Alkaline<\/span><span class=\"ml-3xs pl-[15px] relative before:absolute before:w-[8px] before:h-[8px] before:bg-dark before:top-[8px] before:left-0 before:rounded-full\">Lebensdauer der Batterie: ca. 2 Jahre (bei drei Schaltzeiten t\u00e4glich und einem eingestellten Sendeintervall von 15 Minuten)<\/span><span class=\"ml-3xs pl-[15px] relative before:absolute before:w-[8px] before:h-[8px] before:bg-dark before:top-[8px] before:left-0 before:rounded-full\">Sendefrequenz: 434,5 MHz<\/span><span class=\"ml-3xs pl-[15px] relative before:absolute before:w-[8px] before:h-[8px] before:bg-dark before:top-[8px] before:left-0 before:rounded-full\">Sendeleistung: max. 10 mW<\/span><span class=\"ml-3xs pl-[15px] relative before:absolute before:w-[8px] before:h-[8px] before:bg-dark before:top-[8px] before:left-0 before:rounded-full\">Betrieb bei: +0\u00b0C bis +40\u00b0C<\/span><span class=\"ml-3xs pl-[15px] relative before:absolute before:w-[8px] before:h-[8px] before:bg-dark before:top-[8px] before:left-0 before:rounded-full\">Ma\u00dfe: 56 x 68 x 89 mm<\/span><\/div>\n<\/div>\n<\/li>\n<li class=\"mb-m\">\n<div class=\"flex flex-col m:flex-row gap-s m:gap-xl\">\n<div class=\"text-h3 min-w-[244px] max-w-[244px]\">Lieferumfang<\/div>\n<div class=\"flex flex-col gap-s\"><span class=\"ml-3xs pl-[15px] relative before:absolute before:w-[8px] before:h-[8px] before:bg-dark before:top-[8px] before:left-0 before:rounded-full\">5 x Homepilot Heizk\u00f6rper-Thermostat smart<\/span><span class=\"ml-3xs pl-[15px] relative before:absolute before:w-[8px] before:h-[8px] before:bg-dark before:top-[8px] before:left-0 before:rounded-full\">1 x Homepilot Gateway smart premium<\/span><\/div>\n<\/div>\n<\/li>\n","protected":false},"excerpt":{"rendered":"<li class=\"bullet-list-item\">Heizk\u00f6rpersteuerung direkt am Ger\u00e4t oder per App mit Gateway premium<\/li>\n<li class=\"bullet-list-item\">mit Thermostat premium smart und\/oder Gateway premium kombinierbar<\/li>\n<li class=\"bullet-list-item\">Integrierte Frostschutzerkennung und Verkalkungsschutz<\/li>\n<li class=\"bullet-list-item\">Fenster-auf-Erkennung<\/li>\n<li class=\"bullet-list-item\">Einfache Installation: f\u00fcr jedes g\u00e4ngige Heizk\u00f6rperventil<\/li>\n<p> Herstellernummer 5C19-01N+5C19-01X_5ER<\/p>","protected":false},"featured_media":41736,"comment_status":"open","ping_status":"closed","template":"","meta":{"_monsterinsights_skip_tracking":false,"_monsterinsights_sitenote_active":false,"_monsterinsights_sitenote_note":"","_monsterinsights_sitenote_category":0,"_uf_show_specific_survey":0,"_uf_disable_surveys":false},"product_brand":[],"product_cat":[371],"product_tag":[],"models":[],"years":[],"class_list":{"0":"post-41734","1":"product","2":"type-product","3":"status-publish","4":"has-post-thumbnail","6":"product_cat-raumklima-zeit","8":"first","9":"instock","10":"sale","11":"shipping-taxable","12":"purchasable","13":"product-type-simple"},"aioseo_notices":[],"acf":[],"_links":{"self":[{"href":"https:\/\/amannforg.com\/fr\/wp-json\/wp\/v2\/product\/41734","targetHints":{"allow":["GET"]}}],"collection":[{"href":"https:\/\/amannforg.com\/fr\/wp-json\/wp\/v2\/product"}],"about":[{"href":"https:\/\/amannforg.com\/fr\/wp-json\/wp\/v2\/types\/product"}],"replies":[{"embeddable":true,"href":"https:\/\/amannforg.com\/fr\/wp-json\/wp\/v2\/comments?post=41734"}],"version-history":[{"count":1,"href":"https:\/\/amannforg.com\/fr\/wp-json\/wp\/v2\/product\/41734\/revisions"}],"predecessor-version":[{"id":58025,"href":"https:\/\/amannforg.com\/fr\/wp-json\/wp\/v2\/product\/41734\/revisions\/58025"}],"wp:featuredmedia":[{"embeddable":true,"href":"https:\/\/amannforg.com\/fr\/wp-json\/wp\/v2\/media\/41736"}],"wp:attachment":[{"href":"https:\/\/amannforg.com\/fr\/wp-json\/wp\/v2\/media?parent=41734"}],"wp:term":[{"taxonomy":"product_brand","embeddable":true,"href":"https:\/\/amannforg.com\/fr\/wp-json\/wp\/v2\/product_brand?post=41734"},{"taxonomy":"product_cat","embeddable":true,"href":"https:\/\/amannforg.com\/fr\/wp-json\/wp\/v2\/product_cat?post=41734"},{"taxonomy":"product_tag","embeddable":true,"href":"https:\/\/amannforg.com\/fr\/wp-json\/wp\/v2\/product_tag?post=41734"},{"taxonomy":"models","embeddable":true,"href":"https:\/\/amannforg.com\/fr\/wp-json\/wp\/v2\/models?post=41734"},{"taxonomy":"years","embeddable":true,"href":"https:\/\/amannforg.com\/fr\/wp-json\/wp\/v2\/years?post=41734"}],"curies":[{"name":"wp","href":"https:\/\/api.w.org\/{rel}","templated":true}]}}