{"id":41766,"date":"2026-03-04T00:02:41","date_gmt":"2026-03-04T00:02:41","guid":{"rendered":"https:\/\/amannforg.com\/?post_type=product&#038;p=41766"},"modified":"2026-03-13T11:42:32","modified_gmt":"2026-03-13T11:42:32","slug":"tado-x-starter-set-smarte-heizung-5x-smartes-heizkorper-thermostat","status":"publish","type":"product","link":"https:\/\/amannforg.com\/fr\/produit\/tado-x-starter-set-smarte-heizung-5x-smartes-heizkorper-thermostat\/","title":{"rendered":"tado\u00b0 X Starter Set Smarte Heizung \u2022 5x smartes Heizk\u00f6rper-Thermostat"},"content":{"rendered":"<p>Highlights<\/p>\n<div class=\"itemizedlist\">\n<ul class=\"bullet-list\">\n<li class=\"bullet-list-item\">Smart: Einfach jeden Tag Energie und Geld sparen \u2013 dank durchdachter Funktionen, die deine Heizung effizienter als je zuvor machen, jetzt mit zukunftssicherer Technologie<\/li>\n<li class=\"bullet-list-item\">Individuell: Steuere die Temperatur in jedem Raum von \u00fcberall aus per App \u2013 entwickelt vom Experten f\u00fcr smartes Heizen<\/li>\n<li class=\"bullet-list-item\">Einfach: tado\u00b0 bequem selbst installieren, sogar ohne Internetverbindung; jetzt mit aufladbarem Akku ; auch enthalten: die Bridge X, mit der du all deine Smart Home-Ger\u00e4te einfach miteineander verbindest<\/li>\n<li class=\"bullet-list-item\">Bewiesen: Millionenfach installiert, erprobt und gelobt \u2013 tado\u00b0 User sparen im Schnitt 22% Energie ein<\/li>\n<\/ul>\n<\/div>\n<p><span class=\"bold\">Nicht kompatibel mit tado\u00b0 V3+\/ V2 Ger\u00e4ten<\/span>Mach deine Heizk\u00f6rper einfach zum Energiespar-Wunder \u2013 mit dem Experten f\u00fcr smartes Heizentado\u00b0 bringt smartes Energiemanagement in jedes Zuhause \u2013 designt und entwickelt in Deutschland. Millionen zufriedener Kunden haben tado\u00b0 bereits installiert und sparen entspannt bis zu 28% Energie \u2013 wissenschaftlich best\u00e4tigt vom Fraunhofer Institut.tado\u00b0 X bringt smartes Heizen auf ein neues Level: Das Smarte Heizk\u00f6rper-Thermostat X setzt auf den Smart Home-Standard Matter. Der integrierte Akku ist mit einem beliebigen USB-C-Kabel wiederaufladbar, sodass keine Batterien gekauft und entsorgt werden m\u00fcssen. Einzigartige FunktionenLege mit Intelligenten Zeitpl\u00e4nen fest, wann tado\u00b0 die Temperatur pro Raum wie einstellen soll. Offene Fenster werden von tado\u00b0 erkannt \u2013 ganz ohne zus\u00e4tzliche Fensterkontakte \u2013 und du bekommst eine Erinnerung auf dein Smartphone, die Heizung herunterzuregeln. tado\u00b0 ber\u00fccksichtigt auch das lokale Wetter und heizt zum Beispiel weniger, wenn die Sonne dein Zuhause w\u00e4rmt \u2013 damit sparst du ganz einfach Energie.Die App liefert Einblicke in die Qualit\u00e4t der Innenluft und gibt Hinweise, wie du sie verbessern kannst. Auch Daten zu deinem Heizverhalten und deinen Energieersparnissen findest du in der App.Geofencing, nur bessertado\u00b0 schaltet nicht einfach deine Heizung ein oder aus, je nachdem, ob jemand zuhause ist. Du hast die Kontrolle und steuerst mit nur ein paar Klicks in der App deine Heizung komplett selbst. Damit sparst du Energie, die zum Beispiel beim Erw\u00e4rmen einer komplett ausgek\u00fchlten Wohnung anfallen w\u00fcrde.Zukunftssichere TechnologieDeine Heizungssteuerung kommt mit tado\u00b0 X in der Zukunft an, denn diese setzt auf den Smart Home-Standard Matter. Der Vorteil: viele Ger\u00e4te und Marken nutzen denselben Standard und k\u00f6nnen damit problemlos miteinander verbunden werden. Du ben\u00f6tigst nur die tado\u00b0 Bridge X , um dein Smart Home-Netzwerk mit anderen Netzwerken und dem Internet zu verbinden.Erstklassig in Design und BedienungDas schlanke, kompakte Design umfasst ein Premium-Touch-Display, das intuitive Installation und Bedienung sicherstellt. tado\u00b0 kann nat\u00fcrlich auch mit der App oder per Sprachbefehl gesteuert werden (funktioniert mit Amazon Alexa, Apple HomeKit und Google Assistant).Einfach kompatibel, einfach installierttado\u00b0 Smarte Heizk\u00f6rper-Thermostate X passen auf so gut wie jeden Heizk\u00f6rper mit thermostatischen Ventilen. Verschiedene Adapter sind enthalten. Die solide Metallmutter sorgt f\u00fcr einen festen Halt am Heizk\u00f6rper. Die App f\u00fchrt dich Schritt f\u00fcr Schritt durch die Installation, die du damit ganz einfach selbst erledigen kannst. Wasser kann dabei nicht austreten.Die Bridge X steckst du einfach in eine Steckdose, und schon verbindest du dein Smart Home-Netzwerk mit dem Internet.Mehr tado\u00b0, mehr sparenStatte weitere Heizk\u00f6rper und R\u00e4ume mit tado\u00b0 aus, und du sparst noch mehr Energie, indem du jeden Raum individuell steuerst. Solltest du nicht zufrieden sein, erstattet tado\u00b0 dir innerhalb der ersten 12 Monate den vollen Kaufpreis.Komfort weitergedachtBuche unser Rundum-Sorglos-Paket Auto-Assist in der App und erh\u00f6he deinen Komfort. Erhalte Einblicke in die bisher gesparten Energiekosten, auch im Vergleich mit den Vormonaten. Werde bei ungew\u00f6hnlichem Verhalten deiner Heizung gewarnt und erhalte Hilfe, m\u00f6gliche Probleme selbst zu l\u00f6sen. Mit Auto-Assist regeln Geofencing und die Fenster-Offen-Erkennung deine Heizung automatisch, statt dir (ohne Auto-Assist) eine Benachrichtigung zu senden. \u20ac3.99\/Monat, \u20ac29.99\/Jahr, jederzeit k\u00fcndbar.  <\/p>\n<li class=\"mb-m\">\n<div class=\"flex flex-col m:flex-row gap-s m:gap-xl\">\n<div class=\"text-h3 min-w-[244px] max-w-[244px]\">Kompatibilit\u00e4t<\/div>\n<div class=\"flex flex-col gap-s\"><span class=\"ml-3xs pl-[15px] relative before:absolute before:w-[8px] before:h-[8px] before:bg-dark before:top-[8px] before:left-0 before:rounded-full\">passt auf fast jeden Heizk\u00f6rper mit thermostatischen Ventilen<\/span><\/div>\n<\/div>\n<\/li>\n<li class=\"mb-m\">\n<div class=\"flex flex-col m:flex-row gap-s m:gap-xl\">\n<div class=\"text-h3 min-w-[244px] max-w-[244px]\">Einsatzbereich<\/div>\n<div class=\"flex flex-col gap-s\"><span class=\"ml-3xs pl-[15px] relative before:absolute before:w-[8px] before:h-[8px] before:bg-dark before:top-[8px] before:left-0 before:rounded-full\">innen<\/span><\/div>\n<\/div>\n<\/li>\n<li class=\"mb-m\">\n<div class=\"flex flex-col m:flex-row gap-s m:gap-xl\">\n<div class=\"text-h3 min-w-[244px] max-w-[244px]\">Anwendungsgebiete<\/div>\n<div class=\"flex flex-col gap-s\"><span class=\"ml-3xs pl-[15px] relative before:absolute before:w-[8px] before:h-[8px] before:bg-dark before:top-[8px] before:left-0 before:rounded-full\">Heizen<\/span><span class=\"ml-3xs pl-[15px] relative before:absolute before:w-[8px] before:h-[8px] before:bg-dark before:top-[8px] before:left-0 before:rounded-full\">Energie sparen<\/span><span class=\"ml-3xs pl-[15px] relative before:absolute before:w-[8px] before:h-[8px] before:bg-dark before:top-[8px] before:left-0 before:rounded-full\">Komfort<\/span><\/div>\n<\/div>\n<\/li>\n<li class=\"mb-m\">\n<div class=\"flex flex-col m:flex-row gap-s m:gap-xl\">\n<div class=\"text-h3 min-w-[244px] max-w-[244px]\">geeignet f\u00fcr<\/div>\n<div class=\"flex flex-col gap-s\"><span class=\"ml-3xs pl-[15px] relative before:absolute before:w-[8px] before:h-[8px] before:bg-dark before:top-[8px] before:left-0 before:rounded-full\">Einsteiger<\/span><\/div>\n<\/div>\n<\/li>\n<li class=\"mb-m\">\n<div class=\"flex flex-col m:flex-row gap-s m:gap-xl\">\n<div class=\"text-h3 min-w-[244px] max-w-[244px]\">Funk<\/div>\n<div class=\"flex flex-col gap-s\"><span class=\"ml-3xs pl-[15px] relative before:absolute before:w-[8px] before:h-[8px] before:bg-dark before:top-[8px] before:left-0 before:rounded-full\">Steuerung per App<\/span><\/div>\n<\/div>\n<\/li>\n<li class=\"mb-m\">\n<div class=\"flex flex-col m:flex-row gap-s m:gap-xl\">\n<div class=\"text-h3 min-w-[244px] max-w-[244px]\">Batterie<\/div>\n<div class=\"flex flex-col gap-s\"><span class=\"ml-3xs pl-[15px] relative before:absolute before:w-[8px] before:h-[8px] before:bg-dark before:top-[8px] before:left-0 before:rounded-full\">Akku<\/span><\/div>\n<\/div>\n<\/li>\n<li class=\"mb-m\">\n<div class=\"flex flex-col m:flex-row gap-s m:gap-xl\">\n<div class=\"text-h3 min-w-[244px] max-w-[244px]\">Lieferumfang<\/div>\n<div class=\"flex flex-col gap-s\"><span class=\"ml-3xs pl-[15px] relative before:absolute before:w-[8px] before:h-[8px] before:bg-dark before:top-[8px] before:left-0 before:rounded-full\">Smartes Heizk\u00f6rper-Thermostat X (Anschlussgewinde: M30x1,5mm)<\/span><span class=\"ml-3xs pl-[15px] relative before:absolute before:w-[8px] before:h-[8px] before:bg-dark before:top-[8px] before:left-0 before:rounded-full\">Bridge X (Thread Border Router)<\/span><span class=\"ml-3xs pl-[15px] relative before:absolute before:w-[8px] before:h-[8px] before:bg-dark before:top-[8px] before:left-0 before:rounded-full\">6x Adapter (kompatibel mit fast allen Heizk\u00f6rperventilen)<\/span><span class=\"ml-3xs pl-[15px] relative before:absolute before:w-[8px] before:h-[8px] before:bg-dark before:top-[8px] before:left-0 before:rounded-full\">EU\/UK-Stecker<\/span><\/div>\n<\/div>\n<\/li>\n","protected":false},"excerpt":{"rendered":"<li class=\"bullet-list-item\">durch effizientes Heizen jeden Tag Energie und Geld sparen<\/li>\n<li class=\"bullet-list-item\">Temperatursteuerung in jedem Raum von \u00fcberall aus per App<\/li>\n<li class=\"bullet-list-item\">einfache Installation<\/li>\n<li class=\"bullet-list-item\">inkl. Bridge X &#8211; Verbinden all deine Smart Home-Ger\u00e4te miteinander<\/li>\n<li class=\"bullet-list-item\">Akku h\u00e4lt eine Saision<\/li>\n<p> Herstellernummer 5C20-02A+5C20-02F<\/p>","protected":false},"featured_media":41774,"comment_status":"open","ping_status":"closed","template":"","meta":{"_monsterinsights_skip_tracking":false,"_monsterinsights_sitenote_active":false,"_monsterinsights_sitenote_note":"","_monsterinsights_sitenote_category":0,"_uf_show_specific_survey":0,"_uf_disable_surveys":false},"product_brand":[],"product_cat":[371],"product_tag":[],"models":[],"years":[],"class_list":{"0":"post-41766","1":"product","2":"type-product","3":"status-publish","4":"has-post-thumbnail","6":"product_cat-raumklima-zeit","8":"first","9":"instock","10":"sale","11":"featured","12":"shipping-taxable","13":"purchasable","14":"product-type-simple"},"aioseo_notices":[],"acf":[],"_links":{"self":[{"href":"https:\/\/amannforg.com\/fr\/wp-json\/wp\/v2\/product\/41766","targetHints":{"allow":["GET"]}}],"collection":[{"href":"https:\/\/amannforg.com\/fr\/wp-json\/wp\/v2\/product"}],"about":[{"href":"https:\/\/amannforg.com\/fr\/wp-json\/wp\/v2\/types\/product"}],"replies":[{"embeddable":true,"href":"https:\/\/amannforg.com\/fr\/wp-json\/wp\/v2\/comments?post=41766"}],"version-history":[{"count":1,"href":"https:\/\/amannforg.com\/fr\/wp-json\/wp\/v2\/product\/41766\/revisions"}],"predecessor-version":[{"id":58032,"href":"https:\/\/amannforg.com\/fr\/wp-json\/wp\/v2\/product\/41766\/revisions\/58032"}],"wp:featuredmedia":[{"embeddable":true,"href":"https:\/\/amannforg.com\/fr\/wp-json\/wp\/v2\/media\/41774"}],"wp:attachment":[{"href":"https:\/\/amannforg.com\/fr\/wp-json\/wp\/v2\/media?parent=41766"}],"wp:term":[{"taxonomy":"product_brand","embeddable":true,"href":"https:\/\/amannforg.com\/fr\/wp-json\/wp\/v2\/product_brand?post=41766"},{"taxonomy":"product_cat","embeddable":true,"href":"https:\/\/amannforg.com\/fr\/wp-json\/wp\/v2\/product_cat?post=41766"},{"taxonomy":"product_tag","embeddable":true,"href":"https:\/\/amannforg.com\/fr\/wp-json\/wp\/v2\/product_tag?post=41766"},{"taxonomy":"models","embeddable":true,"href":"https:\/\/amannforg.com\/fr\/wp-json\/wp\/v2\/models?post=41766"},{"taxonomy":"years","embeddable":true,"href":"https:\/\/amannforg.com\/fr\/wp-json\/wp\/v2\/years?post=41766"}],"curies":[{"name":"wp","href":"https:\/\/api.w.org\/{rel}","templated":true}]}}