{"id":48042,"date":"2026-03-04T08:02:03","date_gmt":"2026-03-04T08:02:03","guid":{"rendered":"https:\/\/amannforg.com\/?post_type=product&#038;p=48042"},"modified":"2026-03-07T16:30:18","modified_gmt":"2026-03-07T16:30:18","slug":"zotac-zbox-ci669-nano-barebone-i7-1355u-intel-iris-xe-graphics","status":"publish","type":"product","link":"https:\/\/amannforg.com\/fr\/produit\/zotac-zbox-ci669-nano-barebone-i7-1355u-intel-iris-xe-graphics\/","title":{"rendered":"ZOTAC ZBOX CI669 NANO Barebone i7-1355U Intel Iris Xe Graphics"},"content":{"rendered":"<div class=\"article\">\n<div class=\"titlepage\">\n<h2 class=\"text-h3 mb-l\">ZOTAC ZBOX CI669 NANO Barebone i7-1355U Intel Iris Xe Graphics<\/h2>\n<\/div>\n<p class=\"mb-l\">Die brandneue ZOTAC ZBOX C Serie CI669 nano sorgt mit einem Intel Core i7-1355U 10-Core 12-Multi-Thread-Prozessor der 13. Generation, Intel Iris Xe Grafik und Thunderbolt 4 f\u00fcr noch mehr Ruhe in der Computerhardware. Das kompakte 1,79-Liter-Geh\u00e4use und das moderne Design mit zweifarbigem Farbschema sorgen f\u00fcr ein zeitloses Gef\u00fchl, um B\u00fcros und Arbeitsbereiche mit einem leisen und leistungsf\u00e4higen Computererlebnis zu begeistern. Mit der mitgelieferten VESA-Halterung k\u00f6nnen Sie das System hinter einem kompatiblen Bildschirm oder an der Wand montieren, um es vielseitig zu platzieren.<\/p>\n<div class=\"formalpara\">\n<div class=\"titlepage\">\n<h2 class=\"text-h3 mb-l\">Besondere Highlights<\/h2>\n<\/div>\n<p class=\"mb-l\">\n<div class=\"itemizedlist\">\n<ul class=\"bullet-list\">\n<li class=\"bullet-list-item\">\n<p class=\"mb-l\">Kompaktes 1.8L-Geh\u00e4use<\/p>\n<\/li>\n<li class=\"bullet-list-item\">\n<p class=\"mb-l\">Intel Core i7-1355U 10-Kern-Prozessor mit 12 Threads der 13.<\/p>\n<\/li>\n<li class=\"bullet-list-item\">\n<p class=\"mb-l\">Intel Iris Xe-Grafik<\/p>\n<\/li>\n<li class=\"bullet-list-item\">\n<p class=\"mb-l\">L\u00fcfterloses, passiv gek\u00fchltes Design erm\u00f6glicht Silent Computing Performance<\/p>\n<\/li>\n<li class=\"bullet-list-item\">\n<p class=\"mb-l\">Triple-Display-f\u00e4hig mit HDMI 2.0b, DisplayPort 1.4 und DP \u00fcber Thunderbolt<\/p>\n<\/li>\n<li class=\"bullet-list-item\">\n<p class=\"mb-l\">Dual-LAN (2,5 Gbps\/Gigabit), WiFi 6-Konnektivit\u00e4t, Bluetooth 5.2<\/p>\n<\/li>\n<li class=\"bullet-list-item\">\n<p class=\"mb-l\">1 x Thunderbolt 4, 4 x USB 3.1, 1 x USB 2.0<\/p>\n<\/li>\n<li class=\"bullet-list-item\">\n<p class=\"mb-l\">VESA-Montage bereit<\/p>\n<\/li>\n<li class=\"bullet-list-item\">\n<p class=\"mb-l\">Windows 11-f\u00e4hig<\/p>\n<\/li>\n<\/ul>\n<\/div>\n<\/p><\/div>\n<div class=\"formalpara\">\n<div class=\"titlepage\">\n<h2 class=\"text-h3 mb-l\">Effizient und Zuverl\u00e4ssig<\/h2>\n<\/div>\n<p class=\"mb-l\">Ein System mit sehr geringem Platzbedarf und ohne bewegliche Teile*, um Verschlei\u00df und ineffiziente Abnutzung zu vermeiden und die Zuverl\u00e4ssigkeit, Lebensdauer und Rentabilit\u00e4t des Gesamtsystems zu erh\u00f6hen. Mit einem Volumen von nur 1,8 Litern ist der Energieverbrauch ebenso gering und effizient, mit einem Verbrauch von bis zu 30 W unter Last, was zu langfristigen Kosteneinsparungen f\u00fchrt.<\/p>\n<\/p><\/div>\n<p class=\"mb-l\">*wenn mit einer SSD verwendet<\/p>\n<div class=\"formalpara\">\n<div class=\"titlepage\">\n<h2 class=\"text-h3 mb-l\">Flexibel<\/h2>\n<\/div>\n<p class=\"mb-l\">Die ZBOX C Nano-Serie verf\u00fcgt \u00fcber eine integrierte VESA-Halterung, die eine flexiblere Platzierung des Systems erm\u00f6glicht. Das insgesamt kleine System nimmt wenig Platz auf dem Schreibtisch ein, kann aber auch an der Wand, unter dem Schreibtisch oder sogar hinter dem Bildschirm montiert werden, um \u00fcberhaupt keinen Platz zu beanspruchen.<\/p>\n<\/p><\/div>\n<p class=\"mb-l\">*Ein VESA-kompatibles Display sowie zus\u00e4tzliches Zubeh\u00f6r und Werkzeug k\u00f6nnen erforderlich sein.<\/p>\n<div class=\"formalpara\">\n<div class=\"titlepage\">\n<h2 class=\"text-h3 mb-l\">Gro\u00dfartige Kommunikation<\/h2>\n<\/div>\n<p class=\"mb-l\">Die ZBOX C Nano Serie mit ihrem kompakten Design bietet eine Vielzahl von integrierten schnellen Konnektivit\u00e4tsoptionen wie WiFi 6, Bluetooth 5.2, Gigabit LAN und 2,5Gbps LAN. Dar\u00fcber hinaus bietet er eine hervorragende Sichtbarkeit durch die Unterst\u00fctzung von bis zu drei Monitoren mit HDMI 2.0b, DisplayPort 1.4 und DP \u00fcber Thunderbolt. Thunderbolt 4, USB 3.1 und SDXC-Kartenleser erm\u00f6glichen den einfachen Datentransfer zwischen den Ger\u00e4ten.<\/p>\n<\/p><\/div>\n<\/p><\/div>\n<li class=\"mb-m\">\n<div class=\"flex flex-col m:flex-row gap-s m:gap-xl\">\n<div class=\"text-h3 min-w-[244px] max-w-[244px]\">Geh\u00e4use<\/div>\n<div class=\"flex flex-col gap-s\"><span class=\"ml-3xs pl-[15px] relative before:absolute before:w-[8px] before:h-[8px] before:bg-dark before:top-[8px] before:left-0 before:rounded-full\">Mini-PC Geh\u00e4use<\/span><\/div>\n<\/div>\n<\/li>\n<li class=\"mb-m\">\n<div class=\"flex flex-col m:flex-row gap-s m:gap-xl\">\n<div class=\"text-h3 min-w-[244px] max-w-[244px]\">Prozessor<\/div>\n<div class=\"flex flex-col gap-s\"><span class=\"ml-3xs pl-[15px] relative before:absolute before:w-[8px] before:h-[8px] before:bg-dark before:top-[8px] before:left-0 before:rounded-full\">Intel\u00ae Core\u2122 i7-1355U Prozessor<\/span><span class=\"ml-3xs pl-[15px] relative before:absolute before:w-[8px] before:h-[8px] before:bg-dark before:top-[8px] before:left-0 before:rounded-full\">1,70 GHz mit Turbo-Boost bis zu 5,0 GHz, 12 MB Cache<\/span><span class=\"ml-3xs pl-[15px] relative before:absolute before:w-[8px] before:h-[8px] before:bg-dark before:top-[8px] before:left-0 before:rounded-full\">Deca-Core<\/span><\/div>\n<\/div>\n<\/li>\n<li class=\"mb-m\">\n<div class=\"flex flex-col m:flex-row gap-s m:gap-xl\">\n<div class=\"text-h3 min-w-[244px] max-w-[244px]\">Arbeitsspeicher<\/div>\n<div class=\"flex flex-col gap-s\"><span class=\"ml-3xs pl-[15px] relative before:absolute before:w-[8px] before:h-[8px] before:bg-dark before:top-[8px] before:left-0 before:rounded-full\">0 GB DDR5 &#8211; 5200 MHz SDRAM SO-DIMM<\/span><span class=\"ml-3xs pl-[15px] relative before:absolute before:w-[8px] before:h-[8px] before:bg-dark before:top-[8px] before:left-0 before:rounded-full\">maximal erweiterbar auf 64 GB DDR5-SDRAM<\/span><span class=\"ml-3xs pl-[15px] relative before:absolute before:w-[8px] before:h-[8px] before:bg-dark before:top-[8px] before:left-0 before:rounded-full\">2 Steckpl\u00e4tze gesamt, davon 2 frei<\/span><\/div>\n<\/div>\n<\/li>\n<li class=\"mb-m\">\n<div class=\"flex flex-col m:flex-row gap-s m:gap-xl\">\n<div class=\"text-h3 min-w-[244px] max-w-[244px]\">Festplatten<\/div>\n<div class=\"flex flex-col gap-s\"><span class=\"ml-3xs pl-[15px] relative before:absolute before:w-[8px] before:h-[8px] before:bg-dark before:top-[8px] before:left-0 before:rounded-full\">keine Festplatte verbaut, Schnittstelle: SSD bestehend aus GB HDD und GB SSD<\/span><\/div>\n<\/div>\n<\/li>\n<li class=\"mb-m\">\n<div class=\"flex flex-col m:flex-row gap-s m:gap-xl\">\n<div class=\"text-h3 min-w-[244px] max-w-[244px]\">Mainboard<\/div>\n<div class=\"flex flex-col gap-s\"><span class=\"ml-3xs pl-[15px] relative before:absolute before:w-[8px] before:h-[8px] before:bg-dark before:top-[8px] before:left-0 before:rounded-full\">k.A.<\/span><\/div>\n<\/div>\n<\/li>\n<li class=\"mb-m\">\n<div class=\"flex flex-col m:flex-row gap-s m:gap-xl\">\n<div class=\"text-h3 min-w-[244px] max-w-[244px]\">Grafik<\/div>\n<div class=\"flex flex-col gap-s\"><span class=\"ml-3xs pl-[15px] relative before:absolute before:w-[8px] before:h-[8px] before:bg-dark before:top-[8px] before:left-0 before:rounded-full\">Intel Iris Xe Graphics Grafik (Shared RAM)<\/span><span class=\"ml-3xs pl-[15px] relative before:absolute before:w-[8px] before:h-[8px] before:bg-dark before:top-[8px] before:left-0 before:rounded-full\">HDMI<\/span><span class=\"ml-3xs pl-[15px] relative before:absolute before:w-[8px] before:h-[8px] before:bg-dark before:top-[8px] before:left-0 before:rounded-full\">2x DP (Displayport)<\/span><\/div>\n<\/div>\n<\/li>\n<li class=\"mb-m\">\n<div class=\"flex flex-col m:flex-row gap-s m:gap-xl\">\n<div class=\"text-h3 min-w-[244px] max-w-[244px]\">Laufwerke<\/div>\n<div class=\"flex flex-col gap-s\"><span class=\"ml-3xs pl-[15px] relative before:absolute before:w-[8px] before:h-[8px] before:bg-dark before:top-[8px] before:left-0 before:rounded-full\">Dieses Ger\u00e4t verf\u00fcgt \u00fcber kein optisches Laufwerk.<\/span><span class=\"ml-3xs pl-[15px] relative before:absolute before:w-[8px] before:h-[8px] before:bg-dark before:top-[8px] before:left-0 before:rounded-full\">Passende Laufwerke und Brenner finden Sie als Zubeh\u00f6r an diesem Artikel.<\/span><\/div>\n<\/div>\n<\/li>\n<li class=\"mb-m\">\n<div class=\"flex flex-col m:flex-row gap-s m:gap-xl\">\n<div class=\"text-h3 min-w-[244px] max-w-[244px]\">Schnittstellen<\/div>\n<div class=\"flex flex-col gap-s\"><span class=\"ml-3xs pl-[15px] relative before:absolute before:w-[8px] before:h-[8px] before:bg-dark before:top-[8px] before:left-0 before:rounded-full\">HDMI 2.0b (up to 3840&#215;2160@60Hz)<\/span><span class=\"ml-3xs pl-[15px] relative before:absolute before:w-[8px] before:h-[8px] before:bg-dark before:top-[8px] before:left-0 before:rounded-full\">DisplayPort 1.4 (up to 4096X2160@60Hz)<\/span><span class=\"ml-3xs pl-[15px] relative before:absolute before:w-[8px] before:h-[8px] before:bg-dark before:top-[8px] before:left-0 before:rounded-full\">DisplayPort 1.4 via Thunderbolt (up to 4096X2160@60Hz)<\/span><span class=\"ml-3xs pl-[15px] relative before:absolute before:w-[8px] before:h-[8px] before:bg-dark before:top-[8px] before:left-0 before:rounded-full\">Digital 8 Channel Audio via HDMI<\/span><span class=\"ml-3xs pl-[15px] relative before:absolute before:w-[8px] before:h-[8px] before:bg-dark before:top-[8px] before:left-0 before:rounded-full\">Stereo analog audio<\/span><span class=\"ml-3xs pl-[15px] relative before:absolute before:w-[8px] before:h-[8px] before:bg-dark before:top-[8px] before:left-0 before:rounded-full\">Microphone<\/span><span class=\"ml-3xs pl-[15px] relative before:absolute before:w-[8px] before:h-[8px] before:bg-dark before:top-[8px] before:left-0 before:rounded-full\">1 x USB 3.1 (Front)<\/span><span class=\"ml-3xs pl-[15px] relative before:absolute before:w-[8px] before:h-[8px] before:bg-dark before:top-[8px] before:left-0 before:rounded-full\">3 x USB 3.1 (Rear)<\/span><span class=\"ml-3xs pl-[15px] relative before:absolute before:w-[8px] before:h-[8px] before:bg-dark before:top-[8px] before:left-0 before:rounded-full\">1 x USB 2.0 (Rear)<\/span><span class=\"ml-3xs pl-[15px] relative before:absolute before:w-[8px] before:h-[8px] before:bg-dark before:top-[8px] before:left-0 before:rounded-full\">Dual LAN (2.5Gbps \/ Gigabit)<\/span><span class=\"ml-3xs pl-[15px] relative before:absolute before:w-[8px] before:h-[8px] before:bg-dark before:top-[8px] before:left-0 before:rounded-full\">Wi-Fi 6<\/span><span class=\"ml-3xs pl-[15px] relative before:absolute before:w-[8px] before:h-[8px] before:bg-dark before:top-[8px] before:left-0 before:rounded-full\">Bluetooth 5.2<\/span><span class=\"ml-3xs pl-[15px] relative before:absolute before:w-[8px] before:h-[8px] before:bg-dark before:top-[8px] before:left-0 before:rounded-full\">1 x Thunderbolt 4<\/span><\/div>\n<\/div>\n<\/li>\n<li class=\"mb-m\">\n<div class=\"flex flex-col m:flex-row gap-s m:gap-xl\">\n<div class=\"text-h3 min-w-[244px] max-w-[244px]\">Kommunikation<\/div>\n<div class=\"flex flex-col gap-s\"><span class=\"ml-3xs pl-[15px] relative before:absolute before:w-[8px] before:h-[8px] before:bg-dark before:top-[8px] before:left-0 before:rounded-full\">10\/100\/1000 Mbit\/s\/2,5 Gigabit Ethernet LAN<\/span><span class=\"ml-3xs pl-[15px] relative before:absolute before:w-[8px] before:h-[8px] before:bg-dark before:top-[8px] before:left-0 before:rounded-full\">Wireless LAN 802.11 ax (abw\u00e4rtskompatibel zu b\/g\/n\/ac)<\/span><span class=\"ml-3xs pl-[15px] relative before:absolute before:w-[8px] before:h-[8px] before:bg-dark before:top-[8px] before:left-0 before:rounded-full\">Bluetooth 5.0<\/span><\/div>\n<\/div>\n<\/li>\n<li class=\"mb-m\">\n<div class=\"flex flex-col m:flex-row gap-s m:gap-xl\">\n<div class=\"text-h3 min-w-[244px] max-w-[244px]\">Sound<\/div>\n<div class=\"flex flex-col gap-s\"><span class=\"ml-3xs pl-[15px] relative before:absolute before:w-[8px] before:h-[8px] before:bg-dark before:top-[8px] before:left-0 before:rounded-full\">k.A.<\/span><\/div>\n<\/div>\n<\/li>\n<li class=\"mb-m\">\n<div class=\"flex flex-col m:flex-row gap-s m:gap-xl\">\n<div class=\"text-h3 min-w-[244px] max-w-[244px]\">Betriebssystem<\/div>\n<div class=\"flex flex-col gap-s\"><span class=\"ml-3xs pl-[15px] relative before:absolute before:w-[8px] before:h-[8px] before:bg-dark before:top-[8px] before:left-0 before:rounded-full\">ohne Betriebssystem<\/span><\/div>\n<\/div>\n<\/li>\n<li class=\"mb-m\">\n<div class=\"flex flex-col m:flex-row gap-s m:gap-xl\">\n<div class=\"text-h3 min-w-[244px] max-w-[244px]\">Besonderheiten<\/div>\n<div class=\"flex flex-col gap-s\"><span class=\"ml-3xs pl-[15px] relative before:absolute before:w-[8px] before:h-[8px] before:bg-dark before:top-[8px] before:left-0 before:rounded-full\">k.A.<\/span><\/div>\n<\/div>\n<\/li>\n<li class=\"mb-m\">\n<div class=\"flex flex-col m:flex-row gap-s m:gap-xl\">\n<div class=\"text-h3 min-w-[244px] max-w-[244px]\">Abmessungen (B x H x T)<\/div>\n<div class=\"flex flex-col gap-s\"><span class=\"ml-3xs pl-[15px] relative before:absolute before:w-[8px] before:h-[8px] before:bg-dark before:top-[8px] before:left-0 before:rounded-full\">204 x 129 x 68 mm<\/span><\/div>\n<\/div>\n<\/li>\n<li class=\"mb-m\">\n<div class=\"flex flex-col m:flex-row gap-s m:gap-xl\">\n<div class=\"text-h3 min-w-[244px] max-w-[244px]\">Gewicht<\/div>\n<div class=\"flex flex-col gap-s\"><span class=\"ml-3xs pl-[15px] relative before:absolute before:w-[8px] before:h-[8px] before:bg-dark before:top-[8px] before:left-0 before:rounded-full\">k. A.<\/span><\/div>\n<\/div>\n<\/li>\n<li class=\"mb-m\">\n<div class=\"flex flex-col m:flex-row gap-s m:gap-xl\">\n<div class=\"text-h3 min-w-[244px] max-w-[244px]\">Lieferumfang<\/div>\n<div class=\"flex flex-col gap-s\"><span class=\"ml-3xs pl-[15px] relative before:absolute before:w-[8px] before:h-[8px] before:bg-dark before:top-[8px] before:left-0 before:rounded-full\">ZOTAC ZBOX CI669 nano<\/span><span class=\"ml-3xs pl-[15px] relative before:absolute before:w-[8px] before:h-[8px] before:bg-dark before:top-[8px] before:left-0 before:rounded-full\">Netzkabel<\/span><span class=\"ml-3xs pl-[15px] relative before:absolute before:w-[8px] before:h-[8px] before:bg-dark before:top-[8px] before:left-0 before:rounded-full\">AC-Netzadapter<\/span><span class=\"ml-3xs pl-[15px] relative before:absolute before:w-[8px] before:h-[8px] before:bg-dark before:top-[8px] before:left-0 before:rounded-full\">Schnellstart\u00fcbersicht<\/span><span class=\"ml-3xs pl-[15px] relative before:absolute before:w-[8px] before:h-[8px] before:bg-dark before:top-[8px] before:left-0 before:rounded-full\">Treiber<\/span><\/div>\n<\/div>\n<\/li>\n","protected":false},"excerpt":{"rendered":"<li class=\"bullet-list-item\">Intel\u00ae Core\u2122 i7-1355U Prozessor (bis zu 5,0 GHz), Deca-Core<\/li>\n<li class=\"bullet-list-item\">0 GB RAM, 0 GB SSD<\/li>\n<li class=\"bullet-list-item\">Intel Iris Xe Graphics Grafik, HDMI, DisplayPort, Thunderbolt 4<\/li>\n<li class=\"bullet-list-item\">Formfaktor: Mini-PC, WLAN, BT, 2.5Gb LAN<\/li>\n<li class=\"bullet-list-item\">ohne Betriebssystem <\/li>\n<p> Herstellernummer ZBOX-CI669NANO-BE<\/p>","protected":false},"featured_media":48065,"comment_status":"open","ping_status":"closed","template":"","meta":{"_monsterinsights_skip_tracking":false,"_monsterinsights_sitenote_active":false,"_monsterinsights_sitenote_note":"","_monsterinsights_sitenote_category":0,"_uf_show_specific_survey":0,"_uf_disable_surveys":false},"product_brand":[],"product_cat":[506],"product_tag":[],"models":[],"years":[],"class_list":{"0":"post-48042","1":"product","2":"type-product","3":"status-publish","4":"has-post-thumbnail","6":"product_cat-pc-systeme","8":"first","9":"instock","10":"sale","11":"shipping-taxable","12":"purchasable","13":"product-type-simple"},"aioseo_notices":[],"acf":[],"_links":{"self":[{"href":"https:\/\/amannforg.com\/fr\/wp-json\/wp\/v2\/product\/48042","targetHints":{"allow":["GET"]}}],"collection":[{"href":"https:\/\/amannforg.com\/fr\/wp-json\/wp\/v2\/product"}],"about":[{"href":"https:\/\/amannforg.com\/fr\/wp-json\/wp\/v2\/types\/product"}],"replies":[{"embeddable":true,"href":"https:\/\/amannforg.com\/fr\/wp-json\/wp\/v2\/comments?post=48042"}],"version-history":[{"count":1,"href":"https:\/\/amannforg.com\/fr\/wp-json\/wp\/v2\/product\/48042\/revisions"}],"predecessor-version":[{"id":58197,"href":"https:\/\/amannforg.com\/fr\/wp-json\/wp\/v2\/product\/48042\/revisions\/58197"}],"wp:featuredmedia":[{"embeddable":true,"href":"https:\/\/amannforg.com\/fr\/wp-json\/wp\/v2\/media\/48065"}],"wp:attachment":[{"href":"https:\/\/amannforg.com\/fr\/wp-json\/wp\/v2\/media?parent=48042"}],"wp:term":[{"taxonomy":"product_brand","embeddable":true,"href":"https:\/\/amannforg.com\/fr\/wp-json\/wp\/v2\/product_brand?post=48042"},{"taxonomy":"product_cat","embeddable":true,"href":"https:\/\/amannforg.com\/fr\/wp-json\/wp\/v2\/product_cat?post=48042"},{"taxonomy":"product_tag","embeddable":true,"href":"https:\/\/amannforg.com\/fr\/wp-json\/wp\/v2\/product_tag?post=48042"},{"taxonomy":"models","embeddable":true,"href":"https:\/\/amannforg.com\/fr\/wp-json\/wp\/v2\/models?post=48042"},{"taxonomy":"years","embeddable":true,"href":"https:\/\/amannforg.com\/fr\/wp-json\/wp\/v2\/years?post=48042"}],"curies":[{"name":"wp","href":"https:\/\/api.w.org\/{rel}","templated":true}]}}