{"id":48223,"date":"2026-03-11T11:58:45","date_gmt":"2026-03-11T11:58:45","guid":{"rendered":"https:\/\/amannforg.com\/?post_type=product&#038;p=48223"},"modified":"2026-03-13T11:19:54","modified_gmt":"2026-03-13T11:19:54","slug":"dreame-z10-akku-stabstaubsauger210aw90min-laufzeith14-hepa-9999-reinigungsratestaubsicht-tech-fuer-alle-boedenauto-erkennungsaugkraft-anpassung","status":"publish","type":"product","link":"https:\/\/amannforg.com\/fr\/produit\/dreame-z10-akku-stabstaubsauger210aw90min-laufzeith14-hepa-9999-reinigungsratestaubsicht-tech-fuer-alle-boedenauto-erkennungsaugkraft-anpassung\/","title":{"rendered":"Dreame Z10 Akku-Stabstaubsauger,210AW,90min Laufzeit,H14-HEPA, 99,99% Reinigungsrate,Staubsicht-Tech f\u00fcr alle B\u00f6den,Auto-Erkennung&#038;Saugkraft-Anpassung"},"content":{"rendered":"<div>\n<ul>\n<li>\n<p><strong>Dauerhafte Leistung<\/strong><\/p>\n<\/li>\n<li>\n<p><strong>Hohe Filterleistung f\u00fcr null Staub<\/strong><\/p>\n<\/li>\n<li>\n<p><strong>Intelligente Nutzung, einfache Wartung<\/strong><\/p>\n<\/li>\n<li>\n<p><strong>Macht Schmutz mit Licht sichtbar<\/strong><\/p>\n<\/li>\n<li>\n<p><strong>Jeder Aufgabe gewachsen<\/strong><\/p>\n<\/li>\n<\/ul>\n<ol>\n<li>\n<p>Mit einer hohen Saugkraft von bis zu 210 AW* und einem hochdrehenden Motor, der mit 140.000 U\/min* l\u00e4uft, reinigt der Dreame Z10 Teppiche und Hartb\u00f6den effizient. Dank seines starken Akkus kann er im Eco-Modus mit dem Kombiwerkzeug bis zu 90 Minuten lang ununterbrochen arbeiten und so Schmutz und Ablagerungen m\u00fchelos beseitigen<\/p>\n<\/li>\n<li>\n<p>Verabschieden Sie sich von l\u00e4stigem Staub mit einer Filterung von 99,99 %. Das umfassende H14*-HEPA-Filtersystem des Z10 f\u00e4ngt Staub und Partikel bis zu einer Gr\u00f6\u00dfe von 0,3 Mikrometern auf, stoppt damit Allergene und verhindert ihre erneute Freisetzung<\/p>\n<\/li>\n<li>\n<p>Die Schmutzerkennung des Z10 passt die Saugleistung automatisch an und das LED-Display h\u00e4lt Sie auf dem Laufenden, w\u00e4hrend der Z10 mit Pr\u00e4zision und Effizienz den Schmutz beseitigt und eine gr\u00fcndliche Reinigung durchf\u00fchrt. Dank des 0,8-Liter-Staubbeh\u00e4lters und der Zubeh\u00f6rhalterung l\u00e4sst sich der Z10 einfach aufbewahren und ist immer f\u00fcr den n\u00e4chsten Reinigungseinsatz bereit<\/p>\n<\/li>\n<li>\n<p>Die verhedderungfreien Multifl\u00e4chen-Rollenb\u00fcrsten mit CelesTect bieten mehr als herk\u00f6mmliche Reinigung. Ob Teppiche oder Hartb\u00f6den, mit dem Licht wird versteckter Staub sichtbar gemacht \u2013 f\u00fcr eine gr\u00fcndliche Reinigung Ihres gesamten Zuhauses<\/p>\n<\/li>\n<li>\n<p>Die vielseitigen Aufs\u00e4tze des Z10 eignen sich f\u00fcr verschiedene Reinigungsaufgaben, vom Entfernen von Tierhaaren \u00fcber die Reinigung empfindlicher Oberfl\u00e4chen bis hin zu engen und schwer zug\u00e4nglichen Stellen. Mit diesen Aufs\u00e4tzen gelingt Ihnen eine gr\u00fcndlichere Reinigung mit weniger Aufwand<\/p>\n<\/li>\n<\/ol>\n<\/div>\n<p> , <!----><!----><\/p>\n<section aria-label=\"Produktdaten\">\n<dl class=\"pdp-attribute-list\"><!--[--><\/p>\n<div class=\"pdp-attribute-list__item--single-row pdp-attribute-list__item\">\n<dt data-test=\"attribute-list-title\" class=\"pdp-attribute-list__title\">Farbe<\/dt>\n<dd class=\"pdp-attribute-list__values\" data-test=\"attribute-list-values\"><!--[--><\/p>\n<div data-test-item_text=\"Schwarz\" class=\"pdp-attribute-list__value\">\n<div class=\"pdp-attribute-list__item-text\">\n<div>Schwarz<\/div>\n<\/div>\n<\/div>\n<p><!--]--><\/dd>\n<\/div>\n<div class=\"pdp-attribute-list__item--single-row pdp-attribute-list__item\">\n<dt data-test=\"attribute-list-title\" class=\"pdp-attribute-list__title\">Leistung<\/dt>\n<dd class=\"pdp-attribute-list__values\" data-test=\"attribute-list-values\"><!--[--><\/p>\n<div data-test-item_text=\"210 W\" class=\"pdp-attribute-list__value\">\n<div class=\"pdp-attribute-list__item-text\">\n<div>210 W<\/div>\n<\/div>\n<\/div>\n<p><!--]--><\/dd>\n<\/div>\n<div class=\"pdp-attribute-list__item--single-row pdp-attribute-list__item\">\n<dt data-test=\"attribute-list-title\" class=\"pdp-attribute-list__title\">Ma\u00dfe<\/dt>\n<dd class=\"pdp-attribute-list__values\" data-test=\"attribute-list-values\"><!--[--><\/p>\n<div data-test-item_text=\"26*26*112 cm\" class=\"pdp-attribute-list__value\">\n<div class=\"pdp-attribute-list__item-text\">\n<div>26*26*112 cm<\/div>\n<\/div>\n<\/div>\n<p><!--]--><\/dd>\n<\/div>\n<div class=\"pdp-attribute-list__item--single-row pdp-attribute-list__item\">\n<dt data-test=\"attribute-list-title\" class=\"pdp-attribute-list__title\">Hersteller<\/dt>\n<dd class=\"pdp-attribute-list__values\" data-test=\"attribute-list-values\"><!--[--><\/p>\n<div data-test-item_text=\"Dreame\" class=\"pdp-attribute-list__value\"><a class=\"rd-link rd-link--primary pdp-attribute-list__link\" href=\"https:\/\/www.kaufland.de\/m\/dreame\/~1432313\/\"><!--[--><!--]--><span class=\"rd-link__text\"><!--[--><\/p>\n<div><span>Dreame<\/span><\/div>\n<p><!--]--><\/span><!----><\/a><\/div>\n<p><!--]--><\/dd>\n<\/div>\n<div class=\"pdp-attribute-list__item--single-row pdp-attribute-list__item\">\n<dt data-test=\"attribute-list-title\" class=\"pdp-attribute-list__title\">Version<\/dt>\n<dd class=\"pdp-attribute-list__values\" data-test=\"attribute-list-values\"><!--[--><\/p>\n<div data-test-item_text=\"Mit H14-HEPA-Filter; Mit 210 AW Saugleistung ;Mit CelesTect\u2122 Anti-Tangle\" class=\"pdp-attribute-list__value\">\n<div class=\"pdp-attribute-list__item-text\">\n<div>Mit H14-HEPA-Filter; Mit 210 AW Saugleistung ;Mit CelesTect\u2122 Anti-Tangle<\/div>\n<\/div>\n<\/div>\n<p><!--]--><\/dd>\n<\/div>\n<div class=\"pdp-attribute-list__item\">\n<dt data-test=\"attribute-list-title\" class=\"pdp-attribute-list__title\">Lieferumfang<\/dt>\n<dd class=\"pdp-attribute-list__values\" data-test=\"attribute-list-values\"><!--[--><\/p>\n<div data-test-item_text=\"Kombiwerkzeug*1\nVerl\u00e4ngerungsstange *1\nLade-und Aufbewahrungshalterung*1\nFlexibler Adapter*1\nHauptteil*1\nMultifl\u00e4chenb\u00fcrste mit Beleuchtung*1\nElektrische Mini-B\u00fcrste *1\" class=\"pdp-attribute-list__value\"><\/p>\n<div class=\"pdp-attribute-list__item-text\">\n<div>Kombiwerkzeug*1<br \/>\nVerl\u00e4ngerungsstange *1<br \/>\nLade-und Aufbewahrungshalterung*1<br \/>\nFlexibler Adapter*1<br \/>\nHauptteil*1<br \/>\nMultifl\u00e4chenb\u00fcrste mit Beleuchtung*1<br \/>\nElektrische Mini-B\u00fcrste *1<\/div>\n<\/div>\n<\/div>\n<p><!--]--><\/dd>\n<\/div>\n<div class=\"pdp-attribute-list__item--single-row pdp-attribute-list__item\">\n<dt data-test=\"attribute-list-title\" class=\"pdp-attribute-list__title\">Gewicht<\/dt>\n<dd class=\"pdp-attribute-list__values\" data-test=\"attribute-list-values\"><!--[--><\/p>\n<div data-test-item_text=\"8.8 kg\" class=\"pdp-attribute-list__value\">\n<div class=\"pdp-attribute-list__item-text\">\n<div>8.8 kg<\/div>\n<\/div>\n<\/div>\n<p><!--]--><\/dd>\n<\/div>\n<div class=\"pdp-attribute-list__item--single-row pdp-attribute-list__item\">\n<dt data-test=\"attribute-list-title\" class=\"pdp-attribute-list__title\">Modell<\/dt>\n<dd class=\"pdp-attribute-list__values\" data-test=\"attribute-list-values\"><!--[--><\/p>\n<div data-test-item_text=\"2025\" class=\"pdp-attribute-list__value\">\n<div class=\"pdp-attribute-list__item-text\">\n<div>2025<\/div>\n<\/div>\n<\/div>\n<p><!--]--><\/dd>\n<\/div>\n<div class=\"pdp-attribute-list__item--single-row pdp-attribute-list__item\">\n<dt data-test=\"attribute-list-title\" class=\"pdp-attribute-list__title\">Herstellernummer<\/dt>\n<dd class=\"pdp-attribute-list__values\" data-test=\"attribute-list-values\"><!--[--><\/p>\n<div data-test-item_text=\"Dreame Z10-95\" class=\"pdp-attribute-list__value\">\n<div class=\"pdp-attribute-list__item-text\">\n<div>Dreame Z10-95<\/div>\n<\/div>\n<\/div>\n<p><!--]--><\/dd>\n<\/div>\n<div class=\"pdp-attribute-list__item--single-row pdp-attribute-list__item\">\n<dt data-test=\"attribute-list-title\" class=\"pdp-attribute-list__title\">EAN<\/dt>\n<dd class=\"pdp-attribute-list__values\" data-test=\"attribute-list-values\"><!--[--><\/p>\n<div data-test-item_text=\"9344458325805\" class=\"pdp-attribute-list__value\">\n<div class=\"pdp-attribute-list__item-text\">\n<div>9344458325805<\/div>\n<\/div>\n<\/div>\n<p><!--]--><\/dd>\n<\/div>\n<p><!--]--><\/dl>\n<\/section>\n","protected":false},"excerpt":{"rendered":"<p>, , <\/p>\n<dt data-test=\"attribute-list-title\" class=\"pdp-attribute-list__title\">Lieferumfang<\/dt>\n<dd class=\"pdp-attribute-list__values\" data-test=\"attribute-list-values\"><!--[--><\/p>\n<div data-test-item_text=\"Kombiwerkzeug*1\nVerl\u00e4ngerungsstange *1\nLade-und Aufbewahrungshalterung*1\nFlexibler Adapter*1\nHauptteil*1\nMultifl\u00e4chenb\u00fcrste mit Beleuchtung*1\nElektrische Mini-B\u00fcrste *1\" class=\"pdp-attribute-list__value\"><\/p>\n<div class=\"pdp-attribute-list__item-text\">\n<div>Kombiwerkzeug*1<br \/>\nVerl\u00e4ngerungsstange *1<br \/>\nLade-und Aufbewahrungshalterung*1<br \/>\nFlexibler Adapter*1<br \/>\nHauptteil*1<br \/>\nMultifl\u00e4chenb\u00fcrste mit Beleuchtung*1<br \/>\nElektrische Mini-B\u00fcrste *1<\/div>\n<\/div>\n<\/div>\n<p><!--]--><\/dd>\n","protected":false},"featured_media":58566,"comment_status":"open","ping_status":"closed","template":"","meta":{"_monsterinsights_skip_tracking":false,"_monsterinsights_sitenote_active":false,"_monsterinsights_sitenote_note":"","_monsterinsights_sitenote_category":0,"_uf_show_specific_survey":0,"_uf_disable_surveys":false},"product_brand":[],"product_cat":[518],"product_tag":[],"models":[],"years":[],"class_list":{"0":"post-48223","1":"product","2":"type-product","3":"status-publish","4":"has-post-thumbnail","6":"product_cat-haushaltskleingerate","8":"first","9":"instock","10":"sale","11":"featured","12":"shipping-taxable","13":"purchasable","14":"product-type-simple"},"aioseo_notices":[],"acf":[],"_links":{"self":[{"href":"https:\/\/amannforg.com\/fr\/wp-json\/wp\/v2\/product\/48223","targetHints":{"allow":["GET"]}}],"collection":[{"href":"https:\/\/amannforg.com\/fr\/wp-json\/wp\/v2\/product"}],"about":[{"href":"https:\/\/amannforg.com\/fr\/wp-json\/wp\/v2\/types\/product"}],"replies":[{"embeddable":true,"href":"https:\/\/amannforg.com\/fr\/wp-json\/wp\/v2\/comments?post=48223"}],"version-history":[{"count":1,"href":"https:\/\/amannforg.com\/fr\/wp-json\/wp\/v2\/product\/48223\/revisions"}],"predecessor-version":[{"id":58576,"href":"https:\/\/amannforg.com\/fr\/wp-json\/wp\/v2\/product\/48223\/revisions\/58576"}],"wp:featuredmedia":[{"embeddable":true,"href":"https:\/\/amannforg.com\/fr\/wp-json\/wp\/v2\/media\/58566"}],"wp:attachment":[{"href":"https:\/\/amannforg.com\/fr\/wp-json\/wp\/v2\/media?parent=48223"}],"wp:term":[{"taxonomy":"product_brand","embeddable":true,"href":"https:\/\/amannforg.com\/fr\/wp-json\/wp\/v2\/product_brand?post=48223"},{"taxonomy":"product_cat","embeddable":true,"href":"https:\/\/amannforg.com\/fr\/wp-json\/wp\/v2\/product_cat?post=48223"},{"taxonomy":"product_tag","embeddable":true,"href":"https:\/\/amannforg.com\/fr\/wp-json\/wp\/v2\/product_tag?post=48223"},{"taxonomy":"models","embeddable":true,"href":"https:\/\/amannforg.com\/fr\/wp-json\/wp\/v2\/models?post=48223"},{"taxonomy":"years","embeddable":true,"href":"https:\/\/amannforg.com\/fr\/wp-json\/wp\/v2\/years?post=48223"}],"curies":[{"name":"wp","href":"https:\/\/api.w.org\/{rel}","templated":true}]}}