{"id":48599,"date":"2026-03-11T12:30:51","date_gmt":"2026-03-11T12:30:51","guid":{"rendered":"https:\/\/amannforg.com\/?post_type=product&#038;p=48599"},"modified":"2026-03-13T11:19:32","modified_gmt":"2026-03-13T11:19:32","slug":"dreame-x50-master-staubsaugerroboter-mit-249cm-basisstationautomatisches-nachfuellen%ef%bc%86entleerennachlaufsystemai-hindernisvermeidung20000pa-schwarz","status":"publish","type":"product","link":"https:\/\/amannforg.com\/fr\/produit\/dreame-x50-master-staubsaugerroboter-mit-249cm-basisstationautomatisches-nachfuellen%ef%bc%86entleerennachlaufsystemai-hindernisvermeidung20000pa-schwarz\/","title":{"rendered":"DREAME X50 Master Staubsaugerroboter mit 24,9cm Basisstation,Automatisches Nachf\u00fcllen\uff06Entleeren,Nachlaufsystem,AI Hindernisvermeidung,20000Pa, Schwarz"},"content":{"rendered":"<div>\n<p>\u25bc<b>Elegant and compact design:<\/b>with its ultra-compact 24.9 cm design, the X50 Master fits well into modern rooms and impresses with functions for automatic refilling and emptying as well as mop cleaning with hot water. The all-in-1 power dock with<\/p>\n<p>    UV lights ensures that your home becomes even more hygienic &#8211; thanks to cleaning without manual effort and reliable removal of bacteria<\/p>\n<p>\u25bc<b>Obstacles don&#8217;t stand a chance:<\/b> The built-in ProLeap system allows the robot vacuum cleaner to cope with obstacles such as door rails, thresholds or treacherous pieces of furniture without problems. The robot can overcome obstacles up to a height<\/p>\n<p>    of 6 cm, while its shock-absorbing legs protect floors and furniture<\/p>\n<p>\u25bc<b>Smooth navigation:<\/b> VersaLift ensures that sensors are retracted in tight places, while the AI of 3Dadapt detects up to 200 items and ensures that the robot moves easily through areas with many objects<\/p>\n<p>\u25bc<b>Clean without tangled hair:<\/b>The HyperStream Detangling DuoBrush detangles hair and even tames strands of up to 30 cm long. The air duct is shaped so that hair is stirred up and absorbed. The rubber brush and TPU rubber brush with soft nylon bristles<\/p>\n<p>    and TPU rubber ensure quiet and thorough cleaning on all floors<\/p>\n<p>\u25bc<b>Unmatched suction power:<\/b> the TurboForce motor provides a pre-max suction power of 20,000 Pa. So the X50 Master can collect 99.99% of hair &#8211; and this with pleasantly quiet operating volume that does not disturb you<\/p>\n<p>\u25bc<b>Double arms for double results:<\/b> The Dual Flex Arm technology extends the side brush and mop to clean in corners and under furniture. The newly designed brush design prevents hair from getting caught, ensuring thorough cleaning, even in hard-to-reach<\/p>\n<p>    places<\/p>\n<p>\u25bc<b>The right care for your carpets:<\/b>five modes are available to customise your cleaning to your needs: remove mops for carpet cleaning, lift mops to clean short pile carpets, dodge carpets, suction power reinforcement or two passes for intensive<\/p>\n<p>    carpet cleaning<\/p>\n<p><b>Besondere Merkmale:<\/b><\/p>\n<ul>\n<li>Erleben Sie das erste ProLeap\u2122-System der Branche | Meisterwerk<\/li>\n<\/ul>\n<ul>\n<li>\u00dcberwindet Hindernisse bis zu 6 cm | Senkt sich bis zu 89 mm<\/li>\n<\/ul>\n<ul>\n<li>VersaLift\u2122-Navigation f\u00fcr die Reinigung kleiner R\u00e4ume | 360\u00b0-Scan<\/li>\n<\/ul>\n<ul>\n<li>Erreichen Sie mehr mit SideReach\u2122 | Genie\u00dfen Sie eine ruhige, verwicklungsfreie Reinigung<\/li>\n<\/ul>\n<ul>\n<li>Verbessertes AceClean\u2122-Trockenbrett | Ber\u00fchrfreies, stressfreies Reinigen<\/li>\n<\/ul>\n<p><b>Technische Daten:<\/b><\/p>\n<p>Maximale Saugleistung: 20000 Pa<\/p>\n<p>Navigation: Versalift LDS<\/p>\n<p>Hindernisvermeidung: Doppellinienlaser + KI + RGB + LED<\/p>\n<p>Anzahl Seitenb\u00fcrsten: 1<\/p>\n<p>Hauptb\u00fcrstentyp: Duo-Gummi- &amp; Borstenb\u00fcrste<\/p>\n<p>Hauptb\u00fcrstenfunktion: Anti-Twist &amp; anhebbar<\/p>\n<p>Hauptb\u00fcrstenanhebung: Automatisch<\/p>\n<p>Teppicherkennung: Ultraschall<\/p>\n<p>Staubbeh\u00e4ltergr\u00f6\u00dfe: 395 ml<\/p>\n<p>Schwellen\u00fcberschreitung: 6 cm<\/p>\n<p>Ger\u00e4uschpegel: \u2264 75 dB(A)<\/p>\n<p>Wischfunktion: Doppel-Rotationsmopps &amp; Moppverl\u00e4ngerung<\/p>\n<p>Hauptwasserbeh\u00e4ltergr\u00f6\u00dfe: 80 ml<\/p>\n<p>Automatische Moppaushebung (mm): 10,5 mm<\/p>\n<p>Akkukapazit\u00e4t: 6400 mAh Lithium-Ionen<\/p>\n<p>Laufzeit (Saugen und Wischen): 150\/130\/110 Min.<\/p>\n<p>Laufzeit (Saugen): 200\/170\/100 Min.<\/p>\n<p>Wischmoppreinigung mit hei\u00dfem Wasser: 80 \u00b0C<\/p>\n<p>Automatische Wischmopptrocknung: Hei\u00dflufttrocknung 45 \u00b0C<\/p>\n<p>Staubbeutelvolumen: 3,2 l<\/p>\n<p>Nennleistung der Staubabsaugung: 600 W<\/p>\n<p>Seitenb\u00fcrstenhub: Ja<\/p>\n<p>Seitenb\u00fcrstenausfahrbarkeit: Ja<\/p>\n<p>Echtzeitkamera: Ja<\/p>\n<p>Zweiwege-Richtungserkennung: Ja<\/p>\n<p>Sprachkommunikation: Ja<\/p>\n<p>Kompatibilit\u00e4t mit Alexa, Siri und Google Assistant: Ja<\/p>\n<p>Integrierte LED: Ja<\/p>\n<p>Wischmoppausfahrbarkeit: Ja<\/p>\n<p>K\u00f6rperschwenkung f\u00fcr Kantenreinigung: Ja<\/p>\n<p>Automatische Wischmoppabnahme: Ja<\/p>\n<p>Schnelleres Laden: Ja<\/p>\n<p>Automatische L\u00f6sung Hinzuf\u00fcgen: Ja<\/p>\n<p>Wasseranschluss-Kit zum automatischen Nachf\u00fcllen und Entleeren: Ja<\/p>\n<p>Schmutzerkennung: Ja<\/p>\n<p>Waschbrettreinigung: Ja<\/p>\n<p><b>Lieferumfang:<\/b><\/p>\n<p>Ladestation x 1<\/p>\n<p>Roboter x 1<\/p>\n<p>Hauptb\u00fcrste (vorinstalliert) x 1<\/p>\n<p>B\u00fcrstenschutz (vorinstalliert) x 1<\/p>\n<p>Seitenb\u00fcrste (vorinstalliert) x 1<\/p>\n<p>Kalkschutz (vorinstalliert) x 1<\/p>\n<p>Staubbeh\u00e4lter (vorinstalliert, inkl. Staubbeh\u00e4lterfilter) x 1<\/p>\n<p>Wischpadhalter x 2<\/p>\n<p>Seitenb\u00fcrste x 1<\/p>\n<p>Staubbeutel (vorinstalliert) x 2<\/p>\n<p>Reinigungswerkzeug x 1<\/p>\n<p>200 ml Reinigungsl\u00f6sung x 1<\/p>\n<p>Rampenverl\u00e4ngerung f\u00fcr die Ladestation x 1<\/p>\n<p>Kurzanleitung x 1<\/p>\n<p>Benutzerhandbuch x 1<\/p>\n<p><b>Reinigt:<\/b><\/p>\n<p>Wasserflecken, Getr\u00e4nke, Milch, Kaffee, Haare und Tierhaare, Wein, Bier, Obstkr\u00fcmel, Staub und Schmutz, Papierreste und -abf\u00e4lle, kurzhaarige Teppiche, starken Staub, klebrigen M\u00fcll usw.<\/p>\n<\/div>\n<p> , <!----><!----><\/p>\n<section aria-label=\"Produktdaten\">\n<dl class=\"pdp-attribute-list\"><!--[--><\/p>\n<div class=\"pdp-attribute-list__item--single-row pdp-attribute-list__item\">\n<dt data-test=\"attribute-list-title\" class=\"pdp-attribute-list__title\">Modell<\/dt>\n<dd class=\"pdp-attribute-list__values\" data-test=\"attribute-list-values\"><!--[--><\/p>\n<div data-test-item_text=\"2025\" class=\"pdp-attribute-list__value\">\n<div class=\"pdp-attribute-list__item-text\">\n<div>2025<\/div>\n<\/div>\n<\/div>\n<p><!--]--><\/dd>\n<\/div>\n<div class=\"pdp-attribute-list__item--single-row pdp-attribute-list__item\">\n<dt data-test=\"attribute-list-title\" class=\"pdp-attribute-list__title\">Hersteller<\/dt>\n<dd class=\"pdp-attribute-list__values\" data-test=\"attribute-list-values\"><!--[--><\/p>\n<div data-test-item_text=\"Dreame\" class=\"pdp-attribute-list__value\"><a class=\"rd-link rd-link--primary pdp-attribute-list__link\" href=\"https:\/\/www.kaufland.de\/m\/dreame\/~1432313\/\"><!--[--><!--]--><span class=\"rd-link__text\"><!--[--><\/p>\n<div><span>Dreame<\/span><\/div>\n<p><!--]--><\/span><!----><\/a><\/div>\n<p><!--]--><\/dd>\n<\/div>\n<div class=\"pdp-attribute-list__item\">\n<dt data-test=\"attribute-list-title\" class=\"pdp-attribute-list__title\">Lieferumfang<\/dt>\n<dd class=\"pdp-attribute-list__values\" data-test=\"attribute-list-values\"><!--[--><\/p>\n<div data-test-item_text=\"Ladestation x 1, Roboter x 1, Hauptb\u00fcrste (vorinstalliert) x 1, B\u00fcrstenschutz (vorinstalliert) x 1, Seitenb\u00fcrste (vorinstalliert) x 1, Kalkschutz (vorinstalliert) x 1, Staubbeh\u00e4lter (vorinstalliert, inkl. Staubbeh\u00e4lterfilter) x 1, Wischpadhalter x 2, Seitenb\u00fcrste x 1, Staubbeutel (vorinstalliert) x 2, Reinigungswerkzeug x 1, 200 ml Reinigungsl\u00f6sung x 1, Rampenverl\u00e4ngerung f\u00fcr die Ladestation x 1, Kurzanleitung x 1, Benutzerhandbuch x 1\" class=\"pdp-attribute-list__value\">\n<div class=\"pdp-attribute-list__item-text\">\n<div>Ladestation x 1, Roboter x 1, Hauptb\u00fcrste (vorinstalliert) x 1, B\u00fcrstenschutz (vorinstalliert) x 1, Seitenb\u00fcrste (vorinstalliert) x 1, Kalkschutz (vorinstalliert) x 1, Staubbeh\u00e4lter (vorinstalliert, inkl. Staubbeh\u00e4lterfilter) x 1, Wischpadhalter x 2, Seitenb\u00fcrste x 1, Staubbeutel (vorinstalliert) x 2, Reinigungswerkzeug x 1, 200 ml Reinigungsl\u00f6sung x 1, Rampenverl\u00e4ngerung f\u00fcr die Ladestation x 1, Kurzanleitung x 1, Benutzerhandbuch x 1<\/div>\n<\/div>\n<\/div>\n<p><!--]--><\/dd>\n<\/div>\n<div class=\"pdp-attribute-list__item--single-row pdp-attribute-list__item\">\n<dt data-test=\"attribute-list-title\" class=\"pdp-attribute-list__title\">Ma\u00dfe<\/dt>\n<dd class=\"pdp-attribute-list__values\" data-test=\"attribute-list-values\"><!--[--><\/p>\n<div data-test-item_text=\"41.8*41,6*24,9 cm\" class=\"pdp-attribute-list__value\">\n<div class=\"pdp-attribute-list__item-text\">\n<div>41.8*41,6*24,9 cm<\/div>\n<\/div>\n<\/div>\n<p><!--]--><\/dd>\n<\/div>\n<div class=\"pdp-attribute-list__item--single-row pdp-attribute-list__item\">\n<dt data-test=\"attribute-list-title\" class=\"pdp-attribute-list__title\">Farbe<\/dt>\n<dd class=\"pdp-attribute-list__values\" data-test=\"attribute-list-values\"><!--[--><\/p>\n<div data-test-item_text=\"Schwarz\" class=\"pdp-attribute-list__value\">\n<div class=\"pdp-attribute-list__item-text\">\n<div>Schwarz<\/div>\n<\/div>\n<\/div>\n<p><!--]--><\/dd>\n<\/div>\n<div class=\"pdp-attribute-list__item--single-row pdp-attribute-list__item\">\n<dt data-test=\"attribute-list-title\" class=\"pdp-attribute-list__title\">Leistung<\/dt>\n<dd class=\"pdp-attribute-list__values\" data-test=\"attribute-list-values\"><!--[--><\/p>\n<div data-test-item_text=\"600 W\" class=\"pdp-attribute-list__value\">\n<div class=\"pdp-attribute-list__item-text\">\n<div>600 W<\/div>\n<\/div>\n<\/div>\n<p><!--]--><\/dd>\n<\/div>\n<div class=\"pdp-attribute-list__item--single-row pdp-attribute-list__item\">\n<dt data-test=\"attribute-list-title\" class=\"pdp-attribute-list__title\">Breite<\/dt>\n<dd class=\"pdp-attribute-list__values\" data-test=\"attribute-list-values\"><!--[--><\/p>\n<div data-test-item_text=\"35 cm\" class=\"pdp-attribute-list__value\">\n<div class=\"pdp-attribute-list__item-text\">\n<div>35 cm<\/div>\n<\/div>\n<\/div>\n<p><!--]--><\/dd>\n<\/div>\n<div class=\"pdp-attribute-list__item--single-row pdp-attribute-list__item\">\n<dt data-test=\"attribute-list-title\" class=\"pdp-attribute-list__title\">Smart Home kompatibel<\/dt>\n<dd class=\"pdp-attribute-list__values\" data-test=\"attribute-list-values\"><!--[--><\/p>\n<div data-test-item_text=\"Ja\" class=\"pdp-attribute-list__value\"><a class=\"rd-link rd-link--primary pdp-attribute-list__link\" href=\"https:\/\/www.kaufland.de\/c\/staubsauger-roboter\/smart-home\/~32011\/ref-3488=t\/\"><!--[--><!--]--><span class=\"rd-link__text\"><!--[--><\/p>\n<div><span>Ja<\/span><\/div>\n<p><!--]--><\/span><!----><\/a><\/div>\n<p><!--]--><\/dd>\n<\/div>\n<div class=\"pdp-attribute-list__item--single-row pdp-attribute-list__item\">\n<dt data-test=\"attribute-list-title\" class=\"pdp-attribute-list__title\">Wischfunktion<\/dt>\n<dd class=\"pdp-attribute-list__values\" data-test=\"attribute-list-values\"><!--[--><\/p>\n<div data-test-item_text=\"Ja\" class=\"pdp-attribute-list__value\">\n<div class=\"pdp-attribute-list__item-text\">\n<div>Ja<\/div>\n<\/div>\n<\/div>\n<p><!--]--><\/dd>\n<\/div>\n<div class=\"pdp-attribute-list__item--single-row pdp-attribute-list__item\">\n<dt data-test=\"attribute-list-title\" class=\"pdp-attribute-list__title\">Gewicht<\/dt>\n<dd class=\"pdp-attribute-list__values\" data-test=\"attribute-list-values\"><!--[--><\/p>\n<div data-test-item_text=\"13.74 kg\" class=\"pdp-attribute-list__value\">\n<div class=\"pdp-attribute-list__item-text\">\n<div>13.74 kg<\/div>\n<\/div>\n<\/div>\n<p><!--]--><\/dd>\n<\/div>\n<div class=\"pdp-attribute-list__item--single-row pdp-attribute-list__item\">\n<dt data-test=\"attribute-list-title\" class=\"pdp-attribute-list__title\">Fassungsverm\u00f6gen des Wassertanks<\/dt>\n<dd class=\"pdp-attribute-list__values\" data-test=\"attribute-list-values\"><!--[--><\/p>\n<div data-test-item_text=\"0.08 l\" class=\"pdp-attribute-list__value\">\n<div class=\"pdp-attribute-list__item-text\">\n<div>0.08 l<\/div>\n<\/div>\n<\/div>\n<p><!--]--><\/dd>\n<\/div>\n<div class=\"pdp-attribute-list__item--single-row pdp-attribute-list__item\">\n<dt data-test=\"attribute-list-title\" class=\"pdp-attribute-list__title\">H\u00f6he<\/dt>\n<dd class=\"pdp-attribute-list__values\" data-test=\"attribute-list-values\"><!--[--><\/p>\n<div data-test-item_text=\"88 cm\" class=\"pdp-attribute-list__value\">\n<div class=\"pdp-attribute-list__item-text\">\n<div>88 cm<\/div>\n<\/div>\n<\/div>\n<p><!--]--><\/dd>\n<\/div>\n<div class=\"pdp-attribute-list__item--single-row pdp-attribute-list__item\">\n<dt data-test=\"attribute-list-title\" class=\"pdp-attribute-list__title\">L\u00e4nge<\/dt>\n<dd class=\"pdp-attribute-list__values\" data-test=\"attribute-list-values\"><!--[--><\/p>\n<div data-test-item_text=\"35 cm\" class=\"pdp-attribute-list__value\">\n<div class=\"pdp-attribute-list__item-text\">\n<div>35 cm<\/div>\n<\/div>\n<\/div>\n<p><!--]--><\/dd>\n<\/div>\n<div class=\"pdp-attribute-list__item--single-row pdp-attribute-list__item\">\n<dt data-test=\"attribute-list-title\" class=\"pdp-attribute-list__title\">Staubsauger Ausstattung<\/dt>\n<dd class=\"pdp-attribute-list__values\" data-test=\"attribute-list-values\"><!--[--><\/p>\n<div data-test-item_text=\"Mit Beutel\" class=\"pdp-attribute-list__value\">\n<div class=\"pdp-attribute-list__item-text\">\n<div>Mit Beutel<\/div>\n<\/div>\n<\/div>\n<p><!--]--><\/dd>\n<\/div>\n<div class=\"pdp-attribute-list__item--single-row pdp-attribute-list__item\">\n<dt data-test=\"attribute-list-title\" class=\"pdp-attribute-list__title\">EAN<\/dt>\n<dd class=\"pdp-attribute-list__values\" data-test=\"attribute-list-values\"><!--[--><\/p>\n<div data-test-item_text=\"9344458325065\" class=\"pdp-attribute-list__value\">\n<div class=\"pdp-attribute-list__item-text\">\n<div>9344458325065<\/div>\n<\/div>\n<\/div>\n<p><!--]--><\/dd>\n<\/div>\n<div class=\"pdp-attribute-list__item--single-row pdp-attribute-list__item\">\n<dt data-test=\"attribute-list-title\" class=\"pdp-attribute-list__title\">Herstellernummer<\/dt>\n<dd class=\"pdp-attribute-list__values\" data-test=\"attribute-list-values\"><!--[--><\/p>\n<div data-test-item_text=\"DREAME X50 Master\" class=\"pdp-attribute-list__value\">\n<div class=\"pdp-attribute-list__item-text\">\n<div>DREAME X50 Master<\/div>\n<\/div>\n<\/div>\n<p><!--]--><\/dd>\n<\/div>\n<p><!--]--><\/dl>\n<\/section>\n","protected":false},"excerpt":{"rendered":"<dt data-test=\"attribute-list-title\" class=\"pdp-attribute-list__title\">Herstellernummer<\/dt>\n<dd class=\"pdp-attribute-list__values\" data-test=\"attribute-list-values\"><!--[--><\/p>\n<div data-test-item_text=\"DREAME X50 Master\" class=\"pdp-attribute-list__value\">\n<div class=\"pdp-attribute-list__item-text\">\n<div>DREAME X50 Master<\/div>\n<\/div>\n<\/div>\n<p><!--]--><\/dd>\n<p>, <\/p>\n<dt data-test=\"attribute-list-title\" class=\"pdp-attribute-list__title\">Fassungsverm\u00f6gen des Wassertanks<\/dt>\n<dd class=\"pdp-attribute-list__values\" data-test=\"attribute-list-values\"><!--[--><\/p>\n<div data-test-item_text=\"0.08 l\" class=\"pdp-attribute-list__value\">\n<div class=\"pdp-attribute-list__item-text\">\n<div>0.08 l<\/div>\n<\/div>\n<\/div>\n<p><!--]--><\/dd>\n<p>, <\/p>\n<dt data-test=\"attribute-list-title\" class=\"pdp-attribute-list__title\">Leistung<\/dt>\n<dd class=\"pdp-attribute-list__values\" data-test=\"attribute-list-values\"><!--[--><\/p>\n<div data-test-item_text=\"600 W\" class=\"pdp-attribute-list__value\">\n<div class=\"pdp-attribute-list__item-text\">\n<div>600 W<\/div>\n<\/div>\n<\/div>\n<p><!--]--><\/dd>\n","protected":false},"featured_media":58599,"comment_status":"open","ping_status":"closed","template":"","meta":{"_monsterinsights_skip_tracking":false,"_monsterinsights_sitenote_active":false,"_monsterinsights_sitenote_note":"","_monsterinsights_sitenote_category":0,"_uf_show_specific_survey":0,"_uf_disable_surveys":false},"product_brand":[],"product_cat":[518],"product_tag":[],"models":[],"years":[],"class_list":{"0":"post-48599","1":"product","2":"type-product","3":"status-publish","4":"has-post-thumbnail","6":"product_cat-haushaltskleingerate","8":"first","9":"instock","10":"sale","11":"featured","12":"shipping-taxable","13":"purchasable","14":"product-type-simple"},"aioseo_notices":[],"acf":[],"_links":{"self":[{"href":"https:\/\/amannforg.com\/fr\/wp-json\/wp\/v2\/product\/48599","targetHints":{"allow":["GET"]}}],"collection":[{"href":"https:\/\/amannforg.com\/fr\/wp-json\/wp\/v2\/product"}],"about":[{"href":"https:\/\/amannforg.com\/fr\/wp-json\/wp\/v2\/types\/product"}],"replies":[{"embeddable":true,"href":"https:\/\/amannforg.com\/fr\/wp-json\/wp\/v2\/comments?post=48599"}],"version-history":[{"count":1,"href":"https:\/\/amannforg.com\/fr\/wp-json\/wp\/v2\/product\/48599\/revisions"}],"predecessor-version":[{"id":58609,"href":"https:\/\/amannforg.com\/fr\/wp-json\/wp\/v2\/product\/48599\/revisions\/58609"}],"wp:featuredmedia":[{"embeddable":true,"href":"https:\/\/amannforg.com\/fr\/wp-json\/wp\/v2\/media\/58599"}],"wp:attachment":[{"href":"https:\/\/amannforg.com\/fr\/wp-json\/wp\/v2\/media?parent=48599"}],"wp:term":[{"taxonomy":"product_brand","embeddable":true,"href":"https:\/\/amannforg.com\/fr\/wp-json\/wp\/v2\/product_brand?post=48599"},{"taxonomy":"product_cat","embeddable":true,"href":"https:\/\/amannforg.com\/fr\/wp-json\/wp\/v2\/product_cat?post=48599"},{"taxonomy":"product_tag","embeddable":true,"href":"https:\/\/amannforg.com\/fr\/wp-json\/wp\/v2\/product_tag?post=48599"},{"taxonomy":"models","embeddable":true,"href":"https:\/\/amannforg.com\/fr\/wp-json\/wp\/v2\/models?post=48599"},{"taxonomy":"years","embeddable":true,"href":"https:\/\/amannforg.com\/fr\/wp-json\/wp\/v2\/years?post=48599"}],"curies":[{"name":"wp","href":"https:\/\/api.w.org\/{rel}","templated":true}]}}