{"id":49655,"date":"2026-03-04T10:27:39","date_gmt":"2026-03-04T10:27:39","guid":{"rendered":"https:\/\/amannforg.com\/?post_type=product&#038;p=49655"},"modified":"2026-03-07T16:30:23","modified_gmt":"2026-03-07T16:30:23","slug":"razer-nommo-v2-pro-full-range-2-1-gaming-lautsprecher-subwoofer-fur-pc","status":"publish","type":"product","link":"https:\/\/amannforg.com\/fr\/produit\/razer-nommo-v2-pro-full-range-2-1-gaming-lautsprecher-subwoofer-fur-pc\/","title":{"rendered":"RAZER Nommo V2 Pro Full-Range-2.1 Gaming-Lautsprecher &#038; Subwoofer f\u00fcr PC"},"content":{"rendered":"<div class=\"article\">\n<div class=\"titlepage\">\n<h2 class=\"text-h3 mb-l\">1A SOUND. POSITIONSGENAUE AUDIOSIGNALE.<\/h2>\n<\/div>\n<p class=\"mb-l\">Erlebe absolute Power und Pr\u00e4zision, die dich umhauen werden, mit dem Razer Nommo V2 Pro \u2014 einem komplett ausgestatteten, Full-Range-Lautsprecher-System mit kabellosem Subwoofer. Dank der geballten Power von THX\u00ae Spatial Audio und Razer Chroma\u2122 RGB erlebst du ein cinematisches audio-visuelles Erlebnis ohne Gleichen.<\/p>\n<div class=\"formalpara\">\n<div class=\"titlepage\">\n<h2 class=\"text-h3 mb-l\">3-Zoll-Full-Range-Treiber mit Aluminium-Phase-Plugs &#8211; F\u00fcr eine nat\u00fcrliche, kristallklare Akustik<\/h2>\n<\/div>\n<p class=\"mb-l\">Genie\u00dfe absolut pr\u00e4zise reproduzierten Sound und eine optimale Klarheit dank einem Paar leistungsstarker 3-Zoll-Full-Range-Treiber, beide mit Aluminium- Phase-Plugs f\u00fcr minimale Schallreflexionen innerhalb der Lautsprecher.<\/p>\n<\/p><\/div>\n<div class=\"formalpara\">\n<div class=\"titlepage\">\n<h2 class=\"text-h3 mb-l\">Nach unten abstrahlender Subwoofer &#8211; Tiefer Bass und einfache Konnektivit\u00e4t<\/h2>\n<\/div>\n<p class=\"mb-l\">Der Subwoofer des Systems ist mit einem 5,5-Zoll-Treiber ausgestattet, der f\u00fcr einen satten, leistungsstarken Bass und raumf\u00fcllende Tiefen sorgt, und dank dem kabellosen Design hast du ein minimalistisches, aufger\u00e4umtes Setup mit m\u00f6glichst wenigen Kabeln.<\/p>\n<\/p><\/div>\n<div class=\"formalpara\">\n<div class=\"titlepage\">\n<h2 class=\"text-h3 mb-l\">Unterst\u00fctzt Razer\u2122 Wireless-Bedienungsmodul &#8211; Volle Kontrolle auf Tastendruck<\/h2>\n<\/div>\n<p class=\"mb-l\">Deinen Razer Nommo V2 Pro kannst du noch leichter bedienen, wenn du ihn mit dem im Lieferumfang enthaltenen Razer\u2122 Wireless-Bedienungsmodul koppelst. So kannst du die Lautst\u00e4rke, den EQ und noch viel mehr einfach noch bequemer anpassen.<\/p>\n<\/p><\/div>\n<div class=\"formalpara\">\n<div class=\"titlepage\">\n<h2 class=\"text-h3 mb-l\">Razer Chroma\u2122 RGB-R\u00fcckprojektionsbeleuchtung &#8211; Noch mehr Immersion und Anpassungsm\u00f6glichkeiten<\/h2>\n<\/div>\n<p class=\"mb-l\">Lass die Umgebung deines Setupsdank R\u00fcckprojektionszonen an beiden Lautsprechern zum Leben erwachen. W\u00e4hle unter zahllosen Mustern und erlebe noch mehr Immersion dank dynamischer Beleuchtungseffekte im Spiel.<\/p>\n<\/p><\/div>\n<div class=\"formalpara\">\n<div class=\"titlepage\">\n<h2 class=\"text-h3 mb-l\">THX\u00ae Spatial Audio &#8211; F\u00fcr ein breites, lebensechtes Klangbild<\/h2>\n<\/div>\n<p class=\"mb-l\">Unser modernster 7.1 Surround Sound sorgt f\u00fcr au\u00dfergew\u00f6hnlichen Klang und ein noch realistischeres, detailliertes Klangbild, durch das Filme, Spiele und Musik zum Leben erwachen.<\/p>\n<\/p><\/div>\n<div class=\"formalpara\">\n<div class=\"titlepage\">\n<h2 class=\"text-h3 mb-l\">Plattform\u00fcbergreifende Kompatibilit\u00e4t &#8211; Zu USB- und Bluetooth-Ger\u00e4ten<\/h2>\n<\/div>\n<p class=\"mb-l\">Erlebe satten, positionsabh\u00e4ngigen Sound auf einer Reihe verschiedener Plattformen \u2014 ob PC, PlayStation 4 und 5 per USB oder per Bluetooth mit einem mobilen Ger\u00e4t deiner Wahl oder Nintendo Switch.<\/p>\n<\/p><\/div>\n<\/p><\/div>\n<li class=\"mb-m\">\n<div class=\"flex flex-col m:flex-row gap-s m:gap-xl\">\n<div class=\"text-h3 min-w-[244px] max-w-[244px]\">Ger\u00e4tetyp<\/div>\n<div class=\"flex flex-col gap-s\"><span class=\"ml-3xs pl-[15px] relative before:absolute before:w-[8px] before:h-[8px] before:bg-dark before:top-[8px] before:left-0 before:rounded-full\">PC-Lautsprecher 2.1<\/span><span class=\"ml-3xs pl-[15px] relative before:absolute before:w-[8px] before:h-[8px] before:bg-dark before:top-[8px] before:left-0 before:rounded-full\">Nutzung mit &amp; ohne Kabel<\/span><\/div>\n<\/div>\n<\/li>\n<li class=\"mb-m\">\n<div class=\"flex flex-col m:flex-row gap-s m:gap-xl\">\n<div class=\"text-h3 min-w-[244px] max-w-[244px]\">Technische Daten<\/div>\n<div class=\"flex flex-col gap-s\"><span class=\"ml-3xs pl-[15px] relative before:absolute before:w-[8px] before:h-[8px] before:bg-dark before:top-[8px] before:left-0 before:rounded-full\">Frequenzbereich: 40Hz-20.000Hz<\/span><\/div>\n<\/div>\n<\/li>\n<li class=\"mb-m\">\n<div class=\"flex flex-col m:flex-row gap-s m:gap-xl\">\n<div class=\"text-h3 min-w-[244px] max-w-[244px]\">Funktionen<\/div>\n<div class=\"flex flex-col gap-s\"><span class=\"ml-3xs pl-[15px] relative before:absolute before:w-[8px] before:h-[8px] before:bg-dark before:top-[8px] before:left-0 before:rounded-full\">Bluetooth<\/span><span class=\"ml-3xs pl-[15px] relative before:absolute before:w-[8px] before:h-[8px] before:bg-dark before:top-[8px] before:left-0 before:rounded-full\">Integrierte Lautst\u00e4rkeregelung<\/span><\/div>\n<\/div>\n<\/li>\n<li class=\"mb-m\">\n<div class=\"flex flex-col m:flex-row gap-s m:gap-xl\">\n<div class=\"text-h3 min-w-[244px] max-w-[244px]\">Systemanforderungen<\/div>\n<div class=\"flex flex-col gap-s\"><span class=\"ml-3xs pl-[15px] relative before:absolute before:w-[8px] before:h-[8px] before:bg-dark before:top-[8px] before:left-0 before:rounded-full\">USB-Anschluss, Bluetooth, PC\/ Notebook, PlayStation, Smartphone<\/span><\/div>\n<\/div>\n<\/li>\n<li class=\"mb-m\">\n<div class=\"flex flex-col m:flex-row gap-s m:gap-xl\">\n<div class=\"text-h3 min-w-[244px] max-w-[244px]\">Allgemeine Daten<\/div>\n<div class=\"flex flex-col gap-s\"><span class=\"ml-3xs pl-[15px] relative before:absolute before:w-[8px] before:h-[8px] before:bg-dark before:top-[8px] before:left-0 before:rounded-full\">Farbe: schwarz<\/span><span class=\"ml-3xs pl-[15px] relative before:absolute before:w-[8px] before:h-[8px] before:bg-dark before:top-[8px] before:left-0 before:rounded-full\">Gewicht: 2650g<\/span><span class=\"ml-3xs pl-[15px] relative before:absolute before:w-[8px] before:h-[8px] before:bg-dark before:top-[8px] before:left-0 before:rounded-full\">Kabell\u00e4nge: 2m<\/span><\/div>\n<\/div>\n<\/li>\n<li class=\"mb-m\">\n<div class=\"flex flex-col m:flex-row gap-s m:gap-xl\">\n<div class=\"text-h3 min-w-[244px] max-w-[244px]\">Abmessungen<\/div>\n<div class=\"flex flex-col gap-s\"><span class=\"ml-3xs pl-[15px] relative before:absolute before:w-[8px] before:h-[8px] before:bg-dark before:top-[8px] before:left-0 before:rounded-full\">Abmessungen Subwoofer (H x B x T): 300 mm x 265 mm x 265 mm<\/span><\/div>\n<\/div>\n<\/li>\n","protected":false},"excerpt":{"rendered":"<li class=\"bullet-list-item\">Gaming-Lautsprecher mit kabellosem Subwoofer<\/li>\n<li class=\"bullet-list-item\">f\u00fcr PC, PlayStation 4, 5 und mobile Ger\u00e4te<\/li>\n<li class=\"bullet-list-item\">Bluetooth und USB (Typ C auf Typ A)<\/li>\n<li class=\"bullet-list-item\">Abmessungen (B x T x H): 130 x 181 x 184 mm<\/li>\n<p> Herstellernummer RZ05-04740100-R3G1<\/p>","protected":false},"featured_media":49656,"comment_status":"open","ping_status":"closed","template":"","meta":{"_monsterinsights_skip_tracking":false,"_monsterinsights_sitenote_active":false,"_monsterinsights_sitenote_note":"","_monsterinsights_sitenote_category":0,"_uf_show_specific_survey":0,"_uf_disable_surveys":false},"product_brand":[],"product_cat":[507],"product_tag":[],"models":[],"years":[],"class_list":{"0":"post-49655","1":"product","2":"type-product","3":"status-publish","4":"has-post-thumbnail","6":"product_cat-pc-lautsprecher","8":"first","9":"instock","10":"sale","11":"shipping-taxable","12":"purchasable","13":"product-type-simple"},"aioseo_notices":[],"acf":[],"_links":{"self":[{"href":"https:\/\/amannforg.com\/fr\/wp-json\/wp\/v2\/product\/49655","targetHints":{"allow":["GET"]}}],"collection":[{"href":"https:\/\/amannforg.com\/fr\/wp-json\/wp\/v2\/product"}],"about":[{"href":"https:\/\/amannforg.com\/fr\/wp-json\/wp\/v2\/types\/product"}],"replies":[{"embeddable":true,"href":"https:\/\/amannforg.com\/fr\/wp-json\/wp\/v2\/comments?post=49655"}],"version-history":[{"count":1,"href":"https:\/\/amannforg.com\/fr\/wp-json\/wp\/v2\/product\/49655\/revisions"}],"predecessor-version":[{"id":58232,"href":"https:\/\/amannforg.com\/fr\/wp-json\/wp\/v2\/product\/49655\/revisions\/58232"}],"wp:featuredmedia":[{"embeddable":true,"href":"https:\/\/amannforg.com\/fr\/wp-json\/wp\/v2\/media\/49656"}],"wp:attachment":[{"href":"https:\/\/amannforg.com\/fr\/wp-json\/wp\/v2\/media?parent=49655"}],"wp:term":[{"taxonomy":"product_brand","embeddable":true,"href":"https:\/\/amannforg.com\/fr\/wp-json\/wp\/v2\/product_brand?post=49655"},{"taxonomy":"product_cat","embeddable":true,"href":"https:\/\/amannforg.com\/fr\/wp-json\/wp\/v2\/product_cat?post=49655"},{"taxonomy":"product_tag","embeddable":true,"href":"https:\/\/amannforg.com\/fr\/wp-json\/wp\/v2\/product_tag?post=49655"},{"taxonomy":"models","embeddable":true,"href":"https:\/\/amannforg.com\/fr\/wp-json\/wp\/v2\/models?post=49655"},{"taxonomy":"years","embeddable":true,"href":"https:\/\/amannforg.com\/fr\/wp-json\/wp\/v2\/years?post=49655"}],"curies":[{"name":"wp","href":"https:\/\/api.w.org\/{rel}","templated":true}]}}