{"id":49735,"date":"2026-03-04T10:29:02","date_gmt":"2026-03-04T10:29:02","guid":{"rendered":"https:\/\/amannforg.com\/?post_type=product&#038;p=49735"},"modified":"2026-03-07T16:30:23","modified_gmt":"2026-03-07T16:30:23","slug":"logitech-z906-5-1-surround-sound-lautsprechersystem-thx-dolby-digital-und-dts-zertifizierter-sound","status":"publish","type":"product","link":"https:\/\/amannforg.com\/fr\/produit\/logitech-z906-5-1-surround-sound-lautsprechersystem-thx-dolby-digital-und-dts-zertifizierter-sound\/","title":{"rendered":"Logitech Z906 5.1-Surround-Sound-Lautsprechersystem &#8211; THX-, Dolby Digital- und DTS-zertifizierter Sound"},"content":{"rendered":"<p class=\"mb-l\"><i><\/i><\/p>\n<div class=\"titlepage\">\n<h2 class=\"text-h3 mb-l\"><i>Zertifizierter Sound f\u00fcr Erlebnisse in Kinoqualit\u00e4t<\/i><\/h2>\n<\/div>\n<p class=\"mb-l\">Tauchen Sie voll ein in ein Premium-Klangerlebnis in Kinoqualit\u00e4t bequem bei sich zu Hause. Dieses 5.1-Lautsprechersystem bietet 1000 Watt Spitzenleistung\/500 Watt RMS f\u00fcr satten Surround-Sound mit THX-Zertifizierung. Z906 kann Dolby Digital- und DTS-codierte Soundtracks decodieren und er\u00f6ffnet neue Klangwelten in Musik und Film.<\/p>\n<p class=\"mb-l\"><i><\/i><\/p>\n<div class=\"titlepage\">\n<h2 class=\"text-h3 mb-l\"><i>Echter Surround Sound<\/i><\/h2>\n<\/div>\n<p class=\"mb-l\">Logitech Z906 ist sofort einsatzbereit f\u00fcr authentischen Surround-Sound. Das THX-zertifizierte 5.1-Lautsprechersystem ist gem\u00e4\u00df h\u00f6chsten Qualit\u00e4tsstandards abgestimmt und kann Dolby Digital- und DTS-codierte Soundtracks decodieren: Das bedeutet f\u00fcr Sie ein Klangerlebnis der Spitzenklasse.<\/p>\n<p class=\"mb-l\"><i><\/i><\/p>\n<div class=\"titlepage\">\n<h2 class=\"text-h3 mb-l\"><i>1000 Watt kraftvoller Klang<\/i><\/h2>\n<\/div>\n<p class=\"mb-l\">Z906 liefert unter allen 5.1-Lautsprechern von Logitech die h\u00f6chste Leistung f\u00fcr satten Klang und donnernde Tiefen, sodass Sie jedes Detail buchst\u00e4blich h\u00f6eren und sp\u00fcren. Ob Filme, Musik oder Spiele: Tauchen Sie v\u00f6llig ein in Ihre Klangwelt.<\/p>\n<p class=\"mb-l\"><i><\/i><\/p>\n<div class=\"titlepage\">\n<h2 class=\"text-h3 mb-l\"><i>Vielseitige Einrichtung<\/i><\/h2>\n<\/div>\n<p class=\"mb-l\">Richten Sie Ihren Lautsprecher ganz nach Wunsch ein. Verbinden Sie Z906 mit bis zu sechs kompatiblen Ger\u00e4ten \u00fcber verschiedene Eing\u00e4nge \u2013 3,5 mm, Cinch, Sechskanal direkt, digital koaxial oder optisch. Schalten Sie nahtlos zwischen den Eingangsquellen um \u00fcber die Bedienkonsole oder die Fernbedienung.<\/p>\n<p class=\"mb-l\"><i><\/i><\/p>\n<div class=\"titlepage\">\n<h2 class=\"text-h3 mb-l\"><i>Fernbedienung f\u00fcr Ihren Sound<\/i><\/h2>\n<\/div>\n<p class=\"mb-l\">Ihr Erlebnis beginnt auf Ihrem Sofa. \u00dcber eine zentrale Fernbedienung haben Sie Zugang zu allen Bedienelemente: Ein\/Aus, Lautst\u00e4rke, Soundkan\u00e4le und mehr. Genie\u00dfen Sie die Flexibilit\u00e4t beim separaten Einstellen der Lautst\u00e4rkepegel der einzelnen Satellitenlautsprecher und des Subwoofers. W\u00e4hlen Sie zwischen 2.1-, 4.1- und 3D-Surround-Sound f\u00fcr Ihren individuellen H\u00f6rgenuss.<\/p>\n<li class=\"mb-m\">\n<div class=\"flex flex-col m:flex-row gap-s m:gap-xl\">\n<div class=\"text-h3 min-w-[244px] max-w-[244px]\">Ger\u00e4tetyp<\/div>\n<div class=\"flex flex-col gap-s\"><span class=\"ml-3xs pl-[15px] relative before:absolute before:w-[8px] before:h-[8px] before:bg-dark before:top-[8px] before:left-0 before:rounded-full\">PC-Lautsprecher 5.1<\/span><span class=\"ml-3xs pl-[15px] relative before:absolute before:w-[8px] before:h-[8px] before:bg-dark before:top-[8px] before:left-0 before:rounded-full\">Kabelgebunden \u00fcber Digital Optisch<\/span><\/div>\n<\/div>\n<\/li>\n<li class=\"mb-m\">\n<div class=\"flex flex-col m:flex-row gap-s m:gap-xl\">\n<div class=\"text-h3 min-w-[244px] max-w-[244px]\">Technische Daten<\/div>\n<div class=\"flex flex-col gap-s\"><span class=\"ml-3xs pl-[15px] relative before:absolute before:w-[8px] before:h-[8px] before:bg-dark before:top-[8px] before:left-0 before:rounded-full\">Effektive Gesamtleistung: 165W<\/span><span class=\"ml-3xs pl-[15px] relative before:absolute before:w-[8px] before:h-[8px] before:bg-dark before:top-[8px] before:left-0 before:rounded-full\">Gesamtspitzenleistung: 500W<\/span><span class=\"ml-3xs pl-[15px] relative before:absolute before:w-[8px] before:h-[8px] before:bg-dark before:top-[8px] before:left-0 before:rounded-full\">Lautsprecher Vorn: 67W<\/span><span class=\"ml-3xs pl-[15px] relative before:absolute before:w-[8px] before:h-[8px] before:bg-dark before:top-[8px] before:left-0 before:rounded-full\">Lautsprecher Mitte: 67W<\/span><span class=\"ml-3xs pl-[15px] relative before:absolute before:w-[8px] before:h-[8px] before:bg-dark before:top-[8px] before:left-0 before:rounded-full\">Lautsprecher Hinten: 67W<\/span><span class=\"ml-3xs pl-[15px] relative before:absolute before:w-[8px] before:h-[8px] before:bg-dark before:top-[8px] before:left-0 before:rounded-full\">Subwoofer: 165W<\/span><span class=\"ml-3xs pl-[15px] relative before:absolute before:w-[8px] before:h-[8px] before:bg-dark before:top-[8px] before:left-0 before:rounded-full\">3,5 mm Eingang<\/span><span class=\"ml-3xs pl-[15px] relative before:absolute before:w-[8px] before:h-[8px] before:bg-dark before:top-[8px] before:left-0 before:rounded-full\">Cinch-Eingang<\/span><span class=\"ml-3xs pl-[15px] relative before:absolute before:w-[8px] before:h-[8px] before:bg-dark before:top-[8px] before:left-0 before:rounded-full\">Optischer Digitaleingang<\/span><span class=\"ml-3xs pl-[15px] relative before:absolute before:w-[8px] before:h-[8px] before:bg-dark before:top-[8px] before:left-0 before:rounded-full\">Koaxial-Digitaleingang<\/span><span class=\"ml-3xs pl-[15px] relative before:absolute before:w-[8px] before:h-[8px] before:bg-dark before:top-[8px] before:left-0 before:rounded-full\">6-Kanal-Direkteingang<\/span><\/div>\n<\/div>\n<\/li>\n<li class=\"mb-m\">\n<div class=\"flex flex-col m:flex-row gap-s m:gap-xl\">\n<div class=\"text-h3 min-w-[244px] max-w-[244px]\">Funktionen<\/div>\n<div class=\"flex flex-col gap-s\"><span class=\"ml-3xs pl-[15px] relative before:absolute before:w-[8px] before:h-[8px] before:bg-dark before:top-[8px] before:left-0 before:rounded-full\">Fernbedienung<\/span><span class=\"ml-3xs pl-[15px] relative before:absolute before:w-[8px] before:h-[8px] before:bg-dark before:top-[8px] before:left-0 before:rounded-full\">Dolby Surround Sound<\/span><span class=\"ml-3xs pl-[15px] relative before:absolute before:w-[8px] before:h-[8px] before:bg-dark before:top-[8px] before:left-0 before:rounded-full\">THX<\/span><\/div>\n<\/div>\n<\/li>\n<li class=\"mb-m\">\n<div class=\"flex flex-col m:flex-row gap-s m:gap-xl\">\n<div class=\"text-h3 min-w-[244px] max-w-[244px]\">Systemanforderungen<\/div>\n<div class=\"flex flex-col gap-s\"><span class=\"ml-3xs pl-[15px] relative before:absolute before:w-[8px] before:h-[8px] before:bg-dark before:top-[8px] before:left-0 before:rounded-full\">PlayStation, PC\/ Notebook, Xbox, Blu-ray-Player<\/span><\/div>\n<\/div>\n<\/li>\n<li class=\"mb-m\">\n<div class=\"flex flex-col m:flex-row gap-s m:gap-xl\">\n<div class=\"text-h3 min-w-[244px] max-w-[244px]\">Allgemeine Daten<\/div>\n<div class=\"flex flex-col gap-s\"><span class=\"ml-3xs pl-[15px] relative before:absolute before:w-[8px] before:h-[8px] before:bg-dark before:top-[8px] before:left-0 before:rounded-full\">Farbe: schwarz<\/span><span class=\"ml-3xs pl-[15px] relative before:absolute before:w-[8px] before:h-[8px] before:bg-dark before:top-[8px] before:left-0 before:rounded-full\">Gewicht: 15000g<\/span><\/div>\n<\/div>\n<\/li>\n<li class=\"mb-m\">\n<div class=\"flex flex-col m:flex-row gap-s m:gap-xl\">\n<div class=\"text-h3 min-w-[244px] max-w-[244px]\">Abmessungen<\/div>\n<div class=\"flex flex-col gap-s\"><span class=\"ml-3xs pl-[15px] relative before:absolute before:w-[8px] before:h-[8px] before:bg-dark before:top-[8px] before:left-0 before:rounded-full\">Abmessungen Subwoofer (H x B x T): 293 mm x 281 mm x 300 mm<\/span><span class=\"ml-3xs pl-[15px] relative before:absolute before:w-[8px] before:h-[8px] before:bg-dark before:top-[8px] before:left-0 before:rounded-full\">Abmessungen Center Speaker (H x B x T): 100,3 mm x 166 mm x 93 mm<\/span><span class=\"ml-3xs pl-[15px] relative before:absolute before:w-[8px] before:h-[8px] before:bg-dark before:top-[8px] before:left-0 before:rounded-full\">Abmessungen Satelliten (H x B x T): 166,3 mm x 100,3 mm x 93 mm<\/span><\/div>\n<\/div>\n<\/li>\n<li class=\"mb-m\">\n<div class=\"flex flex-col m:flex-row gap-s m:gap-xl\">\n<div class=\"text-h3 min-w-[244px] max-w-[244px]\">Integrierte Hardware Dekodierung<\/div>\n<div class=\"flex flex-col gap-s\"><span class=\"ml-3xs pl-[15px] relative before:absolute before:w-[8px] before:h-[8px] before:bg-dark before:top-[8px] before:left-0 before:rounded-full\">Das THX\u00ae-Zertifikat garantiert Ihnen, dass Sie den Sound genau so<\/span><span class=\"ml-3xs pl-[15px] relative before:absolute before:w-[8px] before:h-[8px] before:bg-dark before:top-[8px] before:left-0 before:rounded-full\">h\u00f6ren, wie er klingen soll und die integrierte digitale 5.1-Dekodierung wandelt Dolby\u00ae Digital- oder DTS\u2122- kodierten Sound in detailreichen Surround-Sound um \u2013 Sie h\u00f6ren den Jubel der Menge ebenso realistisch wie die Schritte, die sich von hinten n\u00e4hern.<\/span><\/div>\n<\/div>\n<\/li>\n<li class=\"mb-m\">\n<div class=\"flex flex-col m:flex-row gap-s m:gap-xl\">\n<div class=\"text-h3 min-w-[244px] max-w-[244px]\">Steuerung<\/div>\n<div class=\"flex flex-col gap-s\"><span class=\"ml-3xs pl-[15px] relative before:absolute before:w-[8px] before:h-[8px] before:bg-dark before:top-[8px] before:left-0 before:rounded-full\">Die Bedienkonsole mit gut lesbarem Display f\u00fcgt sich dank ihres kompakten Designs<\/span><span class=\"ml-3xs pl-[15px] relative before:absolute before:w-[8px] before:h-[8px] before:bg-dark before:top-[8px] before:left-0 before:rounded-full\">perfekt in die Home Entertainment-Anlage in Ihrem Wohnzimmer ein. Und mit der kabellosen Fernbedienung haben Sie Ihr H\u00f6rerlebnis immer unter Kontrolle und m\u00fcssen nicht einmal vom Sofa aufstehen.<\/span><\/div>\n<\/div>\n<\/li>\n<li class=\"mb-m\">\n<div class=\"flex flex-col m:flex-row gap-s m:gap-xl\">\n<div class=\"text-h3 min-w-[244px] max-w-[244px]\">Lieferumfang<\/div>\n<div class=\"flex flex-col gap-s\"><span class=\"ml-3xs pl-[15px] relative before:absolute before:w-[8px] before:h-[8px] before:bg-dark before:top-[8px] before:left-0 before:rounded-full\">Lautsprecher<\/span><span class=\"ml-3xs pl-[15px] relative before:absolute before:w-[8px] before:h-[8px] before:bg-dark before:top-[8px] before:left-0 before:rounded-full\">Lautsprecherkabel<\/span><span class=\"ml-3xs pl-[15px] relative before:absolute before:w-[8px] before:h-[8px] before:bg-dark before:top-[8px] before:left-0 before:rounded-full\">6-Kanal-Direktkabel (1,8 Meter)<\/span><span class=\"ml-3xs pl-[15px] relative before:absolute before:w-[8px] before:h-[8px] before:bg-dark before:top-[8px] before:left-0 before:rounded-full\">Stapelbare Bedienkonsole<\/span><span class=\"ml-3xs pl-[15px] relative before:absolute before:w-[8px] before:h-[8px] before:bg-dark before:top-[8px] before:left-0 before:rounded-full\">Kabellose Fernbedienung<\/span><span class=\"ml-3xs pl-[15px] relative before:absolute before:w-[8px] before:h-[8px] before:bg-dark before:top-[8px] before:left-0 before:rounded-full\">3 Batterien vom Typ AAA<\/span><span class=\"ml-3xs pl-[15px] relative before:absolute before:w-[8px] before:h-[8px] before:bg-dark before:top-[8px] before:left-0 before:rounded-full\">Bedienungsanleitung<\/span><\/div>\n<\/div>\n<\/li>\n","protected":false},"excerpt":{"rendered":"<li class=\"bullet-list-item\">5.1 Surround Lautsprechersystem THX-zertifiziert<\/li>\n<li class=\"bullet-list-item\">Surround Lautsprechersystem \/ 500 W Effektivleistung (RMS)<\/li>\n<li class=\"bullet-list-item\">Dolby-Digital-Sound \/ Surround Sound mit 3D-Stereo<\/li>\n<li class=\"bullet-list-item\">Bedienkonsole mit gut lesbarem Display, Fernbedienung <\/li>\n<li class=\"bullet-list-item\">6 Eing\u00e4nge, Lieferumfang: 4 Satelliten, Center-Lautsprecher, Subwoofer<\/li>\n<p> Herstellernummer 980-000468<\/p>","protected":false},"featured_media":49736,"comment_status":"open","ping_status":"closed","template":"","meta":{"_monsterinsights_skip_tracking":false,"_monsterinsights_sitenote_active":false,"_monsterinsights_sitenote_note":"","_monsterinsights_sitenote_category":0,"_uf_show_specific_survey":0,"_uf_disable_surveys":false},"product_brand":[],"product_cat":[507],"product_tag":[],"models":[],"years":[],"class_list":{"0":"post-49735","1":"product","2":"type-product","3":"status-publish","4":"has-post-thumbnail","6":"product_cat-pc-lautsprecher","8":"first","9":"instock","10":"sale","11":"shipping-taxable","12":"purchasable","13":"product-type-simple"},"aioseo_notices":[],"acf":[],"_links":{"self":[{"href":"https:\/\/amannforg.com\/fr\/wp-json\/wp\/v2\/product\/49735","targetHints":{"allow":["GET"]}}],"collection":[{"href":"https:\/\/amannforg.com\/fr\/wp-json\/wp\/v2\/product"}],"about":[{"href":"https:\/\/amannforg.com\/fr\/wp-json\/wp\/v2\/types\/product"}],"replies":[{"embeddable":true,"href":"https:\/\/amannforg.com\/fr\/wp-json\/wp\/v2\/comments?post=49735"}],"version-history":[{"count":1,"href":"https:\/\/amannforg.com\/fr\/wp-json\/wp\/v2\/product\/49735\/revisions"}],"predecessor-version":[{"id":58235,"href":"https:\/\/amannforg.com\/fr\/wp-json\/wp\/v2\/product\/49735\/revisions\/58235"}],"wp:featuredmedia":[{"embeddable":true,"href":"https:\/\/amannforg.com\/fr\/wp-json\/wp\/v2\/media\/49736"}],"wp:attachment":[{"href":"https:\/\/amannforg.com\/fr\/wp-json\/wp\/v2\/media?parent=49735"}],"wp:term":[{"taxonomy":"product_brand","embeddable":true,"href":"https:\/\/amannforg.com\/fr\/wp-json\/wp\/v2\/product_brand?post=49735"},{"taxonomy":"product_cat","embeddable":true,"href":"https:\/\/amannforg.com\/fr\/wp-json\/wp\/v2\/product_cat?post=49735"},{"taxonomy":"product_tag","embeddable":true,"href":"https:\/\/amannforg.com\/fr\/wp-json\/wp\/v2\/product_tag?post=49735"},{"taxonomy":"models","embeddable":true,"href":"https:\/\/amannforg.com\/fr\/wp-json\/wp\/v2\/models?post=49735"},{"taxonomy":"years","embeddable":true,"href":"https:\/\/amannforg.com\/fr\/wp-json\/wp\/v2\/years?post=49735"}],"curies":[{"name":"wp","href":"https:\/\/api.w.org\/{rel}","templated":true}]}}