{"id":49770,"date":"2026-03-04T10:29:51","date_gmt":"2026-03-04T10:29:51","guid":{"rendered":"https:\/\/amannforg.com\/?post_type=product&#038;p=49770"},"modified":"2026-03-07T16:30:23","modified_gmt":"2026-03-07T16:30:23","slug":"netgear-orbi-770-serie-tri-band-wifi-7-mesh-netzwerksystem-rbe772-router-1-satellit-repeater-sicherheitsfunktionen-bis-zu-11-gbit-s-abdeckung-bis-360-m2-100-gerate-25-gb-internetan","status":"publish","type":"product","link":"https:\/\/amannforg.com\/fr\/produit\/netgear-orbi-770-serie-tri-band-wifi-7-mesh-netzwerksystem-rbe772-router-1-satellit-repeater-sicherheitsfunktionen-bis-zu-11-gbit-s-abdeckung-bis-360-m2-100-gerate-25-gb-internetan\/","title":{"rendered":"NETGEAR Orbi 770 Serie Tri-Band WiFi 7 Mesh-Netzwerksystem (RBE772) \u2013 Router + 1 Satellit-Repeater, Sicherheitsfunktionen, bis zu 11 Gbit\/s, Abdeckung bis 360 m2, 100 Ger\u00e4te, 2,5 GB Internetanschluss"},"content":{"rendered":"<div class=\"article\">\n<div class=\"titlepage\">\n<h2 class=\"text-h3 mb-l\">Netgear <\/h2>\n<\/div>\n<\/div>\n<div class=\"titlepage\">\n<h2 class=\"text-h3 mb-l\">Orbi 770 Serie Tri-Band WiFi 7 Mesh<\/h2>\n<\/div>\n<div class=\"titlepage\">\n<h2 class=\"text-h3 mb-l\">2x Zusatzsatellit, 6GBit\/s<\/h2>\n<\/div>\n<p class=\"mb-l\">Die Erweiterung Ihres Orbi\u2122-Systems ist so einfach wie ein Knopfdruck. F\u00fcgen Sie einfach 180 m<sup>2<\/sup> zus\u00e4tzliche WiFi 7-Abdeckung f\u00fcr Ihr bestehendes Orbi Mesh-System der 770-Reihe oder Ihren Router hinzu.<\/p>\n<div class=\"titlepage\">\n<h2 class=\"text-h3 mb-l\">Funktionen und Vorteile<\/h2>\n<\/div>\n<div class=\"titlepage\">\n<h2 class=\"text-h3 mb-l\">Bis zu 11 Gbit\/s Geschwindigkeit<\/h2>\n<\/div>\n<p class=\"mb-l\">Bietet WiFi 7-Geschwindigkeiten von bis zu 11 Gbit\/s\u2020 f\u00fcr eine makellose Leistung und Abdeckung f\u00fcr Ihr gesamtes Zuhause<\/p>\n<div class=\"titlepage\">\n<h2 class=\"text-h3 mb-l\">Tri-Band Technologie<\/h2>\n<\/div>\n<p class=\"mb-l\">Tri-Band-Technologie mit erweitertem Backhaul sorgt daf\u00fcr, dass WLAN \u00fcber alle Ger\u00e4te hinweg schnell bleibt\u200b\u200b\u200b<\/p>\n<div class=\"titlepage\">\n<h2 class=\"text-h3 mb-l\">Erweiterbares WLAN Coverage\u200b<\/h2>\n<\/div>\n<p>F\u00fcgen Sie einfach 220 m<sup><sub>2<\/sub><\/sup> zus\u00e4tzliche WiFi 7-Abdeckung f\u00fcr Ihr bestehendes Orbi Mesh-System der 770-Reihe oder Ihren Router hinzu.<\/p>\n<div class=\"titlepage\">\n<h2 class=\"text-h3 mb-l\">360\u00b0 WLAN-Abdeckung \u200b<\/h2>\n<\/div>\n<p class=\"mb-l\">Ansprechendes, neues Design und Hochleistungsantennen sorgen f\u00fcr eine au\u00dfergew\u00f6hnliche 360\u00b0-WLAN-Abdeckung in jedem Winkel Ihres Zuhauses, unabh\u00e4ngig vom Grundriss<\/p>\n<div class=\"titlepage\">\n<h2 class=\"text-h3 mb-l\">Geschwindigkeit Und Zuverl\u00e4ssigkeit Neu Konzipiert<\/h2>\n<\/div>\n<p class=\"mb-l\">2,5 Gbit\/s Ethernet-Ports bieten unschlagbare Geschwindigkeit und Zuverl\u00e4ssigkeit f\u00fcr kabelgebundene Verbindungen und 2,5 Gbit\/s kabelgebundene Backhaul option\u200b<\/p>\n<div class=\"titlepage\">\n<h2 class=\"text-h3 mb-l\">Einfache Einrichtung<\/h2>\n<\/div>\n<p class=\"mb-l\">Schalten Sie einfach den Orbi Satellit ein und richten Sie ihn mit der Orbi App\u200b ein<\/p>\n<li class=\"mb-m\">\n<div class=\"flex flex-col m:flex-row gap-s m:gap-xl\">\n<div class=\"text-h3 min-w-[244px] max-w-[244px]\">Netzwerk<\/div>\n<div class=\"flex flex-col gap-s\"><span class=\"\"><\/p>\n<ul class=\"flex flex-col gap-s\">\n<li class=\"ml-3xs pl-[15px] relative before:absolute before:w-[8px] before:h-[8px] before:bg-dark before:top-[8px] before:left-0 before:rounded-full\">Gesamtzahl RJ45-Ports: 2<\/li>\n<li class=\"ml-3xs pl-[15px] relative before:absolute before:w-[8px] before:h-[8px] before:bg-dark before:top-[8px] before:left-0 before:rounded-full\">Anzahl 2.5 GB LAN Ports (2.5 Gbit\/s): 2 St<\/li>\n<\/ul>\n<p><\/span><\/div>\n<\/div>\n<\/li>\n<li class=\"mb-m\">\n<div class=\"flex flex-col m:flex-row gap-s m:gap-xl\">\n<div class=\"text-h3 min-w-[244px] max-w-[244px]\">Farbe<\/div>\n<div class=\"flex flex-col gap-s\"><span class=\"\"><\/p>\n<ul class=\"flex flex-col gap-s\">\n<li class=\"ml-3xs pl-[15px] relative before:absolute before:w-[8px] before:h-[8px] before:bg-dark before:top-[8px] before:left-0 before:rounded-full\">Wei\u00df<\/li>\n<\/ul>\n<p><\/span><\/div>\n<\/div>\n<\/li>\n<li class=\"mb-m\">\n<div class=\"flex flex-col m:flex-row gap-s m:gap-xl\">\n<div class=\"text-h3 min-w-[244px] max-w-[244px]\">ext. Anschl\u00fcsse<\/div>\n<div class=\"flex flex-col gap-s\"><span class=\"\"><\/p>\n<ul class=\"flex flex-col gap-s\">\n<li class=\"ml-3xs pl-[15px] relative before:absolute before:w-[8px] before:h-[8px] before:bg-dark before:top-[8px] before:left-0 before:rounded-full\">Ethernet<\/li>\n<\/ul>\n<p><\/span><\/div>\n<\/div>\n<\/li>\n<li class=\"mb-m\">\n<div class=\"flex flex-col m:flex-row gap-s m:gap-xl\">\n<div class=\"text-h3 min-w-[244px] max-w-[244px]\">Abmessungen \/ Gewicht<\/div>\n<div class=\"flex flex-col gap-s\"><span class=\"\"><\/p>\n<ul class=\"flex flex-col gap-s\">\n<li class=\"ml-3xs pl-[15px] relative before:absolute before:w-[8px] before:h-[8px] before:bg-dark before:top-[8px] before:left-0 before:rounded-full\">Breite: 134 mm<\/li>\n<li class=\"ml-3xs pl-[15px] relative before:absolute before:w-[8px] before:h-[8px] before:bg-dark before:top-[8px] before:left-0 before:rounded-full\">H\u00f6he: 251 mm<\/li>\n<li class=\"ml-3xs pl-[15px] relative before:absolute before:w-[8px] before:h-[8px] before:bg-dark before:top-[8px] before:left-0 before:rounded-full\">Tiefe: 100 mm<\/li>\n<li class=\"ml-3xs pl-[15px] relative before:absolute before:w-[8px] before:h-[8px] before:bg-dark before:top-[8px] before:left-0 before:rounded-full\">Gewicht: 0.916 kg<\/li>\n<\/ul>\n<p><\/span><\/div>\n<\/div>\n<\/li>\n<li class=\"mb-m\">\n<div class=\"flex flex-col m:flex-row gap-s m:gap-xl\">\n<div class=\"text-h3 min-w-[244px] max-w-[244px]\">Kabellose Konnektivit\u00e4t<\/div>\n<div class=\"flex flex-col gap-s\"><span class=\"\"><\/p>\n<ul class=\"flex flex-col gap-s\">\n<li class=\"ml-3xs pl-[15px] relative before:absolute before:w-[8px] before:h-[8px] before:bg-dark before:top-[8px] before:left-0 before:rounded-full\">Kabellose \u00dcbertragungsm\u00f6glichkeiten: WLAN<\/li>\n<li class=\"ml-3xs pl-[15px] relative before:absolute before:w-[8px] before:h-[8px] before:bg-dark before:top-[8px] before:left-0 before:rounded-full\">WLAN Frequenzband: <\/li>\n<div class=\"itemizedlist\">\n<ul class=\"flex flex-col gap-s\">\n<li class=\"ml-3xs pl-[15px] relative before:absolute before:w-[8px] before:h-[8px] before:bg-dark before:top-[8px] before:left-0 before:rounded-full\">2,4 GHz<\/li>\n<li class=\"ml-3xs pl-[15px] relative before:absolute before:w-[8px] before:h-[8px] before:bg-dark before:top-[8px] before:left-0 before:rounded-full\">5 GHz<\/li>\n<li class=\"ml-3xs pl-[15px] relative before:absolute before:w-[8px] before:h-[8px] before:bg-dark before:top-[8px] before:left-0 before:rounded-full\">6 GHz<\/li>\n<\/ul>\n<\/div>\n<li class=\"ml-3xs pl-[15px] relative before:absolute before:w-[8px] before:h-[8px] before:bg-dark before:top-[8px] before:left-0 before:rounded-full\">WLAN Besonderheiten: Mesh-F\u00e4hig<\/li>\n<\/ul>\n<p><\/span><\/div>\n<\/div>\n<\/li>\n","protected":false},"excerpt":{"rendered":"<li class=\"bullet-list-item\">2x WLAN-Repeater zum Anschluss per Ethernet<\/li>\n<li class=\"bullet-list-item\">Wi-Fi 7; Mesh-f\u00e4hig<\/li>\n<li class=\"bullet-list-item\">360 m&lt;sup&gt;2&lt;\/sup&gt; zus\u00e4tzliche WiFi 7-Abdeckung<\/li>\n<li class=\"bullet-list-item\">zur Erweiterung eines vorhandenen Orbi 770-Systems oder zum Anschlu\u00df an beliebige Router<\/li>\n<li class=\"bullet-list-item\">Packungsinhalt: 2x Sattelit + Netzteil<\/li>\n<p> Herstellernummer RBE772-100EUS<\/p>","protected":false},"featured_media":49771,"comment_status":"open","ping_status":"closed","template":"","meta":{"_monsterinsights_skip_tracking":false,"_monsterinsights_sitenote_active":false,"_monsterinsights_sitenote_note":"","_monsterinsights_sitenote_category":0,"_uf_show_specific_survey":0,"_uf_disable_surveys":false},"product_brand":[],"product_cat":[508],"product_tag":[],"models":[],"years":[],"class_list":{"0":"post-49770","1":"product","2":"type-product","3":"status-publish","4":"has-post-thumbnail","6":"product_cat-netzwerk","8":"first","9":"instock","10":"sale","11":"shipping-taxable","12":"purchasable","13":"product-type-simple"},"aioseo_notices":[],"acf":[],"_links":{"self":[{"href":"https:\/\/amannforg.com\/fr\/wp-json\/wp\/v2\/product\/49770","targetHints":{"allow":["GET"]}}],"collection":[{"href":"https:\/\/amannforg.com\/fr\/wp-json\/wp\/v2\/product"}],"about":[{"href":"https:\/\/amannforg.com\/fr\/wp-json\/wp\/v2\/types\/product"}],"replies":[{"embeddable":true,"href":"https:\/\/amannforg.com\/fr\/wp-json\/wp\/v2\/comments?post=49770"}],"version-history":[{"count":1,"href":"https:\/\/amannforg.com\/fr\/wp-json\/wp\/v2\/product\/49770\/revisions"}],"predecessor-version":[{"id":58237,"href":"https:\/\/amannforg.com\/fr\/wp-json\/wp\/v2\/product\/49770\/revisions\/58237"}],"wp:featuredmedia":[{"embeddable":true,"href":"https:\/\/amannforg.com\/fr\/wp-json\/wp\/v2\/media\/49771"}],"wp:attachment":[{"href":"https:\/\/amannforg.com\/fr\/wp-json\/wp\/v2\/media?parent=49770"}],"wp:term":[{"taxonomy":"product_brand","embeddable":true,"href":"https:\/\/amannforg.com\/fr\/wp-json\/wp\/v2\/product_brand?post=49770"},{"taxonomy":"product_cat","embeddable":true,"href":"https:\/\/amannforg.com\/fr\/wp-json\/wp\/v2\/product_cat?post=49770"},{"taxonomy":"product_tag","embeddable":true,"href":"https:\/\/amannforg.com\/fr\/wp-json\/wp\/v2\/product_tag?post=49770"},{"taxonomy":"models","embeddable":true,"href":"https:\/\/amannforg.com\/fr\/wp-json\/wp\/v2\/models?post=49770"},{"taxonomy":"years","embeddable":true,"href":"https:\/\/amannforg.com\/fr\/wp-json\/wp\/v2\/years?post=49770"}],"curies":[{"name":"wp","href":"https:\/\/api.w.org\/{rel}","templated":true}]}}