{"id":49811,"date":"2026-03-04T10:30:51","date_gmt":"2026-03-04T10:30:51","guid":{"rendered":"https:\/\/amannforg.com\/?post_type=product&#038;p=49811"},"modified":"2026-03-07T16:30:23","modified_gmt":"2026-03-07T16:30:23","slug":"ubiquiti-unifi-protect-unvr-pro-netzwerkrekorder","status":"publish","type":"product","link":"https:\/\/amannforg.com\/fr\/produit\/ubiquiti-unifi-protect-unvr-pro-netzwerkrekorder\/","title":{"rendered":"Ubiquiti UniFi Protect UNVR-PRO Netzwerkrekorder"},"content":{"rendered":"<div class=\"article\">\n<div class=\"titlepage\">\n<h2 class=\"text-h3 mb-l\">Ubiquiti UniFi Protect UNVR-PRO Netzwerkrekorder<\/h2>\n<\/div>\n<p class=\"mb-l\">Die UNVR Pro ist eine UniFi OS-Konsole, auf der die vorinstallierte UniFi Protect-Anwendung ausgef\u00fchrt wird, und verf\u00fcgt \u00fcber einen Festplattenschacht mit 7 Laufwerken (HDD), der die gr\u00f6sste Speicherkapazit\u00e4t aller UniFi OS-Konsolen bietet. Die leistungsstarke, einfach zu bedienende UNVR Pro l\u00e4sst sich in wenigen Minuten einrichten und unterst\u00fctzt Systeme mit bis zu 60 Kameras. Die Kombination der UniFi Protect kombiniert die Funktionen von Cloud- und Vor-Ort-\u00dcberwachungssystemen und bietet Ihnen zentralen, lokalen und latenzarmen Zugriff auf alle Ihre Live-Kamerafeeds und Aufzeichnungen sowie Fernzugriff von jedem Ort der Welt \u00fcber die Protect Mobile App.<\/p>\n<div class=\"formalpara\">\n<div class=\"titlepage\">\n<h2 class=\"text-h3 mb-l\">Features<\/h2>\n<\/div>\n<p class=\"mb-l\">\n<div class=\"itemizedlist\">\n<ul class=\"bullet-list\">\n<li class=\"bullet-list-item\">\n<p class=\"mb-l\">UniFi Protect Integrated mit NVR<\/p>\n<\/li>\n<li class=\"bullet-list-item\">\n<p class=\"mb-l\">7x 2.5&#8243;\/3.5&#8243; HDD Sch\u00e4chte<\/p>\n<\/li>\n<li class=\"bullet-list-item\">\n<p class=\"mb-l\">RAID 1 oder RAID 5 Konfiguration<\/p>\n<\/li>\n<li class=\"bullet-list-item\">\n<p class=\"mb-l\">1x 10G SFP+ port<\/p>\n<\/li>\n<li class=\"bullet-list-item\">\n<p class=\"mb-l\">1x Gigabit RJ45 port &#8211; 2U Rackmountable<\/p>\n<\/li>\n<\/ul>\n<\/div>\n<\/p><\/div>\n<\/p><\/div>\n<li class=\"mb-m\">\n<div class=\"flex flex-col m:flex-row gap-s m:gap-xl\">\n<div class=\"text-h3 min-w-[244px] max-w-[244px]\">Rekorder Typ<\/div>\n<div class=\"flex flex-col gap-s\"><span class=\"ml-3xs pl-[15px] relative before:absolute before:w-[8px] before:h-[8px] before:bg-dark before:top-[8px] before:left-0 before:rounded-full\">Netzwerk Videorekorder (NVR)<\/span><\/div>\n<\/div>\n<\/li>\n<li class=\"mb-m\">\n<div class=\"flex flex-col m:flex-row gap-s m:gap-xl\">\n<div class=\"text-h3 min-w-[244px] max-w-[244px]\">Festplatte<\/div>\n<div class=\"flex flex-col gap-s\"><span class=\"ml-3xs pl-[15px] relative before:absolute before:w-[8px] before:h-[8px] before:bg-dark before:top-[8px] before:left-0 before:rounded-full\">7x SATA 3.5&#8221; oder 2,5&#8243;<\/span><\/div>\n<\/div>\n<\/li>\n<li class=\"mb-m\">\n<div class=\"flex flex-col m:flex-row gap-s m:gap-xl\">\n<div class=\"text-h3 min-w-[244px] max-w-[244px]\">Anschl\u00fcsse<\/div>\n<div class=\"flex flex-col gap-s\"><span class=\"ml-3xs pl-[15px] relative before:absolute before:w-[8px] before:h-[8px] before:bg-dark before:top-[8px] before:left-0 before:rounded-full\">1x 10\/100\/1000 Mbps RJ45 Ethernet<\/span><span class=\"ml-3xs pl-[15px] relative before:absolute before:w-[8px] before:h-[8px] before:bg-dark before:top-[8px] before:left-0 before:rounded-full\">1x 1\/10 Gbps SFP+ Ethernet<\/span><span class=\"ml-3xs pl-[15px] relative before:absolute before:w-[8px] before:h-[8px] before:bg-dark before:top-[8px] before:left-0 before:rounded-full\">1x Universal AC Input, 100-240VAC, 3A Mac, 50\/60 Hz<\/span><span class=\"ml-3xs pl-[15px] relative before:absolute before:w-[8px] before:h-[8px] before:bg-dark before:top-[8px] before:left-0 before:rounded-full\">1x USP-RPS DC Input, 11.5VDC, 13.91A<\/span><\/div>\n<\/div>\n<\/li>\n<li class=\"mb-m\">\n<div class=\"flex flex-col m:flex-row gap-s m:gap-xl\">\n<div class=\"text-h3 min-w-[244px] max-w-[244px]\">Stromversorgung<\/div>\n<div class=\"flex flex-col gap-s\"><span class=\"ml-3xs pl-[15px] relative before:absolute before:w-[8px] before:h-[8px] before:bg-dark before:top-[8px] before:left-0 before:rounded-full\">AC\/DC, Internal, 160W<\/span><\/div>\n<\/div>\n<\/li>\n<li class=\"mb-m\">\n<div class=\"flex flex-col m:flex-row gap-s m:gap-xl\">\n<div class=\"text-h3 min-w-[244px] max-w-[244px]\">Abmessungen und Gewicht<\/div>\n<div class=\"flex flex-col gap-s\"><span class=\"ml-3xs pl-[15px] relative before:absolute before:w-[8px] before:h-[8px] before:bg-dark before:top-[8px] before:left-0 before:rounded-full\">442 x 325 x 87 mm<\/span><span class=\"ml-3xs pl-[15px] relative before:absolute before:w-[8px] before:h-[8px] before:bg-dark before:top-[8px] before:left-0 before:rounded-full\">Gewicht: 9,2 kg<\/span><\/div>\n<\/div>\n<\/li>\n","protected":false},"excerpt":{"rendered":"<li class=\"bullet-list-item\">Netzwerk-Videorecorder <\/li>\n<li class=\"bullet-list-item\">7x 2,5&#8243;\/3,5&#8243; HDD-Sch\u00e4chte<\/li>\n<li class=\"bullet-list-item\">Quad-Core ARM Cortex-A57 bei 1.7 GHz Prozessor<\/li>\n<li class=\"bullet-list-item\">135W HDD Power Target, 160W Maximaler Verbrauch<\/li>\n<li class=\"bullet-list-item\">Raid 1 oder Raid 5 Konfigurationen m\u00f6glich<\/li>\n<p> Herstellernummer UNVR-PRO<\/p>","protected":false},"featured_media":49813,"comment_status":"open","ping_status":"closed","template":"","meta":{"_monsterinsights_skip_tracking":false,"_monsterinsights_sitenote_active":false,"_monsterinsights_sitenote_note":"","_monsterinsights_sitenote_category":0,"_uf_show_specific_survey":0,"_uf_disable_surveys":false},"product_brand":[],"product_cat":[508],"product_tag":[],"models":[],"years":[],"class_list":{"0":"post-49811","1":"product","2":"type-product","3":"status-publish","4":"has-post-thumbnail","6":"product_cat-netzwerk","8":"first","9":"instock","10":"sale","11":"shipping-taxable","12":"purchasable","13":"product-type-simple"},"aioseo_notices":[],"acf":[],"_links":{"self":[{"href":"https:\/\/amannforg.com\/fr\/wp-json\/wp\/v2\/product\/49811","targetHints":{"allow":["GET"]}}],"collection":[{"href":"https:\/\/amannforg.com\/fr\/wp-json\/wp\/v2\/product"}],"about":[{"href":"https:\/\/amannforg.com\/fr\/wp-json\/wp\/v2\/types\/product"}],"replies":[{"embeddable":true,"href":"https:\/\/amannforg.com\/fr\/wp-json\/wp\/v2\/comments?post=49811"}],"version-history":[{"count":1,"href":"https:\/\/amannforg.com\/fr\/wp-json\/wp\/v2\/product\/49811\/revisions"}],"predecessor-version":[{"id":58239,"href":"https:\/\/amannforg.com\/fr\/wp-json\/wp\/v2\/product\/49811\/revisions\/58239"}],"wp:featuredmedia":[{"embeddable":true,"href":"https:\/\/amannforg.com\/fr\/wp-json\/wp\/v2\/media\/49813"}],"wp:attachment":[{"href":"https:\/\/amannforg.com\/fr\/wp-json\/wp\/v2\/media?parent=49811"}],"wp:term":[{"taxonomy":"product_brand","embeddable":true,"href":"https:\/\/amannforg.com\/fr\/wp-json\/wp\/v2\/product_brand?post=49811"},{"taxonomy":"product_cat","embeddable":true,"href":"https:\/\/amannforg.com\/fr\/wp-json\/wp\/v2\/product_cat?post=49811"},{"taxonomy":"product_tag","embeddable":true,"href":"https:\/\/amannforg.com\/fr\/wp-json\/wp\/v2\/product_tag?post=49811"},{"taxonomy":"models","embeddable":true,"href":"https:\/\/amannforg.com\/fr\/wp-json\/wp\/v2\/models?post=49811"},{"taxonomy":"years","embeddable":true,"href":"https:\/\/amannforg.com\/fr\/wp-json\/wp\/v2\/years?post=49811"}],"curies":[{"name":"wp","href":"https:\/\/api.w.org\/{rel}","templated":true}]}}