{"id":49917,"date":"2026-03-04T10:33:13","date_gmt":"2026-03-04T10:33:13","guid":{"rendered":"https:\/\/amannforg.com\/?post_type=product&#038;p=49917"},"modified":"2026-03-07T16:30:24","modified_gmt":"2026-03-07T16:30:24","slug":"lancom-1800ef-router-4-port-switch-gige","status":"publish","type":"product","link":"https:\/\/amannforg.com\/fr\/produit\/lancom-1800ef-router-4-port-switch-gige\/","title":{"rendered":"LANCOM 1800EF Router 4-Port-Switch GigE"},"content":{"rendered":"<div class=\"article\">\n<div class=\"titlepage\">\n<h2 class=\"text-h3 mb-l\">LANCOM 1800EF Router 4-Port-Switch GigE<\/h2>\n<\/div>\n<p class=\"mb-l\"> <span class=\"bold\">Standortvernetzung \u00fcber Glasfaser und Ethernet<\/span> <\/p>\n<p class=\"mb-l\">Beste Verbindung f\u00fcr Ihr kleines bis mittleres Unternehmen: Mit einem integrierten SFP-Port nutzt dieses SD-WAN Gateway die Performance moderner Glasfaseranschl\u00fcsse. Gr\u00f6\u00dftm\u00f6gliche Flexibilit\u00e4t bez\u00fcglich der am Standort verf\u00fcgbaren Internetleitungen wird \u00fcber den Gigabit Ethernet WAN-Port gew\u00e4hrleistet. Mit ausgezeichnetem LANCOM IPSec-VPN und SD-WAN werden 5 (optional 25) Standorte und mobile Mitarbeiter sicher miteinander vernetzt.<\/p>\n<div class=\"formalpara\">\n<div class=\"titlepage\">\n<h2 class=\"text-h3 mb-l\">Highspeed-Internet \u00fcber Glasfaser oder Gigabit Ethernet<\/h2>\n<\/div>\n<p class=\"mb-l\">Der leistungsstarke VPN-Router LANCOM 1800EF erm\u00f6glicht \u00fcber seinen SFP-Port den direkten Anschluss an eine Glasfaser-Leitung (FTTH) per separat erh\u00e4ltlichem SFP-Modul (GPON \/ AON). Dar\u00fcber hinaus bietet er gr\u00f6\u00dftm\u00f6gliche Flexibilit\u00e4t \u00fcber Gigabit Ethernet f\u00fcr den Anschluss an externe Modems. Somit eignet er sich f\u00fcr s\u00e4mtliche Anwendungsfelder und Branchen und bildet die Grundlage f\u00fcr zuverl\u00e4ssige, leistungsstarke Vernetzung.<\/p>\n<\/p><\/div>\n<div class=\"formalpara\">\n<div class=\"titlepage\">\n<h2 class=\"text-h3 mb-l\">LANCOM SD-WAN \u2013 Next-level Vernetzung<\/h2>\n<\/div>\n<p class=\"mb-l\">Mit LANCOM SD-WAN managen und \u00fcberwachen Sie Ihr gesamtes Unternehmensnetzwerk zentral, kosteng\u00fcnstig, schnell und stressfrei! In Kombination mit der LANCOM Management Cloud er\u00f6ffnet Ihnen das SD-WAN Gateway alle M\u00f6glichkeiten f\u00fcr eine automatisierte Einrichtung sicherer VPN-Verbindungen (Auto-VPN) zwischen Standorten, inklusive Netzwerkvirtualisierung. Highlight-Features wie High Scalability VPN (HSVPN) und Advanced Mesh VPN bieten Ihnen dabei ein signifikantes Plus an Skalierbarkeit und Effizienz bei vielen Filialen und Anwendungen. Sind des Weiteren mehrere WAN-Verbindungen definiert, werden diese automatisch im Active\/Active-Modus (Load Balancing) betrieben und die verf\u00fcgbare Gesamtbandbreite dadurch erh\u00f6ht. Mit Dynamic Path Selection und Dynamic Traffic Steering werden Anwendungen zudem dynamisch \u00fcber die jeweils aktuell beste Verbindung geroutet.<\/p>\n<\/p><\/div>\n<div class=\"formalpara\">\n<div class=\"titlepage\">\n<h2 class=\"text-h3 mb-l\">Sichere Kommunikation \u00fcber VPN<\/h2>\n<\/div>\n<p class=\"mb-l\">Mit virtuellen, privaten Netzwerken (VPN) nutzen Sie das \u00f6ffentliche Medium Internet als Kommunikationsweg und sichern die Verbindung so ab, dass die Kommunikation dennoch f\u00fcr Au\u00dfenstehende v\u00f6llig unzug\u00e4nglich bleibt. Dieses SD-WAN Gateway bietet Ihnen f\u00fcnf integrierte IPSec-VPN-Kan\u00e4le f\u00fcr eine sichere Verschl\u00fcsselung, sodass der Schutz unternehmensinterner Daten bei Anbindung mobiler Mitarbeiter, Homeoffices oder Zweigniederlassungen stets gew\u00e4hrleistet ist. Mit der LANCOM VPN Option k\u00f6nnen Sie das Ger\u00e4t zudem auf bis zu 25 VPN-Kan\u00e4le aufr\u00fcsten, sodass die Infrastruktur bei Bedarf auch ohne zus\u00e4tzliche Hardware ganz einfach mitw\u00e4chst.<\/p>\n<\/p><\/div>\n<div class=\"formalpara\">\n<div class=\"titlepage\">\n<h2 class=\"text-h3 mb-l\">Advanced Routing &amp; Forwarding<\/h2>\n<\/div>\n<p class=\"mb-l\">Der LANCOM 1800EF stellt bis zu 16 sicher isolierte und getrennt voneinander routende IP-Kontexte zur Verf\u00fcgung. Eine elegante und praktische M\u00f6glichkeit, alle IP-Anwendungen \u00fcber einen zentralen Router zu f\u00fchren und die verschiedenen Kommunikationskan\u00e4le sicher voneinander abzugrenzen.<\/p>\n<\/p><\/div>\n<div class=\"formalpara\">\n<div class=\"titlepage\">\n<h2 class=\"text-h3 mb-l\">Stateful Inspection Firewall<\/h2>\n<\/div>\n<p class=\"mb-l\">Ausger\u00fcstet mit einer Stateful Inspection Firewall sch\u00fctzt der LANCOM 1800EF das gesamte Netzwerk. Mit Funktionen wie Intrusion Prevention und Denial of Service Protection gew\u00e4hrleistet dieses Ger\u00e4t optimalen Schutz, so dass alle Daten im Netzwerk sicher sind.<\/p>\n<\/p><\/div>\n<div class=\"formalpara\">\n<div class=\"titlepage\">\n<h2 class=\"text-h3 mb-l\">Maximale Zukunftssicherheit und Digitale Souver\u00e4nit\u00e4t<\/h2>\n<\/div>\n<p class=\"mb-l\">Als etablierter deutscher Hersteller von IT-Netzwerkl\u00f6sungen steht LANCOM f\u00fcr Zuverl\u00e4ssigkeit und Know-how. Soft- und Hardware-Entwicklung sowie Fertigung finden haupts\u00e4chlich in Deutschland statt, ebenso wie das Hosting des Netzwerkmanagements. Besonderes Augenmerk gilt der DSGVO-konformen Vertrauensw\u00fcrdigkeit und Datensicherheit. Das Unternehmen hat sich der Backdoor-Freiheit seiner Produkte verpflichtet und ist Tr\u00e4ger des vom Bundeswirtschaftsministerium initiierten Qualit\u00e4tszeichens \u201eIT-Security Made in Germany\u201c. Alle Ger\u00e4te werden grunds\u00e4tzlich mit einer zukunftssicheren Hardware-Dimensionierung ausgestattet. Selbst \u00fcber Produktgenerationen hinweg sind Updates des LANCOM Betriebssystem-Familie LCOS mehrmals pro Jahr kostenfrei erh\u00e4ltlich. Dies garantiert eine langj\u00e4hrige Nutzungsdauer auf dem technisch neuesten Stand und bietet einen echten Investitionsschutz. Dar\u00fcber hinaus sind LANCOM Infrastrukturen dank maximaler Kompatibilit\u00e4t leicht skalierbar.<\/p>\n<\/p><\/div>\n<\/p><\/div>\n<li class=\"mb-m\">\n<div class=\"flex flex-col m:flex-row gap-s m:gap-xl\">\n<div class=\"text-h3 min-w-[244px] max-w-[244px]\">Funktionen<\/div>\n<div class=\"flex flex-col gap-s\"><span class=\"ml-3xs pl-[15px] relative before:absolute before:w-[8px] before:h-[8px] before:bg-dark before:top-[8px] before:left-0 before:rounded-full\">Funktionen:<\/p>\n<div class=\"itemizedlist\">\n<ul class=\"flex flex-col gap-s\">\n<li class=\"ml-3xs pl-[15px] relative before:absolute before:w-[8px] before:h-[8px] before:bg-dark before:top-[8px] before:left-0 before:rounded-full\">Router<\/li>\n<li class=\"ml-3xs pl-[15px] relative before:absolute before:w-[8px] before:h-[8px] before:bg-dark before:top-[8px] before:left-0 before:rounded-full\">mit Modem<\/li>\n<li class=\"ml-3xs pl-[15px] relative before:absolute before:w-[8px] before:h-[8px] before:bg-dark before:top-[8px] before:left-0 before:rounded-full\">integrierte Firewall<\/li>\n<\/ul>\n<\/div>\n<p><\/span><span class=\"ml-3xs pl-[15px] relative before:absolute before:w-[8px] before:h-[8px] before:bg-dark before:top-[8px] before:left-0 before:rounded-full\">Modem:<\/p>\n<div class=\"itemizedlist\">\n<ul class=\"flex flex-col gap-s\">\n<li class=\"ml-3xs pl-[15px] relative before:absolute before:w-[8px] before:h-[8px] before:bg-dark before:top-[8px] before:left-0 before:rounded-full\"><\/li>\n<\/ul>\n<\/div>\n<p><\/span><\/div>\n<\/div>\n<\/li>\n<li class=\"mb-m\">\n<div class=\"flex flex-col m:flex-row gap-s m:gap-xl\">\n<div class=\"text-h3 min-w-[244px] max-w-[244px]\">Anschl\u00fcsse<\/div>\n<div class=\"flex flex-col gap-s\"><span class=\"ml-3xs pl-[15px] relative before:absolute before:w-[8px] before:h-[8px] before:bg-dark before:top-[8px] before:left-0 before:rounded-full\">LAN: 4 x 10Base-T\/100Base-TX\/1000Base-T &#8211; RJ-45 \u00a6 USB 2.0: 1 x 4-polig USB Typ A \u00a6 WAN: 1 x 10Base-T\/100Base-TX\/1000Base-T &#8211; RJ-45<\/span><\/div>\n<\/div>\n<\/li>\n<li class=\"mb-m\">\n<div class=\"flex flex-col m:flex-row gap-s m:gap-xl\">\n<div class=\"text-h3 min-w-[244px] max-w-[244px]\">Hersteller<\/div>\n<div class=\"flex flex-col gap-s\"><span class=\"ml-3xs pl-[15px] relative before:absolute before:w-[8px] before:h-[8px] before:bg-dark before:top-[8px] before:left-0 before:rounded-full\">Lancom<\/span><\/div>\n<\/div>\n<\/li>\n<li class=\"mb-m\">\n<div class=\"flex flex-col m:flex-row gap-s m:gap-xl\">\n<div class=\"text-h3 min-w-[244px] max-w-[244px]\">Schnittstellen<\/div>\n<div class=\"flex flex-col gap-s\"><span class=\"ml-3xs pl-[15px] relative before:absolute before:w-[8px] before:h-[8px] before:bg-dark before:top-[8px] before:left-0 before:rounded-full\">LAN: 4 x 10Base-T\/100Base-TX\/1000Base-T &#8211; RJ-45 \u00a6 USB 2.0: 1 x 4-polig USB Typ A \u00a6 WAN: 1 x 10Base-T\/100Base-TX\/1000Base-T &#8211; RJ-45<\/span><\/div>\n<\/div>\n<\/li>\n<li class=\"mb-m\">\n<div class=\"flex flex-col m:flex-row gap-s m:gap-xl\">\n<div class=\"text-h3 min-w-[244px] max-w-[244px]\">Sicherheit<\/div>\n<div class=\"flex flex-col gap-s\"><span class=\"ml-3xs pl-[15px] relative before:absolute before:w-[8px] before:h-[8px] before:bg-dark before:top-[8px] before:left-0 before:rounded-full\">Firewall: Stateful Inspection Firewall mit Paketfilterung, erweitertem Port-Forwarding, N:N IP Adressumsetzung, Paket-Tagging, Unterst\u00fctzung von DNS-Zielen, unterschiedlichen Aktionen und unterschiedlichen Benachrichtigungen<\/span><span class=\"ml-3xs pl-[15px] relative before:absolute before:w-[8px] before:h-[8px] before:bg-dark before:top-[8px] before:left-0 before:rounded-full\">Sicherheit: Intrusion Prevention, IP-Spoofing, Access-Control-Listen, Denial-of-Service Protection, detailliert einstellbares Verhalten bzgl. Re-Assemblierung, Session-Recovery, PING, Stealth-Mode und AUTH Port-Behandlung, URL-Blocker, Passwortschutz, programmierbarer Reset-Taster<\/span><\/div>\n<\/div>\n<\/li>\n<li class=\"mb-m\">\n<div class=\"flex flex-col m:flex-row gap-s m:gap-xl\">\n<div class=\"text-h3 min-w-[244px] max-w-[244px]\">LTE Modem<\/div>\n<div class=\"flex flex-col gap-s\"><span class=\"ml-3xs pl-[15px] relative before:absolute before:w-[8px] before:h-[8px] before:bg-dark before:top-[8px] before:left-0 before:rounded-full\">Client Management:<\/span><span class=\"ml-3xs pl-[15px] relative before:absolute before:w-[8px] before:h-[8px] before:bg-dark before:top-[8px] before:left-0 before:rounded-full\">Steuerung von WLAN Clients auf den sinnvollsten Access Point unter Verwendung von 802.11k und 802.11v<\/span><span class=\"ml-3xs pl-[15px] relative before:absolute before:w-[8px] before:h-[8px] before:bg-dark before:top-[8px] before:left-0 before:rounded-full\">Managed RF Optimization:<\/span><span class=\"ml-3xs pl-[15px] relative before:absolute before:w-[8px] before:h-[8px] before:bg-dark before:top-[8px] before:left-0 before:rounded-full\">Auswahl optimaler WLAN-Kan\u00e4le durch den Administrator (Nur im Verbund mit WLAN-Controller)<\/span><span class=\"ml-3xs pl-[15px] relative before:absolute before:w-[8px] before:h-[8px] before:bg-dark before:top-[8px] before:left-0 before:rounded-full\">Adaptive Noise Immunity:<\/span><span class=\"ml-3xs pl-[15px] relative before:absolute before:w-[8px] before:h-[8px] before:bg-dark before:top-[8px] before:left-0 before:rounded-full\">Immunit\u00e4t vor St\u00f6rsignalen im WLAN<\/span><span class=\"ml-3xs pl-[15px] relative before:absolute before:w-[8px] before:h-[8px] before:bg-dark before:top-[8px] before:left-0 before:rounded-full\">Spectral Scan:<\/span><span class=\"ml-3xs pl-[15px] relative before:absolute before:w-[8px] before:h-[8px] before:bg-dark before:top-[8px] before:left-0 before:rounded-full\">\u00dcberpr\u00fcfen des WLAN-Funkspektrum auf St\u00f6rquellen<\/span><span class=\"ml-3xs pl-[15px] relative before:absolute before:w-[8px] before:h-[8px] before:bg-dark before:top-[8px] before:left-0 before:rounded-full\">Adaptive RF Optimization:<\/span><span class=\"ml-3xs pl-[15px] relative before:absolute before:w-[8px] before:h-[8px] before:bg-dark before:top-[8px] before:left-0 before:rounded-full\">Dynamische Auswahl des besten WLAN-Kanals<\/span><span class=\"ml-3xs pl-[15px] relative before:absolute before:w-[8px] before:h-[8px] before:bg-dark before:top-[8px] before:left-0 before:rounded-full\">Airtime Fairness:<\/span><span class=\"ml-3xs pl-[15px] relative before:absolute before:w-[8px] before:h-[8px] before:bg-dark before:top-[8px] before:left-0 before:rounded-full\">Verbesserte Ausnutzung der WLAN-Bandbreite<\/span><span class=\"ml-3xs pl-[15px] relative before:absolute before:w-[8px] before:h-[8px] before:bg-dark before:top-[8px] before:left-0 before:rounded-full\">Adaptive Transmission:<\/span><span class=\"ml-3xs pl-[15px] relative before:absolute before:w-[8px] before:h-[8px] before:bg-dark before:top-[8px] before:left-0 before:rounded-full\">Power Automatische Anpassung der Sendeleistung f\u00fcr Backup-Szenarien in WLAN-Umgebungen<\/span><\/div>\n<\/div>\n<\/li>\n<li class=\"mb-m\">\n<div class=\"flex flex-col m:flex-row gap-s m:gap-xl\">\n<div class=\"text-h3 min-w-[244px] max-w-[244px]\">Lieferumfang<\/div>\n<div class=\"flex flex-col gap-s\"><span class=\"ml-3xs pl-[15px] relative before:absolute before:w-[8px] before:h-[8px] before:bg-dark before:top-[8px] before:left-0 before:rounded-full\">Handbuch<\/span><span class=\"ml-3xs pl-[15px] relative before:absolute before:w-[8px] before:h-[8px] before:bg-dark before:top-[8px] before:left-0 before:rounded-full\">Zwei Ethernet-Kabel, 3m<\/span><span class=\"ml-3xs pl-[15px] relative before:absolute before:w-[8px] before:h-[8px] before:bg-dark before:top-[8px] before:left-0 before:rounded-full\">Externes Steckernetzteil (230 V), NEST 12 V\/2,0 A DC\/S, Hohlstecker 2,1\/5,5 mm, Temperaturbereich -5 bis +45\u00b0 C, LANCOM Art.-Nr. 111303<\/span><\/div>\n<\/div>\n<\/li>\n<li class=\"mb-m\">\n<div class=\"flex flex-col m:flex-row gap-s m:gap-xl\">\n<div class=\"text-h3 min-w-[244px] max-w-[244px]\">Garantie<\/div>\n<div class=\"flex flex-col gap-s\"><span class=\"ml-3xs pl-[15px] relative before:absolute before:w-[8px] before:h-[8px] before:bg-dark before:top-[8px] before:left-0 before:rounded-full\">3 Jahre<\/span><\/div>\n<\/div>\n<\/li>\n","protected":false},"excerpt":{"rendered":"<li class=\"bullet-list-item\">Highspeed-Internet \u00fcber Glasfaser (GPON- und AON-Module separat erh\u00e4lt<\/li>\n<li class=\"bullet-list-item\">5 integrierte IPSec-VPN-Kan\u00e4le (25 optional)<\/li>\n<li class=\"bullet-list-item\">Maximale Zukunftsf\u00e4higkeit, Zuverl\u00e4ssigkeit und Sicherheit<\/li>\n<p> Herstellernummer 62138<\/p>","protected":false},"featured_media":49919,"comment_status":"open","ping_status":"closed","template":"","meta":{"_monsterinsights_skip_tracking":false,"_monsterinsights_sitenote_active":false,"_monsterinsights_sitenote_note":"","_monsterinsights_sitenote_category":0,"_uf_show_specific_survey":0,"_uf_disable_surveys":false},"product_brand":[],"product_cat":[508],"product_tag":[],"models":[],"years":[],"class_list":{"0":"post-49917","1":"product","2":"type-product","3":"status-publish","4":"has-post-thumbnail","6":"product_cat-netzwerk","8":"first","9":"instock","10":"sale","11":"shipping-taxable","12":"purchasable","13":"product-type-simple"},"aioseo_notices":[],"acf":[],"_links":{"self":[{"href":"https:\/\/amannforg.com\/fr\/wp-json\/wp\/v2\/product\/49917","targetHints":{"allow":["GET"]}}],"collection":[{"href":"https:\/\/amannforg.com\/fr\/wp-json\/wp\/v2\/product"}],"about":[{"href":"https:\/\/amannforg.com\/fr\/wp-json\/wp\/v2\/types\/product"}],"replies":[{"embeddable":true,"href":"https:\/\/amannforg.com\/fr\/wp-json\/wp\/v2\/comments?post=49917"}],"version-history":[{"count":1,"href":"https:\/\/amannforg.com\/fr\/wp-json\/wp\/v2\/product\/49917\/revisions"}],"predecessor-version":[{"id":58243,"href":"https:\/\/amannforg.com\/fr\/wp-json\/wp\/v2\/product\/49917\/revisions\/58243"}],"wp:featuredmedia":[{"embeddable":true,"href":"https:\/\/amannforg.com\/fr\/wp-json\/wp\/v2\/media\/49919"}],"wp:attachment":[{"href":"https:\/\/amannforg.com\/fr\/wp-json\/wp\/v2\/media?parent=49917"}],"wp:term":[{"taxonomy":"product_brand","embeddable":true,"href":"https:\/\/amannforg.com\/fr\/wp-json\/wp\/v2\/product_brand?post=49917"},{"taxonomy":"product_cat","embeddable":true,"href":"https:\/\/amannforg.com\/fr\/wp-json\/wp\/v2\/product_cat?post=49917"},{"taxonomy":"product_tag","embeddable":true,"href":"https:\/\/amannforg.com\/fr\/wp-json\/wp\/v2\/product_tag?post=49917"},{"taxonomy":"models","embeddable":true,"href":"https:\/\/amannforg.com\/fr\/wp-json\/wp\/v2\/models?post=49917"},{"taxonomy":"years","embeddable":true,"href":"https:\/\/amannforg.com\/fr\/wp-json\/wp\/v2\/years?post=49917"}],"curies":[{"name":"wp","href":"https:\/\/api.w.org\/{rel}","templated":true}]}}