{"id":50029,"date":"2026-03-04T23:36:10","date_gmt":"2026-03-04T23:36:10","guid":{"rendered":"https:\/\/amannforg.com\/?post_type=product&#038;p=50029"},"modified":"2026-03-07T16:30:25","modified_gmt":"2026-03-07T16:30:25","slug":"arlo-essential-2-2k-outdoor-kamera-set-mit-solarpanel-3er-set-weis","status":"publish","type":"product","link":"https:\/\/amannforg.com\/fr\/produit\/arlo-essential-2-2k-outdoor-kamera-set-mit-solarpanel-3er-set-weis\/","title":{"rendered":"Arlo Essential 2 2K Outdoor Kamera-Set mit Solarpanel &#8211; 3er Set wei\u00df"},"content":{"rendered":"<div class=\"article\">\n<div class=\"titlepage\">\n<h2 class=\"text-h3 mb-l\">Arlo Essential 2 2K Outdoor Kamera au\u00dfen + Solarpanel<\/h2>\n<\/div>\n<\/div>\n<div class=\"article\">\n<div class=\"titlepage\">\n<h2 class=\"text-h3 mb-l\">3er Set<\/h2>\n<\/div>\n<\/div>\n<div class=\"article\">\n<div class=\"formalpara\">\n<div class=\"titlepage\">\n<h2 class=\"text-h3 mb-l\">Einfache Installation<\/h2>\n<\/div><\/div>\n<\/div>\n<p class=\"mb-l\">\n<div class=\"article\">Auspacken und und loslegen mit der neuen Bluetooth-Installation \u2013 die Einrichtung dauert nur wenige Minuten. Sie ben\u00f6tigen keine Kabel, sondern nur ein paar mitgelieferte Schrauben. <\/div>\n<\/p>\n<div class=\"article\">\n<div class=\"formalpara\">\n<div class=\"titlepage\">\n<h2 class=\"text-h3 mb-l\">Arlo Secure Mitgliedschaft (separat erh\u00e4ltlich)<\/h2>\n<\/div><\/div>\n<\/div>\n<p class=\"mb-l\">\n<div class=\"article\">Mit einer Arlo Secure Mitgliedschaft erhalten Sie Zugriff auf Cloudspeicher, sodass Sie \u00fcber die App bis zu 60 Tage lang auf Ihre Videohistorie zur\u00fcckblicken k\u00f6nnen. Erhalten Sie nur wichtige Benachrichtigungen und reduzieren Sie Fehlalarme dank Aktivit\u00e4tszonen und der Erkennung von Personen, Haustieren, Paketen und Autos. Zudem beinhaltet JEDE Mitgliedschaft Diebstahlschutzversicherung, sodass wir Ihre Kamera KOSTENLOS ersetzen, wenn sie gestohlen wird. Jederzeit k\u00fcndbar.<\/div>\n<\/p>\n<p class=\"mb-l\">\n<div class=\"article\">Ohne eine Secure Mitgliedschaft erhalten Sie Live-Streaming, grundlegende Bewegungsalarme und Zwei-Wege-Audio. <\/div>\n<\/p>\n<div class=\"article\">\n<div class=\"formalpara\">\n<div class=\"titlepage\">\n<h2 class=\"text-h3 mb-l\">Realistisches Video <\/h2>\n<\/div><\/div>\n<\/div>\n<p class=\"mb-l\">\n<div class=\"article\">Die 2K-Aufl\u00f6sung liefert realistische Videos, damit Sie sehen k\u00f6nnen, was um Ihr Zuhause herum passiert.<\/div>\n<\/p>\n<div class=\"article\">\n<div class=\"formalpara\">\n<div class=\"titlepage\">\n<h2 class=\"text-h3 mb-l\">Echtzeitgespr\u00e4che<\/h2>\n<\/div><\/div>\n<\/div>\n<p class=\"mb-l\">\n<div class=\"article\">Die integrierten Lautsprecher und das Mikrofon erm\u00f6glichen es Ihnen, mit Ihrer Familie und Ihren Besuchern zu sprechen oder Eindringlinge vom Grundst\u00fcck zu verweisen, als w\u00e4ren Sie selbst vor Ort.<\/div>\n<\/p>\n<div class=\"article\">\n<div class=\"formalpara\">\n<div class=\"titlepage\">\n<h2 class=\"text-h3 mb-l\">Leistungsstarker Scheinwerfer<\/h2>\n<\/div><\/div>\n<\/div>\n<p class=\"mb-l\">\n<div class=\"article\">Erleuchten Sie bis zu 7m Ihres Grundst\u00fccks mit dem integrierten Scheinwerfer. Entscheiden Sie, ob er automatisch aktiviert wird, sobald eine Bewegung erkannt wird oder aktivieren Sie ihn manuell \u00fcber die App, damit Eindringlinge sich nicht so leicht verstecken k\u00f6nnen.<\/div>\n<\/p>\n<div class=\"article\">\n<div class=\"formalpara\">\n<div class=\"titlepage\">\n<h2 class=\"text-h3 mb-l\">Diebstahlersatz (erfordert eine Secure Mitgliedschaft)<\/h2>\n<\/div><\/div>\n<\/div>\n<p class=\"mb-l\">\n<div class=\"article\">Wir nehmen Ihren Schutz ernst. Deshalb beinhaltet jede Secure Mitgliedschaft einen kostenlosen Diebstahlschutz. Im unwahrscheinlichen Fall, dass Ihre Kamera gestohlen wird, ersetzen wir sie.<\/div>\n<\/p>\n<div class=\"article\">\n<div class=\"formalpara\">\n<div class=\"titlepage\">\n<h2 class=\"text-h3 mb-l\">Wetterfest<\/h2>\n<\/div><\/div>\n<\/div>\n<p class=\"mb-l\">\n<div class=\"article\">Regen, Sonne, Wind und Schnee \u2013 kein Problem. Unser robustes Geh\u00e4use aus Polycarbonat, demselben Material, das in kugelsicherem Glas verwendet wird, erm\u00f6glicht es Ihrer Kamera, bei Temperaturen von -20 \u00b0C bis 45 \u00b0C problemlos zu funktionieren.<\/div>\n<\/p>\n<li class=\"mb-m\">\n<div class=\"flex flex-col m:flex-row gap-s m:gap-xl\">\n<div class=\"text-h3 min-w-[244px] max-w-[244px]\">Allgemeine Daten<\/div>\n<div class=\"flex flex-col gap-s\"><span class=\"ml-3xs pl-[15px] relative before:absolute before:w-[8px] before:h-[8px] before:bg-dark before:top-[8px] before:left-0 before:rounded-full\">Konnektivit\u00e4t: WLAN<\/span><span class=\"ml-3xs pl-[15px] relative before:absolute before:w-[8px] before:h-[8px] before:bg-dark before:top-[8px] before:left-0 before:rounded-full\">Einsatzzweck: au\u00dfen<\/span><span class=\"ml-3xs pl-[15px] relative before:absolute before:w-[8px] before:h-[8px] before:bg-dark before:top-[8px] before:left-0 before:rounded-full\">Farbe: wei\u00df<\/span><\/div>\n<\/div>\n<\/li>\n<li class=\"mb-m\">\n<div class=\"flex flex-col m:flex-row gap-s m:gap-xl\">\n<div class=\"text-h3 min-w-[244px] max-w-[244px]\">Aufnahmefunktion<\/div>\n<div class=\"flex flex-col gap-s\"><span class=\"ml-3xs pl-[15px] relative before:absolute before:w-[8px] before:h-[8px] before:bg-dark before:top-[8px] before:left-0 before:rounded-full\">via Cloud<\/span><\/div>\n<\/div>\n<\/li>\n<li class=\"mb-m\">\n<div class=\"flex flex-col m:flex-row gap-s m:gap-xl\">\n<div class=\"text-h3 min-w-[244px] max-w-[244px]\">Kompatibilit\u00e4t<\/div>\n<div class=\"flex flex-col gap-s\"><span class=\"ml-3xs pl-[15px] relative before:absolute before:w-[8px] before:h-[8px] before:bg-dark before:top-[8px] before:left-0 before:rounded-full\">Arlo (Netgear)<\/span><span class=\"ml-3xs pl-[15px] relative before:absolute before:w-[8px] before:h-[8px] before:bg-dark before:top-[8px] before:left-0 before:rounded-full\">Amazon Alexa<\/span><span class=\"ml-3xs pl-[15px] relative before:absolute before:w-[8px] before:h-[8px] before:bg-dark before:top-[8px] before:left-0 before:rounded-full\">Google Home<\/span><span class=\"ml-3xs pl-[15px] relative before:absolute before:w-[8px] before:h-[8px] before:bg-dark before:top-[8px] before:left-0 before:rounded-full\">Apple Homekit<\/span><span class=\"ml-3xs pl-[15px] relative before:absolute before:w-[8px] before:h-[8px] before:bg-dark before:top-[8px] before:left-0 before:rounded-full\">Samsung SmartThings<\/span><\/div>\n<\/div>\n<\/li>\n<li class=\"mb-m\">\n<div class=\"flex flex-col m:flex-row gap-s m:gap-xl\">\n<div class=\"text-h3 min-w-[244px] max-w-[244px]\">Besonderheiten<\/div>\n<div class=\"flex flex-col gap-s\"><span class=\"ml-3xs pl-[15px] relative before:absolute before:w-[8px] before:h-[8px] before:bg-dark before:top-[8px] before:left-0 before:rounded-full\">Nachtsicht: 2K<\/span><span class=\"ml-3xs pl-[15px] relative before:absolute before:w-[8px] before:h-[8px] before:bg-dark before:top-[8px] before:left-0 before:rounded-full\">Sichtwinkel 130\u00b0 (diagonal)<\/span><span class=\"ml-3xs pl-[15px] relative before:absolute before:w-[8px] before:h-[8px] before:bg-dark before:top-[8px] before:left-0 before:rounded-full\">Integrierter Scheinwerfer<\/span><\/div>\n<\/div>\n<\/li>\n<li class=\"mb-m\">\n<div class=\"flex flex-col m:flex-row gap-s m:gap-xl\">\n<div class=\"text-h3 min-w-[244px] max-w-[244px]\">Videoeigenschaften<\/div>\n<div class=\"flex flex-col gap-s\"><span class=\"ml-3xs pl-[15px] relative before:absolute before:w-[8px] before:h-[8px] before:bg-dark before:top-[8px] before:left-0 before:rounded-full\">Aufl\u00f6sung in Pixel: 2560 x 1440<\/span><span class=\"ml-3xs pl-[15px] relative before:absolute before:w-[8px] before:h-[8px] before:bg-dark before:top-[8px] before:left-0 before:rounded-full\">Codec: h.264<\/span><\/div>\n<\/div>\n<\/li>\n<li class=\"mb-m\">\n<div class=\"flex flex-col m:flex-row gap-s m:gap-xl\">\n<div class=\"text-h3 min-w-[244px] max-w-[244px]\">Funktionen<\/div>\n<div class=\"flex flex-col gap-s\"><span class=\"ml-3xs pl-[15px] relative before:absolute before:w-[8px] before:h-[8px] before:bg-dark before:top-[8px] before:left-0 before:rounded-full\">Akku, Solarbetrieb (optional via Arlo Solarpanel)<\/span><span class=\"ml-3xs pl-[15px] relative before:absolute before:w-[8px] before:h-[8px] before:bg-dark before:top-[8px] before:left-0 before:rounded-full\">Nachtsicht<\/span><span class=\"ml-3xs pl-[15px] relative before:absolute before:w-[8px] before:h-[8px] before:bg-dark before:top-[8px] before:left-0 before:rounded-full\">Bewegungserkennung<\/span><span class=\"ml-3xs pl-[15px] relative before:absolute before:w-[8px] before:h-[8px] before:bg-dark before:top-[8px] before:left-0 before:rounded-full\">Lautsprecher<\/span><span class=\"ml-3xs pl-[15px] relative before:absolute before:w-[8px] before:h-[8px] before:bg-dark before:top-[8px] before:left-0 before:rounded-full\">Mikrofon<\/span><\/div>\n<\/div>\n<\/li>\n<li class=\"mb-m\">\n<div class=\"flex flex-col m:flex-row gap-s m:gap-xl\">\n<div class=\"text-h3 min-w-[244px] max-w-[244px]\">Anforderungen<\/div>\n<div class=\"flex flex-col gap-s\"><span class=\"ml-3xs pl-[15px] relative before:absolute before:w-[8px] before:h-[8px] before:bg-dark before:top-[8px] before:left-0 before:rounded-full\">Highspeed-Internetverbindung<\/span><\/div>\n<\/div>\n<\/li>\n<li class=\"mb-m\">\n<div class=\"flex flex-col m:flex-row gap-s m:gap-xl\">\n<div class=\"text-h3 min-w-[244px] max-w-[244px]\">Ma\u00dfe und Gewicht<\/div>\n<div class=\"flex flex-col gap-s\"><span class=\"ml-3xs pl-[15px] relative before:absolute before:w-[8px] before:h-[8px] before:bg-dark before:top-[8px] before:left-0 before:rounded-full\">53.1&#215;93.4&#215;59.3mm \u2013 203 g<\/span><\/div>\n<\/div>\n<\/li>\n<li class=\"mb-m\">\n<div class=\"flex flex-col m:flex-row gap-s m:gap-xl\">\n<div class=\"text-h3 min-w-[244px] max-w-[244px]\">Lieferumfang<\/div>\n<div class=\"flex flex-col gap-s\"><span class=\"ml-3xs pl-[15px] relative before:absolute before:w-[8px] before:h-[8px] before:bg-dark before:top-[8px] before:left-0 before:rounded-full\">Gratis Arlo Secure Testversion<\/span><span class=\"ml-3xs pl-[15px] relative before:absolute before:w-[8px] before:h-[8px] before:bg-dark before:top-[8px] before:left-0 before:rounded-full\">(3) Arlo Essential 2K Kameras<\/span><span class=\"ml-3xs pl-[15px] relative before:absolute before:w-[8px] before:h-[8px] before:bg-dark before:top-[8px] before:left-0 before:rounded-full\">(3) Arlo Solarpanele<\/span><span class=\"ml-3xs pl-[15px] relative before:absolute before:w-[8px] before:h-[8px] before:bg-dark before:top-[8px] before:left-0 before:rounded-full\">(1) USB-Ladekabel<\/span><span class=\"ml-3xs pl-[15px] relative before:absolute before:w-[8px] before:h-[8px] before:bg-dark before:top-[8px] before:left-0 before:rounded-full\">(3) Wandhalterungen und Schraubensatz<\/span><span class=\"ml-3xs pl-[15px] relative before:absolute before:w-[8px] before:h-[8px] before:bg-dark before:top-[8px] before:left-0 before:rounded-full\">(1) Schnellstartanleitung<\/span><span class=\"ml-3xs pl-[15px] relative before:absolute before:w-[8px] before:h-[8px] before:bg-dark before:top-[8px] before:left-0 before:rounded-full\">(1) Arlo Video\u00fcberwachungsaufkleber<\/span><\/div>\n<\/div>\n<\/li>\n","protected":false},"excerpt":{"rendered":"<li class=\"bullet-list-item\">Set aus 3 Kameras und 3 Solarpanelen<\/li>\n<li class=\"bullet-list-item\">Realistisches Video  <\/li>\n<li class=\"bullet-list-item\">Echtzeitgespr\u00e4che <\/li>\n<li class=\"bullet-list-item\">Leistungsstarker Scheinwerfer <\/li>\n<li class=\"bullet-list-item\">Wetterfest <\/li>\n<p> Herstellernummer VMK3350-100EUS<\/p>","protected":false},"featured_media":50030,"comment_status":"open","ping_status":"closed","template":"","meta":{"_monsterinsights_skip_tracking":false,"_monsterinsights_sitenote_active":false,"_monsterinsights_sitenote_note":"","_monsterinsights_sitenote_category":0,"_uf_show_specific_survey":0,"_uf_disable_surveys":false},"product_brand":[],"product_cat":[508],"product_tag":[],"models":[],"years":[],"class_list":{"0":"post-50029","1":"product","2":"type-product","3":"status-publish","4":"has-post-thumbnail","6":"product_cat-netzwerk","8":"first","9":"instock","10":"sale","11":"shipping-taxable","12":"purchasable","13":"product-type-simple"},"aioseo_notices":[],"acf":[],"_links":{"self":[{"href":"https:\/\/amannforg.com\/fr\/wp-json\/wp\/v2\/product\/50029","targetHints":{"allow":["GET"]}}],"collection":[{"href":"https:\/\/amannforg.com\/fr\/wp-json\/wp\/v2\/product"}],"about":[{"href":"https:\/\/amannforg.com\/fr\/wp-json\/wp\/v2\/types\/product"}],"replies":[{"embeddable":true,"href":"https:\/\/amannforg.com\/fr\/wp-json\/wp\/v2\/comments?post=50029"}],"version-history":[{"count":1,"href":"https:\/\/amannforg.com\/fr\/wp-json\/wp\/v2\/product\/50029\/revisions"}],"predecessor-version":[{"id":58249,"href":"https:\/\/amannforg.com\/fr\/wp-json\/wp\/v2\/product\/50029\/revisions\/58249"}],"wp:featuredmedia":[{"embeddable":true,"href":"https:\/\/amannforg.com\/fr\/wp-json\/wp\/v2\/media\/50030"}],"wp:attachment":[{"href":"https:\/\/amannforg.com\/fr\/wp-json\/wp\/v2\/media?parent=50029"}],"wp:term":[{"taxonomy":"product_brand","embeddable":true,"href":"https:\/\/amannforg.com\/fr\/wp-json\/wp\/v2\/product_brand?post=50029"},{"taxonomy":"product_cat","embeddable":true,"href":"https:\/\/amannforg.com\/fr\/wp-json\/wp\/v2\/product_cat?post=50029"},{"taxonomy":"product_tag","embeddable":true,"href":"https:\/\/amannforg.com\/fr\/wp-json\/wp\/v2\/product_tag?post=50029"},{"taxonomy":"models","embeddable":true,"href":"https:\/\/amannforg.com\/fr\/wp-json\/wp\/v2\/models?post=50029"},{"taxonomy":"years","embeddable":true,"href":"https:\/\/amannforg.com\/fr\/wp-json\/wp\/v2\/years?post=50029"}],"curies":[{"name":"wp","href":"https:\/\/api.w.org\/{rel}","templated":true}]}}