{"id":50103,"date":"2026-03-04T23:37:26","date_gmt":"2026-03-04T23:37:26","guid":{"rendered":"https:\/\/amannforg.com\/?post_type=product&#038;p=50103"},"modified":"2026-03-07T16:30:25","modified_gmt":"2026-03-07T16:30:25","slug":"netgear-28-port-poe-gigabit-ethernet-smart-switch-gs728tp-managed-optionales-insight-cloud-management-24-poe-bei-190-w-4-1g-sfp-desktop-oder-rack-befestigung","status":"publish","type":"product","link":"https:\/\/amannforg.com\/fr\/produit\/netgear-28-port-poe-gigabit-ethernet-smart-switch-gs728tp-managed-optionales-insight-cloud-management-24-poe-bei-190-w-4-1g-sfp-desktop-oder-rack-befestigung\/","title":{"rendered":"NETGEAR 28-Port PoE Gigabit Ethernet Smart Switch (GS728TP): Managed, optionales Insight-Cloud-Management, 24 PoE+ bei 190 W, 4 1G SFP, Desktop- oder Rack-Befestigung"},"content":{"rendered":"<p class=\"mb-l\">\n<div class=\"titlepage\">\n<h2 class=\"text-h3 mb-l\">Netgear GS728TP-300EUS ProSAFE GS700 Rackmount Gigabit Smart Switch<\/h2>\n<\/div>\n<p class=\"mb-l\">NETGEAR Smart Switches bestechen durch leistungsstarke L2- und L2+-Features, bessere PoE-Funktionen sowie eine h\u00f6here Leistung und Nutzerfreundlichkeit. Sie sind speziell f\u00fcr konvergierte Netzwerke konzipiert, in denen Sprache, Video und Daten von einer einzigen Netzwerkplattform getragen werden. Hinsichtlich Netzwerkeffizienz, Betriebskosten und Verwaltung lassen diese Switches keine W\u00fcnsche offen. Diese Switch-Serie bietet aufgrund von PoE-Optionen 8 bis 52 Portkonfigurationen in Fast-Ethernet- und Gigabit-Ethernet-Netzwerken. Alle Switches werden mit Gigabit-SFP-Ports geliefert, die Glasfaserkonnektivit\u00e4t erm\u00f6glichen. F\u00fcr Unternehmen, die eine optimale Kombination aus Features und Leistung gepaart mit einem attraktiven Preis-Leistungs-Verh\u00e4ltnis w\u00fcnschen, sind diese Switches ideal.<\/p>\n<p class=\"mb-l\">\n<div class=\"titlepage\">\n<h2 class=\"text-h3 mb-l\">PoE an allen Ports der Switches<\/h2>\n<\/div>\n<p class=\"mb-l\">Die Switches unterst\u00fctzen high-density VoIP- und \u00dcberwachungsszenarien sowie WLAN-Access-Point-Installationen, die skalierbar sind und mit k\u00fcnftigem Wachstum Schritt halten k\u00f6nnen. Es stehen stets gen\u00fcgend PoE-Ports zur Verf\u00fcgung.<\/p>\n<p class=\"mb-l\">\n<div class=\"titlepage\">\n<h2 class=\"text-h3 mb-l\">PoE+-Ports<\/h2>\n<\/div>\n<p class=\"mb-l\">Sichern Sie sich die Flexibilit\u00e4t, k\u00fcnftig High-End- bzw. hochleistungsf\u00e4hige PoEf\u00e4hige Ger\u00e4te wie Bildtelefone, PTZ-Kameras und WLAN Access Points (11ac) \u00fcber den gleichen Switch hinzuzuf\u00fcgen, mit dem normale VoIP-Telefone betrieben werden.<\/p>\n<p class=\"mb-l\">\n<div class=\"titlepage\">\n<h2 class=\"text-h3 mb-l\">Fest zugeordnete SFP-Glasfaser-Uplinks<\/h2>\n<\/div>\n<p class=\"mb-l\">Fest zugeordnete SFP-Ports bieten Glasfaser-Uplinks, ohne Downlink-Gigabit-Ports einzub\u00fc\u00dfen. 4 SFP-Ports bieten nicht nur redundante Uplinks, sondern k\u00f6nnen auch \u00fcber einen Trunk-Uplink mit Link Aggregation und Failover eine duale Redundanz aufbauen und erm\u00f6glichen somit die Virtualisierung des Netzwerks.<\/p>\n<p class=\"mb-l\">\n<div class=\"titlepage\">\n<h2 class=\"text-h3 mb-l\">Dynamische VLAN-Zuweisung<\/h2>\n<\/div>\n<p class=\"mb-l\">IP-Telefone und PCs k\u00f6nnen am gleichen Port, aber anhand unterschiedlicher VLAN-Zuweisungsrichtlinien authentifiziert werden. Benutzer k\u00f6nnen sich frei bewegen und genie\u00dfen unabh\u00e4ngig von ihrem physischen Standort den gleichen Netzwerkzugriff.<\/p>\n<p class=\"mb-l\">\n<div class=\"titlepage\">\n<h2 class=\"text-h3 mb-l\">Statisches Routing<\/h2>\n<\/div>\n<p class=\"mb-l\">Dies ist eine einfache M\u00f6glichkeit, eine Segmentierung des Netzwerks mit internem Routing \u00fcber den Switch zu erzielen. Der Router wird ausschlie\u00dflich f\u00fcr den externen Datenverkehr reserviert. Die Effizienz des gesamten Netzwerks wird hierdurch gesteigert.<\/p>\n<p class=\"mb-l\">\n<div class=\"titlepage\">\n<h2 class=\"text-h3 mb-l\">Umfassende IPv6-Unterst\u00fctzung f\u00fcr Verwaltung, ACL und QoS<\/h2>\n<\/div>\n<p class=\"mb-l\">Bauen Sie Ihr gegenw\u00e4rtiges Netzwerk mit Blick auf die Zukunft auf. Sch\u00fctzen Sie Ihre Investition und schaffen Sie die Voraussetzungen f\u00fcr eine nahtlose Migration zu einem IPv6-basierten Netzwerk, ohne Switches austauschen zu m\u00fcssen.<\/p>\n<p class=\"mb-l\">\n<div class=\"titlepage\">\n<h2 class=\"text-h3 mb-l\">Aufbau des gegenw\u00e4rtigen Netzwerks mit Blick auf die Zukunft<\/h2>\n<\/div>\n<p class=\"mb-l\">Sch\u00fctzen Sie Ihre Investition und schaffen Sie die Voraussetzungen f\u00fcr eine nahtlose Migration zu einem IPv6-basierten Netzwerk, ohne Switches austauschen zu m\u00fcssen. Erleichtern Sie eine schnelle Verbindung und Trennung der Empf\u00e4nger bei Multicast-Streams. Sparen Sie Kosten und steigern Sie die Netzwerkeffizienz, indem Sie sicherstellen, dass der Multicast-Datenverkehr nur die designierten Empf\u00e4nger erreicht. Hierzu ist kein zus\u00e4tzlicher Multicast-Router erforderlich.<\/p>\n<p class=\"mb-l\">\n<div class=\"titlepage\">\n<h2 class=\"text-h3 mb-l\">Robuste Sicherheitsfunktionen<\/h2>\n<\/div>\n<p class=\"mb-l\">Schaffen Sie ein sicheres, konvergiertes Netzwerk mit vielf\u00e4ltigem Datenverkehr, indem Sie Angriffe von au\u00dfen verhindern, Malware blockieren und gleichzeitig den autorisierten Benutzern einen sicheren Zugriff bieten.<\/p>\n<p class=\"mb-l\">\n<div class=\"titlepage\">\n<h2 class=\"text-h3 mb-l\">Umfassende QoS-Funktionen<\/h2>\n<\/div>\n<p class=\"mb-l\">Hierzu geh\u00f6ren erweiterte Steuerungen zur Optimierung der Netzwerkleistung sowie eine bessere Bereitstellung des gesch\u00e4ftskritischen Datenverkehrs wie Sprach- und Videodaten.<\/p>\n<p class=\"mb-l\">\n<div class=\"titlepage\">\n<h2 class=\"text-h3 mb-l\">DHCP Snooping<\/h2>\n<\/div>\n<p class=\"mb-l\">Sorgen Sie f\u00fcr Integrit\u00e4t bei der IP-Adresszuweisung, indem Sie den Netzzugriff auf Clients mit bestimmten IP-\/MAC-Adressen beschr\u00e4nken.<\/p>\n<p class=\"mb-l\">\n<div class=\"titlepage\">\n<h2 class=\"text-h3 mb-l\">Zwei Firmware-Images und zwei Konfigurationsdateien<\/h2>\n<\/div>\n<p class=\"mb-l\">Hierdurch werden transparente Firmware-Updates bzw. Konfigurations\u00e4nderungen mit minimaler Dienstunterbrechung erm\u00f6glicht.<\/p>\n<p class=\"mb-l\">\n<div class=\"titlepage\">\n<h2 class=\"text-h3 mb-l\">PoE-Timer<\/h2>\n<\/div>\n<p class=\"mb-l\">IT-Administratoren k\u00f6nnen die Netzwerksicherheit steigern, Netzwerkressourcen besser nutzen und Energie sparen, indem sie PoE-Ports nach einem Zeitplan oder per Fernzugriff ein- und ausschalten.<\/p>\n<p class=\"mb-l\">\n<div class=\"titlepage\">\n<h2 class=\"text-h3 mb-l\">Gesch\u00fctzte Ports<\/h2>\n<\/div>\n<p class=\"mb-l\">Stellen sicher, dass zwischen den gesch\u00fctzten Ports im Switch kein Unicast-, Broadcast- oder Multicast-Datenverkehr stattfindet. Hierdurch wird die Sicherheit des konvergierten Netzwerks verbessert. Vertrauliche Telefongespr\u00e4che sind vor fremden Ohren gesch\u00fctzt und die von Video\u00fcberwachungskameras gefilmten Bilder k\u00f6nnen an das hierf\u00fcr vorgesehene Speicherger\u00e4t \u00fcbermittelt werden, ohne dass Bilder nach au\u00dfen dringen oder manipuliert werden.<\/p>\n<li class=\"mb-m\">\n<div class=\"flex flex-col m:flex-row gap-s m:gap-xl\">\n<div class=\"text-h3 min-w-[244px] max-w-[244px]\">Netzwerk<\/div>\n<div class=\"flex flex-col gap-s\"><span class=\"\"><\/p>\n<ul class=\"flex flex-col gap-s\">\n<li class=\"ml-3xs pl-[15px] relative before:absolute before:w-[8px] before:h-[8px] before:bg-dark before:top-[8px] before:left-0 before:rounded-full\">Gesamtzahl RJ45-Ports: 24<\/li>\n<li class=\"ml-3xs pl-[15px] relative before:absolute before:w-[8px] before:h-[8px] before:bg-dark before:top-[8px] before:left-0 before:rounded-full\">Anzahl GB-LAN Ports (1000 Mbit\/s): 24 St<\/li>\n<li class=\"ml-3xs pl-[15px] relative before:absolute before:w-[8px] before:h-[8px] before:bg-dark before:top-[8px] before:left-0 before:rounded-full\">Anzahl SFP-Ports (1 Gbit\/s): 4 St<\/li>\n<li class=\"ml-3xs pl-[15px] relative before:absolute before:w-[8px] before:h-[8px] before:bg-dark before:top-[8px] before:left-0 before:rounded-full\">Gesamtzahl PoE Ports: 24<\/li>\n<li class=\"ml-3xs pl-[15px] relative before:absolute before:w-[8px] before:h-[8px] before:bg-dark before:top-[8px] before:left-0 before:rounded-full\">Anzahl PoE+ Ports: 24 St<\/li>\n<li class=\"ml-3xs pl-[15px] relative before:absolute before:w-[8px] before:h-[8px] before:bg-dark before:top-[8px] before:left-0 before:rounded-full\">PoE-Budget gesamt: 190 W<\/li>\n<li class=\"ml-3xs pl-[15px] relative before:absolute before:w-[8px] before:h-[8px] before:bg-dark before:top-[8px] before:left-0 before:rounded-full\">Verwaltung: Managed<\/li>\n<li class=\"ml-3xs pl-[15px] relative before:absolute before:w-[8px] before:h-[8px] before:bg-dark before:top-[8px] before:left-0 before:rounded-full\">Switch Funktionalit\u00e4t: Smart<\/li>\n<li class=\"ml-3xs pl-[15px] relative before:absolute before:w-[8px] before:h-[8px] before:bg-dark before:top-[8px] before:left-0 before:rounded-full\">Switch-Bauform: Rack<\/li>\n<li class=\"ml-3xs pl-[15px] relative before:absolute before:w-[8px] before:h-[8px] before:bg-dark before:top-[8px] before:left-0 before:rounded-full\">K\u00fchlung: aktiv<\/li>\n<\/ul>\n<p><\/span><\/div>\n<\/div>\n<\/li>\n<li class=\"mb-m\">\n<div class=\"flex flex-col m:flex-row gap-s m:gap-xl\">\n<div class=\"text-h3 min-w-[244px] max-w-[244px]\">Montage \/ Halterung<\/div>\n<div class=\"flex flex-col gap-s\"><span class=\"\"><\/p>\n<ul class=\"flex flex-col gap-s\">\n<li class=\"ml-3xs pl-[15px] relative before:absolute before:w-[8px] before:h-[8px] before:bg-dark before:top-[8px] before:left-0 before:rounded-full\">Montage-Winkel<\/li>\n<\/ul>\n<p><\/span><\/div>\n<\/div>\n<\/li>\n<li class=\"mb-m\">\n<div class=\"flex flex-col m:flex-row gap-s m:gap-xl\">\n<div class=\"text-h3 min-w-[244px] max-w-[244px]\">Farbe \/ Material<\/div>\n<div class=\"flex flex-col gap-s\"><span class=\"\"><\/p>\n<ul class=\"flex flex-col gap-s\">\n<li class=\"ml-3xs pl-[15px] relative before:absolute before:w-[8px] before:h-[8px] before:bg-dark before:top-[8px] before:left-0 before:rounded-full\">Farbe: Grau<\/li>\n<li class=\"ml-3xs pl-[15px] relative before:absolute before:w-[8px] before:h-[8px] before:bg-dark before:top-[8px] before:left-0 before:rounded-full\">Material: Metall<\/li>\n<\/ul>\n<p><\/span><\/div>\n<\/div>\n<\/li>\n<li class=\"mb-m\">\n<div class=\"flex flex-col m:flex-row gap-s m:gap-xl\">\n<div class=\"text-h3 min-w-[244px] max-w-[244px]\">Abmessungen \/ Gewicht<\/div>\n<div class=\"flex flex-col gap-s\"><span class=\"\"><\/p>\n<ul class=\"flex flex-col gap-s\">\n<li class=\"ml-3xs pl-[15px] relative before:absolute before:w-[8px] before:h-[8px] before:bg-dark before:top-[8px] before:left-0 before:rounded-full\">Breite: 440 mm<\/li>\n<li class=\"ml-3xs pl-[15px] relative before:absolute before:w-[8px] before:h-[8px] before:bg-dark before:top-[8px] before:left-0 before:rounded-full\">H\u00f6he: 43.2 mm<\/li>\n<li class=\"ml-3xs pl-[15px] relative before:absolute before:w-[8px] before:h-[8px] before:bg-dark before:top-[8px] before:left-0 before:rounded-full\">Tiefe: 257 mm<\/li>\n<li class=\"ml-3xs pl-[15px] relative before:absolute before:w-[8px] before:h-[8px] before:bg-dark before:top-[8px] before:left-0 before:rounded-full\">Gewicht: 3.78 kg<\/li>\n<\/ul>\n<p><\/span><\/div>\n<\/div>\n<\/li>\n","protected":false},"excerpt":{"rendered":"<li class=\"bullet-list-item\">Smart Managed Switch<\/li>\n<li class=\"bullet-list-item\">24 RJ45-Ports (24x GB-LAN)<\/li>\n<li class=\"bullet-list-item\">24 POE Ports mit 190W Gesamtbudget (davon 24x PoE+)<\/li>\n<li class=\"bullet-list-item\">Zus\u00e4tzliche Ports: 4x SFP<\/li>\n<li class=\"bullet-list-item\">K\u00fchlung: aktiv, Rack-Kompatibel (1HE), inkl. Montage-Winkel<\/li>\n<p> Herstellernummer GS728TP-300EUS<\/p>","protected":false},"featured_media":50104,"comment_status":"open","ping_status":"closed","template":"","meta":{"_monsterinsights_skip_tracking":false,"_monsterinsights_sitenote_active":false,"_monsterinsights_sitenote_note":"","_monsterinsights_sitenote_category":0,"_uf_show_specific_survey":0,"_uf_disable_surveys":false},"product_brand":[],"product_cat":[508],"product_tag":[],"models":[],"years":[],"class_list":{"0":"post-50103","1":"product","2":"type-product","3":"status-publish","4":"has-post-thumbnail","6":"product_cat-netzwerk","8":"first","9":"instock","10":"sale","11":"shipping-taxable","12":"purchasable","13":"product-type-simple"},"aioseo_notices":[],"acf":[],"_links":{"self":[{"href":"https:\/\/amannforg.com\/fr\/wp-json\/wp\/v2\/product\/50103","targetHints":{"allow":["GET"]}}],"collection":[{"href":"https:\/\/amannforg.com\/fr\/wp-json\/wp\/v2\/product"}],"about":[{"href":"https:\/\/amannforg.com\/fr\/wp-json\/wp\/v2\/types\/product"}],"replies":[{"embeddable":true,"href":"https:\/\/amannforg.com\/fr\/wp-json\/wp\/v2\/comments?post=50103"}],"version-history":[{"count":1,"href":"https:\/\/amannforg.com\/fr\/wp-json\/wp\/v2\/product\/50103\/revisions"}],"predecessor-version":[{"id":58252,"href":"https:\/\/amannforg.com\/fr\/wp-json\/wp\/v2\/product\/50103\/revisions\/58252"}],"wp:featuredmedia":[{"embeddable":true,"href":"https:\/\/amannforg.com\/fr\/wp-json\/wp\/v2\/media\/50104"}],"wp:attachment":[{"href":"https:\/\/amannforg.com\/fr\/wp-json\/wp\/v2\/media?parent=50103"}],"wp:term":[{"taxonomy":"product_brand","embeddable":true,"href":"https:\/\/amannforg.com\/fr\/wp-json\/wp\/v2\/product_brand?post=50103"},{"taxonomy":"product_cat","embeddable":true,"href":"https:\/\/amannforg.com\/fr\/wp-json\/wp\/v2\/product_cat?post=50103"},{"taxonomy":"product_tag","embeddable":true,"href":"https:\/\/amannforg.com\/fr\/wp-json\/wp\/v2\/product_tag?post=50103"},{"taxonomy":"models","embeddable":true,"href":"https:\/\/amannforg.com\/fr\/wp-json\/wp\/v2\/models?post=50103"},{"taxonomy":"years","embeddable":true,"href":"https:\/\/amannforg.com\/fr\/wp-json\/wp\/v2\/years?post=50103"}],"curies":[{"name":"wp","href":"https:\/\/api.w.org\/{rel}","templated":true}]}}