{"id":50109,"date":"2026-03-04T23:37:32","date_gmt":"2026-03-04T23:37:32","guid":{"rendered":"https:\/\/amannforg.com\/?post_type=product&#038;p=50109"},"modified":"2026-03-07T16:30:26","modified_gmt":"2026-03-07T16:30:26","slug":"hpe-instant-on-1960-24g-20p-class4-4p-class6-poe-2xgt-2sfp-370w-switch","status":"publish","type":"product","link":"https:\/\/amannforg.com\/fr\/produit\/hpe-instant-on-1960-24g-20p-class4-4p-class6-poe-2xgt-2sfp-370w-switch\/","title":{"rendered":"HPE Instant On 1960 24G 20p Class4 4p Class6 PoE 2XGT 2SFP+ 370W Switch"},"content":{"rendered":"<p class=\"mb-l\">\n<div class=\"titlepage\">\n<h2 class=\"text-h3 mb-l\">Eine skalierbare L\u00f6sung f\u00fcr wachsende Unternehmen mit hohem Bandbreitenbedarf.<\/h2>\n<\/div>\n<p class=\"mb-l\">Die HPE Networking Instant On Zugriffs- und Aggregations-Switches sind fortschrittliche, intelligent verwaltete, stackingf\u00e4hige Gigabit- und Multi-Gigabit-Switches f\u00fcr wachsende Unternehmen, die h\u00f6chste Leistung zur Unterst\u00fctzung bandbreitenintensiver moderner Anwendungen ben\u00f6tigen.<\/p>\n<p class=\"mb-l\">\n<div class=\"titlepage\">\n<h2 class=\"text-h3 mb-l\">Hochleistungskonnektivit\u00e4t mit 10 Gigabit<\/h2>\n<\/div>\n<p class=\"mb-l\">F\u00fcr Umgebungen mit hohem Bandbreitenbedarf bieten die 10GBase-T- und SFP+-Uplink-Ports ultraschnelle Netzwerkgeschwindigkeiten und beseitigen Traffic-Engp\u00e4sse. 24- und 48-Port-Gigabit-Modelle (PoE und Nicht-PoE) sowie 12-, 24- und 48-Port-Zugriffsmodule (PoE und Nicht-PoE) sowie ein 12-Port-Aggregations-Switch bieten Optionen f\u00fcr eine flexible, leistungsstarke und kosteng\u00fcnstige Bereitstellung.<\/p>\n<p class=\"mb-l\">\n<div class=\"titlepage\">\n<h2 class=\"text-h3 mb-l\">Bis zu vier (4) 1960-Switches in einem Stapel<\/h2>\n<\/div>\n<p class=\"mb-l\">Vereinfachen Sie das Netzwerkmanagement, indem Sie bis zu vier (4) 1960-Switches (Zugriff und Aggregation) stapeln und \u00fcber eine einzige Managementschnittstelle verwalten. Profitieren Sie von bis zu 288 Ports, einschlie\u00dflich 16 10-GbE-Uplink-Ports, f\u00fcr Umgebungen mit hoher Dichte sowie von Flexibilit\u00e4t bei zuk\u00fcnftigen Netzwerkerweiterungen.<\/p>\n<p class=\"mb-l\">\n<div class=\"titlepage\">\n<h2 class=\"text-h3 mb-l\">Mit Multi-Gig-Ethernet Ihr Unternehmen beschleunigen<\/h2>\n<\/div>\n<p class=\"mb-l\">Erm\u00f6glichen Sie mit den 1960 Multi-Gig-Access-Switches das aktuellste WLAN, IOT und extrem leistungsf\u00e4hige Hardware mit 2,5-GbE-Ports. Mit der 2,5-mal gr\u00f6\u00dferen verf\u00fcgbaren Bandbreite von 1-GbE-Ports beschleunigen Sie das Wachstum Ihres Unternehmens und k\u00f6nnen zugleich neue Ger\u00e4te und Ger\u00e4te der n\u00e4chsten Generation unterst\u00fctzen.<\/p>\n<p class=\"mb-l\">\n<div class=\"titlepage\">\n<h2 class=\"text-h3 mb-l\">Benutzerfreundliches Stacking mit Cloud-Verwaltung<\/h2>\n<\/div>\n<p class=\"mb-l\">Die mobile Instant On-Mobile App erm\u00f6glicht Einrichtung und Konfiguration eines Stapels in ein paar einfachen Schritten. Sie k\u00f6nnen den Stapel und die Anschl\u00fcsse remote verwalten und minimieren Netzwerkausf\u00e4lle \u2013 wenn der Master-Switch in einem Stapel der 1960-Serie ausf\u00e4llt, \u00fcbernimmt ein anderer Switch, und das Netzwerk l\u00e4uft ohne Unterbrechung weiter.<\/p>\n<p class=\"mb-l\">\n<div class=\"titlepage\">\n<h2 class=\"text-h3 mb-l\">Zukunftssicheres Netzwerk<\/h2>\n<\/div>\n<p class=\"mb-l\">Bieten Sie Unterst\u00fctzung f\u00fcr zuk\u00fcnftige zus\u00e4tzliche Ger\u00e4te. True Stacking erleichtert die Konfiguration, Verwaltung und Fehlerbehebung physischer Switches als eine einzige Einheit und vereinfacht so die Netzwerkskalierung, wenn Ihr Unternehmen w\u00e4chst.<\/p>\n<p class=\"mb-l\">\n<div class=\"titlepage\">\n<h2 class=\"text-h3 mb-l\">Power Over Ethernet (PoE)-Unterst\u00fctzung<\/h2>\n<\/div>\n<p class=\"mb-l\">Die 1960-Switches unterst\u00fctzen PoE der Klassen 4 und 6 f\u00fcr ausgew\u00e4hlte Ports. Eine PoE-Leistungsabgabe von bis zu 30 W f\u00fcr PoE-Ger\u00e4te der Klasse 4 verf\u00fcgbar, z. B. Access Points, \u00dcberwachungskameras und VoIP-Telefone. F\u00fcr PoE-Ger\u00e4te der Klasse 6, wie die Aruba Instant On AP 11D und 1830 8-Port Access Switches, sind bis zu 60 W PoE verf\u00fcgbar.<\/p>\n<p class=\"mb-l\">\n<div class=\"titlepage\">\n<h2 class=\"text-h3 mb-l\">Solide Sicherheit<\/h2>\n<\/div>\n<p class=\"mb-l\">Fortschrittliche Sicherheitsfunktionen wie IEEE 802.1X, MAC-Authentifizierung, VLANs, Netzwerkzugriffskontrolle (ACL), Port Security, DHCP-Snooping, Schutz vor ARP-Angriffen und RADIUS-Authentifizierung sch\u00fctzen Ihre Unternehmensdaten und wehren unbefugte Benutzer ab.<\/p>\n<p class=\"mb-l\"><i>Ausstattungsmerkmale Modellabh\u00e4ngig &#8211; bitte beachten sie das technische Datenblatt.<\/i><\/p>\n<li class=\"mb-m\">\n<div class=\"flex flex-col m:flex-row gap-s m:gap-xl\">\n<div class=\"text-h3 min-w-[244px] max-w-[244px]\">Netzwerk<\/div>\n<div class=\"flex flex-col gap-s\"><span class=\"\"><\/p>\n<ul class=\"flex flex-col gap-s\">\n<li class=\"ml-3xs pl-[15px] relative before:absolute before:w-[8px] before:h-[8px] before:bg-dark before:top-[8px] before:left-0 before:rounded-full\">Gesamtzahl RJ45-Ports: 26<\/li>\n<li class=\"ml-3xs pl-[15px] relative before:absolute before:w-[8px] before:h-[8px] before:bg-dark before:top-[8px] before:left-0 before:rounded-full\">Anzahl GB-LAN Ports (1000 Mbit\/s): 24 St<\/li>\n<li class=\"ml-3xs pl-[15px] relative before:absolute before:w-[8px] before:h-[8px] before:bg-dark before:top-[8px] before:left-0 before:rounded-full\">Anzahl 10 GB LAN Ports (10 Gbit\/s): 2 St<\/li>\n<li class=\"ml-3xs pl-[15px] relative before:absolute before:w-[8px] before:h-[8px] before:bg-dark before:top-[8px] before:left-0 before:rounded-full\">Anzahl SFP+ Ports (10 Gbit\/s): 2 St<\/li>\n<li class=\"ml-3xs pl-[15px] relative before:absolute before:w-[8px] before:h-[8px] before:bg-dark before:top-[8px] before:left-0 before:rounded-full\">Gesamtzahl PoE Ports: 24<\/li>\n<li class=\"ml-3xs pl-[15px] relative before:absolute before:w-[8px] before:h-[8px] before:bg-dark before:top-[8px] before:left-0 before:rounded-full\">Anzahl PoE+ Ports: 20 St<\/li>\n<li class=\"ml-3xs pl-[15px] relative before:absolute before:w-[8px] before:h-[8px] before:bg-dark before:top-[8px] before:left-0 before:rounded-full\">Anzahl PoE++ Ports: 4 St<\/li>\n<li class=\"ml-3xs pl-[15px] relative before:absolute before:w-[8px] before:h-[8px] before:bg-dark before:top-[8px] before:left-0 before:rounded-full\">PoE-Budget gesamt: 370 W<\/li>\n<li class=\"ml-3xs pl-[15px] relative before:absolute before:w-[8px] before:h-[8px] before:bg-dark before:top-[8px] before:left-0 before:rounded-full\">Verwaltung: Managed<\/li>\n<li class=\"ml-3xs pl-[15px] relative before:absolute before:w-[8px] before:h-[8px] before:bg-dark before:top-[8px] before:left-0 before:rounded-full\">Switch Funktionalit\u00e4t: <\/li>\n<div class=\"itemizedlist\">\n<ul class=\"flex flex-col gap-s\">\n<li class=\"ml-3xs pl-[15px] relative before:absolute before:w-[8px] before:h-[8px] before:bg-dark before:top-[8px] before:left-0 before:rounded-full\">Smart<\/li>\n<li class=\"ml-3xs pl-[15px] relative before:absolute before:w-[8px] before:h-[8px] before:bg-dark before:top-[8px] before:left-0 before:rounded-full\">Stackable<\/li>\n<\/ul>\n<\/div>\n<li class=\"ml-3xs pl-[15px] relative before:absolute before:w-[8px] before:h-[8px] before:bg-dark before:top-[8px] before:left-0 before:rounded-full\">Switch-Bauform: Rack<\/li>\n<li class=\"ml-3xs pl-[15px] relative before:absolute before:w-[8px] before:h-[8px] before:bg-dark before:top-[8px] before:left-0 before:rounded-full\">K\u00fchlung: aktiv<\/li>\n<\/ul>\n<p><\/span><\/div>\n<\/div>\n<\/li>\n<li class=\"mb-m\">\n<div class=\"flex flex-col m:flex-row gap-s m:gap-xl\">\n<div class=\"text-h3 min-w-[244px] max-w-[244px]\">Montage \/ Halterung<\/div>\n<div class=\"flex flex-col gap-s\"><span class=\"\"><\/p>\n<ul class=\"flex flex-col gap-s\">\n<li class=\"ml-3xs pl-[15px] relative before:absolute before:w-[8px] before:h-[8px] before:bg-dark before:top-[8px] before:left-0 before:rounded-full\">Montage-Winkel<\/li>\n<\/ul>\n<p><\/span><\/div>\n<\/div>\n<\/li>\n<li class=\"mb-m\">\n<div class=\"flex flex-col m:flex-row gap-s m:gap-xl\">\n<div class=\"text-h3 min-w-[244px] max-w-[244px]\">Farbe \/ Material<\/div>\n<div class=\"flex flex-col gap-s\"><span class=\"\"><\/p>\n<ul class=\"flex flex-col gap-s\">\n<li class=\"ml-3xs pl-[15px] relative before:absolute before:w-[8px] before:h-[8px] before:bg-dark before:top-[8px] before:left-0 before:rounded-full\">Farbe: Wei\u00df<\/li>\n<li class=\"ml-3xs pl-[15px] relative before:absolute before:w-[8px] before:h-[8px] before:bg-dark before:top-[8px] before:left-0 before:rounded-full\">Material: Metall<\/li>\n<\/ul>\n<p><\/span><\/div>\n<\/div>\n<\/li>\n<li class=\"mb-m\">\n<div class=\"flex flex-col m:flex-row gap-s m:gap-xl\">\n<div class=\"text-h3 min-w-[244px] max-w-[244px]\">Abmessungen \/ Gewicht<\/div>\n<div class=\"flex flex-col gap-s\"><span class=\"\"><\/p>\n<ul class=\"flex flex-col gap-s\">\n<li class=\"ml-3xs pl-[15px] relative before:absolute before:w-[8px] before:h-[8px] before:bg-dark before:top-[8px] before:left-0 before:rounded-full\">Breite: 442.5 mm<\/li>\n<li class=\"ml-3xs pl-[15px] relative before:absolute before:w-[8px] before:h-[8px] before:bg-dark before:top-[8px] before:left-0 before:rounded-full\">H\u00f6he: 43.95 mm<\/li>\n<li class=\"ml-3xs pl-[15px] relative before:absolute before:w-[8px] before:h-[8px] before:bg-dark before:top-[8px] before:left-0 before:rounded-full\">Tiefe: 350.5 mm<\/li>\n<li class=\"ml-3xs pl-[15px] relative before:absolute before:w-[8px] before:h-[8px] before:bg-dark before:top-[8px] before:left-0 before:rounded-full\">Gewicht: 4.7 kg<\/li>\n<\/ul>\n<p><\/span><\/div>\n<\/div>\n<\/li>\n","protected":false},"excerpt":{"rendered":"<li class=\"bullet-list-item\">Smart Managed Stackable Switch<\/li>\n<li class=\"bullet-list-item\">26 RJ45-Ports (24x GB-LAN, 2x 10G-LAN)<\/li>\n<li class=\"bullet-list-item\">24 POE Ports mit 370W Gesamtbudget (davon 20x PoE+, 4x PoE++)<\/li>\n<li class=\"bullet-list-item\">Zus\u00e4tzliche Ports: 2x SFP+<\/li>\n<li class=\"bullet-list-item\">K\u00fchlung: aktiv, Rack-Kompatibel (1HE), inkl. Montage-Winkel<\/li>\n<p> Herstellernummer JL807A#ABB<\/p>","protected":false},"featured_media":50111,"comment_status":"open","ping_status":"closed","template":"","meta":{"_monsterinsights_skip_tracking":false,"_monsterinsights_sitenote_active":false,"_monsterinsights_sitenote_note":"","_monsterinsights_sitenote_category":0,"_uf_show_specific_survey":0,"_uf_disable_surveys":false},"product_brand":[],"product_cat":[508],"product_tag":[],"models":[],"years":[],"class_list":{"0":"post-50109","1":"product","2":"type-product","3":"status-publish","4":"has-post-thumbnail","6":"product_cat-netzwerk","8":"first","9":"instock","10":"sale","11":"shipping-taxable","12":"purchasable","13":"product-type-simple"},"aioseo_notices":[],"acf":[],"_links":{"self":[{"href":"https:\/\/amannforg.com\/fr\/wp-json\/wp\/v2\/product\/50109","targetHints":{"allow":["GET"]}}],"collection":[{"href":"https:\/\/amannforg.com\/fr\/wp-json\/wp\/v2\/product"}],"about":[{"href":"https:\/\/amannforg.com\/fr\/wp-json\/wp\/v2\/types\/product"}],"replies":[{"embeddable":true,"href":"https:\/\/amannforg.com\/fr\/wp-json\/wp\/v2\/comments?post=50109"}],"version-history":[{"count":1,"href":"https:\/\/amannforg.com\/fr\/wp-json\/wp\/v2\/product\/50109\/revisions"}],"predecessor-version":[{"id":58253,"href":"https:\/\/amannforg.com\/fr\/wp-json\/wp\/v2\/product\/50109\/revisions\/58253"}],"wp:featuredmedia":[{"embeddable":true,"href":"https:\/\/amannforg.com\/fr\/wp-json\/wp\/v2\/media\/50111"}],"wp:attachment":[{"href":"https:\/\/amannforg.com\/fr\/wp-json\/wp\/v2\/media?parent=50109"}],"wp:term":[{"taxonomy":"product_brand","embeddable":true,"href":"https:\/\/amannforg.com\/fr\/wp-json\/wp\/v2\/product_brand?post=50109"},{"taxonomy":"product_cat","embeddable":true,"href":"https:\/\/amannforg.com\/fr\/wp-json\/wp\/v2\/product_cat?post=50109"},{"taxonomy":"product_tag","embeddable":true,"href":"https:\/\/amannforg.com\/fr\/wp-json\/wp\/v2\/product_tag?post=50109"},{"taxonomy":"models","embeddable":true,"href":"https:\/\/amannforg.com\/fr\/wp-json\/wp\/v2\/models?post=50109"},{"taxonomy":"years","embeddable":true,"href":"https:\/\/amannforg.com\/fr\/wp-json\/wp\/v2\/years?post=50109"}],"curies":[{"name":"wp","href":"https:\/\/api.w.org\/{rel}","templated":true}]}}