{"id":50164,"date":"2026-03-04T23:38:16","date_gmt":"2026-03-04T23:38:16","guid":{"rendered":"https:\/\/amannforg.com\/?post_type=product&#038;p=50164"},"modified":"2026-03-07T16:30:26","modified_gmt":"2026-03-07T16:30:26","slug":"asus-rt-be88u-be7200-dualband-wifi-7-wlan-router-aimesh","status":"publish","type":"product","link":"https:\/\/amannforg.com\/fr\/produit\/asus-rt-be88u-be7200-dualband-wifi-7-wlan-router-aimesh\/","title":{"rendered":"ASUS RT-BE88U BE7200 Dualband WiFi 7 WLAN Router AiMesh"},"content":{"rendered":"<div class=\"titlepage\">\n<h2 class=\"text-h3 mb-l\">ASUS RT-BE88U Dualband WiFi 7 AiMesh Extendable Performance Dual-Band Router (WiFi 7, 4K-QAM, MLO, 2x 10G Ports, SFP+, 4x 2.5G Ports, vier 1G Ports, bis zu 5x SSIDs, 34G WAN\/LAN Kapazit\u00e4t, VPNs)<\/h2>\n<\/div>\n<p class=\"mb-l\">\n<div class=\"article\"> <\/div>\n<\/p>\n<div class=\"itemizedlist\">\n<ul class=\"bullet-list\">\n<li class=\"bullet-list-item\">Die ultraschnelle WiFi 7 Technologie steigert den Durchsatz auf bis zu 7200 Mbps mit Multi-Link Betrieb und 4096-QAM.<\/li>\n<li class=\"bullet-list-item\">Erh\u00f6hen Sie die Kapazit\u00e4t Ihres kabelgebundenen Netzwerks auf bis zu 34G mit einem hochmodernen 10G SFP+ Port und einem Standard 10G WAN\/LAN Port.<\/li>\n<li class=\"bullet-list-item\">Dank AI-WAN-Erkennung, vielseitigen WAN-Konfigurationsoptionen und einem praktischen USB-Anschluss, der f\u00fcr 4G LTE und 5G Mobile Tethering bereit ist, k\u00f6nnen Sie immer im Internet surfen.<\/li>\n<li class=\"bullet-list-item\">Entfesseln Sie anspruchsvolle WiFi 7 und 10G Netzwerkanwendungen mit einer leistungsstarken Quad-Core 2,6 GHz 64-bit CPU.<\/li>\n<li class=\"bullet-list-item\">Richten Sie mit Guest Network Pro bis zu f\u00fcnf SSIDs ein, um IoT-Ger\u00e4te einfach einzurichten und zu verwalten, sofortige VPN-Verbindungen herzustellen und bequeme Kindersicherung zu bieten.<\/li>\n<li class=\"bullet-list-item\">Bleiben Sie sicher mit dem kommerziellen AiProtection Pro powered by Trend Micro, Sicherheitsscans mit nur einem Tastendruck, umfassender VPN-Unterst\u00fctzung und Site-to-Site-VPN.<\/li>\n<li class=\"bullet-list-item\">Sorgen Sie f\u00fcr nahtlose Konnektivit\u00e4t f\u00fcr alle Ger\u00e4te mit einem funktionsreichen Netzwerk f\u00fcr das ganze Haus, das von AiMesh unterst\u00fctzt wird.<\/li>\n<\/ul>\n<\/div>\n<div class=\"article\"> <\/div>\n<div class=\"titlepage\">\n<h2 class=\"text-h3 mb-l\">Unerreichte 34G kabelgebundene Leistung<\/h2>\n<\/div>\n<p>Beherrschen Sie Ihr Netzwerk mit der ultimativen Leistung f\u00fcr diejenigen, die das Beste verlangen, heute und morgen. Der ASUS RT-BE88U, das Nachfolgemodell des RT-AX88U, liefert mit WiFi 7 der n\u00e4chsten Generation erstaunliche 7200 Mbps f\u00fcr Ihr vernetztes Leben. Der RT-BE88U verf\u00fcgt \u00fcber eine gigantische kombinierte Kapazit\u00e4t von 34 Gigabit. Das Ger\u00e4t verf\u00fcgt \u00fcber eine hochmoderne 10-Gigabit-SFP+-Verbindung der n\u00e4chsten Generation und bis zu 9 LAN-Ports, die eine nahtlose Verkabelung f\u00fcr alle Ihre Ger\u00e4te gew\u00e4hrleisten und Ihr Netzwerk zukunftssicher machen.<\/p>\n<div class=\"titlepage\">\n<h2 class=\"text-h3 mb-l\">Ein Sprung nach vorn mit WiFi 7<\/h2>\n<\/div>\n<p>WiFi 7 f\u00fchrt revolution\u00e4re Funktionen ein, die f\u00fcr au\u00dfergew\u00f6hnlich hohe Geschwindigkeiten, extrem niedrige Latenzzeiten und verbesserte Zuverl\u00e4ssigkeit sorgen. Mit diesen Fortschritten erleben Sie eine unvergleichliche Netzwerkleistung f\u00fcr Spiele, Streaming, Smart Home-Ger\u00e4te und mehr. WiFi 7 bringt all das mit &#8211; und es beh\u00e4lt auch alle stauverhindernden Technologien von WiFi 6 bei.<\/p>\n<div class=\"itemizedlist\">\n<ul class=\"bullet-list\">\n<li class=\"bullet-list-item\"><span class=\"bold\">Bis zu 7.200 Mbps<\/span><\/li>\n<li class=\"bullet-list-item\"><span class=\"bold\">Dualband Multi-Link 2,4 GHz + 5 GHz<\/span><\/li>\n<li class=\"bullet-list-item\"><span class=\"bold\">Bis zu 1,2x schneller mit 4K-QAM<\/span><\/li>\n<\/ul>\n<\/div>\n<p class=\"mb-l\">\n<div class=\"article\"> <\/div>\n<\/p>\n<div class=\"titlepage\">\n<h2 class=\"text-h3 mb-l\">Beeindruckender Durchsatz<\/h2>\n<\/div>\n<p>Der RT-BE88U erreicht blitzschnelle kabellose Geschwindigkeiten von bis zu 7.200 Mbit\/s und sorgt so f\u00fcr nahtloses Streaming, Spiele und datenintensive Aufgaben. Ganz gleich, ob Sie Ihre Lieblingsserien ansehen oder in einem virtuellen Meeting zusammenarbeiten, dieser Router liefert die Leistung. <\/p>\n<p class=\"mb-l\">\n<div class=\"titlepage\">\n<h2 class=\"text-h3 mb-l\">4K-QAM Daten\u00fcbertragung<\/h2>\n<\/div>\n<p class=\"mb-l\">Mit 4K-QAM erreichen die Daten\u00fcbertragungsraten neue Dimensionen. Indem die Signale dichter gepackt werden, k\u00f6nnen Sie mit 4K-QAM mehr Informationen mit derselben Bandbreite \u00fcbertragen. Stellen Sie sich vor, Sie steigen von einem normalen Lieferwagen auf einen riesigen Frachttransporter um: Mit 4K-QAM k\u00f6nnen Ihre Datenpakete bei jeder \u00dcbertragung mehr &#8220;Ware&#8221; (Daten) transportieren. Im Vergleich zu WiFi 6 kann 4K-QAM die Daten\u00fcbertragungsraten um bis zu 20% verbessern, was schnellere Downloads, fl\u00fcssigeres Streaming und schnellere Uploads bedeutet.<\/p>\n<p class=\"mb-l\">\n<div class=\"titlepage\">\n<h2 class=\"text-h3 mb-l\">Dual-Band Multi-Link<\/h2>\n<\/div>\n<p class=\"mb-l\">Der Dualband-Multi-Link-Betrieb (MLO) verwaltet den Datenverkehr intelligent und b\u00fcndelt die Bandbreite sowohl im 2,4-GHz- als auch im 5-GHz-Band, wodurch \u00dcberlastungen reduziert und der Durchsatz maximiert werden. Die Verbindung zu mehreren B\u00e4ndern erm\u00f6glicht einen nahtlosen Wechsel, bei dem Ihre Daten dem am besten geeigneten Band zugewiesen werden, um die Latenz zu verringern.<\/p>\n<p class=\"mb-l\">\n<div class=\"article\"> <\/div>\n<\/p>\n<p class=\"mb-l\">\n<div class=\"titlepage\">\n<h2 class=\"text-h3 mb-l\">Extreme kabelgebundene Leistung<\/h2>\n<\/div>\n<p class=\"mb-l\">Der RT-BE88U bietet eine unglaubliche Netzwerkflexibilit\u00e4t. Er verf\u00fcgt \u00fcber zwei 10-Gigabit-Ports, vier 2,5-Gigabit-Ports und vier Gigabit-Ports, die zusammen eine WAN- und LAN-Kapazit\u00e4t von bis zu 34 Gigabit bieten. Er unterst\u00fctzt auch WAN\/LAN-Aggregation, so dass Sie die Flexibilit\u00e4t haben, den angeschlossenen Ger\u00e4ten eine enorme Bandbreite zur Verf\u00fcgung zu stellen oder die Vorteile von Ultra-High-Speed-Internetverbindungen zu nutzen.<\/p>\n<div class=\"itemizedlist\">\n<ul class=\"bullet-list\">\n<li class=\"bullet-list-item\"><span class=\"bold\">Bis zu 34G WAN &amp; LAN Kapazit\u00e4t<\/span><\/li>\n<li class=\"bullet-list-item\"><span class=\"bold\">10G SFP+ WAN\/LAN-Anschluss<\/span><\/li>\n<li class=\"bullet-list-item\"><span class=\"bold\">Bis zu 9 LAN Maximale Konnektivit\u00e4t<\/span><\/li>\n<\/ul>\n<\/div>\n<p class=\"mb-l\">\n<div class=\"titlepage\">\n<h2 class=\"text-h3 mb-l\">Zwei 10-Gbit-Anschl\u00fcsse<\/h2>\n<\/div>\n<p class=\"mb-l\">Der RT-BE88U verf\u00fcgt \u00fcber zwei leistungsstarke 10-Gigabit-Ports: einen 10-Gigabit-SFP+-Port und einen 10-Gigabit-WAN\/LAN-Ethernet-Port. Diese unterst\u00fctzen sowohl Glasfaser- als auch Kupfer-10-Gigabit-Verbindungen f\u00fcr zukunftssichere Konnektivit\u00e4t.<\/p>\n<p class=\"mb-l\">\n<div class=\"titlepage\">\n<h2 class=\"text-h3 mb-l\">Flexible WAN\/LAN-Optionen<\/h2>\n<\/div>\n<p class=\"mb-l\">Der Router bietet vielseitige WAN-Eing\u00e4nge, darunter einen 10-Gigabit-WAN\/LAN-Port und einen 2,5-Gigabit-WAN\/LAN-Port. Die fortschrittliche KI-Erkennung* vereinfacht die Einrichtung und sorgt f\u00fcr Effizienz.<\/p>\n<p class=\"mb-l\">\n<div class=\"titlepage\">\n<h2 class=\"text-h3 mb-l\">4G und 5G Mobiles Tethering<\/h2>\n<\/div>\n<p class=\"mb-l\">Schlie\u00dfen Sie Ihr Telefon an den USB-Port des Routers an, um alternativ prim\u00e4res oder Backup-Internet mit 4G- oder 5G-Daten zu nutzen.<\/p>\n<div class=\"titlepage\">\n<h2 class=\"text-h3 mb-l\">VLAN<\/h2>\n<\/div>\n<p>Vereinfachen Sie die Verwaltung Ihres Heimnetzwerks, indem Sie Ger\u00e4te mit Hilfe von VLANs in logische Gruppen einteilen und so die Anwendung spezifischer Sicherheitsregeln und die Zugriffsverwaltung erleichtern.<\/p>\n<div class=\"titlepage\">\n<h2 class=\"text-h3 mb-l\">Robuste Hardware f\u00fcr WiFi 7<\/h2>\n<\/div>\n<p>Der ASUS RT-BE88U nutzt eine hochmoderne CPU, um seine WiFi 7-Technologie und fortschrittlichen Netzwerkfunktionen zu entfesseln. Sein verfeinerter und vergr\u00f6\u00dferter K\u00fchlk\u00f6rper h\u00e4lt den Router k\u00fchl und komfortabel und sorgt f\u00fcr eine zuverl\u00e4ssige, grundsolide Leistung.  <\/p>\n<li class=\"mb-m\">\n<div class=\"flex flex-col m:flex-row gap-s m:gap-xl\">\n<div class=\"text-h3 min-w-[244px] max-w-[244px]\">Netzwerk<\/div>\n<div class=\"flex flex-col gap-s\"><span class=\"\"><\/p>\n<ul class=\"flex flex-col gap-s\">\n<li class=\"ml-3xs pl-[15px] relative before:absolute before:w-[8px] before:h-[8px] before:bg-dark before:top-[8px] before:left-0 before:rounded-full\">Gesamtzahl RJ45-Ports: 8<\/li>\n<li class=\"ml-3xs pl-[15px] relative before:absolute before:w-[8px] before:h-[8px] before:bg-dark before:top-[8px] before:left-0 before:rounded-full\">Anzahl GB-LAN Ports (1000 Mbit\/s): 4 St<\/li>\n<li class=\"ml-3xs pl-[15px] relative before:absolute before:w-[8px] before:h-[8px] before:bg-dark before:top-[8px] before:left-0 before:rounded-full\">Anzahl 2.5 GB LAN Ports (2.5 Gbit\/s): 4 St<\/li>\n<li class=\"ml-3xs pl-[15px] relative before:absolute before:w-[8px] before:h-[8px] before:bg-dark before:top-[8px] before:left-0 before:rounded-full\">Anzahl WAN-Anschl\u00fcsse: 2 St<\/li>\n<\/ul>\n<p><\/span><\/div>\n<\/div>\n<\/li>\n<li class=\"mb-m\">\n<div class=\"flex flex-col m:flex-row gap-s m:gap-xl\">\n<div class=\"text-h3 min-w-[244px] max-w-[244px]\">Kabellose Konnektivit\u00e4t<\/div>\n<div class=\"flex flex-col gap-s\"><span class=\"\"><\/p>\n<ul class=\"flex flex-col gap-s\">\n<li class=\"ml-3xs pl-[15px] relative before:absolute before:w-[8px] before:h-[8px] before:bg-dark before:top-[8px] before:left-0 before:rounded-full\">WLAN Standard: Wi-Fi 7<\/li>\n<li class=\"ml-3xs pl-[15px] relative before:absolute before:w-[8px] before:h-[8px] before:bg-dark before:top-[8px] before:left-0 before:rounded-full\">\u00dcbertragungsgeschwindigkeit: 7200 MBit\/s<\/li>\n<li class=\"ml-3xs pl-[15px] relative before:absolute before:w-[8px] before:h-[8px] before:bg-dark before:top-[8px] before:left-0 before:rounded-full\">WLAN Frequenzband: <\/li>\n<div class=\"itemizedlist\">\n<ul class=\"flex flex-col gap-s\">\n<li class=\"ml-3xs pl-[15px] relative before:absolute before:w-[8px] before:h-[8px] before:bg-dark before:top-[8px] before:left-0 before:rounded-full\">2,4 GHz<\/li>\n<li class=\"ml-3xs pl-[15px] relative before:absolute before:w-[8px] before:h-[8px] before:bg-dark before:top-[8px] before:left-0 before:rounded-full\">5 GHz<\/li>\n<li class=\"ml-3xs pl-[15px] relative before:absolute before:w-[8px] before:h-[8px] before:bg-dark before:top-[8px] before:left-0 before:rounded-full\">6 GHz<\/li>\n<\/ul>\n<\/div>\n<li class=\"ml-3xs pl-[15px] relative before:absolute before:w-[8px] before:h-[8px] before:bg-dark before:top-[8px] before:left-0 before:rounded-full\">WLAN Besonderheiten: <\/li>\n<div class=\"itemizedlist\">\n<ul class=\"flex flex-col gap-s\">\n<li class=\"ml-3xs pl-[15px] relative before:absolute before:w-[8px] before:h-[8px] before:bg-dark before:top-[8px] before:left-0 before:rounded-full\">Mesh-F\u00e4hig<\/li>\n<li class=\"ml-3xs pl-[15px] relative before:absolute before:w-[8px] before:h-[8px] before:bg-dark before:top-[8px] before:left-0 before:rounded-full\">MU-MIMO<\/li>\n<\/ul>\n<\/div>\n<li class=\"ml-3xs pl-[15px] relative before:absolute before:w-[8px] before:h-[8px] before:bg-dark before:top-[8px] before:left-0 before:rounded-full\">Antennen: <\/li>\n<div class=\"itemizedlist\">\n<ul class=\"flex flex-col gap-s\">\n<li class=\"ml-3xs pl-[15px] relative before:absolute before:w-[8px] before:h-[8px] before:bg-dark before:top-[8px] before:left-0 before:rounded-full\">Antenne extern<\/li>\n<li class=\"ml-3xs pl-[15px] relative before:absolute before:w-[8px] before:h-[8px] before:bg-dark before:top-[8px] before:left-0 before:rounded-full\">Antenne abnehmbar<\/li>\n<\/ul>\n<\/div>\n<li class=\"ml-3xs pl-[15px] relative before:absolute before:w-[8px] before:h-[8px] before:bg-dark before:top-[8px] before:left-0 before:rounded-full\">Anzahl Antennen: 4 St<\/li>\n<\/ul>\n<p><\/span><\/div>\n<\/div>\n<\/li>\n<li class=\"mb-m\">\n<div class=\"flex flex-col m:flex-row gap-s m:gap-xl\">\n<div class=\"text-h3 min-w-[244px] max-w-[244px]\">Farbe<\/div>\n<div class=\"flex flex-col gap-s\"><span class=\"\"><\/p>\n<ul class=\"flex flex-col gap-s\">\n<li class=\"ml-3xs pl-[15px] relative before:absolute before:w-[8px] before:h-[8px] before:bg-dark before:top-[8px] before:left-0 before:rounded-full\">Schwarz<\/li>\n<\/ul>\n<p><\/span><\/div>\n<\/div>\n<\/li>\n","protected":false},"excerpt":{"rendered":"<li class=\"bullet-list-item\">Wireless LAN Router<\/li>\n<li class=\"bullet-list-item\">Wi-Fi 7 (bis zu 7200 MBit\/s) Mesh-F\u00e4hig, MU-MIMO<\/li>\n<li class=\"bullet-list-item\">2x WAN, 4x GB-LAN, 4x 2.5GB-LAN<\/li>\n<li class=\"bullet-list-item\">WiFi 7 und 10G Netzwerkanwendungen<\/li>\n<li class=\"bullet-list-item\">WPA, WPA2, WPA3, WPS<\/li>\n<p> Herstellernummer 90IG08V0-MO3N0V<\/p>","protected":false},"featured_media":50165,"comment_status":"open","ping_status":"closed","template":"","meta":{"_monsterinsights_skip_tracking":false,"_monsterinsights_sitenote_active":false,"_monsterinsights_sitenote_note":"","_monsterinsights_sitenote_category":0,"_uf_show_specific_survey":0,"_uf_disable_surveys":false},"product_brand":[],"product_cat":[508],"product_tag":[],"models":[],"years":[],"class_list":{"0":"post-50164","1":"product","2":"type-product","3":"status-publish","4":"has-post-thumbnail","6":"product_cat-netzwerk","8":"first","9":"instock","10":"sale","11":"shipping-taxable","12":"purchasable","13":"product-type-simple"},"aioseo_notices":[],"acf":[],"_links":{"self":[{"href":"https:\/\/amannforg.com\/fr\/wp-json\/wp\/v2\/product\/50164","targetHints":{"allow":["GET"]}}],"collection":[{"href":"https:\/\/amannforg.com\/fr\/wp-json\/wp\/v2\/product"}],"about":[{"href":"https:\/\/amannforg.com\/fr\/wp-json\/wp\/v2\/types\/product"}],"replies":[{"embeddable":true,"href":"https:\/\/amannforg.com\/fr\/wp-json\/wp\/v2\/comments?post=50164"}],"version-history":[{"count":1,"href":"https:\/\/amannforg.com\/fr\/wp-json\/wp\/v2\/product\/50164\/revisions"}],"predecessor-version":[{"id":58258,"href":"https:\/\/amannforg.com\/fr\/wp-json\/wp\/v2\/product\/50164\/revisions\/58258"}],"wp:featuredmedia":[{"embeddable":true,"href":"https:\/\/amannforg.com\/fr\/wp-json\/wp\/v2\/media\/50165"}],"wp:attachment":[{"href":"https:\/\/amannforg.com\/fr\/wp-json\/wp\/v2\/media?parent=50164"}],"wp:term":[{"taxonomy":"product_brand","embeddable":true,"href":"https:\/\/amannforg.com\/fr\/wp-json\/wp\/v2\/product_brand?post=50164"},{"taxonomy":"product_cat","embeddable":true,"href":"https:\/\/amannforg.com\/fr\/wp-json\/wp\/v2\/product_cat?post=50164"},{"taxonomy":"product_tag","embeddable":true,"href":"https:\/\/amannforg.com\/fr\/wp-json\/wp\/v2\/product_tag?post=50164"},{"taxonomy":"models","embeddable":true,"href":"https:\/\/amannforg.com\/fr\/wp-json\/wp\/v2\/models?post=50164"},{"taxonomy":"years","embeddable":true,"href":"https:\/\/amannforg.com\/fr\/wp-json\/wp\/v2\/years?post=50164"}],"curies":[{"name":"wp","href":"https:\/\/api.w.org\/{rel}","templated":true}]}}