{"id":50411,"date":"2026-03-11T13:44:15","date_gmt":"2026-03-11T13:44:15","guid":{"rendered":"https:\/\/amannforg.com\/?post_type=product&#038;p=50411"},"modified":"2026-03-13T11:21:20","modified_gmt":"2026-03-13T11:21:20","slug":"jura-e8-kaffee-vollautomat-ec-dark-inox-15583","status":"publish","type":"product","link":"https:\/\/amannforg.com\/fr\/produit\/jura-e8-kaffee-vollautomat-ec-dark-inox-15583\/","title":{"rendered":"Jura E8 Kaffee-Vollautomat (EC) Dark Inox (15583)"},"content":{"rendered":"<div><\/p>\n<ul>\n<li>Arbeitsplatte Espressovollautomat 1,9L<\/li>\n<li>Kaffeebohnen de, of gemahlener Kaffee<\/li>\n<li>16 Tassen 15 bar<\/li>\n<li>Eingebautes Mahlwerk Einstellbare Kaffeeintensit\u00e4t Hei\u00dfwassersystem Eingebautes Display<\/li>\n<li>Zubereitung of Kaffee Zubereitung of Espresso Zubereitung of Cappuccino<\/li>\n<li>Wifi Bluetooth<\/li>\n<li>1450 W<\/li>\n<li>Schwarz, Grau<\/li>\n<\/ul>\n<p><\/p>\n<div>\n<div>\n<div>\n<div>\n<div>\n<div>\n<div>\n<h3>Leistung<\/h3>\n<\/div>\n<div>\n<div>Maschine de Kaffeemaschine.*<\/div>\n<div>Vollautomatisch<\/div>\n<\/div>\n<div>\n<div>Zwei Tassen aaaala vez<\/div>\n<div>Ja<\/div>\n<\/div>\n<div>\n<div>Fassungsverm\u00f6gen in Tassen*<\/div>\n<div>16 Tassen<\/div>\n<\/div>\n<div>\n<div>Maximaler Betriebsdruck<\/div>\n<div>15 bar<\/div>\n<\/div>\n<div>\n<div>Integriertes Mahlwerk*<\/div>\n<div>Ja<\/div>\n<\/div>\n<div>\n<div>Anzahl vonSchleifern<\/div>\n<div>1 St\u00fcck(e)<\/div>\n<\/div>\n<div>\n<div>Typ of Mahlwerk<\/div>\n<div>Mahlwerk de rostfreier Stahl<\/div>\n<\/div>\n<div>\n<div>Einstellbare Mahlgradeinstellungen<\/div>\n<div>Ja<\/div>\n<\/div>\n<div>\n<div>Kapazit\u00e4t of Kaffeebohnen of Kaffee<\/div>\n<div>280 g<\/div>\n<\/div>\n<div>\n<div>Einstellbare Kaffeeintensit\u00e4t of Kaffee*<\/div>\n<div>Ja<\/div>\n<\/div>\n<div>\n<div>Anzahl of Einstellungen of Kaffeeintensit\u00e4t of coffee<\/div>\n<div>10<\/div>\n<\/div>\n<div>\n<div>Variable Br\u00fchkammer<\/div>\n<div>Ja<\/div>\n<\/div>\n<div>\n<div>Reichweite of Fassungsverm\u00f6gen ofthede tank of Kaffeebohnen<\/div>\n<div>5 &#8211; 16 g<\/div>\n<\/div>\n<div>\n<div>H\u00f6henverstellbarer ofthedispenser of Kaffee<\/div>\n<div>Ja<\/div>\n<\/div>\n<div>\n<div>Einstellung of der H\u00f6he of des zentralen Auslasses<\/div>\n<div>64 &#8211; &#8211; 111 mm<\/div>\n<\/div>\n<div>\n<div>H\u00f6henverstellbarer ofthedispenser of milk<\/div>\n<div>Ja<\/div>\n<\/div>\n<div>\n<div>Einstellbarer H\u00f6henbereich des Milchauslaufs<\/div>\n<div>107 &#8211; 153 mm<\/div>\n<\/div>\n<div>\n<div>Warmwasser system*<\/div>\n<div>Ja<\/div>\n<\/div>\n<div>\n<div>Pegel of Temperatur of Warmwasser<\/div>\n<div>3<\/div>\n<\/div>\n<div>\n<div>Heizung system de<\/div>\n<div>Thermische Verriegelung<\/div>\n<\/div>\n<div>\n<div>Einstellbare Temperatur<\/div>\n<div>Ja<\/div>\n<\/div>\n<div>\n<div>Anzahl of Temperatur Einstellungen<\/div>\n<div>3<\/div>\n<\/div>\n<div>\n<div>Vorheizen  Funktion<\/div>\n<div>Ja<\/div>\n<\/div>\n<div>\n<div>Nachsp\u00fclen  Funktion<\/div>\n<div>Ja<\/div>\n<\/div>\n<div>\n<div>Wasserfilter<\/div>\n<div>Ja<\/div>\n<\/div>\n<div>\n<div>Einbauart of*<\/div>\n<div>Arbeitsplatte<\/div>\n<\/div>\n<div>\n<div>Wahlschalter f\u00fcr die Wasserintensit\u00e4t<\/div>\n<div>Ja<\/div>\n<\/div>\n<div>\n<div>Typ ofproduct*<\/div>\n<div>Espressomaschine<\/div>\n<\/div>\n<div>\n<div>Einstellbare ofWassermenge candidity<\/div>\n<div>Ja<\/div>\n<\/div>\n<div>\n<div>Fassungsverm\u00f6gen ofwasser reservoir ofwasser*<\/div>\n<div>1,9 L<\/div>\n<\/div>\n<div>\n<div>Programmierbar<\/div>\n<div>Ja<\/div>\n<\/div>\n<div>\n<div>Kaffeeart of Eingabe*<\/div>\n<div>Bohnen ofkaffee, ofgemahlener Kaffee<\/div>\n<\/div>\n<div>\n<div>Die Funktion Calc-clean<\/div>\n<div>Ja<\/div>\n<\/div>\n<div>\n<div>Die Selbstreinigungsfunktion<\/div>\n<div>Ja<\/div>\n<\/div>\n<div>\n<div>Reinigung des Programms ofthedispenser ofmilch<\/div>\n<div>Ja<\/div>\n<\/div>\n<div>\n<div>Herkunftsland of<\/div>\n<div>Portugal<\/div>\n<\/div>\n<\/div>\n<div>\n<div>\n<h3>Funktionen und Programme dede K\u00fcche<\/h3>\n<\/div>\n<div>\n<div>Mehrere Getr\u00e4nke*<\/div>\n<div>Ja<\/div>\n<\/div>\n<div>\n<div>Anzahl of Programme<\/div>\n<div>17<\/div>\n<\/div>\n<div>\n<div>Zubereitung of Kaffee<\/div>\n<div>Ja<\/div>\n<\/div>\n<div>\n<div>Zubereitung of Espresso*<\/div>\n<div>Ja<\/div>\n<\/div>\n<div>\n<div>Zubereitung of Cappuccino*<\/div>\n<div>Ja<\/div>\n<\/div>\n<div>\n<div>Zubereitung of Doppio+<\/div>\n<div>Ja<\/div>\n<\/div>\n<div>\n<div>Zubereitung de Espresso macchiato<\/div>\n<div>Ja<\/div>\n<\/div>\n<div>\n<div>Zubereitung de latte macchiato<\/div>\n<div>Ja<\/div>\n<\/div>\n<div>\n<div>Zubereitung of langer Kaffee<\/div>\n<div>Ja<\/div>\n<\/div>\n<\/div>\n<\/div>\n<\/div>\n<\/div>\n<div>\n<div>\n<div>\n<div>\n<div>\n<h3>Funktionen und Programme dede cooking<\/h3>\n<\/div>\n<div>\n<div>Zubereitung of hei\u00dfer Milch<\/div>\n<div>Ja<\/div>\n<\/div>\n<div>\n<div>Zubereitung from t\u00e9<\/div>\n<div>Ja<\/div>\n<\/div>\n<\/div>\n<div>\n<div>\n<h3>Ergonomie<\/h3>\n<\/div>\n<div>\n<div>Art der of Steuerung.*<\/div>\n<div>Tasten<\/div>\n<\/div>\n<div>\n<div>Eingebautes Display*<\/div>\n<div>Ja<\/div>\n<\/div>\n<div>\n<div>Diagonale of des Displays<\/div>\n<div>7,11 cm (2,8&#8243;)<\/div>\n<\/div>\n<div>\n<div>Display a Farbbildschirm<\/div>\n<div>Ja<\/div>\n<\/div>\n<div>\n<div>Name of Farbe<\/div>\n<div>Dark Inox (EC)<\/div>\n<\/div>\n<div>\n<div>Wasserstandsanzeige Indikator<\/div>\n<div>Ja<\/div>\n<\/div>\n<div>\n<div>Entnehmbares Wasser Beh\u00e4lter of Wasser<\/div>\n<div>Ja<\/div>\n<\/div>\n<div>\n<div>Wasserstandsanzeige of Wasser level in der Tropfschale de<\/div>\n<div>Ja<\/div>\n<\/div>\n<div>\n<div>Farbe of des Produkts*<\/div>\n<div>Schwarz, Grau<\/div>\n<\/div>\n<div>\n<div>Anti-Tropf-\/Tropf-Einstellungen<\/div>\n<div>Vertikal<\/div>\n<\/div>\n<div>\n<div>L\u00e4nge of Kabel<\/div>\n<div>1,1 m<\/div>\n<\/div>\n<div>\n<div>Vorbereitet f\u00fcr drahtlose Verbindung<\/div>\n<div>Ja<\/div>\n<\/div>\n<div>\n<div>Wifi<\/div>\n<div>Ja<\/div>\n<\/div>\n<div>\n<div>Bluetooth<\/div>\n<div>Ja<\/div>\n<\/div>\n<\/div>\n<div>\n<div>\n<h3>Leistungssteuerung<\/h3>\n<\/div>\n<div>\n<div>Leistung*<\/div>\n<div>1450 W<\/div>\n<\/div>\n<div>\n<div>Spannung of AC-Eingang<\/div>\n<div>230 V<\/div>\n<\/div>\n<div>\n<div>Frequenz vom AC-Eingang<\/div>\n<div>50 Hz<\/div>\n<\/div>\n<div>\n<div>Strom<\/div>\n<div>10 A<\/div>\n<\/div>\n<div>\n<div>Stromsparmodus<\/div>\n<div>Ja<\/div>\n<\/div>\n<div>\n<div>Automatische Abschaltung<\/div>\n<div>Ja<\/div>\n<\/div>\n<div>\n<div>Programmierbare Abschaltautomatik<\/div>\n<div>Ja<\/div>\n<\/div>\n<\/div>\n<div>\n<div>\n<h3>Gewicht und Abmessungen<\/h3>\n<\/div>\n<div>\n<div>Breite<\/div>\n<div>280 mm<\/div>\n<\/div>\n<div>\n<div>Tiefe<\/div>\n<div>446 mm<\/div>\n<\/div>\n<div>\n<div>H\u00f6he<\/div>\n<div>351 mm<\/div>\n<\/div>\n<div>\n<div>Gewicht<\/div>\n<div>9,6 kg<\/div>\n<\/div>\n<\/div>\n<div>\n<div>\n<h3>Verpackung<\/h3>\n<\/div>\n<div>\n<div>Menge perPaket<\/div>\n<div>1 St\u00fcck(e)<\/div>\n<\/div>\n<\/div>\n<div>\n<div>\n<h3>Inhalt ofpackung<\/h3>\n<\/div>\n<div>\n<div>Inklusive L\u00f6ffel<\/div>\n<div>Ja<\/div>\n<\/div>\n<\/div>\n<div>\n<div>\n<h3>Nachhaltigkeit<\/h3>\n<\/div>\n<div>\n<div><\/div>\n<div><\/div>\n<\/div>\n<div>\n<div>\n<h3>Besondere Merkmale<\/h3>\n<\/div>\n<div>\n<div>Besondere Technologien<\/div>\n<div>P.A.G.2, 3D-Br\u00fchtechnologie, Intelligent Water System (I.W.S.), Intelligente Vorw\u00e4rmung, JURA-Cockpit mit Wartungsstatusanzeige, Pulse Extraction Process (P.E.P.)<\/div>\n<\/div>\n<\/div>\n<div>\n<div>\n<h3>Technische Details<\/h3>\n<\/div>\n<div>\n<div>Eingebauter Kaffeestampfer<\/div>\n<div>Ja<\/div>\n<\/div>\n<div>\n<div>Automatische Kaffeemahlung of Kaffee<\/div>\n<div>Ja<\/div>\n<\/div>\n<\/div>\n<div>\n<div>\n<h3>AndereMerkmale<\/h3>\n<\/div>\n<div>\n<div>Hei\u00dfwasser-\/Dampfauslauf<\/div>\n<div>Ja<\/div>\n<\/div>\n<div>\n<div>Kompatible Produkte<\/div>\n<div>JURA HP3, JURA CX3<\/div>\n<\/div>\n<div>\n<div>Ein\/Aus-Taste<\/div>\n<div>Ja<\/div>\n<\/div>\n<\/div>\n<\/div>\n<\/div>\n<\/div>\n<\/div>\n<\/div>\n<\/div>\n<table>\n<tbody>\n<tr>\n<td>Produkttyp<\/td>\n<td>Kaffeevollautomat<\/td>\n<\/tr>\n<tr>\n<td>Serien<\/td>\n<td>Jura E8, Jura E-Line<\/td>\n<\/tr>\n<\/tbody>\n<tbody>\n<tr>\n<th>Leistung &amp; Verbrauch<\/th>\n<\/tr>\n<tr>\n<td>Leistung (W)<\/td>\n<td>1.450&nbsp;Watt<\/td>\n<\/tr>\n<tr>\n<td>Pumpendruck<\/td>\n<td>15&nbsp;bar<\/td>\n<\/tr>\n<\/tbody>\n<tbody>\n<tr>\n<th>Komfort &amp; Bedienung<\/th>\n<\/tr>\n<tr>\n<td>Kaffeespezialit\u00e4ten<\/td>\n<td>Kaffee, Milchschaum<\/td>\n<\/tr>\n<tr>\n<td>geeignet f\u00fcr<\/td>\n<td>Kaffeebohnen<\/td>\n<\/tr>\n<tr>\n<td>Komforteigenschaften<\/td>\n<td>herausnehmbarer Kaffeesatzbeh\u00e4lter, One Touch Funktion<\/td>\n<\/tr>\n<tr>\n<td>Einstellm\u00f6glichkeiten<\/td>\n<td>Benutzerprofile, Milchschaummenge einstellbar, Br\u00fchtemperatur einstellbar, Kaffeespezialit\u00e4ten einstellbar, Milchmenge einstellbar, Kaffeest\u00e4rke einstellbar, Kaffeemenge einstellbar<\/td>\n<\/tr>\n<tr>\n<td>Sicherheitseinrichtung<\/td>\n<td>Abschaltautomatik<\/td>\n<\/tr>\n<tr>\n<td>Tassenh\u00f6he<\/td>\n<td>10,7 &#8211; 15,3&nbsp;cm<\/td>\n<\/tr>\n<tr>\n<td>Display<\/td>\n<td>Farbdisplay<\/td>\n<\/tr>\n<tr>\n<td>Hersteller-Besonderheiten<\/td>\n<td>Extra Shot<\/td>\n<\/tr>\n<\/tbody>\n<tbody>\n<tr>\n<th>Ausstattung<\/th>\n<\/tr>\n<tr>\n<td>Fassungsverm\u00f6gen Bohnenbeh\u00e4lter<\/td>\n<td>280&nbsp;g<\/td>\n<\/tr>\n<tr>\n<td>Ausstattungen<\/td>\n<td>Mahlwerk, PID Steuerung, Vorbr\u00fchsystem, Tassenabstellfl\u00e4che<\/td>\n<\/tr>\n<tr>\n<td>Heizsystem<\/td>\n<td>Thermoblock-System<\/td>\n<\/tr>\n<tr>\n<td>Anzahl Br\u00fchgruppen<\/td>\n<td>1<\/td>\n<\/tr>\n<tr>\n<td>Br\u00fchkammer<\/td>\n<td>5 &#8211; 16&nbsp;g<\/td>\n<\/tr>\n<\/tbody>\n<tbody>\n<tr>\n<th>Pflege &amp; Wartung<\/th>\n<\/tr>\n<tr>\n<td>Pflegefunktion<\/td>\n<td>Milchsystem-Reinigung<\/td>\n<\/tr>\n<\/tbody>\n<tbody>\n<tr>\n<th>Technische Daten<\/th>\n<\/tr>\n<tr>\n<td>Farbe<\/td>\n<td>anthrazit<\/td>\n<\/tr>\n<tr>\n<td>Kabell\u00e4nge<\/td>\n<td>110&nbsp;cm<\/td>\n<\/tr>\n<\/tbody>\n<tbody>\n<tr>\n<th>Ma\u00dfe &amp; Gewicht<\/th>\n<\/tr>\n<tr>\n<td>H\u00f6he<\/td>\n<td>35,1&nbsp;cm<\/td>\n<\/tr>\n<tr>\n<td>Breite<\/td>\n<td>28&nbsp;cm<\/td>\n<\/tr>\n<tr>\n<td>Tiefe<\/td>\n<td>44,6&nbsp;cm<\/td>\n<\/tr>\n<tr>\n<td>Gewicht<\/td>\n<td>9,6&nbsp;kg<\/td>\n<\/tr>\n<\/tbody>\n<tbody>\n<tr>\n<th>Information zur Nachhaltigkeit<\/th>\n<\/tr>\n<tr>\n<td>Umwelteigenschaften<\/td>\n<td>Energiesparfunktion<\/td>\n<\/tr>\n<\/tbody>\n<\/table>\n<ul>\n<li>Typ:\n<ul>\n<li>Espressomaschine<\/li>\n<li>Superautomatische Kaffeemaschine<\/li>\n<\/ul>\n<\/li>\n<li>Breite: 28 cm<\/li>\n<li>Merkmale:\n<ul>\n<li>Integriertes Mahlwerk<\/li>\n<li>Selbstreinigend<\/li>\n<li>Eingebautes Display<\/li>\n<li>ECO<\/li>\n<li>Automatische Abschaltung<\/li>\n<li>Abnehmbarer Wassertank<\/li>\n<li>Ein\/Aus-Schalter<\/li>\n<li>Wasserstandsanzeige<\/li>\n<li>Einstellbare Temperatur<\/li>\n<\/ul>\n<\/li>\n<li>Leistung: 1450 W<\/li>\n<li>Druck: 15 bar<\/li>\n<li>\n<ul><\/ul>\n<\/li>\n<li>Enthalten:\n<ul>\n<li>Gebrauchsanweisung<\/li>\n<li>Anzeige<\/li>\n<\/ul>\n<\/li>\n<li>Fassungsverm\u00f6gen: 1,9 L<\/li>\n<li>Frequenz: 50 Hz<\/li>\n<li>Selbstreinigend: Ja<\/li>\n<li>Bedienungsart: Tasten<\/li>\n<li>Enth\u00e4lt: L\u00f6ffel<\/li>\n<li>Intensit\u00e4t: 3 Intensit\u00e4tsstufen<\/li>\n<li>Stromst\u00e4rke: 10 A<\/li>\n<li>AC-Eingangsspannung: 230 V<\/li>\n<\/ul>\n<p>Das professionelle Aromamahlwerk sorgt f\u00fcr ein perfektes Mahlergebnis, modernste Br\u00fchverfahren erm\u00f6glichen die volle Entfaltung der Kaffeearomen und moderne Spezialit\u00e4ten gelingen dank luftig-leichtem Milchschaum besser denn je. Die innovative E8 bietet 17 verschiedene Spezialit\u00e4ten \u2013 vom aromatischen Espresso bis zum modernen Cortado. Dank eines neuen Fl\u00fcssigkeitssystems bereitet sie auch lange, weiche Spezialit\u00e4ten wie Caff\u00e8 Barista und Lungo Barista in Profi-Qualit\u00e4t zu. Wer seinen Kaffee intensiver mag, kann Cappuccino, Flat White oder Latte Macchiato mit der Extra Shot-Funktion verfeinern. Dank des optimierten Fl\u00fcssigkeitssystems erfolgt sogar die Reinigung des Milchsystems automatisch auf Knopfdruck \u2013 ein weiteres E8-Feature, das man von den besten JURA-Produkten kennt. Dar\u00fcber hinaus \u00fcberzeugt sie jetzt mit einer noch intuitiveren Steuerung und kinderleichter Bedienung.<\/p>\n<p>Technische Daten:<\/p>\n<p>17 Kaffeespezialit\u00e4ten:<\/p>\n<p>Espresso<br \/>\n2\u00d7Espresso<br \/>\nKaffee<br \/>\n2\u00d7Kaffee<br \/>\nAmericano<br \/>\nLungo<br \/>\nEspresso doppio<br \/>\nCortado<br \/>\nEspresso Macchiato<br \/>\nCappuccino<br \/>\nCappuccino Extra Shot<br \/>\nFlat White<br \/>\nFlat White Extra Shot<br \/>\nLatte Macchiato<br \/>\nLatte Macchiato Extra Shot<br \/>\nMilchschaumportion<br \/>\nHei\u00dfwasser<\/p>\n<p>Standards f\u00fcr JURA-Kaffeemaschinen<\/p>\n<p>Puls-Extraktionsprozess (P.E.P.\u00ae) ja<br \/>\nOne-Touch-Lungo-Funktion ja<br \/>\nOne-Touch-Funktion ja<br \/>\nVariable Br\u00fcheinheit 5\u201316 g<br \/>\nMahlwerk Professional Aroma Grinder<br \/>\nHochleistungspumpe, 15 bar<br \/>\nThermoblock-Heizsystem<br \/>\nFl\u00fcssigkeitssysteme<br \/>\nMilchsystem\/Wechselbarer Milchauslauf HP3\/CX3<br \/>\nPulverschacht f\u00fcr gemahlenen Kaffee: Ja<br \/>\nAromaschutzdeckel: Ja<\/p>\n<p>Bedienungs- und Programmierstandards:<\/p>\n<p>Kompatibel mit J.O.E.\u00ae<br \/>\n3,5-Zoll-Farbdisplay mit Tasten<br \/>\nProgrammierbare und individuell einstellbare Wassermenge: Ja<br \/>\nProgrammierbare und individuell einstellbare Kaffeest\u00e4rke: 10 Stufen<br \/>\nProgrammierbare Milch-\/Milchschaummenge: Ja<br \/>\nProgrammierbare Br\u00fchtemperatur: 3 Stufen<br \/>\nProgrammierbare Hei\u00dfwassertemperatur: 3 Stufen<\/p>\n<p>Energiestandards:<\/p>\n<p>Energiesparmodus (E.S.M.\u00a9)<br \/>\nZero Energy-Schalter oder Netzschalter<br \/>\nProgrammierbare Abschaltzeit:<\/p>\n<p>Merkmale:<\/p>\n<p>H\u00f6henverstellbare Kaffeetassen: 65\u2013111 mm<br \/>\nH\u00f6henverstellbare Cappuccinotassen: 107\u2013153 mm<br \/>\nH\u00f6henverstellbare Hei\u00dfwassertassen: 65\u2013111 mm<br \/>\nWassertank: 1,9 l<br \/>\nBohnenbeh\u00e4lter: 280 g Kaffeesatzbeh\u00e4lter (ca. Portionen): 16<br \/>\nKabell\u00e4nge: 1,1 m<br \/>\nSpannung\/Leistung: 230 V  \/ 1450 W<br \/>\nStromaufnahme: 10 A<br \/>\nStandby-Leistung: 0 W<br \/>\nGewicht: 10 kg<br \/>\nAbmessungen (B x H x T): 28 x 35,1 x 44,6 cm<br \/>\nArtikelnummer: 15583, Edelstahl dunkel (EB)<br \/>\nEAN: 7610917155835<br \/>\nHerstellungsland:  Portugal<br \/>\nModelljahr: 2023<\/p>\n<p>Die neueste Generation der E8 wird den hohen Erwartungen, die an die Neuauflage des erfolgreichsten Kaffeemaschinenmodells von JURA gestellt werden, in jeder Hinsicht gerecht. Es ist unglaublich einfach zu bedienen und kombiniert k\u00f6stliche Kaffeeergebnisse mit einem modernen und eleganten Design.<\/p>\n<p>Dank modernster Technologie k\u00f6nnen Sie auf Knopfdruck 17 verschiedene Kaffeeklassiker und -spezialit\u00e4ten zubereiten, und das in der gleichen Qualit\u00e4t, die Sie von einem Caf\u00e9 erwarten.<\/p>\n<p>Dank der PAG2-Kaffeem\u00fchle werden die Bohnen immer frisch gemahlen, w\u00e4hrend die fortschrittliche Br\u00fchtechnologie daf\u00fcr sorgt, dass der Kaffee unter optimalen Bedingungen extrahiert wird. Die Wahl des Kaffees erfolgt direkt und intuitiv, denn das 3,5&#8243; gro\u00dfe Tastendisplay mit gro\u00dfen Symbolen ist sehr einfach zu bedienen. Ausgestattet mit einer Reihe von Features aus dem Premiumsegment beh\u00e4lt der E8 auch \u00fcber die Zeit hinweg seinen Wert. &#8211; Mit dem gro\u00dfen 3,5&#8243; Display, flankiert von sechs Bedientasten, ist die Navigation zwischen allen Funktionen ein Kinderspiel. Die fortschrittliche Kaffeem\u00fchle PAG2 sorgt daf\u00fcr, dass Ihre Bohnen jedes Mal perfekt gemahlen werden. Mit dem ergonomisch geformten Wahlschalter l\u00e4sst sich die Mahlgradeinstellung ganz einfach anpassen. Der E8 bietet eine gro\u00dfe Auswahl an klassischen Kaffeespezialit\u00e4ten und Kaffeespezialit\u00e4ten, die er perfekt aufbr\u00fcht. Es stehen 17 Optionen zur Auswahl, die alle per Knopfdruck ausgew\u00e4hlt werden k\u00f6nnen. &#8211; H\u00f6hen-\/breitenverstellbarer Kaffeeauslauf<br \/>\n65 \u2013 111 mm \/ \u2013<br \/>\nH\u00f6henverstellbarer Cappuccino-Auslauf<br \/>\n107 \u2013 153 mm<br \/>\nH\u00f6henverstellbarer Hei\u00dfwasserspender<br \/>\n65 \u2013 111 mm<br \/>\nFassungsverm\u00f6gen des Wassertanks<br \/>\n1,9 Liter<br \/>\nFassungsverm\u00f6gen des Bohnenbeh\u00e4lters<br \/>\n280 Gramm<br \/>\nKaffeesatzbeh\u00e4lter (ungef\u00e4hre Portionen)<br \/>\n16<br \/>\nKabell\u00e4nge<br \/>\n1,1 Meter<br \/>\nSpannung\/Leistung<br \/>\n230V  \/ 1450W<br \/>\nAktuell<br \/>\n10 A<br \/>\nStandby-Stromversorgung<br \/>\n0 mal<br \/>\nGewicht<br \/>\n10kg<br \/>\nAbmessungen (B \u00d7 H \u00d7 T)<br \/>\nAbmessungen: 28 \u00d7 35,1 \u00d7 44,6 Zentimeter<br \/>\nArtikelnummer, Produktcode<br \/>\n15582, Platin<br \/>\nEAN-Code<br \/>\n7610917155828<br \/>\nProduktionsland<br \/>\n Portugal<br \/>\nModelljahr<br \/>\n2024<\/p>\n<p>Jura E8 &#8211; Automatische Kaffeemaschine mit Milchaufsch\u00e4umer &#8211; 15 bar &#8211; Dark Inox<\/p><\/div>\n<p> , <!----><!----><\/p>\n<section aria-label=\"Produktdaten\">\n<dl class=\"pdp-attribute-list\"><!--[--><\/p>\n<div class=\"pdp-attribute-list__item--single-row pdp-attribute-list__item\">\n<dt data-test=\"attribute-list-title\" class=\"pdp-attribute-list__title\">H\u00f6he<\/dt>\n<dd class=\"pdp-attribute-list__values\" data-test=\"attribute-list-values\"><!--[--><\/p>\n<div data-test-item_text=\"35.1 cm\" class=\"pdp-attribute-list__value\">\n<div class=\"pdp-attribute-list__item-text\">\n<div>35.1 cm<\/div>\n<\/div>\n<\/div>\n<p><!--]--><\/dd>\n<\/div>\n<div class=\"pdp-attribute-list__item--single-row pdp-attribute-list__item\">\n<dt data-test=\"attribute-list-title\" class=\"pdp-attribute-list__title\">Breite<\/dt>\n<dd class=\"pdp-attribute-list__values\" data-test=\"attribute-list-values\"><!--[--><\/p>\n<div data-test-item_text=\"28 cm\" class=\"pdp-attribute-list__value\">\n<div class=\"pdp-attribute-list__item-text\">\n<div>28 cm<\/div>\n<\/div>\n<\/div>\n<p><!--]--><\/dd>\n<\/div>\n<div class=\"pdp-attribute-list__item--single-row pdp-attribute-list__item\">\n<dt data-test=\"attribute-list-title\" class=\"pdp-attribute-list__title\">Leistung<\/dt>\n<dd class=\"pdp-attribute-list__values\" data-test=\"attribute-list-values\"><!--[--><\/p>\n<div data-test-item_text=\"1450 W\" class=\"pdp-attribute-list__value\">\n<div class=\"pdp-attribute-list__item-text\">\n<div>1450 W<\/div>\n<\/div>\n<\/div>\n<p><!--]--><\/dd>\n<\/div>\n<div class=\"pdp-attribute-list__item--single-row pdp-attribute-list__item\">\n<dt data-test=\"attribute-list-title\" class=\"pdp-attribute-list__title\">Ma\u00dfe<\/dt>\n<dd class=\"pdp-attribute-list__values\" data-test=\"attribute-list-values\"><!--[--><\/p>\n<div data-test-item_text=\"28 cm \u00d7 35,1 cm \u00d7 44,6 cm (B \u00d7 H \u00d7 T)\" class=\"pdp-attribute-list__value\">\n<div class=\"pdp-attribute-list__item-text\">\n<div>28 cm \u00d7 35,1 cm \u00d7 44,6 cm (B \u00d7 H \u00d7 T)<\/div>\n<\/div>\n<\/div>\n<p><!--]--><\/dd>\n<\/div>\n<div class=\"pdp-attribute-list__item--single-row pdp-attribute-list__item\">\n<dt data-test=\"attribute-list-title\" class=\"pdp-attribute-list__title\">Lieferumfang<\/dt>\n<dd class=\"pdp-attribute-list__values\" data-test=\"attribute-list-values\"><!--[--><\/p>\n<div data-test-item_text=\"1 \u00d7 L\u00f6ffel, 1 \u00d7 Gebrauchsanweisung\" class=\"pdp-attribute-list__value\">\n<div class=\"pdp-attribute-list__item-text\">\n<div>1 \u00d7 L\u00f6ffel, 1 \u00d7 Gebrauchsanweisung<\/div>\n<\/div>\n<\/div>\n<p><!--]--><\/dd>\n<\/div>\n<div class=\"pdp-attribute-list__item--single-row pdp-attribute-list__item\">\n<dt data-test=\"attribute-list-title\" class=\"pdp-attribute-list__title\">L\u00e4nge<\/dt>\n<dd class=\"pdp-attribute-list__values\" data-test=\"attribute-list-values\"><!--[--><\/p>\n<div data-test-item_text=\"28 cm\" class=\"pdp-attribute-list__value\">\n<div class=\"pdp-attribute-list__item-text\">\n<div>28 cm<\/div>\n<\/div>\n<\/div>\n<p><!--]--><\/dd>\n<\/div>\n<div class=\"pdp-attribute-list__item--single-row pdp-attribute-list__item\">\n<dt data-test=\"attribute-list-title\" class=\"pdp-attribute-list__title\">Gewicht<\/dt>\n<dd class=\"pdp-attribute-list__values\" data-test=\"attribute-list-values\"><!--[--><\/p>\n<div data-test-item_text=\"9.6 kg\" class=\"pdp-attribute-list__value\">\n<div class=\"pdp-attribute-list__item-text\">\n<div>9.6 kg<\/div>\n<\/div>\n<\/div>\n<p><!--]--><\/dd>\n<\/div>\n<div class=\"pdp-attribute-list__item--single-row pdp-attribute-list__item\">\n<dt data-test=\"attribute-list-title\" class=\"pdp-attribute-list__title\">Fassungsverm\u00f6gen des Wassertanks<\/dt>\n<dd class=\"pdp-attribute-list__values\" data-test=\"attribute-list-values\"><!--[--><\/p>\n<div data-test-item_text=\"1.9 l\" class=\"pdp-attribute-list__value\">\n<div class=\"pdp-attribute-list__item-text\">\n<div>1.9 l<\/div>\n<\/div>\n<\/div>\n<p><!--]--><\/dd>\n<\/div>\n<div class=\"pdp-attribute-list__item--single-row pdp-attribute-list__item\">\n<dt data-test=\"attribute-list-title\" class=\"pdp-attribute-list__title\">Fassungsvolumen<\/dt>\n<dd class=\"pdp-attribute-list__values\" data-test=\"attribute-list-values\"><!--[--><\/p>\n<div data-test-item_text=\"1.9 l\" class=\"pdp-attribute-list__value\">\n<div class=\"pdp-attribute-list__item-text\">\n<div>1.9 l<\/div>\n<\/div>\n<\/div>\n<p><!--]--><\/dd>\n<\/div>\n<div class=\"pdp-attribute-list__item--single-row pdp-attribute-list__item\">\n<dt data-test=\"attribute-list-title\" class=\"pdp-attribute-list__title\">Hersteller<\/dt>\n<dd class=\"pdp-attribute-list__values\" data-test=\"attribute-list-values\"><!--[--><\/p>\n<div data-test-item_text=\"Jura\" class=\"pdp-attribute-list__value\"><a class=\"rd-link rd-link--primary pdp-attribute-list__link\" href=\"https:\/\/www.kaufland.de\/m\/jura\/~51772\/\"><!--[--><!--]--><span class=\"rd-link__text\"><!--[--><\/p>\n<div><span>Jura<\/span><\/div>\n<p><!--]--><\/span><!----><\/a><\/div>\n<p><!--]--><\/dd>\n<\/div>\n<div class=\"pdp-attribute-list__item--single-row pdp-attribute-list__item\">\n<dt data-test=\"attribute-list-title\" class=\"pdp-attribute-list__title\">Farbe<\/dt>\n<dd class=\"pdp-attribute-list__values\" data-test=\"attribute-list-values\"><!--[--><\/p>\n<div data-test-item_text=\"Schwarz\" class=\"pdp-attribute-list__value\">\n<div class=\"pdp-attribute-list__item-text\">\n<div>Schwarz<\/div>\n<\/div>\n<\/div>\n<p><!--]--><\/dd>\n<\/div>\n<div class=\"pdp-attribute-list__item--single-row pdp-attribute-list__item\">\n<dt data-test=\"attribute-list-title\" class=\"pdp-attribute-list__title\">EAN<\/dt>\n<dd class=\"pdp-attribute-list__values\" data-test=\"attribute-list-values\"><!--[--><\/p>\n<div data-test-item_text=\"7610917155835\" class=\"pdp-attribute-list__value\">\n<div class=\"pdp-attribute-list__item-text\">\n<div>7610917155835<\/div>\n<\/div>\n<\/div>\n<p><!--]--><\/dd>\n<\/div>\n<div class=\"pdp-attribute-list__item--single-row pdp-attribute-list__item\">\n<dt data-test=\"attribute-list-title\" class=\"pdp-attribute-list__title\">Herstellernummer<\/dt>\n<dd class=\"pdp-attribute-list__values\" data-test=\"attribute-list-values\"><!--[--><\/p>\n<div data-test-item_text=\"15583\" class=\"pdp-attribute-list__value\">\n<div class=\"pdp-attribute-list__item-text\">\n<div>15583<\/div>\n<\/div>\n<\/div>\n<p><!--]--><\/dd>\n<\/div>\n<p><!--]--><\/dl>\n<\/section>\n","protected":false},"excerpt":{"rendered":"<p>, <\/p>\n<dt data-test=\"attribute-list-title\" class=\"pdp-attribute-list__title\">Farbe<\/dt>\n<dd class=\"pdp-attribute-list__values\" data-test=\"attribute-list-values\"><!--[--><\/p>\n<div data-test-item_text=\"Schwarz\" class=\"pdp-attribute-list__value\">\n<div class=\"pdp-attribute-list__item-text\">\n<div>Schwarz<\/div>\n<\/div>\n<\/div>\n<p><!--]--><\/dd>\n<p>, <\/p>\n<dt data-test=\"attribute-list-title\" class=\"pdp-attribute-list__title\">L\u00e4nge<\/dt>\n<dd class=\"pdp-attribute-list__values\" data-test=\"attribute-list-values\"><!--[--><\/p>\n<div data-test-item_text=\"28 cm\" class=\"pdp-attribute-list__value\">\n<div class=\"pdp-attribute-list__item-text\">\n<div>28 cm<\/div>\n<\/div>\n<\/div>\n<p><!--]--><\/dd>\n","protected":false},"featured_media":58715,"comment_status":"open","ping_status":"closed","template":"","meta":{"_monsterinsights_skip_tracking":false,"_monsterinsights_sitenote_active":false,"_monsterinsights_sitenote_note":"","_monsterinsights_sitenote_category":0,"_uf_show_specific_survey":0,"_uf_disable_surveys":false},"product_brand":[],"product_cat":[504],"product_tag":[],"models":[],"years":[],"class_list":{"0":"post-50411","1":"product","2":"type-product","3":"status-publish","4":"has-post-thumbnail","6":"product_cat-kuchenkleingerate","8":"first","9":"instock","10":"sale","11":"featured","12":"shipping-taxable","13":"purchasable","14":"product-type-simple"},"aioseo_notices":[],"acf":[],"_links":{"self":[{"href":"https:\/\/amannforg.com\/fr\/wp-json\/wp\/v2\/product\/50411","targetHints":{"allow":["GET"]}}],"collection":[{"href":"https:\/\/amannforg.com\/fr\/wp-json\/wp\/v2\/product"}],"about":[{"href":"https:\/\/amannforg.com\/fr\/wp-json\/wp\/v2\/types\/product"}],"replies":[{"embeddable":true,"href":"https:\/\/amannforg.com\/fr\/wp-json\/wp\/v2\/comments?post=50411"}],"version-history":[{"count":1,"href":"https:\/\/amannforg.com\/fr\/wp-json\/wp\/v2\/product\/50411\/revisions"}],"predecessor-version":[{"id":58725,"href":"https:\/\/amannforg.com\/fr\/wp-json\/wp\/v2\/product\/50411\/revisions\/58725"}],"wp:featuredmedia":[{"embeddable":true,"href":"https:\/\/amannforg.com\/fr\/wp-json\/wp\/v2\/media\/58715"}],"wp:attachment":[{"href":"https:\/\/amannforg.com\/fr\/wp-json\/wp\/v2\/media?parent=50411"}],"wp:term":[{"taxonomy":"product_brand","embeddable":true,"href":"https:\/\/amannforg.com\/fr\/wp-json\/wp\/v2\/product_brand?post=50411"},{"taxonomy":"product_cat","embeddable":true,"href":"https:\/\/amannforg.com\/fr\/wp-json\/wp\/v2\/product_cat?post=50411"},{"taxonomy":"product_tag","embeddable":true,"href":"https:\/\/amannforg.com\/fr\/wp-json\/wp\/v2\/product_tag?post=50411"},{"taxonomy":"models","embeddable":true,"href":"https:\/\/amannforg.com\/fr\/wp-json\/wp\/v2\/models?post=50411"},{"taxonomy":"years","embeddable":true,"href":"https:\/\/amannforg.com\/fr\/wp-json\/wp\/v2\/years?post=50411"}],"curies":[{"name":"wp","href":"https:\/\/api.w.org\/{rel}","templated":true}]}}