{"id":50483,"date":"2026-03-11T13:49:26","date_gmt":"2026-03-11T13:49:26","guid":{"rendered":"https:\/\/amannforg.com\/?post_type=product&#038;p=50483"},"modified":"2026-03-13T11:19:27","modified_gmt":"2026-03-13T11:19:27","slug":"laufband-mit-30-ps-motor-und-12-voreingestellte-programme-fuer-zuhause-laufbaender-14km-h-max-belastung-140kg","status":"publish","type":"product","link":"https:\/\/amannforg.com\/fr\/produit\/laufband-mit-30-ps-motor-und-12-voreingestellte-programme-fuer-zuhause-laufbaender-14km-h-max-belastung-140kg\/","title":{"rendered":"Laufband mit 3,0-PS-Motor und 12 voreingestellte Programme F\u00fcr Zuhause, Laufb\u00e4nder 14KM\/H, Max Belastung 140KG"},"content":{"rendered":"<div>\n<p>*Sollten Sie Probleme mit dem Produkte haben, wenden Sie sich BITTE ZUVOR an unseren Kundendienst, bevor Sie das Ger\u00e4t zur\u00fccksenden, um unn\u00f6tige R\u00fccklieferungen zu vermeiden. Unser Service-Team steht Ihnen jederzeit zur Verf\u00fcgung.<\/p>\n<p><\/p>\n<p>Multifunktionshandlauf: Dieses laufband f\u00fcr zuhause ist mit einem Multifunktionshandlauf ausgestattet, der einen Ein-Knopf-Start\/Stopp, eine Geschwindigkeitsanpassung und eine Herzfrequenzmessung integriert.<\/p>\n<p>Knieschutz: Dieses laufband klappbar verf\u00fcgt \u00fcber einen 7-schichtigen Verbundlaufgurt, 8 integrierte Sto\u00dfd\u00e4mpfer und 2 Waben-D\u00e4mpfungspads, die St\u00f6\u00dfe beim Training effektiv absorbieren und den Druck auf Knie und Gelenke maximal reduzieren. Das mehrstufige D\u00e4mpfungssystem sorgt daf\u00fcr, dass jeder Schritt stabil und angenehm ist, sodass Sie sicher und unbesorgt trainieren k\u00f6nnen.<\/p>\n<p>Upgrade auf leisen Motor: Verabschieden Sie sich vom Dr\u00f6hnen herk\u00f6mmlicher B\u00fcrstenmotoren. Selbst bei hoher Geschwindigkeit st\u00f6rt er weder Familie noch Nachbarn. Der b\u00fcrstenlose Motor hat eine viermal l\u00e4ngere Lebensdauer und verbraucht nur ein Viertel der Energie eines B\u00fcrstenmotors \u2013 umweltfreundlicher und wirtschaftlicher.<\/p>\n<p>APP und 12+3 voreingestellte Modi: Dieses laufband schreibtisch kann schnell \u00fcber Bluetooth mit der App verbunden werden, um Ihre Trainingsdaten in Echtzeit zu erfassen. Es bietet professionelle Traineranleitungen und personalisierte Trainingspl\u00e4ne. Zudem ist es mit 12 voreingestellten Programmen und 3 Countdown-Modi ausgestattet, sodass Sie sowohl die Zeit als auch die Kalorienverbrennung pr\u00e4zise steuern und Ihr Potenzial voll aussch\u00f6pfen k\u00f6nnen.<\/p>\n<p>Familienfreundlich: Dieses walking pad klappbar erf\u00fcllt die Bed\u00fcrfnisse der ganzen Familie. Der 110 cm hohe Haltegriff sorgt f\u00fcr Sicherheit f\u00fcr alle Gr\u00f6\u00dfen. Das 103*40 cm gro\u00dfe Laufband ist ideal f\u00fcr Sprint und Jogging. Es tr\u00e4gt bis zu 136 kg, ist robust und langlebig. Mit 12 voreingestellten Modi, doppelten Becherhaltern und einem Halter f\u00fcr Telefon\/Tablet kombiniert es Sport und Unterhaltung.<\/p>\n<p><\/p>\n<p>TECHNISCHE DATEN<br \/>\nGeschwindigkeit maximal: 14 km\/h<br \/>\nPRODUKTDETAILS<br \/>\nAusstattung: Trinkfaschenhalter<br \/>\nMASSE &amp; GEWICH<br \/>\nL\u00e4nge Lauffl\u00e4che: 102 cm<br \/>\nBreite Lauffl\u00e4che: 39 cm<br \/>\nFARBE &amp; MATERIAL<br \/>\nFarbe: Schwarz<br \/>\nHINWEISE<br \/>\nBenutzergewicht maximal 140 kg<\/p>\n<p>&#8212;&#8212;&#8212;&#8212;&#8212;&#8212;&#8212;&#8212;&#8212;&#8212;&#8212;&#8212;&#8212;&#8212;&#8212;&#8212;&#8212;&#8212;&#8212;<\/p>\n<p>Warum lohnt sich ein Laufband?<\/p>\n<p>Keine Ausreden mehr wegen Regen, K\u00e4lte oder Dunkelheit: Mit einem Laufband bist du beim Joggen nicht vom Wetter abh\u00e4ngig und auch in der Wahl des Trainingszeitpunktes flexibel. Zudem entf\u00e4llt die Anfahrt zum Fitnessstudio oder der Weg zum n\u00e4chsten Park. Zeit, die du effektiv f\u00fcr dein Training nutzen kannst.<\/p>\n<p>Insbesondere f\u00fcr Anf\u00e4nger ist die richtige Einsch\u00e4tzung der Streckenl\u00e4nge beim Laufen im Freien oft schwer. Sie begehen h\u00e4ufig den Fehler, den R\u00fcckweg der Strecke zu untersch\u00e4tzen. Der Vorteil eines Laufbandes: Du kannst dich langsam und kontrolliert an deine optimale Streckenl\u00e4nge herantasten.<\/p>\n<p>&#8212;&#8212;&#8212;&#8212;&#8212;&#8212;&#8212;&#8212;&#8212;&#8212;&#8212;&#8212;&#8212;&#8212;&#8212;&#8212;&#8212;&#8212;&#8212;<\/p>\n<p>Sicherheitshinweise<\/p>\n<p>Beim Training mit einem Laufband solltest du die folgenden Hinweise beachten, um Verletzungen sowie Besch\u00e4digungen am Ger\u00e4t zu vermeiden<\/p>\n<p>Beginne jedes Training mit einer langsamen Aufw\u00e4rmphase, um Muskeln und Gelenke vorzubereiten.<\/p>\n<p>Trage geeignete Sportschuhe mit guter D\u00e4mpfung und rutschfester Sohle.<\/p>\n<p>Erh\u00f6he die Geschwindigkeit schrittweise und erst, wenn du auf dem Laufband stehst.<\/p>\n<p>Halte dich stets an den Handl\u00e4ufen fest, insbesondere beim Starten oder Beenden des Laufbands.<\/p>\n<p>Stelle sicher, dass ausreichend Platz um das Laufband vorhanden ist.<\/p>\n<p>Lasse das Ger\u00e4t w\u00e4hrend des Betriebs nicht unbeaufsichtigt.<\/p>\n<p>Ziehe bei Nichtgebrauch den Stromstecker.<\/p>\n<p>Drehe dich w\u00e4hrend des Betriebs auf dem Laufband nicht um.<\/p>\n<p>Beende bei Schmerzen augenblicklich das Training.<\/p>\n<p>&#8212;&#8212;&#8212;&#8212;&#8212;&#8212;&#8212;&#8212;&#8212;&#8212;&#8212;&#8212;&#8212;&#8212;&#8212;&#8212;&#8212;&#8212;&#8212;<\/p>\n<p>FAQ<\/p>\n<p>-Was kann ich tun, damit das Laufband leiser l\u00e4uft?<\/p>\n<p>Wenn du \u00fcber gen\u00fcgend Platz verf\u00fcgst, solltest du darauf achten, das Laufband nicht zu nah an der Zimmerwand aufzustellen, da die entstehenden Ger\u00e4usche ansonsten reflektiert werden. Hilfreich kann auch eine d\u00e4mpfende Unterlage wie eine Gummimatte sein.<\/p>\n<p>-Welche Muskeln werden auf dem Laufband trainiert?<\/p>\n<p>Das Laufband trainiert haupts\u00e4chlich die Beinmuskulatur, einschlie\u00dflich Quadrizeps, Hamstrings und Waden. Zudem st\u00e4rkt es die Ges\u00e4\u00df- und unterst\u00fctzt die Rumpfmuskulatur sowie das Herz-Kreislauf-System. Weiterhin bietet das Joggen auf dem Laufband eine schonende, effektive M\u00f6glichkeit, die Ausdauer zu verbessern und Kalorien zu verbrennen.<\/p>\n<p>-Wie kann ich mit einem Laufband meine Trainingserfolge messen?<\/p>\n<p>Die meisten Modelle erlauben Einstellungen wie etwa die L\u00e4nge der zu laufenden Strecke, den angestrebten Kalorienverbrauch sowie die Trainingsdauer. \u00dcber das Display wirst du \u00fcber den Stand deiner Leistung informiert. Dar\u00fcber hinaus kannst du mithilfe von Pulssensoren und Herzfrequenz-Messern deine K\u00f6rperaktivit\u00e4ten erfassen.<\/p>\n<\/div>\n<p> , <!----><!----><\/p>\n<section aria-label=\"Produktdaten\">\n<dl class=\"pdp-attribute-list\"><!--[--><\/p>\n<div class=\"pdp-attribute-list__item--single-row pdp-attribute-list__item\">\n<dt data-test=\"attribute-list-title\" class=\"pdp-attribute-list__title\">Breite<\/dt>\n<dd class=\"pdp-attribute-list__values\" data-test=\"attribute-list-values\"><!--[--><\/p>\n<div data-test-item_text=\"61 cm\" class=\"pdp-attribute-list__value\">\n<div class=\"pdp-attribute-list__item-text\">\n<div>61 cm<\/div>\n<\/div>\n<\/div>\n<p><!--]--><\/dd>\n<\/div>\n<div class=\"pdp-attribute-list__item--single-row pdp-attribute-list__item\">\n<dt data-test=\"attribute-list-title\" class=\"pdp-attribute-list__title\">Hersteller<\/dt>\n<dd class=\"pdp-attribute-list__values\" data-test=\"attribute-list-values\"><!--[--><\/p>\n<div data-test-item_text=\"LONTEK\" class=\"pdp-attribute-list__value\"><span class=\"rd-link rd-link--primary rd-link--masked pdp-attribute-list__link\" role=\"link\" tabindex=\"0\"><!--[--><!--]--><span class=\"rd-link__text\"><!--[--><\/p>\n<div><span>LONTEK<\/span><\/div>\n<p><!--]--><\/span><!----><\/span><\/div>\n<p><!--]--><\/dd>\n<\/div>\n<div class=\"pdp-attribute-list__item--single-row pdp-attribute-list__item\">\n<dt data-test=\"attribute-list-title\" class=\"pdp-attribute-list__title\">H\u00f6he<\/dt>\n<dd class=\"pdp-attribute-list__values\" data-test=\"attribute-list-values\"><!--[--><\/p>\n<div data-test-item_text=\"110 cm\" class=\"pdp-attribute-list__value\">\n<div class=\"pdp-attribute-list__item-text\">\n<div>110 cm<\/div>\n<\/div>\n<\/div>\n<p><!--]--><\/dd>\n<\/div>\n<div class=\"pdp-attribute-list__item--single-row pdp-attribute-list__item\">\n<dt data-test=\"attribute-list-title\" class=\"pdp-attribute-list__title\">Farbe<\/dt>\n<dd class=\"pdp-attribute-list__values\" data-test=\"attribute-list-values\"><!--[--><\/p>\n<div data-test-item_text=\"Schwarz\" class=\"pdp-attribute-list__value\">\n<div class=\"pdp-attribute-list__item-text\">\n<div>Schwarz<\/div>\n<\/div>\n<\/div>\n<p><!--]--><\/dd>\n<\/div>\n<div class=\"pdp-attribute-list__item--single-row pdp-attribute-list__item\">\n<dt data-test=\"attribute-list-title\" class=\"pdp-attribute-list__title\">L\u00e4nge<\/dt>\n<dd class=\"pdp-attribute-list__values\" data-test=\"attribute-list-values\"><!--[--><\/p>\n<div data-test-item_text=\"129 cm\" class=\"pdp-attribute-list__value\">\n<div class=\"pdp-attribute-list__item-text\">\n<div>129 cm<\/div>\n<\/div>\n<\/div>\n<p><!--]--><\/dd>\n<\/div>\n<div class=\"pdp-attribute-list__item--single-row pdp-attribute-list__item\">\n<dt data-test=\"attribute-list-title\" class=\"pdp-attribute-list__title\">Modell<\/dt>\n<dd class=\"pdp-attribute-list__values\" data-test=\"attribute-list-values\"><!--[--><\/p>\n<div data-test-item_text=\"P9\" class=\"pdp-attribute-list__value\">\n<div class=\"pdp-attribute-list__item-text\">\n<div>P9<\/div>\n<\/div>\n<\/div>\n<p><!--]--><\/dd>\n<\/div>\n<div class=\"pdp-attribute-list__item--single-row pdp-attribute-list__item\">\n<dt data-test=\"attribute-list-title\" class=\"pdp-attribute-list__title\">Maximale Belastbarkeit<\/dt>\n<dd class=\"pdp-attribute-list__values\" data-test=\"attribute-list-values\"><!--[--><\/p>\n<div data-test-item_text=\"136 kg\" class=\"pdp-attribute-list__value\">\n<div class=\"pdp-attribute-list__item-text\">\n<div>136 kg<\/div>\n<\/div>\n<\/div>\n<p><!--]--><\/dd>\n<\/div>\n<div class=\"pdp-attribute-list__item--single-row pdp-attribute-list__item\">\n<dt data-test=\"attribute-list-title\" class=\"pdp-attribute-list__title\">EAN<\/dt>\n<dd class=\"pdp-attribute-list__values\" data-test=\"attribute-list-values\"><!--[--><\/p>\n<div data-test-item_text=\"6117802100662\" class=\"pdp-attribute-list__value\">\n<div class=\"pdp-attribute-list__item-text\">\n<div>6117802100662<\/div>\n<\/div>\n<\/div>\n<p><!--]--><\/dd>\n<\/div>\n<p><!--]--><\/dl>\n<\/section>\n","protected":false},"excerpt":{"rendered":"<p>, , <\/p>\n<dt data-test=\"attribute-list-title\" class=\"pdp-attribute-list__title\">Modell<\/dt>\n<dd class=\"pdp-attribute-list__values\" data-test=\"attribute-list-values\"><!--[--><\/p>\n<div data-test-item_text=\"P9\" class=\"pdp-attribute-list__value\">\n<div class=\"pdp-attribute-list__item-text\">\n<div>P9<\/div>\n<\/div>\n<\/div>\n<p><!--]--><\/dd>\n","protected":false},"featured_media":58777,"comment_status":"open","ping_status":"closed","template":"","meta":{"_monsterinsights_skip_tracking":false,"_monsterinsights_sitenote_active":false,"_monsterinsights_sitenote_note":"","_monsterinsights_sitenote_category":0,"_uf_show_specific_survey":0,"_uf_disable_surveys":false},"product_brand":[],"product_cat":[519],"product_tag":[],"models":[],"years":[],"class_list":{"0":"post-50483","1":"product","2":"type-product","3":"status-publish","4":"has-post-thumbnail","6":"product_cat-fitnessprodukte","8":"first","9":"instock","10":"sale","11":"featured","12":"shipping-taxable","13":"purchasable","14":"product-type-simple"},"aioseo_notices":[],"acf":[],"_links":{"self":[{"href":"https:\/\/amannforg.com\/fr\/wp-json\/wp\/v2\/product\/50483","targetHints":{"allow":["GET"]}}],"collection":[{"href":"https:\/\/amannforg.com\/fr\/wp-json\/wp\/v2\/product"}],"about":[{"href":"https:\/\/amannforg.com\/fr\/wp-json\/wp\/v2\/types\/product"}],"replies":[{"embeddable":true,"href":"https:\/\/amannforg.com\/fr\/wp-json\/wp\/v2\/comments?post=50483"}],"version-history":[{"count":1,"href":"https:\/\/amannforg.com\/fr\/wp-json\/wp\/v2\/product\/50483\/revisions"}],"predecessor-version":[{"id":58787,"href":"https:\/\/amannforg.com\/fr\/wp-json\/wp\/v2\/product\/50483\/revisions\/58787"}],"wp:featuredmedia":[{"embeddable":true,"href":"https:\/\/amannforg.com\/fr\/wp-json\/wp\/v2\/media\/58777"}],"wp:attachment":[{"href":"https:\/\/amannforg.com\/fr\/wp-json\/wp\/v2\/media?parent=50483"}],"wp:term":[{"taxonomy":"product_brand","embeddable":true,"href":"https:\/\/amannforg.com\/fr\/wp-json\/wp\/v2\/product_brand?post=50483"},{"taxonomy":"product_cat","embeddable":true,"href":"https:\/\/amannforg.com\/fr\/wp-json\/wp\/v2\/product_cat?post=50483"},{"taxonomy":"product_tag","embeddable":true,"href":"https:\/\/amannforg.com\/fr\/wp-json\/wp\/v2\/product_tag?post=50483"},{"taxonomy":"models","embeddable":true,"href":"https:\/\/amannforg.com\/fr\/wp-json\/wp\/v2\/models?post=50483"},{"taxonomy":"years","embeddable":true,"href":"https:\/\/amannforg.com\/fr\/wp-json\/wp\/v2\/years?post=50483"}],"curies":[{"name":"wp","href":"https:\/\/api.w.org\/{rel}","templated":true}]}}