{"id":52625,"date":"2026-03-05T00:27:53","date_gmt":"2026-03-05T00:27:53","guid":{"rendered":"https:\/\/amannforg.com\/?post_type=product&#038;p=52625"},"modified":"2026-03-07T16:30:30","modified_gmt":"2026-03-07T16:30:30","slug":"qnap-ts-264-8g-nas-system-2-bay-12tb-inkl-2x-6tb-wd-red-plus-wd60efpx","status":"publish","type":"product","link":"https:\/\/amannforg.com\/fr\/produit\/qnap-ts-264-8g-nas-system-2-bay-12tb-inkl-2x-6tb-wd-red-plus-wd60efpx\/","title":{"rendered":"QNAP TS-264-8G NAS System 2-Bay 12TB inkl. 2x 6TB WD Red Plus WD60EFPX"},"content":{"rendered":"<div class=\"titlepage\">\n<h2 class=\"text-h3 mb-l\">QNAP TS-264-8G NAS System 2-Bay 12TB inkl. 2x 6TB WD Red Plus WD60EFPX<\/h2>\n<\/div>\n<div class=\"titlepage\">\n<h2 class=\"text-h3 mb-l\">WD Red Plus Festplatte:<\/h2>\n<\/div>\n<p>Mit WD Red\u2122 Plus teilen und sichern Sie Dateien im Handumdrehen CMR-Technologie f\u00fcr RAID-optimierte NAS-Systeme mit bis zu 8 Laufwerkssch\u00e4chten f\u00fcr die anspruchsvollen Workloads in mittleren und gro\u00dfen Unternehmen. Perfekt geeignet f\u00fcr erh\u00f6hte Workloads, einschlie\u00dflich erweiterter Betriebssystemkompatibilit\u00e4t und ZFS.Erh\u00e4ltlich in Kapazit\u00e4ten von 1\u201314 TB mit Unterst\u00fctzung von bis zu 8 Laufwerkssch\u00e4chten<\/p>\n<div class=\"itemizedlist\">\n<ul class=\"bullet-list\">\n<li class=\"bullet-list-item\">Unterst\u00fctzt eine Workload-Rate von bis zu 180 TB\/Jahr<\/li>\n<li class=\"bullet-list-item\">NASware\u2122-Firmware f\u00fcr Kompatibilit\u00e4t<\/li>\n<li class=\"bullet-list-item\">NAS-Systeme kleiner oder mittlerer Unternehmen f\u00fcr den Dauerbetrieb<\/li>\n<\/ul>\n<\/div>\n<div class=\"article\">\n<div class=\"titlepage\">\n<h2 class=\"text-h3 mb-l\">QNAP TS-264-8G NAS System 2-Bay<\/h2>\n<\/div><\/div>\n<p class=\"mb-l\">\n<div class=\"article\">TS-264 ist ein kompaktes 2-Bay NAS mit \u00fcberragender Leistung. Das TS-264 unterst\u00fctzt bis zu 22 TB Speicher und 4 TB M.2 SSD-Caching* zu einem erschwinglichen Preis und erf\u00fcllt Ihre Multitasking-Herausforderungen f\u00fcr Dateiverwaltung, Sicherung, Zusammenarbeit und Videokonvertierung.<\/div>\n<\/p>\n<div class=\"itemizedlist\">\n<ul class=\"bullet-list\">\n<li class=\"bullet-list-item\">\n<div class=\"article\"><span class=\"bold\">2,5 GbE ist ein Muss!<\/span> <\/div>\n<\/li>\n<\/ul>\n<\/div>\n<div class=\"article\">Durch die Einrichtung von Portb\u00fcndelung mit den beiden integrierten 2,5 GbE Ports (2,5G\/1G\/100M) bietet das TS-264 \u00dcbertragungsgeschwindigkeiten von bis zu 589 MB\/s und ist damit genau so schnell wie ein 10 GbE NAS mit einem Port.<\/div>\n<div class=\"itemizedlist\">\n<ul class=\"bullet-list\">\n<li class=\"bullet-list-item\">\n<div class=\"article\"><span class=\"bold\">Quad-Core f\u00fcr Multitasking<\/span> <\/div>\n<\/li>\n<\/ul>\n<\/div>\n<div class=\"article\">Mit dem f\u00fcr Multitasking optimierten Intel\u00ae Quad-Core Prozessor k\u00f6nnen Sie zus\u00e4tzliche Aufgaben ausf\u00fchren, mehr Medien streamen und mehr Dienste nutzen.<\/div>\n<div class=\"itemizedlist\">\n<ul class=\"bullet-list\">\n<li class=\"bullet-list-item\">\n<div class=\"article\"><span class=\"bold\">Reibungslose Videokonvertierung<\/span> <\/div>\n<\/li>\n<\/ul>\n<\/div>\n<div class=\"article\">Der integrierte Grafikprozessor (GPU) sorgt f\u00fcr eine verbesserte Videokonvertierung und erm\u00f6glicht das reibungslose Streaming von Videos vom NAS auf Mobilger\u00e4te.<\/div>\n<div class=\"itemizedlist\">\n<ul class=\"bullet-list\">\n<li class=\"bullet-list-item\">\n<div class=\"article\"><span class=\"bold\">Aufr\u00fcstung auf Dual-Port 10GbE<\/span> <\/div>\n<\/li>\n<\/ul>\n<\/div>\n<div class=\"article\">Machen Sie Ihre Netzwerkverbindung zukunftssicher, indem Sie eine Dual-Port PCIe 10 GbE Netzwerkkarte installieren, die eine \u00dcbertragungsgeschwindigkeit von bis zu 1.644 MB\/s bietet.<\/div>\n<div class=\"itemizedlist\">\n<ul class=\"bullet-list\">\n<li class=\"bullet-list-item\">\n<div class=\"article\"><span class=\"bold\">Schnellere USB-\u00dcbertragung<\/span> <\/div>\n<\/li>\n<\/ul>\n<\/div>\n<p class=\"mb-l\">\n<div class=\"article\">Zwei USB 3.2 Gen 2 (10 Gbps) Anschl\u00fcsse erm\u00f6glichen eine schnellere Sicherung von\/zu USB-Ger\u00e4ten.<\/div>\n<\/p>\n<div class=\"itemizedlist\">\n<ul class=\"bullet-list\">\n<li class=\"bullet-list-item\">\n<div class=\"article\"><span class=\"bold\">Mehr M.2 NVMe SSDs<\/span> <\/div>\n<\/li>\n<\/ul>\n<\/div>\n<p class=\"mb-l\">\n<div class=\"article\">Wenn zwei M.2 Steckpl\u00e4tze nicht ausreichen, k\u00f6nnen Sie eine QM2 PCIe Erweiterungskarte f\u00fcr weitere M.2 SSD Steckpl\u00e4tze installieren.<\/div>\n<\/p>\n<p class=\"mb-l\">\n<div class=\"article\"><span class=\"bold\">2,5 GbE NAS ist im Jahr 2023 ein Muss<\/span> <\/div>\n<\/p>\n<p class=\"mb-l\">\n<div class=\"article\">Mit zunehmender Verf\u00fcgbarkeit auf Switches, Motherboards und Laptops ist 2023 das Jahr von 2,5 GbE. Durch die Einstellung von Portb\u00fcndelung mit den beiden integrierten 2,5 GbE Ports (2,5G\/1G\/100M) zur Freisetzung des Netzwerkpotenzials und Erh\u00f6hung der Fehlertoleranz bietet das TS-264 \u00dcbertragungsgeschwindigkeiten von bis zu 589 MB\/s f\u00fcr schnelle Datenzugriffe.<\/div>\n<\/p>\n<p class=\"mb-l\">\n<div class=\"article\"><span class=\"bold\">Aufr\u00fcstung auf Dual-Port 10 GbE mit einer PCIe-Netzwerkkarte<\/span> <\/div>\n<\/p>\n<p class=\"mb-l\">\n<div class=\"article\">Dank des \u00fcberlegenen Hardwaredesigns k\u00f6nnen Sie eine QXG-10G2TB Dual-Port 10 GbE Netzwerkkarte im TS-264 installieren. Durch die Kombination von 10 GbE Netzwerk, Quad-Core Prozessor und M.2 SSD-Caching entfaltet das TS-264 sein volles Leistungspotenzial.<\/div>\n<\/p>\n<p class=\"mb-l\">\n<div class=\"article\"><span class=\"bold\">Beschleunigen Sie KI-gest\u00fctzte Bilderkennung und Caching mit TPU und PCIe-Erweiterung<\/span> <\/div>\n<\/p>\n<p class=\"mb-l\">\n<div class=\"article\">TS-264 hat zwei M.2 PCIe Gen 3 Steckpl\u00e4tze f\u00fcr die Installation von NVMe SSD (einschlie\u00dflich Apacer\u00ae, Micron\u00ae, Seagate\u00ae, WD\u00ae und mehr) oder Edge TPU.<\/div>\n<\/p>\n<p class=\"mb-l\">\n<div class=\"article\"><span class=\"bold\">QTS 5, schnell, reibungslos und benutzerfreundlich!<\/span> <\/div>\n<\/p>\n<p class=\"mb-l\">\n<div class=\"article\">Das TS-264 wird standardm\u00e4\u00dfig mit dem Betriebssystem QTS 5 ausgeliefert, das mit einem aktualisierten Systemkern, einer optimierten Benutzeroberfl\u00e4che und fortschrittlichen Sicherheitsfunktionen eine neue Generation der Benutzerfreundlichkeit bietet.<\/div>\n<\/p>\n<li class=\"mb-m\">\n<div class=\"flex flex-col m:flex-row gap-s m:gap-xl\">\n<div class=\"text-h3 min-w-[244px] max-w-[244px]\">Bauform<\/div>\n<div class=\"flex flex-col gap-s\"><span class=\"\"><\/p>\n<ul class=\"flex flex-col gap-s\">\n<li class=\"ml-3xs pl-[15px] relative before:absolute before:w-[8px] before:h-[8px] before:bg-dark before:top-[8px] before:left-0 before:rounded-full\">Desktop<\/li>\n<\/ul>\n<p><\/span><\/div>\n<\/div>\n<\/li>\n<li class=\"mb-m\">\n<div class=\"flex flex-col m:flex-row gap-s m:gap-xl\">\n<div class=\"text-h3 min-w-[244px] max-w-[244px]\">Kamera Lizenzen<\/div>\n<div class=\"flex flex-col gap-s\"><span class=\"\"><\/p>\n<ul class=\"flex flex-col gap-s\">\n<li class=\"ml-3xs pl-[15px] relative before:absolute before:w-[8px] before:h-[8px] before:bg-dark before:top-[8px] before:left-0 before:rounded-full\">2 St<\/li>\n<\/ul>\n<p><\/span><\/div>\n<\/div>\n<\/li>\n<li class=\"mb-m\">\n<div class=\"flex flex-col m:flex-row gap-s m:gap-xl\">\n<div class=\"text-h3 min-w-[244px] max-w-[244px]\">Speicher<\/div>\n<div class=\"flex flex-col gap-s\"><span class=\"\"><\/p>\n<ul class=\"flex flex-col gap-s\">\n<li class=\"ml-3xs pl-[15px] relative before:absolute before:w-[8px] before:h-[8px] before:bg-dark before:top-[8px] before:left-0 before:rounded-full\">Anzahl M.2: 2 St<\/li>\n<li class=\"ml-3xs pl-[15px] relative before:absolute before:w-[8px] before:h-[8px] before:bg-dark before:top-[8px] before:left-0 before:rounded-full\">Gesamtkapazit\u00e4t Massenspeicher: 12288 GB<\/li>\n<li class=\"ml-3xs pl-[15px] relative before:absolute before:w-[8px] before:h-[8px] before:bg-dark before:top-[8px] before:left-0 before:rounded-full\">Steckplatztyp: 3,5 Zoll<\/li>\n<\/ul>\n<p><\/span><\/div>\n<\/div>\n<\/li>\n<li class=\"mb-m\">\n<div class=\"flex flex-col m:flex-row gap-s m:gap-xl\">\n<div class=\"text-h3 min-w-[244px] max-w-[244px]\">Prozessor<\/div>\n<div class=\"flex flex-col gap-s\"><span class=\"\"><\/p>\n<ul class=\"flex flex-col gap-s\">\n<li class=\"ml-3xs pl-[15px] relative before:absolute before:w-[8px] before:h-[8px] before:bg-dark before:top-[8px] before:left-0 before:rounded-full\">Prozessorhersteller: Intel<\/li>\n<li class=\"ml-3xs pl-[15px] relative before:absolute before:w-[8px] before:h-[8px] before:bg-dark before:top-[8px] before:left-0 before:rounded-full\">Prozessormodell: Celeron<\/li>\n<li class=\"ml-3xs pl-[15px] relative before:absolute before:w-[8px] before:h-[8px] before:bg-dark before:top-[8px] before:left-0 before:rounded-full\">Prozessortyp: N5095<\/li>\n<li class=\"ml-3xs pl-[15px] relative before:absolute before:w-[8px] before:h-[8px] before:bg-dark before:top-[8px] before:left-0 before:rounded-full\">Kerne (gesamt): 4 St<\/li>\n<li class=\"ml-3xs pl-[15px] relative before:absolute before:w-[8px] before:h-[8px] before:bg-dark before:top-[8px] before:left-0 before:rounded-full\">Minimaler Takt: 2.9 GHz<\/li>\n<\/ul>\n<p><\/span><\/div>\n<\/div>\n<\/li>\n<li class=\"mb-m\">\n<div class=\"flex flex-col m:flex-row gap-s m:gap-xl\">\n<div class=\"text-h3 min-w-[244px] max-w-[244px]\">Betriebssystem<\/div>\n<div class=\"flex flex-col gap-s\"><span class=\"\"><\/p>\n<ul class=\"flex flex-col gap-s\">\n<li class=\"ml-3xs pl-[15px] relative before:absolute before:w-[8px] before:h-[8px] before:bg-dark before:top-[8px] before:left-0 before:rounded-full\">Linux<\/li>\n<\/ul>\n<p><\/span><\/div>\n<\/div>\n<\/li>\n<li class=\"mb-m\">\n<div class=\"flex flex-col m:flex-row gap-s m:gap-xl\">\n<div class=\"text-h3 min-w-[244px] max-w-[244px]\">Anwendungsgebiet<\/div>\n<div class=\"flex flex-col gap-s\"><span class=\"\"><\/p>\n<ul class=\"flex flex-col gap-s\">\n<li class=\"ml-3xs pl-[15px] relative before:absolute before:w-[8px] before:h-[8px] before:bg-dark before:top-[8px] before:left-0 before:rounded-full\">Small Office<\/li>\n<\/ul>\n<p><\/span><\/div>\n<\/div>\n<\/li>\n<li class=\"mb-m\">\n<div class=\"flex flex-col m:flex-row gap-s m:gap-xl\">\n<div class=\"text-h3 min-w-[244px] max-w-[244px]\">Anzahl Einsch\u00fcbe intern<\/div>\n<div class=\"flex flex-col gap-s\"><span class=\"\"><\/p>\n<ul class=\"flex flex-col gap-s\">\n<li class=\"ml-3xs pl-[15px] relative before:absolute before:w-[8px] before:h-[8px] before:bg-dark before:top-[8px] before:left-0 before:rounded-full\">2 St<\/li>\n<\/ul>\n<p><\/span><\/div>\n<\/div>\n<\/li>\n<li class=\"mb-m\">\n<div class=\"flex flex-col m:flex-row gap-s m:gap-xl\">\n<div class=\"text-h3 min-w-[244px] max-w-[244px]\">externe Anschl\u00fcsse<\/div>\n<div class=\"flex flex-col gap-s\"><span class=\"\"><\/p>\n<ul class=\"flex flex-col gap-s\">\n<li class=\"ml-3xs pl-[15px] relative before:absolute before:w-[8px] before:h-[8px] before:bg-dark before:top-[8px] before:left-0 before:rounded-full\">Anzahl HDMI: 1 St<\/li>\n<li class=\"ml-3xs pl-[15px] relative before:absolute before:w-[8px] before:h-[8px] before:bg-dark before:top-[8px] before:left-0 before:rounded-full\">USB-Typ: <\/li>\n<div class=\"itemizedlist\">\n<ul class=\"flex flex-col gap-s\">\n<li class=\"ml-3xs pl-[15px] relative before:absolute before:w-[8px] before:h-[8px] before:bg-dark before:top-[8px] before:left-0 before:rounded-full\">USB 3.0<\/li>\n<li class=\"ml-3xs pl-[15px] relative before:absolute before:w-[8px] before:h-[8px] before:bg-dark before:top-[8px] before:left-0 before:rounded-full\">USB 2.0<\/li>\n<\/ul>\n<\/div>\n<li class=\"ml-3xs pl-[15px] relative before:absolute before:w-[8px] before:h-[8px] before:bg-dark before:top-[8px] before:left-0 before:rounded-full\">ext. Anschl\u00fcsse: LAN<\/li>\n<\/ul>\n<p><\/span><\/div>\n<\/div>\n<\/li>\n<li class=\"mb-m\">\n<div class=\"flex flex-col m:flex-row gap-s m:gap-xl\">\n<div class=\"text-h3 min-w-[244px] max-w-[244px]\">Arbeitsspeicher (RAM)<\/div>\n<div class=\"flex flex-col gap-s\"><span class=\"\"><\/p>\n<ul class=\"flex flex-col gap-s\">\n<li class=\"ml-3xs pl-[15px] relative before:absolute before:w-[8px] before:h-[8px] before:bg-dark before:top-[8px] before:left-0 before:rounded-full\">Arbeitsspeicher in GB: 8 GB<\/li>\n<li class=\"ml-3xs pl-[15px] relative before:absolute before:w-[8px] before:h-[8px] before:bg-dark before:top-[8px] before:left-0 before:rounded-full\">Arbeitsspeicher-Typ: DDR4<\/li>\n<\/ul>\n<p><\/span><\/div>\n<\/div>\n<\/li>\n<li class=\"mb-m\">\n<div class=\"flex flex-col m:flex-row gap-s m:gap-xl\">\n<div class=\"text-h3 min-w-[244px] max-w-[244px]\">Abmessungen \/ Gewicht<\/div>\n<div class=\"flex flex-col gap-s\"><span class=\"\"><\/p>\n<ul class=\"flex flex-col gap-s\">\n<li class=\"ml-3xs pl-[15px] relative before:absolute before:w-[8px] before:h-[8px] before:bg-dark before:top-[8px] before:left-0 before:rounded-full\">Breite: 105 mm<\/li>\n<li class=\"ml-3xs pl-[15px] relative before:absolute before:w-[8px] before:h-[8px] before:bg-dark before:top-[8px] before:left-0 before:rounded-full\">H\u00f6he: 168 mm<\/li>\n<li class=\"ml-3xs pl-[15px] relative before:absolute before:w-[8px] before:h-[8px] before:bg-dark before:top-[8px] before:left-0 before:rounded-full\">Tiefe: 226 mm<\/li>\n<li class=\"ml-3xs pl-[15px] relative before:absolute before:w-[8px] before:h-[8px] before:bg-dark before:top-[8px] before:left-0 before:rounded-full\">Gewicht: 1.6 kg<\/li>\n<\/ul>\n<p><\/span><\/div>\n<\/div>\n<\/li>\n<li class=\"mb-m\">\n<div class=\"flex flex-col m:flex-row gap-s m:gap-xl\">\n<div class=\"text-h3 min-w-[244px] max-w-[244px]\">Technische Eigenschaften<\/div>\n<div class=\"flex flex-col gap-s\"><span class=\"\"><\/p>\n<ul class=\"flex flex-col gap-s\">\n<li class=\"ml-3xs pl-[15px] relative before:absolute before:w-[8px] before:h-[8px] before:bg-dark before:top-[8px] before:left-0 before:rounded-full\">RAID Level: <\/li>\n<div class=\"itemizedlist\">\n<ul class=\"flex flex-col gap-s\">\n<li class=\"ml-3xs pl-[15px] relative before:absolute before:w-[8px] before:h-[8px] before:bg-dark before:top-[8px] before:left-0 before:rounded-full\">RAID 1<\/li>\n<li class=\"ml-3xs pl-[15px] relative before:absolute before:w-[8px] before:h-[8px] before:bg-dark before:top-[8px] before:left-0 before:rounded-full\">RAID 0<\/li>\n<\/ul>\n<\/div>\n<li class=\"ml-3xs pl-[15px] relative before:absolute before:w-[8px] before:h-[8px] before:bg-dark before:top-[8px] before:left-0 before:rounded-full\">Kompatibilit\u00e4t: Windows<\/li>\n<\/ul>\n<p><\/span><\/div>\n<\/div>\n<\/li>\n","protected":false},"excerpt":{"rendered":"<li class=\"bullet-list-item\">2.9GHz Intel Celeron N5095; 4 Kern-Prozessor<\/li>\n<li class=\"bullet-list-item\">8GB DDR4 RAM<\/li>\n<li class=\"bullet-list-item\">2x 2,5&#8243; und 3,5&#8243;,<\/li>\n<li class=\"bullet-list-item\">Bauform: Desktop<\/li>\n<p> Herstellernummer TS-264-8G + 2x WD60EFPX<\/p>","protected":false},"featured_media":52649,"comment_status":"open","ping_status":"closed","template":"","meta":{"_monsterinsights_skip_tracking":false,"_monsterinsights_sitenote_active":false,"_monsterinsights_sitenote_note":"","_monsterinsights_sitenote_category":0,"_uf_show_specific_survey":0,"_uf_disable_surveys":false},"product_brand":[],"product_cat":[509],"product_tag":[],"models":[],"years":[],"class_list":{"0":"post-52625","1":"product","2":"type-product","3":"status-publish","4":"has-post-thumbnail","6":"product_cat-nas-das","8":"first","9":"instock","10":"sale","11":"shipping-taxable","12":"purchasable","13":"product-type-simple"},"aioseo_notices":[],"acf":[],"_links":{"self":[{"href":"https:\/\/amannforg.com\/fr\/wp-json\/wp\/v2\/product\/52625","targetHints":{"allow":["GET"]}}],"collection":[{"href":"https:\/\/amannforg.com\/fr\/wp-json\/wp\/v2\/product"}],"about":[{"href":"https:\/\/amannforg.com\/fr\/wp-json\/wp\/v2\/types\/product"}],"replies":[{"embeddable":true,"href":"https:\/\/amannforg.com\/fr\/wp-json\/wp\/v2\/comments?post=52625"}],"version-history":[{"count":1,"href":"https:\/\/amannforg.com\/fr\/wp-json\/wp\/v2\/product\/52625\/revisions"}],"predecessor-version":[{"id":58294,"href":"https:\/\/amannforg.com\/fr\/wp-json\/wp\/v2\/product\/52625\/revisions\/58294"}],"wp:featuredmedia":[{"embeddable":true,"href":"https:\/\/amannforg.com\/fr\/wp-json\/wp\/v2\/media\/52649"}],"wp:attachment":[{"href":"https:\/\/amannforg.com\/fr\/wp-json\/wp\/v2\/media?parent=52625"}],"wp:term":[{"taxonomy":"product_brand","embeddable":true,"href":"https:\/\/amannforg.com\/fr\/wp-json\/wp\/v2\/product_brand?post=52625"},{"taxonomy":"product_cat","embeddable":true,"href":"https:\/\/amannforg.com\/fr\/wp-json\/wp\/v2\/product_cat?post=52625"},{"taxonomy":"product_tag","embeddable":true,"href":"https:\/\/amannforg.com\/fr\/wp-json\/wp\/v2\/product_tag?post=52625"},{"taxonomy":"models","embeddable":true,"href":"https:\/\/amannforg.com\/fr\/wp-json\/wp\/v2\/models?post=52625"},{"taxonomy":"years","embeddable":true,"href":"https:\/\/amannforg.com\/fr\/wp-json\/wp\/v2\/years?post=52625"}],"curies":[{"name":"wp","href":"https:\/\/api.w.org\/{rel}","templated":true}]}}