{"id":52789,"date":"2026-03-05T00:32:41","date_gmt":"2026-03-05T00:32:41","guid":{"rendered":"https:\/\/amannforg.com\/?post_type=product&#038;p=52789"},"modified":"2026-03-11T14:21:55","modified_gmt":"2026-03-11T14:21:55","slug":"qnap-qxp-32g2fc-hostbus-adapter-pcie-3-0-x8-low-profile","status":"publish","type":"product","link":"https:\/\/amannforg.com\/fr\/produit\/qnap-qxp-32g2fc-hostbus-adapter-pcie-3-0-x8-low-profile\/","title":{"rendered":"Qnap QXP-32G2FC &#8211; Hostbus-Adapter &#8211; PCIe 3.0 x8 Low-Profile"},"content":{"rendered":"<p class=\"mb-l\">F\u00fcgen Sie Ihr QNAP NAS zu Ihrer bestehenden Fibre Channel SAN-Umgebung mit einer budgetfreundlichen L\u00f6sung hinzu<\/p>\n<p class=\"mb-l\">Herk\u00f6mmliche Fibre Channel SAN (Storage Area Networks) sind geschlossene Netzwerkumgebungen, deren Ger\u00e4te oftmals teuer sind und gleichzeitig keine Flexibilit\u00e4t in der Bereitstellung bieten. QNAP stellt Dual-Port 16Gb\/32Gb Fibre Channel-Erweiterungskarten vor, die sich durch hohe Leistung, Zuverl\u00e4ssigkeit, Sicherheit und energieeffizienten Fibre Channel auszeichnen. Mit einer QNAP Fibre Channel-Karte in Ihrem QNAP NAS kann Ihr NAS zu einem erschwinglichen Preis in eine bestehende SAN-Umgebung integriert werden, um die Anforderungen an Hochleistungsspeicher und Sicherung zu erf\u00fcllen.<\/p>\n<p class=\"mb-l\">\n<div class=\"titlepage\">\n<h2 class=\"text-h3 mb-l\">QNAP NAS als eine Fibre Channel SAN-Speicherl\u00f6sung<\/h2>\n<\/div>\n<p class=\"mb-l\">Der Austausch von Fibre Channel-SAN-Umgebungen kann teuer und zeitaufw\u00e4ndig sein. Durch die Installation einer PCIe-basierten Fibre Channel-Karte auf einem QNAP NAS erh\u00e4lt Ihre bestehende SAN-Umgebung eine budgetfreundliche Speicher- oder Sicherungsl\u00f6sung. Ein QNAP NAS ist nicht nur erschwinglicher als herk\u00f6mmliche SAN-Ger\u00e4te, sondern bietet auch umfangreiche Unternehmensfunktionen, um Speicheranwendungen effizienter zu machen &#8211; zum Beispiel LUN-Snapshots, Qtier Auto-Tiering, SSD-Cache-Beschleunigung, hybride Cloud-Sicherungsl\u00f6sungen und vieles mehr. Das Fibre-Channel-f\u00e4hige QNAP NAS ist eine einheitliche Speicherl\u00f6sung, die SAN, NAS und Cloud Speicherfunktionen mit h\u00f6herer Kosteneffizienz und Anwendungsflexibilit\u00e4t bietet.<\/p>\n<li class=\"mb-m\">\n<div class=\"flex flex-col m:flex-row gap-s m:gap-xl\">\n<div class=\"text-h3 min-w-[244px] max-w-[244px]\">Zubeh\u00f6rkompabilit\u00e4t<\/div>\n<div class=\"flex flex-col gap-s\"><span class=\"\"><\/p>\n<ul class=\"flex flex-col gap-s\">\n<li class=\"ml-3xs pl-[15px] relative before:absolute before:w-[8px] before:h-[8px] before:bg-dark before:top-[8px] before:left-0 before:rounded-full\">Pr\u00fcfen Sie vor dem kauf die Kompatibilit\u00e4t anhand des Handbuches \/ Zubeh\u00f6rliste Ihres Hauptproduktes.<\/li>\n<\/ul>\n<p><\/span><\/div>\n<\/div>\n<\/li>\n","protected":false},"excerpt":{"rendered":"<li class=\"bullet-list-item\">Original QNAP Zubeh\u00f6rartikel<\/li>\n<li class=\"bullet-list-item\">Herstellerteilenummer \/ SKU: QXP-32G2FC<\/li>\n<li class=\"bullet-list-item\">EAN: 4713213516324<\/li>\n<li class=\"bullet-list-item\">Pr\u00fcfen Sie vor dem kauf die Kompatibilit\u00e4t anhand des Handbuches \/ Zubeh\u00f6rliste Ihres Hauptproduktes.<\/li>\n<p> Herstellernummer QXP-32G2FC<\/p>","protected":false},"featured_media":0,"comment_status":"open","ping_status":"closed","template":"","meta":{"_monsterinsights_skip_tracking":false,"_monsterinsights_sitenote_active":false,"_monsterinsights_sitenote_note":"","_monsterinsights_sitenote_category":0,"_uf_show_specific_survey":0,"_uf_disable_surveys":false},"product_brand":[],"product_cat":[509],"product_tag":[],"models":[],"years":[],"class_list":{"0":"post-52789","1":"product","2":"type-product","3":"status-publish","5":"product_cat-nas-das","7":"first","8":"instock","9":"sale","10":"shipping-taxable","11":"purchasable","12":"product-type-simple"},"aioseo_notices":[],"acf":[],"_links":{"self":[{"href":"https:\/\/amannforg.com\/fr\/wp-json\/wp\/v2\/product\/52789","targetHints":{"allow":["GET"]}}],"collection":[{"href":"https:\/\/amannforg.com\/fr\/wp-json\/wp\/v2\/product"}],"about":[{"href":"https:\/\/amannforg.com\/fr\/wp-json\/wp\/v2\/types\/product"}],"replies":[{"embeddable":true,"href":"https:\/\/amannforg.com\/fr\/wp-json\/wp\/v2\/comments?post=52789"}],"version-history":[{"count":1,"href":"https:\/\/amannforg.com\/fr\/wp-json\/wp\/v2\/product\/52789\/revisions"}],"predecessor-version":[{"id":58338,"href":"https:\/\/amannforg.com\/fr\/wp-json\/wp\/v2\/product\/52789\/revisions\/58338"}],"wp:attachment":[{"href":"https:\/\/amannforg.com\/fr\/wp-json\/wp\/v2\/media?parent=52789"}],"wp:term":[{"taxonomy":"product_brand","embeddable":true,"href":"https:\/\/amannforg.com\/fr\/wp-json\/wp\/v2\/product_brand?post=52789"},{"taxonomy":"product_cat","embeddable":true,"href":"https:\/\/amannforg.com\/fr\/wp-json\/wp\/v2\/product_cat?post=52789"},{"taxonomy":"product_tag","embeddable":true,"href":"https:\/\/amannforg.com\/fr\/wp-json\/wp\/v2\/product_tag?post=52789"},{"taxonomy":"models","embeddable":true,"href":"https:\/\/amannforg.com\/fr\/wp-json\/wp\/v2\/models?post=52789"},{"taxonomy":"years","embeddable":true,"href":"https:\/\/amannforg.com\/fr\/wp-json\/wp\/v2\/years?post=52789"}],"curies":[{"name":"wp","href":"https:\/\/api.w.org\/{rel}","templated":true}]}}