{"id":55009,"date":"2026-03-05T01:58:08","date_gmt":"2026-03-05T01:58:08","guid":{"rendered":"https:\/\/amannforg.com\/?post_type=product&#038;p=55009"},"modified":"2026-03-11T14:21:55","modified_gmt":"2026-03-11T14:21:55","slug":"lg-ultrafine-40u990a-w-40-zoll-curved-nano-ips-led-219-120-hz-design-monitor","status":"publish","type":"product","link":"https:\/\/amannforg.com\/fr\/produit\/lg-ultrafine-40u990a-w-40-zoll-curved-nano-ips-led-219-120-hz-design-monitor\/","title":{"rendered":"LG UltraFine 40U990A-W 40 Zoll Curved Nano IPS LED 21:9 120 Hz Design Monitor"},"content":{"rendered":"<div class=\"titlepage\">\n<h2 class=\"text-h3 mb-l\">LG UltraFine 40U990A-W 100,8cm (40&#8243;) WUHD IPS Curved Design Monitor 21:9 HDMI\/DP\/TB5 PD96W\/USB-C 120Hz 5ms<\/h2>\n<\/div>\n<p class=\"mb-l\">Der Curved UltraWide Monitor 40U990A-W zeigt brillante Bildqualit\u00e4t im Curved-Format. Sein gekr\u00fcmmtes (2.500 R) Display stellt Inhalte auf einer Bilddiagonalen von 40 Zoll (100,86 Zentimeter) mit bis zu 450 cd\/m\u00b2 Helligkeit beeindruckend kontrastreich dar. Das Panel mit Nano IPS Black Technologie erzeugt lebendige Farben und tiefe Schwarzt\u00f6ne in 5K2K-Aufl\u00f6sung (5.120 x 2.160) \u2013 zus\u00e4tzlich verbessert durch HDR10 und VESA DisplayHDR\u2122 600. Mit seiner gro\u00dfen Anschlussvielfalt inklusive Thunderbolt 5 samt Stromversorgung und Daisy-Chain-Unterst\u00fctzung f\u00fcr Multi-Monitor-Setups f\u00fcgt sich der 40U990A-W perfekt in jedes Setup ein. Zu den weiteren Highlights geh\u00f6ren PBP- und PIP-Funktionalit\u00e4t, ein integrierter KVM-Switch sowie ein RJ-45-Port und die M\u00f6glichkeit zur Hardware-Kalibrierung.<\/p>\n<div class=\"itemizedlist\">\n<ul class=\"bullet-list\">\n<li class=\"bullet-list-item\">100,86 cm (40\u201c) Monitor mit Nano IPS Black<\/li>\n<li class=\"bullet-list-item\">Der Curved-Formfaktor (2.500R) l\u00e4sst dich tief in Inhalte eintauchen. Die perfekte Immersion<\/li>\n<li class=\"bullet-list-item\">Brillante Farben und Kontraste durch VESA DisplayHDR\u2122 600<\/li>\n<li class=\"bullet-list-item\">Nano IPS Black bietet satte Kontraste, lebendige Farben und tiefere Schwarzt\u00f6ne \u2013 f\u00fcr eine beeindruckende Bildqualit\u00e4t auch bei wenig Umgebungslicht<\/li>\n<li class=\"bullet-list-item\">Die sehr hohe 5K2K-Aufl\u00f6sung (5.120 x 2.160 Pixel) erm\u00f6glicht eine beeindruckend hohe Detailsch\u00e4rfe und eine gro\u00dfe Arbeitsfl\u00e4che. Ideal f\u00fcr Kreativarbeit geeignet<\/li>\n<li class=\"bullet-list-item\">Flexibler Anschluss von Endger\u00e4ten: 2 x HDMI 2.1, 1 x DisplayPort 2.1, 2 x Thunderbolt 5.0 (1 in, 1 out, max. 96 W Ladeleistung), 5 x USB-C (1 up, 4 down), 2 x USB-A 3.2, 1 x RJ-45 und Headset-Anschluss<\/li>\n<li class=\"bullet-list-item\">Starke Farbdarstellung mit 99% DCI-P3 und 450 cd\/m\u00b2 Helligkeit<\/li>\n<li class=\"bullet-list-item\">Ergonomischer Standfu\u00df mit Verstellbarkeit von H\u00f6he, Neigung und Drehung<\/li>\n<li class=\"bullet-list-item\">Effizientes Multitasking durch Picture-in-Picture-Modus \/ und Picture-by-Picture-ModiIntegrierter KVM-Switch f\u00fcr die Nutzung mehrerer Computer mit einer Kombination aus Tastatur und Maus<\/li>\n<li class=\"bullet-list-item\">Soundsystem mit 2 x 10 Watt Leistung und Rich Bass f\u00fcr starken Klang<\/li>\n<li class=\"bullet-list-item\">Daisy-Chain-Funktionalit\u00e4t f\u00fcr den direkten Anschluss eines weiteren Monitors. Diese Verkettung erm\u00f6glicht Multi-Monitor-Setups ohne Kabelgewirr<\/li>\n<\/ul>\n<\/div>\n<p><i><\/p>\n<div class=\"titlepage\">\n<h2 class=\"text-h3 mb-l\">5K2K-Display. Sch\u00e4rfer, breiter, klarer.<\/h2>\n<\/div>\n<p><\/i><\/p>\n<p class=\"mb-l\">Das 5K2K Nano IPS Black Display (5.120 x 2.160) bietet 33% mehr Pixel als Standard 4K-UHD (3.840 x 2.160), was ein breiteres Display zum Anzeigen von mehr Inhalten bietet und das Wechseln zwischen Programmen reduziert. Seine hohe Aufl\u00f6sung liefert gestochen scharfe Bilder und pr\u00e4zise Details, wodurch es sich f\u00fcr professionelle Videobearbeitung, Grafikdesign und alle visuellen Arbeiten eignet, bei denen Genauigkeit entscheidend ist. Die lebendige Klarheit erm\u00f6glicht es dir, selbst feinste Details zu erkennen, ohne st\u00e4ndiges Zoomen oder Verschieben.<\/p>\n<p><i><\/p>\n<div class=\"titlepage\">\n<h2 class=\"text-h3 mb-l\">Jede Farbnuance, vollst\u00e4ndig realisiert<\/h2>\n<\/div>\n<p><\/i><\/p>\n<p class=\"mb-l\">VESA DisplayHDR\u2122 600 bietet helle Highlights, tiefe Schatten &amp; eine pr\u00e4zise Farbdarstellung f\u00fcr kreative Profis. Es verbessert Texturen, Elemente &amp; das nat\u00fcrliche Zusammenspiel von Licht und Schatten.<\/p>\n<p><i><\/p>\n<div class=\"titlepage\">\n<h2 class=\"text-h3 mb-l\">Das gesamte Farbspektrum, das du dir vorgestellt hast <\/h2>\n<\/div>\n<p><\/i><\/p>\n<p class=\"mb-l\">99% (Typ.) des DCI-P3-Farbraums bieten einen um 25% gr\u00f6\u00dferen Farbraum als sRGB und decken fast alle Farben ab, die in Druck-, Digital- und Broadcast-Inhalten verwendet werden. Von lebendigen bis hin zu subtilen Farbt\u00f6nen, pr\u00e4zise Farbwiedergabe, die ein realistisches Video und eine Fotoausgabe erm\u00f6glicht.<\/p>\n<p><i><\/p>\n<div class=\"titlepage\">\n<h2 class=\"text-h3 mb-l\">2.000:1 tieferes Schwarz und satte Schatten<\/h2>\n<\/div>\n<p><\/i><\/p>\n<p class=\"mb-l\">Da das Kontrastverh\u00e4ltnis die genaue Farbdarstellung beeinflusst, verbessert Nano IPS Black das Kontrastverh\u00e4ltnis vom Standard-IPS 1.000:1 zu 2.000:1 und liefert lebendige Farben und sch\u00e4rfere Details in Objekten, Schatten und Hintergr\u00fcnden. Erlebe tiefere Schwarzt\u00f6ne und sattere Schatten, die auf dem Bildschirm von Rand zu Rand konsistente Farbausdr\u00fccke beibehalten und einen erh\u00f6hten Realismus, der deine visuellen Ergebnisse auf nat\u00fcrliche Weise vermittelt.<\/p>\n<p><i><\/p>\n<div class=\"titlepage\">\n<h2 class=\"text-h3 mb-l\">Sch\u00fctze deine Augen, bewahre jedes Detail<\/h2>\n<\/div>\n<p><\/i><\/p>\n<p class=\"mb-l\">Dieses Display ist mit der 5-Star Eye Comfort-Bewertung des T\u00dcV Rheinland verifiziert: neuer Augenkomfort 3.0, der die hohen Standards f\u00fcr Augenkomfort erf\u00fcllt. Mit hoher Bildwiederholrate, pr\u00e4ziser Farbwiedergabe und Low-Blue-Light-Technologie, die RGB-Anpassungen nutzt, um sch\u00e4dliche Emissionen zu reduzieren, ganz ohne Einbu\u00dfen bei der Farbqualit\u00e4t.<\/p>\n<p><i><\/p>\n<div class=\"titlepage\">\n<h2 class=\"text-h3 mb-l\">Schneller Wechsel f\u00fcrs kreative Arbeiten<\/h2>\n<\/div>\n<p><\/i><\/p>\n<p class=\"mb-l\">Die LG Switch App optimiert deinen Monitor f\u00fcr Arbeit und Entertainment. Passe Bildqualit\u00e4t und Helligkeit m\u00fchelos mit dem personalisierten Picture Wizard an. Zus\u00e4tzlich kannst du den Bildschirm in bis zu 11 Ansichten aufteilen und deine bevorzugte Videokonferenz-Plattform, f\u00fcr noch mehr Komfort, direkt starten.<\/p>\n<p><i><\/p>\n<div class=\"titlepage\">\n<h2 class=\"text-h3 mb-l\">Minimalistisches, elegantes Design<\/h2>\n<\/div>\n<p><\/i><\/p>\n<p class=\"mb-l\">Ein auf 3 Seiten nahezu randloses Design und \u00fcbersichtlichem L-St\u00e4nder, mit vollst\u00e4ndig verstellbarem Fu\u00df mit Dreh-, Neigungs- und H\u00f6henverstellfunktion. Es wurde entwickelt, um Platz auf dem Schreibtisch zu sparen, deinen Workflow effizient zu gestalten und kann dir dabei helfen, l\u00e4nger fokussiert zu bleiben, w\u00e4hrend du Videoclips bearbeitest und verschiedene Fotos retuschierst.<\/p>\n<li class=\"mb-m\">\n<div class=\"flex flex-col m:flex-row gap-s m:gap-xl\">\n<div class=\"text-h3 min-w-[244px] max-w-[244px]\">Strom-\/ Ladeanschluss<\/div>\n<div class=\"flex flex-col gap-s\"><span class=\"\"><\/p>\n<ul class=\"flex flex-col gap-s\">\n<li class=\"ml-3xs pl-[15px] relative before:absolute before:w-[8px] before:h-[8px] before:bg-dark before:top-[8px] before:left-0 before:rounded-full\">Schukostecker (Typ F, CEE 7\/4)<\/li>\n<\/ul>\n<p><\/span><\/div>\n<\/div>\n<\/li>\n<li class=\"mb-m\">\n<div class=\"flex flex-col m:flex-row gap-s m:gap-xl\">\n<div class=\"text-h3 min-w-[244px] max-w-[244px]\">Zertifikate \/ Garantie<\/div>\n<div class=\"flex flex-col gap-s\"><span class=\"\"><\/p>\n<ul class=\"flex flex-col gap-s\">\n<li class=\"ml-3xs pl-[15px] relative before:absolute before:w-[8px] before:h-[8px] before:bg-dark before:top-[8px] before:left-0 before:rounded-full\">Energieeffizienzklasse: F<\/li>\n<li class=\"ml-3xs pl-[15px] relative before:absolute before:w-[8px] before:h-[8px] before:bg-dark before:top-[8px] before:left-0 before:rounded-full\">gewichteter Energieverbrauch 1000h: 45 kWh<\/li>\n<\/ul>\n<p><\/span><\/div>\n<\/div>\n<\/li>\n<li class=\"mb-m\">\n<div class=\"flex flex-col m:flex-row gap-s m:gap-xl\">\n<div class=\"text-h3 min-w-[244px] max-w-[244px]\">Display<\/div>\n<div class=\"flex flex-col gap-s\"><span class=\"\"><\/p>\n<ul class=\"flex flex-col gap-s\">\n<li class=\"ml-3xs pl-[15px] relative before:absolute before:w-[8px] before:h-[8px] before:bg-dark before:top-[8px] before:left-0 before:rounded-full\">Displaygr\u00f6\u00dfe in cm: 100.8 cm<\/li>\n<li class=\"ml-3xs pl-[15px] relative before:absolute before:w-[8px] before:h-[8px] before:bg-dark before:top-[8px] before:left-0 before:rounded-full\">Displaygr\u00f6\u00dfe in Zoll: 40 Zoll<\/li>\n<li class=\"ml-3xs pl-[15px] relative before:absolute before:w-[8px] before:h-[8px] before:bg-dark before:top-[8px] before:left-0 before:rounded-full\">Aufl\u00f6sung: 5120 x 2160<\/li>\n<li class=\"ml-3xs pl-[15px] relative before:absolute before:w-[8px] before:h-[8px] before:bg-dark before:top-[8px] before:left-0 before:rounded-full\">Bildformat: 21:9<\/li>\n<li class=\"ml-3xs pl-[15px] relative before:absolute before:w-[8px] before:h-[8px] before:bg-dark before:top-[8px] before:left-0 before:rounded-full\">Displaytechnologie: IPS<\/li>\n<li class=\"ml-3xs pl-[15px] relative before:absolute before:w-[8px] before:h-[8px] before:bg-dark before:top-[8px] before:left-0 before:rounded-full\">Paneltyp: Nano IPS<\/li>\n<li class=\"ml-3xs pl-[15px] relative before:absolute before:w-[8px] before:h-[8px] before:bg-dark before:top-[8px] before:left-0 before:rounded-full\">Hintergrundbeleuchtung: LED<\/li>\n<li class=\"ml-3xs pl-[15px] relative before:absolute before:w-[8px] before:h-[8px] before:bg-dark before:top-[8px] before:left-0 before:rounded-full\">Betrachtungswinkel h\/v: 178\u00b0\/178\u00b0<\/li>\n<li class=\"ml-3xs pl-[15px] relative before:absolute before:w-[8px] before:h-[8px] before:bg-dark before:top-[8px] before:left-0 before:rounded-full\">Displayoberfl\u00e4che: entspiegelt<\/li>\n<li class=\"ml-3xs pl-[15px] relative before:absolute before:w-[8px] before:h-[8px] before:bg-dark before:top-[8px] before:left-0 before:rounded-full\">Kontrast (statisch): 2000:1<\/li>\n<li class=\"ml-3xs pl-[15px] relative before:absolute before:w-[8px] before:h-[8px] before:bg-dark before:top-[8px] before:left-0 before:rounded-full\">Frequenz: 120 Hz<\/li>\n<li class=\"ml-3xs pl-[15px] relative before:absolute before:w-[8px] before:h-[8px] before:bg-dark before:top-[8px] before:left-0 before:rounded-full\">Variable Synchronisierung: <\/li>\n<div class=\"itemizedlist\">\n<ul class=\"flex flex-col gap-s\">\n<li class=\"ml-3xs pl-[15px] relative before:absolute before:w-[8px] before:h-[8px] before:bg-dark before:top-[8px] before:left-0 before:rounded-full\">AMD FreeSync (Adaptive Sync)<\/li>\n<li class=\"ml-3xs pl-[15px] relative before:absolute before:w-[8px] before:h-[8px] before:bg-dark before:top-[8px] before:left-0 before:rounded-full\">AMD FreeSync Premium<\/li>\n<\/ul>\n<\/div>\n<li class=\"ml-3xs pl-[15px] relative before:absolute before:w-[8px] before:h-[8px] before:bg-dark before:top-[8px] before:left-0 before:rounded-full\">Reaktionszeit: 5 ms<\/li>\n<li class=\"ml-3xs pl-[15px] relative before:absolute before:w-[8px] before:h-[8px] before:bg-dark before:top-[8px] before:left-0 before:rounded-full\">Helligkeit: 600 Nit<\/li>\n<li class=\"ml-3xs pl-[15px] relative before:absolute before:w-[8px] before:h-[8px] before:bg-dark before:top-[8px] before:left-0 before:rounded-full\">unterst\u00fctzte HDR-Standards: <\/li>\n<div class=\"itemizedlist\">\n<ul class=\"flex flex-col gap-s\">\n<li class=\"ml-3xs pl-[15px] relative before:absolute before:w-[8px] before:h-[8px] before:bg-dark before:top-[8px] before:left-0 before:rounded-full\">HDR 600<\/li>\n<li class=\"ml-3xs pl-[15px] relative before:absolute before:w-[8px] before:h-[8px] before:bg-dark before:top-[8px] before:left-0 before:rounded-full\">HDR 10<\/li>\n<\/ul>\n<\/div>\n<li class=\"ml-3xs pl-[15px] relative before:absolute before:w-[8px] before:h-[8px] before:bg-dark before:top-[8px] before:left-0 before:rounded-full\">Farbtiefe: 10bit<\/li>\n<li class=\"ml-3xs pl-[15px] relative before:absolute before:w-[8px] before:h-[8px] before:bg-dark before:top-[8px] before:left-0 before:rounded-full\">Farbraumabdeckung DCI-P3: 99 %<\/li>\n<li class=\"ml-3xs pl-[15px] relative before:absolute before:w-[8px] before:h-[8px] before:bg-dark before:top-[8px] before:left-0 before:rounded-full\">Displayeigenschaften: gebogen (curved)<\/li>\n<li class=\"ml-3xs pl-[15px] relative before:absolute before:w-[8px] before:h-[8px] before:bg-dark before:top-[8px] before:left-0 before:rounded-full\">weitere Displayfunktionen: <\/li>\n<div class=\"itemizedlist\">\n<ul class=\"flex flex-col gap-s\">\n<li class=\"ml-3xs pl-[15px] relative before:absolute before:w-[8px] before:h-[8px] before:bg-dark before:top-[8px] before:left-0 before:rounded-full\">KVM Switch<\/li>\n<li class=\"ml-3xs pl-[15px] relative before:absolute before:w-[8px] before:h-[8px] before:bg-dark before:top-[8px] before:left-0 before:rounded-full\">PiP Mode (Picture-in-Picture)<\/li>\n<li class=\"ml-3xs pl-[15px] relative before:absolute before:w-[8px] before:h-[8px] before:bg-dark before:top-[8px] before:left-0 before:rounded-full\">Hardwarekalibrierung<\/li>\n<li class=\"ml-3xs pl-[15px] relative before:absolute before:w-[8px] before:h-[8px] before:bg-dark before:top-[8px] before:left-0 before:rounded-full\">Werkskalibrierung<\/li>\n<\/ul>\n<\/div>\n<li class=\"ml-3xs pl-[15px] relative before:absolute before:w-[8px] before:h-[8px] before:bg-dark before:top-[8px] before:left-0 before:rounded-full\">Biegungsradius in mm: 2500 mm<\/li>\n<\/ul>\n<p><\/span><\/div>\n<\/div>\n<\/li>\n<li class=\"mb-m\">\n<div class=\"flex flex-col m:flex-row gap-s m:gap-xl\">\n<div class=\"text-h3 min-w-[244px] max-w-[244px]\">externe Anschl\u00fcsse<\/div>\n<div class=\"flex flex-col gap-s\"><span class=\"\"><\/p>\n<ul class=\"flex flex-col gap-s\">\n<li class=\"ml-3xs pl-[15px] relative before:absolute before:w-[8px] before:h-[8px] before:bg-dark before:top-[8px] before:left-0 before:rounded-full\">Anzahl Displayport: 1 St<\/li>\n<li class=\"ml-3xs pl-[15px] relative before:absolute before:w-[8px] before:h-[8px] before:bg-dark before:top-[8px] before:left-0 before:rounded-full\">Anzahl HDMI: 2 St<\/li>\n<li class=\"ml-3xs pl-[15px] relative before:absolute before:w-[8px] before:h-[8px] before:bg-dark before:top-[8px] before:left-0 before:rounded-full\">HDMI-Standard: HDMI 2.1<\/li>\n<li class=\"ml-3xs pl-[15px] relative before:absolute before:w-[8px] before:h-[8px] before:bg-dark before:top-[8px] before:left-0 before:rounded-full\">Anzahl Thunderbolt 5: 1 St<\/li>\n<li class=\"ml-3xs pl-[15px] relative before:absolute before:w-[8px] before:h-[8px] before:bg-dark before:top-[8px] before:left-0 before:rounded-full\">USB-Typ: <\/li>\n<div class=\"itemizedlist\">\n<ul class=\"flex flex-col gap-s\">\n<li class=\"ml-3xs pl-[15px] relative before:absolute before:w-[8px] before:h-[8px] before:bg-dark before:top-[8px] before:left-0 before:rounded-full\">USB 3.1<\/li>\n<li class=\"ml-3xs pl-[15px] relative before:absolute before:w-[8px] before:h-[8px] before:bg-dark before:top-[8px] before:left-0 before:rounded-full\">USB-Typ-C<\/li>\n<\/ul>\n<\/div>\n<li class=\"ml-3xs pl-[15px] relative before:absolute before:w-[8px] before:h-[8px] before:bg-dark before:top-[8px] before:left-0 before:rounded-full\">Anzahl USB 3.1: 2 St<\/li>\n<li class=\"ml-3xs pl-[15px] relative before:absolute before:w-[8px] before:h-[8px] before:bg-dark before:top-[8px] before:left-0 before:rounded-full\">Anzahl USB-C: 3 St<\/li>\n<li class=\"ml-3xs pl-[15px] relative before:absolute before:w-[8px] before:h-[8px] before:bg-dark before:top-[8px] before:left-0 before:rounded-full\">Audio-Ausg\u00e4nge: Audio-Ausgang<\/li>\n<li class=\"ml-3xs pl-[15px] relative before:absolute before:w-[8px] before:h-[8px] before:bg-dark before:top-[8px] before:left-0 before:rounded-full\">ext. Anschl\u00fcsse: <\/li>\n<div class=\"itemizedlist\">\n<ul class=\"flex flex-col gap-s\">\n<li class=\"ml-3xs pl-[15px] relative before:absolute before:w-[8px] before:h-[8px] before:bg-dark before:top-[8px] before:left-0 before:rounded-full\">HDMI<\/li>\n<li class=\"ml-3xs pl-[15px] relative before:absolute before:w-[8px] before:h-[8px] before:bg-dark before:top-[8px] before:left-0 before:rounded-full\">Displayport<\/li>\n<li class=\"ml-3xs pl-[15px] relative before:absolute before:w-[8px] before:h-[8px] before:bg-dark before:top-[8px] before:left-0 before:rounded-full\">DisplayPort \u00fcber Typ C<\/li>\n<li class=\"ml-3xs pl-[15px] relative before:absolute before:w-[8px] before:h-[8px] before:bg-dark before:top-[8px] before:left-0 before:rounded-full\">Thunderbolt 5<\/li>\n<li class=\"ml-3xs pl-[15px] relative before:absolute before:w-[8px] before:h-[8px] before:bg-dark before:top-[8px] before:left-0 before:rounded-full\">Thunderbolt  Daisy Chain<\/li>\n<\/ul>\n<\/div>\n<li class=\"ml-3xs pl-[15px] relative before:absolute before:w-[8px] before:h-[8px] before:bg-dark before:top-[8px] before:left-0 before:rounded-full\">Kopfh\u00f6rer-Anschluss: Kopfhoereranschluss<\/li>\n<\/ul>\n<p><\/span><\/div>\n<\/div>\n<\/li>\n<li class=\"mb-m\">\n<div class=\"flex flex-col m:flex-row gap-s m:gap-xl\">\n<div class=\"text-h3 min-w-[244px] max-w-[244px]\">VESA Norm<\/div>\n<div class=\"flex flex-col gap-s\"><span class=\"\"><\/p>\n<ul class=\"flex flex-col gap-s\">\n<li class=\"ml-3xs pl-[15px] relative before:absolute before:w-[8px] before:h-[8px] before:bg-dark before:top-[8px] before:left-0 before:rounded-full\">100 x 100 mm<\/li>\n<\/ul>\n<p><\/span><\/div>\n<\/div>\n<\/li>\n<li class=\"mb-m\">\n<div class=\"flex flex-col m:flex-row gap-s m:gap-xl\">\n<div class=\"text-h3 min-w-[244px] max-w-[244px]\">Technische Eigenschaften<\/div>\n<div class=\"flex flex-col gap-s\"><span class=\"\"><\/p>\n<ul class=\"flex flex-col gap-s\">\n<li class=\"ml-3xs pl-[15px] relative before:absolute before:w-[8px] before:h-[8px] before:bg-dark before:top-[8px] before:left-0 before:rounded-full\">sonstige Eigenschaften: <\/li>\n<div class=\"itemizedlist\">\n<ul class=\"flex flex-col gap-s\">\n<li class=\"ml-3xs pl-[15px] relative before:absolute before:w-[8px] before:h-[8px] before:bg-dark before:top-[8px] before:left-0 before:rounded-full\">Slim Bezel<\/li>\n<li class=\"ml-3xs pl-[15px] relative before:absolute before:w-[8px] before:h-[8px] before:bg-dark before:top-[8px] before:left-0 before:rounded-full\">Standby-Modus<\/li>\n<\/ul>\n<\/div>\n<li class=\"ml-3xs pl-[15px] relative before:absolute before:w-[8px] before:h-[8px] before:bg-dark before:top-[8px] before:left-0 before:rounded-full\">Ergonomie: <\/li>\n<div class=\"itemizedlist\">\n<ul class=\"flex flex-col gap-s\">\n<li class=\"ml-3xs pl-[15px] relative before:absolute before:w-[8px] before:h-[8px] before:bg-dark before:top-[8px] before:left-0 before:rounded-full\">neigbar<\/li>\n<li class=\"ml-3xs pl-[15px] relative before:absolute before:w-[8px] before:h-[8px] before:bg-dark before:top-[8px] before:left-0 before:rounded-full\">schwenkbar<\/li>\n<\/ul>\n<\/div>\n<li class=\"ml-3xs pl-[15px] relative before:absolute before:w-[8px] before:h-[8px] before:bg-dark before:top-[8px] before:left-0 before:rounded-full\">H\u00f6henverstellbar bis: 130 mm<\/li>\n<\/ul>\n<p><\/span><\/div>\n<\/div>\n<\/li>\n<li class=\"mb-m\">\n<div class=\"flex flex-col m:flex-row gap-s m:gap-xl\">\n<div class=\"text-h3 min-w-[244px] max-w-[244px]\">Farbe<\/div>\n<div class=\"flex flex-col gap-s\"><span class=\"\"><\/p>\n<ul class=\"flex flex-col gap-s\">\n<li class=\"ml-3xs pl-[15px] relative before:absolute before:w-[8px] before:h-[8px] before:bg-dark before:top-[8px] before:left-0 before:rounded-full\">Wei\u00df<\/li>\n<\/ul>\n<p><\/span><\/div>\n<\/div>\n<\/li>\n<li class=\"mb-m\">\n<div class=\"flex flex-col m:flex-row gap-s m:gap-xl\">\n<div class=\"text-h3 min-w-[244px] max-w-[244px]\">Lieferumfang<\/div>\n<div class=\"flex flex-col gap-s\"><span class=\"\"><\/p>\n<ul class=\"flex flex-col gap-s\">\n<li class=\"ml-3xs pl-[15px] relative before:absolute before:w-[8px] before:h-[8px] before:bg-dark before:top-[8px] before:left-0 before:rounded-full\">Signalkabel<\/li>\n<li class=\"ml-3xs pl-[15px] relative before:absolute before:w-[8px] before:h-[8px] before:bg-dark before:top-[8px] before:left-0 before:rounded-full\">Stromkabel<\/li>\n<li class=\"ml-3xs pl-[15px] relative before:absolute before:w-[8px] before:h-[8px] before:bg-dark before:top-[8px] before:left-0 before:rounded-full\">Benutzerhandbuch<\/li>\n<li class=\"ml-3xs pl-[15px] relative before:absolute before:w-[8px] before:h-[8px] before:bg-dark before:top-[8px] before:left-0 before:rounded-full\">Handbuch<\/li>\n<\/ul>\n<p><\/span><\/div>\n<\/div>\n<\/li>\n<li class=\"mb-m\">\n<div class=\"flex flex-col m:flex-row gap-s m:gap-xl\">\n<div class=\"text-h3 min-w-[244px] max-w-[244px]\">Audio<\/div>\n<div class=\"flex flex-col gap-s\"><span class=\"\"><\/p>\n<ul class=\"flex flex-col gap-s\">\n<li class=\"ml-3xs pl-[15px] relative before:absolute before:w-[8px] before:h-[8px] before:bg-dark before:top-[8px] before:left-0 before:rounded-full\">Lautsprecherleistung: 10 W<\/li>\n<li class=\"ml-3xs pl-[15px] relative before:absolute before:w-[8px] before:h-[8px] before:bg-dark before:top-[8px] before:left-0 before:rounded-full\">Anzahl Lautsprecher: 2 St<\/li>\n<\/ul>\n<p><\/span><\/div>\n<\/div>\n<\/li>\n<li class=\"mb-m\">\n<div class=\"flex flex-col m:flex-row gap-s m:gap-xl\">\n<div class=\"text-h3 min-w-[244px] max-w-[244px]\">Abmessungen \/ Gewicht<\/div>\n<div class=\"flex flex-col gap-s\"><span class=\"\"><\/p>\n<ul class=\"flex flex-col gap-s\">\n<li class=\"ml-3xs pl-[15px] relative before:absolute before:w-[8px] before:h-[8px] before:bg-dark before:top-[8px] before:left-0 before:rounded-full\">Breite: 947.7 mm<\/li>\n<li class=\"ml-3xs pl-[15px] relative before:absolute before:w-[8px] before:h-[8px] before:bg-dark before:top-[8px] before:left-0 before:rounded-full\">H\u00f6he: 614.3 mm<\/li>\n<li class=\"ml-3xs pl-[15px] relative before:absolute before:w-[8px] before:h-[8px] before:bg-dark before:top-[8px] before:left-0 before:rounded-full\">Tiefe: 260 mm<\/li>\n<li class=\"ml-3xs pl-[15px] relative before:absolute before:w-[8px] before:h-[8px] before:bg-dark before:top-[8px] before:left-0 before:rounded-full\">Gewicht: 14.1 kg<\/li>\n<li class=\"ml-3xs pl-[15px] relative before:absolute before:w-[8px] before:h-[8px] before:bg-dark before:top-[8px] before:left-0 before:rounded-full\">H\u00f6he ohne Standfu\u00df: 419.8 mm<\/li>\n<li class=\"ml-3xs pl-[15px] relative before:absolute before:w-[8px] before:h-[8px] before:bg-dark before:top-[8px] before:left-0 before:rounded-full\">Tiefe ohne Standfu\u00df: 106.3 mm<\/li>\n<\/ul>\n<p><\/span><\/div>\n<\/div>\n<\/li>\n","protected":false},"excerpt":{"rendered":"<li class=\"bullet-list-item\">Energieeffizienzklasse: F<\/li>\n<li class=\"bullet-list-item\">100.8 cm (40 Zoll), 5120 x 2160 (21:9), Curved<\/li>\n<li class=\"bullet-list-item\">Nano IPS Panel, entspiegelt, 120 Hz, HDR 600HDR 10, Reaktionszeit 5 ms (G2G)<\/li>\n<li class=\"bullet-list-item\">1x DP, 2x HDMI, 1x Thunderbolt 5 (PD96W), 3x USB-C, 1x RJ-45<\/li>\n<li class=\"bullet-list-item\">H\u00f6henverstellbar, Neigbar, Lichtsensor, KVM-Switch, VESA 100 x 100 mm<\/li>\n<p> Herstellernummer 40U990A-W.AEU<\/p>","protected":false},"featured_media":55010,"comment_status":"open","ping_status":"closed","template":"","meta":{"_monsterinsights_skip_tracking":false,"_monsterinsights_sitenote_active":false,"_monsterinsights_sitenote_note":"","_monsterinsights_sitenote_category":0,"_uf_show_specific_survey":0,"_uf_disable_surveys":false},"product_brand":[],"product_cat":[510],"product_tag":[],"models":[],"years":[],"class_list":{"0":"post-55009","1":"product","2":"type-product","3":"status-publish","4":"has-post-thumbnail","6":"product_cat-monitore","8":"first","9":"instock","10":"sale","11":"shipping-taxable","12":"purchasable","13":"product-type-simple"},"aioseo_notices":[],"acf":[],"_links":{"self":[{"href":"https:\/\/amannforg.com\/fr\/wp-json\/wp\/v2\/product\/55009","targetHints":{"allow":["GET"]}}],"collection":[{"href":"https:\/\/amannforg.com\/fr\/wp-json\/wp\/v2\/product"}],"about":[{"href":"https:\/\/amannforg.com\/fr\/wp-json\/wp\/v2\/types\/product"}],"replies":[{"embeddable":true,"href":"https:\/\/amannforg.com\/fr\/wp-json\/wp\/v2\/comments?post=55009"}],"version-history":[{"count":1,"href":"https:\/\/amannforg.com\/fr\/wp-json\/wp\/v2\/product\/55009\/revisions"}],"predecessor-version":[{"id":58342,"href":"https:\/\/amannforg.com\/fr\/wp-json\/wp\/v2\/product\/55009\/revisions\/58342"}],"wp:featuredmedia":[{"embeddable":true,"href":"https:\/\/amannforg.com\/fr\/wp-json\/wp\/v2\/media\/55010"}],"wp:attachment":[{"href":"https:\/\/amannforg.com\/fr\/wp-json\/wp\/v2\/media?parent=55009"}],"wp:term":[{"taxonomy":"product_brand","embeddable":true,"href":"https:\/\/amannforg.com\/fr\/wp-json\/wp\/v2\/product_brand?post=55009"},{"taxonomy":"product_cat","embeddable":true,"href":"https:\/\/amannforg.com\/fr\/wp-json\/wp\/v2\/product_cat?post=55009"},{"taxonomy":"product_tag","embeddable":true,"href":"https:\/\/amannforg.com\/fr\/wp-json\/wp\/v2\/product_tag?post=55009"},{"taxonomy":"models","embeddable":true,"href":"https:\/\/amannforg.com\/fr\/wp-json\/wp\/v2\/models?post=55009"},{"taxonomy":"years","embeddable":true,"href":"https:\/\/amannforg.com\/fr\/wp-json\/wp\/v2\/years?post=55009"}],"curies":[{"name":"wp","href":"https:\/\/api.w.org\/{rel}","templated":true}]}}