{"id":55015,"date":"2026-03-05T01:58:12","date_gmt":"2026-03-05T01:58:12","guid":{"rendered":"https:\/\/amannforg.com\/?post_type=product&#038;p=55015"},"modified":"2026-03-11T14:21:55","modified_gmt":"2026-03-11T14:21:55","slug":"dell-ultrasharp-u4924dw-49-zoll-dqhd-curved-ips-black-led-329-60-hz-monitor","status":"publish","type":"product","link":"https:\/\/amannforg.com\/fr\/produit\/dell-ultrasharp-u4924dw-49-zoll-dqhd-curved-ips-black-led-329-60-hz-monitor\/","title":{"rendered":"Dell UltraSharp U4924DW 49 Zoll DQHD Curved IPS Black LED 32:9 60 Hz Monitor"},"content":{"rendered":"<div class=\"article\">\n<div class=\"titlepage\">\n<h2 class=\"text-h3 mb-l\">DELL UltraSharp U4924DW 124,5cm (49&#8243;) 5KUHD IPS Curved Monitor 32:9 DP\/HDMI\/USB-C<\/h2>\n<\/div>\n<p class=\"mb-l\">Erleben Sie unterbrechungsfreie Produktivit\u00e4t mit dem weltweit ersten 124,46 cm (49&#8243;)-Dual-QHD-Monitor mit IPS-Black-Displaytechnologie, der Sie in eine Welt mit au\u00dfergew\u00f6hnlichen Farben und Kontrasten eintauchen l\u00e4sst.<\/p>\n<div class=\"formalpara\">\n<div class=\"titlepage\">\n<h2 class=\"text-h3 mb-l\">Ultimative Leistung f\u00fcr mehr Produktivit\u00e4t<\/h2>\n<\/div>\n<p class=\"mb-l\">Optimierter Workflow: Das USB-C-Kabel wird f\u00fcr die \u00dcbertragung von Daten und Videosignalen genutzt und bietet gleichzeitig eine Leistungsabgabe von bis zu 90 W.<\/p>\n<\/p><\/div>\n<p class=\"mb-l\">Schnelle, stabile Verbindung: Profitieren Sie von bis zu 2,5 GbE \u00fcber RJ45 mit PXE Boot, MAC Address Pass-Thru und Wake-on-LAN-Funktionen. Dank der RJ45-Sperrfunktion erhalten Sie mehr Flexibilit\u00e4t: Sie k\u00f6nnen kabelgebundenes Ethernet fest mit einem ausgew\u00e4hlten PC verbinden und gleichzeitig \u00fcber zwei PC-Eing\u00e4nge weiterarbeiten.<\/p>\n<p class=\"mb-l\">Anbindung: Eine Vielzahl von Ger\u00e4ten kann mit USB-A- und USB-C-Gen-2-Downstream-Schnellzugriffsanschl\u00fcssen verbunden werden, die Geschwindigkeiten von bis zu 10 Gbit\/s, DP1.4 und HDMI bieten. Ebenfalls vorhanden sind USB-C-Upstream-Anschl\u00fcsse.<\/p>\n<div class=\"formalpara\">\n<div class=\"titlepage\">\n<h2 class=\"text-h3 mb-l\">Ununterbrochene Produktivit\u00e4t<\/h2>\n<\/div>\n<p class=\"mb-l\">Mehr als nur ein Bildschirm: Nahtlose Produktivit\u00e4t mit mehreren Bildschirmen dank zwei 68,58 cm (27&#8243;)-QHD-Partitionsl\u00f6sungen in Kombination mit au\u00dfergew\u00f6hnlichen Farben und Kontrasten.<\/p>\n<\/p><\/div>\n<div class=\"formalpara\">\n<div class=\"titlepage\">\n<h2 class=\"text-h3 mb-l\">Lebendige Farbt\u00f6ne, scharfer Kontrast<\/h2>\n<\/div>\n<p class=\"mb-l\">IPS-Black-Displaytechnologie: Genie\u00dfen Sie intensiveres Schwarz mit dem weltweit ersten 124,46 cm (49&#8243;)-WQHD+-Monitor mit IPS-Black-Displaytechnologie, der einen au\u00dfergew\u00f6hnlichen Kontrast (2.000:1) \u00fcber einen weiten Betrachtungswinkel bietet. Ausgestattet mit 100 % sRGB, 100 % REC.709, 98 % DCI-P3 und 98 % P3-Farbabdeckung f\u00fcr Displays.<\/p>\n<\/p><\/div>\n<p class=\"mb-l\">Geschwungener Bildschirm: Arbeiten Sie bequem mit einem geschwungenen Bildschirm, der das Sichtfeld verbessert sowie<\/p>\n<p class=\"mb-l\">Reflexionen und Augenerm\u00fcdung reduziert.<\/p>\n<p class=\"mb-l\">Angenehmer f\u00fcr die Augen: ComfortView Plus ist ein stets verf\u00fcgbarer, integrierter Filter f\u00fcr geringe Blaulichtemission, der den potenziell sch\u00e4dlichen Anteil von blauem Licht ohne Abstriche bei der Farbwiedergabe verringert.<\/p>\n<div class=\"formalpara\">\n<div class=\"titlepage\">\n<h2 class=\"text-h3 mb-l\">Einfacher Einstieg<\/h2>\n<\/div>\n<p class=\"mb-l\">Schnelle Anbindung: Dank der praktischen USB-C-Anschl\u00fcsse (bis zu 15 W Leistung) und USB-A-Anschl\u00fcsse lassen sich externe Ger\u00e4te einfach anschlie\u00dfen. Zwei 9-Watt-Lautsprecher sind bereits integriert, sodass Ihnen das Verbinden von Lautsprechern erspart bleibt.<\/p>\n<\/p><\/div>\n<p class=\"mb-l\">Direkt weiterarbeiten: Die integrierte Funktion zum synchronisierten Einschalten aktiviert und startet Ihren Laptop.<\/p>\n<div class=\"formalpara\">\n<div class=\"titlepage\">\n<h2 class=\"text-h3 mb-l\">Power hoch zwei<\/h2>\n<\/div>\n<p class=\"mb-l\">Internal Multi-Stream Transport (iMST): Nutzen Sie Ihr Display \u00fcber die volle Breite oder teilen Sie es mit iMST in 2 68,58 cm (27&#8243;)-QHD-Partitionen auf. Weder externe Software noch ein DisplayPort-Splitter erforderlich.<\/p>\n<\/p><\/div>\n<p class=\"mb-l\">Besseres Multitasking: Stellen Sie eine Verbindung zu zwei PC-Quellen her und wechseln Sie mit Auto KVM (Tastatur, Video und Maus) nahtlos zum zweiten angeschlossenen PC. Mit der KVM-Funktion steuern Sie beide PCs \u00fcber eine einzige Tastatur und Maus. Der KVM-Assistent macht die Einrichtung zum Kinderspiel.<\/p>\n<div class=\"formalpara\">\n<div class=\"titlepage\">\n<h2 class=\"text-h3 mb-l\">Verbesserter Dell Display Manager<\/h2>\n<\/div>\n<p class=\"mb-l\">Moderne intuitive Benutzeroberfl\u00e4che: Neue moderne und benutzerfreundliche Benutzeroberfl\u00e4che und personalisierte Funktionen mit Startmen\u00fc.<\/p>\n<\/p><\/div>\n<p class=\"mb-l\">Produktiv auf allen Ebenen: Mit EasyArrange k\u00f6nnen Sie mehrere Anwendungen auf einem oder mehreren Bildschirmen mit 49 voreingestellten Fensterpartitionen einfach nebeneinander anordnen und bis zu f\u00fcnf Fenster individuell anpassen \u2013 so geht Multitasking.<\/p>\n<p class=\"mb-l\">Immer auf dem neuesten Stand: Erhalten Sie jederzeit automatische Benachrichtigungen zu neuen Aktualisierungen f\u00fcr die Monitorfirmware und -software.<\/p>\n<p class=\"mb-l\">Optimierte Bildschirmerfahrung: Sorgen Sie f\u00fcr ein einheitliches, nahtloses Farberlebnis auf Ihrem Monitor, indem Sie die Farbvoreinstellung des Monitors und das unterst\u00fctzte ICC-Profil abgleichen.<\/p>\n<p class=\"mb-l\">Einfache Einrichtung und gemeinsame Nutzung von Zubeh\u00f6r: Richten Sie eine einzelne Tastatur und Maus ein, um sie mit dem USB-KVM-Assistenten problemlos f\u00fcr mehrere PCs zu verwenden. Das Schnellzugriffsmen\u00fc oder der Hotkey erm\u00f6glicht ein komfortables schnelles Umschalten zwischen PCs.<\/p>\n<p class=\"mb-l\">Einfache Bereitstellung: DDM ist mit Managementtools wie SCCM\/InTune und Befehlszeilenschnittstellenskripts kompatibel, um eine problemlose IT-Integration und Bereitstellung mit Asset Management zu erm\u00f6glichen.<\/p>\n<\/p><\/div>\n<li class=\"mb-m\">\n<div class=\"flex flex-col m:flex-row gap-s m:gap-xl\">\n<div class=\"text-h3 min-w-[244px] max-w-[244px]\">Netzwerk<\/div>\n<div class=\"flex flex-col gap-s\"><span class=\"\"><\/p>\n<ul class=\"flex flex-col gap-s\">\n<li class=\"ml-3xs pl-[15px] relative before:absolute before:w-[8px] before:h-[8px] before:bg-dark before:top-[8px] before:left-0 before:rounded-full\">Anzahl GB-LAN Ports (1000 Mbit\/s): 1 St<\/li>\n<li class=\"ml-3xs pl-[15px] relative before:absolute before:w-[8px] before:h-[8px] before:bg-dark before:top-[8px] before:left-0 before:rounded-full\">Anzahl 2.5 GB LAN Ports (2.5 Gbit\/s): 1 St<\/li>\n<\/ul>\n<p><\/span><\/div>\n<\/div>\n<\/li>\n<li class=\"mb-m\">\n<div class=\"flex flex-col m:flex-row gap-s m:gap-xl\">\n<div class=\"text-h3 min-w-[244px] max-w-[244px]\">Energieversorgung<\/div>\n<div class=\"flex flex-col gap-s\"><span class=\"\"><\/p>\n<ul class=\"flex flex-col gap-s\">\n<li class=\"ml-3xs pl-[15px] relative before:absolute before:w-[8px] before:h-[8px] before:bg-dark before:top-[8px] before:left-0 before:rounded-full\">Strom-\/ Ladeanschluss: Schukostecker (Typ F, CEE 7\/4)<\/li>\n<li class=\"ml-3xs pl-[15px] relative before:absolute before:w-[8px] before:h-[8px] before:bg-dark before:top-[8px] before:left-0 before:rounded-full\">Jahresverbrauch: 45 kWh<\/li>\n<\/ul>\n<p><\/span><\/div>\n<\/div>\n<\/li>\n<li class=\"mb-m\">\n<div class=\"flex flex-col m:flex-row gap-s m:gap-xl\">\n<div class=\"text-h3 min-w-[244px] max-w-[244px]\">Energieeffizienzklasse<\/div>\n<div class=\"flex flex-col gap-s\"><span class=\"\"><\/p>\n<ul class=\"flex flex-col gap-s\">\n<li class=\"ml-3xs pl-[15px] relative before:absolute before:w-[8px] before:h-[8px] before:bg-dark before:top-[8px] before:left-0 before:rounded-full\">G<\/li>\n<\/ul>\n<p><\/span><\/div>\n<\/div>\n<\/li>\n<li class=\"mb-m\">\n<div class=\"flex flex-col m:flex-row gap-s m:gap-xl\">\n<div class=\"text-h3 min-w-[244px] max-w-[244px]\">Display<\/div>\n<div class=\"flex flex-col gap-s\"><span class=\"\"><\/p>\n<ul class=\"flex flex-col gap-s\">\n<li class=\"ml-3xs pl-[15px] relative before:absolute before:w-[8px] before:h-[8px] before:bg-dark before:top-[8px] before:left-0 before:rounded-full\">Displaygr\u00f6\u00dfe in cm: 124.5 cm<\/li>\n<li class=\"ml-3xs pl-[15px] relative before:absolute before:w-[8px] before:h-[8px] before:bg-dark before:top-[8px] before:left-0 before:rounded-full\">Displaygr\u00f6\u00dfe in Zoll: 49 Zoll<\/li>\n<li class=\"ml-3xs pl-[15px] relative before:absolute before:w-[8px] before:h-[8px] before:bg-dark before:top-[8px] before:left-0 before:rounded-full\">Aufl\u00f6sung: 5120 x 1440<\/li>\n<li class=\"ml-3xs pl-[15px] relative before:absolute before:w-[8px] before:h-[8px] before:bg-dark before:top-[8px] before:left-0 before:rounded-full\">HD Status: DQHD<\/li>\n<li class=\"ml-3xs pl-[15px] relative before:absolute before:w-[8px] before:h-[8px] before:bg-dark before:top-[8px] before:left-0 before:rounded-full\">Bildformat: 32:9<\/li>\n<li class=\"ml-3xs pl-[15px] relative before:absolute before:w-[8px] before:h-[8px] before:bg-dark before:top-[8px] before:left-0 before:rounded-full\">Displaytechnologie: IPS<\/li>\n<li class=\"ml-3xs pl-[15px] relative before:absolute before:w-[8px] before:h-[8px] before:bg-dark before:top-[8px] before:left-0 before:rounded-full\">Paneltyp: IPS Black<\/li>\n<li class=\"ml-3xs pl-[15px] relative before:absolute before:w-[8px] before:h-[8px] before:bg-dark before:top-[8px] before:left-0 before:rounded-full\">Hintergrundbeleuchtung: LED<\/li>\n<li class=\"ml-3xs pl-[15px] relative before:absolute before:w-[8px] before:h-[8px] before:bg-dark before:top-[8px] before:left-0 before:rounded-full\">Betrachtungswinkel h\/v: 178\u00b0\/178\u00b0<\/li>\n<li class=\"ml-3xs pl-[15px] relative before:absolute before:w-[8px] before:h-[8px] before:bg-dark before:top-[8px] before:left-0 before:rounded-full\">Displayoberfl\u00e4che: entspiegelt<\/li>\n<li class=\"ml-3xs pl-[15px] relative before:absolute before:w-[8px] before:h-[8px] before:bg-dark before:top-[8px] before:left-0 before:rounded-full\">Kontrast (statisch): 2000:1<\/li>\n<li class=\"ml-3xs pl-[15px] relative before:absolute before:w-[8px] before:h-[8px] before:bg-dark before:top-[8px] before:left-0 before:rounded-full\">Frequenz: 60 Hz<\/li>\n<li class=\"ml-3xs pl-[15px] relative before:absolute before:w-[8px] before:h-[8px] before:bg-dark before:top-[8px] before:left-0 before:rounded-full\">Reaktionszeit: 14 ms<\/li>\n<li class=\"ml-3xs pl-[15px] relative before:absolute before:w-[8px] before:h-[8px] before:bg-dark before:top-[8px] before:left-0 before:rounded-full\">Helligkeit: 350 Nit<\/li>\n<li class=\"ml-3xs pl-[15px] relative before:absolute before:w-[8px] before:h-[8px] before:bg-dark before:top-[8px] before:left-0 before:rounded-full\">Farbtiefe: 8bit + 2bit FRC<\/li>\n<li class=\"ml-3xs pl-[15px] relative before:absolute before:w-[8px] before:h-[8px] before:bg-dark before:top-[8px] before:left-0 before:rounded-full\">Farbraumabdeckung DCI-P3: 98 %<\/li>\n<li class=\"ml-3xs pl-[15px] relative before:absolute before:w-[8px] before:h-[8px] before:bg-dark before:top-[8px] before:left-0 before:rounded-full\">Farbraumabdeckung sRGB: 100 %<\/li>\n<li class=\"ml-3xs pl-[15px] relative before:absolute before:w-[8px] before:h-[8px] before:bg-dark before:top-[8px] before:left-0 before:rounded-full\">Displayeigenschaften: gebogen (curved)<\/li>\n<li class=\"ml-3xs pl-[15px] relative before:absolute before:w-[8px] before:h-[8px] before:bg-dark before:top-[8px] before:left-0 before:rounded-full\">weitere Displayfunktionen: <\/li>\n<div class=\"itemizedlist\">\n<ul class=\"flex flex-col gap-s\">\n<li class=\"ml-3xs pl-[15px] relative before:absolute before:w-[8px] before:h-[8px] before:bg-dark before:top-[8px] before:left-0 before:rounded-full\">Werkskalibrierung<\/li>\n<li class=\"ml-3xs pl-[15px] relative before:absolute before:w-[8px] before:h-[8px] before:bg-dark before:top-[8px] before:left-0 before:rounded-full\">KVM Switch<\/li>\n<li class=\"ml-3xs pl-[15px] relative before:absolute before:w-[8px] before:h-[8px] before:bg-dark before:top-[8px] before:left-0 before:rounded-full\">PiP Mode (Picture-in-Picture)<\/li>\n<\/ul>\n<\/div>\n<\/ul>\n<p><\/span><\/div>\n<\/div>\n<\/li>\n<li class=\"mb-m\">\n<div class=\"flex flex-col m:flex-row gap-s m:gap-xl\">\n<div class=\"text-h3 min-w-[244px] max-w-[244px]\">externe Anschl\u00fcsse<\/div>\n<div class=\"flex flex-col gap-s\"><span class=\"\"><\/p>\n<ul class=\"flex flex-col gap-s\">\n<li class=\"ml-3xs pl-[15px] relative before:absolute before:w-[8px] before:h-[8px] before:bg-dark before:top-[8px] before:left-0 before:rounded-full\">Anzahl Displayport: 1 St<\/li>\n<li class=\"ml-3xs pl-[15px] relative before:absolute before:w-[8px] before:h-[8px] before:bg-dark before:top-[8px] before:left-0 before:rounded-full\">USB-Typ: <\/li>\n<div class=\"itemizedlist\">\n<ul class=\"flex flex-col gap-s\">\n<li class=\"ml-3xs pl-[15px] relative before:absolute before:w-[8px] before:h-[8px] before:bg-dark before:top-[8px] before:left-0 before:rounded-full\">USB-C<\/li>\n<li class=\"ml-3xs pl-[15px] relative before:absolute before:w-[8px] before:h-[8px] before:bg-dark before:top-[8px] before:left-0 before:rounded-full\">USB 3.0<\/li>\n<\/ul>\n<\/div>\n<li class=\"ml-3xs pl-[15px] relative before:absolute before:w-[8px] before:h-[8px] before:bg-dark before:top-[8px] before:left-0 before:rounded-full\">Anzahl USB-C: 2 St<\/li>\n<li class=\"ml-3xs pl-[15px] relative before:absolute before:w-[8px] before:h-[8px] before:bg-dark before:top-[8px] before:left-0 before:rounded-full\">Audio-Ausg\u00e4nge: Audio-Ausgang<\/li>\n<li class=\"ml-3xs pl-[15px] relative before:absolute before:w-[8px] before:h-[8px] before:bg-dark before:top-[8px] before:left-0 before:rounded-full\">ext. Anschl\u00fcsse: <\/li>\n<div class=\"itemizedlist\">\n<ul class=\"flex flex-col gap-s\">\n<li class=\"ml-3xs pl-[15px] relative before:absolute before:w-[8px] before:h-[8px] before:bg-dark before:top-[8px] before:left-0 before:rounded-full\">HDMI<\/li>\n<li class=\"ml-3xs pl-[15px] relative before:absolute before:w-[8px] before:h-[8px] before:bg-dark before:top-[8px] before:left-0 before:rounded-full\">Displayport<\/li>\n<\/ul>\n<\/div>\n<\/ul>\n<p><\/span><\/div>\n<\/div>\n<\/li>\n<li class=\"mb-m\">\n<div class=\"flex flex-col m:flex-row gap-s m:gap-xl\">\n<div class=\"text-h3 min-w-[244px] max-w-[244px]\">Befestigungen<\/div>\n<div class=\"flex flex-col gap-s\"><span class=\"\"><\/p>\n<ul class=\"flex flex-col gap-s\">\n<li class=\"ml-3xs pl-[15px] relative before:absolute before:w-[8px] before:h-[8px] before:bg-dark before:top-[8px] before:left-0 before:rounded-full\">Befestigungsarten: belegt durch Standfuss<\/li>\n<li class=\"ml-3xs pl-[15px] relative before:absolute before:w-[8px] before:h-[8px] before:bg-dark before:top-[8px] before:left-0 before:rounded-full\">VESA Norm: 200 x 100 mm<\/li>\n<\/ul>\n<p><\/span><\/div>\n<\/div>\n<\/li>\n<li class=\"mb-m\">\n<div class=\"flex flex-col m:flex-row gap-s m:gap-xl\">\n<div class=\"text-h3 min-w-[244px] max-w-[244px]\">Technische Eigenschaften<\/div>\n<div class=\"flex flex-col gap-s\"><span class=\"\"><\/p>\n<ul class=\"flex flex-col gap-s\">\n<li class=\"ml-3xs pl-[15px] relative before:absolute before:w-[8px] before:h-[8px] before:bg-dark before:top-[8px] before:left-0 before:rounded-full\">sonstige Eigenschaften: <\/li>\n<div class=\"itemizedlist\">\n<ul class=\"flex flex-col gap-s\">\n<li class=\"ml-3xs pl-[15px] relative before:absolute before:w-[8px] before:h-[8px] before:bg-dark before:top-[8px] before:left-0 before:rounded-full\">Standby-Modus<\/li>\n<li class=\"ml-3xs pl-[15px] relative before:absolute before:w-[8px] before:h-[8px] before:bg-dark before:top-[8px] before:left-0 before:rounded-full\">Neigbar<\/li>\n<li class=\"ml-3xs pl-[15px] relative before:absolute before:w-[8px] before:h-[8px] before:bg-dark before:top-[8px] before:left-0 before:rounded-full\">Schwenkbar<\/li>\n<\/ul>\n<\/div>\n<li class=\"ml-3xs pl-[15px] relative before:absolute before:w-[8px] before:h-[8px] before:bg-dark before:top-[8px] before:left-0 before:rounded-full\">H\u00f6henverstellbar bis: 120 mm<\/li>\n<\/ul>\n<p><\/span><\/div>\n<\/div>\n<\/li>\n<li class=\"mb-m\">\n<div class=\"flex flex-col m:flex-row gap-s m:gap-xl\">\n<div class=\"text-h3 min-w-[244px] max-w-[244px]\">Farbe<\/div>\n<div class=\"flex flex-col gap-s\"><span class=\"\"><\/p>\n<ul class=\"flex flex-col gap-s\">\n<li class=\"ml-3xs pl-[15px] relative before:absolute before:w-[8px] before:h-[8px] before:bg-dark before:top-[8px] before:left-0 before:rounded-full\">Silber<\/li>\n<\/ul>\n<p><\/span><\/div>\n<\/div>\n<\/li>\n<li class=\"mb-m\">\n<div class=\"flex flex-col m:flex-row gap-s m:gap-xl\">\n<div class=\"text-h3 min-w-[244px] max-w-[244px]\">Lieferumfang<\/div>\n<div class=\"flex flex-col gap-s\"><span class=\"\"><\/p>\n<ul class=\"flex flex-col gap-s\">\n<li class=\"ml-3xs pl-[15px] relative before:absolute before:w-[8px] before:h-[8px] before:bg-dark before:top-[8px] before:left-0 before:rounded-full\">Signalkabel<\/li>\n<li class=\"ml-3xs pl-[15px] relative before:absolute before:w-[8px] before:h-[8px] before:bg-dark before:top-[8px] before:left-0 before:rounded-full\">Stromkabel<\/li>\n<li class=\"ml-3xs pl-[15px] relative before:absolute before:w-[8px] before:h-[8px] before:bg-dark before:top-[8px] before:left-0 before:rounded-full\">Benutzerhandbuch<\/li>\n<li class=\"ml-3xs pl-[15px] relative before:absolute before:w-[8px] before:h-[8px] before:bg-dark before:top-[8px] before:left-0 before:rounded-full\">Handbuch<\/li>\n<\/ul>\n<p><\/span><\/div>\n<\/div>\n<\/li>\n<li class=\"mb-m\">\n<div class=\"flex flex-col m:flex-row gap-s m:gap-xl\">\n<div class=\"text-h3 min-w-[244px] max-w-[244px]\">Audio<\/div>\n<div class=\"flex flex-col gap-s\"><span class=\"\"><\/p>\n<ul class=\"flex flex-col gap-s\">\n<li class=\"ml-3xs pl-[15px] relative before:absolute before:w-[8px] before:h-[8px] before:bg-dark before:top-[8px] before:left-0 before:rounded-full\">Lautsprecherleistung: 18 W<\/li>\n<li class=\"ml-3xs pl-[15px] relative before:absolute before:w-[8px] before:h-[8px] before:bg-dark before:top-[8px] before:left-0 before:rounded-full\">Anzahl Lautsprecher: 2 St<\/li>\n<\/ul>\n<p><\/span><\/div>\n<\/div>\n<\/li>\n<li class=\"mb-m\">\n<div class=\"flex flex-col m:flex-row gap-s m:gap-xl\">\n<div class=\"text-h3 min-w-[244px] max-w-[244px]\">Abmessungen \/ Gewicht<\/div>\n<div class=\"flex flex-col gap-s\"><span class=\"\"><\/p>\n<ul class=\"flex flex-col gap-s\">\n<li class=\"ml-3xs pl-[15px] relative before:absolute before:w-[8px] before:h-[8px] before:bg-dark before:top-[8px] before:left-0 before:rounded-full\">Breite: 1215 mm<\/li>\n<li class=\"ml-3xs pl-[15px] relative before:absolute before:w-[8px] before:h-[8px] before:bg-dark before:top-[8px] before:left-0 before:rounded-full\">H\u00f6he: 520 mm<\/li>\n<li class=\"ml-3xs pl-[15px] relative before:absolute before:w-[8px] before:h-[8px] before:bg-dark before:top-[8px] before:left-0 before:rounded-full\">Tiefe: 269 mm<\/li>\n<li class=\"ml-3xs pl-[15px] relative before:absolute before:w-[8px] before:h-[8px] before:bg-dark before:top-[8px] before:left-0 before:rounded-full\">Gewicht: 15.8 kg<\/li>\n<\/ul>\n<p><\/span><\/div>\n<\/div>\n<\/li>\n","protected":false},"excerpt":{"rendered":"<li class=\"bullet-list-item\">Energieeffizienzklasse: G<\/li>\n<li class=\"bullet-list-item\">124.5 cm (49 Zoll), 5120 x 1440 (DQHD, 32:9), Curved<\/li>\n<li class=\"bullet-list-item\">IPS Black Panel, entspiegelt, 60 Hz, Reaktionszeit 14 ms (G2G)<\/li>\n<li class=\"bullet-list-item\">1x DP, 2x USB-C<\/li>\n<li class=\"bullet-list-item\">VESA 200 x 100 mm<\/li>\n<p> Herstellernummer DELL-U4924DW<\/p>","protected":false},"featured_media":55017,"comment_status":"open","ping_status":"closed","template":"","meta":{"_monsterinsights_skip_tracking":false,"_monsterinsights_sitenote_active":false,"_monsterinsights_sitenote_note":"","_monsterinsights_sitenote_category":0,"_uf_show_specific_survey":0,"_uf_disable_surveys":false},"product_brand":[],"product_cat":[510],"product_tag":[],"models":[],"years":[],"class_list":{"0":"post-55015","1":"product","2":"type-product","3":"status-publish","4":"has-post-thumbnail","6":"product_cat-monitore","8":"first","9":"instock","10":"sale","11":"shipping-taxable","12":"purchasable","13":"product-type-simple"},"aioseo_notices":[],"acf":[],"_links":{"self":[{"href":"https:\/\/amannforg.com\/fr\/wp-json\/wp\/v2\/product\/55015","targetHints":{"allow":["GET"]}}],"collection":[{"href":"https:\/\/amannforg.com\/fr\/wp-json\/wp\/v2\/product"}],"about":[{"href":"https:\/\/amannforg.com\/fr\/wp-json\/wp\/v2\/types\/product"}],"replies":[{"embeddable":true,"href":"https:\/\/amannforg.com\/fr\/wp-json\/wp\/v2\/comments?post=55015"}],"version-history":[{"count":1,"href":"https:\/\/amannforg.com\/fr\/wp-json\/wp\/v2\/product\/55015\/revisions"}],"predecessor-version":[{"id":58343,"href":"https:\/\/amannforg.com\/fr\/wp-json\/wp\/v2\/product\/55015\/revisions\/58343"}],"wp:featuredmedia":[{"embeddable":true,"href":"https:\/\/amannforg.com\/fr\/wp-json\/wp\/v2\/media\/55017"}],"wp:attachment":[{"href":"https:\/\/amannforg.com\/fr\/wp-json\/wp\/v2\/media?parent=55015"}],"wp:term":[{"taxonomy":"product_brand","embeddable":true,"href":"https:\/\/amannforg.com\/fr\/wp-json\/wp\/v2\/product_brand?post=55015"},{"taxonomy":"product_cat","embeddable":true,"href":"https:\/\/amannforg.com\/fr\/wp-json\/wp\/v2\/product_cat?post=55015"},{"taxonomy":"product_tag","embeddable":true,"href":"https:\/\/amannforg.com\/fr\/wp-json\/wp\/v2\/product_tag?post=55015"},{"taxonomy":"models","embeddable":true,"href":"https:\/\/amannforg.com\/fr\/wp-json\/wp\/v2\/models?post=55015"},{"taxonomy":"years","embeddable":true,"href":"https:\/\/amannforg.com\/fr\/wp-json\/wp\/v2\/years?post=55015"}],"curies":[{"name":"wp","href":"https:\/\/api.w.org\/{rel}","templated":true}]}}