{"id":55803,"date":"2026-03-05T02:12:18","date_gmt":"2026-03-05T02:12:18","guid":{"rendered":"https:\/\/amannforg.com\/?post_type=product&#038;p=55803"},"modified":"2026-03-11T14:21:54","modified_gmt":"2026-03-11T14:21:54","slug":"asus-rog-strix-b850-e-gaming-wifi-atx-mainboard-sockel-am5-dp-hdmi-usb-c","status":"publish","type":"product","link":"https:\/\/amannforg.com\/fr\/produit\/asus-rog-strix-b850-e-gaming-wifi-atx-mainboard-sockel-am5-dp-hdmi-usb-c\/","title":{"rendered":"ASUS ROG STRIX B850-E GAMING WIFI ATX Mainboard Sockel AM5 DP\/HDMI\/USB-C"},"content":{"rendered":"<div class=\"titlepage\">\n<h2 class=\"text-h3 mb-l\">ASUS ROG STRIX B850-E GAMING WIFI<\/h2>\n<\/div>\n<p>Das ROG Strix B850-E Gaming WiFi wurde entwickelt, um das volle Potenzial der AMD Ryzen\u2122 Prozessoren der 9000er Serie auszusch\u00f6pfen. Mit der Unterst\u00fctzung von PCIe\u00ae 5.0, AI Overclocking, AI Networking II und AEMP wird die Einrichtung vereinfacht und die Leistung maximiert. Ein USB4\u00ae Type-C-Anschluss und WiFi 7 mit Realtek 5Gb Ethernet sorgen f\u00fcr erstklassige Konnektivit\u00e4t, w\u00e4hrend robuste K\u00fchlk\u00f6rper die M.2-Laufwerke auch bei starker Belastung k\u00fchl halten. Dieses Mainboard erf\u00fcllt nicht nur die Anforderungen von Spielen und professionellen Anwendungen, sondern bietet auch die n\u00f6tige Leistung und Konnektivit\u00e4t f\u00fcr fortschrittliche KI-PC-Anwendungen.ASUS AI ADVISORMithilfe von KI-Technologie, die Fragen oder Szenariobeschreibungen in nat\u00fcrlicher Sprache versteht, erm\u00f6glicht der ASUS AI Advisor den Nutzern, die Funktionalit\u00e4t und die erweiterten Funktionen von ASUS-Mainboards auf einfache und unkomplizierte Weise kennenzulernen.AI OVERCLOCKINGASUS AIOverclocking erstellt Profile f\u00fcr die CPU und die K\u00fchlung, um die optimale Konfiguration zu ermitteln und das System an seine Grenzen zu bringen.AI NETWORKING IIAI Networking II kombiniert intelligente Technologien, um die Netzwerkleistung kontinuierlich zu optimieren, eine vertrauensw\u00fcrdige und nahtlose Verbindung zu erm\u00f6glichen und die volle Geschwindigkeit von WiFi 7 zu entfesseln.DYNAMIC OC SWITCHERDynamic OC Switcher maximiert die CPU-Leistung, indem du Strom- und Temperaturschwellenwerte einstellst, um automatisch zwischen einer manuellen \u00dcbertaktung f\u00fcr schwere Multithread-Workloads und Precision Boost Overdrive f\u00fcr Single-Thread-Aufgaben zu wechseln. Der neueste Overclocking Load Guard verf\u00fcgt \u00fcber einen verbesserten Sofortschutzmechanismus, der Systemabst\u00fcrze w\u00e4hrend des \u00dcbertaktens verhindert.CORE FLEXCore Flex erm\u00f6glicht es dir, deine Grenzen weiter als je zuvor zu verschieben, indem du Takt, Strom und Temperatur auf kreative Weise kontrollieren kannst. In der einfachsten Form kannst du den Basistakt bei geringerer Belastung maximieren und Grenzwerte setzen, um die CPU-Kernfrequenz allm\u00e4hlich zu reduzieren, wenn die Temperatur oder der Strom steigt. Aber das System ist extrem anpassungsf\u00e4hig und unterst\u00fctzt mehrere benutzergesteuerte Funktionen, die unabh\u00e4ngig voneinander die Leistungs-, Strom- und Temperaturgrenzen anpassen k\u00f6nnen, damit du die CPU-Leistung nach deinem Wunsch gestalten kannst.PBO ENHANCEMENTAMD Precision Boost Overdrive (PBO) steigert das Strom- und Spannungsbudget der CPU, um die Leistung opportunistisch zu erh\u00f6hen. Durch aggressives Tuning der PBO-Parameter kann AMDs Algorithmus die robuste Energiel\u00f6sung des Mainboards nutzen, um die Leistung noch weiter zu steigern.DDR5 ST\u00c4RKEF\u00fcr diejenigen, die \u00fcber die Standard-DDR5-Geschwindigkeiten hinausgehen wollen, ist das Strix B850-E dank der umfangreichen AMD EXPO-Unterst\u00fctzung (Extended Profiles for Overclocking) bereit f\u00fcr Kits der Extraklasse. Erfahrene Veteranen k\u00f6nnen die Leistung \u00fcber die umfangreichen Einstellungen im UEFI weiter optimieren.AEMPDas ASUS Enhanced Memory Profile (AEMP) ist ein exklusives Firmware-Feature f\u00fcr Speichermodule mit PMIC-Beschr\u00e4nkung. AEMP erkennt automatisch die Speicherchips in deinem Kit und pr\u00e4sentiert dann optimierte Frequenz-, Timing- und Spannungsprofile, die du m\u00fchelos anwenden kannst, um die Leistung zu steigern.M.2-K\u00dcHLK\u00d6RPERK\u00fchlk\u00f6rper decken jeden Steckplatz ab, um die Onboard-NVME-SSDs bei optimalen Temperaturen zu halten und so eine gleichbleibende Leistung und Zuverl\u00e4ssigkeit zu gew\u00e4hrleisten.VRM-K\u00dcHLK\u00d6RPER-ARRAYZwei dicke VRM-K\u00fchlk\u00f6rper sind durch eine Heatpipe miteinander verbunden. So wird die K\u00fchlkapazit\u00e4t auf die VRMs aufgeteilt und es steht ausreichend Fl\u00e4che und Masse zur Verf\u00fcgung, um den Leistungsbedarf der leistungsstarken AMD Ryzen\u2122 7000er Prozessoren zu decken.CPUCPU-L\u00dcFTER-ANSCHL\u00dcSSE Ein dediziertes Paar PWM\/DC-L\u00fcfteranschl\u00fcsse bietet einfachen Zugang zu den CPU-K\u00fchlern.WIFI 7Das revolution\u00e4re WiFi 7 ist bis zu 4,8-mal schneller als das Standard-WiFi 6, dank Technologien wie 320-MHz-Kan\u00e4len im 6-GHz-Band und 4K QAM*. Multi-Link Operation (MLO) sorgt f\u00fcr eine stabilere WiFi-Verbindung und eine geringere Latenz, was neue M\u00f6glichkeiten bei Spielen, Streaming und industriellem IoT er\u00f6ffnet.ASUS WiFi Q-ANTENNAZwei Transceiver unterst\u00fctzen das 2,4-, 5- und 6-GHz-Band, um einen schnelleren Datendurchsatz zu erm\u00f6glichen, mit Richtungsempfindlichkeit, um die Signalqualit\u00e4t zu verbessern und gr\u00f6\u00dfere Entfernungen zu \u00fcberbr\u00fccken.Realtek 5Gb EthernetSpiele mit niedriger Latenz, schnelle Datei\u00fcbertragungen und hochaufl\u00f6sendes Videostreaming geh\u00f6ren zu den vielen Vorteilen des integrierten Realtek 5Gb Ethernet.PCIE 5.0Das Strix B850-E ist voll und ganz auf den neuen Standard ausgerichtet und bietet durchgehende PCIe 5.0-Unterst\u00fctzung. Der oberste x16-Erweiterungssteckplatz ist Gen 5-f\u00e4hig und wird mit einer SafeSlot-Halteklammer gesch\u00fctzt, um das Gewicht der neuesten Grafikkarten zu tragen. Drei der integrierten M.2-Steckpl\u00e4tze sind dank der PCIe 5.0-Schnittstelle f\u00fcr rasante Lese- und Schreibgeschwindigkeiten von 16 GB\/s ausgelegt, w\u00e4hrend alle anderen Steckpl\u00e4tze immer noch beeindruckende 8 GB\/s \u00fcbertragen k\u00f6nnen. Jeder M.2-Steckplatz ist mit massiven K\u00fchlk\u00f6rpern ausgestattet, um die W\u00e4rme der Next-Gen-Laufwerke abzuleiten.USB4\u00ae PORTDer USB4\u00ae-Anschluss bietet eine bidirektionale Bandbreite von bis zu 40 Gbit\/s f\u00fcr die neuesten superschnellen Ger\u00e4te und Laufwerke. Die Unterst\u00fctzung f\u00fcr externe Displays reicht bis zur 4K-Ausgabe.  <\/p>\n<li class=\"mb-m\">\n<div class=\"flex flex-col m:flex-row gap-s m:gap-xl\">\n<div class=\"text-h3 min-w-[244px] max-w-[244px]\">CPU-Sockel<\/div>\n<div class=\"flex flex-col gap-s\"><span class=\"\"><\/p>\n<ul class=\"flex flex-col gap-s\">\n<li class=\"ml-3xs pl-[15px] relative before:absolute before:w-[8px] before:h-[8px] before:bg-dark before:top-[8px] before:left-0 before:rounded-full\">AM5<\/li>\n<\/ul>\n<p><\/span><\/div>\n<\/div>\n<\/li>\n<li class=\"mb-m\">\n<div class=\"flex flex-col m:flex-row gap-s m:gap-xl\">\n<div class=\"text-h3 min-w-[244px] max-w-[244px]\">Audio<\/div>\n<div class=\"flex flex-col gap-s\"><span class=\"\"><\/p>\n<ul class=\"flex flex-col gap-s\">\n<li class=\"ml-3xs pl-[15px] relative before:absolute before:w-[8px] before:h-[8px] before:bg-dark before:top-[8px] before:left-0 before:rounded-full\">Audio-Chipsatz: Realtek ALC4080<\/li>\n<li class=\"ml-3xs pl-[15px] relative before:absolute before:w-[8px] before:h-[8px] before:bg-dark before:top-[8px] before:left-0 before:rounded-full\">Kan\u00e4le: 7.1 St<\/li>\n<\/ul>\n<p><\/span><\/div>\n<\/div>\n<\/li>\n<li class=\"mb-m\">\n<div class=\"flex flex-col m:flex-row gap-s m:gap-xl\">\n<div class=\"text-h3 min-w-[244px] max-w-[244px]\">Formfaktor Mainboard<\/div>\n<div class=\"flex flex-col gap-s\"><span class=\"\"><\/p>\n<ul class=\"flex flex-col gap-s\">\n<li class=\"ml-3xs pl-[15px] relative before:absolute before:w-[8px] before:h-[8px] before:bg-dark before:top-[8px] before:left-0 before:rounded-full\">ATX<\/li>\n<\/ul>\n<p><\/span><\/div>\n<\/div>\n<\/li>\n<li class=\"mb-m\">\n<div class=\"flex flex-col m:flex-row gap-s m:gap-xl\">\n<div class=\"text-h3 min-w-[244px] max-w-[244px]\">Speicher<\/div>\n<div class=\"flex flex-col gap-s\"><span class=\"\"><\/p>\n<ul class=\"flex flex-col gap-s\">\n<li class=\"ml-3xs pl-[15px] relative before:absolute before:w-[8px] before:h-[8px] before:bg-dark before:top-[8px] before:left-0 before:rounded-full\">Anzahl M.2: 5 St<\/li>\n<li class=\"ml-3xs pl-[15px] relative before:absolute before:w-[8px] before:h-[8px] before:bg-dark before:top-[8px] before:left-0 before:rounded-full\">Speicherkan\u00e4le: Dual Channel<\/li>\n<\/ul>\n<p><\/span><\/div>\n<\/div>\n<\/li>\n<li class=\"mb-m\">\n<div class=\"flex flex-col m:flex-row gap-s m:gap-xl\">\n<div class=\"text-h3 min-w-[244px] max-w-[244px]\">Anzahl 5 GB LAN Ports (5 Gbit\/s)<\/div>\n<div class=\"flex flex-col gap-s\"><span class=\"\"><\/p>\n<ul class=\"flex flex-col gap-s\">\n<li class=\"ml-3xs pl-[15px] relative before:absolute before:w-[8px] before:h-[8px] before:bg-dark before:top-[8px] before:left-0 before:rounded-full\">1 St<\/li>\n<\/ul>\n<p><\/span><\/div>\n<\/div>\n<\/li>\n<li class=\"mb-m\">\n<div class=\"flex flex-col m:flex-row gap-s m:gap-xl\">\n<div class=\"text-h3 min-w-[244px] max-w-[244px]\">Lieferumfang<\/div>\n<div class=\"flex flex-col gap-s\"><span class=\"\"><\/p>\n<ul class=\"flex flex-col gap-s\">\n<li class=\"ml-3xs pl-[15px] relative before:absolute before:w-[8px] before:h-[8px] before:bg-dark before:top-[8px] before:left-0 before:rounded-full\">Kabel<\/li>\n<li class=\"ml-3xs pl-[15px] relative before:absolute before:w-[8px] before:h-[8px] before:bg-dark before:top-[8px] before:left-0 before:rounded-full\">Schnellstart-Anleitung<\/li>\n<\/ul>\n<p><\/span><\/div>\n<\/div>\n<\/li>\n<li class=\"mb-m\">\n<div class=\"flex flex-col m:flex-row gap-s m:gap-xl\">\n<div class=\"text-h3 min-w-[244px] max-w-[244px]\">Einsatzbereich<\/div>\n<div class=\"flex flex-col gap-s\"><span class=\"\"><\/p>\n<ul class=\"flex flex-col gap-s\">\n<li class=\"ml-3xs pl-[15px] relative before:absolute before:w-[8px] before:h-[8px] before:bg-dark before:top-[8px] before:left-0 before:rounded-full\">Anwenderklasse: Mittelklasse<\/li>\n<li class=\"ml-3xs pl-[15px] relative before:absolute before:w-[8px] before:h-[8px] before:bg-dark before:top-[8px] before:left-0 before:rounded-full\">Einsatzzweck: Spielen<\/li>\n<li class=\"ml-3xs pl-[15px] relative before:absolute before:w-[8px] before:h-[8px] before:bg-dark before:top-[8px] before:left-0 before:rounded-full\">Einsatzbereich: Consumer<\/li>\n<li class=\"ml-3xs pl-[15px] relative before:absolute before:w-[8px] before:h-[8px] before:bg-dark before:top-[8px] before:left-0 before:rounded-full\">Anwendungsgebiet: Gaming<\/li>\n<li class=\"ml-3xs pl-[15px] relative before:absolute before:w-[8px] before:h-[8px] before:bg-dark before:top-[8px] before:left-0 before:rounded-full\">Einsatzgebiet: Gaming<\/li>\n<\/ul>\n<p><\/span><\/div>\n<\/div>\n<\/li>\n<li class=\"mb-m\">\n<div class=\"flex flex-col m:flex-row gap-s m:gap-xl\">\n<div class=\"text-h3 min-w-[244px] max-w-[244px]\">externe Anschl\u00fcsse<\/div>\n<div class=\"flex flex-col gap-s\"><span class=\"\"><\/p>\n<ul class=\"flex flex-col gap-s\">\n<li class=\"ml-3xs pl-[15px] relative before:absolute before:w-[8px] before:h-[8px] before:bg-dark before:top-[8px] before:left-0 before:rounded-full\">Anzahl Displayport: 1 St<\/li>\n<li class=\"ml-3xs pl-[15px] relative before:absolute before:w-[8px] before:h-[8px] before:bg-dark before:top-[8px] before:left-0 before:rounded-full\">Anzahl HDMI: 1 St<\/li>\n<li class=\"ml-3xs pl-[15px] relative before:absolute before:w-[8px] before:h-[8px] before:bg-dark before:top-[8px] before:left-0 before:rounded-full\">USB-Typ: USB 4.0<\/li>\n<li class=\"ml-3xs pl-[15px] relative before:absolute before:w-[8px] before:h-[8px] before:bg-dark before:top-[8px] before:left-0 before:rounded-full\">Anzahl USB 2.0: 4 St<\/li>\n<li class=\"ml-3xs pl-[15px] relative before:absolute before:w-[8px] before:h-[8px] before:bg-dark before:top-[8px] before:left-0 before:rounded-full\">Anzahl USB 3.2: 6 St<\/li>\n<li class=\"ml-3xs pl-[15px] relative before:absolute before:w-[8px] before:h-[8px] before:bg-dark before:top-[8px] before:left-0 before:rounded-full\">Anzahl USB 4.0: 1 St<\/li>\n<li class=\"ml-3xs pl-[15px] relative before:absolute before:w-[8px] before:h-[8px] before:bg-dark before:top-[8px] before:left-0 before:rounded-full\">Anzahl USB-C: 1 St<\/li>\n<li class=\"ml-3xs pl-[15px] relative before:absolute before:w-[8px] before:h-[8px] before:bg-dark before:top-[8px] before:left-0 before:rounded-full\">Audio-Eing\u00e4nge: Mic-In<\/li>\n<li class=\"ml-3xs pl-[15px] relative before:absolute before:w-[8px] before:h-[8px] before:bg-dark before:top-[8px] before:left-0 before:rounded-full\">Audio-Ausg\u00e4nge: Audio Out<\/li>\n<li class=\"ml-3xs pl-[15px] relative before:absolute before:w-[8px] before:h-[8px] before:bg-dark before:top-[8px] before:left-0 before:rounded-full\">ext. Anschl\u00fcsse: <\/li>\n<div class=\"itemizedlist\">\n<ul class=\"flex flex-col gap-s\">\n<li class=\"ml-3xs pl-[15px] relative before:absolute before:w-[8px] before:h-[8px] before:bg-dark before:top-[8px] before:left-0 before:rounded-full\">LAN<\/li>\n<li class=\"ml-3xs pl-[15px] relative before:absolute before:w-[8px] before:h-[8px] before:bg-dark before:top-[8px] before:left-0 before:rounded-full\">DisplayPort \u00fcber Type C<\/li>\n<\/ul>\n<\/div>\n<\/ul>\n<p><\/span><\/div>\n<\/div>\n<\/li>\n<li class=\"mb-m\">\n<div class=\"flex flex-col m:flex-row gap-s m:gap-xl\">\n<div class=\"text-h3 min-w-[244px] max-w-[244px]\">interne Anschl\u00fcsse<\/div>\n<div class=\"flex flex-col gap-s\"><span class=\"\"><\/p>\n<ul class=\"flex flex-col gap-s\">\n<li class=\"ml-3xs pl-[15px] relative before:absolute before:w-[8px] before:h-[8px] before:bg-dark before:top-[8px] before:left-0 before:rounded-full\">int. Anschl\u00fcsse: <\/li>\n<div class=\"itemizedlist\">\n<ul class=\"flex flex-col gap-s\">\n<li class=\"ml-3xs pl-[15px] relative before:absolute before:w-[8px] before:h-[8px] before:bg-dark before:top-[8px] before:left-0 before:rounded-full\">SATA600<\/li>\n<li class=\"ml-3xs pl-[15px] relative before:absolute before:w-[8px] before:h-[8px] before:bg-dark before:top-[8px] before:left-0 before:rounded-full\">M.2<\/li>\n<\/ul>\n<\/div>\n<li class=\"ml-3xs pl-[15px] relative before:absolute before:w-[8px] before:h-[8px] before:bg-dark before:top-[8px] before:left-0 before:rounded-full\">Anzahl int. USB 2.0: 4 St<\/li>\n<li class=\"ml-3xs pl-[15px] relative before:absolute before:w-[8px] before:h-[8px] before:bg-dark before:top-[8px] before:left-0 before:rounded-full\">Anzahl int. USB 3.2: 2 St<\/li>\n<li class=\"ml-3xs pl-[15px] relative before:absolute before:w-[8px] before:h-[8px] before:bg-dark before:top-[8px] before:left-0 before:rounded-full\">Anzahl int. USB-C: 1 St<\/li>\n<li class=\"ml-3xs pl-[15px] relative before:absolute before:w-[8px] before:h-[8px] before:bg-dark before:top-[8px] before:left-0 before:rounded-full\">PCIe Generation: 5.0<\/li>\n<li class=\"ml-3xs pl-[15px] relative before:absolute before:w-[8px] before:h-[8px] before:bg-dark before:top-[8px] before:left-0 before:rounded-full\">PCIe Steckpl\u00e4tze: <\/li>\n<div class=\"itemizedlist\">\n<ul class=\"flex flex-col gap-s\">\n<li class=\"ml-3xs pl-[15px] relative before:absolute before:w-[8px] before:h-[8px] before:bg-dark before:top-[8px] before:left-0 before:rounded-full\">PCIe 5.0<\/li>\n<li class=\"ml-3xs pl-[15px] relative before:absolute before:w-[8px] before:h-[8px] before:bg-dark before:top-[8px] before:left-0 before:rounded-full\">PCIe 4.0<\/li>\n<\/ul>\n<\/div>\n<li class=\"ml-3xs pl-[15px] relative before:absolute before:w-[8px] before:h-[8px] before:bg-dark before:top-[8px] before:left-0 before:rounded-full\">Anzahl PCIe 16x: 2 St<\/li>\n<li class=\"ml-3xs pl-[15px] relative before:absolute before:w-[8px] before:h-[8px] before:bg-dark before:top-[8px] before:left-0 before:rounded-full\">Anzahl PCIe 4.0: 1 St<\/li>\n<li class=\"ml-3xs pl-[15px] relative before:absolute before:w-[8px] before:h-[8px] before:bg-dark before:top-[8px] before:left-0 before:rounded-full\">Anzahl PCIe 5.0: 1 St<\/li>\n<li class=\"ml-3xs pl-[15px] relative before:absolute before:w-[8px] before:h-[8px] before:bg-dark before:top-[8px] before:left-0 before:rounded-full\">Anzahl SATA600: 4 St<\/li>\n<li class=\"ml-3xs pl-[15px] relative before:absolute before:w-[8px] before:h-[8px] before:bg-dark before:top-[8px] before:left-0 before:rounded-full\">Anzahl M.2: 5 St<\/li>\n<\/ul>\n<p><\/span><\/div>\n<\/div>\n<\/li>\n<li class=\"mb-m\">\n<div class=\"flex flex-col m:flex-row gap-s m:gap-xl\">\n<div class=\"text-h3 min-w-[244px] max-w-[244px]\">Arbeitsspeicher (RAM)<\/div>\n<div class=\"flex flex-col gap-s\"><span class=\"\"><\/p>\n<ul class=\"flex flex-col gap-s\">\n<li class=\"ml-3xs pl-[15px] relative before:absolute before:w-[8px] before:h-[8px] before:bg-dark before:top-[8px] before:left-0 before:rounded-full\">maximaler Arbeitsspeicher: 192 GB<\/li>\n<li class=\"ml-3xs pl-[15px] relative before:absolute before:w-[8px] before:h-[8px] before:bg-dark before:top-[8px] before:left-0 before:rounded-full\">RAM-Steckpl\u00e4tze frei: 4 St<\/li>\n<li class=\"ml-3xs pl-[15px] relative before:absolute before:w-[8px] before:h-[8px] before:bg-dark before:top-[8px] before:left-0 before:rounded-full\">RAM-Steckpl\u00e4tze gesamt: 4 St<\/li>\n<li class=\"ml-3xs pl-[15px] relative before:absolute before:w-[8px] before:h-[8px] before:bg-dark before:top-[8px] before:left-0 before:rounded-full\">Arbeitsspeicher-Typ: DDR5<\/li>\n<li class=\"ml-3xs pl-[15px] relative before:absolute before:w-[8px] before:h-[8px] before:bg-dark before:top-[8px] before:left-0 before:rounded-full\">PIN Anzahl: 288 PIN<\/li>\n<li class=\"ml-3xs pl-[15px] relative before:absolute before:w-[8px] before:h-[8px] before:bg-dark before:top-[8px] before:left-0 before:rounded-full\">Arbeitspeicher-Taktung: 8000 MHz<\/li>\n<\/ul>\n<p><\/span><\/div>\n<\/div>\n<\/li>\n<li class=\"mb-m\">\n<div class=\"flex flex-col m:flex-row gap-s m:gap-xl\">\n<div class=\"text-h3 min-w-[244px] max-w-[244px]\">Herstellergarantie<\/div>\n<div class=\"flex flex-col gap-s\"><span class=\"\"><\/p>\n<ul class=\"flex flex-col gap-s\">\n<li class=\"ml-3xs pl-[15px] relative before:absolute before:w-[8px] before:h-[8px] before:bg-dark before:top-[8px] before:left-0 before:rounded-full\">3 Jahre<\/li>\n<\/ul>\n<p><\/span><\/div>\n<\/div>\n<\/li>\n<li class=\"mb-m\">\n<div class=\"flex flex-col m:flex-row gap-s m:gap-xl\">\n<div class=\"text-h3 min-w-[244px] max-w-[244px]\">Kabellose Konnektivit\u00e4t<\/div>\n<div class=\"flex flex-col gap-s\"><span class=\"\"><\/p>\n<ul class=\"flex flex-col gap-s\">\n<li class=\"ml-3xs pl-[15px] relative before:absolute before:w-[8px] before:h-[8px] before:bg-dark before:top-[8px] before:left-0 before:rounded-full\">Kabellose \u00dcbertragungsm\u00f6glichkeiten: <\/li>\n<div class=\"itemizedlist\">\n<ul class=\"flex flex-col gap-s\">\n<li class=\"ml-3xs pl-[15px] relative before:absolute before:w-[8px] before:h-[8px] before:bg-dark before:top-[8px] before:left-0 before:rounded-full\">Bluetooth<\/li>\n<li class=\"ml-3xs pl-[15px] relative before:absolute before:w-[8px] before:h-[8px] before:bg-dark before:top-[8px] before:left-0 before:rounded-full\">WLAN<\/li>\n<\/ul>\n<\/div>\n<li class=\"ml-3xs pl-[15px] relative before:absolute before:w-[8px] before:h-[8px] before:bg-dark before:top-[8px] before:left-0 before:rounded-full\">WLAN Standard: Wi-Fi 7<\/li>\n<li class=\"ml-3xs pl-[15px] relative before:absolute before:w-[8px] before:h-[8px] before:bg-dark before:top-[8px] before:left-0 before:rounded-full\">WLAN Frequenzband: <\/li>\n<div class=\"itemizedlist\">\n<ul class=\"flex flex-col gap-s\">\n<li class=\"ml-3xs pl-[15px] relative before:absolute before:w-[8px] before:h-[8px] before:bg-dark before:top-[8px] before:left-0 before:rounded-full\">2,4 GHz<\/li>\n<li class=\"ml-3xs pl-[15px] relative before:absolute before:w-[8px] before:h-[8px] before:bg-dark before:top-[8px] before:left-0 before:rounded-full\">5 GHz<\/li>\n<li class=\"ml-3xs pl-[15px] relative before:absolute before:w-[8px] before:h-[8px] before:bg-dark before:top-[8px] before:left-0 before:rounded-full\">6 GHz<\/li>\n<\/ul>\n<\/div>\n<li class=\"ml-3xs pl-[15px] relative before:absolute before:w-[8px] before:h-[8px] before:bg-dark before:top-[8px] before:left-0 before:rounded-full\">Bluetooth Typ: 5.4<\/li>\n<\/ul>\n<p><\/span><\/div>\n<\/div>\n<\/li>\n<li class=\"mb-m\">\n<div class=\"flex flex-col m:flex-row gap-s m:gap-xl\">\n<div class=\"text-h3 min-w-[244px] max-w-[244px]\">Technische Eigenschaften<\/div>\n<div class=\"flex flex-col gap-s\"><span class=\"\"><\/p>\n<ul class=\"flex flex-col gap-s\">\n<li class=\"ml-3xs pl-[15px] relative before:absolute before:w-[8px] before:h-[8px] before:bg-dark before:top-[8px] before:left-0 before:rounded-full\">sonstige Eigenschaften: <\/li>\n<div class=\"itemizedlist\">\n<ul class=\"flex flex-col gap-s\">\n<li class=\"ml-3xs pl-[15px] relative before:absolute before:w-[8px] before:h-[8px] before:bg-dark before:top-[8px] before:left-0 before:rounded-full\">AMD RYZEN 7000 Serie<\/li>\n<li class=\"ml-3xs pl-[15px] relative before:absolute before:w-[8px] before:h-[8px] before:bg-dark before:top-[8px] before:left-0 before:rounded-full\">AMD RYZEN 8000 Serie<\/li>\n<li class=\"ml-3xs pl-[15px] relative before:absolute before:w-[8px] before:h-[8px] before:bg-dark before:top-[8px] before:left-0 before:rounded-full\">AMD RYZEN 9000 Serie<\/li>\n<\/ul>\n<\/div>\n<li class=\"ml-3xs pl-[15px] relative before:absolute before:w-[8px] before:h-[8px] before:bg-dark before:top-[8px] before:left-0 before:rounded-full\">Chipsatz: AMD B850<\/li>\n<li class=\"ml-3xs pl-[15px] relative before:absolute before:w-[8px] before:h-[8px] before:bg-dark before:top-[8px] before:left-0 before:rounded-full\">Formfaktor: ATX<\/li>\n<li class=\"ml-3xs pl-[15px] relative before:absolute before:w-[8px] before:h-[8px] before:bg-dark before:top-[8px] before:left-0 before:rounded-full\">RAID Level: RAID (0\/1\/5\/10)<\/li>\n<\/ul>\n<p><\/span><\/div>\n<\/div>\n<\/li>\n","protected":false},"excerpt":{"rendered":"<li class=\"bullet-list-item\">ATX Mainboard, Sockel AM5, AMD RYZEN 7000 Serie-AMD RYZEN 8000 Serie-AMD RYZEN 9000 Serie<\/li>\n<li class=\"bullet-list-item\">AMD B850 Chipsatz<\/li>\n<li class=\"bullet-list-item\">192 GB max. RAM, DDR5, bis zu 8000 MHz, 4 Steckpl\u00e4tze<\/li>\n<li class=\"bullet-list-item\">1x HDMI, 1x DP, 1x USB 4.0, 6x USB 3.2 <\/li>\n<li class=\"bullet-list-item\">1x PCIe 5.0, 1x PCIe 4.0, 4x SATA600, 5x M.2 <\/li>\n<p> Herstellernummer 90MB1J60-M0EAY0<\/p>","protected":false},"featured_media":55804,"comment_status":"open","ping_status":"closed","template":"","meta":{"_monsterinsights_skip_tracking":false,"_monsterinsights_sitenote_active":false,"_monsterinsights_sitenote_note":"","_monsterinsights_sitenote_category":0,"_uf_show_specific_survey":0,"_uf_disable_surveys":false},"product_brand":[],"product_cat":[512],"product_tag":[],"models":[],"years":[],"class_list":{"0":"post-55803","1":"product","2":"type-product","3":"status-publish","4":"has-post-thumbnail","6":"product_cat-komponenten","8":"first","9":"instock","10":"sale","11":"shipping-taxable","12":"purchasable","13":"product-type-simple"},"aioseo_notices":[],"acf":[],"_links":{"self":[{"href":"https:\/\/amannforg.com\/fr\/wp-json\/wp\/v2\/product\/55803","targetHints":{"allow":["GET"]}}],"collection":[{"href":"https:\/\/amannforg.com\/fr\/wp-json\/wp\/v2\/product"}],"about":[{"href":"https:\/\/amannforg.com\/fr\/wp-json\/wp\/v2\/types\/product"}],"replies":[{"embeddable":true,"href":"https:\/\/amannforg.com\/fr\/wp-json\/wp\/v2\/comments?post=55803"}],"version-history":[{"count":1,"href":"https:\/\/amannforg.com\/fr\/wp-json\/wp\/v2\/product\/55803\/revisions"}],"predecessor-version":[{"id":58352,"href":"https:\/\/amannforg.com\/fr\/wp-json\/wp\/v2\/product\/55803\/revisions\/58352"}],"wp:featuredmedia":[{"embeddable":true,"href":"https:\/\/amannforg.com\/fr\/wp-json\/wp\/v2\/media\/55804"}],"wp:attachment":[{"href":"https:\/\/amannforg.com\/fr\/wp-json\/wp\/v2\/media?parent=55803"}],"wp:term":[{"taxonomy":"product_brand","embeddable":true,"href":"https:\/\/amannforg.com\/fr\/wp-json\/wp\/v2\/product_brand?post=55803"},{"taxonomy":"product_cat","embeddable":true,"href":"https:\/\/amannforg.com\/fr\/wp-json\/wp\/v2\/product_cat?post=55803"},{"taxonomy":"product_tag","embeddable":true,"href":"https:\/\/amannforg.com\/fr\/wp-json\/wp\/v2\/product_tag?post=55803"},{"taxonomy":"models","embeddable":true,"href":"https:\/\/amannforg.com\/fr\/wp-json\/wp\/v2\/models?post=55803"},{"taxonomy":"years","embeddable":true,"href":"https:\/\/amannforg.com\/fr\/wp-json\/wp\/v2\/years?post=55803"}],"curies":[{"name":"wp","href":"https:\/\/api.w.org\/{rel}","templated":true}]}}