{"id":55827,"date":"2026-03-05T02:12:45","date_gmt":"2026-03-05T02:12:45","guid":{"rendered":"https:\/\/amannforg.com\/?post_type=product&#038;p=55827"},"modified":"2026-03-11T14:21:54","modified_gmt":"2026-03-11T14:21:54","slug":"gigabyte-geforce-rtx-5070-eagle-oc-ice-12g-grafikkarte-hdmi-dp","status":"publish","type":"product","link":"https:\/\/amannforg.com\/fr\/produit\/gigabyte-geforce-rtx-5070-eagle-oc-ice-12g-grafikkarte-hdmi-dp\/","title":{"rendered":"GIGABYTE GeForce RTX 5070 EAGLE OC ICE 12G Grafikkarte HDMI\/DP"},"content":{"rendered":"<div class=\"titlepage\">\n<h2 class=\"text-h3 mb-l\">GIGABYTE GeForce RTX 5070 EAGLE OC ICE 12G Grafikkarte HDMI\/DP<\/h2>\n<\/div>\n<div class=\"itemizedlist\">\n<ul class=\"bullet-list\">\n<li class=\"bullet-list-item\">Angetrieben durch die NVIDIA Blackwell-Architektur und DLSS 4<\/li>\n<li class=\"bullet-list-item\">Angetrieben durch GeForce RTX\u2122 5070<\/li>\n<li class=\"bullet-list-item\">Integriert mit 12 GB GDDR7 192-Bit-Speicherschnittstelle<\/li>\n<li class=\"bullet-list-item\">WINDFORCE-K\u00fchlsystem<\/li>\n<li class=\"bullet-list-item\">Hawk-L\u00fcfter<\/li>\n<li class=\"bullet-list-item\">W\u00e4rmeleitpaste in Serverqualit\u00e4t<\/li>\n<li class=\"bullet-list-item\">RGB Lightning<\/li>\n<li class=\"bullet-list-item\">NVIDIA SFF-ready<\/li>\n<li class=\"bullet-list-item\">Verst\u00e4rkte Struktur<\/li>\n<\/ul>\n<\/div>\n<p>GeForce RTX 50-SerieGame ChangerDie GPUs der GeForce RTX\u2122 50-Serie mit der Leistung von NVIDIA Blackwell bieten Gamern und Creators bahnbrechende Funktionen. Ausgestattet mit einer enormen AI-Leistung erm\u00f6glicht die RTX 50-Serie neue Erfahrungen und lebensechte Grafik wie noch nie. Vervielfache mit NVIDIA DLSS 4 die Leistung, generiere Bilder in beispielloser Geschwindigkeit und lasse deiner Kreativit\u00e4t mit NVIDIA Studio freien Lauf.NVIDIA Blackwell-ArchitekturDie ultimative Plattform f\u00fcr Gamer und Kreative<\/p>\n<div class=\"itemizedlist\">\n<ul class=\"bullet-list\">\n<li class=\"bullet-list-item\">Tensor-Recheneinheiten der 5. Generation<\/li>\n<li class=\"bullet-list-item\">Maximale AI-Leistung mit FP4 und DLSS 4Neue Streaming-Multiprozessoren<\/li>\n<li class=\"bullet-list-item\">F\u00fcr neuronale Shader optimiertRaytracing der 4. Generation<\/li>\n<li class=\"bullet-list-item\">F\u00fcr Mega Geometry entwickelt<\/li>\n<\/ul>\n<\/div>\n<p>RTX. It\u2019s On.Ultimatives Raytracing und AIRTX ist die fortschrittlichste Plattform f\u00fcr vollst\u00e4ndiges Raytracing und neuronale Technologien, die die Art und Weise, wie wir spielen und kreativ werden, revolutioniert. Mehr als 700 Top-Spiele und Anwendungen nutzen RTX, um realistische Grafiken und unglaublich schnelle Leistung mit modernsten AI-Funktionen wie DLSS Multiframe-Erstellung zu liefern.NVIDIA DLSS 4\u00dcberragende Geschwindigkeit.\u00dcberlegene Grafik. Durch AI unterst\u00fctzt.DLSS ist eine revolution\u00e4re Sammlung neuronaler Rendering-Technologien, die AI nutzt, um die FPS zu erh\u00f6hen, die Latenz zu reduzieren und die Bildqualit\u00e4t zu verbessern. Der neueste Durchbruch, DLSS 4, bringt eine neue Multi-Frame-Generation und verbesserte Ray- Reconstruction und Super Resolution, angetrieben von GeForce RTX\u2122 50 Series GPUs und Tensor Kernen der f\u00fcnften Generation. DLSS auf GeForce RTX ist die beste Art zu spielen, unterst\u00fctzt von einem NVIDIA AI-Supercomputer in der Cloud, der die Gaming-F\u00e4higkeiten deines PCs st\u00e4ndig verbessert.Vollst\u00e4ndiges Raytracing mit neuronalem RenderingBahnbrechender RealismusDie NVIDIA Blackwell-Architektur erm\u00f6glicht den bahnbrechenden Realismus von vollst\u00e4ndigem Raytracing. Erlebe Grafik in Kinoqualit\u00e4t mit beispielloser Geschwindigkeit mit der GeForce RTX 50-Serie mit RT-Recheneinheiten der vierten Generation und neuronalen Rendering-Technologien, beschleunigt durch Tensor-Recheneinheiten der f\u00fcnften Generation.NVIDIA Reflex 2Tritt mit Warp-Geschwindigkeit an.Die Reflex-Technologien optimieren die Grafikpipeline f\u00fcr bestm\u00f6gliche Reaktionsgeschwindigkeit und bieten eine schnellere Zielerfassung, k\u00fcrzere Reaktionszeiten sowie verbesserte Zielgenauigkeit in wettbewerbsorientierten Spielen. Reflex 2 f\u00fchrt Frame Warp ein, womit sich die Latenz in Bezug auf die letzte Mauseingabe des Spiels noch weiter reduziert \u2013 demn\u00e4chst erh\u00e4ltlich!RTX-AI-PCsNVIDIA Powers the World\u2019s AI. And Yours.Steige auf fortschrittliche AI mit NVIDIA GeForce RTX\u2122-Grafikkarten um und beschleunige dein Gaming, deine Erstellung von Inhalten, deine Produktivit\u00e4t und die Entwicklung. Dank integrierter AI-Prozessoren erh\u00e4ltst du die weltweit f\u00fchrende AI-Technologie f\u00fcr deinen Windows-PC.KreativeDein kreativer AI-VorteilNVIDIA Studio ist dein kreativer Vorteil. Die GeForce RTX 50-Serie bietet transformative Leistung bei Videobearbeitung, 3D-Rendering und Grafikdesign. Erlebe RTX-Beschleunigungen in kreativen Top-Apps, erstklassige NVIDIA Studio-Treiber, die f\u00fcr maximale Stabilit\u00e4t entwickelt wurden und stetig weiterentwickelt werden sowie eine Suite exklusiver Tools, die die Leistung von RTX f\u00fcr AI-gest\u00fctzte kreative Workflows nutzen.  <\/p>\n<li class=\"mb-m\">\n<div class=\"flex flex-col m:flex-row gap-s m:gap-xl\">\n<div class=\"text-h3 min-w-[244px] max-w-[244px]\">Grafik<\/div>\n<div class=\"flex flex-col gap-s\"><span class=\"\"><\/p>\n<ul class=\"flex flex-col gap-s\">\n<li class=\"ml-3xs pl-[15px] relative before:absolute before:w-[8px] before:h-[8px] before:bg-dark before:top-[8px] before:left-0 before:rounded-full\">Grafikchiphersteller: NVIDIA<\/li>\n<li class=\"ml-3xs pl-[15px] relative before:absolute before:w-[8px] before:h-[8px] before:bg-dark before:top-[8px] before:left-0 before:rounded-full\">Grafikchip: GeForce RTX 5070<\/li>\n<li class=\"ml-3xs pl-[15px] relative before:absolute before:w-[8px] before:h-[8px] before:bg-dark before:top-[8px] before:left-0 before:rounded-full\">Recheneinheiten: 6144 St<\/li>\n<li class=\"ml-3xs pl-[15px] relative before:absolute before:w-[8px] before:h-[8px] before:bg-dark before:top-[8px] before:left-0 before:rounded-full\">dedizierter Grafikspeicher: 12288 MB<\/li>\n<li class=\"ml-3xs pl-[15px] relative before:absolute before:w-[8px] before:h-[8px] before:bg-dark before:top-[8px] before:left-0 before:rounded-full\">Grafikspeichertyp: GDDR7<\/li>\n<li class=\"ml-3xs pl-[15px] relative before:absolute before:w-[8px] before:h-[8px] before:bg-dark before:top-[8px] before:left-0 before:rounded-full\">Speicher Taktung: 14000 MHz<\/li>\n<li class=\"ml-3xs pl-[15px] relative before:absolute before:w-[8px] before:h-[8px] before:bg-dark before:top-[8px] before:left-0 before:rounded-full\">Grafikspeicher-Interface: 192 bit<\/li>\n<li class=\"ml-3xs pl-[15px] relative before:absolute before:w-[8px] before:h-[8px] before:bg-dark before:top-[8px] before:left-0 before:rounded-full\">K\u00fchlung: Aktiv<\/li>\n<li class=\"ml-3xs pl-[15px] relative before:absolute before:w-[8px] before:h-[8px] before:bg-dark before:top-[8px] before:left-0 before:rounded-full\">Bauh\u00f6he\/Sloth\u00f6he: 2,5-Slot<\/li>\n<li class=\"ml-3xs pl-[15px] relative before:absolute before:w-[8px] before:h-[8px] before:bg-dark before:top-[8px] before:left-0 before:rounded-full\">Grafikkarten-Features: Werkseitig \u00fcbertaktet<\/li>\n<li class=\"ml-3xs pl-[15px] relative before:absolute before:w-[8px] before:h-[8px] before:bg-dark before:top-[8px] before:left-0 before:rounded-full\">Grafikchip-Familie: GeForce RTX 5070<\/li>\n<li class=\"ml-3xs pl-[15px] relative before:absolute before:w-[8px] before:h-[8px] before:bg-dark before:top-[8px] before:left-0 before:rounded-full\">Grafikchip-Architektur: Blackwell<\/li>\n<\/ul>\n<p><\/span><\/div>\n<\/div>\n<\/li>\n<li class=\"mb-m\">\n<div class=\"flex flex-col m:flex-row gap-s m:gap-xl\">\n<div class=\"text-h3 min-w-[244px] max-w-[244px]\">Version<\/div>\n<div class=\"flex flex-col gap-s\"><span class=\"\"><\/p>\n<ul class=\"flex flex-col gap-s\">\n<li class=\"ml-3xs pl-[15px] relative before:absolute before:w-[8px] before:h-[8px] before:bg-dark before:top-[8px] before:left-0 before:rounded-full\">Retail Version<\/li>\n<\/ul>\n<p><\/span><\/div>\n<\/div>\n<\/li>\n<li class=\"mb-m\">\n<div class=\"flex flex-col m:flex-row gap-s m:gap-xl\">\n<div class=\"text-h3 min-w-[244px] max-w-[244px]\">Einsatzbereich<\/div>\n<div class=\"flex flex-col gap-s\"><span class=\"\"><\/p>\n<ul class=\"flex flex-col gap-s\">\n<li class=\"ml-3xs pl-[15px] relative before:absolute before:w-[8px] before:h-[8px] before:bg-dark before:top-[8px] before:left-0 before:rounded-full\">Anwenderklasse: Mittelklasse<\/li>\n<li class=\"ml-3xs pl-[15px] relative before:absolute before:w-[8px] before:h-[8px] before:bg-dark before:top-[8px] before:left-0 before:rounded-full\">Einsatzzweck: Spielen<\/li>\n<li class=\"ml-3xs pl-[15px] relative before:absolute before:w-[8px] before:h-[8px] before:bg-dark before:top-[8px] before:left-0 before:rounded-full\">Einsatzbereich: Consumer<\/li>\n<li class=\"ml-3xs pl-[15px] relative before:absolute before:w-[8px] before:h-[8px] before:bg-dark before:top-[8px] before:left-0 before:rounded-full\">Anwendungsgebiet: Gaming<\/li>\n<li class=\"ml-3xs pl-[15px] relative before:absolute before:w-[8px] before:h-[8px] before:bg-dark before:top-[8px] before:left-0 before:rounded-full\">Einsatzgebiet: Gaming<\/li>\n<\/ul>\n<p><\/span><\/div>\n<\/div>\n<\/li>\n<li class=\"mb-m\">\n<div class=\"flex flex-col m:flex-row gap-s m:gap-xl\">\n<div class=\"text-h3 min-w-[244px] max-w-[244px]\">empfohlenes Netzteil<\/div>\n<div class=\"flex flex-col gap-s\"><span class=\"\"><\/p>\n<ul class=\"flex flex-col gap-s\">\n<li class=\"ml-3xs pl-[15px] relative before:absolute before:w-[8px] before:h-[8px] before:bg-dark before:top-[8px] before:left-0 before:rounded-full\">750 W<\/li>\n<\/ul>\n<p><\/span><\/div>\n<\/div>\n<\/li>\n<li class=\"mb-m\">\n<div class=\"flex flex-col m:flex-row gap-s m:gap-xl\">\n<div class=\"text-h3 min-w-[244px] max-w-[244px]\">interne Anschl\u00fcsse<\/div>\n<div class=\"flex flex-col gap-s\"><span class=\"\"><\/p>\n<ul class=\"flex flex-col gap-s\">\n<li class=\"ml-3xs pl-[15px] relative before:absolute before:w-[8px] before:h-[8px] before:bg-dark before:top-[8px] before:left-0 before:rounded-full\">int. Anschl\u00fcsse: Stromanschlu\u00df 16-Pin<\/li>\n<li class=\"ml-3xs pl-[15px] relative before:absolute before:w-[8px] before:h-[8px] before:bg-dark before:top-[8px] before:left-0 before:rounded-full\">PCIe Generation: 5.0<\/li>\n<\/ul>\n<p><\/span><\/div>\n<\/div>\n<\/li>\n<li class=\"mb-m\">\n<div class=\"flex flex-col m:flex-row gap-s m:gap-xl\">\n<div class=\"text-h3 min-w-[244px] max-w-[244px]\">externe Anschl\u00fcsse<\/div>\n<div class=\"flex flex-col gap-s\"><span class=\"\"><\/p>\n<ul class=\"flex flex-col gap-s\">\n<li class=\"ml-3xs pl-[15px] relative before:absolute before:w-[8px] before:h-[8px] before:bg-dark before:top-[8px] before:left-0 before:rounded-full\">Anzahl Displayport: 3 St<\/li>\n<li class=\"ml-3xs pl-[15px] relative before:absolute before:w-[8px] before:h-[8px] before:bg-dark before:top-[8px] before:left-0 before:rounded-full\">Anzahl HDMI: 1 St<\/li>\n<\/ul>\n<p><\/span><\/div>\n<\/div>\n<\/li>\n<li class=\"mb-m\">\n<div class=\"flex flex-col m:flex-row gap-s m:gap-xl\">\n<div class=\"text-h3 min-w-[244px] max-w-[244px]\">Abmessungen \/ Gewicht<\/div>\n<div class=\"flex flex-col gap-s\"><span class=\"\"><\/p>\n<ul class=\"flex flex-col gap-s\">\n<li class=\"ml-3xs pl-[15px] relative before:absolute before:w-[8px] before:h-[8px] before:bg-dark before:top-[8px] before:left-0 before:rounded-full\">Breite: 290 mm<\/li>\n<li class=\"ml-3xs pl-[15px] relative before:absolute before:w-[8px] before:h-[8px] before:bg-dark before:top-[8px] before:left-0 before:rounded-full\">H\u00f6he: 120 mm<\/li>\n<li class=\"ml-3xs pl-[15px] relative before:absolute before:w-[8px] before:h-[8px] before:bg-dark before:top-[8px] before:left-0 before:rounded-full\">Tiefe: 50 mm<\/li>\n<\/ul>\n<p><\/span><\/div>\n<\/div>\n<\/li>\n<li class=\"mb-m\">\n<div class=\"flex flex-col m:flex-row gap-s m:gap-xl\">\n<div class=\"text-h3 min-w-[244px] max-w-[244px]\">Technische Eigenschaften<\/div>\n<div class=\"flex flex-col gap-s\"><span class=\"\"><\/p>\n<ul class=\"flex flex-col gap-s\">\n<li class=\"ml-3xs pl-[15px] relative before:absolute before:w-[8px] before:h-[8px] before:bg-dark before:top-[8px] before:left-0 before:rounded-full\">sonstige Eigenschaften: DirectX 12<\/li>\n<li class=\"ml-3xs pl-[15px] relative before:absolute before:w-[8px] before:h-[8px] before:bg-dark before:top-[8px] before:left-0 before:rounded-full\">Kompatibilit\u00e4t: <\/li>\n<div class=\"itemizedlist\">\n<ul class=\"flex flex-col gap-s\">\n<li class=\"ml-3xs pl-[15px] relative before:absolute before:w-[8px] before:h-[8px] before:bg-dark before:top-[8px] before:left-0 before:rounded-full\">Windows 11<\/li>\n<li class=\"ml-3xs pl-[15px] relative before:absolute before:w-[8px] before:h-[8px] before:bg-dark before:top-[8px] before:left-0 before:rounded-full\">Windows 8<\/li>\n<li class=\"ml-3xs pl-[15px] relative before:absolute before:w-[8px] before:h-[8px] before:bg-dark before:top-[8px] before:left-0 before:rounded-full\">Windows 7<\/li>\n<li class=\"ml-3xs pl-[15px] relative before:absolute before:w-[8px] before:h-[8px] before:bg-dark before:top-[8px] before:left-0 before:rounded-full\">Windows 10<\/li>\n<\/ul>\n<\/div>\n<\/ul>\n<p><\/span><\/div>\n<\/div>\n<\/li>\n","protected":false},"excerpt":{"rendered":"<li class=\"bullet-list-item\">NVIDIA GeForce RTX 5070; Blackwell Architektur<\/li>\n<li class=\"bullet-list-item\">12 GB GDDR7-RAM ( Speicherinterface)<\/li>\n<li class=\"bullet-list-item\">Core\/Memorytakt:  MHz<\/li>\n<li class=\"bullet-list-item\">1x HDMI, 3x DP, H\u00f6he: 2,5-Slot<\/li>\n<li class=\"bullet-list-item\">DirectX 12<\/li>\n<p> Herstellernummer GV-N5070EAGLEOC ICE-12GD<\/p>","protected":false},"featured_media":55828,"comment_status":"open","ping_status":"closed","template":"","meta":{"_monsterinsights_skip_tracking":false,"_monsterinsights_sitenote_active":false,"_monsterinsights_sitenote_note":"","_monsterinsights_sitenote_category":0,"_uf_show_specific_survey":0,"_uf_disable_surveys":false},"product_brand":[],"product_cat":[512],"product_tag":[],"models":[],"years":[],"class_list":{"0":"post-55827","1":"product","2":"type-product","3":"status-publish","4":"has-post-thumbnail","6":"product_cat-komponenten","8":"first","9":"instock","10":"sale","11":"shipping-taxable","12":"purchasable","13":"product-type-simple"},"aioseo_notices":[],"acf":[],"_links":{"self":[{"href":"https:\/\/amannforg.com\/fr\/wp-json\/wp\/v2\/product\/55827","targetHints":{"allow":["GET"]}}],"collection":[{"href":"https:\/\/amannforg.com\/fr\/wp-json\/wp\/v2\/product"}],"about":[{"href":"https:\/\/amannforg.com\/fr\/wp-json\/wp\/v2\/types\/product"}],"replies":[{"embeddable":true,"href":"https:\/\/amannforg.com\/fr\/wp-json\/wp\/v2\/comments?post=55827"}],"version-history":[{"count":1,"href":"https:\/\/amannforg.com\/fr\/wp-json\/wp\/v2\/product\/55827\/revisions"}],"predecessor-version":[{"id":58354,"href":"https:\/\/amannforg.com\/fr\/wp-json\/wp\/v2\/product\/55827\/revisions\/58354"}],"wp:featuredmedia":[{"embeddable":true,"href":"https:\/\/amannforg.com\/fr\/wp-json\/wp\/v2\/media\/55828"}],"wp:attachment":[{"href":"https:\/\/amannforg.com\/fr\/wp-json\/wp\/v2\/media?parent=55827"}],"wp:term":[{"taxonomy":"product_brand","embeddable":true,"href":"https:\/\/amannforg.com\/fr\/wp-json\/wp\/v2\/product_brand?post=55827"},{"taxonomy":"product_cat","embeddable":true,"href":"https:\/\/amannforg.com\/fr\/wp-json\/wp\/v2\/product_cat?post=55827"},{"taxonomy":"product_tag","embeddable":true,"href":"https:\/\/amannforg.com\/fr\/wp-json\/wp\/v2\/product_tag?post=55827"},{"taxonomy":"models","embeddable":true,"href":"https:\/\/amannforg.com\/fr\/wp-json\/wp\/v2\/models?post=55827"},{"taxonomy":"years","embeddable":true,"href":"https:\/\/amannforg.com\/fr\/wp-json\/wp\/v2\/years?post=55827"}],"curies":[{"name":"wp","href":"https:\/\/api.w.org\/{rel}","templated":true}]}}