{"id":57081,"date":"2026-03-05T02:39:49","date_gmt":"2026-03-05T02:39:49","guid":{"rendered":"https:\/\/amannforg.com\/?post_type=product&#038;p=57081"},"modified":"2026-03-13T11:20:05","modified_gmt":"2026-03-13T11:20:05","slug":"schubladencontainer-rollen-579x600-1-materials-1-hangereg-alu-gelbgrun-weis","status":"publish","type":"product","link":"https:\/\/amannforg.com\/fr\/produit\/schubladencontainer-rollen-579x600-1-materials-1-hangereg-alu-gelbgrun-weis\/","title":{"rendered":"Schubladencontainer, Rollen, 579&#215;600, 1 Materials.,1 H\u00e4ngereg, alu\/gelbgr\u00fcn\/wei\u00df"},"content":{"rendered":"<div class=\"article\">\n<div class=\"titlepage\">\n<h2 class=\"text-h3 mb-l\">Schubladencontainer mit Rollen, HxT 579 x 600 mm<\/h2>\n<\/div>\n<div class=\"itemizedlist\">\n<ul class=\"bullet-list\">\n<li class=\"bullet-list-item\">\n<p class=\"mb-l\">Schubladencontainer mit Rollen, HxT 579 x 600 mm<\/p>\n<\/li>\n<li class=\"bullet-list-item\">\n<p class=\"mb-l\">1 Materialschub<\/p>\n<\/li>\n<li class=\"bullet-list-item\">\n<p class=\"mb-l\">1 H\u00e4ngeregistratur<\/p>\n<\/li>\n<li class=\"bullet-list-item\">\n<p class=\"mb-l\">wei\u00dfaluminium \/ gelbgr\u00fcn \/ wei\u00df<\/p>\n<\/li>\n<li class=\"bullet-list-item\">\n<p class=\"mb-l\">Anlieferung erfolgt montiert<\/p>\n<\/li>\n<li class=\"bullet-list-item\">\n<p class=\"mb-l\">H\u00f6he: 579 mm<\/p>\n<\/li>\n<li class=\"bullet-list-item\">\n<p class=\"mb-l\">Breite: 417 mm<\/p>\n<\/li>\n<li class=\"bullet-list-item\">\n<p class=\"mb-l\">Tiefe: 600 mm<\/p>\n<\/li>\n<li class=\"bullet-list-item\">\n<p class=\"mb-l\">Utensilienschub: ja<\/p>\n<\/li>\n<li class=\"bullet-list-item\">\n<p class=\"mb-l\">Anzahl H\u00e4ngeregistratursch\u00fcbe: 1 St\u00fcck<\/p>\n<\/li>\n<li class=\"bullet-list-item\">\n<p class=\"mb-l\">Auszug H\u00e4ngeregistratur: Vollauszug<\/p>\n<\/li>\n<li class=\"bullet-list-item\">\n<p class=\"mb-l\">Innenma\u00dfe H\u00e4ngeregistratur HxBxT = 280x330x485 mm<\/p>\n<\/li>\n<li class=\"bullet-list-item\">\n<p class=\"mb-l\">Anzahl Materialsch\u00fcbe: 1 St\u00fcck<\/p>\n<\/li>\n<li class=\"bullet-list-item\">\n<p class=\"mb-l\">Auszug Materialschub: 75%<\/p>\n<\/li>\n<li class=\"bullet-list-item\">\n<p class=\"mb-l\">Innenma\u00dfe Materialschub HxBxT: 130x330x485 mm<\/p>\n<\/li>\n<li class=\"bullet-list-item\">\n<p class=\"mb-l\">Produkttyp: Rollcontainer<\/p>\n<\/li>\n<li class=\"bullet-list-item\">\n<p class=\"mb-l\">Material: Stahl, pulverbeschichtet<\/p>\n<\/li>\n<li class=\"bullet-list-item\">\n<p class=\"mb-l\">Korpusfarbe: lichtgrau RAL 7035<\/p>\n<\/li>\n<li class=\"bullet-list-item\">\n<p class=\"mb-l\">Korpusst\u00e4rke: 0.75 mm<\/p>\n<\/li>\n<li class=\"bullet-list-item\">\n<p class=\"mb-l\">Schubladenmaterial: Stahlblech<\/p>\n<\/li>\n<li class=\"bullet-list-item\">\n<p class=\"mb-l\">Schubladenfarbe:gelbgr\u00fcn RAL 6018<\/p>\n<\/li>\n<li class=\"bullet-list-item\">\n<p class=\"mb-l\">Schubladentraglast: 18 kg<\/p>\n<\/li>\n<li class=\"bullet-list-item\">\n<p class=\"mb-l\">Schubladen-Anzahl\/Gr\u00f6\u00dfe: 1 Stk HxBxT 130x330x485 mm, 1 Stk 280x330x485 mm<\/p>\n<\/li>\n<li class=\"bullet-list-item\">\n<p class=\"mb-l\">Schubladenf\u00fchrung: mit kugelgelagerten Teleskopausz\u00fcgen<\/p>\n<\/li>\n<li class=\"bullet-list-item\">\n<p class=\"mb-l\">Eigenschaft: verschlie\u00dfbar, Auszugsperre<\/p>\n<\/li>\n<li class=\"bullet-list-item\">\n<p class=\"mb-l\">Radausstattung: 4 Rollen, davon 2 feststellbar<\/p>\n<\/li>\n<li class=\"bullet-list-item\">\n<p class=\"mb-l\">Raddurchmesser: 35 mm<\/p>\n<\/li>\n<li class=\"bullet-list-item\">\n<p class=\"mb-l\">Plattenst\u00e4rke: 19 mm<\/p>\n<\/li>\n<li class=\"bullet-list-item\">\n<p class=\"mb-l\">Hochwertige Schubladenf\u00fchrung mit Selbsteinzug und D\u00e4mpfung<\/p>\n<\/li>\n<li class=\"bullet-list-item\">\n<p class=\"mb-l\">Alle Ausf\u00fchrungen mit Utensilienschub<\/p>\n<\/li>\n<li class=\"bullet-list-item\">\n<p class=\"mb-l\">Materialsch\u00fcbe 75%, H\u00e4ngeregistraturen 100% ausziehbar<\/p>\n<\/li>\n<li class=\"bullet-list-item\">\n<p class=\"mb-l\">Schubladen mit Griffrinnen auf beiden Seiten und geschlossenem Boden<\/p>\n<\/li>\n<li class=\"bullet-list-item\">\n<p class=\"mb-l\">Hochwertige F\u00fchrungen mit Selbsteinzug und D\u00e4mpfung<\/p>\n<\/li>\n<li class=\"bullet-list-item\">\n<p class=\"mb-l\">Auszugssperre und Drehzylinderschloss, verschiedenschlie\u00dfend<\/p>\n<\/li>\n<li class=\"bullet-list-item\">\n<p class=\"mb-l\">Stabiler, verschwei\u00dfter Stahlblechkorpus mit hochwertiger Einbrennlackierung<\/p>\n<\/li>\n<li class=\"bullet-list-item\">\n<p class=\"mb-l\">Abdeckplatte melaminharzbeschichtet 19 mm mit ABS-Umleimer<\/p>\n<\/li>\n<li class=\"bullet-list-item\">\n<p class=\"mb-l\">1 Materialschub, 1 H\u00e4ngeregistratur, kleine Schublade mit Teilauszug, gro\u00dfe Schublade mit Vollauszug<\/p>\n<\/li>\n<\/ul>\n<\/div><\/div>\n<li class=\"mb-m\">\n<div class=\"flex flex-col m:flex-row gap-s m:gap-xl\">\n<div class=\"text-h3 min-w-[244px] max-w-[244px]\">Ger\u00e4tetyp<\/div>\n<div class=\"flex flex-col gap-s\"><span class=\"ml-3xs pl-[15px] relative before:absolute before:w-[8px] before:h-[8px] before:bg-dark before:top-[8px] before:left-0 before:rounded-full\">Rollcontainer<\/span><\/div>\n<\/div>\n<\/li>\n","protected":false},"excerpt":{"rendered":"<li class=\"bullet-list-item\">Hochwertige Schubladenf\u00fchrung mit Selbsteinzug und D\u00e4mpfung.<\/li>\n<li class=\"bullet-list-item\">Alle Ausf\u00fchrungen mit Utensilienschub.<\/li>\n<li class=\"bullet-list-item\">Materialsch\u00fcbe 75%, H\u00e4ngeregistraturen 100% ausziehbar.<\/li>\n<p> Herstellernummer 791001CP<\/p>","protected":false},"featured_media":57083,"comment_status":"open","ping_status":"closed","template":"","meta":{"_monsterinsights_skip_tracking":false,"_monsterinsights_sitenote_active":false,"_monsterinsights_sitenote_note":"","_monsterinsights_sitenote_category":0,"_uf_show_specific_survey":0,"_uf_disable_surveys":false},"product_brand":[],"product_cat":[514],"product_tag":[],"models":[],"years":[],"class_list":{"0":"post-57081","1":"product","2":"type-product","3":"status-publish","4":"has-post-thumbnail","6":"product_cat-buromobel","8":"first","9":"instock","10":"sale","11":"featured","12":"shipping-taxable","13":"purchasable","14":"product-type-simple"},"aioseo_notices":[],"acf":[],"_links":{"self":[{"href":"https:\/\/amannforg.com\/fr\/wp-json\/wp\/v2\/product\/57081","targetHints":{"allow":["GET"]}}],"collection":[{"href":"https:\/\/amannforg.com\/fr\/wp-json\/wp\/v2\/product"}],"about":[{"href":"https:\/\/amannforg.com\/fr\/wp-json\/wp\/v2\/types\/product"}],"replies":[{"embeddable":true,"href":"https:\/\/amannforg.com\/fr\/wp-json\/wp\/v2\/comments?post=57081"}],"version-history":[{"count":1,"href":"https:\/\/amannforg.com\/fr\/wp-json\/wp\/v2\/product\/57081\/revisions"}],"predecessor-version":[{"id":58358,"href":"https:\/\/amannforg.com\/fr\/wp-json\/wp\/v2\/product\/57081\/revisions\/58358"}],"wp:featuredmedia":[{"embeddable":true,"href":"https:\/\/amannforg.com\/fr\/wp-json\/wp\/v2\/media\/57083"}],"wp:attachment":[{"href":"https:\/\/amannforg.com\/fr\/wp-json\/wp\/v2\/media?parent=57081"}],"wp:term":[{"taxonomy":"product_brand","embeddable":true,"href":"https:\/\/amannforg.com\/fr\/wp-json\/wp\/v2\/product_brand?post=57081"},{"taxonomy":"product_cat","embeddable":true,"href":"https:\/\/amannforg.com\/fr\/wp-json\/wp\/v2\/product_cat?post=57081"},{"taxonomy":"product_tag","embeddable":true,"href":"https:\/\/amannforg.com\/fr\/wp-json\/wp\/v2\/product_tag?post=57081"},{"taxonomy":"models","embeddable":true,"href":"https:\/\/amannforg.com\/fr\/wp-json\/wp\/v2\/models?post=57081"},{"taxonomy":"years","embeddable":true,"href":"https:\/\/amannforg.com\/fr\/wp-json\/wp\/v2\/years?post=57081"}],"curies":[{"name":"wp","href":"https:\/\/api.w.org\/{rel}","templated":true}]}}