{"id":57126,"date":"2026-03-05T02:40:47","date_gmt":"2026-03-05T02:40:47","guid":{"rendered":"https:\/\/amannforg.com\/?post_type=product&#038;p=57126"},"modified":"2026-03-11T14:21:54","modified_gmt":"2026-03-11T14:21:54","slug":"schubladencontainer-m-rollen-579x800-kunststoffpl-3-schubl-weis-alu","status":"publish","type":"product","link":"https:\/\/amannforg.com\/fr\/produit\/schubladencontainer-m-rollen-579x800-kunststoffpl-3-schubl-weis-alu\/","title":{"rendered":"Schubladencontainer m. Rollen, 579&#215;800, Kunststoffpl., 3 Schubl. wei\u00df\/alu"},"content":{"rendered":"<div class=\"article\">\n<p class=\"mb-l\">Schubladencontainer mit Rollen, HxT 579 x 800 mm, Kunststoffplatte, 3 Schubladen, reinwei\u00df \/ wei\u00dfaluminium \/ wei\u00df. Anlieferung = montiert. H\u00f6he = 579 mm. Breite = 417 mm. Tiefe = 800 mm. Utensilienschub = ja. Anzahl Materialsch\u00fcbe = 3 St\u00fcck. Auszug Materialschub = 75%. Innenma\u00dfe Materialschub HxBxT = 130x330x685 mm. Produkttyp = Rollcontainer. Material = Stahl, pulverbeschichtet. Korpusfarbe = reinwei\u00df RAL 9010. Korpusst\u00e4rke = 0.75 mm. Schubladenmaterial = Stahlblech. Schubladenfarbe = wei\u00dfaluminium RAL 9006. Schubladentraglast = 18 kg. Schubladen-Anzahl\/Gr\u00f6\u00dfe = 3 Stk HxBxT 130x330x685 mm. Schubladenf\u00fchrung = mit kugelgelagerten Teleskopausz\u00fcgen. Eigenschaft = verschlie\u00dfbar, Auszugsperre. Radausstattung = 4 Rollen, davon 2 feststellbar. Raddurchmesser = 35 mm. Plattenst\u00e4rke = 19 mm. Hochwertige Schubladenf\u00fchrung mit Selbsteinzug und D\u00e4mpfung. Alle Ausf\u00fchrungen mit Utensilienschub. Materialsch\u00fcbe 75%, H\u00e4ngeregistraturen 100% ausziehbar. Schubladen mit Griffrinnen auf beiden Seiten und geschlossenem Boden. Hochwertige F\u00fchrungen mit Selbsteinzug und D\u00e4mpfung. Auszugssperre und Drehzylinderschloss, verschiedenschlie\u00dfend. Stabiler, verschwei\u00dfter Stahlblechkorpus mit hochwertiger Einbrennlackierung. Abdeckplatte melaminharzbeschichtet 19 mm mit ABS-Umleimer. 3 Schubladen auf kugelgelagerten Teleskopschienen, Teilauszug. Montierte Anlieferung.<\/p>\n<\/p><\/div>\n<li class=\"mb-m\">\n<div class=\"flex flex-col m:flex-row gap-s m:gap-xl\">\n<div class=\"text-h3 min-w-[244px] max-w-[244px]\">Ger\u00e4tetyp<\/div>\n<div class=\"flex flex-col gap-s\"><span class=\"ml-3xs pl-[15px] relative before:absolute before:w-[8px] before:h-[8px] before:bg-dark before:top-[8px] before:left-0 before:rounded-full\">Rollcontainer<\/span><\/div>\n<\/div>\n<\/li>\n","protected":false},"excerpt":{"rendered":"<li class=\"bullet-list-item\">Hochwertige Schubladenf\u00fchrung mit Selbsteinzug und D\u00e4mpfung.<\/li>\n<li class=\"bullet-list-item\">Alle Ausf\u00fchrungen mit Utensilienschub.<\/li>\n<li class=\"bullet-list-item\">Materialsch\u00fcbe 75%, H\u00e4ngeregistraturen 100% ausziehbar.<\/li>\n<p> Herstellernummer 791004CO<\/p>","protected":false},"featured_media":57143,"comment_status":"open","ping_status":"closed","template":"","meta":{"_monsterinsights_skip_tracking":false,"_monsterinsights_sitenote_active":false,"_monsterinsights_sitenote_note":"","_monsterinsights_sitenote_category":0,"_uf_show_specific_survey":0,"_uf_disable_surveys":false},"product_brand":[],"product_cat":[514],"product_tag":[],"models":[],"years":[],"class_list":{"0":"post-57126","1":"product","2":"type-product","3":"status-publish","4":"has-post-thumbnail","6":"product_cat-buromobel","8":"first","9":"instock","10":"sale","11":"shipping-taxable","12":"purchasable","13":"product-type-simple"},"aioseo_notices":[],"acf":[],"_links":{"self":[{"href":"https:\/\/amannforg.com\/fr\/wp-json\/wp\/v2\/product\/57126","targetHints":{"allow":["GET"]}}],"collection":[{"href":"https:\/\/amannforg.com\/fr\/wp-json\/wp\/v2\/product"}],"about":[{"href":"https:\/\/amannforg.com\/fr\/wp-json\/wp\/v2\/types\/product"}],"replies":[{"embeddable":true,"href":"https:\/\/amannforg.com\/fr\/wp-json\/wp\/v2\/comments?post=57126"}],"version-history":[{"count":1,"href":"https:\/\/amannforg.com\/fr\/wp-json\/wp\/v2\/product\/57126\/revisions"}],"predecessor-version":[{"id":58381,"href":"https:\/\/amannforg.com\/fr\/wp-json\/wp\/v2\/product\/57126\/revisions\/58381"}],"wp:featuredmedia":[{"embeddable":true,"href":"https:\/\/amannforg.com\/fr\/wp-json\/wp\/v2\/media\/57143"}],"wp:attachment":[{"href":"https:\/\/amannforg.com\/fr\/wp-json\/wp\/v2\/media?parent=57126"}],"wp:term":[{"taxonomy":"product_brand","embeddable":true,"href":"https:\/\/amannforg.com\/fr\/wp-json\/wp\/v2\/product_brand?post=57126"},{"taxonomy":"product_cat","embeddable":true,"href":"https:\/\/amannforg.com\/fr\/wp-json\/wp\/v2\/product_cat?post=57126"},{"taxonomy":"product_tag","embeddable":true,"href":"https:\/\/amannforg.com\/fr\/wp-json\/wp\/v2\/product_tag?post=57126"},{"taxonomy":"models","embeddable":true,"href":"https:\/\/amannforg.com\/fr\/wp-json\/wp\/v2\/models?post=57126"},{"taxonomy":"years","embeddable":true,"href":"https:\/\/amannforg.com\/fr\/wp-json\/wp\/v2\/years?post=57126"}],"curies":[{"name":"wp","href":"https:\/\/api.w.org\/{rel}","templated":true}]}}