{"id":58026,"date":"2026-03-04T00:02:33","date_gmt":"2026-03-04T00:02:33","guid":{"rendered":"https:\/\/amannforg.com\/?post_type=product&#038;p=58026"},"modified":"2026-03-07T16:30:00","modified_gmt":"2026-03-07T16:30:00","slug":"fritzsmart-thermo-302-heizkorperregler-fur-avm-fritzbox-weis-5er-pack","status":"publish","type":"product","link":"https:\/\/amannforg.com\/fr\/produit\/fritzsmart-thermo-302-heizkorperregler-fur-avm-fritzbox-weis-5er-pack\/","title":{"rendered":"FRITZ!Smart Thermo 302 Heizk\u00f6rperregler f\u00fcr AVM FRITZ!Box wei\u00df, 5er Pack"},"content":{"rendered":"<div class=\"titlepage\">\n<h2 class=\"text-h3 mb-l\">FRITZ!Smart Thermo 302<\/h2>\n<\/div>\n<div class=\"article\">\n<div class=\"titlepage\">\n<h2 class=\"text-h3 mb-l\">\n<div class=\"titlepage\">\n<h2 class=\"text-h3 mb-l\"> <\/h2>\n<\/div>\n<p>Heizk\u00f6rperthermostat f\u00fcr FRITZ!Box wei\u00df 3er-Pack<\/h2>\n<\/div>\n<\/div>\n<p>FRITZ!Smart Thermo 302<\/p>\n<div class=\"article\"> im \u00dcberblick: <\/div>\n<div class=\"itemizedlist\">\n<ul class=\"bullet-list\">\n<li class=\"bullet-list-item\">\n<div class=\"article\">Intelligenter Heizk\u00f6rperregler f\u00fcr das FRITZ!Box-Heimnetz<\/div>\n<\/li>\n<\/ul>\n<\/div>\n<div class=\"itemizedlist\">\n<ul class=\"bullet-list\">\n<li class=\"bullet-list-item\">\n<div class=\"article\">Automatische und pr\u00e4zise Steuerung der Raumtemperatur mit gro\u00dfer Energieersparnis<\/div>\n<\/li>\n<\/ul>\n<\/div>\n<div class=\"itemizedlist\">\n<ul class=\"bullet-list\">\n<li class=\"bullet-list-item\">\n<div class=\"article\">Einfache Montage an allen g\u00e4ngigen Heizk\u00f6rperventilen mit Anschlussgewinde, zus\u00e4tzlicher Adapter vorhanden<\/div>\n<\/li>\n<\/ul>\n<\/div>\n<div class=\"itemizedlist\">\n<ul class=\"bullet-list\">\n<li class=\"bullet-list-item\">\n<div class=\"article\">Sehr gute Lesbarkeit der Anzeige und hohe Energieeffizienz durch E-Paper-Display<\/div>\n<\/li>\n<\/ul>\n<\/div>\n<div class=\"itemizedlist\">\n<ul class=\"bullet-list\">\n<li class=\"bullet-list-item\">\n<div class=\"article\">Individuelle Heizprofile programmierbar, Wochen-Zeitprogramm mit bis zu 8 Schaltpunkten pro Tag<\/div>\n<\/li>\n<\/ul>\n<\/div>\n<div class=\"itemizedlist\">\n<ul class=\"bullet-list\">\n<li class=\"bullet-list-item\">\n<div class=\"article\">Bequeme und intuitive Einrichtung \u00fcber die FRITZ!Box-Benutzeroberfl\u00e4che<\/div>\n<\/li>\n<\/ul>\n<\/div>\n<p class=\"mb-l\">\n<div class=\"article\">Komfortable Steuerung per PC, Notebook oder Tablet \u2013auch unterwegs mit der FRITZ!App Smart Home<\/div>\n<\/p>\n<div class=\"itemizedlist\">\n<ul class=\"bullet-list\">\n<li class=\"bullet-list-item\">\n<div class=\"article\">Manuelle Regelung der Raumtemperatur \u00fcber Tasten am Ger\u00e4t m\u00f6glich<\/div>\n<\/li>\n<\/ul>\n<\/div>\n<div class=\"itemizedlist\">\n<ul class=\"bullet-list\">\n<li class=\"bullet-list-item\">\n<div class=\"article\">Synchrone Steuerung mehrerer FRITZ!DECT 302 in einem Raum durch Gruppenfunktion<\/div>\n<\/li>\n<\/ul>\n<\/div>\n<div class=\"itemizedlist\">\n<ul class=\"bullet-list\">\n<li class=\"bullet-list-item\">\n<div class=\"article\">Nahtlose Kombination mit FRITZ!DECT 301 und FRITZ!DECT 300 m\u00f6glich<\/div>\n<\/li>\n<\/ul>\n<\/div>\n<div class=\"itemizedlist\">\n<ul class=\"bullet-list\">\n<li class=\"bullet-list-item\">\n<div class=\"article\">Einbindung ins Heimnetz \u00fcber werkseitig sicheren DECT ULE-Funk, bis zu 40m Funkreichweite<\/div>\n<\/li>\n<\/ul>\n<\/div>\n<div class=\"itemizedlist\">\n<ul class=\"bullet-list\">\n<li class=\"bullet-list-item\">\n<div class=\"article\">Intelligente Fenster-auf-Erkennung schlie\u00dft f\u00fcr festgelegten Zeitraum das Heizventil bei pl\u00f6tzlichem Temperaturabfall <\/div>\n<\/li>\n<\/ul>\n<\/div>\n<div class=\"itemizedlist\">\n<ul class=\"bullet-list\">\n<li class=\"bullet-list-item\">\n<div class=\"article\">\u201eFrostschutz-Funktion f\u00fcr schnelles Runterregeln und Boost-Funktion f\u00fcr schnelles Hochregeln der Raumtemperatur<\/div>\n<\/li>\n<\/ul>\n<\/div>\n<div class=\"itemizedlist\">\n<ul class=\"bullet-list\">\n<li class=\"bullet-list-item\">\n<div class=\"article\">Offset-Einstellung ber\u00fccksichtigt Temperaturunterschied am Heizk\u00f6rper und im restlichen Wohnraum<\/div>\n<\/li>\n<\/ul>\n<\/div>\n<div class=\"itemizedlist\">\n<ul class=\"bullet-list\">\n<li class=\"bullet-list-item\">\n<div class=\"article\">Komfortfunktionen wie Gruppenschaltung, Tastensperre, Kalkschutzfunktion, dedizierte Taste f\u00fcr Frostschutz- und Boost-Funktion<\/div>\n<\/li>\n<\/ul>\n<\/div>\n<div class=\"itemizedlist\">\n<ul class=\"bullet-list\">\n<li class=\"bullet-list-item\">\n<div class=\"article\">Aufzeichnung des Temperaturverlaufs der zur\u00fcckliegenden 24 Stunden<\/div>\n<\/li>\n<\/ul>\n<\/div>\n<div class=\"itemizedlist\">\n<ul class=\"bullet-list\">\n<li class=\"bullet-list-item\">\n<div class=\"article\">Push-Service informiert per Mail automatisch bei niedrigem Batteriestand oder bei einem Verbindungsabbruch<\/div>\n<\/li>\n<\/ul>\n<\/div>\n<div class=\"itemizedlist\">\n<ul class=\"bullet-list\">\n<li class=\"bullet-list-item\">\n<div class=\"article\">Kurzer Tastendruck der Men\u00fctaste f\u00fcr Aufrufen des Wochenzeitplans und Temperaturverlaufs am Display<\/div>\n<\/li>\n<\/ul>\n<\/div>\n<div class=\"itemizedlist\">\n<ul class=\"bullet-list\">\n<li class=\"bullet-list-item\">\n<div class=\"article\">Adaptiver Heizbeginn \u2013 Komforttemperatur zur gew\u00fcnschten Zeit dank automatischer Vorheizphase<\/div>\n<\/li>\n<\/ul>\n<\/div>\n<div class=\"itemizedlist\">\n<ul class=\"bullet-list\">\n<li class=\"bullet-list-item\">\n<div class=\"article\">Kurzes Funkintervall \u2013f\u00fcr eine schnelle Bedienung im Heimnetz, ideal im Zusammenspiel mit einem Fensterkontakt<\/div>\n<\/li>\n<\/ul>\n<\/div>\n<div class=\"itemizedlist\">\n<ul class=\"bullet-list\">\n<li class=\"bullet-list-item\">\n<div class=\"article\">Neue Leistungsmerkmale \u00fcber kostenloses Update verf\u00fcgbar<\/div>\n<\/li>\n<\/ul>\n<\/div>\n<div class=\"article\">\n<div class=\"formalpara\">\n<div class=\"titlepage\">\n<h2 class=\"text-h3 mb-l\">Der intelligente Heizk\u00f6rperregler f\u00fcrs Heimnetz<\/h2>\n<\/div><\/div>\n<\/div>\n<p class=\"mb-l\">\n<div class=\"article\">\n<div class=\"formalpara\">Der smarte Heizk\u00f6rperregler <\/div>\n<\/div>\n<p>FRITZ!Smart Thermo 302<\/p>\n<div class=\"article\">\n<div class=\"formalpara\"> regelt komfortabel die Raumtemperatur und hilft dabei Energie zu sparen. \u00dcber DECT ULE-Funk wird <\/div>\n<\/div>\n<p>FRITZ!Smart Thermo 302<\/p>\n<div class=\"article\">\n<div class=\"formalpara\"> an jede FRITZ!Box mit DECT-Basis angebunden und bequem \u00fcber Smartphone, Tablet, Notebook oder das FRITZ!Fon gesteuert. <\/div>\n<\/div>\n<p>FRITZ!Smart Thermo 302<\/p>\n<div class=\"article\">\n<div class=\"formalpara\"> l\u00e4sst sich an allen Heizk\u00f6rperventilen m\u00fchelos montieren und einrichten. Das scharfe E-Paper-Display und zahlreiche Komfortfunktionen wie Frostschutz-Funktion, Boost-Funktion, Fenster-auf-Erkennung, Tastensperre, Kalkschutz, Push-Service und kontinuierliche Updates machen <\/div>\n<\/div>\n<p>FRITZ!Smart Thermo 302<\/p>\n<div class=\"article\">\n<div class=\"formalpara\"> zur perfekten Erg\u00e4nzung im smarten Heimnetz.<\/div>\n<\/div>\n<div class=\"article\">\n<div class=\"formalpara\">\n<div class=\"titlepage\">\n<h2 class=\"text-h3 mb-l\">Heizprofil nach Ma\u00df<\/h2>\n<\/div><\/div>\n<\/div>\n<p class=\"mb-l\">FRITZ!Smart Thermo 302<\/p>\n<div class=\"article\">\n<div class=\"formalpara\"> wird per Tastendruck \u00fcber DECT-Funk mit der FRITZ!Box verbunden und \u00fcber die Benutzeroberfl\u00e4che der FRITZ!Box bequem eingerichtet. Die gew\u00fcnschte Komfort- und Absenktemperatur wird festgelegt und Wochentagen sowie Uhrzeiten zugewiesen. F\u00fcr besondere Zeitr\u00e4ume, z. B. Urlaube, k\u00f6nnen eigene Temperaturen konfiguriert werden. Mehrere <\/div>\n<\/div>\n<p>FRITZ!Smart Thermo 302<\/p>\n<div class=\"article\">\n<div class=\"formalpara\"> (sowie andere FRITZ!Smart Heizk\u00f6rperregler) k\u00f6nnen zu einer Gruppe zusammengefasst und so die Temperatur in mehreren R\u00e4umen oder der ganzen Wohnung synchron gesteuert werden. So l\u00e4sst sich spielend einfach ein individueller Heizrhythmus vorgeben und das Heizen effizient und komfortabel gestalten.<\/div>\n<\/div>\n<div class=\"article\">\n<div class=\"formalpara\">\n<div class=\"titlepage\">\n<h2 class=\"text-h3 mb-l\">Smarte Komfortfunktionen<\/h2>\n<\/div><\/div>\n<\/div>\n<p class=\"mb-l\">\n<div class=\"article\">\n<div class=\"formalpara\">Der smarte Heizk\u00f6rperregler erkennt anhand des pl\u00f6tzlichen Temperaturabfalls, wenn ein Fenster ge\u00f6ffnet wird. Dann schlie\u00dft das Ventil automatisch f\u00fcr einen zuvor festgelegten Zeitraum. Versehentliche manuelle \u00c4nderungen der Einstellungen k\u00f6nnen verhindert werden, denn die Tasten am <\/div>\n<\/div>\n<p>FRITZ!Smart Thermo 302<\/p>\n<div class=\"article\">\n<div class=\"formalpara\"> lassen sich sperren. Das kontraststarke E-Paper-Display erm\u00f6glicht auch in dunklen Ecken eine sehr gute Lesbarkeit der Anzeige. Das Display des <\/div>\n<\/div>\n<p>FRITZ!Smart Thermo 302<\/p>\n<div class=\"article\">\n<div class=\"formalpara\"> ist besonders energieeffizient, denn es wird nur bei Anzeige\u00e4nderungen aktiviert. Mit den drei mitgelieferten AA-Batterien ist eine lange Laufzeit des sparsamen Heizk\u00f6rperreglers gew\u00e4hrleistet. \u00dcber eine Dauer von mehreren Heizperioden ist ein Batteriewechsel nicht notwendig. Per Push-Mail-Funktion informiert <\/div>\n<\/div>\n<p>FRITZ!Smart Thermo 302<\/p>\n<div class=\"article\">\n<div class=\"formalpara\"> automatisch \u00fcber niedrigen Batteriestand oder meldet einen Verbindungsabbruch.<\/div>\n<\/div>\n<div class=\"article\">\n<div class=\"formalpara\">\n<div class=\"titlepage\">\n<h2 class=\"text-h3 mb-l\">Sicherer Zugriff auch von Unterwegs<\/h2>\n<\/div><\/div>\n<\/div>\n<p class=\"mb-l\">FRITZ!Smart Thermo 302<\/p>\n<div class=\"article\">\n<div class=\"formalpara\"> wird sicher und vor Fremdzugriff gesch\u00fctzt per DECT-ULE-Funk in das FRITZ!Box-Heimnetz eingebunden. Innerhalb der Wohnr\u00e4ume betr\u00e4gt der Funkradius bis zu 40 Meter. Mit der FRITZ!App Smart Home ist <\/div>\n<\/div>\n<p>FRITZ!Smart Thermo 302<\/p>\n<div class=\"article\">\n<div class=\"formalpara\"> auch von unterwegs erreichbar. So lassen sich Temperatureinstellungen spontan auf dem Nachhauseweg \u00e4ndern. Neue Leistungsmerkmale werden kontinuierlich per kostenlosem Update bereitgestellt.<\/div>\n<\/div>\n<li class=\"mb-m\">\n<div class=\"flex flex-col m:flex-row gap-s m:gap-xl\">\n<div class=\"text-h3 min-w-[244px] max-w-[244px]\">Kompatibilit\u00e4t<\/div>\n<div class=\"flex flex-col gap-s\"><span class=\"ml-3xs pl-[15px] relative before:absolute before:w-[8px] before:h-[8px] before:bg-dark before:top-[8px] before:left-0 before:rounded-full\"><span class=\"\">Kompatibilit\u00e4t mit anderen Systemen:<\/span><\/span><span class=\"ml-3xs pl-[15px] relative before:absolute before:w-[8px] before:h-[8px] before:bg-dark before:top-[8px] before:left-0 before:rounded-full\">works with AVM Fritzbox<\/span><\/div>\n<\/div>\n<\/li>\n<li class=\"mb-m\">\n<div class=\"flex flex-col m:flex-row gap-s m:gap-xl\">\n<div class=\"text-h3 min-w-[244px] max-w-[244px]\">Batterie<\/div>\n<div class=\"flex flex-col gap-s\"><span class=\"ml-3xs pl-[15px] relative before:absolute before:w-[8px] before:h-[8px] before:bg-dark before:top-[8px] before:left-0 before:rounded-full\">Mignon AA LR6<\/span><\/div>\n<\/div>\n<\/li>\n<li class=\"mb-m\">\n<div class=\"flex flex-col m:flex-row gap-s m:gap-xl\">\n<div class=\"text-h3 min-w-[244px] max-w-[244px]\">Einsatzbereich<\/div>\n<div class=\"flex flex-col gap-s\"><span class=\"ml-3xs pl-[15px] relative before:absolute before:w-[8px] before:h-[8px] before:bg-dark before:top-[8px] before:left-0 before:rounded-full\">innen<\/span><\/div>\n<\/div>\n<\/li>\n<li class=\"mb-m\">\n<div class=\"flex flex-col m:flex-row gap-s m:gap-xl\">\n<div class=\"text-h3 min-w-[244px] max-w-[244px]\">Features<\/div>\n<div class=\"flex flex-col gap-s\"><span class=\"\"><\/p>\n<div class=\"itemizedlist\">\n<ul class=\"flex flex-col gap-s\">\n<li class=\"ml-3xs pl-[15px] relative before:absolute before:w-[8px] before:h-[8px] before:bg-dark before:top-[8px] before:left-0 before:rounded-full\">Wochen-Zeitprogramm mit bis zu 8 Schaltpunkten pro Tag<\/li>\n<li class=\"ml-3xs pl-[15px] relative before:absolute before:w-[8px] before:h-[8px] before:bg-dark before:top-[8px] before:left-0 before:rounded-full\">Taste zur manuellen \u00c4nderung der Raumtemperatur<\/li>\n<li class=\"ml-3xs pl-[15px] relative before:absolute before:w-[8px] before:h-[8px] before:bg-dark before:top-[8px] before:left-0 before:rounded-full\">Urlaubsschaltung<\/li>\n<li class=\"ml-3xs pl-[15px] relative before:absolute before:w-[8px] before:h-[8px] before:bg-dark before:top-[8px] before:left-0 before:rounded-full\">Gruppenschaltung (Mehrere FRITZ!DECT 302 werden zu Gruppe \/Raum zusammengefasst)<\/li>\n<li class=\"ml-3xs pl-[15px] relative before:absolute before:w-[8px] before:h-[8px] before:bg-dark before:top-[8px] before:left-0 before:rounded-full\">Einstellbare Temperaturabweichung (Offset)<\/li>\n<li class=\"ml-3xs pl-[15px] relative before:absolute before:w-[8px] before:h-[8px] before:bg-dark before:top-[8px] before:left-0 before:rounded-full\">Aufzeichnen des Temperaturverlaufs der letzten 24 Stunden<\/li>\n<li class=\"ml-3xs pl-[15px] relative before:absolute before:w-[8px] before:h-[8px] before:bg-dark before:top-[8px] before:left-0 before:rounded-full\">Anzeige der gemessenen Temperatur sowie Einstellen der Soll-Temperatur \u00fcber FRITZ!Fon, die Benutzeroberfl\u00e4che der FRITZ!Box oder MyFRITZ!App<\/li>\n<li class=\"ml-3xs pl-[15px] relative before:absolute before:w-[8px] before:h-[8px] before:bg-dark before:top-[8px] before:left-0 before:rounded-full\">Push-Mail-Funktion informiert \u00fcber Funk-Verbindungsverlust und niedrigen Batteriestand<\/li>\n<li class=\"ml-3xs pl-[15px] relative before:absolute before:w-[8px] before:h-[8px] before:bg-dark before:top-[8px] before:left-0 before:rounded-full\">Intuitive Einrichtung im Browser \u00fcber die Benutzeroberfl\u00e4che der FRITZ!Box<\/li>\n<li class=\"ml-3xs pl-[15px] relative before:absolute before:w-[8px] before:h-[8px] before:bg-dark before:top-[8px] before:left-0 before:rounded-full\">Steuerung per PC, Notebook, Smartphone oder Tablet \u2013 auch unterwegs \u00fcber das Internet und die MyFRITZ!App<\/li>\n<li class=\"ml-3xs pl-[15px] relative before:absolute before:w-[8px] before:h-[8px] before:bg-dark before:top-[8px] before:left-0 before:rounded-full\">Konfigurierbare Fenster-offen-Erkennung<\/li>\n<li class=\"ml-3xs pl-[15px] relative before:absolute before:w-[8px] before:h-[8px] before:bg-dark before:top-[8px] before:left-0 before:rounded-full\">Tastensperre &#8211; separat f\u00fcr Heizk\u00f6rperregler und Fernzugriff<\/li>\n<li class=\"ml-3xs pl-[15px] relative before:absolute before:w-[8px] before:h-[8px] before:bg-dark before:top-[8px] before:left-0 before:rounded-full\">Kalkschutzfunktion<\/li>\n<li class=\"ml-3xs pl-[15px] relative before:absolute before:w-[8px] before:h-[8px] before:bg-dark before:top-[8px] before:left-0 before:rounded-full\">Frostschutz-Automatik<\/li>\n<li class=\"ml-3xs pl-[15px] relative before:absolute before:w-[8px] before:h-[8px] before:bg-dark before:top-[8px] before:left-0 before:rounded-full\">Einbindung ins Heimnetz \u00fcber DECT-Funk \u2013 ab Werk sicher verschl\u00fcsselt<\/li>\n<li class=\"ml-3xs pl-[15px] relative before:absolute before:w-[8px] before:h-[8px] before:bg-dark before:top-[8px] before:left-0 before:rounded-full\">Neue Leistungsmerkmale dank automatischer Update-Funktion<\/li>\n<\/ul>\n<\/div>\n<p><\/span><\/div>\n<\/div>\n<\/li>\n<li class=\"mb-m\">\n<div class=\"flex flex-col m:flex-row gap-s m:gap-xl\">\n<div class=\"text-h3 min-w-[244px] max-w-[244px]\">Ger\u00e4teeigenschaften<\/div>\n<div class=\"flex flex-col gap-s\"><span class=\"\"><\/p>\n<div class=\"itemizedlist\">\n<ul class=\"flex flex-col gap-s\">\n<li class=\"ml-3xs pl-[15px] relative before:absolute before:w-[8px] before:h-[8px] before:bg-dark before:top-[8px] before:left-0 before:rounded-full\">Abmessungen (B x H x T): 93 x 51 x 51 mm<\/li>\n<li class=\"ml-3xs pl-[15px] relative before:absolute before:w-[8px] before:h-[8px] before:bg-dark before:top-[8px] before:left-0 before:rounded-full\">Gewicht: 150 g<\/li>\n<li class=\"ml-3xs pl-[15px] relative before:absolute before:w-[8px] before:h-[8px] before:bg-dark before:top-[8px] before:left-0 before:rounded-full\">Batterien: 3 x AA\/Mignon\/LR6<\/li>\n<li class=\"ml-3xs pl-[15px] relative before:absolute before:w-[8px] before:h-[8px] before:bg-dark before:top-[8px] before:left-0 before:rounded-full\">Funkstandard: DECT ULE<\/li>\n<li class=\"ml-3xs pl-[15px] relative before:absolute before:w-[8px] before:h-[8px] before:bg-dark before:top-[8px] before:left-0 before:rounded-full\">Funkreichweite: bis zu 40 Meter in Geb\u00e4uden<\/li>\n<li class=\"ml-3xs pl-[15px] relative before:absolute before:w-[8px] before:h-[8px] before:bg-dark before:top-[8px] before:left-0 before:rounded-full\">Einsatzbereit bei einer Umgebungstemperatur von 0\u00b0C bis 50\u00b0C<\/li>\n<\/ul>\n<\/div>\n<p><\/span><\/div>\n<\/div>\n<\/li>\n<li class=\"mb-m\">\n<div class=\"flex flex-col m:flex-row gap-s m:gap-xl\">\n<div class=\"text-h3 min-w-[244px] max-w-[244px]\">Lieferumfang<\/div>\n<div class=\"flex flex-col gap-s\"><span class=\"\"><\/p>\n<div class=\"itemizedlist\">\n<ul class=\"flex flex-col gap-s\">\n<li class=\"ml-3xs pl-[15px] relative before:absolute before:w-[8px] before:h-[8px] before:bg-dark before:top-[8px] before:left-0 before:rounded-full\">FRITZ!DECT 302<\/li>\n<li class=\"ml-3xs pl-[15px] relative before:absolute before:w-[8px] before:h-[8px] before:bg-dark before:top-[8px] before:left-0 before:rounded-full\">Adapter f\u00fcr Danfoss RA<\/li>\n<li class=\"ml-3xs pl-[15px] relative before:absolute before:w-[8px] before:h-[8px] before:bg-dark before:top-[8px] before:left-0 before:rounded-full\">Batterien (3 x AA)<\/li>\n<li class=\"ml-3xs pl-[15px] relative before:absolute before:w-[8px] before:h-[8px] before:bg-dark before:top-[8px] before:left-0 before:rounded-full\">Installationsanleitung<\/li>\n<\/ul>\n<\/div>\n<p><\/span><\/div>\n<\/div>\n<\/li>\n<li class=\"mb-m\">\n<div class=\"flex flex-col m:flex-row gap-s m:gap-xl\">\n<div class=\"text-h3 min-w-[244px] max-w-[244px]\">Systemvorraussetzungen<\/div>\n<div class=\"flex flex-col gap-s\"><span class=\"\"><\/p>\n<div class=\"itemizedlist\">\n<ul class=\"flex flex-col gap-s\">\n<li class=\"ml-3xs pl-[15px] relative before:absolute before:w-[8px] before:h-[8px] before:bg-dark before:top-[8px] before:left-0 before:rounded-full\">FRITZ!Box mit DECT (Ausnahme FRITZ!Box 7312\/7412)<\/li>\n<li class=\"ml-3xs pl-[15px] relative before:absolute before:w-[8px] before:h-[8px] before:bg-dark before:top-[8px] before:left-0 before:rounded-full\">FRITZ!OS ab Version 6.83<\/li>\n<\/ul>\n<\/div>\n<p><\/span><\/div>\n<\/div>\n<\/li>\n","protected":false},"excerpt":{"rendered":"<li class=\"bullet-list-item\">der intelligente, programmierbare Energiespar-Regler<\/li>\n<li class=\"bullet-list-item\">Steuert automatisch und pr\u00e4zise die Raumtemperatur<\/li>\n<li class=\"bullet-list-item\">Hilft Energie einzusparen und damit bis zu 30 Prozent Heizkosten<\/li>\n<li class=\"bullet-list-item\">hochwertige Metall-R\u00e4ndelmutter zur Montage am Heizk\u00f6rper <\/li>\n<li class=\"bullet-list-item\">Besonders gute Ablesbarkeit durch sparsames E-Paper-Display<\/li>\n<p> Herstellernummer 5C51-00T_5ER<\/p>","protected":false},"featured_media":41757,"comment_status":"open","ping_status":"closed","template":"","meta":{"_monsterinsights_skip_tracking":false,"_monsterinsights_sitenote_active":false,"_monsterinsights_sitenote_note":"","_monsterinsights_sitenote_category":0,"_uf_show_specific_survey":0,"_uf_disable_surveys":false},"product_brand":[],"product_cat":[371],"product_tag":[],"models":[],"years":[],"class_list":{"0":"post-58026","1":"product","2":"type-product","3":"status-publish","4":"has-post-thumbnail","6":"product_cat-raumklima-zeit","8":"first","9":"instock","10":"sale","11":"shipping-taxable","12":"purchasable","13":"product-type-simple"},"aioseo_notices":[],"acf":[],"_links":{"self":[{"href":"https:\/\/amannforg.com\/fr\/wp-json\/wp\/v2\/product\/58026","targetHints":{"allow":["GET"]}}],"collection":[{"href":"https:\/\/amannforg.com\/fr\/wp-json\/wp\/v2\/product"}],"about":[{"href":"https:\/\/amannforg.com\/fr\/wp-json\/wp\/v2\/types\/product"}],"replies":[{"embeddable":true,"href":"https:\/\/amannforg.com\/fr\/wp-json\/wp\/v2\/comments?post=58026"}],"version-history":[{"count":1,"href":"https:\/\/amannforg.com\/fr\/wp-json\/wp\/v2\/product\/58026\/revisions"}],"predecessor-version":[{"id":58027,"href":"https:\/\/amannforg.com\/fr\/wp-json\/wp\/v2\/product\/58026\/revisions\/58027"}],"wp:featuredmedia":[{"embeddable":true,"href":"https:\/\/amannforg.com\/fr\/wp-json\/wp\/v2\/media\/41757"}],"wp:attachment":[{"href":"https:\/\/amannforg.com\/fr\/wp-json\/wp\/v2\/media?parent=58026"}],"wp:term":[{"taxonomy":"product_brand","embeddable":true,"href":"https:\/\/amannforg.com\/fr\/wp-json\/wp\/v2\/product_brand?post=58026"},{"taxonomy":"product_cat","embeddable":true,"href":"https:\/\/amannforg.com\/fr\/wp-json\/wp\/v2\/product_cat?post=58026"},{"taxonomy":"product_tag","embeddable":true,"href":"https:\/\/amannforg.com\/fr\/wp-json\/wp\/v2\/product_tag?post=58026"},{"taxonomy":"models","embeddable":true,"href":"https:\/\/amannforg.com\/fr\/wp-json\/wp\/v2\/models?post=58026"},{"taxonomy":"years","embeddable":true,"href":"https:\/\/amannforg.com\/fr\/wp-json\/wp\/v2\/years?post=58026"}],"curies":[{"name":"wp","href":"https:\/\/api.w.org\/{rel}","templated":true}]}}