{"id":58030,"date":"2026-03-04T00:02:37","date_gmt":"2026-03-04T00:02:37","guid":{"rendered":"https:\/\/amannforg.com\/?post_type=product&#038;p=58030"},"modified":"2026-03-13T11:42:30","modified_gmt":"2026-03-13T11:42:30","slug":"eve-light-switch-smarter-lichtschalter-apple-homekit-technologie-thread-4er","status":"publish","type":"product","link":"https:\/\/amannforg.com\/fr\/produit\/eve-light-switch-smarter-lichtschalter-apple-homekit-technologie-thread-4er\/","title":{"rendered":"Eve Light Switch &#8211; Smarter Lichtschalter Apple HomeKit-Technologie &#038; Thread, 4er"},"content":{"rendered":"<div class=\"article\">\n<div class=\"titlepage\">\n<h2 class=\"text-h3 mb-l\">Eve Light Switch &#8211; smarter Lichtschalter f\u00fcr Apple Homekit<\/h2>\n<\/div><\/div>\n<div class=\"article\">\n<div class=\"formalpara\">\n<div class=\"titlepage\">\n<h2 class=\"text-h3 mb-l\"><span class=\"bold\">HIGHLIGHTS<\/span> <\/h2>\n<\/div><\/div>\n<\/div>\n<p class=\"mb-l\">\n<div class=\"article\">\n<div class=\"formalpara\"> <\/div>\n<\/div>\n<div class=\"itemizedlist\">\n<ul class=\"bullet-list\">\n<li class=\"bullet-list-item\">\n<div class=\"article\">Verwandle deine bestehenden Leuchten in ein intelligentes Beleuchtungssystem, und schalte sie per App, Siri oder am Schalter selbst ein und aus<\/div>\n<\/li>\n<\/ul>\n<\/div>\n<div class=\"article\"> <\/div>\n<div class=\"itemizedlist\">\n<ul class=\"bullet-list\">\n<li class=\"bullet-list-item\">\n<div class=\"article\">Speichere m\u00fchelos Zeitpl\u00e4ne auf Eve Light Switch, die deine Leuchten unabh\u00e4ngig vom iPhone und Heimnetz automatisch schalten<\/div>\n<\/li>\n<\/ul>\n<\/div>\n<div class=\"article\"> <\/div>\n<div class=\"itemizedlist\">\n<ul class=\"bullet-list\">\n<li class=\"bullet-list-item\">\n<div class=\"article\">Steuere \u00fcber Szenen zeitgleich weitere Apple HomeKit-f\u00e4hige Ger\u00e4te, auch von unterwegs oder nach Anwesenheit \u2013 dank HomePod, HomePod mini oder Apple TV als Steuerzentrale <\/div>\n<\/li>\n<\/ul>\n<\/div>\n<div class=\"article\"> <\/div>\n<div class=\"itemizedlist\">\n<ul class=\"bullet-list\">\n<li class=\"bullet-list-item\">\n<div class=\"article\">F\u00fcr R\u00e4ume mit einfacher, Wechsel- oder Kreuzschaltung: Der Austausch eines Schalters innerhalb der Lichtschalterkombination reicht aus <\/div>\n<\/li>\n<\/ul>\n<\/div>\n<div class=\"article\"> <\/div>\n<div class=\"itemizedlist\">\n<ul class=\"bullet-list\">\n<li class=\"bullet-list-item\">\n<div class=\"article\">Inklusive 55er-Schalterplatte und -Rahmen \/ Eve Light Switch und die mitgelieferte Schalterplatte lassen sich bei Bedarf in einen vorhandenen 55er-Einzel- oder Mehrfachrahmen integrieren \/ Passende Schalterplatten und Rahmen f\u00fcr andere Schalterprogramme lassen sich nachkaufen <\/div>\n<\/li>\n<\/ul>\n<\/div>\n<div class=\"article\"> <\/div>\n<div class=\"itemizedlist\">\n<ul class=\"bullet-list\">\n<li class=\"bullet-list-item\">\n<div class=\"article\">Integriert sich automatisch in dein Thread-Netzwerk und verbessert als Thread-Knotenpunkt Stabilit\u00e4t und Reichweite deines Smart Home \/ unterst\u00fctzt Bluetooth und Thread \/ ohne Bridge oder Gateway <\/div>\n<\/li>\n<\/ul>\n<\/div>\n<div class=\"article\"> <\/div>\n<div class=\"itemizedlist\">\n<ul class=\"bullet-list\">\n<li class=\"bullet-list-item\">\n<div class=\"article\">HomeKit-Unterst\u00fctzung f\u00fcr herausragenden Bedienkomfort und hohe Sicherheit<\/div>\n<\/li>\n<\/ul>\n<\/div>\n<div class=\"article\"> <\/div>\n<div class=\"itemizedlist\">\n<ul class=\"bullet-list\">\n<li class=\"bullet-list-item\">\n<div class=\"article\">Strengster Datenschutz: keine Eve-Cloud, keine Registrierung und kein Tracking. Lokale Prozesse und Kommunikation, ohne Bridge oder Cloud-Abh\u00e4ngigkeit.<\/div>\n<\/li>\n<\/ul>\n<\/div>\n<div class=\"article\"> <\/div>\n<p class=\"mb-l\">\n<div class=\"article\"> <\/div>\n<\/p>\n<div class=\"article\">\n<div class=\"formalpara\">\n<div class=\"titlepage\">\n<h2 class=\"text-h3 mb-l\">TECHNISCHE SPEZIFIKATIONEN<\/h2>\n<\/div><\/div>\n<\/div>\n<p class=\"mb-l\">\n<div class=\"article\">\n<div class=\"formalpara\"> <\/div>\n<\/div>\n<p class=\"mb-l\">\n<div class=\"article\"><span class=\"bold\">Voraussetzungen<\/span><\/div>\n<\/p>\n<p class=\"mb-l\">\n<div class=\"article\"> <\/div>\n<\/p>\n<div class=\"itemizedlist\">\n<ul class=\"bullet-list\">\n<li class=\"bullet-list-item\">\n<div class=\"article\">iPhone oder iPad mit der neuesten Version von iOS\/iPadOS 14<\/div>\n<\/li>\n<\/ul>\n<\/div>\n<div class=\"article\"> <\/div>\n<div class=\"itemizedlist\">\n<ul class=\"bullet-list\">\n<li class=\"bullet-list-item\">\n<div class=\"article\">Automation und die Steuerung dieses HomeKit-f\u00e4higen Ger\u00e4ts von unterwegs aus erfordern einen HomePod oder ein Apple TV (4. Generation oder neuer) als Steuerzentrale<\/div>\n<\/li>\n<\/ul>\n<\/div>\n<div class=\"article\"> <\/div>\n<p class=\"mb-l\">\n<div class=\"article\"> <\/div>\n<\/p>\n<p class=\"mb-l\">\n<div class=\"article\"><span class=\"bold\">Technische Daten<\/span> <\/div>\n<\/p>\n<p class=\"mb-l\">\n<div class=\"article\"> <\/div>\n<\/p>\n<p class=\"mb-l\">\n<div class=\"article\"><span class=\"bold\">Stromversorgung<\/span> <\/div>\n<\/p>\n<div class=\"itemizedlist\">\n<ul class=\"bullet-list\">\n<li class=\"bullet-list-item\">\n<div class=\"article\">Eingang: 230 V~ 50 \/ 60 Hz <\/div>\n<\/li>\n<li class=\"bullet-list-item\">\n<div class=\"article\">Max. 5 A \/ 1150 W<\/div>\n<\/li>\n<\/ul>\n<\/div>\n<p class=\"mb-l\">\n<div class=\"article\"> <\/div>\n<\/p>\n<p class=\"mb-l\">\n<div class=\"article\"><span class=\"bold\">Funkverbindung<\/span> <\/div>\n<\/p>\n<div class=\"itemizedlist\">\n<ul class=\"bullet-list\">\n<li class=\"bullet-list-item\">\n<div class=\"article\">Bluetooth, Thread<\/div>\n<\/li>\n<\/ul>\n<\/div>\n<div class=\"article\"> <\/div>\n<p class=\"mb-l\">\n<div class=\"article\"><span class=\"bold\">Abmessungen <\/span> <\/div>\n<\/p>\n<p class=\"mb-l\">\n<div class=\"article\">85 x 85 x 41 mm<\/div>\n<\/p>\n<p class=\"mb-l\">\n<div class=\"article\"> <\/div>\n<\/p>\n<p class=\"mb-l\">\n<div class=\"article\"><span class=\"bold\">Kompatibilit\u00e4t<\/span><\/div>\n<\/p>\n<p class=\"mb-l\">\n<div class=\"article\"> <\/div>\n<\/p>\n<div class=\"itemizedlist\">\n<ul class=\"bullet-list\">\n<li class=\"bullet-list-item\">\n<div class=\"article\">Eve Light Switch ben\u00f6tigt einen Nullleiter. Nur f\u00fcr den Einsatz mit Kupfer- oder Kupfermanteldraht im trockenen Innenbereich geeignet.<\/div>\n<\/li>\n<\/ul>\n<\/div>\n<div class=\"article\"> <\/div>\n<p class=\"mb-l\">\n<div class=\"article\">Bestehende Schalterplatten sind nicht mit Eve Light Switch kompatibel.<\/div>\n<\/p>\n<p class=\"mb-l\">\n<div class=\"article\"> <\/div>\n<\/p>\n<p class=\"mb-l\">\n<div class=\"article\"><span class=\"bold\">Lieferumfang<\/span><\/div>\n<\/p>\n<p class=\"mb-l\">\n<div class=\"article\"> <\/div>\n<\/p>\n<div class=\"itemizedlist\">\n<ul class=\"bullet-list\">\n<li class=\"bullet-list-item\">\n<div class=\"article\">Eve Light Switch, Montageplatte, Schalterabdeckung, Montagematerial<\/div>\n<\/li>\n<\/ul>\n<\/div>\n<div class=\"article\"> <\/div>\n<li class=\"mb-m\">\n<div class=\"flex flex-col m:flex-row gap-s m:gap-xl\">\n<div class=\"text-h3 min-w-[244px] max-w-[244px]\">Anwenderklasse<\/div>\n<div class=\"flex flex-col gap-s\"><span class=\"ml-3xs pl-[15px] relative before:absolute before:w-[8px] before:h-[8px] before:bg-dark before:top-[8px] before:left-0 before:rounded-full\">Fortgeschrittene<\/span><\/div>\n<\/div>\n<\/li>\n<li class=\"mb-m\">\n<div class=\"flex flex-col m:flex-row gap-s m:gap-xl\">\n<div class=\"text-h3 min-w-[244px] max-w-[244px]\">Einsatzgebiet<\/div>\n<div class=\"flex flex-col gap-s\"><span class=\"ml-3xs pl-[15px] relative before:absolute before:w-[8px] before:h-[8px] before:bg-dark before:top-[8px] before:left-0 before:rounded-full\">innen<\/span><\/div>\n<\/div>\n<\/li>\n<li class=\"mb-m\">\n<div class=\"flex flex-col m:flex-row gap-s m:gap-xl\">\n<div class=\"text-h3 min-w-[244px] max-w-[244px]\">Funkprotokoll<\/div>\n<div class=\"flex flex-col gap-s\"><span class=\"ml-3xs pl-[15px] relative before:absolute before:w-[8px] before:h-[8px] before:bg-dark before:top-[8px] before:left-0 before:rounded-full\">Funk;Bluetooth<\/span><\/div>\n<\/div>\n<\/li>\n<li class=\"mb-m\">\n<div class=\"flex flex-col m:flex-row gap-s m:gap-xl\">\n<div class=\"text-h3 min-w-[244px] max-w-[244px]\">Garantie<\/div>\n<div class=\"flex flex-col gap-s\"><span class=\"ml-3xs pl-[15px] relative before:absolute before:w-[8px] before:h-[8px] before:bg-dark before:top-[8px] before:left-0 before:rounded-full\">2 Jahre<\/span><\/div>\n<\/div>\n<\/li>\n<li class=\"mb-m\">\n<div class=\"flex flex-col m:flex-row gap-s m:gap-xl\">\n<div class=\"text-h3 min-w-[244px] max-w-[244px]\">Produkttyp<\/div>\n<div class=\"flex flex-col gap-s\"><span class=\"ml-3xs pl-[15px] relative before:absolute before:w-[8px] before:h-[8px] before:bg-dark before:top-[8px] before:left-0 before:rounded-full\">Zubeh\u00f6r<\/span><\/div>\n<\/div>\n<\/li>\n<li class=\"mb-m\">\n<div class=\"flex flex-col m:flex-row gap-s m:gap-xl\">\n<div class=\"text-h3 min-w-[244px] max-w-[244px]\">Smart Home Kategorie<\/div>\n<div class=\"flex flex-col gap-s\"><span class=\"ml-3xs pl-[15px] relative before:absolute before:w-[8px] before:h-[8px] before:bg-dark before:top-[8px] before:left-0 before:rounded-full\">Licht;Komfort<\/span><\/div>\n<\/div>\n<\/li>\n<li class=\"mb-m\">\n<div class=\"flex flex-col m:flex-row gap-s m:gap-xl\">\n<div class=\"text-h3 min-w-[244px] max-w-[244px]\">Inhalt<\/div>\n<div class=\"flex flex-col gap-s\"><span class=\"ml-3xs pl-[15px] relative before:absolute before:w-[8px] before:h-[8px] before:bg-dark before:top-[8px] before:left-0 before:rounded-full\">4 St\u00fcck<\/span><\/div>\n<\/div>\n<\/li>\n","protected":false},"excerpt":{"rendered":"<li class=\"bullet-list-item\">Autonome Zeitpl\u00e4ne<\/li>\n<li class=\"bullet-list-item\">Siri-Sprachsteuerung <\/li>\n<li class=\"bullet-list-item\">Szenen aktivieren <\/li>\n<li class=\"bullet-list-item\">Verbund mit bestehenden Schaltern <\/li>\n<li class=\"bullet-list-item\">Bluetooth &amp; Thread <\/li>\n<p> Herstellernummer 5C44-04N_4ER<\/p>","protected":false},"featured_media":41767,"comment_status":"open","ping_status":"closed","template":"","meta":{"_monsterinsights_skip_tracking":false,"_monsterinsights_sitenote_active":false,"_monsterinsights_sitenote_note":"","_monsterinsights_sitenote_category":0,"_uf_show_specific_survey":0,"_uf_disable_surveys":false},"product_brand":[],"product_cat":[371],"product_tag":[],"models":[],"years":[],"class_list":{"0":"post-58030","1":"product","2":"type-product","3":"status-publish","4":"has-post-thumbnail","6":"product_cat-raumklima-zeit","8":"first","9":"instock","10":"sale","11":"featured","12":"shipping-taxable","13":"purchasable","14":"product-type-simple"},"aioseo_notices":[],"acf":[],"_links":{"self":[{"href":"https:\/\/amannforg.com\/fr\/wp-json\/wp\/v2\/product\/58030","targetHints":{"allow":["GET"]}}],"collection":[{"href":"https:\/\/amannforg.com\/fr\/wp-json\/wp\/v2\/product"}],"about":[{"href":"https:\/\/amannforg.com\/fr\/wp-json\/wp\/v2\/types\/product"}],"replies":[{"embeddable":true,"href":"https:\/\/amannforg.com\/fr\/wp-json\/wp\/v2\/comments?post=58030"}],"version-history":[{"count":1,"href":"https:\/\/amannforg.com\/fr\/wp-json\/wp\/v2\/product\/58030\/revisions"}],"predecessor-version":[{"id":58031,"href":"https:\/\/amannforg.com\/fr\/wp-json\/wp\/v2\/product\/58030\/revisions\/58031"}],"wp:featuredmedia":[{"embeddable":true,"href":"https:\/\/amannforg.com\/fr\/wp-json\/wp\/v2\/media\/41767"}],"wp:attachment":[{"href":"https:\/\/amannforg.com\/fr\/wp-json\/wp\/v2\/media?parent=58030"}],"wp:term":[{"taxonomy":"product_brand","embeddable":true,"href":"https:\/\/amannforg.com\/fr\/wp-json\/wp\/v2\/product_brand?post=58030"},{"taxonomy":"product_cat","embeddable":true,"href":"https:\/\/amannforg.com\/fr\/wp-json\/wp\/v2\/product_cat?post=58030"},{"taxonomy":"product_tag","embeddable":true,"href":"https:\/\/amannforg.com\/fr\/wp-json\/wp\/v2\/product_tag?post=58030"},{"taxonomy":"models","embeddable":true,"href":"https:\/\/amannforg.com\/fr\/wp-json\/wp\/v2\/models?post=58030"},{"taxonomy":"years","embeddable":true,"href":"https:\/\/amannforg.com\/fr\/wp-json\/wp\/v2\/years?post=58030"}],"curies":[{"name":"wp","href":"https:\/\/api.w.org\/{rel}","templated":true}]}}